{"id":10721,"date":"2023-05-05T10:26:15","date_gmt":"2023-05-05T10:26:15","guid":{"rendered":"https:\/\/geemarc.com\/fr\/?post_type=product&#038;p=10721"},"modified":"2023-05-16T09:01:57","modified_gmt":"2023-05-16T09:01:57","slug":"cl610","status":"publish","type":"product","link":"https:\/\/geemarc.com\/fr\/product\/cl610\/","title":{"rendered":"CL610"},"content":{"rendered":"<p><strong>APPELER\/R\u00c9PONDRE<\/strong><\/p>\n<ul>\n<li>Compatible appareil auditif<\/li>\n<li>R\u00e9pertoire : 30 num\u00e9ros<\/li>\n<li>3 m\u00e9moires directes avec photo<\/li>\n<li>Volume de reception r\u00e9glable jusqu\u2019\u00e0 40dB<\/li>\n<li>Tonalit\u00e9 de reception r\u00e9glable<\/li>\n<li>Indicateur de nouvel appel par LED et ic\u00f4ne<\/li>\n<li>Mains libres avec indicateur LED<\/li>\n<li>Touche Amplification avec indicateur LED<\/li>\n<li>Flash (100 \/ 300 \/ 600 Ms)<\/li>\n<li>Touche Pause \/ Bis (5 derniers num\u00e9ros compos\u00e9s)<\/li>\n<li>Touche R\u00e9pertoire<\/li>\n<li>Touche Muet (appuyer et maintenir)<\/li>\n<li>Touche Supprimer<\/li>\n<\/ul>\n<p><strong>\u00c9CRAN LCD<\/strong><\/p>\n<ul>\n<li>\u00c9cran r\u00e9tro-\u00e9clair\u00e9 blanc<\/li>\n<li>Large \u00e9cran : 80*34mm-3 lignes<\/li>\n<li>14 num\u00e9ros digitaux, 16 lettres<\/li>\n<li>S\u00e9lection entre 6 langues : Anglais, Fran\u00e7ais, Allemand, Italien, Espagnol et N\u00e9erlandais<\/li>\n<li>Menu navigation<\/li>\n<li>R\u00e9glage du contraste<\/li>\n<li>Horodatage (affichage 24H)<\/li>\n<li>Indication du temps de communication<\/li>\n<\/ul>\n<p>&nbsp;<\/p>\n<p><strong>GUIDE VOCAL<\/strong><\/p>\n<ul>\n<li>Aide vocal \u00e0 la num\u00e9rotation<\/li>\n<\/ul>\n<p><strong>INDENTIFICATION D\u2019APPEL<\/strong><\/p>\n<ul>\n<li>Par un nom (enregistrable) ou num\u00e9ros vocaux<\/li>\n<li>M\u00e9moire permanente des 64 derniers appels re\u00e7us (heure\/jour de l&#8217;appel)<\/li>\n<\/ul>\n<p><strong>T\u00c9L\u00c9COMMANDE SOS<\/strong><\/p>\n<ul>\n<li>T\u00e9l\u00e9commande SOS \u00e9tanche 433MHz : contr\u00f4le par une seule touche avec indicateur LED<\/li>\n<li>Jusqu\u2019\u00e0 30 num\u00e9rotations d&#8217;urgence \u00e0 programmer<\/li>\n<li>Permet la prise de ligne en mode mains libres \u00e0 distance et de raccrocher<\/li>\n<li>Annonce SOS vocale personnalisable<\/li>\n<\/ul>\n<p>&nbsp;<\/p>\n<div id=\"threesixty-slider-10677_Q3PDCB\" class=\"threesixty-loading threesixty-image threesixty-dark-blue threesixty-vintage threesixty-no-border\" style=\"width: 800px;\">\r\n\t<div class=\"threesixty-preview-10677_Q3PDCB\"><img class=\"threesixty-preview-image\" src=\"https:\/\/geemarc.com\/fr\/wp-content\/uploads\/sites\/3\/2023\/05\/DSC_0533.jpg\"\/><\/div>\r\n\t<div class=\"threesixty-spinner threesixty-spinner-10677_Q3PDCB\">\r\n\t\t<span>0%<\/span>\r\n\t<\/div>\r\n\t<ol class=\"threesixty-images threesixty-images-10677_Q3PDCB\"><\/ol>\r\n\t\t\t<a href=\"#threesixty-slider-10677_Q3PDCB\" class=\"threesixty-mfp-anchor\"><\/a>\r\n\t<\/div>\r\n<!--SPV--><script type=\"text\/javascript\">\/\/SPV\r\n(function($) {\r\n\t\t$('#threesixty-slider-10677_Q3PDCB .threesixty-mfp-anchor').magnificPopup({\r\n\t\ttype:'inline',\r\n\t\tcloseOnBgClick: true,\r\n\t\tmidClick: true,\r\n\t\t\/\/removalDelay: 300,\r\n  \t\t\/\/mainClass: 'mfp-fade',\r\n\t\tcallbacks: {\r\n\t\t\t resize: function() {\r\n\t\t\t \tvar originalHeight \t= 595,\r\n\t\t\t \t\toriginalWidth \t= 800,\r\n\t\t\t \t\tmfpHeight \t\t= 595,\r\n\t\t\t \t\tmfpWidth \t\t= 800,\r\n\t\t\t \t\tratio \t\t\t= originalWidth \/ originalHeight,\r\n\t\t\t \t\twinHeight \t\t= $(window).height(),\r\n\t\t\t \t\twinWidth \t\t= $(window).width();\r\n\t\t\t \t\r\n\t\t\t \tif ( originalHeight > winHeight * 0.9 ) {\r\n\t\t\t \t\tmfpHeight \t\t= winHeight * 0.9;\r\n\t\t\t \t\tmfpWidth \t\t= mfpHeight * ratio;\r\n\t\t\t\t}\r\n\t\t\t\tif ( mfpWidth > winWidth * 0.9 ) {\r\n\t\t\t \t\tmfpWidth \t\t= winWidth * 0.9;\r\n\t\t\t \t\tmfpHeight \t\t= mfpWidth \/ ratio;\r\n\t\t\t\t}\r\n\t\t\t \tif ( mfpHeight < originalHeight && mfpWidth < originalWidth ) {\r\n\t\t\t\t    $('#threesixty-slider-10677_Q3PDCB').height(mfpHeight);\r\n\t\t\t\t    $('#threesixty-slider-10677_Q3PDCB').width(mfpWidth);\r\n\t\t\t\t} \r\n\t\t\t\telse {\r\n\t\t\t\t    $('#threesixty-slider-10677_Q3PDCB').height(originalHeight);\r\n\t\t\t\t    $('#threesixty-slider-10677_Q3PDCB').width(originalWidth);\r\n\t\t\t\t}\r\n\t\t\t},\r\n\t\t\tclose: function() {\r\n\t\t\t    $('#threesixty-slider-10677_Q3PDCB').height('auto');\r\n\t\t\t    $('#threesixty-slider-10677_Q3PDCB').width(800);\r\n\t\t\t}\r\n\t\t},\r\n\t\tcloseMarkup :\"<button class=\\\"mfp-close\\\"><\/button>\"\r\n\t});\r\n\t\tvar product_10677_Q3PDCB = $('#threesixty-slider-10677_Q3PDCB').ThreeSixty({\r\n\t\ttotalFrames: 36,\r\n\t\tendFrame: 0,\r\n\t\tcurrentFrame: 36,\r\n\t\timgList: '.threesixty-images-10677_Q3PDCB',\r\n\t\tprogress: '.threesixty-spinner-10677_Q3PDCB',\r\n\t\tpreview: '.threesixty-preview-10677_Q3PDCB',\r\n\t\timages: ['https:\/\/geemarc.com\/fr\/wp-content\/uploads\/sites\/3\/2023\/05\/DSC_0532.jpg','https:\/\/geemarc.com\/fr\/wp-content\/uploads\/sites\/3\/2023\/05\/DSC_0531.jpg','https:\/\/geemarc.com\/fr\/wp-content\/uploads\/sites\/3\/2023\/05\/DSC_0530.jpg','https:\/\/geemarc.com\/fr\/wp-content\/uploads\/sites\/3\/2023\/05\/DSC_0529.jpg','https:\/\/geemarc.com\/fr\/wp-content\/uploads\/sites\/3\/2023\/05\/DSC_0528.jpg','https:\/\/geemarc.com\/fr\/wp-content\/uploads\/sites\/3\/2023\/05\/DSC_0527.jpg','https:\/\/geemarc.com\/fr\/wp-content\/uploads\/sites\/3\/2023\/05\/DSC_0526.jpg','https:\/\/geemarc.com\/fr\/wp-content\/uploads\/sites\/3\/2023\/05\/DSC_0525.jpg','https:\/\/geemarc.com\/fr\/wp-content\/uploads\/sites\/3\/2023\/05\/DSC_0524.jpg','https:\/\/geemarc.com\/fr\/wp-content\/uploads\/sites\/3\/2023\/05\/DSC_0523.jpg','https:\/\/geemarc.com\/fr\/wp-content\/uploads\/sites\/3\/2023\/05\/DSC_0522.jpg','https:\/\/geemarc.com\/fr\/wp-content\/uploads\/sites\/3\/2023\/05\/DSC_0557.jpg','https:\/\/geemarc.com\/fr\/wp-content\/uploads\/sites\/3\/2023\/05\/DSC_0556.jpg','https:\/\/geemarc.com\/fr\/wp-content\/uploads\/sites\/3\/2023\/05\/DSC_0555.jpg','https:\/\/geemarc.com\/fr\/wp-content\/uploads\/sites\/3\/2023\/05\/DSC_0554.jpg','https:\/\/geemarc.com\/fr\/wp-content\/uploads\/sites\/3\/2023\/05\/DSC_0553.jpg','https:\/\/geemarc.com\/fr\/wp-content\/uploads\/sites\/3\/2023\/05\/DSC_0552.jpg','https:\/\/geemarc.com\/fr\/wp-content\/uploads\/sites\/3\/2023\/05\/DSC_0551.jpg','https:\/\/geemarc.com\/fr\/wp-content\/uploads\/sites\/3\/2023\/05\/DSC_0550.jpg','https:\/\/geemarc.com\/fr\/wp-content\/uploads\/sites\/3\/2023\/05\/DSC_0549.jpg','https:\/\/geemarc.com\/fr\/wp-content\/uploads\/sites\/3\/2023\/05\/DSC_0548.jpg','https:\/\/geemarc.com\/fr\/wp-content\/uploads\/sites\/3\/2023\/05\/DSC_0547.jpg','https:\/\/geemarc.com\/fr\/wp-content\/uploads\/sites\/3\/2023\/05\/DSC_0546.jpg','https:\/\/geemarc.com\/fr\/wp-content\/uploads\/sites\/3\/2023\/05\/DSC_0545.jpg','https:\/\/geemarc.com\/fr\/wp-content\/uploads\/sites\/3\/2023\/05\/DSC_0544.jpg','https:\/\/geemarc.com\/fr\/wp-content\/uploads\/sites\/3\/2023\/05\/DSC_0543.jpg','https:\/\/geemarc.com\/fr\/wp-content\/uploads\/sites\/3\/2023\/05\/DSC_0542.jpg','https:\/\/geemarc.com\/fr\/wp-content\/uploads\/sites\/3\/2023\/05\/DSC_0541.jpg','https:\/\/geemarc.com\/fr\/wp-content\/uploads\/sites\/3\/2023\/05\/DSC_0540.jpg','https:\/\/geemarc.com\/fr\/wp-content\/uploads\/sites\/3\/2023\/05\/DSC_0539.jpg','https:\/\/geemarc.com\/fr\/wp-content\/uploads\/sites\/3\/2023\/05\/DSC_0538.jpg','https:\/\/geemarc.com\/fr\/wp-content\/uploads\/sites\/3\/2023\/05\/DSC_0537.jpg','https:\/\/geemarc.com\/fr\/wp-content\/uploads\/sites\/3\/2023\/05\/DSC_0536.jpg','https:\/\/geemarc.com\/fr\/wp-content\/uploads\/sites\/3\/2023\/05\/DSC_0535.jpg','https:\/\/geemarc.com\/fr\/wp-content\/uploads\/sites\/3\/2023\/05\/DSC_0534.jpg','https:\/\/geemarc.com\/fr\/wp-content\/uploads\/sites\/3\/2023\/05\/DSC_0533.jpg'],\r\n\t\theight: 0,\r\n\t\twidth: 800,\r\n\t\tnavigation: true,\r\n\t\tdrag: true,\r\n\t\tshowCursor: true,\r\n\t\tinterval: 120,\r\n\t\tspeedMultiplier: 3,\r\n\t\t\t\tstartAutoplay: true,\r\n\t\t\t\tonReady: function() {\r\n\t\t\t$(\"#threesixty-slider-10677_Q3PDCB\").removeClass('threesixty-loading');\r\n\t\t\t\t\t\tproduct_10677_Q3PDCB.play();\r\n\t\t\t\t\t\t\t\t}\r\n\t\t\t});\r\n\t\t\t}(jQuery));\r\n<\/script>\n<div class=\"success p-tmpl-wrap primary-background\">\n<p><img class=\"p1\" src=\"https:\/\/geemarc.com\/uk\/wp-content\/uploads\/sites\/2\/2019\/04\/Photo-template-Urgence.png\" \/><img class=\"p2\" src=\"https:\/\/geemarc.com\/uk\/wp-content\/uploads\/sites\/2\/2019\/04\/Photo-template-portrait.png\" \/><span class=\"h3 bold\" data-wahfont=\"20\">IMPRESSION DE VOS PHOTOS<\/span><span class=\"h3\" data-wahfont=\"20\">Nouveaut\u00e9s et exclusivit\u00e9 Geemarc Telecom<\/span><\/p>\n<div style=\"margin: 10px 0 15px; line-height: 17px;\">Un mod\u00e8le facile \u00e0 utiliser pour t\u00e9l\u00e9charger vos images et les imprimer pour les boutons des photophones.<br \/>\nCliquez sur le bouton ci-dessous.<\/div>\n<div class=\"table-cell button-right\" style=\"margin-top: 10px;\"><a class=\"button filled\" href=\"https:\/\/geemarc.com\/p_editor\/cl610\/f\/editor\/\" target=\"_blank\" rel=\"noopener\" data-wahfont=\"12\">Mod\u00e8le de photos<\/a><\/div>\n<\/div>\n","protected":false},"excerpt":{"rendered":"<p>T\u00e9l\u00e9phone appel d\u2019urgence amplifi\u00e9 avec t\u00e9l\u00e9commande SOS<\/p>\n","protected":false},"featured_media":10674,"template":"","meta":[],"product_cat":[129],"product_tag":[],"yoast_head":"<!-- This site is optimized with the Yoast SEO plugin v16.9 - https:\/\/yoast.com\/wordpress\/plugins\/seo\/ -->\n<title>CL610 - Geemarc France<\/title>\n<meta name=\"robots\" content=\"index, follow, max-snippet:-1, max-image-preview:large, max-video-preview:-1\" \/>\n<link rel=\"canonical\" href=\"https:\/\/geemarc.com\/fr\/product\/cl610\/\" \/>\n<meta property=\"og:locale\" content=\"fr_FR\" \/>\n<meta property=\"og:type\" content=\"article\" \/>\n<meta property=\"og:title\" content=\"CL610 - Geemarc France\" \/>\n<meta property=\"og:description\" content=\"T\u00e9l\u00e9phone appel d\u2019urgence amplifi\u00e9 avec t\u00e9l\u00e9commande SOS\" \/>\n<meta property=\"og:url\" content=\"https:\/\/geemarc.com\/fr\/product\/cl610\/\" \/>\n<meta property=\"og:site_name\" content=\"Geemarc France\" \/>\n<meta property=\"article:modified_time\" content=\"2023-05-16T09:01:57+00:00\" \/>\n<meta property=\"og:image\" content=\"https:\/\/geemarc.com\/fr\/wp-content\/uploads\/sites\/3\/2023\/05\/CL610_1-scaled.jpg\" \/>\n\t<meta property=\"og:image:width\" content=\"2560\" \/>\n\t<meta property=\"og:image:height\" content=\"1702\" \/>\n<meta name=\"twitter:card\" content=\"summary_large_image\" \/>\n<meta name=\"twitter:label1\" content=\"Dur\u00e9e de lecture est.\" \/>\n\t<meta name=\"twitter:data1\" content=\"1 minute\" \/>\n<script type=\"application\/ld+json\" class=\"yoast-schema-graph\">{\"@context\":\"https:\/\/schema.org\",\"@graph\":[{\"@type\":\"WebSite\",\"@id\":\"https:\/\/geemarc.com\/fr\/#website\",\"url\":\"https:\/\/geemarc.com\/fr\/\",\"name\":\"Geemarc France\",\"description\":\"\",\"potentialAction\":[{\"@type\":\"SearchAction\",\"target\":{\"@type\":\"EntryPoint\",\"urlTemplate\":\"https:\/\/geemarc.com\/fr\/?s={search_term_string}\"},\"query-input\":\"required name=search_term_string\"}],\"inLanguage\":\"fr-FR\"},{\"@type\":\"ImageObject\",\"@id\":\"https:\/\/geemarc.com\/fr\/product\/cl610\/#primaryimage\",\"inLanguage\":\"fr-FR\",\"url\":\"https:\/\/geemarc.com\/fr\/wp-content\/uploads\/sites\/3\/2023\/05\/CL610_1-scaled.jpg\",\"contentUrl\":\"https:\/\/geemarc.com\/fr\/wp-content\/uploads\/sites\/3\/2023\/05\/CL610_1-scaled.jpg\",\"width\":2560,\"height\":1702},{\"@type\":\"WebPage\",\"@id\":\"https:\/\/geemarc.com\/fr\/product\/cl610\/#webpage\",\"url\":\"https:\/\/geemarc.com\/fr\/product\/cl610\/\",\"name\":\"CL610 - Geemarc France\",\"isPartOf\":{\"@id\":\"https:\/\/geemarc.com\/fr\/#website\"},\"primaryImageOfPage\":{\"@id\":\"https:\/\/geemarc.com\/fr\/product\/cl610\/#primaryimage\"},\"datePublished\":\"2023-05-05T10:26:15+00:00\",\"dateModified\":\"2023-05-16T09:01:57+00:00\",\"breadcrumb\":{\"@id\":\"https:\/\/geemarc.com\/fr\/product\/cl610\/#breadcrumb\"},\"inLanguage\":\"fr-FR\",\"potentialAction\":[{\"@type\":\"ReadAction\",\"target\":[\"https:\/\/geemarc.com\/fr\/product\/cl610\/\"]}]},{\"@type\":\"BreadcrumbList\",\"@id\":\"https:\/\/geemarc.com\/fr\/product\/cl610\/#breadcrumb\",\"itemListElement\":[{\"@type\":\"ListItem\",\"position\":1,\"name\":\"Home\",\"item\":\"https:\/\/geemarc.com\/fr\/\"},{\"@type\":\"ListItem\",\"position\":2,\"name\":\"Shop\",\"item\":\"https:\/\/geemarc.com\/fr\/shop\/\"},{\"@type\":\"ListItem\",\"position\":3,\"name\":\"CL610\"}]}]}<\/script>\n<!-- \/ Yoast SEO plugin. -->","yoast_head_json":{"title":"CL610 - Geemarc France","robots":{"index":"index","follow":"follow","max-snippet":"max-snippet:-1","max-image-preview":"max-image-preview:large","max-video-preview":"max-video-preview:-1"},"canonical":"https:\/\/geemarc.com\/fr\/product\/cl610\/","og_locale":"fr_FR","og_type":"article","og_title":"CL610 - Geemarc France","og_description":"T\u00e9l\u00e9phone appel d\u2019urgence amplifi\u00e9 avec t\u00e9l\u00e9commande SOS","og_url":"https:\/\/geemarc.com\/fr\/product\/cl610\/","og_site_name":"Geemarc France","article_modified_time":"2023-05-16T09:01:57+00:00","og_image":[{"width":2560,"height":1702,"url":"https:\/\/geemarc.com\/fr\/wp-content\/uploads\/sites\/3\/2023\/05\/CL610_1-scaled.jpg","path":"\/home\/g\/e\/geemarcwp\/public_html\/wp-content\/uploads\/sites\/3\/2023\/05\/CL610_1-scaled.jpg","size":"full","id":10674,"alt":"","pixels":4357120,"type":"image\/jpeg"}],"twitter_card":"summary_large_image","twitter_misc":{"Dur\u00e9e de lecture est.":"1 minute"},"schema":{"@context":"https:\/\/schema.org","@graph":[{"@type":"WebSite","@id":"https:\/\/geemarc.com\/fr\/#website","url":"https:\/\/geemarc.com\/fr\/","name":"Geemarc France","description":"","potentialAction":[{"@type":"SearchAction","target":{"@type":"EntryPoint","urlTemplate":"https:\/\/geemarc.com\/fr\/?s={search_term_string}"},"query-input":"required name=search_term_string"}],"inLanguage":"fr-FR"},{"@type":"ImageObject","@id":"https:\/\/geemarc.com\/fr\/product\/cl610\/#primaryimage","inLanguage":"fr-FR","url":"https:\/\/geemarc.com\/fr\/wp-content\/uploads\/sites\/3\/2023\/05\/CL610_1-scaled.jpg","contentUrl":"https:\/\/geemarc.com\/fr\/wp-content\/uploads\/sites\/3\/2023\/05\/CL610_1-scaled.jpg","width":2560,"height":1702},{"@type":"WebPage","@id":"https:\/\/geemarc.com\/fr\/product\/cl610\/#webpage","url":"https:\/\/geemarc.com\/fr\/product\/cl610\/","name":"CL610 - Geemarc France","isPartOf":{"@id":"https:\/\/geemarc.com\/fr\/#website"},"primaryImageOfPage":{"@id":"https:\/\/geemarc.com\/fr\/product\/cl610\/#primaryimage"},"datePublished":"2023-05-05T10:26:15+00:00","dateModified":"2023-05-16T09:01:57+00:00","breadcrumb":{"@id":"https:\/\/geemarc.com\/fr\/product\/cl610\/#breadcrumb"},"inLanguage":"fr-FR","potentialAction":[{"@type":"ReadAction","target":["https:\/\/geemarc.com\/fr\/product\/cl610\/"]}]},{"@type":"BreadcrumbList","@id":"https:\/\/geemarc.com\/fr\/product\/cl610\/#breadcrumb","itemListElement":[{"@type":"ListItem","position":1,"name":"Home","item":"https:\/\/geemarc.com\/fr\/"},{"@type":"ListItem","position":2,"name":"Shop","item":"https:\/\/geemarc.com\/fr\/shop\/"},{"@type":"ListItem","position":3,"name":"CL610"}]}]}},"acf":[],"_links":{"self":[{"href":"https:\/\/geemarc.com\/fr\/wp-json\/wp\/v2\/product\/10721"}],"collection":[{"href":"https:\/\/geemarc.com\/fr\/wp-json\/wp\/v2\/product"}],"about":[{"href":"https:\/\/geemarc.com\/fr\/wp-json\/wp\/v2\/types\/product"}],"wp:featuredmedia":[{"embeddable":true,"href":"https:\/\/geemarc.com\/fr\/wp-json\/wp\/v2\/media\/10674"}],"wp:attachment":[{"href":"https:\/\/geemarc.com\/fr\/wp-json\/wp\/v2\/media?parent=10721"}],"wp:term":[{"taxonomy":"product_cat","embeddable":true,"href":"https:\/\/geemarc.com\/fr\/wp-json\/wp\/v2\/product_cat?post=10721"},{"taxonomy":"product_tag","embeddable":true,"href":"https:\/\/geemarc.com\/fr\/wp-json\/wp\/v2\/product_tag?post=10721"}],"curies":[{"name":"wp","href":"https:\/\/api.w.org\/{rel}","templated":true}]}}