{"id":10930,"date":"2023-08-30T08:21:07","date_gmt":"2023-08-30T08:21:07","guid":{"rendered":"https:\/\/geemarc.com\/fr\/?post_type=product&#038;p=10930"},"modified":"2023-12-13T13:27:34","modified_gmt":"2023-12-13T13:27:34","slug":"tv-photo-100","status":"publish","type":"product","link":"https:\/\/geemarc.com\/fr\/product\/tv-photo-100\/","title":{"rendered":"TV PHOTO 100"},"content":{"rendered":"<p>T\u00e9l\u00e9commande universelle \u00ab\u00a0<strong>TV Photo 100<\/strong>\u00a0\u00bb avec clavier \u00e0 m\u00e9moires photo sp\u00e9cialement con\u00e7ue pour \u00eatre tr\u00e8s simple \u00e0 utiliser\u00a0: utilisez les pour y ins\u00e9rer les logos de vos cha\u00eenes pr\u00e9f\u00e9r\u00e9es. Zappez ou ajustez le volume de votre t\u00e9l\u00e9vision gr\u00e2ce \u00e0 ses larges touches.<\/p>\n<p>&nbsp;<\/p>\n<p><span style=\"text-decoration: underline;\"><a href=\"https:\/\/geemarc.com\/fr\/wp-content\/uploads\/sites\/3\/2023\/08\/Geemarc-V2.1.2-setup.zip\"><strong>T\u00c9L\u00c9CHARGER LE LOGICIEL ICI<\/strong><\/a><\/span><\/p>\n<p>&nbsp;<\/p>\n<p><strong>CARACT<\/strong><strong>\u00c9<\/strong><strong>RISTIQUES<\/strong><\/p>\n<ul>\n<li>Fonctionne avec deux piles type AAA 1.5V (Non fournies)<\/li>\n<li>20 touches de fonction dont les 10 touches photos personnalisables<\/li>\n<li>Gr\u00e2ce \u00e0 un logiciel disponible sur notre site internet, vous avez la possibilit\u00e9 de m\u00e9moriser une cha\u00eene de 1 \u00e0 3 chiffres par touches personnalisables (ex : touche 1 = cha\u00eene 230) La TV photo 100 ne fonctionne que sous Windows ( elle n\u2019est pas compatible avec MAC)<\/li>\n<li>T\u00e9l\u00e9chargement du logiciel via le cordon USB\/jack 3,5mm (fournie)<\/li>\n<li>Prend en charge la plupart des \u00e9quipements infrarouge : TV , D\u00e9codeurs SAT<\/li>\n<li>2 modes s\u00e9lectionnables : num\u00e9rotation classique \/ M\u00c9MOIRE PHOTO<\/li>\n<li>LED d\u2019indication du mode s\u00e9lectionn\u00e9 (num\u00e9rotation classique \/ M\u00c9MOIRE PHOTO)<\/li>\n<li>Dimensions : 21 x 6 x 2,6 cm<\/li>\n<li>Poids (avec piles) : 130g<\/li>\n<\/ul>\n","protected":false},"excerpt":{"rendered":"<p>T\u00e9l\u00e9commande universelle infrarouge avec 10 m\u00e9moires photos<\/p>\n","protected":false},"featured_media":10947,"template":"","meta":[],"product_cat":[147],"product_tag":[],"yoast_head":"<!-- This site is optimized with the Yoast SEO plugin v16.9 - https:\/\/yoast.com\/wordpress\/plugins\/seo\/ -->\n<title>TV PHOTO 100 - Geemarc France<\/title>\n<meta name=\"robots\" content=\"index, follow, max-snippet:-1, max-image-preview:large, max-video-preview:-1\" \/>\n<link rel=\"canonical\" href=\"https:\/\/geemarc.com\/fr\/product\/tv-photo-100\/\" \/>\n<meta property=\"og:locale\" content=\"fr_FR\" \/>\n<meta property=\"og:type\" content=\"article\" \/>\n<meta property=\"og:title\" content=\"TV PHOTO 100 - Geemarc France\" \/>\n<meta property=\"og:description\" content=\"T\u00e9l\u00e9commande universelle infrarouge avec 10 m\u00e9moires photos\" \/>\n<meta property=\"og:url\" content=\"https:\/\/geemarc.com\/fr\/product\/tv-photo-100\/\" \/>\n<meta property=\"og:site_name\" content=\"Geemarc France\" \/>\n<meta property=\"article:modified_time\" content=\"2023-12-13T13:27:34+00:00\" \/>\n<meta property=\"og:image\" content=\"https:\/\/geemarc.com\/fr\/wp-content\/uploads\/sites\/3\/2023\/08\/TVPHOTO100_3_newsletter-1-scaled.jpg\" \/>\n\t<meta property=\"og:image:width\" content=\"1978\" \/>\n\t<meta property=\"og:image:height\" content=\"2560\" \/>\n<meta name=\"twitter:card\" content=\"summary_large_image\" \/>\n<meta name=\"twitter:label1\" content=\"Dur\u00e9e de lecture est.\" \/>\n\t<meta name=\"twitter:data1\" content=\"1 minute\" \/>\n<script type=\"application\/ld+json\" class=\"yoast-schema-graph\">{\"@context\":\"https:\/\/schema.org\",\"@graph\":[{\"@type\":\"WebSite\",\"@id\":\"https:\/\/geemarc.com\/fr\/#website\",\"url\":\"https:\/\/geemarc.com\/fr\/\",\"name\":\"Geemarc France\",\"description\":\"\",\"potentialAction\":[{\"@type\":\"SearchAction\",\"target\":{\"@type\":\"EntryPoint\",\"urlTemplate\":\"https:\/\/geemarc.com\/fr\/?s={search_term_string}\"},\"query-input\":\"required name=search_term_string\"}],\"inLanguage\":\"fr-FR\"},{\"@type\":\"ImageObject\",\"@id\":\"https:\/\/geemarc.com\/fr\/product\/tv-photo-100\/#primaryimage\",\"inLanguage\":\"fr-FR\",\"url\":\"https:\/\/geemarc.com\/fr\/wp-content\/uploads\/sites\/3\/2023\/08\/TVPHOTO100_3_newsletter-1-scaled.jpg\",\"contentUrl\":\"https:\/\/geemarc.com\/fr\/wp-content\/uploads\/sites\/3\/2023\/08\/TVPHOTO100_3_newsletter-1-scaled.jpg\",\"width\":1978,\"height\":2560},{\"@type\":\"WebPage\",\"@id\":\"https:\/\/geemarc.com\/fr\/product\/tv-photo-100\/#webpage\",\"url\":\"https:\/\/geemarc.com\/fr\/product\/tv-photo-100\/\",\"name\":\"TV PHOTO 100 - Geemarc France\",\"isPartOf\":{\"@id\":\"https:\/\/geemarc.com\/fr\/#website\"},\"primaryImageOfPage\":{\"@id\":\"https:\/\/geemarc.com\/fr\/product\/tv-photo-100\/#primaryimage\"},\"datePublished\":\"2023-08-30T08:21:07+00:00\",\"dateModified\":\"2023-12-13T13:27:34+00:00\",\"breadcrumb\":{\"@id\":\"https:\/\/geemarc.com\/fr\/product\/tv-photo-100\/#breadcrumb\"},\"inLanguage\":\"fr-FR\",\"potentialAction\":[{\"@type\":\"ReadAction\",\"target\":[\"https:\/\/geemarc.com\/fr\/product\/tv-photo-100\/\"]}]},{\"@type\":\"BreadcrumbList\",\"@id\":\"https:\/\/geemarc.com\/fr\/product\/tv-photo-100\/#breadcrumb\",\"itemListElement\":[{\"@type\":\"ListItem\",\"position\":1,\"name\":\"Home\",\"item\":\"https:\/\/geemarc.com\/fr\/\"},{\"@type\":\"ListItem\",\"position\":2,\"name\":\"Shop\",\"item\":\"https:\/\/geemarc.com\/fr\/shop\/\"},{\"@type\":\"ListItem\",\"position\":3,\"name\":\"TV PHOTO 100\"}]}]}<\/script>\n<!-- \/ Yoast SEO plugin. -->","yoast_head_json":{"title":"TV PHOTO 100 - Geemarc France","robots":{"index":"index","follow":"follow","max-snippet":"max-snippet:-1","max-image-preview":"max-image-preview:large","max-video-preview":"max-video-preview:-1"},"canonical":"https:\/\/geemarc.com\/fr\/product\/tv-photo-100\/","og_locale":"fr_FR","og_type":"article","og_title":"TV PHOTO 100 - Geemarc France","og_description":"T\u00e9l\u00e9commande universelle infrarouge avec 10 m\u00e9moires photos","og_url":"https:\/\/geemarc.com\/fr\/product\/tv-photo-100\/","og_site_name":"Geemarc France","article_modified_time":"2023-12-13T13:27:34+00:00","og_image":[{"width":1978,"height":2560,"url":"https:\/\/geemarc.com\/fr\/wp-content\/uploads\/sites\/3\/2023\/08\/TVPHOTO100_3_newsletter-1-scaled.jpg","path":"\/home\/g\/e\/geemarcwp\/public_html\/wp-content\/uploads\/sites\/3\/2023\/08\/TVPHOTO100_3_newsletter-1-scaled.jpg","size":"full","id":10947,"alt":"","pixels":5063680,"type":"image\/jpeg"}],"twitter_card":"summary_large_image","twitter_misc":{"Dur\u00e9e de lecture est.":"1 minute"},"schema":{"@context":"https:\/\/schema.org","@graph":[{"@type":"WebSite","@id":"https:\/\/geemarc.com\/fr\/#website","url":"https:\/\/geemarc.com\/fr\/","name":"Geemarc France","description":"","potentialAction":[{"@type":"SearchAction","target":{"@type":"EntryPoint","urlTemplate":"https:\/\/geemarc.com\/fr\/?s={search_term_string}"},"query-input":"required name=search_term_string"}],"inLanguage":"fr-FR"},{"@type":"ImageObject","@id":"https:\/\/geemarc.com\/fr\/product\/tv-photo-100\/#primaryimage","inLanguage":"fr-FR","url":"https:\/\/geemarc.com\/fr\/wp-content\/uploads\/sites\/3\/2023\/08\/TVPHOTO100_3_newsletter-1-scaled.jpg","contentUrl":"https:\/\/geemarc.com\/fr\/wp-content\/uploads\/sites\/3\/2023\/08\/TVPHOTO100_3_newsletter-1-scaled.jpg","width":1978,"height":2560},{"@type":"WebPage","@id":"https:\/\/geemarc.com\/fr\/product\/tv-photo-100\/#webpage","url":"https:\/\/geemarc.com\/fr\/product\/tv-photo-100\/","name":"TV PHOTO 100 - Geemarc France","isPartOf":{"@id":"https:\/\/geemarc.com\/fr\/#website"},"primaryImageOfPage":{"@id":"https:\/\/geemarc.com\/fr\/product\/tv-photo-100\/#primaryimage"},"datePublished":"2023-08-30T08:21:07+00:00","dateModified":"2023-12-13T13:27:34+00:00","breadcrumb":{"@id":"https:\/\/geemarc.com\/fr\/product\/tv-photo-100\/#breadcrumb"},"inLanguage":"fr-FR","potentialAction":[{"@type":"ReadAction","target":["https:\/\/geemarc.com\/fr\/product\/tv-photo-100\/"]}]},{"@type":"BreadcrumbList","@id":"https:\/\/geemarc.com\/fr\/product\/tv-photo-100\/#breadcrumb","itemListElement":[{"@type":"ListItem","position":1,"name":"Home","item":"https:\/\/geemarc.com\/fr\/"},{"@type":"ListItem","position":2,"name":"Shop","item":"https:\/\/geemarc.com\/fr\/shop\/"},{"@type":"ListItem","position":3,"name":"TV PHOTO 100"}]}]}},"acf":[],"_links":{"self":[{"href":"https:\/\/geemarc.com\/fr\/wp-json\/wp\/v2\/product\/10930"}],"collection":[{"href":"https:\/\/geemarc.com\/fr\/wp-json\/wp\/v2\/product"}],"about":[{"href":"https:\/\/geemarc.com\/fr\/wp-json\/wp\/v2\/types\/product"}],"wp:featuredmedia":[{"embeddable":true,"href":"https:\/\/geemarc.com\/fr\/wp-json\/wp\/v2\/media\/10947"}],"wp:attachment":[{"href":"https:\/\/geemarc.com\/fr\/wp-json\/wp\/v2\/media?parent=10930"}],"wp:term":[{"taxonomy":"product_cat","embeddable":true,"href":"https:\/\/geemarc.com\/fr\/wp-json\/wp\/v2\/product_cat?post=10930"},{"taxonomy":"product_tag","embeddable":true,"href":"https:\/\/geemarc.com\/fr\/wp-json\/wp\/v2\/product_tag?post=10930"}],"curies":[{"name":"wp","href":"https:\/\/api.w.org\/{rel}","templated":true}]}}