{"id":10988,"date":"2023-10-31T11:42:54","date_gmt":"2023-10-31T11:42:54","guid":{"rendered":"https:\/\/geemarc.com\/fr\/?post_type=product&#038;p=10988"},"modified":"2025-01-07T13:48:00","modified_gmt":"2025-01-07T13:48:00","slug":"cl7700","status":"publish","type":"product","link":"https:\/\/geemarc.com\/fr\/product\/cl7700\/","title":{"rendered":"CL7700 OPTI"},"content":{"rendered":"<p><strong>CARACTERISTIQUE<\/strong><\/p>\n<ul>\n<li>R\u00e9ception St\u00e9r\u00e9o<\/li>\n<li>Confortable et l\u00e9ger<\/li>\n<li>Entr\u00e9e optique et audio (3,5mm) sur la base*<\/li>\n<li>Possibilit\u00e9 de connecter le casque \u00e0 deux appareils simultan\u00e9ment. Ci-dessous, deux exemples :<br \/>\n&#8211; avec le c\u00e2ble optique \u00e0 une t\u00e9l\u00e9vision (base CL7700) + en Bluetooth avec votre t\u00e9l\u00e9phone portable<br \/>\n&#8211; avec l\u2019entr\u00e9e audio \u00e0 une t\u00e9l\u00e9vision (base CL7700) + en Bluetooth avec votre ordinateur<\/li>\n<li>Lorsque vous utilisez le casque sur une source audio tout en \u00e9tant connect\u00e9 en Bluetooth \u00e0 votre t\u00e9l\u00e9phone portable, si vous recevez un appel, vous entendrez la sonnerie dans le casque et aurez la possibilit\u00e9 de prendre l\u2019appel directement sur votre casque.<\/li>\n<li>Ensemble des r\u00e9glages facilement accessibles sur le casque :<\/li>\n<li>R\u00e9glage volume (jusqu\u2019\u00e0 125dB spl)<\/li>\n<li>R\u00e9glage de la balance gauche\/droite<\/li>\n<li>R\u00e9glage de la tonalit\u00e9 pour l\u2019adapter \u00e0 vos besoins<\/li>\n<li>Mise en veille automatique (lorsque plus aucun signal n\u2019est d\u00e9tect\u00e9e en entr\u00e9e sur la base)<\/li>\n<\/ul>\n<p>&nbsp;<\/p>\n<p>&nbsp;<\/p>\n<p><strong>TECHNIQUE<\/strong><\/p>\n<ul>\n<li>Bluetooth 5.2<\/li>\n<li>Fr\u00e9quence de fonctionnement : 2.402-2.480GHz<\/li>\n<li>Bande de fr\u00e9quence (A2DP, AVRCP, HSP, HFP) : 20Hz \u2013 20 kHz<\/li>\n<li>D\u00e9bit binaire de l&#8217;\u00e9metteur : 1Mbps<\/li>\n<li>Type d&#8217;antenne : Antenne interne<\/li>\n<li>Syst\u00e8me de rechargement rapide<\/li>\n<li>Temps de rechargement complet : 4 heures.<\/li>\n<li>Le casque se recharge automatiquement lorsqu\u2019il est plac\u00e9 sur sa base.<\/li>\n<li>Port\u00e9e 10m en champs libre<\/li>\n<li>Entr\u00e9e optique audio<\/li>\n<li>Entr\u00e9e analogique audio (jack 3.5mm)<\/li>\n<li>10 heures maximum d\u2019autonomie en utilisation<\/li>\n<li>Poids du casque : 50g<\/li>\n<li>Poids de la base : 80g<\/li>\n<\/ul>\n<p>&nbsp;<\/p>\n<div id=\"threesixty-slider-11000_vc6nxU\" class=\"threesixty-loading threesixty-image threesixty-dark-blue threesixty-vintage threesixty-no-border\" style=\"width: 756px;\">\r\n\t<div class=\"threesixty-preview-11000_vc6nxU\"><img class=\"threesixty-preview-image\" src=\"https:\/\/geemarc.com\/fr\/wp-content\/uploads\/sites\/3\/2023\/10\/DSC_0693.jpg\"\/><\/div>\r\n\t<div class=\"threesixty-spinner threesixty-spinner-11000_vc6nxU\">\r\n\t\t<span>0%<\/span>\r\n\t<\/div>\r\n\t<ol class=\"threesixty-images threesixty-images-11000_vc6nxU\"><\/ol>\r\n\t\t\t<a href=\"#threesixty-slider-11000_vc6nxU\" class=\"threesixty-mfp-anchor\"><\/a>\r\n\t<\/div>\r\n<!--SPV--><script type=\"text\/javascript\">\/\/SPV\r\n(function($) {\r\n\t\t$('#threesixty-slider-11000_vc6nxU .threesixty-mfp-anchor').magnificPopup({\r\n\t\ttype:'inline',\r\n\t\tcloseOnBgClick: true,\r\n\t\tmidClick: true,\r\n\t\t\/\/removalDelay: 300,\r\n  \t\t\/\/mainClass: 'mfp-fade',\r\n\t\tcallbacks: {\r\n\t\t\t resize: function() {\r\n\t\t\t \tvar originalHeight \t= 800,\r\n\t\t\t \t\toriginalWidth \t= 756,\r\n\t\t\t \t\tmfpHeight \t\t= 800,\r\n\t\t\t \t\tmfpWidth \t\t= 756,\r\n\t\t\t \t\tratio \t\t\t= originalWidth \/ originalHeight,\r\n\t\t\t \t\twinHeight \t\t= $(window).height(),\r\n\t\t\t \t\twinWidth \t\t= $(window).width();\r\n\t\t\t \t\r\n\t\t\t \tif ( originalHeight > winHeight * 0.9 ) {\r\n\t\t\t \t\tmfpHeight \t\t= winHeight * 0.9;\r\n\t\t\t \t\tmfpWidth \t\t= mfpHeight * ratio;\r\n\t\t\t\t}\r\n\t\t\t\tif ( mfpWidth > winWidth * 0.9 ) {\r\n\t\t\t \t\tmfpWidth \t\t= winWidth * 0.9;\r\n\t\t\t \t\tmfpHeight \t\t= mfpWidth \/ ratio;\r\n\t\t\t\t}\r\n\t\t\t \tif ( mfpHeight < originalHeight && mfpWidth < originalWidth ) {\r\n\t\t\t\t    $('#threesixty-slider-11000_vc6nxU').height(mfpHeight);\r\n\t\t\t\t    $('#threesixty-slider-11000_vc6nxU').width(mfpWidth);\r\n\t\t\t\t} \r\n\t\t\t\telse {\r\n\t\t\t\t    $('#threesixty-slider-11000_vc6nxU').height(originalHeight);\r\n\t\t\t\t    $('#threesixty-slider-11000_vc6nxU').width(originalWidth);\r\n\t\t\t\t}\r\n\t\t\t},\r\n\t\t\tclose: function() {\r\n\t\t\t    $('#threesixty-slider-11000_vc6nxU').height('auto');\r\n\t\t\t    $('#threesixty-slider-11000_vc6nxU').width(756);\r\n\t\t\t}\r\n\t\t},\r\n\t\tcloseMarkup :\"<button class=\\\"mfp-close\\\"><\/button>\"\r\n\t});\r\n\t\tvar product_11000_vc6nxU = $('#threesixty-slider-11000_vc6nxU').ThreeSixty({\r\n\t\ttotalFrames: 36,\r\n\t\tendFrame: 0,\r\n\t\tcurrentFrame: 36,\r\n\t\timgList: '.threesixty-images-11000_vc6nxU',\r\n\t\tprogress: '.threesixty-spinner-11000_vc6nxU',\r\n\t\tpreview: '.threesixty-preview-11000_vc6nxU',\r\n\t\timages: ['https:\/\/geemarc.com\/fr\/wp-content\/uploads\/sites\/3\/2023\/10\/DSC_0692.jpg','https:\/\/geemarc.com\/fr\/wp-content\/uploads\/sites\/3\/2023\/10\/DSC_0691.jpg','https:\/\/geemarc.com\/fr\/wp-content\/uploads\/sites\/3\/2023\/10\/DSC_0690.jpg','https:\/\/geemarc.com\/fr\/wp-content\/uploads\/sites\/3\/2023\/10\/DSC_0725.jpg','https:\/\/geemarc.com\/fr\/wp-content\/uploads\/sites\/3\/2023\/10\/DSC_0724.jpg','https:\/\/geemarc.com\/fr\/wp-content\/uploads\/sites\/3\/2023\/10\/DSC_0723.jpg','https:\/\/geemarc.com\/fr\/wp-content\/uploads\/sites\/3\/2023\/10\/DSC_0722.jpg','https:\/\/geemarc.com\/fr\/wp-content\/uploads\/sites\/3\/2023\/10\/DSC_0721.jpg','https:\/\/geemarc.com\/fr\/wp-content\/uploads\/sites\/3\/2023\/10\/DSC_0720.jpg','https:\/\/geemarc.com\/fr\/wp-content\/uploads\/sites\/3\/2023\/10\/DSC_0719.jpg','https:\/\/geemarc.com\/fr\/wp-content\/uploads\/sites\/3\/2023\/10\/DSC_0718.jpg','https:\/\/geemarc.com\/fr\/wp-content\/uploads\/sites\/3\/2023\/10\/DSC_0717.jpg','https:\/\/geemarc.com\/fr\/wp-content\/uploads\/sites\/3\/2023\/10\/DSC_0716.jpg','https:\/\/geemarc.com\/fr\/wp-content\/uploads\/sites\/3\/2023\/10\/DSC_0715.jpg','https:\/\/geemarc.com\/fr\/wp-content\/uploads\/sites\/3\/2023\/10\/DSC_0714.jpg','https:\/\/geemarc.com\/fr\/wp-content\/uploads\/sites\/3\/2023\/10\/DSC_0713.jpg','https:\/\/geemarc.com\/fr\/wp-content\/uploads\/sites\/3\/2023\/10\/DSC_0712.jpg','https:\/\/geemarc.com\/fr\/wp-content\/uploads\/sites\/3\/2023\/10\/DSC_0711.jpg','https:\/\/geemarc.com\/fr\/wp-content\/uploads\/sites\/3\/2023\/10\/DSC_0710.jpg','https:\/\/geemarc.com\/fr\/wp-content\/uploads\/sites\/3\/2023\/10\/DSC_0709.jpg','https:\/\/geemarc.com\/fr\/wp-content\/uploads\/sites\/3\/2023\/10\/DSC_0708.jpg','https:\/\/geemarc.com\/fr\/wp-content\/uploads\/sites\/3\/2023\/10\/DSC_0707.jpg','https:\/\/geemarc.com\/fr\/wp-content\/uploads\/sites\/3\/2023\/10\/DSC_0706.jpg','https:\/\/geemarc.com\/fr\/wp-content\/uploads\/sites\/3\/2023\/10\/DSC_0705.jpg','https:\/\/geemarc.com\/fr\/wp-content\/uploads\/sites\/3\/2023\/10\/DSC_0704.jpg','https:\/\/geemarc.com\/fr\/wp-content\/uploads\/sites\/3\/2023\/10\/DSC_0703.jpg','https:\/\/geemarc.com\/fr\/wp-content\/uploads\/sites\/3\/2023\/10\/DSC_0702.jpg','https:\/\/geemarc.com\/fr\/wp-content\/uploads\/sites\/3\/2023\/10\/DSC_0701.jpg','https:\/\/geemarc.com\/fr\/wp-content\/uploads\/sites\/3\/2023\/10\/DSC_0700.jpg','https:\/\/geemarc.com\/fr\/wp-content\/uploads\/sites\/3\/2023\/10\/DSC_0699.jpg','https:\/\/geemarc.com\/fr\/wp-content\/uploads\/sites\/3\/2023\/10\/DSC_0698.jpg','https:\/\/geemarc.com\/fr\/wp-content\/uploads\/sites\/3\/2023\/10\/DSC_0697.jpg','https:\/\/geemarc.com\/fr\/wp-content\/uploads\/sites\/3\/2023\/10\/DSC_0696.jpg','https:\/\/geemarc.com\/fr\/wp-content\/uploads\/sites\/3\/2023\/10\/DSC_0695.jpg','https:\/\/geemarc.com\/fr\/wp-content\/uploads\/sites\/3\/2023\/10\/DSC_0694.jpg','https:\/\/geemarc.com\/fr\/wp-content\/uploads\/sites\/3\/2023\/10\/DSC_0693.jpg'],\r\n\t\theight: 0,\r\n\t\twidth: 756,\r\n\t\tnavigation: true,\r\n\t\tdrag: true,\r\n\t\tshowCursor: true,\r\n\t\tinterval: 120,\r\n\t\tspeedMultiplier: 3,\r\n\t\t\t\tstartAutoplay: true,\r\n\t\t\t\tonReady: function() {\r\n\t\t\t$(\"#threesixty-slider-11000_vc6nxU\").removeClass('threesixty-loading');\r\n\t\t\t\t\t\tproduct_11000_vc6nxU.play();\r\n\t\t\t\t\t\t\t\t}\r\n\t\t\t});\r\n\t\t\t}(jQuery));\r\n<\/script>\n","protected":false},"excerpt":{"rendered":"<p>Casque TV sans fil amplifi\u00e9 Bluetooth avec entr\u00e9es optique et analogique<\/p>\n","protected":false},"featured_media":11040,"template":"","meta":[],"product_cat":[46],"product_tag":[],"yoast_head":"<!-- This site is optimized with the Yoast SEO plugin v16.9 - https:\/\/yoast.com\/wordpress\/plugins\/seo\/ -->\n<title>CL7700 OPTI - Geemarc France<\/title>\n<meta name=\"robots\" content=\"index, follow, max-snippet:-1, max-image-preview:large, max-video-preview:-1\" \/>\n<link rel=\"canonical\" href=\"https:\/\/geemarc.com\/fr\/product\/cl7700\/\" \/>\n<meta property=\"og:locale\" content=\"fr_FR\" \/>\n<meta property=\"og:type\" content=\"article\" \/>\n<meta property=\"og:title\" content=\"CL7700 OPTI - Geemarc France\" \/>\n<meta property=\"og:description\" content=\"Casque TV sans fil amplifi\u00e9 Bluetooth avec entr\u00e9es optique et analogique\" \/>\n<meta property=\"og:url\" content=\"https:\/\/geemarc.com\/fr\/product\/cl7700\/\" \/>\n<meta property=\"og:site_name\" content=\"Geemarc France\" \/>\n<meta property=\"article:modified_time\" content=\"2025-01-07T13:48:00+00:00\" \/>\n<meta property=\"og:image\" content=\"https:\/\/geemarc.com\/fr\/wp-content\/uploads\/sites\/3\/2023\/10\/CL7700_1.1_website.jpg\" \/>\n\t<meta property=\"og:image:width\" content=\"2198\" \/>\n\t<meta property=\"og:image:height\" content=\"2000\" \/>\n<meta name=\"twitter:card\" content=\"summary_large_image\" \/>\n<meta name=\"twitter:label1\" content=\"Dur\u00e9e de lecture est.\" \/>\n\t<meta name=\"twitter:data1\" content=\"1 minute\" \/>\n<script type=\"application\/ld+json\" class=\"yoast-schema-graph\">{\"@context\":\"https:\/\/schema.org\",\"@graph\":[{\"@type\":\"WebSite\",\"@id\":\"https:\/\/geemarc.com\/fr\/#website\",\"url\":\"https:\/\/geemarc.com\/fr\/\",\"name\":\"Geemarc France\",\"description\":\"\",\"potentialAction\":[{\"@type\":\"SearchAction\",\"target\":{\"@type\":\"EntryPoint\",\"urlTemplate\":\"https:\/\/geemarc.com\/fr\/?s={search_term_string}\"},\"query-input\":\"required name=search_term_string\"}],\"inLanguage\":\"fr-FR\"},{\"@type\":\"ImageObject\",\"@id\":\"https:\/\/geemarc.com\/fr\/product\/cl7700\/#primaryimage\",\"inLanguage\":\"fr-FR\",\"url\":\"https:\/\/geemarc.com\/fr\/wp-content\/uploads\/sites\/3\/2023\/10\/CL7700_1.1_website.jpg\",\"contentUrl\":\"https:\/\/geemarc.com\/fr\/wp-content\/uploads\/sites\/3\/2023\/10\/CL7700_1.1_website.jpg\",\"width\":2198,\"height\":2000},{\"@type\":\"WebPage\",\"@id\":\"https:\/\/geemarc.com\/fr\/product\/cl7700\/#webpage\",\"url\":\"https:\/\/geemarc.com\/fr\/product\/cl7700\/\",\"name\":\"CL7700 OPTI - Geemarc France\",\"isPartOf\":{\"@id\":\"https:\/\/geemarc.com\/fr\/#website\"},\"primaryImageOfPage\":{\"@id\":\"https:\/\/geemarc.com\/fr\/product\/cl7700\/#primaryimage\"},\"datePublished\":\"2023-10-31T11:42:54+00:00\",\"dateModified\":\"2025-01-07T13:48:00+00:00\",\"breadcrumb\":{\"@id\":\"https:\/\/geemarc.com\/fr\/product\/cl7700\/#breadcrumb\"},\"inLanguage\":\"fr-FR\",\"potentialAction\":[{\"@type\":\"ReadAction\",\"target\":[\"https:\/\/geemarc.com\/fr\/product\/cl7700\/\"]}]},{\"@type\":\"BreadcrumbList\",\"@id\":\"https:\/\/geemarc.com\/fr\/product\/cl7700\/#breadcrumb\",\"itemListElement\":[{\"@type\":\"ListItem\",\"position\":1,\"name\":\"Home\",\"item\":\"https:\/\/geemarc.com\/fr\/\"},{\"@type\":\"ListItem\",\"position\":2,\"name\":\"Shop\",\"item\":\"https:\/\/geemarc.com\/fr\/shop\/\"},{\"@type\":\"ListItem\",\"position\":3,\"name\":\"CL7700 OPTI\"}]}]}<\/script>\n<!-- \/ Yoast SEO plugin. -->","yoast_head_json":{"title":"CL7700 OPTI - Geemarc France","robots":{"index":"index","follow":"follow","max-snippet":"max-snippet:-1","max-image-preview":"max-image-preview:large","max-video-preview":"max-video-preview:-1"},"canonical":"https:\/\/geemarc.com\/fr\/product\/cl7700\/","og_locale":"fr_FR","og_type":"article","og_title":"CL7700 OPTI - Geemarc France","og_description":"Casque TV sans fil amplifi\u00e9 Bluetooth avec entr\u00e9es optique et analogique","og_url":"https:\/\/geemarc.com\/fr\/product\/cl7700\/","og_site_name":"Geemarc France","article_modified_time":"2025-01-07T13:48:00+00:00","og_image":[{"width":2198,"height":2000,"url":"https:\/\/geemarc.com\/fr\/wp-content\/uploads\/sites\/3\/2023\/10\/CL7700_1.1_website.jpg","path":"\/home\/g\/e\/geemarcwp\/public_html\/wp-content\/uploads\/sites\/3\/2023\/10\/CL7700_1.1_website.jpg","size":"full","id":11040,"alt":"","pixels":4396000,"type":"image\/jpeg"}],"twitter_card":"summary_large_image","twitter_misc":{"Dur\u00e9e de lecture est.":"1 minute"},"schema":{"@context":"https:\/\/schema.org","@graph":[{"@type":"WebSite","@id":"https:\/\/geemarc.com\/fr\/#website","url":"https:\/\/geemarc.com\/fr\/","name":"Geemarc France","description":"","potentialAction":[{"@type":"SearchAction","target":{"@type":"EntryPoint","urlTemplate":"https:\/\/geemarc.com\/fr\/?s={search_term_string}"},"query-input":"required name=search_term_string"}],"inLanguage":"fr-FR"},{"@type":"ImageObject","@id":"https:\/\/geemarc.com\/fr\/product\/cl7700\/#primaryimage","inLanguage":"fr-FR","url":"https:\/\/geemarc.com\/fr\/wp-content\/uploads\/sites\/3\/2023\/10\/CL7700_1.1_website.jpg","contentUrl":"https:\/\/geemarc.com\/fr\/wp-content\/uploads\/sites\/3\/2023\/10\/CL7700_1.1_website.jpg","width":2198,"height":2000},{"@type":"WebPage","@id":"https:\/\/geemarc.com\/fr\/product\/cl7700\/#webpage","url":"https:\/\/geemarc.com\/fr\/product\/cl7700\/","name":"CL7700 OPTI - Geemarc France","isPartOf":{"@id":"https:\/\/geemarc.com\/fr\/#website"},"primaryImageOfPage":{"@id":"https:\/\/geemarc.com\/fr\/product\/cl7700\/#primaryimage"},"datePublished":"2023-10-31T11:42:54+00:00","dateModified":"2025-01-07T13:48:00+00:00","breadcrumb":{"@id":"https:\/\/geemarc.com\/fr\/product\/cl7700\/#breadcrumb"},"inLanguage":"fr-FR","potentialAction":[{"@type":"ReadAction","target":["https:\/\/geemarc.com\/fr\/product\/cl7700\/"]}]},{"@type":"BreadcrumbList","@id":"https:\/\/geemarc.com\/fr\/product\/cl7700\/#breadcrumb","itemListElement":[{"@type":"ListItem","position":1,"name":"Home","item":"https:\/\/geemarc.com\/fr\/"},{"@type":"ListItem","position":2,"name":"Shop","item":"https:\/\/geemarc.com\/fr\/shop\/"},{"@type":"ListItem","position":3,"name":"CL7700 OPTI"}]}]}},"acf":[],"_links":{"self":[{"href":"https:\/\/geemarc.com\/fr\/wp-json\/wp\/v2\/product\/10988"}],"collection":[{"href":"https:\/\/geemarc.com\/fr\/wp-json\/wp\/v2\/product"}],"about":[{"href":"https:\/\/geemarc.com\/fr\/wp-json\/wp\/v2\/types\/product"}],"wp:featuredmedia":[{"embeddable":true,"href":"https:\/\/geemarc.com\/fr\/wp-json\/wp\/v2\/media\/11040"}],"wp:attachment":[{"href":"https:\/\/geemarc.com\/fr\/wp-json\/wp\/v2\/media?parent=10988"}],"wp:term":[{"taxonomy":"product_cat","embeddable":true,"href":"https:\/\/geemarc.com\/fr\/wp-json\/wp\/v2\/product_cat?post=10988"},{"taxonomy":"product_tag","embeddable":true,"href":"https:\/\/geemarc.com\/fr\/wp-json\/wp\/v2\/product_tag?post=10988"}],"curies":[{"name":"wp","href":"https:\/\/api.w.org\/{rel}","templated":true}]}}