{"id":11079,"date":"2023-12-07T14:23:36","date_gmt":"2023-12-07T14:23:36","guid":{"rendered":"https:\/\/geemarc.com\/fr\/?post_type=product&#038;p=11079"},"modified":"2026-03-13T11:25:25","modified_gmt":"2026-03-13T11:25:25","slug":"cl9000","status":"publish","type":"product","link":"https:\/\/geemarc.com\/fr\/product\/cl9000\/","title":{"rendered":"CL9000"},"content":{"rendered":"<p><strong>APPELER\/R\u00c9PONDRE<\/strong><\/p>\n<ul>\n<li>Compatible appareil auditif<\/li>\n<li>R\u00e9pertoire : 500 num\u00e9ros<\/li>\n<li>3 m\u00e9moires directes avec photo<\/li>\n<li>Volume de r\u00e9ception r\u00e9glable jusqu\u2019\u00e0 <strong>40dB<\/strong><\/li>\n<li>Tonalit\u00e9 de r\u00e9ception r\u00e9glable<\/li>\n<li>Indicateur de nouvel appel par LED + ic\u00f4ne + message \u00e0 l\u2019\u00e9cran<\/li>\n<li>Mains libres avec indicateur LED<\/li>\n<li>Touche Amplification avec indicateur LED<\/li>\n<li>Touche Muet<\/li>\n<li>Capacit\u00e9 stockage messages texte :<br \/>\no Sur le t\u00e9l\u00e9phone : 200 messages<br \/>\no Sur la carte NANO SIM : d\u00e9pend de votre carte NANO SIM<\/li>\n<\/ul>\n<p>&nbsp;<\/p>\n<p><strong>\u00c9CRAN LCD<\/strong><\/p>\n<ul>\n<li>\u00c9cran r\u00e9tro-\u00e9clair\u00e9 blanc<\/li>\n<li>Large \u00e9cran\u00a0: 128*64mm-4 lignes (dot matrix)<\/li>\n<li>S\u00e9lection entre 12 langues : Anglais, Fran\u00e7ais, Allemand, Italien, Espagnol, N\u00e9erlandais, Portugais, Arabe, Russe, H\u00e9breu, Tch\u00e8que, Polonais<\/li>\n<li>Menu navigation<\/li>\n<li>R\u00e9glage du d\u00e9lai de fonctionnement du r\u00e9tro\u00e9clairage de l\u2019\u00e9cran<\/li>\n<li>Horodatage (affichage 12\/24H)<\/li>\n<li>Indication du temps de communication<\/li>\n<li>Journal d\u2019appels : 80 appels (heure et date)<\/li>\n<li>Message et ic\u00f4ne + LED \u201cnouveau message\u201d<\/li>\n<\/ul>\n<p>&nbsp;<\/p>\n<p><strong>SONNERIE<\/strong><\/p>\n<ul>\n<li>Volume de sonnerie r\u00e9glable sur 9 niveau (jusqu\u2019\u00e0 <strong>90dB<\/strong>)<\/li>\n<li>10 m\u00e9lodies de sonnerie<\/li>\n<li>Indicateur lumineux de sonnerie<\/li>\n<\/ul>\n<p>&nbsp;<\/p>\n<p><strong>GUIDE VOCAL<\/strong><\/p>\n<ul>\n<li>Aide vocal \u00e0 la num\u00e9rota<strong>t<\/strong>ion<\/li>\n<\/ul>\n<p>&nbsp;<\/p>\n<p><strong>INDENTIFICATION D\u2019APPEL<\/strong><\/p>\n<ul>\n<li>Identification vocale du num\u00e9ro de l\u2019appelant<\/li>\n<li>M\u00e9moire permanente des 80 derniers appels re\u00e7us (heure\/jour de l&#8217;appel)<\/li>\n<\/ul>\n<p>&nbsp;<\/p>\n<p><strong>FONCTION SOS<\/strong><\/p>\n<ul>\n<li>T\u00e9l\u00e9commande SOS \u00e9tanche ( IP66) 433MHz\u00a0: contr\u00f4le par une seule touche avec indicateur LED<\/li>\n<li>Jusqu\u2019\u00e0 5 num\u00e9rotations d&#8217;urgence \u00e0 programmer<\/li>\n<li>Annonce SOS vocale personnalisable<\/li>\n<\/ul>\n<p><strong>\u00a0<\/strong><\/p>\n<p><strong>INCLUS AVEC LE CL9000<\/strong><\/p>\n<ul>\n<li>1 x c\u00e2ble USB Type C avec adaptateur (5V\/1A)<\/li>\n<li>1 x batterie rechargeable 900mAh, 3,3wH<\/li>\n<li>1 x t\u00e9l\u00e9commande \u00e9tanche avec collier et bracelet<\/li>\n<li>1 x pile CR2025 dans la t\u00e9l\u00e9commande SOS<\/li>\n<li>1 x support pour montage mural<\/li>\n<\/ul>\n<p>&nbsp;<\/p>\n<p>&nbsp;<\/p>\n<div id=\"threesixty-slider-11091_drorO9\" class=\"threesixty-loading threesixty-image threesixty-dark-blue threesixty-vintage threesixty-no-border\" style=\"width: 800px;\">\r\n\t<div class=\"threesixty-preview-11091_drorO9\"><img class=\"threesixty-preview-image\" src=\"https:\/\/geemarc.com\/fr\/wp-content\/uploads\/sites\/3\/2023\/12\/DSC_0057.jpg\"\/><\/div>\r\n\t<div class=\"threesixty-spinner threesixty-spinner-11091_drorO9\">\r\n\t\t<span>0%<\/span>\r\n\t<\/div>\r\n\t<ol class=\"threesixty-images threesixty-images-11091_drorO9\"><\/ol>\r\n\t\t\t<a href=\"#threesixty-slider-11091_drorO9\" class=\"threesixty-mfp-anchor\"><\/a>\r\n\t<\/div>\r\n<!--SPV--><script type=\"text\/javascript\">\/\/SPV\r\n(function($) {\r\n\t\t$('#threesixty-slider-11091_drorO9 .threesixty-mfp-anchor').magnificPopup({\r\n\t\ttype:'inline',\r\n\t\tcloseOnBgClick: true,\r\n\t\tmidClick: true,\r\n\t\t\/\/removalDelay: 300,\r\n  \t\t\/\/mainClass: 'mfp-fade',\r\n\t\tcallbacks: {\r\n\t\t\t resize: function() {\r\n\t\t\t \tvar originalHeight \t= 572,\r\n\t\t\t \t\toriginalWidth \t= 800,\r\n\t\t\t \t\tmfpHeight \t\t= 572,\r\n\t\t\t \t\tmfpWidth \t\t= 800,\r\n\t\t\t \t\tratio \t\t\t= originalWidth \/ originalHeight,\r\n\t\t\t \t\twinHeight \t\t= $(window).height(),\r\n\t\t\t \t\twinWidth \t\t= $(window).width();\r\n\t\t\t \t\r\n\t\t\t \tif ( originalHeight > winHeight * 0.9 ) {\r\n\t\t\t \t\tmfpHeight \t\t= winHeight * 0.9;\r\n\t\t\t \t\tmfpWidth \t\t= mfpHeight * ratio;\r\n\t\t\t\t}\r\n\t\t\t\tif ( mfpWidth > winWidth * 0.9 ) {\r\n\t\t\t \t\tmfpWidth \t\t= winWidth * 0.9;\r\n\t\t\t \t\tmfpHeight \t\t= mfpWidth \/ ratio;\r\n\t\t\t\t}\r\n\t\t\t \tif ( mfpHeight < originalHeight && mfpWidth < originalWidth ) {\r\n\t\t\t\t    $('#threesixty-slider-11091_drorO9').height(mfpHeight);\r\n\t\t\t\t    $('#threesixty-slider-11091_drorO9').width(mfpWidth);\r\n\t\t\t\t} \r\n\t\t\t\telse {\r\n\t\t\t\t    $('#threesixty-slider-11091_drorO9').height(originalHeight);\r\n\t\t\t\t    $('#threesixty-slider-11091_drorO9').width(originalWidth);\r\n\t\t\t\t}\r\n\t\t\t},\r\n\t\t\tclose: function() {\r\n\t\t\t    $('#threesixty-slider-11091_drorO9').height('auto');\r\n\t\t\t    $('#threesixty-slider-11091_drorO9').width(800);\r\n\t\t\t}\r\n\t\t},\r\n\t\tcloseMarkup :\"<button class=\\\"mfp-close\\\"><\/button>\"\r\n\t});\r\n\t\tvar product_11091_drorO9 = $('#threesixty-slider-11091_drorO9').ThreeSixty({\r\n\t\ttotalFrames: 36,\r\n\t\tendFrame: 0,\r\n\t\tcurrentFrame: 36,\r\n\t\timgList: '.threesixty-images-11091_drorO9',\r\n\t\tprogress: '.threesixty-spinner-11091_drorO9',\r\n\t\tpreview: '.threesixty-preview-11091_drorO9',\r\n\t\timages: ['https:\/\/geemarc.com\/fr\/wp-content\/uploads\/sites\/3\/2023\/12\/DSC_0056.jpg','https:\/\/geemarc.com\/fr\/wp-content\/uploads\/sites\/3\/2023\/12\/DSC_0055.jpg','https:\/\/geemarc.com\/fr\/wp-content\/uploads\/sites\/3\/2023\/12\/DSC_0054.jpg','https:\/\/geemarc.com\/fr\/wp-content\/uploads\/sites\/3\/2023\/12\/DSC_0053.jpg','https:\/\/geemarc.com\/fr\/wp-content\/uploads\/sites\/3\/2023\/12\/DSC_0052.jpg','https:\/\/geemarc.com\/fr\/wp-content\/uploads\/sites\/3\/2023\/12\/DSC_0051.jpg','https:\/\/geemarc.com\/fr\/wp-content\/uploads\/sites\/3\/2023\/12\/DSC_0050.jpg','https:\/\/geemarc.com\/fr\/wp-content\/uploads\/sites\/3\/2023\/12\/DSC_0049.jpg','https:\/\/geemarc.com\/fr\/wp-content\/uploads\/sites\/3\/2023\/12\/DSC_0048.jpg','https:\/\/geemarc.com\/fr\/wp-content\/uploads\/sites\/3\/2023\/12\/DSC_0047.jpg','https:\/\/geemarc.com\/fr\/wp-content\/uploads\/sites\/3\/2023\/12\/DSC_0046.jpg','https:\/\/geemarc.com\/fr\/wp-content\/uploads\/sites\/3\/2023\/12\/DSC_0045.jpg','https:\/\/geemarc.com\/fr\/wp-content\/uploads\/sites\/3\/2023\/12\/DSC_0044.jpg','https:\/\/geemarc.com\/fr\/wp-content\/uploads\/sites\/3\/2023\/12\/DSC_0043.jpg','https:\/\/geemarc.com\/fr\/wp-content\/uploads\/sites\/3\/2023\/12\/DSC_0042.jpg','https:\/\/geemarc.com\/fr\/wp-content\/uploads\/sites\/3\/2023\/12\/DSC_0041.jpg','https:\/\/geemarc.com\/fr\/wp-content\/uploads\/sites\/3\/2023\/12\/DSC_0040.jpg','https:\/\/geemarc.com\/fr\/wp-content\/uploads\/sites\/3\/2023\/12\/DSC_0039.jpg','https:\/\/geemarc.com\/fr\/wp-content\/uploads\/sites\/3\/2023\/12\/DSC_0038.jpg','https:\/\/geemarc.com\/fr\/wp-content\/uploads\/sites\/3\/2023\/12\/DSC_0073.jpg','https:\/\/geemarc.com\/fr\/wp-content\/uploads\/sites\/3\/2023\/12\/DSC_0072.jpg','https:\/\/geemarc.com\/fr\/wp-content\/uploads\/sites\/3\/2023\/12\/DSC_0071.jpg','https:\/\/geemarc.com\/fr\/wp-content\/uploads\/sites\/3\/2023\/12\/DSC_0070.jpg','https:\/\/geemarc.com\/fr\/wp-content\/uploads\/sites\/3\/2023\/12\/DSC_0069.jpg','https:\/\/geemarc.com\/fr\/wp-content\/uploads\/sites\/3\/2023\/12\/DSC_0068.jpg','https:\/\/geemarc.com\/fr\/wp-content\/uploads\/sites\/3\/2023\/12\/DSC_0067.jpg','https:\/\/geemarc.com\/fr\/wp-content\/uploads\/sites\/3\/2023\/12\/DSC_0066.jpg','https:\/\/geemarc.com\/fr\/wp-content\/uploads\/sites\/3\/2023\/12\/DSC_0065.jpg','https:\/\/geemarc.com\/fr\/wp-content\/uploads\/sites\/3\/2023\/12\/DSC_0064.jpg','https:\/\/geemarc.com\/fr\/wp-content\/uploads\/sites\/3\/2023\/12\/DSC_0063.jpg','https:\/\/geemarc.com\/fr\/wp-content\/uploads\/sites\/3\/2023\/12\/DSC_0062.jpg','https:\/\/geemarc.com\/fr\/wp-content\/uploads\/sites\/3\/2023\/12\/DSC_0061.jpg','https:\/\/geemarc.com\/fr\/wp-content\/uploads\/sites\/3\/2023\/12\/DSC_0060.jpg','https:\/\/geemarc.com\/fr\/wp-content\/uploads\/sites\/3\/2023\/12\/DSC_0059.jpg','https:\/\/geemarc.com\/fr\/wp-content\/uploads\/sites\/3\/2023\/12\/DSC_0058.jpg','https:\/\/geemarc.com\/fr\/wp-content\/uploads\/sites\/3\/2023\/12\/DSC_0057.jpg'],\r\n\t\theight: 0,\r\n\t\twidth: 800,\r\n\t\tnavigation: true,\r\n\t\tdrag: true,\r\n\t\tshowCursor: true,\r\n\t\tinterval: 120,\r\n\t\tspeedMultiplier: 3,\r\n\t\t\t\tstartAutoplay: true,\r\n\t\t\t\tonReady: function() {\r\n\t\t\t$(\"#threesixty-slider-11091_drorO9\").removeClass('threesixty-loading');\r\n\t\t\t\t\t\tproduct_11091_drorO9.play();\r\n\t\t\t\t\t\t\t\t}\r\n\t\t\t});\r\n\t\t\t}(jQuery));\r\n<\/script>\n<div class=\"success p-tmpl-wrap primary-background\">\n<p><img class=\"p1\" src=\"https:\/\/geemarc.com\/uk\/wp-content\/uploads\/sites\/2\/2019\/04\/Photo-template-Urgence.png\" \/><img class=\"p2\" src=\"https:\/\/geemarc.com\/uk\/wp-content\/uploads\/sites\/2\/2019\/04\/Photo-template-portrait.png\" \/><span class=\"h3 bold\" data-wahfont=\"20\">IMPRESSION DE VOS PHOTOS<\/span><span class=\"h3\" data-wahfont=\"20\">Nouveaut\u00e9s et exclusivit\u00e9 Geemarc Telecom<\/span><\/p>\n<div style=\"margin: 10px 0 15px; line-height: 17px;\">Un mod\u00e8le facile \u00e0 utiliser pour t\u00e9l\u00e9charger vos images et les imprimer pour les boutons des photophones.<br \/>\nCliquez sur le bouton ci-dessous.<\/div>\n<div class=\"table-cell button-right\" style=\"margin-top: 10px;\"><a class=\"button filled\" href=\"https:\/\/geemarc.com\/p_editor\/cl9000\/f\/editor\/\" target=\"_blank\" rel=\"noopener\" data-wahfont=\"12\">Mod\u00e8le de photos<\/a><\/div>\n<\/div>\n<p>&nbsp;<\/p>\n","protected":false},"excerpt":{"rendered":"<p>T\u00e9l\u00e9phone appel d\u2019urgence 4G avec t\u00e9l\u00e9commande SOS et emplacement carte NANO SIM<\/p>\n","protected":false},"featured_media":11088,"template":"","meta":[],"product_cat":[129],"product_tag":[],"yoast_head":"<!-- This site is optimized with the Yoast SEO plugin v16.9 - https:\/\/yoast.com\/wordpress\/plugins\/seo\/ -->\n<title>CL9000 - Geemarc France<\/title>\n<meta name=\"robots\" content=\"index, follow, max-snippet:-1, max-image-preview:large, max-video-preview:-1\" \/>\n<link rel=\"canonical\" href=\"https:\/\/geemarc.com\/fr\/product\/cl9000\/\" \/>\n<meta property=\"og:locale\" content=\"fr_FR\" \/>\n<meta property=\"og:type\" content=\"article\" \/>\n<meta property=\"og:title\" content=\"CL9000 - Geemarc France\" \/>\n<meta property=\"og:description\" content=\"T\u00e9l\u00e9phone appel d\u2019urgence 4G avec t\u00e9l\u00e9commande SOS et emplacement carte NANO SIM\" \/>\n<meta property=\"og:url\" content=\"https:\/\/geemarc.com\/fr\/product\/cl9000\/\" \/>\n<meta property=\"og:site_name\" content=\"Geemarc France\" \/>\n<meta property=\"article:modified_time\" content=\"2026-03-13T11:25:25+00:00\" \/>\n<meta property=\"og:image\" content=\"https:\/\/geemarc.com\/fr\/wp-content\/uploads\/sites\/3\/2023\/12\/CL9000_Angle03Tel-remote-scaled.jpg\" \/>\n\t<meta property=\"og:image:width\" content=\"2560\" \/>\n\t<meta property=\"og:image:height\" content=\"2030\" \/>\n<meta name=\"twitter:card\" content=\"summary_large_image\" \/>\n<meta name=\"twitter:label1\" content=\"Dur\u00e9e de lecture est.\" \/>\n\t<meta name=\"twitter:data1\" content=\"2 minutes\" \/>\n<script type=\"application\/ld+json\" class=\"yoast-schema-graph\">{\"@context\":\"https:\/\/schema.org\",\"@graph\":[{\"@type\":\"WebSite\",\"@id\":\"https:\/\/geemarc.com\/fr\/#website\",\"url\":\"https:\/\/geemarc.com\/fr\/\",\"name\":\"Geemarc France\",\"description\":\"\",\"potentialAction\":[{\"@type\":\"SearchAction\",\"target\":{\"@type\":\"EntryPoint\",\"urlTemplate\":\"https:\/\/geemarc.com\/fr\/?s={search_term_string}\"},\"query-input\":\"required name=search_term_string\"}],\"inLanguage\":\"fr-FR\"},{\"@type\":\"ImageObject\",\"@id\":\"https:\/\/geemarc.com\/fr\/product\/cl9000\/#primaryimage\",\"inLanguage\":\"fr-FR\",\"url\":\"https:\/\/geemarc.com\/fr\/wp-content\/uploads\/sites\/3\/2023\/12\/CL9000_Angle03Tel-remote-scaled.jpg\",\"contentUrl\":\"https:\/\/geemarc.com\/fr\/wp-content\/uploads\/sites\/3\/2023\/12\/CL9000_Angle03Tel-remote-scaled.jpg\",\"width\":2560,\"height\":2030,\"caption\":\"OLYMPUS DIGITAL CAMERA\"},{\"@type\":\"WebPage\",\"@id\":\"https:\/\/geemarc.com\/fr\/product\/cl9000\/#webpage\",\"url\":\"https:\/\/geemarc.com\/fr\/product\/cl9000\/\",\"name\":\"CL9000 - Geemarc France\",\"isPartOf\":{\"@id\":\"https:\/\/geemarc.com\/fr\/#website\"},\"primaryImageOfPage\":{\"@id\":\"https:\/\/geemarc.com\/fr\/product\/cl9000\/#primaryimage\"},\"datePublished\":\"2023-12-07T14:23:36+00:00\",\"dateModified\":\"2026-03-13T11:25:25+00:00\",\"breadcrumb\":{\"@id\":\"https:\/\/geemarc.com\/fr\/product\/cl9000\/#breadcrumb\"},\"inLanguage\":\"fr-FR\",\"potentialAction\":[{\"@type\":\"ReadAction\",\"target\":[\"https:\/\/geemarc.com\/fr\/product\/cl9000\/\"]}]},{\"@type\":\"BreadcrumbList\",\"@id\":\"https:\/\/geemarc.com\/fr\/product\/cl9000\/#breadcrumb\",\"itemListElement\":[{\"@type\":\"ListItem\",\"position\":1,\"name\":\"Home\",\"item\":\"https:\/\/geemarc.com\/fr\/\"},{\"@type\":\"ListItem\",\"position\":2,\"name\":\"Shop\",\"item\":\"https:\/\/geemarc.com\/fr\/shop\/\"},{\"@type\":\"ListItem\",\"position\":3,\"name\":\"CL9000\"}]}]}<\/script>\n<!-- \/ Yoast SEO plugin. -->","yoast_head_json":{"title":"CL9000 - Geemarc France","robots":{"index":"index","follow":"follow","max-snippet":"max-snippet:-1","max-image-preview":"max-image-preview:large","max-video-preview":"max-video-preview:-1"},"canonical":"https:\/\/geemarc.com\/fr\/product\/cl9000\/","og_locale":"fr_FR","og_type":"article","og_title":"CL9000 - Geemarc France","og_description":"T\u00e9l\u00e9phone appel d\u2019urgence 4G avec t\u00e9l\u00e9commande SOS et emplacement carte NANO SIM","og_url":"https:\/\/geemarc.com\/fr\/product\/cl9000\/","og_site_name":"Geemarc France","article_modified_time":"2026-03-13T11:25:25+00:00","og_image":[{"width":2560,"height":2030,"url":"https:\/\/geemarc.com\/fr\/wp-content\/uploads\/sites\/3\/2023\/12\/CL9000_Angle03Tel-remote-scaled.jpg","path":"\/home\/g\/e\/geemarcwp\/public_html\/wp-content\/uploads\/sites\/3\/2023\/12\/CL9000_Angle03Tel-remote-scaled.jpg","size":"full","id":11088,"alt":"","pixels":5196800,"type":"image\/jpeg"}],"twitter_card":"summary_large_image","twitter_misc":{"Dur\u00e9e de lecture est.":"2 minutes"},"schema":{"@context":"https:\/\/schema.org","@graph":[{"@type":"WebSite","@id":"https:\/\/geemarc.com\/fr\/#website","url":"https:\/\/geemarc.com\/fr\/","name":"Geemarc France","description":"","potentialAction":[{"@type":"SearchAction","target":{"@type":"EntryPoint","urlTemplate":"https:\/\/geemarc.com\/fr\/?s={search_term_string}"},"query-input":"required name=search_term_string"}],"inLanguage":"fr-FR"},{"@type":"ImageObject","@id":"https:\/\/geemarc.com\/fr\/product\/cl9000\/#primaryimage","inLanguage":"fr-FR","url":"https:\/\/geemarc.com\/fr\/wp-content\/uploads\/sites\/3\/2023\/12\/CL9000_Angle03Tel-remote-scaled.jpg","contentUrl":"https:\/\/geemarc.com\/fr\/wp-content\/uploads\/sites\/3\/2023\/12\/CL9000_Angle03Tel-remote-scaled.jpg","width":2560,"height":2030,"caption":"OLYMPUS DIGITAL CAMERA"},{"@type":"WebPage","@id":"https:\/\/geemarc.com\/fr\/product\/cl9000\/#webpage","url":"https:\/\/geemarc.com\/fr\/product\/cl9000\/","name":"CL9000 - Geemarc France","isPartOf":{"@id":"https:\/\/geemarc.com\/fr\/#website"},"primaryImageOfPage":{"@id":"https:\/\/geemarc.com\/fr\/product\/cl9000\/#primaryimage"},"datePublished":"2023-12-07T14:23:36+00:00","dateModified":"2026-03-13T11:25:25+00:00","breadcrumb":{"@id":"https:\/\/geemarc.com\/fr\/product\/cl9000\/#breadcrumb"},"inLanguage":"fr-FR","potentialAction":[{"@type":"ReadAction","target":["https:\/\/geemarc.com\/fr\/product\/cl9000\/"]}]},{"@type":"BreadcrumbList","@id":"https:\/\/geemarc.com\/fr\/product\/cl9000\/#breadcrumb","itemListElement":[{"@type":"ListItem","position":1,"name":"Home","item":"https:\/\/geemarc.com\/fr\/"},{"@type":"ListItem","position":2,"name":"Shop","item":"https:\/\/geemarc.com\/fr\/shop\/"},{"@type":"ListItem","position":3,"name":"CL9000"}]}]}},"acf":[],"_links":{"self":[{"href":"https:\/\/geemarc.com\/fr\/wp-json\/wp\/v2\/product\/11079"}],"collection":[{"href":"https:\/\/geemarc.com\/fr\/wp-json\/wp\/v2\/product"}],"about":[{"href":"https:\/\/geemarc.com\/fr\/wp-json\/wp\/v2\/types\/product"}],"wp:featuredmedia":[{"embeddable":true,"href":"https:\/\/geemarc.com\/fr\/wp-json\/wp\/v2\/media\/11088"}],"wp:attachment":[{"href":"https:\/\/geemarc.com\/fr\/wp-json\/wp\/v2\/media?parent=11079"}],"wp:term":[{"taxonomy":"product_cat","embeddable":true,"href":"https:\/\/geemarc.com\/fr\/wp-json\/wp\/v2\/product_cat?post=11079"},{"taxonomy":"product_tag","embeddable":true,"href":"https:\/\/geemarc.com\/fr\/wp-json\/wp\/v2\/product_tag?post=11079"}],"curies":[{"name":"wp","href":"https:\/\/api.w.org\/{rel}","templated":true}]}}