{"id":11135,"date":"2023-12-14T14:54:46","date_gmt":"2023-12-14T14:54:46","guid":{"rendered":"https:\/\/geemarc.com\/fr\/?post_type=product&#038;p=11135"},"modified":"2025-06-19T14:41:30","modified_gmt":"2025-06-19T14:41:30","slug":"sos-pro-595","status":"publish","type":"product","link":"https:\/\/geemarc.com\/fr\/product\/sos-pro-595\/","title":{"rendered":"SOS-PRO 595"},"content":{"rendered":"<p><strong>DESCRIPTIF<\/strong><\/p>\n<p>Le SOS-PRO 595 est un appareil additionnel <strong><u>uniquement<\/u><\/strong> compatible avec la gamme 595. Il permet de r\u00e9ceptionner vos appels entrants et de converser en mode mains libres. Deux m\u00e9moires directes (M1+M2) permettent de g\u00e9n\u00e9rer des appels directs vers vos correspondants favoris. Gr\u00e2ce au SOS-PRO 595, vous aurez \u00e9galement la possibilit\u00e9 de g\u00e9n\u00e9rer des appels d\u2019urgence.<\/p>\n<p>&nbsp;<\/p>\n<p><strong>CARACTERISTIQUE<\/strong><\/p>\n<ul>\n<li>5 boutons sur le SOS-PRO 595\u00a0:<\/li>\n<\/ul>\n<p>&#8211;\u00a0 \u00a0 Volume +<\/p>\n<p>&#8211;\u00a0 \u00a0 Volume \u2013<\/p>\n<p>&#8211;\u00a0 \u00a0 2 m\u00e9moires directes<\/p>\n<p>&#8211;\u00a0 \u00a0 Bouton SOS\/Prise des appels entrants<\/p>\n<ul>\n<li>Bouton SOS\u00a0:<\/li>\n<\/ul>\n<p>&#8211;\u00a0 \u00a0 Possibilit\u00e9 de g\u00e9n\u00e9rer des appels d\u2019urgence vers 4 num\u00e9ros<\/p>\n<ul>\n<li>Message d\u2019urgence personnalisable vocal.<\/li>\n<li>4 langues sont disponibles\u00a0: anglais, fran\u00e7ais, allemand, n\u00e9erlandais<\/li>\n<li>R\u00e9glage volume de sonnerie<\/li>\n<li>R\u00e9glage volume haut-parleur (5 niveaux)<\/li>\n<li>Conversation mains libres<\/li>\n<li>Bip d\u2019alerte lorsque le SOS-PRO 595 est hors de port\u00e9e de sa base<\/li>\n<li>Indicateur visuel de l\u2019\u00e9tat de la batterie (LED rouge)<\/li>\n<li>Indicateur visuel lorsque vous recevez un appel ou pendant une conversation (LED bleu)<\/li>\n<\/ul>\n<p>&nbsp;<\/p>\n<p><strong>TECHNIQUE<\/strong><\/p>\n<ul>\n<li>Technologie GAP<\/li>\n<li>Batterie\u00a0300mAh Li-Polym\u00e8re<\/li>\n<li>Autonomie en mode veille :60 heures Autonomie en utilisation : 5 heures<\/li>\n<li>Le SOS-PRO 595 se recharge automatiquement lorsqu\u2019il est plac\u00e9 sur sa base.<\/li>\n<li>Port\u00e9e 200m en champ libre et 30m en int\u00e9rieur<\/li>\n<li>Poids du pendentif d\u2019alarme : 58g<\/li>\n<li>Poids de du socle de charge\u00a0: 126g<\/li>\n<li>Poids total\u00a0: 184g<\/li>\n<\/ul>\n<p>&nbsp;<\/p>\n<div id=\"threesixty-slider-11136_P7NgVF\" class=\"threesixty-loading threesixty-image threesixty-dark-blue threesixty-vintage threesixty-no-border\" style=\"width: 800px;\">\r\n\t<div class=\"threesixty-preview-11136_P7NgVF\"><img class=\"threesixty-preview-image\" src=\"https:\/\/geemarc.com\/fr\/wp-content\/uploads\/sites\/3\/2023\/12\/SOS-PRO-595-8.jpg\"\/><\/div>\r\n\t<div class=\"threesixty-spinner threesixty-spinner-11136_P7NgVF\">\r\n\t\t<span>0%<\/span>\r\n\t<\/div>\r\n\t<ol class=\"threesixty-images threesixty-images-11136_P7NgVF\"><\/ol>\r\n\t\t\t<a href=\"#threesixty-slider-11136_P7NgVF\" class=\"threesixty-mfp-anchor\"><\/a>\r\n\t<\/div>\r\n<!--SPV--><script type=\"text\/javascript\">\/\/SPV\r\n(function($) {\r\n\t\t$('#threesixty-slider-11136_P7NgVF .threesixty-mfp-anchor').magnificPopup({\r\n\t\ttype:'inline',\r\n\t\tcloseOnBgClick: true,\r\n\t\tmidClick: true,\r\n\t\t\/\/removalDelay: 300,\r\n  \t\t\/\/mainClass: 'mfp-fade',\r\n\t\tcallbacks: {\r\n\t\t\t resize: function() {\r\n\t\t\t \tvar originalHeight \t= 487,\r\n\t\t\t \t\toriginalWidth \t= 800,\r\n\t\t\t \t\tmfpHeight \t\t= 487,\r\n\t\t\t \t\tmfpWidth \t\t= 800,\r\n\t\t\t \t\tratio \t\t\t= originalWidth \/ originalHeight,\r\n\t\t\t \t\twinHeight \t\t= $(window).height(),\r\n\t\t\t \t\twinWidth \t\t= $(window).width();\r\n\t\t\t \t\r\n\t\t\t \tif ( originalHeight > winHeight * 0.9 ) {\r\n\t\t\t \t\tmfpHeight \t\t= winHeight * 0.9;\r\n\t\t\t \t\tmfpWidth \t\t= mfpHeight * ratio;\r\n\t\t\t\t}\r\n\t\t\t\tif ( mfpWidth > winWidth * 0.9 ) {\r\n\t\t\t \t\tmfpWidth \t\t= winWidth * 0.9;\r\n\t\t\t \t\tmfpHeight \t\t= mfpWidth \/ ratio;\r\n\t\t\t\t}\r\n\t\t\t \tif ( mfpHeight < originalHeight && mfpWidth < originalWidth ) {\r\n\t\t\t\t    $('#threesixty-slider-11136_P7NgVF').height(mfpHeight);\r\n\t\t\t\t    $('#threesixty-slider-11136_P7NgVF').width(mfpWidth);\r\n\t\t\t\t} \r\n\t\t\t\telse {\r\n\t\t\t\t    $('#threesixty-slider-11136_P7NgVF').height(originalHeight);\r\n\t\t\t\t    $('#threesixty-slider-11136_P7NgVF').width(originalWidth);\r\n\t\t\t\t}\r\n\t\t\t},\r\n\t\t\tclose: function() {\r\n\t\t\t    $('#threesixty-slider-11136_P7NgVF').height('auto');\r\n\t\t\t    $('#threesixty-slider-11136_P7NgVF').width(800);\r\n\t\t\t}\r\n\t\t},\r\n\t\tcloseMarkup :\"<button class=\\\"mfp-close\\\"><\/button>\"\r\n\t});\r\n\t\tvar product_11136_P7NgVF = $('#threesixty-slider-11136_P7NgVF').ThreeSixty({\r\n\t\ttotalFrames: 36,\r\n\t\tendFrame: 0,\r\n\t\tcurrentFrame: 36,\r\n\t\timgList: '.threesixty-images-11136_P7NgVF',\r\n\t\tprogress: '.threesixty-spinner-11136_P7NgVF',\r\n\t\tpreview: '.threesixty-preview-11136_P7NgVF',\r\n\t\timages: ['https:\/\/geemarc.com\/fr\/wp-content\/uploads\/sites\/3\/2023\/12\/SOS-PRO-595-7.jpg','https:\/\/geemarc.com\/fr\/wp-content\/uploads\/sites\/3\/2023\/12\/SOS-PRO-595-6.jpg','https:\/\/geemarc.com\/fr\/wp-content\/uploads\/sites\/3\/2023\/12\/SOS-PRO-595-5.jpg','https:\/\/geemarc.com\/fr\/wp-content\/uploads\/sites\/3\/2023\/12\/SOS-PRO-595-4.jpg','https:\/\/geemarc.com\/fr\/wp-content\/uploads\/sites\/3\/2023\/12\/SOS-PRO-595-3.jpg','https:\/\/geemarc.com\/fr\/wp-content\/uploads\/sites\/3\/2023\/12\/SOS-PRO-595-2.jpg','https:\/\/geemarc.com\/fr\/wp-content\/uploads\/sites\/3\/2023\/12\/SOS-PRO-595-1.jpg','https:\/\/geemarc.com\/fr\/wp-content\/uploads\/sites\/3\/2023\/12\/SOS-PRO-595-36.jpg','https:\/\/geemarc.com\/fr\/wp-content\/uploads\/sites\/3\/2023\/12\/SOS-PRO-595-35.jpg','https:\/\/geemarc.com\/fr\/wp-content\/uploads\/sites\/3\/2023\/12\/SOS-PRO-595-34.jpg','https:\/\/geemarc.com\/fr\/wp-content\/uploads\/sites\/3\/2023\/12\/SOS-PRO-595-33.jpg','https:\/\/geemarc.com\/fr\/wp-content\/uploads\/sites\/3\/2023\/12\/SOS-PRO-595-32.jpg','https:\/\/geemarc.com\/fr\/wp-content\/uploads\/sites\/3\/2023\/12\/SOS-PRO-595-31.jpg','https:\/\/geemarc.com\/fr\/wp-content\/uploads\/sites\/3\/2023\/12\/SOS-PRO-595-30.jpg','https:\/\/geemarc.com\/fr\/wp-content\/uploads\/sites\/3\/2023\/12\/SOS-PRO-595-29.jpg','https:\/\/geemarc.com\/fr\/wp-content\/uploads\/sites\/3\/2023\/12\/SOS-PRO-595-28.jpg','https:\/\/geemarc.com\/fr\/wp-content\/uploads\/sites\/3\/2023\/12\/SOS-PRO-595-27.jpg','https:\/\/geemarc.com\/fr\/wp-content\/uploads\/sites\/3\/2023\/12\/SOS-PRO-595-26.jpg','https:\/\/geemarc.com\/fr\/wp-content\/uploads\/sites\/3\/2023\/12\/SOS-PRO-595-25.jpg','https:\/\/geemarc.com\/fr\/wp-content\/uploads\/sites\/3\/2023\/12\/SOS-PRO-595-24.jpg','https:\/\/geemarc.com\/fr\/wp-content\/uploads\/sites\/3\/2023\/12\/SOS-PRO-595-23.jpg','https:\/\/geemarc.com\/fr\/wp-content\/uploads\/sites\/3\/2023\/12\/SOS-PRO-595-22.jpg','https:\/\/geemarc.com\/fr\/wp-content\/uploads\/sites\/3\/2023\/12\/SOS-PRO-595-21.jpg','https:\/\/geemarc.com\/fr\/wp-content\/uploads\/sites\/3\/2023\/12\/SOS-PRO-595-20.jpg','https:\/\/geemarc.com\/fr\/wp-content\/uploads\/sites\/3\/2023\/12\/SOS-PRO-595-19.jpg','https:\/\/geemarc.com\/fr\/wp-content\/uploads\/sites\/3\/2023\/12\/SOS-PRO-595-18.jpg','https:\/\/geemarc.com\/fr\/wp-content\/uploads\/sites\/3\/2023\/12\/SOS-PRO-595-17.jpg','https:\/\/geemarc.com\/fr\/wp-content\/uploads\/sites\/3\/2023\/12\/SOS-PRO-595-16.jpg','https:\/\/geemarc.com\/fr\/wp-content\/uploads\/sites\/3\/2023\/12\/SOS-PRO-595-15.jpg','https:\/\/geemarc.com\/fr\/wp-content\/uploads\/sites\/3\/2023\/12\/SOS-PRO-595-14.jpg','https:\/\/geemarc.com\/fr\/wp-content\/uploads\/sites\/3\/2023\/12\/SOS-PRO-595-13.jpg','https:\/\/geemarc.com\/fr\/wp-content\/uploads\/sites\/3\/2023\/12\/SOS-PRO-595-12.jpg','https:\/\/geemarc.com\/fr\/wp-content\/uploads\/sites\/3\/2023\/12\/SOS-PRO-595-11.jpg','https:\/\/geemarc.com\/fr\/wp-content\/uploads\/sites\/3\/2023\/12\/SOS-PRO-595-10.jpg','https:\/\/geemarc.com\/fr\/wp-content\/uploads\/sites\/3\/2023\/12\/SOS-PRO-595-9.jpg','https:\/\/geemarc.com\/fr\/wp-content\/uploads\/sites\/3\/2023\/12\/SOS-PRO-595-8.jpg'],\r\n\t\theight: 0,\r\n\t\twidth: 800,\r\n\t\tnavigation: true,\r\n\t\tdrag: true,\r\n\t\tshowCursor: true,\r\n\t\tinterval: 120,\r\n\t\tspeedMultiplier: 3,\r\n\t\t\t\tstartAutoplay: true,\r\n\t\t\t\tonReady: function() {\r\n\t\t\t$(\"#threesixty-slider-11136_P7NgVF\").removeClass('threesixty-loading');\r\n\t\t\t\t\t\tproduct_11136_P7NgVF.play();\r\n\t\t\t\t\t\t\t\t}\r\n\t\t\t});\r\n\t\t\t}(jQuery));\r\n<\/script>\n","protected":false},"excerpt":{"rendered":"<p>PENDANT additionnel sans fil compatible avec la gamme 595<\/p>\n","protected":false},"featured_media":11175,"template":"","meta":[],"product_cat":[129,130,132],"product_tag":[],"yoast_head":"<!-- This site is optimized with the Yoast SEO plugin v16.9 - https:\/\/yoast.com\/wordpress\/plugins\/seo\/ -->\n<title>SOS-PRO 595 - Geemarc France<\/title>\n<meta name=\"robots\" content=\"index, follow, max-snippet:-1, max-image-preview:large, max-video-preview:-1\" \/>\n<link rel=\"canonical\" href=\"https:\/\/geemarc.com\/fr\/product\/sos-pro-595\/\" \/>\n<meta property=\"og:locale\" content=\"fr_FR\" \/>\n<meta property=\"og:type\" content=\"article\" \/>\n<meta property=\"og:title\" content=\"SOS-PRO 595 - Geemarc France\" \/>\n<meta property=\"og:description\" content=\"PENDANT additionnel sans fil compatible avec la gamme 595\" \/>\n<meta property=\"og:url\" content=\"https:\/\/geemarc.com\/fr\/product\/sos-pro-595\/\" \/>\n<meta property=\"og:site_name\" content=\"Geemarc France\" \/>\n<meta property=\"article:modified_time\" content=\"2025-06-19T14:41:30+00:00\" \/>\n<meta property=\"og:image\" content=\"https:\/\/geemarc.com\/fr\/wp-content\/uploads\/sites\/3\/2023\/12\/SOS-PRO-595_6-scaled.jpg\" \/>\n\t<meta property=\"og:image:width\" content=\"2560\" \/>\n\t<meta property=\"og:image:height\" content=\"1702\" \/>\n<meta name=\"twitter:card\" content=\"summary_large_image\" \/>\n<meta name=\"twitter:label1\" content=\"Dur\u00e9e de lecture est.\" \/>\n\t<meta name=\"twitter:data1\" content=\"1 minute\" \/>\n<script type=\"application\/ld+json\" class=\"yoast-schema-graph\">{\"@context\":\"https:\/\/schema.org\",\"@graph\":[{\"@type\":\"WebSite\",\"@id\":\"https:\/\/geemarc.com\/fr\/#website\",\"url\":\"https:\/\/geemarc.com\/fr\/\",\"name\":\"Geemarc France\",\"description\":\"\",\"potentialAction\":[{\"@type\":\"SearchAction\",\"target\":{\"@type\":\"EntryPoint\",\"urlTemplate\":\"https:\/\/geemarc.com\/fr\/?s={search_term_string}\"},\"query-input\":\"required name=search_term_string\"}],\"inLanguage\":\"fr-FR\"},{\"@type\":\"ImageObject\",\"@id\":\"https:\/\/geemarc.com\/fr\/product\/sos-pro-595\/#primaryimage\",\"inLanguage\":\"fr-FR\",\"url\":\"https:\/\/geemarc.com\/fr\/wp-content\/uploads\/sites\/3\/2023\/12\/SOS-PRO-595_6-scaled.jpg\",\"contentUrl\":\"https:\/\/geemarc.com\/fr\/wp-content\/uploads\/sites\/3\/2023\/12\/SOS-PRO-595_6-scaled.jpg\",\"width\":2560,\"height\":1702},{\"@type\":\"WebPage\",\"@id\":\"https:\/\/geemarc.com\/fr\/product\/sos-pro-595\/#webpage\",\"url\":\"https:\/\/geemarc.com\/fr\/product\/sos-pro-595\/\",\"name\":\"SOS-PRO 595 - Geemarc France\",\"isPartOf\":{\"@id\":\"https:\/\/geemarc.com\/fr\/#website\"},\"primaryImageOfPage\":{\"@id\":\"https:\/\/geemarc.com\/fr\/product\/sos-pro-595\/#primaryimage\"},\"datePublished\":\"2023-12-14T14:54:46+00:00\",\"dateModified\":\"2025-06-19T14:41:30+00:00\",\"breadcrumb\":{\"@id\":\"https:\/\/geemarc.com\/fr\/product\/sos-pro-595\/#breadcrumb\"},\"inLanguage\":\"fr-FR\",\"potentialAction\":[{\"@type\":\"ReadAction\",\"target\":[\"https:\/\/geemarc.com\/fr\/product\/sos-pro-595\/\"]}]},{\"@type\":\"BreadcrumbList\",\"@id\":\"https:\/\/geemarc.com\/fr\/product\/sos-pro-595\/#breadcrumb\",\"itemListElement\":[{\"@type\":\"ListItem\",\"position\":1,\"name\":\"Home\",\"item\":\"https:\/\/geemarc.com\/fr\/\"},{\"@type\":\"ListItem\",\"position\":2,\"name\":\"Shop\",\"item\":\"https:\/\/geemarc.com\/fr\/shop\/\"},{\"@type\":\"ListItem\",\"position\":3,\"name\":\"SOS-PRO 595\"}]}]}<\/script>\n<!-- \/ Yoast SEO plugin. -->","yoast_head_json":{"title":"SOS-PRO 595 - Geemarc France","robots":{"index":"index","follow":"follow","max-snippet":"max-snippet:-1","max-image-preview":"max-image-preview:large","max-video-preview":"max-video-preview:-1"},"canonical":"https:\/\/geemarc.com\/fr\/product\/sos-pro-595\/","og_locale":"fr_FR","og_type":"article","og_title":"SOS-PRO 595 - Geemarc France","og_description":"PENDANT additionnel sans fil compatible avec la gamme 595","og_url":"https:\/\/geemarc.com\/fr\/product\/sos-pro-595\/","og_site_name":"Geemarc France","article_modified_time":"2025-06-19T14:41:30+00:00","og_image":[{"width":2560,"height":1702,"url":"https:\/\/geemarc.com\/fr\/wp-content\/uploads\/sites\/3\/2023\/12\/SOS-PRO-595_6-scaled.jpg","path":"\/home\/g\/e\/geemarcwp\/public_html\/wp-content\/uploads\/sites\/3\/2023\/12\/SOS-PRO-595_6-scaled.jpg","size":"full","id":11175,"alt":"","pixels":4357120,"type":"image\/jpeg"}],"twitter_card":"summary_large_image","twitter_misc":{"Dur\u00e9e de lecture est.":"1 minute"},"schema":{"@context":"https:\/\/schema.org","@graph":[{"@type":"WebSite","@id":"https:\/\/geemarc.com\/fr\/#website","url":"https:\/\/geemarc.com\/fr\/","name":"Geemarc France","description":"","potentialAction":[{"@type":"SearchAction","target":{"@type":"EntryPoint","urlTemplate":"https:\/\/geemarc.com\/fr\/?s={search_term_string}"},"query-input":"required name=search_term_string"}],"inLanguage":"fr-FR"},{"@type":"ImageObject","@id":"https:\/\/geemarc.com\/fr\/product\/sos-pro-595\/#primaryimage","inLanguage":"fr-FR","url":"https:\/\/geemarc.com\/fr\/wp-content\/uploads\/sites\/3\/2023\/12\/SOS-PRO-595_6-scaled.jpg","contentUrl":"https:\/\/geemarc.com\/fr\/wp-content\/uploads\/sites\/3\/2023\/12\/SOS-PRO-595_6-scaled.jpg","width":2560,"height":1702},{"@type":"WebPage","@id":"https:\/\/geemarc.com\/fr\/product\/sos-pro-595\/#webpage","url":"https:\/\/geemarc.com\/fr\/product\/sos-pro-595\/","name":"SOS-PRO 595 - Geemarc France","isPartOf":{"@id":"https:\/\/geemarc.com\/fr\/#website"},"primaryImageOfPage":{"@id":"https:\/\/geemarc.com\/fr\/product\/sos-pro-595\/#primaryimage"},"datePublished":"2023-12-14T14:54:46+00:00","dateModified":"2025-06-19T14:41:30+00:00","breadcrumb":{"@id":"https:\/\/geemarc.com\/fr\/product\/sos-pro-595\/#breadcrumb"},"inLanguage":"fr-FR","potentialAction":[{"@type":"ReadAction","target":["https:\/\/geemarc.com\/fr\/product\/sos-pro-595\/"]}]},{"@type":"BreadcrumbList","@id":"https:\/\/geemarc.com\/fr\/product\/sos-pro-595\/#breadcrumb","itemListElement":[{"@type":"ListItem","position":1,"name":"Home","item":"https:\/\/geemarc.com\/fr\/"},{"@type":"ListItem","position":2,"name":"Shop","item":"https:\/\/geemarc.com\/fr\/shop\/"},{"@type":"ListItem","position":3,"name":"SOS-PRO 595"}]}]}},"acf":[],"_links":{"self":[{"href":"https:\/\/geemarc.com\/fr\/wp-json\/wp\/v2\/product\/11135"}],"collection":[{"href":"https:\/\/geemarc.com\/fr\/wp-json\/wp\/v2\/product"}],"about":[{"href":"https:\/\/geemarc.com\/fr\/wp-json\/wp\/v2\/types\/product"}],"wp:featuredmedia":[{"embeddable":true,"href":"https:\/\/geemarc.com\/fr\/wp-json\/wp\/v2\/media\/11175"}],"wp:attachment":[{"href":"https:\/\/geemarc.com\/fr\/wp-json\/wp\/v2\/media?parent=11135"}],"wp:term":[{"taxonomy":"product_cat","embeddable":true,"href":"https:\/\/geemarc.com\/fr\/wp-json\/wp\/v2\/product_cat?post=11135"},{"taxonomy":"product_tag","embeddable":true,"href":"https:\/\/geemarc.com\/fr\/wp-json\/wp\/v2\/product_tag?post=11135"}],"curies":[{"name":"wp","href":"https:\/\/api.w.org\/{rel}","templated":true}]}}