{"id":11182,"date":"2023-12-14T15:24:09","date_gmt":"2023-12-14T15:24:09","guid":{"rendered":"https:\/\/geemarc.com\/fr\/?post_type=product&#038;p=11182"},"modified":"2025-06-19T14:42:16","modified_gmt":"2025-06-19T14:42:16","slug":"amplidect595-sos-pro","status":"publish","type":"product","link":"https:\/\/geemarc.com\/fr\/product\/amplidect595-sos-pro\/","title":{"rendered":"AMPLIDECT595 SOS-PRO"},"content":{"rendered":"<p><strong>APPELER\/REPONDRE<\/strong><\/p>\n<ul>\n<li>Compatible appareil auditif<\/li>\n<li>R\u00e9glage du volume de r\u00e9ception jusqu\u2019\u00e0 50dB<\/li>\n<li>Fonction Flash (100ms\/300ms\/600ms)<\/li>\n<li>Clavier avec larges touches r\u00e9tro \u00e9clair\u00e9es<\/li>\n<li>Mains libres sur le combin\u00e9<\/li>\n<li>R\u00e9glage du volume du haut-parleur<\/li>\n<li>R\u00e9pertoire (50 fiches : noms et num\u00e9ros)<\/li>\n<li>Rappel du dernier num\u00e9ro compos\u00e9 ou des 10 derniers<\/li>\n<li>Touche d\u2019acc\u00e8s rapide au r\u00e9pertoire et au menu sur le combin\u00e9<\/li>\n<li>Touche R pour double appel<\/li>\n<li>Touche d\u2019acc\u00e8s rapide pour le menu<\/li>\n<li>Touche Bis (rappel du dernier num\u00e9ro compos\u00e9)<\/li>\n<li>Possibilit\u00e9 de bloquer jusqu \u2018a 100 num\u00e9ros ind\u00e9sirables<\/li>\n<li>Message d\u2019urgence vocaux personnalisable ou 4 langues pr\u00e9enregistr\u00e9es sont disponible : Fran\u00e7ais, anglais, Allemand, N\u00e9erlandais.<\/li>\n<\/ul>\n<p>&nbsp;<\/p>\n<p><strong>ECRAN LCD<\/strong><\/p>\n<ul>\n<li>R\u00e9tro-\u00e9clair\u00e9 blanc<\/li>\n<li>Afficheur : 2 lignes alphanum\u00e9riques + 2 lignes d\u2019ic\u00f4nes \/ taille des caract\u00e8res : 9,5 mm<\/li>\n<li>Dimensions : 40&#215;32 mm<\/li>\n<li>S\u00e9lection entre 7 langues : Fran\u00e7ais, Anglais, Allemand, Italien, Espagnol, N\u00e9erlandais et Portugais<\/li>\n<li>Horodatage 12\/24 heures<\/li>\n<li>10 alarmes programmables avec function snooze et message vocal<\/li>\n<li>Indication du temps de communication<\/li>\n<\/ul>\n<p>&nbsp;<\/p>\n<p><strong>IDENTIFICATION D\u2019APPELS*<\/strong><\/p>\n<ul>\n<li>Pr\u00e9sentation du nom en mode raccroch\u00e9 (type 1) et en conversation (type 2)<br \/>\no 20 num\u00e9ros entrants<br \/>\no 10 num\u00e9ros sortants<\/li>\n<li>Transfert possible d\u2019un appel re\u00e7u vers le r\u00e9pertoire<\/li>\n<li>Pr\u00e9sentation du nom et du num\u00e9ro<\/li>\n<li>Indicateur d\u2019appel en attente<\/li>\n<li>Indicateur nouvel appel<\/li>\n<\/ul>\n<p>&nbsp;<\/p>\n<p><strong>SONNERIE<\/strong><\/p>\n<ul>\n<li>Sonneries puissantes : jusqu\u2019\u00e0 80dB sur le combin\u00e9 et sur la base<\/li>\n<li>5 sonneries polyphoniques et 5 normales sur le combin\u00e9<\/li>\n<li>Sonneries personnalisables pour les contacts du r\u00e9pertoire<\/li>\n<li>R\u00e9glage du volume de sonnerie : ARRET + 5 niveaux<\/li>\n<li>Indicateur lumineux de sonnerie<\/li>\n<\/ul>\n<p>&nbsp;<\/p>\n<p><strong>CARACTERISTIQUES DU PENDANT 595 SOS PRO<\/strong><\/p>\n<ul>\n<li>5 boutons sur le bo\u00eetier :<br \/>\n&#8211;\u00a0 \u00a0Volume +<br \/>\n&#8211;\u00a0 \u00a0Volume \u2013<br \/>\n&#8211;\u00a0 \u00a02 m\u00e9moires directes M1 &amp; M2<\/li>\n<li>Bouton SOS\/Prise des appels entrants<\/li>\n<li>Bouton SOS :<\/li>\n<li>Possibilit\u00e9 d\u2019enregistrer jusqu\u2019\u00e0 4 num\u00e9ros d\u2019urgence<\/li>\n<li>R\u00e9glage volume de sonnerie niveau 70db \u00e0 1 m\u00e8tre<\/li>\n<li>R\u00e9glage volume haut-parleur (5 niveaux)<\/li>\n<li>Fonction conversation mains libres<\/li>\n<li>Bip d\u2019alerte lorsque le PENDANT595 est hors de port\u00e9e de sa base<\/li>\n<li>Indicateur visuel de l\u2019\u00e9tat de la batterie (LED rouge)<\/li>\n<li>Indicateur visuel lorsque vous recevez un appel ou pendant une conversation (LED bleu)<\/li>\n<\/ul>\n<p>&nbsp;<\/p>\n<div id=\"threesixty-slider-11136_VC7WCF\" class=\"threesixty-loading threesixty-image threesixty-dark-blue threesixty-vintage threesixty-no-border\" style=\"width: 800px;\">\r\n\t<div class=\"threesixty-preview-11136_VC7WCF\"><img class=\"threesixty-preview-image\" src=\"https:\/\/geemarc.com\/fr\/wp-content\/uploads\/sites\/3\/2023\/12\/SOS-PRO-595-8.jpg\"\/><\/div>\r\n\t<div class=\"threesixty-spinner threesixty-spinner-11136_VC7WCF\">\r\n\t\t<span>0%<\/span>\r\n\t<\/div>\r\n\t<ol class=\"threesixty-images threesixty-images-11136_VC7WCF\"><\/ol>\r\n\t\t\t<a href=\"#threesixty-slider-11136_VC7WCF\" class=\"threesixty-mfp-anchor\"><\/a>\r\n\t<\/div>\r\n<!--SPV--><script type=\"text\/javascript\">\/\/SPV\r\n(function($) {\r\n\t\t$('#threesixty-slider-11136_VC7WCF .threesixty-mfp-anchor').magnificPopup({\r\n\t\ttype:'inline',\r\n\t\tcloseOnBgClick: true,\r\n\t\tmidClick: true,\r\n\t\t\/\/removalDelay: 300,\r\n  \t\t\/\/mainClass: 'mfp-fade',\r\n\t\tcallbacks: {\r\n\t\t\t resize: function() {\r\n\t\t\t \tvar originalHeight \t= 487,\r\n\t\t\t \t\toriginalWidth \t= 800,\r\n\t\t\t \t\tmfpHeight \t\t= 487,\r\n\t\t\t \t\tmfpWidth \t\t= 800,\r\n\t\t\t \t\tratio \t\t\t= originalWidth \/ originalHeight,\r\n\t\t\t \t\twinHeight \t\t= $(window).height(),\r\n\t\t\t \t\twinWidth \t\t= $(window).width();\r\n\t\t\t \t\r\n\t\t\t \tif ( originalHeight > winHeight * 0.9 ) {\r\n\t\t\t \t\tmfpHeight \t\t= winHeight * 0.9;\r\n\t\t\t \t\tmfpWidth \t\t= mfpHeight * ratio;\r\n\t\t\t\t}\r\n\t\t\t\tif ( mfpWidth > winWidth * 0.9 ) {\r\n\t\t\t \t\tmfpWidth \t\t= winWidth * 0.9;\r\n\t\t\t \t\tmfpHeight \t\t= mfpWidth \/ ratio;\r\n\t\t\t\t}\r\n\t\t\t \tif ( mfpHeight < originalHeight && mfpWidth < originalWidth ) {\r\n\t\t\t\t    $('#threesixty-slider-11136_VC7WCF').height(mfpHeight);\r\n\t\t\t\t    $('#threesixty-slider-11136_VC7WCF').width(mfpWidth);\r\n\t\t\t\t} \r\n\t\t\t\telse {\r\n\t\t\t\t    $('#threesixty-slider-11136_VC7WCF').height(originalHeight);\r\n\t\t\t\t    $('#threesixty-slider-11136_VC7WCF').width(originalWidth);\r\n\t\t\t\t}\r\n\t\t\t},\r\n\t\t\tclose: function() {\r\n\t\t\t    $('#threesixty-slider-11136_VC7WCF').height('auto');\r\n\t\t\t    $('#threesixty-slider-11136_VC7WCF').width(800);\r\n\t\t\t}\r\n\t\t},\r\n\t\tcloseMarkup :\"<button class=\\\"mfp-close\\\"><\/button>\"\r\n\t});\r\n\t\tvar product_11136_VC7WCF = $('#threesixty-slider-11136_VC7WCF').ThreeSixty({\r\n\t\ttotalFrames: 36,\r\n\t\tendFrame: 0,\r\n\t\tcurrentFrame: 36,\r\n\t\timgList: '.threesixty-images-11136_VC7WCF',\r\n\t\tprogress: '.threesixty-spinner-11136_VC7WCF',\r\n\t\tpreview: '.threesixty-preview-11136_VC7WCF',\r\n\t\timages: ['https:\/\/geemarc.com\/fr\/wp-content\/uploads\/sites\/3\/2023\/12\/SOS-PRO-595-7.jpg','https:\/\/geemarc.com\/fr\/wp-content\/uploads\/sites\/3\/2023\/12\/SOS-PRO-595-6.jpg','https:\/\/geemarc.com\/fr\/wp-content\/uploads\/sites\/3\/2023\/12\/SOS-PRO-595-5.jpg','https:\/\/geemarc.com\/fr\/wp-content\/uploads\/sites\/3\/2023\/12\/SOS-PRO-595-4.jpg','https:\/\/geemarc.com\/fr\/wp-content\/uploads\/sites\/3\/2023\/12\/SOS-PRO-595-3.jpg','https:\/\/geemarc.com\/fr\/wp-content\/uploads\/sites\/3\/2023\/12\/SOS-PRO-595-2.jpg','https:\/\/geemarc.com\/fr\/wp-content\/uploads\/sites\/3\/2023\/12\/SOS-PRO-595-1.jpg','https:\/\/geemarc.com\/fr\/wp-content\/uploads\/sites\/3\/2023\/12\/SOS-PRO-595-36.jpg','https:\/\/geemarc.com\/fr\/wp-content\/uploads\/sites\/3\/2023\/12\/SOS-PRO-595-35.jpg','https:\/\/geemarc.com\/fr\/wp-content\/uploads\/sites\/3\/2023\/12\/SOS-PRO-595-34.jpg','https:\/\/geemarc.com\/fr\/wp-content\/uploads\/sites\/3\/2023\/12\/SOS-PRO-595-33.jpg','https:\/\/geemarc.com\/fr\/wp-content\/uploads\/sites\/3\/2023\/12\/SOS-PRO-595-32.jpg','https:\/\/geemarc.com\/fr\/wp-content\/uploads\/sites\/3\/2023\/12\/SOS-PRO-595-31.jpg','https:\/\/geemarc.com\/fr\/wp-content\/uploads\/sites\/3\/2023\/12\/SOS-PRO-595-30.jpg','https:\/\/geemarc.com\/fr\/wp-content\/uploads\/sites\/3\/2023\/12\/SOS-PRO-595-29.jpg','https:\/\/geemarc.com\/fr\/wp-content\/uploads\/sites\/3\/2023\/12\/SOS-PRO-595-28.jpg','https:\/\/geemarc.com\/fr\/wp-content\/uploads\/sites\/3\/2023\/12\/SOS-PRO-595-27.jpg','https:\/\/geemarc.com\/fr\/wp-content\/uploads\/sites\/3\/2023\/12\/SOS-PRO-595-26.jpg','https:\/\/geemarc.com\/fr\/wp-content\/uploads\/sites\/3\/2023\/12\/SOS-PRO-595-25.jpg','https:\/\/geemarc.com\/fr\/wp-content\/uploads\/sites\/3\/2023\/12\/SOS-PRO-595-24.jpg','https:\/\/geemarc.com\/fr\/wp-content\/uploads\/sites\/3\/2023\/12\/SOS-PRO-595-23.jpg','https:\/\/geemarc.com\/fr\/wp-content\/uploads\/sites\/3\/2023\/12\/SOS-PRO-595-22.jpg','https:\/\/geemarc.com\/fr\/wp-content\/uploads\/sites\/3\/2023\/12\/SOS-PRO-595-21.jpg','https:\/\/geemarc.com\/fr\/wp-content\/uploads\/sites\/3\/2023\/12\/SOS-PRO-595-20.jpg','https:\/\/geemarc.com\/fr\/wp-content\/uploads\/sites\/3\/2023\/12\/SOS-PRO-595-19.jpg','https:\/\/geemarc.com\/fr\/wp-content\/uploads\/sites\/3\/2023\/12\/SOS-PRO-595-18.jpg','https:\/\/geemarc.com\/fr\/wp-content\/uploads\/sites\/3\/2023\/12\/SOS-PRO-595-17.jpg','https:\/\/geemarc.com\/fr\/wp-content\/uploads\/sites\/3\/2023\/12\/SOS-PRO-595-16.jpg','https:\/\/geemarc.com\/fr\/wp-content\/uploads\/sites\/3\/2023\/12\/SOS-PRO-595-15.jpg','https:\/\/geemarc.com\/fr\/wp-content\/uploads\/sites\/3\/2023\/12\/SOS-PRO-595-14.jpg','https:\/\/geemarc.com\/fr\/wp-content\/uploads\/sites\/3\/2023\/12\/SOS-PRO-595-13.jpg','https:\/\/geemarc.com\/fr\/wp-content\/uploads\/sites\/3\/2023\/12\/SOS-PRO-595-12.jpg','https:\/\/geemarc.com\/fr\/wp-content\/uploads\/sites\/3\/2023\/12\/SOS-PRO-595-11.jpg','https:\/\/geemarc.com\/fr\/wp-content\/uploads\/sites\/3\/2023\/12\/SOS-PRO-595-10.jpg','https:\/\/geemarc.com\/fr\/wp-content\/uploads\/sites\/3\/2023\/12\/SOS-PRO-595-9.jpg','https:\/\/geemarc.com\/fr\/wp-content\/uploads\/sites\/3\/2023\/12\/SOS-PRO-595-8.jpg'],\r\n\t\theight: 0,\r\n\t\twidth: 800,\r\n\t\tnavigation: true,\r\n\t\tdrag: true,\r\n\t\tshowCursor: true,\r\n\t\tinterval: 120,\r\n\t\tspeedMultiplier: 3,\r\n\t\t\t\tstartAutoplay: true,\r\n\t\t\t\tonReady: function() {\r\n\t\t\t$(\"#threesixty-slider-11136_VC7WCF\").removeClass('threesixty-loading');\r\n\t\t\t\t\t\tproduct_11136_VC7WCF.play();\r\n\t\t\t\t\t\t\t\t}\r\n\t\t\t});\r\n\t\t\t}(jQuery));\r\n<\/script>\n","protected":false},"excerpt":{"rendered":"<p>T\u00e9l\u00e9phone amplifi\u00e9 num\u00e9rique sans fil avec r\u00e9pondeur int\u00e9gr\u00e9 et pendentif inclus<\/p>\n","protected":false},"featured_media":11183,"template":"","meta":[],"product_cat":[130],"product_tag":[],"yoast_head":"<!-- This site is optimized with the Yoast SEO plugin v16.9 - https:\/\/yoast.com\/wordpress\/plugins\/seo\/ -->\n<title>AMPLIDECT595 SOS-PRO - Geemarc France<\/title>\n<meta name=\"robots\" content=\"index, follow, max-snippet:-1, max-image-preview:large, max-video-preview:-1\" \/>\n<link rel=\"canonical\" href=\"https:\/\/geemarc.com\/fr\/product\/amplidect595-sos-pro\/\" \/>\n<meta property=\"og:locale\" content=\"fr_FR\" \/>\n<meta property=\"og:type\" content=\"article\" \/>\n<meta property=\"og:title\" content=\"AMPLIDECT595 SOS-PRO - Geemarc France\" \/>\n<meta property=\"og:description\" content=\"T\u00e9l\u00e9phone amplifi\u00e9 num\u00e9rique sans fil avec r\u00e9pondeur int\u00e9gr\u00e9 et pendentif inclus\" \/>\n<meta property=\"og:url\" content=\"https:\/\/geemarc.com\/fr\/product\/amplidect595-sos-pro\/\" \/>\n<meta property=\"og:site_name\" content=\"Geemarc France\" \/>\n<meta property=\"article:modified_time\" content=\"2025-06-19T14:42:16+00:00\" \/>\n<meta property=\"og:image\" content=\"https:\/\/geemarc.com\/fr\/wp-content\/uploads\/sites\/3\/2023\/12\/AMPLIDECT595-SOS-PRO_1_no-shadow-scaled.jpg\" \/>\n\t<meta property=\"og:image:width\" content=\"2560\" \/>\n\t<meta property=\"og:image:height\" content=\"1970\" \/>\n<meta name=\"twitter:card\" content=\"summary_large_image\" \/>\n<meta name=\"twitter:label1\" content=\"Dur\u00e9e de lecture est.\" \/>\n\t<meta name=\"twitter:data1\" content=\"2 minutes\" \/>\n<script type=\"application\/ld+json\" class=\"yoast-schema-graph\">{\"@context\":\"https:\/\/schema.org\",\"@graph\":[{\"@type\":\"WebSite\",\"@id\":\"https:\/\/geemarc.com\/fr\/#website\",\"url\":\"https:\/\/geemarc.com\/fr\/\",\"name\":\"Geemarc France\",\"description\":\"\",\"potentialAction\":[{\"@type\":\"SearchAction\",\"target\":{\"@type\":\"EntryPoint\",\"urlTemplate\":\"https:\/\/geemarc.com\/fr\/?s={search_term_string}\"},\"query-input\":\"required name=search_term_string\"}],\"inLanguage\":\"fr-FR\"},{\"@type\":\"ImageObject\",\"@id\":\"https:\/\/geemarc.com\/fr\/product\/amplidect595-sos-pro\/#primaryimage\",\"inLanguage\":\"fr-FR\",\"url\":\"https:\/\/geemarc.com\/fr\/wp-content\/uploads\/sites\/3\/2023\/12\/AMPLIDECT595-SOS-PRO_1_no-shadow-scaled.jpg\",\"contentUrl\":\"https:\/\/geemarc.com\/fr\/wp-content\/uploads\/sites\/3\/2023\/12\/AMPLIDECT595-SOS-PRO_1_no-shadow-scaled.jpg\",\"width\":2560,\"height\":1970},{\"@type\":\"WebPage\",\"@id\":\"https:\/\/geemarc.com\/fr\/product\/amplidect595-sos-pro\/#webpage\",\"url\":\"https:\/\/geemarc.com\/fr\/product\/amplidect595-sos-pro\/\",\"name\":\"AMPLIDECT595 SOS-PRO - Geemarc France\",\"isPartOf\":{\"@id\":\"https:\/\/geemarc.com\/fr\/#website\"},\"primaryImageOfPage\":{\"@id\":\"https:\/\/geemarc.com\/fr\/product\/amplidect595-sos-pro\/#primaryimage\"},\"datePublished\":\"2023-12-14T15:24:09+00:00\",\"dateModified\":\"2025-06-19T14:42:16+00:00\",\"breadcrumb\":{\"@id\":\"https:\/\/geemarc.com\/fr\/product\/amplidect595-sos-pro\/#breadcrumb\"},\"inLanguage\":\"fr-FR\",\"potentialAction\":[{\"@type\":\"ReadAction\",\"target\":[\"https:\/\/geemarc.com\/fr\/product\/amplidect595-sos-pro\/\"]}]},{\"@type\":\"BreadcrumbList\",\"@id\":\"https:\/\/geemarc.com\/fr\/product\/amplidect595-sos-pro\/#breadcrumb\",\"itemListElement\":[{\"@type\":\"ListItem\",\"position\":1,\"name\":\"Home\",\"item\":\"https:\/\/geemarc.com\/fr\/\"},{\"@type\":\"ListItem\",\"position\":2,\"name\":\"Shop\",\"item\":\"https:\/\/geemarc.com\/fr\/shop\/\"},{\"@type\":\"ListItem\",\"position\":3,\"name\":\"AMPLIDECT595 SOS-PRO\"}]}]}<\/script>\n<!-- \/ Yoast SEO plugin. -->","yoast_head_json":{"title":"AMPLIDECT595 SOS-PRO - Geemarc France","robots":{"index":"index","follow":"follow","max-snippet":"max-snippet:-1","max-image-preview":"max-image-preview:large","max-video-preview":"max-video-preview:-1"},"canonical":"https:\/\/geemarc.com\/fr\/product\/amplidect595-sos-pro\/","og_locale":"fr_FR","og_type":"article","og_title":"AMPLIDECT595 SOS-PRO - Geemarc France","og_description":"T\u00e9l\u00e9phone amplifi\u00e9 num\u00e9rique sans fil avec r\u00e9pondeur int\u00e9gr\u00e9 et pendentif inclus","og_url":"https:\/\/geemarc.com\/fr\/product\/amplidect595-sos-pro\/","og_site_name":"Geemarc France","article_modified_time":"2025-06-19T14:42:16+00:00","og_image":[{"width":2560,"height":1970,"url":"https:\/\/geemarc.com\/fr\/wp-content\/uploads\/sites\/3\/2023\/12\/AMPLIDECT595-SOS-PRO_1_no-shadow-scaled.jpg","path":"\/home\/g\/e\/geemarcwp\/public_html\/wp-content\/uploads\/sites\/3\/2023\/12\/AMPLIDECT595-SOS-PRO_1_no-shadow-scaled.jpg","size":"full","id":11183,"alt":"","pixels":5043200,"type":"image\/jpeg"}],"twitter_card":"summary_large_image","twitter_misc":{"Dur\u00e9e de lecture est.":"2 minutes"},"schema":{"@context":"https:\/\/schema.org","@graph":[{"@type":"WebSite","@id":"https:\/\/geemarc.com\/fr\/#website","url":"https:\/\/geemarc.com\/fr\/","name":"Geemarc France","description":"","potentialAction":[{"@type":"SearchAction","target":{"@type":"EntryPoint","urlTemplate":"https:\/\/geemarc.com\/fr\/?s={search_term_string}"},"query-input":"required name=search_term_string"}],"inLanguage":"fr-FR"},{"@type":"ImageObject","@id":"https:\/\/geemarc.com\/fr\/product\/amplidect595-sos-pro\/#primaryimage","inLanguage":"fr-FR","url":"https:\/\/geemarc.com\/fr\/wp-content\/uploads\/sites\/3\/2023\/12\/AMPLIDECT595-SOS-PRO_1_no-shadow-scaled.jpg","contentUrl":"https:\/\/geemarc.com\/fr\/wp-content\/uploads\/sites\/3\/2023\/12\/AMPLIDECT595-SOS-PRO_1_no-shadow-scaled.jpg","width":2560,"height":1970},{"@type":"WebPage","@id":"https:\/\/geemarc.com\/fr\/product\/amplidect595-sos-pro\/#webpage","url":"https:\/\/geemarc.com\/fr\/product\/amplidect595-sos-pro\/","name":"AMPLIDECT595 SOS-PRO - Geemarc France","isPartOf":{"@id":"https:\/\/geemarc.com\/fr\/#website"},"primaryImageOfPage":{"@id":"https:\/\/geemarc.com\/fr\/product\/amplidect595-sos-pro\/#primaryimage"},"datePublished":"2023-12-14T15:24:09+00:00","dateModified":"2025-06-19T14:42:16+00:00","breadcrumb":{"@id":"https:\/\/geemarc.com\/fr\/product\/amplidect595-sos-pro\/#breadcrumb"},"inLanguage":"fr-FR","potentialAction":[{"@type":"ReadAction","target":["https:\/\/geemarc.com\/fr\/product\/amplidect595-sos-pro\/"]}]},{"@type":"BreadcrumbList","@id":"https:\/\/geemarc.com\/fr\/product\/amplidect595-sos-pro\/#breadcrumb","itemListElement":[{"@type":"ListItem","position":1,"name":"Home","item":"https:\/\/geemarc.com\/fr\/"},{"@type":"ListItem","position":2,"name":"Shop","item":"https:\/\/geemarc.com\/fr\/shop\/"},{"@type":"ListItem","position":3,"name":"AMPLIDECT595 SOS-PRO"}]}]}},"acf":[],"_links":{"self":[{"href":"https:\/\/geemarc.com\/fr\/wp-json\/wp\/v2\/product\/11182"}],"collection":[{"href":"https:\/\/geemarc.com\/fr\/wp-json\/wp\/v2\/product"}],"about":[{"href":"https:\/\/geemarc.com\/fr\/wp-json\/wp\/v2\/types\/product"}],"wp:featuredmedia":[{"embeddable":true,"href":"https:\/\/geemarc.com\/fr\/wp-json\/wp\/v2\/media\/11183"}],"wp:attachment":[{"href":"https:\/\/geemarc.com\/fr\/wp-json\/wp\/v2\/media?parent=11182"}],"wp:term":[{"taxonomy":"product_cat","embeddable":true,"href":"https:\/\/geemarc.com\/fr\/wp-json\/wp\/v2\/product_cat?post=11182"},{"taxonomy":"product_tag","embeddable":true,"href":"https:\/\/geemarc.com\/fr\/wp-json\/wp\/v2\/product_tag?post=11182"}],"curies":[{"name":"wp","href":"https:\/\/api.w.org\/{rel}","templated":true}]}}