{"id":11204,"date":"2023-12-21T15:36:49","date_gmt":"2023-12-21T15:36:49","guid":{"rendered":"https:\/\/geemarc.com\/fr\/?post_type=product&#038;p=11204"},"modified":"2024-02-01T11:01:43","modified_gmt":"2024-02-01T11:01:43","slug":"ibt10","status":"publish","type":"product","link":"https:\/\/geemarc.com\/fr\/product\/ibt10\/","title":{"rendered":"iBT10"},"content":{"rendered":"<p><strong>CARACT\u00c9RISTIQUES<\/strong><\/p>\n<ul>\n<li>Bo\u00eetier amplificateur audio Bluetooth<\/li>\n<li>Deux modes d\u2019\u00e9coute diff\u00e9rents\u00a0: n bo\u00eetier<\/li>\n<li>Possibilit\u00e9 de connecter 2 appareils Bluetooth<\/li>\n<li>R\u00e9glage volume jusqu\u2019\u00e0 <strong>30dB<\/strong><\/li>\n<li>R\u00e9glage de la tonalit\u00e9<\/li>\n<li>Port\u00e9e sans fil : 10m<\/li>\n<li>Indicateurs du niveau de batterie par LEDs<\/li>\n<li>Port de chargement USB Type C<\/li>\n<\/ul>\n<p>&nbsp;<\/p>\n<p><strong>TECHNIQUE<\/strong><\/p>\n<ul>\n<li>Fonctionne sur batterie 500mAH Li-poly int\u00e9gr\u00e9<\/li>\n<li>Bluetooth version 5.0 multipoint, fonctionne avec t\u00e9l\u00e9phones mobiles iOS\/Android ou d\u2019autres appareil Bluetooth (TV, PC \u2026.)<\/li>\n<li>Dimensions : 7,2 x 3,2 x 1,7cm<\/li>\n<\/ul>\n<p>&nbsp;<\/p>\n<p><strong>ACCESSOIRES INCLUS<\/strong><\/p>\n<ul>\n<li>Kit \u00e9couteurs (avec jack st\u00e9r\u00e9o 3,5mm)<\/li>\n<li>Cordon de charge (5V DC) USB Type C<\/li>\n<li>Clip ceinture<\/li>\n<li>Tour de cou<\/li>\n<\/ul>\n<p>&nbsp;<\/p>\n<p><strong>EN OPTION<\/strong><\/p>\n<ul>\n<li>iBT10 ML : Collier magn\u00e9tique pour les utilisateurs \u00e9quip\u00e9s d&#8217;appareils auditifs avec position T<\/li>\n<\/ul>\n<p>&nbsp;<\/p>\n<div id=\"threesixty-slider-11203_4mVVTp\" class=\"threesixty-loading threesixty-image threesixty-dark-blue threesixty-vintage threesixty-no-border\" style=\"width: 800px;\">\r\n\t<div class=\"threesixty-preview-11203_4mVVTp\"><img class=\"threesixty-preview-image\" src=\"https:\/\/geemarc.com\/fr\/wp-content\/uploads\/sites\/3\/2023\/12\/iBT10-1.jpg\"\/><\/div>\r\n\t<div class=\"threesixty-spinner threesixty-spinner-11203_4mVVTp\">\r\n\t\t<span>0%<\/span>\r\n\t<\/div>\r\n\t<ol class=\"threesixty-images threesixty-images-11203_4mVVTp\"><\/ol>\r\n\t\t\t<a href=\"#threesixty-slider-11203_4mVVTp\" class=\"threesixty-mfp-anchor\"><\/a>\r\n\t<\/div>\r\n<!--SPV--><script type=\"text\/javascript\">\/\/SPV\r\n(function($) {\r\n\t\t$('#threesixty-slider-11203_4mVVTp .threesixty-mfp-anchor').magnificPopup({\r\n\t\ttype:'inline',\r\n\t\tcloseOnBgClick: true,\r\n\t\tmidClick: true,\r\n\t\t\/\/removalDelay: 300,\r\n  \t\t\/\/mainClass: 'mfp-fade',\r\n\t\tcallbacks: {\r\n\t\t\t resize: function() {\r\n\t\t\t \tvar originalHeight \t= 474,\r\n\t\t\t \t\toriginalWidth \t= 800,\r\n\t\t\t \t\tmfpHeight \t\t= 474,\r\n\t\t\t \t\tmfpWidth \t\t= 800,\r\n\t\t\t \t\tratio \t\t\t= originalWidth \/ originalHeight,\r\n\t\t\t \t\twinHeight \t\t= $(window).height(),\r\n\t\t\t \t\twinWidth \t\t= $(window).width();\r\n\t\t\t \t\r\n\t\t\t \tif ( originalHeight > winHeight * 0.9 ) {\r\n\t\t\t \t\tmfpHeight \t\t= winHeight * 0.9;\r\n\t\t\t \t\tmfpWidth \t\t= mfpHeight * ratio;\r\n\t\t\t\t}\r\n\t\t\t\tif ( mfpWidth > winWidth * 0.9 ) {\r\n\t\t\t \t\tmfpWidth \t\t= winWidth * 0.9;\r\n\t\t\t \t\tmfpHeight \t\t= mfpWidth \/ ratio;\r\n\t\t\t\t}\r\n\t\t\t \tif ( mfpHeight < originalHeight && mfpWidth < originalWidth ) {\r\n\t\t\t\t    $('#threesixty-slider-11203_4mVVTp').height(mfpHeight);\r\n\t\t\t\t    $('#threesixty-slider-11203_4mVVTp').width(mfpWidth);\r\n\t\t\t\t} \r\n\t\t\t\telse {\r\n\t\t\t\t    $('#threesixty-slider-11203_4mVVTp').height(originalHeight);\r\n\t\t\t\t    $('#threesixty-slider-11203_4mVVTp').width(originalWidth);\r\n\t\t\t\t}\r\n\t\t\t},\r\n\t\t\tclose: function() {\r\n\t\t\t    $('#threesixty-slider-11203_4mVVTp').height('auto');\r\n\t\t\t    $('#threesixty-slider-11203_4mVVTp').width(800);\r\n\t\t\t}\r\n\t\t},\r\n\t\tcloseMarkup :\"<button class=\\\"mfp-close\\\"><\/button>\"\r\n\t});\r\n\t\tvar product_11203_4mVVTp = $('#threesixty-slider-11203_4mVVTp').ThreeSixty({\r\n\t\ttotalFrames: 36,\r\n\t\tendFrame: 0,\r\n\t\tcurrentFrame: 36,\r\n\t\timgList: '.threesixty-images-11203_4mVVTp',\r\n\t\tprogress: '.threesixty-spinner-11203_4mVVTp',\r\n\t\tpreview: '.threesixty-preview-11203_4mVVTp',\r\n\t\timages: ['https:\/\/geemarc.com\/fr\/wp-content\/uploads\/sites\/3\/2023\/12\/iBT10-36.jpg','https:\/\/geemarc.com\/fr\/wp-content\/uploads\/sites\/3\/2023\/12\/iBT10-35.jpg','https:\/\/geemarc.com\/fr\/wp-content\/uploads\/sites\/3\/2023\/12\/iBT10-34.jpg','https:\/\/geemarc.com\/fr\/wp-content\/uploads\/sites\/3\/2023\/12\/iBT10-33.jpg','https:\/\/geemarc.com\/fr\/wp-content\/uploads\/sites\/3\/2023\/12\/iBT10-32.jpg','https:\/\/geemarc.com\/fr\/wp-content\/uploads\/sites\/3\/2023\/12\/iBT10-31.jpg','https:\/\/geemarc.com\/fr\/wp-content\/uploads\/sites\/3\/2023\/12\/iBT10-30.jpg','https:\/\/geemarc.com\/fr\/wp-content\/uploads\/sites\/3\/2023\/12\/iBT10-29.jpg','https:\/\/geemarc.com\/fr\/wp-content\/uploads\/sites\/3\/2023\/12\/iBT10-28.jpg','https:\/\/geemarc.com\/fr\/wp-content\/uploads\/sites\/3\/2023\/12\/iBT10-27.jpg','https:\/\/geemarc.com\/fr\/wp-content\/uploads\/sites\/3\/2023\/12\/iBT10-26.jpg','https:\/\/geemarc.com\/fr\/wp-content\/uploads\/sites\/3\/2023\/12\/iBT10-25.jpg','https:\/\/geemarc.com\/fr\/wp-content\/uploads\/sites\/3\/2023\/12\/iBT10-24.jpg','https:\/\/geemarc.com\/fr\/wp-content\/uploads\/sites\/3\/2023\/12\/iBT10-23.jpg','https:\/\/geemarc.com\/fr\/wp-content\/uploads\/sites\/3\/2023\/12\/iBT10-22.jpg','https:\/\/geemarc.com\/fr\/wp-content\/uploads\/sites\/3\/2023\/12\/iBT10-21.jpg','https:\/\/geemarc.com\/fr\/wp-content\/uploads\/sites\/3\/2023\/12\/iBT10-20.jpg','https:\/\/geemarc.com\/fr\/wp-content\/uploads\/sites\/3\/2023\/12\/iBT10-19.jpg','https:\/\/geemarc.com\/fr\/wp-content\/uploads\/sites\/3\/2023\/12\/iBT10-18.jpg','https:\/\/geemarc.com\/fr\/wp-content\/uploads\/sites\/3\/2023\/12\/iBT10-17.jpg','https:\/\/geemarc.com\/fr\/wp-content\/uploads\/sites\/3\/2023\/12\/iBT10-16.jpg','https:\/\/geemarc.com\/fr\/wp-content\/uploads\/sites\/3\/2023\/12\/iBT10-15.jpg','https:\/\/geemarc.com\/fr\/wp-content\/uploads\/sites\/3\/2023\/12\/iBT10-14.jpg','https:\/\/geemarc.com\/fr\/wp-content\/uploads\/sites\/3\/2023\/12\/iBT10-13.jpg','https:\/\/geemarc.com\/fr\/wp-content\/uploads\/sites\/3\/2023\/12\/iBT10-12.jpg','https:\/\/geemarc.com\/fr\/wp-content\/uploads\/sites\/3\/2023\/12\/iBT10-11.jpg','https:\/\/geemarc.com\/fr\/wp-content\/uploads\/sites\/3\/2023\/12\/iBT10-10.jpg','https:\/\/geemarc.com\/fr\/wp-content\/uploads\/sites\/3\/2023\/12\/iBT10-9.jpg','https:\/\/geemarc.com\/fr\/wp-content\/uploads\/sites\/3\/2023\/12\/iBT10-8.jpg','https:\/\/geemarc.com\/fr\/wp-content\/uploads\/sites\/3\/2023\/12\/iBT10-7.jpg','https:\/\/geemarc.com\/fr\/wp-content\/uploads\/sites\/3\/2023\/12\/iBT10-6.jpg','https:\/\/geemarc.com\/fr\/wp-content\/uploads\/sites\/3\/2023\/12\/iBT10-5.jpg','https:\/\/geemarc.com\/fr\/wp-content\/uploads\/sites\/3\/2023\/12\/iBT10-4.jpg','https:\/\/geemarc.com\/fr\/wp-content\/uploads\/sites\/3\/2023\/12\/iBT10-3.jpg','https:\/\/geemarc.com\/fr\/wp-content\/uploads\/sites\/3\/2023\/12\/iBT10-2.jpg','https:\/\/geemarc.com\/fr\/wp-content\/uploads\/sites\/3\/2023\/12\/iBT10-1.jpg'],\r\n\t\theight: 0,\r\n\t\twidth: 800,\r\n\t\tnavigation: true,\r\n\t\tdrag: true,\r\n\t\tshowCursor: true,\r\n\t\tinterval: 120,\r\n\t\tspeedMultiplier: 3,\r\n\t\t\t\tstartAutoplay: true,\r\n\t\t\t\tonReady: function() {\r\n\t\t\t$(\"#threesixty-slider-11203_4mVVTp\").removeClass('threesixty-loading');\r\n\t\t\t\t\t\tproduct_11203_4mVVTp.play();\r\n\t\t\t\t\t\t\t\t}\r\n\t\t\t});\r\n\t\t\t}(jQuery));\r\n<\/script>\n","protected":false},"excerpt":{"rendered":"<p>Kit main libre Bluetooth amplifi\u00e9 pour Mobiles, TV, PC<\/p>\n","protected":false},"featured_media":11250,"template":"","meta":[],"product_cat":[155,149,79],"product_tag":[],"yoast_head":"<!-- This site is optimized with the Yoast SEO plugin v16.9 - https:\/\/yoast.com\/wordpress\/plugins\/seo\/ -->\n<title>iBT10 - Geemarc France<\/title>\n<meta name=\"robots\" content=\"index, follow, max-snippet:-1, max-image-preview:large, max-video-preview:-1\" \/>\n<link rel=\"canonical\" href=\"https:\/\/geemarc.com\/fr\/product\/ibt10\/\" \/>\n<meta property=\"og:locale\" content=\"fr_FR\" \/>\n<meta property=\"og:type\" content=\"article\" \/>\n<meta property=\"og:title\" content=\"iBT10 - Geemarc France\" \/>\n<meta property=\"og:description\" content=\"Kit main libre Bluetooth amplifi\u00e9 pour Mobiles, TV, PC\" \/>\n<meta property=\"og:url\" content=\"https:\/\/geemarc.com\/fr\/product\/ibt10\/\" \/>\n<meta property=\"og:site_name\" content=\"Geemarc France\" \/>\n<meta property=\"article:modified_time\" content=\"2024-02-01T11:01:43+00:00\" \/>\n<meta property=\"og:image\" content=\"https:\/\/geemarc.com\/fr\/wp-content\/uploads\/sites\/3\/2023\/12\/iBT10_7-scaled.jpg\" \/>\n\t<meta property=\"og:image:width\" content=\"2560\" \/>\n\t<meta property=\"og:image:height\" content=\"1702\" \/>\n<meta name=\"twitter:card\" content=\"summary_large_image\" \/>\n<meta name=\"twitter:label1\" content=\"Dur\u00e9e de lecture est.\" \/>\n\t<meta name=\"twitter:data1\" content=\"1 minute\" \/>\n<script type=\"application\/ld+json\" class=\"yoast-schema-graph\">{\"@context\":\"https:\/\/schema.org\",\"@graph\":[{\"@type\":\"WebSite\",\"@id\":\"https:\/\/geemarc.com\/fr\/#website\",\"url\":\"https:\/\/geemarc.com\/fr\/\",\"name\":\"Geemarc France\",\"description\":\"\",\"potentialAction\":[{\"@type\":\"SearchAction\",\"target\":{\"@type\":\"EntryPoint\",\"urlTemplate\":\"https:\/\/geemarc.com\/fr\/?s={search_term_string}\"},\"query-input\":\"required name=search_term_string\"}],\"inLanguage\":\"fr-FR\"},{\"@type\":\"ImageObject\",\"@id\":\"https:\/\/geemarc.com\/fr\/product\/ibt10\/#primaryimage\",\"inLanguage\":\"fr-FR\",\"url\":\"https:\/\/geemarc.com\/fr\/wp-content\/uploads\/sites\/3\/2023\/12\/iBT10_7-scaled.jpg\",\"contentUrl\":\"https:\/\/geemarc.com\/fr\/wp-content\/uploads\/sites\/3\/2023\/12\/iBT10_7-scaled.jpg\",\"width\":2560,\"height\":1702},{\"@type\":\"WebPage\",\"@id\":\"https:\/\/geemarc.com\/fr\/product\/ibt10\/#webpage\",\"url\":\"https:\/\/geemarc.com\/fr\/product\/ibt10\/\",\"name\":\"iBT10 - Geemarc France\",\"isPartOf\":{\"@id\":\"https:\/\/geemarc.com\/fr\/#website\"},\"primaryImageOfPage\":{\"@id\":\"https:\/\/geemarc.com\/fr\/product\/ibt10\/#primaryimage\"},\"datePublished\":\"2023-12-21T15:36:49+00:00\",\"dateModified\":\"2024-02-01T11:01:43+00:00\",\"breadcrumb\":{\"@id\":\"https:\/\/geemarc.com\/fr\/product\/ibt10\/#breadcrumb\"},\"inLanguage\":\"fr-FR\",\"potentialAction\":[{\"@type\":\"ReadAction\",\"target\":[\"https:\/\/geemarc.com\/fr\/product\/ibt10\/\"]}]},{\"@type\":\"BreadcrumbList\",\"@id\":\"https:\/\/geemarc.com\/fr\/product\/ibt10\/#breadcrumb\",\"itemListElement\":[{\"@type\":\"ListItem\",\"position\":1,\"name\":\"Home\",\"item\":\"https:\/\/geemarc.com\/fr\/\"},{\"@type\":\"ListItem\",\"position\":2,\"name\":\"Shop\",\"item\":\"https:\/\/geemarc.com\/fr\/shop\/\"},{\"@type\":\"ListItem\",\"position\":3,\"name\":\"iBT10\"}]}]}<\/script>\n<!-- \/ Yoast SEO plugin. -->","yoast_head_json":{"title":"iBT10 - Geemarc France","robots":{"index":"index","follow":"follow","max-snippet":"max-snippet:-1","max-image-preview":"max-image-preview:large","max-video-preview":"max-video-preview:-1"},"canonical":"https:\/\/geemarc.com\/fr\/product\/ibt10\/","og_locale":"fr_FR","og_type":"article","og_title":"iBT10 - Geemarc France","og_description":"Kit main libre Bluetooth amplifi\u00e9 pour Mobiles, TV, PC","og_url":"https:\/\/geemarc.com\/fr\/product\/ibt10\/","og_site_name":"Geemarc France","article_modified_time":"2024-02-01T11:01:43+00:00","og_image":[{"width":2560,"height":1702,"url":"https:\/\/geemarc.com\/fr\/wp-content\/uploads\/sites\/3\/2023\/12\/iBT10_7-scaled.jpg","path":"\/home\/g\/e\/geemarcwp\/public_html\/wp-content\/uploads\/sites\/3\/2023\/12\/iBT10_7-scaled.jpg","size":"full","id":11250,"alt":"","pixels":4357120,"type":"image\/jpeg"}],"twitter_card":"summary_large_image","twitter_misc":{"Dur\u00e9e de lecture est.":"1 minute"},"schema":{"@context":"https:\/\/schema.org","@graph":[{"@type":"WebSite","@id":"https:\/\/geemarc.com\/fr\/#website","url":"https:\/\/geemarc.com\/fr\/","name":"Geemarc France","description":"","potentialAction":[{"@type":"SearchAction","target":{"@type":"EntryPoint","urlTemplate":"https:\/\/geemarc.com\/fr\/?s={search_term_string}"},"query-input":"required name=search_term_string"}],"inLanguage":"fr-FR"},{"@type":"ImageObject","@id":"https:\/\/geemarc.com\/fr\/product\/ibt10\/#primaryimage","inLanguage":"fr-FR","url":"https:\/\/geemarc.com\/fr\/wp-content\/uploads\/sites\/3\/2023\/12\/iBT10_7-scaled.jpg","contentUrl":"https:\/\/geemarc.com\/fr\/wp-content\/uploads\/sites\/3\/2023\/12\/iBT10_7-scaled.jpg","width":2560,"height":1702},{"@type":"WebPage","@id":"https:\/\/geemarc.com\/fr\/product\/ibt10\/#webpage","url":"https:\/\/geemarc.com\/fr\/product\/ibt10\/","name":"iBT10 - Geemarc France","isPartOf":{"@id":"https:\/\/geemarc.com\/fr\/#website"},"primaryImageOfPage":{"@id":"https:\/\/geemarc.com\/fr\/product\/ibt10\/#primaryimage"},"datePublished":"2023-12-21T15:36:49+00:00","dateModified":"2024-02-01T11:01:43+00:00","breadcrumb":{"@id":"https:\/\/geemarc.com\/fr\/product\/ibt10\/#breadcrumb"},"inLanguage":"fr-FR","potentialAction":[{"@type":"ReadAction","target":["https:\/\/geemarc.com\/fr\/product\/ibt10\/"]}]},{"@type":"BreadcrumbList","@id":"https:\/\/geemarc.com\/fr\/product\/ibt10\/#breadcrumb","itemListElement":[{"@type":"ListItem","position":1,"name":"Home","item":"https:\/\/geemarc.com\/fr\/"},{"@type":"ListItem","position":2,"name":"Shop","item":"https:\/\/geemarc.com\/fr\/shop\/"},{"@type":"ListItem","position":3,"name":"iBT10"}]}]}},"acf":[],"_links":{"self":[{"href":"https:\/\/geemarc.com\/fr\/wp-json\/wp\/v2\/product\/11204"}],"collection":[{"href":"https:\/\/geemarc.com\/fr\/wp-json\/wp\/v2\/product"}],"about":[{"href":"https:\/\/geemarc.com\/fr\/wp-json\/wp\/v2\/types\/product"}],"wp:featuredmedia":[{"embeddable":true,"href":"https:\/\/geemarc.com\/fr\/wp-json\/wp\/v2\/media\/11250"}],"wp:attachment":[{"href":"https:\/\/geemarc.com\/fr\/wp-json\/wp\/v2\/media?parent=11204"}],"wp:term":[{"taxonomy":"product_cat","embeddable":true,"href":"https:\/\/geemarc.com\/fr\/wp-json\/wp\/v2\/product_cat?post=11204"},{"taxonomy":"product_tag","embeddable":true,"href":"https:\/\/geemarc.com\/fr\/wp-json\/wp\/v2\/product_tag?post=11204"}],"curies":[{"name":"wp","href":"https:\/\/api.w.org\/{rel}","templated":true}]}}