{"id":11372,"date":"2024-07-15T10:03:07","date_gmt":"2024-07-15T10:03:07","guid":{"rendered":"https:\/\/geemarc.com\/fr\/?post_type=product&#038;p=11372"},"modified":"2026-03-26T13:19:46","modified_gmt":"2026-03-26T13:19:46","slug":"liberty-200-duo","status":"publish","type":"product","link":"https:\/\/geemarc.com\/fr\/product\/liberty-200-duo\/","title":{"rendered":"Liberty 200 DUO"},"content":{"rendered":"<p><strong><span style=\"text-decoration: underline;\">VERSION DUO : deux combin\u00e9s et deux bases de recharge inclus<\/span><\/strong><\/p>\n<p>&nbsp;<\/p>\n<p><strong>APPELER\/REPONDRE<\/strong><\/p>\n<ul>\n<li>Petite base ind\u00e9pendante qui se connecte \u00e0 votre livebox<\/li>\n<li>Compatible avec les appareils auditifs<\/li>\n<li>R\u00e9glage du volume de r\u00e9ception jusqu\u2019\u00e0 3<strong>0dB<\/strong><\/li>\n<li>Mains libres<\/li>\n<li>R\u00e9glage du volume du haut-parleur<\/li>\n<li>M\u00e9moires VIP : liste de vos contacts favoris, personnalisables avec noms, num\u00e9ros et sonnerie (jusqu\u2019\u00e0 60 contacts du r\u00e9pertoire)<\/li>\n<li>R\u00e9pertoire : contacts personnalisables avec noms, num\u00e9ros et sonnerie (60 contacts, liste int\u00e9grant les m\u00e9moires VIP)<\/li>\n<li>Blacklist\u00a0: enregistrez jusqu\u2019\u00e0 60 num\u00e9ros ind\u00e9sirables<\/li>\n<li>Touche pour ajouter un num\u00e9ro entrant directement \u00e0 la blacklist<\/li>\n<li>Touche d\u2019acc\u00e8s rapide au r\u00e9pertoire<\/li>\n<li>Touche R pour double appel<\/li>\n<li>Touche d\u2019acc\u00e8s rapide pour le menu<\/li>\n<li>Touche Bis (rappel des 10 derniers num\u00e9ros compos\u00e9s) \u00e0 l\u2019exception des appels au 119 qui ne sont pas enregistr\u00e9s dans le journal d\u2019appels<\/li>\n<li>Appuyez sur la touche 1 du clavier num\u00e9rique pour acc\u00e9der directement \u00e0 la messagerie Orange (3103)<\/li>\n<li>Fonction Flash (100ms\/270ms\/600ms)<\/li>\n<li>Fonction \u00ab\u00a0Silencieux\u00a0\u00bb<\/li>\n<li>Combin\u00e9 ergonomique facilitant l\u2019utilisation<\/li>\n<li>\u00a0Clavier\n<ul>\n<li>Larges touches<\/li>\n<li>Bip touche<\/li>\n<\/ul>\n<\/li>\n<\/ul>\n<p>&nbsp;<\/p>\n<p><strong>BLOCAGE D\u2019APPELS<\/strong><\/p>\n<ul>\n<li>Appuyez simplement sur deux boutons pour ajouter instantan\u00e9ment le num\u00e9ro de l\u2019appelant \u00e0 la blacklist<\/li>\n<li>Fonctions pour autoriser \/ bloquer automatiquement certains appels entrants :<\/li>\n<li>Autoriser uniquement les m\u00e9moires VIP<\/li>\n<li>Autoriser uniquement les contacts du r\u00e9pertoire<\/li>\n<li>Bloquer tous les num\u00e9ros enregistr\u00e9s dans la blacklist (jusqu\u2019\u00e0 60 num\u00e9ros)<\/li>\n<li>Bloquer tous les num\u00e9ros priv\u00e9s \/ internationaux \/ anonymes \/ surtax\u00e9s<\/li>\n<\/ul>\n<p>&nbsp;<\/p>\n<p><strong>ECRAN LCD <\/strong><\/p>\n<ul>\n<li>R\u00e9tro-\u00e9clair\u00e9 blanc<\/li>\n<li>Ecran : affiche le nom et le num\u00e9ro en m\u00eame temps\n<ul>\n<li>1 ligne Dot Matrix + 1 ligne 7 segments + 2 ligne icones<\/li>\n<\/ul>\n<\/li>\n<\/ul>\n<ul>\n<li>Dimensions\u00a0: 40x32mm<\/li>\n<li>S\u00e9lection entre 6 langues : Anglais, Allemand, Fran\u00e7ais, N\u00e9erlandais, Italien, Espagnol<\/li>\n<li>Menu navigation<\/li>\n<li>Horodatage<\/li>\n<li>Fonction Alarme<\/li>\n<li>Verrouillage du clavier<\/li>\n<li>Indication du temps de communication<\/li>\n<\/ul>\n<p>&nbsp;<\/p>\n<p><strong>SONNERIE<\/strong><\/p>\n<ul>\n<li>Sonneries puissantes\u00a0: jusqu\u2019\u00e0 <strong>75dB \u00e0 1 m\u00e8tre<\/strong> sur le combin\u00e9<\/li>\n<li>5 sonneries polyphoniques et 5 normales<\/li>\n<li>Sonneries personnalisables pour les contacts du r\u00e9pertoire<\/li>\n<li>R\u00e9glage du volume de sonnerie\u00a0: MUET + 5 niveaux<\/li>\n<li>Indicateur de sonnerie<\/li>\n<\/ul>\n<p>&nbsp;<\/p>\n<p><strong>MULTI-COMBINES<\/strong><\/p>\n<ul>\n<li>Localisation du combin\u00e9<\/li>\n<li>Conf\u00e9rence \u00e0 3<\/li>\n<li>Transfert d\u2019appel entre combin\u00e9s<\/li>\n<li>Interphone entre combin\u00e9s<\/li>\n<\/ul>\n<p><strong>\u00a0<\/strong><\/p>\n<p><strong>TECHNIQUE<\/strong><\/p>\n<ul>\n<li>T\u00e9l\u00e9phone DECT<\/li>\n<li>M\u00e9moire permanente<\/li>\n<li>Eco-mode<\/li>\n<li>Fonctionne avec 3 adaptateurs secteur (fournis)<\/li>\n<li>C\u00e2ble RJ11\/RJ11 de 1.5m fourni<\/li>\n<li>4 batteries rechargeables type ni-Mh 1.2V 400mA (incluses)<\/li>\n<li>Num\u00e9rotation fr\u00e9quence vocale \/ d\u00e9cimale<\/li>\n<li>Dimensions\u00a0:<\/li>\n<li>combin\u00e9 : 172x55x25 mm<\/li>\n<li>base combin\u00e9\u00a0: 77x77x69 mm<\/li>\n<li>base principale\u00a0: 80x85x38 mm<\/li>\n<li>Autonomie en veille\u00a0: 4 jours<\/li>\n<li>Autonomie en conversation\u00a0:<\/li>\n<li>8 heures en utilisation normale<\/li>\n<li>4 heures en mode haut-parleur<\/li>\n<li>Compatible GAP<\/li>\n<li>Port\u00e9e\u00a0: jusqu\u2019\u00e0 50m en int\u00e9rieur<\/li>\n<\/ul>\n<p>&nbsp;<\/p>\n<p><strong>I<\/strong><strong>DENTIFICATION D\u2019APPELS*<\/strong><\/p>\n<ul>\n<li>Pr\u00e9sentation du nom en mode raccroch\u00e9 (type 1) et en conversation (type 2)<\/li>\n<li>20 num\u00e9ros entrants<\/li>\n<li>10 num\u00e9ros sortants<\/li>\n<li>Transfert possible d\u2019un appel re\u00e7u vers le r\u00e9pertoire<\/li>\n<li>Pr\u00e9sentation du nom et du num\u00e9ro<\/li>\n<li>Indicateur d\u2019appel en attente<\/li>\n<li>Indicateur nouvel appel par message \u00e0 l\u2019\u00e9cran<\/li>\n<\/ul>\n<p>&nbsp;<\/p>\n<p>&nbsp;<\/p>\n<p>[vc_row][vc_column][vc_video link=&#8221;https:\/\/www.youtube.com\/watch?v=LgbUxjPronM&#8221; align=&#8221;center&#8221; css_animation=&#8221;slideInUp&#8221;][\/vc_column][\/vc_row]<\/p>\n","protected":false},"excerpt":{"rendered":"<p>T\u00e9l\u00e9phone amplifi\u00e9 num\u00e9rique sans fil avec base DECT s\u00e9par\u00e9e et deux combin\u00e9s<\/p>\n","protected":false},"featured_media":12147,"template":"","meta":[],"product_cat":[130],"product_tag":[],"yoast_head":"<!-- This site is optimized with the Yoast SEO plugin v16.9 - https:\/\/yoast.com\/wordpress\/plugins\/seo\/ -->\n<title>Liberty 200 DUO - Geemarc France<\/title>\n<meta name=\"robots\" content=\"index, follow, max-snippet:-1, max-image-preview:large, max-video-preview:-1\" \/>\n<link rel=\"canonical\" href=\"https:\/\/geemarc.com\/fr\/product\/liberty-200-duo\/\" \/>\n<meta property=\"og:locale\" content=\"fr_FR\" \/>\n<meta property=\"og:type\" content=\"article\" \/>\n<meta property=\"og:title\" content=\"Liberty 200 DUO - Geemarc France\" \/>\n<meta property=\"og:description\" content=\"T\u00e9l\u00e9phone amplifi\u00e9 num\u00e9rique sans fil avec base DECT s\u00e9par\u00e9e et deux combin\u00e9s\" \/>\n<meta property=\"og:url\" content=\"https:\/\/geemarc.com\/fr\/product\/liberty-200-duo\/\" \/>\n<meta property=\"og:site_name\" content=\"Geemarc France\" \/>\n<meta property=\"article:modified_time\" content=\"2026-03-26T13:19:46+00:00\" \/>\n<meta property=\"og:image\" content=\"https:\/\/geemarc.com\/fr\/wp-content\/uploads\/sites\/3\/2024\/07\/LIBERTY-200-DUO-RDS-FR-1-scaled.jpg\" \/>\n\t<meta property=\"og:image:width\" content=\"2560\" \/>\n\t<meta property=\"og:image:height\" content=\"1707\" \/>\n<meta name=\"twitter:card\" content=\"summary_large_image\" \/>\n<meta name=\"twitter:label1\" content=\"Dur\u00e9e de lecture est.\" \/>\n\t<meta name=\"twitter:data1\" content=\"2 minutes\" \/>\n<script type=\"application\/ld+json\" class=\"yoast-schema-graph\">{\"@context\":\"https:\/\/schema.org\",\"@graph\":[{\"@type\":\"WebSite\",\"@id\":\"https:\/\/geemarc.com\/fr\/#website\",\"url\":\"https:\/\/geemarc.com\/fr\/\",\"name\":\"Geemarc France\",\"description\":\"\",\"potentialAction\":[{\"@type\":\"SearchAction\",\"target\":{\"@type\":\"EntryPoint\",\"urlTemplate\":\"https:\/\/geemarc.com\/fr\/?s={search_term_string}\"},\"query-input\":\"required name=search_term_string\"}],\"inLanguage\":\"fr-FR\"},{\"@type\":\"ImageObject\",\"@id\":\"https:\/\/geemarc.com\/fr\/product\/liberty-200-duo\/#primaryimage\",\"inLanguage\":\"fr-FR\",\"url\":\"https:\/\/geemarc.com\/fr\/wp-content\/uploads\/sites\/3\/2024\/07\/LIBERTY-200-DUO-RDS-FR-1-scaled.jpg\",\"contentUrl\":\"https:\/\/geemarc.com\/fr\/wp-content\/uploads\/sites\/3\/2024\/07\/LIBERTY-200-DUO-RDS-FR-1-scaled.jpg\",\"width\":2560,\"height\":1707},{\"@type\":\"WebPage\",\"@id\":\"https:\/\/geemarc.com\/fr\/product\/liberty-200-duo\/#webpage\",\"url\":\"https:\/\/geemarc.com\/fr\/product\/liberty-200-duo\/\",\"name\":\"Liberty 200 DUO - Geemarc France\",\"isPartOf\":{\"@id\":\"https:\/\/geemarc.com\/fr\/#website\"},\"primaryImageOfPage\":{\"@id\":\"https:\/\/geemarc.com\/fr\/product\/liberty-200-duo\/#primaryimage\"},\"datePublished\":\"2024-07-15T10:03:07+00:00\",\"dateModified\":\"2026-03-26T13:19:46+00:00\",\"breadcrumb\":{\"@id\":\"https:\/\/geemarc.com\/fr\/product\/liberty-200-duo\/#breadcrumb\"},\"inLanguage\":\"fr-FR\",\"potentialAction\":[{\"@type\":\"ReadAction\",\"target\":[\"https:\/\/geemarc.com\/fr\/product\/liberty-200-duo\/\"]}]},{\"@type\":\"BreadcrumbList\",\"@id\":\"https:\/\/geemarc.com\/fr\/product\/liberty-200-duo\/#breadcrumb\",\"itemListElement\":[{\"@type\":\"ListItem\",\"position\":1,\"name\":\"Home\",\"item\":\"https:\/\/geemarc.com\/fr\/\"},{\"@type\":\"ListItem\",\"position\":2,\"name\":\"Shop\",\"item\":\"https:\/\/geemarc.com\/fr\/shop\/\"},{\"@type\":\"ListItem\",\"position\":3,\"name\":\"Liberty 200 DUO\"}]}]}<\/script>\n<!-- \/ Yoast SEO plugin. -->","yoast_head_json":{"title":"Liberty 200 DUO - Geemarc France","robots":{"index":"index","follow":"follow","max-snippet":"max-snippet:-1","max-image-preview":"max-image-preview:large","max-video-preview":"max-video-preview:-1"},"canonical":"https:\/\/geemarc.com\/fr\/product\/liberty-200-duo\/","og_locale":"fr_FR","og_type":"article","og_title":"Liberty 200 DUO - Geemarc France","og_description":"T\u00e9l\u00e9phone amplifi\u00e9 num\u00e9rique sans fil avec base DECT s\u00e9par\u00e9e et deux combin\u00e9s","og_url":"https:\/\/geemarc.com\/fr\/product\/liberty-200-duo\/","og_site_name":"Geemarc France","article_modified_time":"2026-03-26T13:19:46+00:00","og_image":[{"width":2560,"height":1707,"url":"https:\/\/geemarc.com\/fr\/wp-content\/uploads\/sites\/3\/2024\/07\/LIBERTY-200-DUO-RDS-FR-1-scaled.jpg","path":"\/home\/g\/e\/geemarcwp\/public_html\/wp-content\/uploads\/sites\/3\/2024\/07\/LIBERTY-200-DUO-RDS-FR-1-scaled.jpg","size":"full","id":12147,"alt":"","pixels":4369920,"type":"image\/jpeg"}],"twitter_card":"summary_large_image","twitter_misc":{"Dur\u00e9e de lecture est.":"2 minutes"},"schema":{"@context":"https:\/\/schema.org","@graph":[{"@type":"WebSite","@id":"https:\/\/geemarc.com\/fr\/#website","url":"https:\/\/geemarc.com\/fr\/","name":"Geemarc France","description":"","potentialAction":[{"@type":"SearchAction","target":{"@type":"EntryPoint","urlTemplate":"https:\/\/geemarc.com\/fr\/?s={search_term_string}"},"query-input":"required name=search_term_string"}],"inLanguage":"fr-FR"},{"@type":"ImageObject","@id":"https:\/\/geemarc.com\/fr\/product\/liberty-200-duo\/#primaryimage","inLanguage":"fr-FR","url":"https:\/\/geemarc.com\/fr\/wp-content\/uploads\/sites\/3\/2024\/07\/LIBERTY-200-DUO-RDS-FR-1-scaled.jpg","contentUrl":"https:\/\/geemarc.com\/fr\/wp-content\/uploads\/sites\/3\/2024\/07\/LIBERTY-200-DUO-RDS-FR-1-scaled.jpg","width":2560,"height":1707},{"@type":"WebPage","@id":"https:\/\/geemarc.com\/fr\/product\/liberty-200-duo\/#webpage","url":"https:\/\/geemarc.com\/fr\/product\/liberty-200-duo\/","name":"Liberty 200 DUO - Geemarc France","isPartOf":{"@id":"https:\/\/geemarc.com\/fr\/#website"},"primaryImageOfPage":{"@id":"https:\/\/geemarc.com\/fr\/product\/liberty-200-duo\/#primaryimage"},"datePublished":"2024-07-15T10:03:07+00:00","dateModified":"2026-03-26T13:19:46+00:00","breadcrumb":{"@id":"https:\/\/geemarc.com\/fr\/product\/liberty-200-duo\/#breadcrumb"},"inLanguage":"fr-FR","potentialAction":[{"@type":"ReadAction","target":["https:\/\/geemarc.com\/fr\/product\/liberty-200-duo\/"]}]},{"@type":"BreadcrumbList","@id":"https:\/\/geemarc.com\/fr\/product\/liberty-200-duo\/#breadcrumb","itemListElement":[{"@type":"ListItem","position":1,"name":"Home","item":"https:\/\/geemarc.com\/fr\/"},{"@type":"ListItem","position":2,"name":"Shop","item":"https:\/\/geemarc.com\/fr\/shop\/"},{"@type":"ListItem","position":3,"name":"Liberty 200 DUO"}]}]}},"acf":[],"_links":{"self":[{"href":"https:\/\/geemarc.com\/fr\/wp-json\/wp\/v2\/product\/11372"}],"collection":[{"href":"https:\/\/geemarc.com\/fr\/wp-json\/wp\/v2\/product"}],"about":[{"href":"https:\/\/geemarc.com\/fr\/wp-json\/wp\/v2\/types\/product"}],"wp:featuredmedia":[{"embeddable":true,"href":"https:\/\/geemarc.com\/fr\/wp-json\/wp\/v2\/media\/12147"}],"wp:attachment":[{"href":"https:\/\/geemarc.com\/fr\/wp-json\/wp\/v2\/media?parent=11372"}],"wp:term":[{"taxonomy":"product_cat","embeddable":true,"href":"https:\/\/geemarc.com\/fr\/wp-json\/wp\/v2\/product_cat?post=11372"},{"taxonomy":"product_tag","embeddable":true,"href":"https:\/\/geemarc.com\/fr\/wp-json\/wp\/v2\/product_tag?post=11372"}],"curies":[{"name":"wp","href":"https:\/\/api.w.org\/{rel}","templated":true}]}}