{"id":11480,"date":"2025-01-06T13:26:38","date_gmt":"2025-01-06T13:26:38","guid":{"rendered":"https:\/\/geemarc.com\/fr\/?post_type=product&#038;p=11480"},"modified":"2026-02-23T09:08:33","modified_gmt":"2026-02-23T09:08:33","slug":"sonarya","status":"publish","type":"product","link":"https:\/\/geemarc.com\/fr\/product\/sonarya\/","title":{"rendered":"SONARYA"},"content":{"rendered":"<p><strong>ENCEINTE<\/strong><\/p>\n<ul>\n<li>R\u00e9duction de bruit active gr\u00e2ce \u00e0 l\u2019Intelligence Artificielle<\/li>\n<li>Un bouton rotatif pour allumer \/ \u00e9teindre l\u2019enceinte et r\u00e9gler le volume<\/li>\n<li>Indicateur lumineux position allum\u00e9e \/ \u00e9teinte<\/li>\n<li>Puissance des haut-parleurs : 2 x 5 Watts<\/li>\n<li>3 modes diff\u00e9rents d\u2019am\u00e9lioration du son avec indicateur lumineux du mode s\u00e9lectionn\u00e9<\/li>\n<li>Sur la base, indicateur lumineux de connexion avec l\u2019enceinte<\/li>\n<li>Sur l\u2019enceinte, indicateur lumineux de batterie\u00a0:<\/li>\n<li>Enceinte plac\u00e9e sur base :\u00a0 vert = batterie charg\u00e9e<\/li>\n<\/ul>\n<p>rouge = batterie en charge<\/p>\n<ul>\n<li>Hors base : rouge = batterie faible<\/li>\n<\/ul>\n<ul>\n<li>Batterie : Lithium Polym\u00e8re (5000mAh)<\/li>\n<li>Autonomie : jusqu\u2019\u00e0 16h en utilisation<\/li>\n<li>L&#8217;enceinte se recharge lorsqu\u2019elle est reli\u00e9e \u00e0 une alimentation via un c\u00e2ble USB Type-C ou lorsqu&#8217;elle est plac\u00e9e sur sa base<\/li>\n<li>Sortie audio 3,5mm jack sur l\u2019enceinte (possibilit\u00e9 de connecter un casque audio)<\/li>\n<\/ul>\n<p><strong>BASE<\/strong><\/p>\n<ul>\n<li>Transmission DECT sans interf\u00e9rence (port\u00e9e int\u00e9rieur : jusqu\u2019\u00e0 50m)<\/li>\n<li>Fr\u00e9quence\u00a0: de 1,88 GHz \u00e0 1,96 GHz<\/li>\n<li>Prise USB Type-C pour la recharge<\/li>\n<li>Entr\u00e9e optique (Toslink 48 kHz 16 bits PCM)<\/li>\n<li>Entr\u00e9e audio st\u00e9r\u00e9o 3,5mm<\/li>\n<li>Peut-\u00eatre connect\u00e9e \u00e0 plusieurs enceintes<\/li>\n<\/ul>\n<p><strong>DIMENSIONS<\/strong><\/p>\n<ul>\n<li>Enceinte + Base : 22 x 12 x 9 cm<\/li>\n<li>Enceinte : 22 x 10 x 9 cm<\/li>\n<li>Base : 20 x 2.5 x 8.2 cm<\/li>\n<\/ul>\n<p><strong>POIDS<\/strong><\/p>\n<ul>\n<li>Enceinte : 717 g<\/li>\n<li>Base : 190 g<\/li>\n<\/ul>\n<p><strong>CONTENU DE LA BO\u00ceTE<\/strong><\/p>\n<ul>\n<li>1 x Base<\/li>\n<li>1 x Enceinte<\/li>\n<li>1 x c\u00e2ble audio de 3,5 mm<\/li>\n<li>1 x C\u00e2ble optique (Toslink)<\/li>\n<li>1 x Adaptateur secteur USB Type-C<\/li>\n<\/ul>\n<p>&nbsp;<\/p>\n<div id=\"threesixty-slider-11671_iUSXTg\" class=\"threesixty-loading threesixty-image threesixty-dark-blue threesixty-vintage threesixty-no-border\" style=\"width: 1123px;\">\r\n\t<div class=\"threesixty-preview-11671_iUSXTg\"><img class=\"threesixty-preview-image\" src=\"https:\/\/geemarc.com\/fr\/wp-content\/uploads\/sites\/3\/2025\/04\/DSC_0927.jpg\"\/><\/div>\r\n\t<div class=\"threesixty-spinner threesixty-spinner-11671_iUSXTg\">\r\n\t\t<span>0%<\/span>\r\n\t<\/div>\r\n\t<ol class=\"threesixty-images threesixty-images-11671_iUSXTg\"><\/ol>\r\n\t\t\t<a href=\"#threesixty-slider-11671_iUSXTg\" class=\"threesixty-mfp-anchor\"><\/a>\r\n\t<\/div>\r\n<!--SPV--><script type=\"text\/javascript\">\/\/SPV\r\n(function($) {\r\n\t\t$('#threesixty-slider-11671_iUSXTg .threesixty-mfp-anchor').magnificPopup({\r\n\t\ttype:'inline',\r\n\t\tcloseOnBgClick: true,\r\n\t\tmidClick: true,\r\n\t\t\/\/removalDelay: 300,\r\n  \t\t\/\/mainClass: 'mfp-fade',\r\n\t\tcallbacks: {\r\n\t\t\t resize: function() {\r\n\t\t\t \tvar originalHeight \t= 800,\r\n\t\t\t \t\toriginalWidth \t= 1123,\r\n\t\t\t \t\tmfpHeight \t\t= 800,\r\n\t\t\t \t\tmfpWidth \t\t= 1123,\r\n\t\t\t \t\tratio \t\t\t= originalWidth \/ originalHeight,\r\n\t\t\t \t\twinHeight \t\t= $(window).height(),\r\n\t\t\t \t\twinWidth \t\t= $(window).width();\r\n\t\t\t \t\r\n\t\t\t \tif ( originalHeight > winHeight * 0.9 ) {\r\n\t\t\t \t\tmfpHeight \t\t= winHeight * 0.9;\r\n\t\t\t \t\tmfpWidth \t\t= mfpHeight * ratio;\r\n\t\t\t\t}\r\n\t\t\t\tif ( mfpWidth > winWidth * 0.9 ) {\r\n\t\t\t \t\tmfpWidth \t\t= winWidth * 0.9;\r\n\t\t\t \t\tmfpHeight \t\t= mfpWidth \/ ratio;\r\n\t\t\t\t}\r\n\t\t\t \tif ( mfpHeight < originalHeight && mfpWidth < originalWidth ) {\r\n\t\t\t\t    $('#threesixty-slider-11671_iUSXTg').height(mfpHeight);\r\n\t\t\t\t    $('#threesixty-slider-11671_iUSXTg').width(mfpWidth);\r\n\t\t\t\t} \r\n\t\t\t\telse {\r\n\t\t\t\t    $('#threesixty-slider-11671_iUSXTg').height(originalHeight);\r\n\t\t\t\t    $('#threesixty-slider-11671_iUSXTg').width(originalWidth);\r\n\t\t\t\t}\r\n\t\t\t},\r\n\t\t\tclose: function() {\r\n\t\t\t    $('#threesixty-slider-11671_iUSXTg').height('auto');\r\n\t\t\t    $('#threesixty-slider-11671_iUSXTg').width(1123);\r\n\t\t\t}\r\n\t\t},\r\n\t\tcloseMarkup :\"<button class=\\\"mfp-close\\\"><\/button>\"\r\n\t});\r\n\t\tvar product_11671_iUSXTg = $('#threesixty-slider-11671_iUSXTg').ThreeSixty({\r\n\t\ttotalFrames: 26,\r\n\t\tendFrame: 0,\r\n\t\tcurrentFrame: 26,\r\n\t\timgList: '.threesixty-images-11671_iUSXTg',\r\n\t\tprogress: '.threesixty-spinner-11671_iUSXTg',\r\n\t\tpreview: '.threesixty-preview-11671_iUSXTg',\r\n\t\timages: ['https:\/\/geemarc.com\/fr\/wp-content\/uploads\/sites\/3\/2025\/04\/DSC_0961.jpg','https:\/\/geemarc.com\/fr\/wp-content\/uploads\/sites\/3\/2025\/04\/DSC_0960.jpg','https:\/\/geemarc.com\/fr\/wp-content\/uploads\/sites\/3\/2025\/04\/DSC_0958.jpg','https:\/\/geemarc.com\/fr\/wp-content\/uploads\/sites\/3\/2025\/04\/DSC_0957.jpg','https:\/\/geemarc.com\/fr\/wp-content\/uploads\/sites\/3\/2025\/04\/DSC_0955.jpg','https:\/\/geemarc.com\/fr\/wp-content\/uploads\/sites\/3\/2025\/04\/DSC_0954.jpg','https:\/\/geemarc.com\/fr\/wp-content\/uploads\/sites\/3\/2025\/04\/DSC_0952.jpg','https:\/\/geemarc.com\/fr\/wp-content\/uploads\/sites\/3\/2025\/04\/DSC_0951.jpg','https:\/\/geemarc.com\/fr\/wp-content\/uploads\/sites\/3\/2025\/04\/DSC_0949.jpg','https:\/\/geemarc.com\/fr\/wp-content\/uploads\/sites\/3\/2025\/04\/DSC_0948.jpg','https:\/\/geemarc.com\/fr\/wp-content\/uploads\/sites\/3\/2025\/04\/DSC_0946.jpg','https:\/\/geemarc.com\/fr\/wp-content\/uploads\/sites\/3\/2025\/04\/DSC_0945.jpg','https:\/\/geemarc.com\/fr\/wp-content\/uploads\/sites\/3\/2025\/04\/DSC_0943.jpg','https:\/\/geemarc.com\/fr\/wp-content\/uploads\/sites\/3\/2025\/04\/DSC_0942.jpg','https:\/\/geemarc.com\/fr\/wp-content\/uploads\/sites\/3\/2025\/04\/DSC_0940.jpg','https:\/\/geemarc.com\/fr\/wp-content\/uploads\/sites\/3\/2025\/04\/DSC_0939.jpg','https:\/\/geemarc.com\/fr\/wp-content\/uploads\/sites\/3\/2025\/04\/DSC_0937.jpg','https:\/\/geemarc.com\/fr\/wp-content\/uploads\/sites\/3\/2025\/04\/DSC_0936.jpg','https:\/\/geemarc.com\/fr\/wp-content\/uploads\/sites\/3\/2025\/04\/DSC_0934.jpg','https:\/\/geemarc.com\/fr\/wp-content\/uploads\/sites\/3\/2025\/04\/DSC_0933.jpg','https:\/\/geemarc.com\/fr\/wp-content\/uploads\/sites\/3\/2025\/04\/DSC_0932.jpg','https:\/\/geemarc.com\/fr\/wp-content\/uploads\/sites\/3\/2025\/04\/DSC_0931.jpg','https:\/\/geemarc.com\/fr\/wp-content\/uploads\/sites\/3\/2025\/04\/DSC_0930.jpg','https:\/\/geemarc.com\/fr\/wp-content\/uploads\/sites\/3\/2025\/04\/DSC_0929.jpg','https:\/\/geemarc.com\/fr\/wp-content\/uploads\/sites\/3\/2025\/04\/DSC_0928.jpg','https:\/\/geemarc.com\/fr\/wp-content\/uploads\/sites\/3\/2025\/04\/DSC_0927.jpg'],\r\n\t\theight: 0,\r\n\t\twidth: 1123,\r\n\t\tnavigation: true,\r\n\t\tdrag: true,\r\n\t\tshowCursor: true,\r\n\t\tinterval: 120,\r\n\t\tspeedMultiplier: 3,\r\n\t\t\t\tstartAutoplay: true,\r\n\t\t\t\tonReady: function() {\r\n\t\t\t$(\"#threesixty-slider-11671_iUSXTg\").removeClass('threesixty-loading');\r\n\t\t\t\t\t\tproduct_11671_iUSXTg.play();\r\n\t\t\t\t\t\t\t\t}\r\n\t\t\t});\r\n\t\t\t}(jQuery));\r\n<\/script>\n","protected":false},"excerpt":{"rendered":"<p>Enceinte TV sans fil de nouvelle g\u00e9n\u00e9ration avec r\u00e9duction de bruit active par l&#8217;IA.<\/p>\n","protected":false},"featured_media":12096,"template":"","meta":[],"product_cat":[157,158],"product_tag":[],"yoast_head":"<!-- This site is optimized with the Yoast SEO plugin v16.9 - https:\/\/yoast.com\/wordpress\/plugins\/seo\/ -->\n<title>SONARYA - Geemarc France<\/title>\n<meta name=\"robots\" content=\"index, follow, max-snippet:-1, max-image-preview:large, max-video-preview:-1\" \/>\n<link rel=\"canonical\" href=\"https:\/\/geemarc.com\/fr\/product\/sonarya\/\" \/>\n<meta property=\"og:locale\" content=\"fr_FR\" \/>\n<meta property=\"og:type\" content=\"article\" \/>\n<meta property=\"og:title\" content=\"SONARYA - Geemarc France\" \/>\n<meta property=\"og:description\" content=\"Enceinte TV sans fil de nouvelle g\u00e9n\u00e9ration avec r\u00e9duction de bruit active par l&#039;IA.\" \/>\n<meta property=\"og:url\" content=\"https:\/\/geemarc.com\/fr\/product\/sonarya\/\" \/>\n<meta property=\"og:site_name\" content=\"Geemarc France\" \/>\n<meta property=\"article:modified_time\" content=\"2026-02-23T09:08:33+00:00\" \/>\n<meta property=\"og:image\" content=\"https:\/\/geemarc.com\/fr\/wp-content\/uploads\/sites\/3\/2025\/01\/Sonarya-from-Front-with-Lights-Handle-Up.jpg\" \/>\n\t<meta property=\"og:image:width\" content=\"2000\" \/>\n\t<meta property=\"og:image:height\" content=\"1725\" \/>\n<meta name=\"twitter:card\" content=\"summary_large_image\" \/>\n<meta name=\"twitter:label1\" content=\"Dur\u00e9e de lecture est.\" \/>\n\t<meta name=\"twitter:data1\" content=\"1 minute\" \/>\n<script type=\"application\/ld+json\" class=\"yoast-schema-graph\">{\"@context\":\"https:\/\/schema.org\",\"@graph\":[{\"@type\":\"WebSite\",\"@id\":\"https:\/\/geemarc.com\/fr\/#website\",\"url\":\"https:\/\/geemarc.com\/fr\/\",\"name\":\"Geemarc France\",\"description\":\"\",\"potentialAction\":[{\"@type\":\"SearchAction\",\"target\":{\"@type\":\"EntryPoint\",\"urlTemplate\":\"https:\/\/geemarc.com\/fr\/?s={search_term_string}\"},\"query-input\":\"required name=search_term_string\"}],\"inLanguage\":\"fr-FR\"},{\"@type\":\"ImageObject\",\"@id\":\"https:\/\/geemarc.com\/fr\/product\/sonarya\/#primaryimage\",\"inLanguage\":\"fr-FR\",\"url\":\"https:\/\/geemarc.com\/fr\/wp-content\/uploads\/sites\/3\/2025\/01\/Sonarya-from-Front-with-Lights-Handle-Up.jpg\",\"contentUrl\":\"https:\/\/geemarc.com\/fr\/wp-content\/uploads\/sites\/3\/2025\/01\/Sonarya-from-Front-with-Lights-Handle-Up.jpg\",\"width\":2000,\"height\":1725},{\"@type\":\"WebPage\",\"@id\":\"https:\/\/geemarc.com\/fr\/product\/sonarya\/#webpage\",\"url\":\"https:\/\/geemarc.com\/fr\/product\/sonarya\/\",\"name\":\"SONARYA - Geemarc France\",\"isPartOf\":{\"@id\":\"https:\/\/geemarc.com\/fr\/#website\"},\"primaryImageOfPage\":{\"@id\":\"https:\/\/geemarc.com\/fr\/product\/sonarya\/#primaryimage\"},\"datePublished\":\"2025-01-06T13:26:38+00:00\",\"dateModified\":\"2026-02-23T09:08:33+00:00\",\"breadcrumb\":{\"@id\":\"https:\/\/geemarc.com\/fr\/product\/sonarya\/#breadcrumb\"},\"inLanguage\":\"fr-FR\",\"potentialAction\":[{\"@type\":\"ReadAction\",\"target\":[\"https:\/\/geemarc.com\/fr\/product\/sonarya\/\"]}]},{\"@type\":\"BreadcrumbList\",\"@id\":\"https:\/\/geemarc.com\/fr\/product\/sonarya\/#breadcrumb\",\"itemListElement\":[{\"@type\":\"ListItem\",\"position\":1,\"name\":\"Home\",\"item\":\"https:\/\/geemarc.com\/fr\/\"},{\"@type\":\"ListItem\",\"position\":2,\"name\":\"Shop\",\"item\":\"https:\/\/geemarc.com\/fr\/shop\/\"},{\"@type\":\"ListItem\",\"position\":3,\"name\":\"SONARYA\"}]}]}<\/script>\n<!-- \/ Yoast SEO plugin. -->","yoast_head_json":{"title":"SONARYA - Geemarc France","robots":{"index":"index","follow":"follow","max-snippet":"max-snippet:-1","max-image-preview":"max-image-preview:large","max-video-preview":"max-video-preview:-1"},"canonical":"https:\/\/geemarc.com\/fr\/product\/sonarya\/","og_locale":"fr_FR","og_type":"article","og_title":"SONARYA - Geemarc France","og_description":"Enceinte TV sans fil de nouvelle g\u00e9n\u00e9ration avec r\u00e9duction de bruit active par l'IA.","og_url":"https:\/\/geemarc.com\/fr\/product\/sonarya\/","og_site_name":"Geemarc France","article_modified_time":"2026-02-23T09:08:33+00:00","og_image":[{"width":2000,"height":1725,"url":"https:\/\/geemarc.com\/fr\/wp-content\/uploads\/sites\/3\/2025\/01\/Sonarya-from-Front-with-Lights-Handle-Up.jpg","path":"\/home\/g\/e\/geemarcwp\/public_html\/wp-content\/uploads\/sites\/3\/2025\/01\/Sonarya-from-Front-with-Lights-Handle-Up.jpg","size":"full","id":12096,"alt":"","pixels":3450000,"type":"image\/jpeg"}],"twitter_card":"summary_large_image","twitter_misc":{"Dur\u00e9e de lecture est.":"1 minute"},"schema":{"@context":"https:\/\/schema.org","@graph":[{"@type":"WebSite","@id":"https:\/\/geemarc.com\/fr\/#website","url":"https:\/\/geemarc.com\/fr\/","name":"Geemarc France","description":"","potentialAction":[{"@type":"SearchAction","target":{"@type":"EntryPoint","urlTemplate":"https:\/\/geemarc.com\/fr\/?s={search_term_string}"},"query-input":"required name=search_term_string"}],"inLanguage":"fr-FR"},{"@type":"ImageObject","@id":"https:\/\/geemarc.com\/fr\/product\/sonarya\/#primaryimage","inLanguage":"fr-FR","url":"https:\/\/geemarc.com\/fr\/wp-content\/uploads\/sites\/3\/2025\/01\/Sonarya-from-Front-with-Lights-Handle-Up.jpg","contentUrl":"https:\/\/geemarc.com\/fr\/wp-content\/uploads\/sites\/3\/2025\/01\/Sonarya-from-Front-with-Lights-Handle-Up.jpg","width":2000,"height":1725},{"@type":"WebPage","@id":"https:\/\/geemarc.com\/fr\/product\/sonarya\/#webpage","url":"https:\/\/geemarc.com\/fr\/product\/sonarya\/","name":"SONARYA - Geemarc France","isPartOf":{"@id":"https:\/\/geemarc.com\/fr\/#website"},"primaryImageOfPage":{"@id":"https:\/\/geemarc.com\/fr\/product\/sonarya\/#primaryimage"},"datePublished":"2025-01-06T13:26:38+00:00","dateModified":"2026-02-23T09:08:33+00:00","breadcrumb":{"@id":"https:\/\/geemarc.com\/fr\/product\/sonarya\/#breadcrumb"},"inLanguage":"fr-FR","potentialAction":[{"@type":"ReadAction","target":["https:\/\/geemarc.com\/fr\/product\/sonarya\/"]}]},{"@type":"BreadcrumbList","@id":"https:\/\/geemarc.com\/fr\/product\/sonarya\/#breadcrumb","itemListElement":[{"@type":"ListItem","position":1,"name":"Home","item":"https:\/\/geemarc.com\/fr\/"},{"@type":"ListItem","position":2,"name":"Shop","item":"https:\/\/geemarc.com\/fr\/shop\/"},{"@type":"ListItem","position":3,"name":"SONARYA"}]}]}},"acf":[],"_links":{"self":[{"href":"https:\/\/geemarc.com\/fr\/wp-json\/wp\/v2\/product\/11480"}],"collection":[{"href":"https:\/\/geemarc.com\/fr\/wp-json\/wp\/v2\/product"}],"about":[{"href":"https:\/\/geemarc.com\/fr\/wp-json\/wp\/v2\/types\/product"}],"wp:featuredmedia":[{"embeddable":true,"href":"https:\/\/geemarc.com\/fr\/wp-json\/wp\/v2\/media\/12096"}],"wp:attachment":[{"href":"https:\/\/geemarc.com\/fr\/wp-json\/wp\/v2\/media?parent=11480"}],"wp:term":[{"taxonomy":"product_cat","embeddable":true,"href":"https:\/\/geemarc.com\/fr\/wp-json\/wp\/v2\/product_cat?post=11480"},{"taxonomy":"product_tag","embeddable":true,"href":"https:\/\/geemarc.com\/fr\/wp-json\/wp\/v2\/product_tag?post=11480"}],"curies":[{"name":"wp","href":"https:\/\/api.w.org\/{rel}","templated":true}]}}