{"id":11580,"date":"2025-03-19T10:02:43","date_gmt":"2025-03-19T10:02:43","guid":{"rendered":"https:\/\/geemarc.com\/fr\/?post_type=product&#038;p=11580"},"modified":"2025-11-24T15:53:49","modified_gmt":"2025-11-24T15:53:49","slug":"cl2000","status":"publish","type":"product","link":"https:\/\/geemarc.com\/fr\/product\/cl2000\/","title":{"rendered":"CL2000"},"content":{"rendered":"<p><strong>DESCRIPTION<\/strong><\/p>\n<p>Avec le CL2000, vous n&#8217;avez plus besoin de brancher votre t\u00e9l\u00e9phone fixe dans une prise t\u00e9l\u00e9phonique.<\/p>\n<p>En branchant votre t\u00e9l\u00e9phone sur le CL2000 et en pla\u00e7ant une carte Nano SIM avec un forfait t\u00e9l\u00e9phonique dans l\u2019emplacement \u00e0 carte SIM, votre t\u00e9l\u00e9phone utilisera le r\u00e9seau 4G.<\/p>\n<p>Installez et utilisez votre t\u00e9l\u00e9phone sans avoir besoin d&#8217;une prise t\u00e9l\u00e9phonique.<\/p>\n<p>&nbsp;<\/p>\n<p><strong>CARACT\u00c9RISTIQUES<\/strong><\/p>\n<ul>\n<li>Forfait 4G requis<\/li>\n<li>Fonctionne avec tous les op\u00e9rateurs<\/li>\n<li>Peut-\u00eatre install\u00e9 n\u2019importe o\u00f9 dans la maison<\/li>\n<li>Prise t\u00e9l\u00e9phonique pour brancher votre t\u00e9l\u00e9phone (RJ11)<\/li>\n<li>C\u00e2ble RJ11\/RJ11 inclus<\/li>\n<li>Deux antennes 4G externes d\u00e9tachables pour une r\u00e9ception 4G maximale<\/li>\n<li>Emplacement \u00e0 carte SIM<\/li>\n<li>Bouton Allumer\/\u00c9teindre<\/li>\n<li>Prise USB Type-C pour l&#8217;alimentation (seul le c\u00e2ble USB Type-C est inclus)<\/li>\n<li>Batterie de secours en cas de panne : 10 heures en utilisation, 40 heures en veille (Li 3,7V 4000mA\/H)<\/li>\n<li>Hotspot WiFi : jusqu&#8217;\u00e0 150 Mbps<\/li>\n<li>Dimensions\u00a0:\n<ul>\n<li>Bo\u00eetier\u00a0: 11,5 x 11 x 2,6 cm<\/li>\n<li>Antennes\u00a0: 17 cm<\/li>\n<\/ul>\n<\/li>\n<\/ul>\n<p>&nbsp;<\/p>\n<div id=\"threesixty-slider-11701_dXS3Dk\" class=\"threesixty-loading threesixty-image threesixty-dark-blue threesixty-vintage threesixty-no-border\" style=\"width: 1000px;\">\r\n\t<div class=\"threesixty-preview-11701_dXS3Dk\"><img class=\"threesixty-preview-image\" src=\"https:\/\/geemarc.com\/fr\/wp-content\/uploads\/sites\/3\/2025\/04\/DSC_0810.jpg\"\/><\/div>\r\n\t<div class=\"threesixty-spinner threesixty-spinner-11701_dXS3Dk\">\r\n\t\t<span>0%<\/span>\r\n\t<\/div>\r\n\t<ol class=\"threesixty-images threesixty-images-11701_dXS3Dk\"><\/ol>\r\n\t\t\t<a href=\"#threesixty-slider-11701_dXS3Dk\" class=\"threesixty-mfp-anchor\"><\/a>\r\n\t<\/div>\r\n<!--SPV--><script type=\"text\/javascript\">\/\/SPV\r\n(function($) {\r\n\t\t$('#threesixty-slider-11701_dXS3Dk .threesixty-mfp-anchor').magnificPopup({\r\n\t\ttype:'inline',\r\n\t\tcloseOnBgClick: true,\r\n\t\tmidClick: true,\r\n\t\t\/\/removalDelay: 300,\r\n  \t\t\/\/mainClass: 'mfp-fade',\r\n\t\tcallbacks: {\r\n\t\t\t resize: function() {\r\n\t\t\t \tvar originalHeight \t= 763,\r\n\t\t\t \t\toriginalWidth \t= 1000,\r\n\t\t\t \t\tmfpHeight \t\t= 763,\r\n\t\t\t \t\tmfpWidth \t\t= 1000,\r\n\t\t\t \t\tratio \t\t\t= originalWidth \/ originalHeight,\r\n\t\t\t \t\twinHeight \t\t= $(window).height(),\r\n\t\t\t \t\twinWidth \t\t= $(window).width();\r\n\t\t\t \t\r\n\t\t\t \tif ( originalHeight > winHeight * 0.9 ) {\r\n\t\t\t \t\tmfpHeight \t\t= winHeight * 0.9;\r\n\t\t\t \t\tmfpWidth \t\t= mfpHeight * ratio;\r\n\t\t\t\t}\r\n\t\t\t\tif ( mfpWidth > winWidth * 0.9 ) {\r\n\t\t\t \t\tmfpWidth \t\t= winWidth * 0.9;\r\n\t\t\t \t\tmfpHeight \t\t= mfpWidth \/ ratio;\r\n\t\t\t\t}\r\n\t\t\t \tif ( mfpHeight < originalHeight && mfpWidth < originalWidth ) {\r\n\t\t\t\t    $('#threesixty-slider-11701_dXS3Dk').height(mfpHeight);\r\n\t\t\t\t    $('#threesixty-slider-11701_dXS3Dk').width(mfpWidth);\r\n\t\t\t\t} \r\n\t\t\t\telse {\r\n\t\t\t\t    $('#threesixty-slider-11701_dXS3Dk').height(originalHeight);\r\n\t\t\t\t    $('#threesixty-slider-11701_dXS3Dk').width(originalWidth);\r\n\t\t\t\t}\r\n\t\t\t},\r\n\t\t\tclose: function() {\r\n\t\t\t    $('#threesixty-slider-11701_dXS3Dk').height('auto');\r\n\t\t\t    $('#threesixty-slider-11701_dXS3Dk').width(1000);\r\n\t\t\t}\r\n\t\t},\r\n\t\tcloseMarkup :\"<button class=\\\"mfp-close\\\"><\/button>\"\r\n\t});\r\n\t\tvar product_11701_dXS3Dk = $('#threesixty-slider-11701_dXS3Dk').ThreeSixty({\r\n\t\ttotalFrames: 36,\r\n\t\tendFrame: 0,\r\n\t\tcurrentFrame: 36,\r\n\t\timgList: '.threesixty-images-11701_dXS3Dk',\r\n\t\tprogress: '.threesixty-spinner-11701_dXS3Dk',\r\n\t\tpreview: '.threesixty-preview-11701_dXS3Dk',\r\n\t\timages: ['https:\/\/geemarc.com\/fr\/wp-content\/uploads\/sites\/3\/2025\/04\/DSC_0845.jpg','https:\/\/geemarc.com\/fr\/wp-content\/uploads\/sites\/3\/2025\/04\/DSC_0844.jpg','https:\/\/geemarc.com\/fr\/wp-content\/uploads\/sites\/3\/2025\/04\/DSC_0843.jpg','https:\/\/geemarc.com\/fr\/wp-content\/uploads\/sites\/3\/2025\/04\/DSC_0842.jpg','https:\/\/geemarc.com\/fr\/wp-content\/uploads\/sites\/3\/2025\/04\/DSC_0841.jpg','https:\/\/geemarc.com\/fr\/wp-content\/uploads\/sites\/3\/2025\/04\/DSC_0840.jpg','https:\/\/geemarc.com\/fr\/wp-content\/uploads\/sites\/3\/2025\/04\/DSC_0839.jpg','https:\/\/geemarc.com\/fr\/wp-content\/uploads\/sites\/3\/2025\/04\/DSC_0838.jpg','https:\/\/geemarc.com\/fr\/wp-content\/uploads\/sites\/3\/2025\/04\/DSC_0837.jpg','https:\/\/geemarc.com\/fr\/wp-content\/uploads\/sites\/3\/2025\/04\/DSC_0836.jpg','https:\/\/geemarc.com\/fr\/wp-content\/uploads\/sites\/3\/2025\/04\/DSC_0835.jpg','https:\/\/geemarc.com\/fr\/wp-content\/uploads\/sites\/3\/2025\/04\/DSC_0834.jpg','https:\/\/geemarc.com\/fr\/wp-content\/uploads\/sites\/3\/2025\/04\/DSC_0833.jpg','https:\/\/geemarc.com\/fr\/wp-content\/uploads\/sites\/3\/2025\/04\/DSC_0832.jpg','https:\/\/geemarc.com\/fr\/wp-content\/uploads\/sites\/3\/2025\/04\/DSC_0831.jpg','https:\/\/geemarc.com\/fr\/wp-content\/uploads\/sites\/3\/2025\/04\/DSC_0830.jpg','https:\/\/geemarc.com\/fr\/wp-content\/uploads\/sites\/3\/2025\/04\/DSC_0829.jpg','https:\/\/geemarc.com\/fr\/wp-content\/uploads\/sites\/3\/2025\/04\/DSC_0828.jpg','https:\/\/geemarc.com\/fr\/wp-content\/uploads\/sites\/3\/2025\/04\/DSC_0827.jpg','https:\/\/geemarc.com\/fr\/wp-content\/uploads\/sites\/3\/2025\/04\/DSC_0826.jpg','https:\/\/geemarc.com\/fr\/wp-content\/uploads\/sites\/3\/2025\/04\/DSC_0825.jpg','https:\/\/geemarc.com\/fr\/wp-content\/uploads\/sites\/3\/2025\/04\/DSC_0824.jpg','https:\/\/geemarc.com\/fr\/wp-content\/uploads\/sites\/3\/2025\/04\/DSC_0823.jpg','https:\/\/geemarc.com\/fr\/wp-content\/uploads\/sites\/3\/2025\/04\/DSC_0822.jpg','https:\/\/geemarc.com\/fr\/wp-content\/uploads\/sites\/3\/2025\/04\/DSC_0821.jpg','https:\/\/geemarc.com\/fr\/wp-content\/uploads\/sites\/3\/2025\/04\/DSC_0820.jpg','https:\/\/geemarc.com\/fr\/wp-content\/uploads\/sites\/3\/2025\/04\/DSC_0819.jpg','https:\/\/geemarc.com\/fr\/wp-content\/uploads\/sites\/3\/2025\/04\/DSC_0818.jpg','https:\/\/geemarc.com\/fr\/wp-content\/uploads\/sites\/3\/2025\/04\/DSC_0817.jpg','https:\/\/geemarc.com\/fr\/wp-content\/uploads\/sites\/3\/2025\/04\/DSC_0816.jpg','https:\/\/geemarc.com\/fr\/wp-content\/uploads\/sites\/3\/2025\/04\/DSC_0815.jpg','https:\/\/geemarc.com\/fr\/wp-content\/uploads\/sites\/3\/2025\/04\/DSC_0814.jpg','https:\/\/geemarc.com\/fr\/wp-content\/uploads\/sites\/3\/2025\/04\/DSC_0813.jpg','https:\/\/geemarc.com\/fr\/wp-content\/uploads\/sites\/3\/2025\/04\/DSC_0812.jpg','https:\/\/geemarc.com\/fr\/wp-content\/uploads\/sites\/3\/2025\/04\/DSC_0811.jpg','https:\/\/geemarc.com\/fr\/wp-content\/uploads\/sites\/3\/2025\/04\/DSC_0810.jpg'],\r\n\t\theight: 0,\r\n\t\twidth: 1000,\r\n\t\tnavigation: true,\r\n\t\tdrag: true,\r\n\t\tshowCursor: true,\r\n\t\tinterval: 120,\r\n\t\tspeedMultiplier: 3,\r\n\t\t\t\tstartAutoplay: true,\r\n\t\t\t\tonReady: function() {\r\n\t\t\t$(\"#threesixty-slider-11701_dXS3Dk\").removeClass('threesixty-loading');\r\n\t\t\t\t\t\tproduct_11701_dXS3Dk.play();\r\n\t\t\t\t\t\t\t\t}\r\n\t\t\t});\r\n\t\t\t}(jQuery));\r\n<\/script>\n","protected":false},"excerpt":{"rendered":"<p>Dispositif 4G pour t\u00e9l\u00e9phones fixes<\/p>\n","protected":false},"featured_media":11755,"template":"","meta":[],"product_cat":[159,160],"product_tag":[],"yoast_head":"<!-- This site is optimized with the Yoast SEO plugin v16.9 - https:\/\/yoast.com\/wordpress\/plugins\/seo\/ -->\n<title>CL2000 - Geemarc France<\/title>\n<meta name=\"robots\" content=\"index, follow, max-snippet:-1, max-image-preview:large, max-video-preview:-1\" \/>\n<link rel=\"canonical\" href=\"https:\/\/geemarc.com\/fr\/product\/cl2000\/\" \/>\n<meta property=\"og:locale\" content=\"fr_FR\" \/>\n<meta property=\"og:type\" content=\"article\" \/>\n<meta property=\"og:title\" content=\"CL2000 - Geemarc France\" \/>\n<meta property=\"og:description\" content=\"Dispositif 4G pour t\u00e9l\u00e9phones fixes\" \/>\n<meta property=\"og:url\" content=\"https:\/\/geemarc.com\/fr\/product\/cl2000\/\" \/>\n<meta property=\"og:site_name\" content=\"Geemarc France\" \/>\n<meta property=\"article:modified_time\" content=\"2025-11-24T15:53:49+00:00\" \/>\n<meta property=\"og:image\" content=\"https:\/\/geemarc.com\/fr\/wp-content\/uploads\/sites\/3\/2025\/03\/CL2000_1-V2-scaled.jpg\" \/>\n\t<meta property=\"og:image:width\" content=\"2560\" \/>\n\t<meta property=\"og:image:height\" content=\"1702\" \/>\n<meta name=\"twitter:card\" content=\"summary_large_image\" \/>\n<meta name=\"twitter:label1\" content=\"Dur\u00e9e de lecture est.\" \/>\n\t<meta name=\"twitter:data1\" content=\"1 minute\" \/>\n<script type=\"application\/ld+json\" class=\"yoast-schema-graph\">{\"@context\":\"https:\/\/schema.org\",\"@graph\":[{\"@type\":\"WebSite\",\"@id\":\"https:\/\/geemarc.com\/fr\/#website\",\"url\":\"https:\/\/geemarc.com\/fr\/\",\"name\":\"Geemarc France\",\"description\":\"\",\"potentialAction\":[{\"@type\":\"SearchAction\",\"target\":{\"@type\":\"EntryPoint\",\"urlTemplate\":\"https:\/\/geemarc.com\/fr\/?s={search_term_string}\"},\"query-input\":\"required name=search_term_string\"}],\"inLanguage\":\"fr-FR\"},{\"@type\":\"ImageObject\",\"@id\":\"https:\/\/geemarc.com\/fr\/product\/cl2000\/#primaryimage\",\"inLanguage\":\"fr-FR\",\"url\":\"https:\/\/geemarc.com\/fr\/wp-content\/uploads\/sites\/3\/2025\/03\/CL2000_1-V2-scaled.jpg\",\"contentUrl\":\"https:\/\/geemarc.com\/fr\/wp-content\/uploads\/sites\/3\/2025\/03\/CL2000_1-V2-scaled.jpg\",\"width\":2560,\"height\":1702},{\"@type\":\"WebPage\",\"@id\":\"https:\/\/geemarc.com\/fr\/product\/cl2000\/#webpage\",\"url\":\"https:\/\/geemarc.com\/fr\/product\/cl2000\/\",\"name\":\"CL2000 - Geemarc France\",\"isPartOf\":{\"@id\":\"https:\/\/geemarc.com\/fr\/#website\"},\"primaryImageOfPage\":{\"@id\":\"https:\/\/geemarc.com\/fr\/product\/cl2000\/#primaryimage\"},\"datePublished\":\"2025-03-19T10:02:43+00:00\",\"dateModified\":\"2025-11-24T15:53:49+00:00\",\"breadcrumb\":{\"@id\":\"https:\/\/geemarc.com\/fr\/product\/cl2000\/#breadcrumb\"},\"inLanguage\":\"fr-FR\",\"potentialAction\":[{\"@type\":\"ReadAction\",\"target\":[\"https:\/\/geemarc.com\/fr\/product\/cl2000\/\"]}]},{\"@type\":\"BreadcrumbList\",\"@id\":\"https:\/\/geemarc.com\/fr\/product\/cl2000\/#breadcrumb\",\"itemListElement\":[{\"@type\":\"ListItem\",\"position\":1,\"name\":\"Home\",\"item\":\"https:\/\/geemarc.com\/fr\/\"},{\"@type\":\"ListItem\",\"position\":2,\"name\":\"Shop\",\"item\":\"https:\/\/geemarc.com\/fr\/shop\/\"},{\"@type\":\"ListItem\",\"position\":3,\"name\":\"CL2000\"}]}]}<\/script>\n<!-- \/ Yoast SEO plugin. -->","yoast_head_json":{"title":"CL2000 - Geemarc France","robots":{"index":"index","follow":"follow","max-snippet":"max-snippet:-1","max-image-preview":"max-image-preview:large","max-video-preview":"max-video-preview:-1"},"canonical":"https:\/\/geemarc.com\/fr\/product\/cl2000\/","og_locale":"fr_FR","og_type":"article","og_title":"CL2000 - Geemarc France","og_description":"Dispositif 4G pour t\u00e9l\u00e9phones fixes","og_url":"https:\/\/geemarc.com\/fr\/product\/cl2000\/","og_site_name":"Geemarc France","article_modified_time":"2025-11-24T15:53:49+00:00","og_image":[{"width":2560,"height":1702,"url":"https:\/\/geemarc.com\/fr\/wp-content\/uploads\/sites\/3\/2025\/03\/CL2000_1-V2-scaled.jpg","path":"\/home\/g\/e\/geemarcwp\/public_html\/wp-content\/uploads\/sites\/3\/2025\/03\/CL2000_1-V2-scaled.jpg","size":"full","id":11755,"alt":"","pixels":4357120,"type":"image\/jpeg"}],"twitter_card":"summary_large_image","twitter_misc":{"Dur\u00e9e de lecture est.":"1 minute"},"schema":{"@context":"https:\/\/schema.org","@graph":[{"@type":"WebSite","@id":"https:\/\/geemarc.com\/fr\/#website","url":"https:\/\/geemarc.com\/fr\/","name":"Geemarc France","description":"","potentialAction":[{"@type":"SearchAction","target":{"@type":"EntryPoint","urlTemplate":"https:\/\/geemarc.com\/fr\/?s={search_term_string}"},"query-input":"required name=search_term_string"}],"inLanguage":"fr-FR"},{"@type":"ImageObject","@id":"https:\/\/geemarc.com\/fr\/product\/cl2000\/#primaryimage","inLanguage":"fr-FR","url":"https:\/\/geemarc.com\/fr\/wp-content\/uploads\/sites\/3\/2025\/03\/CL2000_1-V2-scaled.jpg","contentUrl":"https:\/\/geemarc.com\/fr\/wp-content\/uploads\/sites\/3\/2025\/03\/CL2000_1-V2-scaled.jpg","width":2560,"height":1702},{"@type":"WebPage","@id":"https:\/\/geemarc.com\/fr\/product\/cl2000\/#webpage","url":"https:\/\/geemarc.com\/fr\/product\/cl2000\/","name":"CL2000 - Geemarc France","isPartOf":{"@id":"https:\/\/geemarc.com\/fr\/#website"},"primaryImageOfPage":{"@id":"https:\/\/geemarc.com\/fr\/product\/cl2000\/#primaryimage"},"datePublished":"2025-03-19T10:02:43+00:00","dateModified":"2025-11-24T15:53:49+00:00","breadcrumb":{"@id":"https:\/\/geemarc.com\/fr\/product\/cl2000\/#breadcrumb"},"inLanguage":"fr-FR","potentialAction":[{"@type":"ReadAction","target":["https:\/\/geemarc.com\/fr\/product\/cl2000\/"]}]},{"@type":"BreadcrumbList","@id":"https:\/\/geemarc.com\/fr\/product\/cl2000\/#breadcrumb","itemListElement":[{"@type":"ListItem","position":1,"name":"Home","item":"https:\/\/geemarc.com\/fr\/"},{"@type":"ListItem","position":2,"name":"Shop","item":"https:\/\/geemarc.com\/fr\/shop\/"},{"@type":"ListItem","position":3,"name":"CL2000"}]}]}},"acf":[],"_links":{"self":[{"href":"https:\/\/geemarc.com\/fr\/wp-json\/wp\/v2\/product\/11580"}],"collection":[{"href":"https:\/\/geemarc.com\/fr\/wp-json\/wp\/v2\/product"}],"about":[{"href":"https:\/\/geemarc.com\/fr\/wp-json\/wp\/v2\/types\/product"}],"wp:featuredmedia":[{"embeddable":true,"href":"https:\/\/geemarc.com\/fr\/wp-json\/wp\/v2\/media\/11755"}],"wp:attachment":[{"href":"https:\/\/geemarc.com\/fr\/wp-json\/wp\/v2\/media?parent=11580"}],"wp:term":[{"taxonomy":"product_cat","embeddable":true,"href":"https:\/\/geemarc.com\/fr\/wp-json\/wp\/v2\/product_cat?post=11580"},{"taxonomy":"product_tag","embeddable":true,"href":"https:\/\/geemarc.com\/fr\/wp-json\/wp\/v2\/product_tag?post=11580"}],"curies":[{"name":"wp","href":"https:\/\/api.w.org\/{rel}","templated":true}]}}