{"id":11619,"date":"2025-04-15T14:50:31","date_gmt":"2025-04-15T14:50:31","guid":{"rendered":"https:\/\/geemarc.com\/fr\/?post_type=product&#038;p=11619"},"modified":"2025-07-03T08:53:18","modified_gmt":"2025-07-03T08:53:18","slug":"l2t10","status":"publish","type":"product","link":"https:\/\/geemarc.com\/fr\/product\/l2t10\/","title":{"rendered":"L2T10"},"content":{"rendered":"<p><strong>DESCRIPTION<\/strong><\/p>\n<p>Gr\u00e2ce \u00e0 ce nouveau dispositif, uniquement les messages\/annonces vocaux transmis par le biais d\u2019une boucle magn\u00e9tique seront \u00e9crits sur l\u2019appareil de votre choix, Smartphone ou tablette, sur lequel vous aurez install\u00e9 au pr\u00e9alable une application de conversion de voix en texte.<\/p>\n<p>Nous vous sugg\u00e9rons d\u2019utiliser l\u2019application <em>Live Transcribe <\/em>sur Andro\u00efd. Sur iOS, vous avez \u00e9galement la possibilit\u00e9 d\u2019utiliser la fonction \u00ab\u00a0Dict\u00e9e\u00a0\u00bb de l\u2019application \u00ab\u00a0Note\u00a0\u00bb de votre appareil.<\/p>\n<p>Il suffit de brancher le dispositif L2T10 au port USB-C de votre appareil et de lancer l\u2019application que vous aurez choisie. Si vous \u00eates situ\u00e9s dans le champ \u00e9lectromagn\u00e9tique d\u2019une boucle magn\u00e9tique, le L2T10 captera ce signal et l\u2019application retranscrira automatiquement en texte de fa\u00e7on pr\u00e9cise ce signal.<\/p>\n<p>&nbsp;<\/p>\n<p><strong>CARACTERISTIQUES<\/strong><\/p>\n<ul>\n<li>Compatible avec tous les appareils \u00e9quip\u00e9s d\u2019un port USB-C<\/li>\n<li>Dimensions\u00a0:\u00a050 x 30 x 6 mm<\/li>\n<li>Poids\u00a0: 5g<\/li>\n<\/ul>\n<p>&nbsp;<\/p>\n<p><strong><u>Application conseill\u00e9e sur appareil Andro\u00efd\u00a0:<\/u><\/strong><strong> \u00a0\u00a0<em>Live Transcribe<\/em><\/strong><\/p>\n<p><strong>Caract\u00e9ristiques\u00a0:<\/strong><\/p>\n<ul>\n<li>N\u00e9cessite connexion internet<\/li>\n<li>Multi langages et dialectes (120)<\/li>\n<li>Enregistrement des conversations (24 ou 72h)<\/li>\n<li>Choix de la taille de la police d\u2019\u00e9criture<\/li>\n<li>N\u00e9cessite Android version 12 ou ult\u00e9rieure<\/li>\n<\/ul>\n<p>&nbsp;<\/p>\n<div id=\"threesixty-slider-11633_ReLn3q\" class=\"threesixty-loading threesixty-image threesixty-dark-blue threesixty-vintage threesixty-no-border\" style=\"width: 1000px;\">\r\n\t<div class=\"threesixty-preview-11633_ReLn3q\"><img class=\"threesixty-preview-image\" src=\"https:\/\/geemarc.com\/fr\/wp-content\/uploads\/sites\/3\/2025\/04\/DSC_0772-copie.jpg\"\/><\/div>\r\n\t<div class=\"threesixty-spinner threesixty-spinner-11633_ReLn3q\">\r\n\t\t<span>0%<\/span>\r\n\t<\/div>\r\n\t<ol class=\"threesixty-images threesixty-images-11633_ReLn3q\"><\/ol>\r\n\t\t\t<a href=\"#threesixty-slider-11633_ReLn3q\" class=\"threesixty-mfp-anchor\"><\/a>\r\n\t<\/div>\r\n<!--SPV--><script type=\"text\/javascript\">\/\/SPV\r\n(function($) {\r\n\t\t$('#threesixty-slider-11633_ReLn3q .threesixty-mfp-anchor').magnificPopup({\r\n\t\ttype:'inline',\r\n\t\tcloseOnBgClick: true,\r\n\t\tmidClick: true,\r\n\t\t\/\/removalDelay: 300,\r\n  \t\t\/\/mainClass: 'mfp-fade',\r\n\t\tcallbacks: {\r\n\t\t\t resize: function() {\r\n\t\t\t \tvar originalHeight \t= 573,\r\n\t\t\t \t\toriginalWidth \t= 1000,\r\n\t\t\t \t\tmfpHeight \t\t= 573,\r\n\t\t\t \t\tmfpWidth \t\t= 1000,\r\n\t\t\t \t\tratio \t\t\t= originalWidth \/ originalHeight,\r\n\t\t\t \t\twinHeight \t\t= $(window).height(),\r\n\t\t\t \t\twinWidth \t\t= $(window).width();\r\n\t\t\t \t\r\n\t\t\t \tif ( originalHeight > winHeight * 0.9 ) {\r\n\t\t\t \t\tmfpHeight \t\t= winHeight * 0.9;\r\n\t\t\t \t\tmfpWidth \t\t= mfpHeight * ratio;\r\n\t\t\t\t}\r\n\t\t\t\tif ( mfpWidth > winWidth * 0.9 ) {\r\n\t\t\t \t\tmfpWidth \t\t= winWidth * 0.9;\r\n\t\t\t \t\tmfpHeight \t\t= mfpWidth \/ ratio;\r\n\t\t\t\t}\r\n\t\t\t \tif ( mfpHeight < originalHeight && mfpWidth < originalWidth ) {\r\n\t\t\t\t    $('#threesixty-slider-11633_ReLn3q').height(mfpHeight);\r\n\t\t\t\t    $('#threesixty-slider-11633_ReLn3q').width(mfpWidth);\r\n\t\t\t\t} \r\n\t\t\t\telse {\r\n\t\t\t\t    $('#threesixty-slider-11633_ReLn3q').height(originalHeight);\r\n\t\t\t\t    $('#threesixty-slider-11633_ReLn3q').width(originalWidth);\r\n\t\t\t\t}\r\n\t\t\t},\r\n\t\t\tclose: function() {\r\n\t\t\t    $('#threesixty-slider-11633_ReLn3q').height('auto');\r\n\t\t\t    $('#threesixty-slider-11633_ReLn3q').width(1000);\r\n\t\t\t}\r\n\t\t},\r\n\t\tcloseMarkup :\"<button class=\\\"mfp-close\\\"><\/button>\"\r\n\t});\r\n\t\tvar product_11633_ReLn3q = $('#threesixty-slider-11633_ReLn3q').ThreeSixty({\r\n\t\ttotalFrames: 36,\r\n\t\tendFrame: 0,\r\n\t\tcurrentFrame: 36,\r\n\t\timgList: '.threesixty-images-11633_ReLn3q',\r\n\t\tprogress: '.threesixty-spinner-11633_ReLn3q',\r\n\t\tpreview: '.threesixty-preview-11633_ReLn3q',\r\n\t\timages: ['https:\/\/geemarc.com\/fr\/wp-content\/uploads\/sites\/3\/2025\/04\/DSC_0771-copie.jpg','https:\/\/geemarc.com\/fr\/wp-content\/uploads\/sites\/3\/2025\/04\/DSC_0806-copie.jpg','https:\/\/geemarc.com\/fr\/wp-content\/uploads\/sites\/3\/2025\/04\/DSC_0805-copie.jpg','https:\/\/geemarc.com\/fr\/wp-content\/uploads\/sites\/3\/2025\/04\/DSC_0804-copie.jpg','https:\/\/geemarc.com\/fr\/wp-content\/uploads\/sites\/3\/2025\/04\/DSC_0803-copie.jpg','https:\/\/geemarc.com\/fr\/wp-content\/uploads\/sites\/3\/2025\/04\/DSC_0802-copie.jpg','https:\/\/geemarc.com\/fr\/wp-content\/uploads\/sites\/3\/2025\/04\/DSC_0801-copie.jpg','https:\/\/geemarc.com\/fr\/wp-content\/uploads\/sites\/3\/2025\/04\/DSC_0800-copie.jpg','https:\/\/geemarc.com\/fr\/wp-content\/uploads\/sites\/3\/2025\/04\/DSC_0799-copie.jpg','https:\/\/geemarc.com\/fr\/wp-content\/uploads\/sites\/3\/2025\/04\/DSC_0798-copie.jpg','https:\/\/geemarc.com\/fr\/wp-content\/uploads\/sites\/3\/2025\/04\/DSC_0797-copie.jpg','https:\/\/geemarc.com\/fr\/wp-content\/uploads\/sites\/3\/2025\/04\/DSC_0796-copie.jpg','https:\/\/geemarc.com\/fr\/wp-content\/uploads\/sites\/3\/2025\/04\/DSC_0795-copie.jpg','https:\/\/geemarc.com\/fr\/wp-content\/uploads\/sites\/3\/2025\/04\/DSC_0794-copie.jpg','https:\/\/geemarc.com\/fr\/wp-content\/uploads\/sites\/3\/2025\/04\/DSC_0793-copie.jpg','https:\/\/geemarc.com\/fr\/wp-content\/uploads\/sites\/3\/2025\/04\/DSC_0792-copie.jpg','https:\/\/geemarc.com\/fr\/wp-content\/uploads\/sites\/3\/2025\/04\/DSC_0791-copie.jpg','https:\/\/geemarc.com\/fr\/wp-content\/uploads\/sites\/3\/2025\/04\/DSC_0790-copie.jpg','https:\/\/geemarc.com\/fr\/wp-content\/uploads\/sites\/3\/2025\/04\/DSC_0789-copie.jpg','https:\/\/geemarc.com\/fr\/wp-content\/uploads\/sites\/3\/2025\/04\/DSC_0788-copie.jpg','https:\/\/geemarc.com\/fr\/wp-content\/uploads\/sites\/3\/2025\/04\/DSC_0787-copie.jpg','https:\/\/geemarc.com\/fr\/wp-content\/uploads\/sites\/3\/2025\/04\/DSC_0786-copie.jpg','https:\/\/geemarc.com\/fr\/wp-content\/uploads\/sites\/3\/2025\/04\/DSC_0785-copie.jpg','https:\/\/geemarc.com\/fr\/wp-content\/uploads\/sites\/3\/2025\/04\/DSC_0784-copie.jpg','https:\/\/geemarc.com\/fr\/wp-content\/uploads\/sites\/3\/2025\/04\/DSC_0783-copie.jpg','https:\/\/geemarc.com\/fr\/wp-content\/uploads\/sites\/3\/2025\/04\/DSC_0782-copie.jpg','https:\/\/geemarc.com\/fr\/wp-content\/uploads\/sites\/3\/2025\/04\/DSC_0781-copie.jpg','https:\/\/geemarc.com\/fr\/wp-content\/uploads\/sites\/3\/2025\/04\/DSC_0780-copie.jpg','https:\/\/geemarc.com\/fr\/wp-content\/uploads\/sites\/3\/2025\/04\/DSC_0779-copie.jpg','https:\/\/geemarc.com\/fr\/wp-content\/uploads\/sites\/3\/2025\/04\/DSC_0778-copie.jpg','https:\/\/geemarc.com\/fr\/wp-content\/uploads\/sites\/3\/2025\/04\/DSC_0777-copie.jpg','https:\/\/geemarc.com\/fr\/wp-content\/uploads\/sites\/3\/2025\/04\/DSC_0776-copie.jpg','https:\/\/geemarc.com\/fr\/wp-content\/uploads\/sites\/3\/2025\/04\/DSC_0775-copie.jpg','https:\/\/geemarc.com\/fr\/wp-content\/uploads\/sites\/3\/2025\/04\/DSC_0774-copie.jpg','https:\/\/geemarc.com\/fr\/wp-content\/uploads\/sites\/3\/2025\/04\/DSC_0773-copie.jpg','https:\/\/geemarc.com\/fr\/wp-content\/uploads\/sites\/3\/2025\/04\/DSC_0772-copie.jpg'],\r\n\t\theight: 0,\r\n\t\twidth: 1000,\r\n\t\tnavigation: true,\r\n\t\tdrag: true,\r\n\t\tshowCursor: true,\r\n\t\tinterval: 120,\r\n\t\tspeedMultiplier: 3,\r\n\t\t\t\tstartAutoplay: true,\r\n\t\t\t\tonReady: function() {\r\n\t\t\t$(\"#threesixty-slider-11633_ReLn3q\").removeClass('threesixty-loading');\r\n\t\t\t\t\t\tproduct_11633_ReLn3q.play();\r\n\t\t\t\t\t\t\t\t}\r\n\t\t\t});\r\n\t\t\t}(jQuery));\r\n<\/script>\n","protected":false},"excerpt":{"rendered":"<p>Interface de connexion pour application de conversion de voix en texte<\/p>\n","protected":false},"featured_media":11624,"template":"","meta":[],"product_cat":[128,137],"product_tag":[],"yoast_head":"<!-- This site is optimized with the Yoast SEO plugin v16.9 - https:\/\/yoast.com\/wordpress\/plugins\/seo\/ -->\n<title>L2T10 - Geemarc France<\/title>\n<meta name=\"robots\" content=\"index, follow, max-snippet:-1, max-image-preview:large, max-video-preview:-1\" \/>\n<link rel=\"canonical\" href=\"https:\/\/geemarc.com\/fr\/product\/l2t10\/\" \/>\n<meta property=\"og:locale\" content=\"fr_FR\" \/>\n<meta property=\"og:type\" content=\"article\" \/>\n<meta property=\"og:title\" content=\"L2T10 - Geemarc France\" \/>\n<meta property=\"og:description\" content=\"Interface de connexion pour application de conversion de voix en texte\" \/>\n<meta property=\"og:url\" content=\"https:\/\/geemarc.com\/fr\/product\/l2t10\/\" \/>\n<meta property=\"og:site_name\" content=\"Geemarc France\" \/>\n<meta property=\"article:modified_time\" content=\"2025-07-03T08:53:18+00:00\" \/>\n<meta property=\"og:image\" content=\"https:\/\/geemarc.com\/fr\/wp-content\/uploads\/sites\/3\/2025\/04\/L2T10_1-scaled.jpg\" \/>\n\t<meta property=\"og:image:width\" content=\"2560\" \/>\n\t<meta property=\"og:image:height\" content=\"1702\" \/>\n<meta name=\"twitter:card\" content=\"summary_large_image\" \/>\n<meta name=\"twitter:label1\" content=\"Dur\u00e9e de lecture est.\" \/>\n\t<meta name=\"twitter:data1\" content=\"1 minute\" \/>\n<script type=\"application\/ld+json\" class=\"yoast-schema-graph\">{\"@context\":\"https:\/\/schema.org\",\"@graph\":[{\"@type\":\"WebSite\",\"@id\":\"https:\/\/geemarc.com\/fr\/#website\",\"url\":\"https:\/\/geemarc.com\/fr\/\",\"name\":\"Geemarc France\",\"description\":\"\",\"potentialAction\":[{\"@type\":\"SearchAction\",\"target\":{\"@type\":\"EntryPoint\",\"urlTemplate\":\"https:\/\/geemarc.com\/fr\/?s={search_term_string}\"},\"query-input\":\"required name=search_term_string\"}],\"inLanguage\":\"fr-FR\"},{\"@type\":\"ImageObject\",\"@id\":\"https:\/\/geemarc.com\/fr\/product\/l2t10\/#primaryimage\",\"inLanguage\":\"fr-FR\",\"url\":\"https:\/\/geemarc.com\/fr\/wp-content\/uploads\/sites\/3\/2025\/04\/L2T10_1-scaled.jpg\",\"contentUrl\":\"https:\/\/geemarc.com\/fr\/wp-content\/uploads\/sites\/3\/2025\/04\/L2T10_1-scaled.jpg\",\"width\":2560,\"height\":1702},{\"@type\":\"WebPage\",\"@id\":\"https:\/\/geemarc.com\/fr\/product\/l2t10\/#webpage\",\"url\":\"https:\/\/geemarc.com\/fr\/product\/l2t10\/\",\"name\":\"L2T10 - Geemarc France\",\"isPartOf\":{\"@id\":\"https:\/\/geemarc.com\/fr\/#website\"},\"primaryImageOfPage\":{\"@id\":\"https:\/\/geemarc.com\/fr\/product\/l2t10\/#primaryimage\"},\"datePublished\":\"2025-04-15T14:50:31+00:00\",\"dateModified\":\"2025-07-03T08:53:18+00:00\",\"breadcrumb\":{\"@id\":\"https:\/\/geemarc.com\/fr\/product\/l2t10\/#breadcrumb\"},\"inLanguage\":\"fr-FR\",\"potentialAction\":[{\"@type\":\"ReadAction\",\"target\":[\"https:\/\/geemarc.com\/fr\/product\/l2t10\/\"]}]},{\"@type\":\"BreadcrumbList\",\"@id\":\"https:\/\/geemarc.com\/fr\/product\/l2t10\/#breadcrumb\",\"itemListElement\":[{\"@type\":\"ListItem\",\"position\":1,\"name\":\"Home\",\"item\":\"https:\/\/geemarc.com\/fr\/\"},{\"@type\":\"ListItem\",\"position\":2,\"name\":\"Shop\",\"item\":\"https:\/\/geemarc.com\/fr\/shop\/\"},{\"@type\":\"ListItem\",\"position\":3,\"name\":\"L2T10\"}]}]}<\/script>\n<!-- \/ Yoast SEO plugin. -->","yoast_head_json":{"title":"L2T10 - Geemarc France","robots":{"index":"index","follow":"follow","max-snippet":"max-snippet:-1","max-image-preview":"max-image-preview:large","max-video-preview":"max-video-preview:-1"},"canonical":"https:\/\/geemarc.com\/fr\/product\/l2t10\/","og_locale":"fr_FR","og_type":"article","og_title":"L2T10 - Geemarc France","og_description":"Interface de connexion pour application de conversion de voix en texte","og_url":"https:\/\/geemarc.com\/fr\/product\/l2t10\/","og_site_name":"Geemarc France","article_modified_time":"2025-07-03T08:53:18+00:00","og_image":[{"width":2560,"height":1702,"url":"https:\/\/geemarc.com\/fr\/wp-content\/uploads\/sites\/3\/2025\/04\/L2T10_1-scaled.jpg","path":"\/home\/g\/e\/geemarcwp\/public_html\/wp-content\/uploads\/sites\/3\/2025\/04\/L2T10_1-scaled.jpg","size":"full","id":11624,"alt":"","pixels":4357120,"type":"image\/jpeg"}],"twitter_card":"summary_large_image","twitter_misc":{"Dur\u00e9e de lecture est.":"1 minute"},"schema":{"@context":"https:\/\/schema.org","@graph":[{"@type":"WebSite","@id":"https:\/\/geemarc.com\/fr\/#website","url":"https:\/\/geemarc.com\/fr\/","name":"Geemarc France","description":"","potentialAction":[{"@type":"SearchAction","target":{"@type":"EntryPoint","urlTemplate":"https:\/\/geemarc.com\/fr\/?s={search_term_string}"},"query-input":"required name=search_term_string"}],"inLanguage":"fr-FR"},{"@type":"ImageObject","@id":"https:\/\/geemarc.com\/fr\/product\/l2t10\/#primaryimage","inLanguage":"fr-FR","url":"https:\/\/geemarc.com\/fr\/wp-content\/uploads\/sites\/3\/2025\/04\/L2T10_1-scaled.jpg","contentUrl":"https:\/\/geemarc.com\/fr\/wp-content\/uploads\/sites\/3\/2025\/04\/L2T10_1-scaled.jpg","width":2560,"height":1702},{"@type":"WebPage","@id":"https:\/\/geemarc.com\/fr\/product\/l2t10\/#webpage","url":"https:\/\/geemarc.com\/fr\/product\/l2t10\/","name":"L2T10 - Geemarc France","isPartOf":{"@id":"https:\/\/geemarc.com\/fr\/#website"},"primaryImageOfPage":{"@id":"https:\/\/geemarc.com\/fr\/product\/l2t10\/#primaryimage"},"datePublished":"2025-04-15T14:50:31+00:00","dateModified":"2025-07-03T08:53:18+00:00","breadcrumb":{"@id":"https:\/\/geemarc.com\/fr\/product\/l2t10\/#breadcrumb"},"inLanguage":"fr-FR","potentialAction":[{"@type":"ReadAction","target":["https:\/\/geemarc.com\/fr\/product\/l2t10\/"]}]},{"@type":"BreadcrumbList","@id":"https:\/\/geemarc.com\/fr\/product\/l2t10\/#breadcrumb","itemListElement":[{"@type":"ListItem","position":1,"name":"Home","item":"https:\/\/geemarc.com\/fr\/"},{"@type":"ListItem","position":2,"name":"Shop","item":"https:\/\/geemarc.com\/fr\/shop\/"},{"@type":"ListItem","position":3,"name":"L2T10"}]}]}},"acf":[],"_links":{"self":[{"href":"https:\/\/geemarc.com\/fr\/wp-json\/wp\/v2\/product\/11619"}],"collection":[{"href":"https:\/\/geemarc.com\/fr\/wp-json\/wp\/v2\/product"}],"about":[{"href":"https:\/\/geemarc.com\/fr\/wp-json\/wp\/v2\/types\/product"}],"wp:featuredmedia":[{"embeddable":true,"href":"https:\/\/geemarc.com\/fr\/wp-json\/wp\/v2\/media\/11624"}],"wp:attachment":[{"href":"https:\/\/geemarc.com\/fr\/wp-json\/wp\/v2\/media?parent=11619"}],"wp:term":[{"taxonomy":"product_cat","embeddable":true,"href":"https:\/\/geemarc.com\/fr\/wp-json\/wp\/v2\/product_cat?post=11619"},{"taxonomy":"product_tag","embeddable":true,"href":"https:\/\/geemarc.com\/fr\/wp-json\/wp\/v2\/product_tag?post=11619"}],"curies":[{"name":"wp","href":"https:\/\/api.w.org\/{rel}","templated":true}]}}