{"id":11855,"date":"2025-09-10T10:30:30","date_gmt":"2025-09-10T10:30:30","guid":{"rendered":"https:\/\/geemarc.com\/fr\/?post_type=product&#038;p=11855"},"modified":"2026-01-30T09:43:36","modified_gmt":"2026-01-30T09:43:36","slug":"viso-photo-10","status":"publish","type":"product","link":"https:\/\/geemarc.com\/fr\/product\/viso-photo-10\/","title":{"rendered":"VISO PHOTO 10"},"content":{"rendered":"<p><strong>DE<\/strong><strong>SCRIPTION<\/strong><\/p>\n<p>Partagez vos moments sur le VISO PHOTO 10 gr\u00e2ce \u00e0 l\u2019application Frameo et utilisez votre cadre photo comme un hub social priv\u00e9.<\/p>\n<p>Capturez et partagez instantan\u00e9ment vos photos et vid\u00e9os avec vos amis et votre famille de mani\u00e8re ludique, simple et s\u00e9curis\u00e9e, depuis n\u2019importe o\u00f9 dans le monde.<\/p>\n<p>&nbsp;<\/p>\n<p><strong>Caract\u00e9ristiques<\/strong><\/p>\n<ul>\n<li>Partage de photos et vid\u00e9os via l\u2019application Frameo (iOS et Android)<\/li>\n<li>Transfert depuis un ordinateur via un c\u00e2ble USB Type-C (non inclus)<\/li>\n<li>\u00c9cran tactile<\/li>\n<li>Rotation automatique : modes portrait et paysage<\/li>\n<li>Mode veille : l\u2019\u00e9cran s\u2019\u00e9teint pour r\u00e9duire la consommation d\u2019\u00e9nergie (selon un planning personnalisable)<\/li>\n<li>Dur\u00e9e du diaporama r\u00e9glable (de 1 seconde \u00e0 24 heures)<\/li>\n<li>Ordre d\u2019affichage : par date de r\u00e9ception, date de prise de vue ou al\u00e9atoire<\/li>\n<li>Options d\u2019affichage : remplir l\u2019\u00e9cran ou ajuster \u00e0 l\u2019\u00e9cran<\/li>\n<li>Vid\u00e9o : lecture automatique ou manuelle (en boucle, une seule fois, ou une fois puis passage au contenu suivant), volume r\u00e9glable<\/li>\n<li>Partage de r\u00e9action avec l\u2019un des quatre emojis disponibles<\/li>\n<li>Affichage de l\u2019heure et de la m\u00e9t\u00e9o (pr\u00e9visions sur 1 jour ou 4 jours)<\/li>\n<li>M\u00e9moire interne de 32 Go + emplacement pour carte Micro SD<\/li>\n<li>Bouton marche\/arr\u00eat<\/li>\n<li>Compatible avec les r\u00e9seaux Wi-Fi<\/li>\n<li>Alimentation secteur incluse<\/li>\n<li>Dimensions : 26 x 17,9 cm<\/li>\n<\/ul>\n","protected":false},"excerpt":{"rendered":"<p>Cadre Photo Wi-Fi<\/p>\n","protected":false},"featured_media":11846,"template":"","meta":[],"product_cat":[138,139],"product_tag":[],"yoast_head":"<!-- This site is optimized with the Yoast SEO plugin v16.9 - https:\/\/yoast.com\/wordpress\/plugins\/seo\/ -->\n<title>VISO PHOTO 10 - Geemarc France<\/title>\n<meta name=\"robots\" content=\"index, follow, max-snippet:-1, max-image-preview:large, max-video-preview:-1\" \/>\n<link rel=\"canonical\" href=\"https:\/\/geemarc.com\/fr\/product\/viso-photo-10\/\" \/>\n<meta property=\"og:locale\" content=\"fr_FR\" \/>\n<meta property=\"og:type\" content=\"article\" \/>\n<meta property=\"og:title\" content=\"VISO PHOTO 10 - Geemarc France\" \/>\n<meta property=\"og:description\" content=\"Cadre Photo Wi-Fi\" \/>\n<meta property=\"og:url\" content=\"https:\/\/geemarc.com\/fr\/product\/viso-photo-10\/\" \/>\n<meta property=\"og:site_name\" content=\"Geemarc France\" \/>\n<meta property=\"article:modified_time\" content=\"2026-01-30T09:43:36+00:00\" \/>\n<meta property=\"og:image\" content=\"https:\/\/geemarc.com\/fr\/wp-content\/uploads\/sites\/3\/2025\/09\/VISO-PHOTO-10_1-scaled.jpg\" \/>\n\t<meta property=\"og:image:width\" content=\"2560\" \/>\n\t<meta property=\"og:image:height\" content=\"1707\" \/>\n<meta name=\"twitter:card\" content=\"summary_large_image\" \/>\n<meta name=\"twitter:label1\" content=\"Dur\u00e9e de lecture est.\" \/>\n\t<meta name=\"twitter:data1\" content=\"1 minute\" \/>\n<script type=\"application\/ld+json\" class=\"yoast-schema-graph\">{\"@context\":\"https:\/\/schema.org\",\"@graph\":[{\"@type\":\"WebSite\",\"@id\":\"https:\/\/geemarc.com\/fr\/#website\",\"url\":\"https:\/\/geemarc.com\/fr\/\",\"name\":\"Geemarc France\",\"description\":\"\",\"potentialAction\":[{\"@type\":\"SearchAction\",\"target\":{\"@type\":\"EntryPoint\",\"urlTemplate\":\"https:\/\/geemarc.com\/fr\/?s={search_term_string}\"},\"query-input\":\"required name=search_term_string\"}],\"inLanguage\":\"fr-FR\"},{\"@type\":\"ImageObject\",\"@id\":\"https:\/\/geemarc.com\/fr\/product\/viso-photo-10\/#primaryimage\",\"inLanguage\":\"fr-FR\",\"url\":\"https:\/\/geemarc.com\/fr\/wp-content\/uploads\/sites\/3\/2025\/09\/VISO-PHOTO-10_1-scaled.jpg\",\"contentUrl\":\"https:\/\/geemarc.com\/fr\/wp-content\/uploads\/sites\/3\/2025\/09\/VISO-PHOTO-10_1-scaled.jpg\",\"width\":2560,\"height\":1707},{\"@type\":\"WebPage\",\"@id\":\"https:\/\/geemarc.com\/fr\/product\/viso-photo-10\/#webpage\",\"url\":\"https:\/\/geemarc.com\/fr\/product\/viso-photo-10\/\",\"name\":\"VISO PHOTO 10 - Geemarc France\",\"isPartOf\":{\"@id\":\"https:\/\/geemarc.com\/fr\/#website\"},\"primaryImageOfPage\":{\"@id\":\"https:\/\/geemarc.com\/fr\/product\/viso-photo-10\/#primaryimage\"},\"datePublished\":\"2025-09-10T10:30:30+00:00\",\"dateModified\":\"2026-01-30T09:43:36+00:00\",\"breadcrumb\":{\"@id\":\"https:\/\/geemarc.com\/fr\/product\/viso-photo-10\/#breadcrumb\"},\"inLanguage\":\"fr-FR\",\"potentialAction\":[{\"@type\":\"ReadAction\",\"target\":[\"https:\/\/geemarc.com\/fr\/product\/viso-photo-10\/\"]}]},{\"@type\":\"BreadcrumbList\",\"@id\":\"https:\/\/geemarc.com\/fr\/product\/viso-photo-10\/#breadcrumb\",\"itemListElement\":[{\"@type\":\"ListItem\",\"position\":1,\"name\":\"Home\",\"item\":\"https:\/\/geemarc.com\/fr\/\"},{\"@type\":\"ListItem\",\"position\":2,\"name\":\"Shop\",\"item\":\"https:\/\/geemarc.com\/fr\/shop\/\"},{\"@type\":\"ListItem\",\"position\":3,\"name\":\"VISO PHOTO 10\"}]}]}<\/script>\n<!-- \/ Yoast SEO plugin. -->","yoast_head_json":{"title":"VISO PHOTO 10 - Geemarc France","robots":{"index":"index","follow":"follow","max-snippet":"max-snippet:-1","max-image-preview":"max-image-preview:large","max-video-preview":"max-video-preview:-1"},"canonical":"https:\/\/geemarc.com\/fr\/product\/viso-photo-10\/","og_locale":"fr_FR","og_type":"article","og_title":"VISO PHOTO 10 - Geemarc France","og_description":"Cadre Photo Wi-Fi","og_url":"https:\/\/geemarc.com\/fr\/product\/viso-photo-10\/","og_site_name":"Geemarc France","article_modified_time":"2026-01-30T09:43:36+00:00","og_image":[{"width":2560,"height":1707,"url":"https:\/\/geemarc.com\/fr\/wp-content\/uploads\/sites\/3\/2025\/09\/VISO-PHOTO-10_1-scaled.jpg","path":"\/home\/g\/e\/geemarcwp\/public_html\/wp-content\/uploads\/sites\/3\/2025\/09\/VISO-PHOTO-10_1-scaled.jpg","size":"full","id":11846,"alt":"","pixels":4369920,"type":"image\/jpeg"}],"twitter_card":"summary_large_image","twitter_misc":{"Dur\u00e9e de lecture est.":"1 minute"},"schema":{"@context":"https:\/\/schema.org","@graph":[{"@type":"WebSite","@id":"https:\/\/geemarc.com\/fr\/#website","url":"https:\/\/geemarc.com\/fr\/","name":"Geemarc France","description":"","potentialAction":[{"@type":"SearchAction","target":{"@type":"EntryPoint","urlTemplate":"https:\/\/geemarc.com\/fr\/?s={search_term_string}"},"query-input":"required name=search_term_string"}],"inLanguage":"fr-FR"},{"@type":"ImageObject","@id":"https:\/\/geemarc.com\/fr\/product\/viso-photo-10\/#primaryimage","inLanguage":"fr-FR","url":"https:\/\/geemarc.com\/fr\/wp-content\/uploads\/sites\/3\/2025\/09\/VISO-PHOTO-10_1-scaled.jpg","contentUrl":"https:\/\/geemarc.com\/fr\/wp-content\/uploads\/sites\/3\/2025\/09\/VISO-PHOTO-10_1-scaled.jpg","width":2560,"height":1707},{"@type":"WebPage","@id":"https:\/\/geemarc.com\/fr\/product\/viso-photo-10\/#webpage","url":"https:\/\/geemarc.com\/fr\/product\/viso-photo-10\/","name":"VISO PHOTO 10 - Geemarc France","isPartOf":{"@id":"https:\/\/geemarc.com\/fr\/#website"},"primaryImageOfPage":{"@id":"https:\/\/geemarc.com\/fr\/product\/viso-photo-10\/#primaryimage"},"datePublished":"2025-09-10T10:30:30+00:00","dateModified":"2026-01-30T09:43:36+00:00","breadcrumb":{"@id":"https:\/\/geemarc.com\/fr\/product\/viso-photo-10\/#breadcrumb"},"inLanguage":"fr-FR","potentialAction":[{"@type":"ReadAction","target":["https:\/\/geemarc.com\/fr\/product\/viso-photo-10\/"]}]},{"@type":"BreadcrumbList","@id":"https:\/\/geemarc.com\/fr\/product\/viso-photo-10\/#breadcrumb","itemListElement":[{"@type":"ListItem","position":1,"name":"Home","item":"https:\/\/geemarc.com\/fr\/"},{"@type":"ListItem","position":2,"name":"Shop","item":"https:\/\/geemarc.com\/fr\/shop\/"},{"@type":"ListItem","position":3,"name":"VISO PHOTO 10"}]}]}},"acf":[],"_links":{"self":[{"href":"https:\/\/geemarc.com\/fr\/wp-json\/wp\/v2\/product\/11855"}],"collection":[{"href":"https:\/\/geemarc.com\/fr\/wp-json\/wp\/v2\/product"}],"about":[{"href":"https:\/\/geemarc.com\/fr\/wp-json\/wp\/v2\/types\/product"}],"wp:featuredmedia":[{"embeddable":true,"href":"https:\/\/geemarc.com\/fr\/wp-json\/wp\/v2\/media\/11846"}],"wp:attachment":[{"href":"https:\/\/geemarc.com\/fr\/wp-json\/wp\/v2\/media?parent=11855"}],"wp:term":[{"taxonomy":"product_cat","embeddable":true,"href":"https:\/\/geemarc.com\/fr\/wp-json\/wp\/v2\/product_cat?post=11855"},{"taxonomy":"product_tag","embeddable":true,"href":"https:\/\/geemarc.com\/fr\/wp-json\/wp\/v2\/product_tag?post=11855"}],"curies":[{"name":"wp","href":"https:\/\/api.w.org\/{rel}","templated":true}]}}