{"id":11920,"date":"2025-11-05T14:44:39","date_gmt":"2025-11-05T14:44:39","guid":{"rendered":"https:\/\/geemarc.com\/fr\/?post_type=product&#038;p=11920"},"modified":"2025-11-06T09:56:32","modified_gmt":"2025-11-06T09:56:32","slug":"cl7370-nl","status":"publish","type":"product","link":"https:\/\/geemarc.com\/fr\/product\/cl7370-nl\/","title":{"rendered":"CL7370 NL"},"content":{"rendered":"<p><strong>CARACTERISTIQUES<\/strong><\/p>\n<ul>\n<li>Possibilit\u00e9 de brancher son propre casque audio ou son appareil auditif<\/li>\n<li>R\u00e9ception St\u00e9r\u00e9o<\/li>\n<li>Entr\u00e9e audio optique sur la base*<\/li>\n<li>Entr\u00e9e analogique audio ou micro (connecteur 3.5 mm) **<\/li>\n<li>R\u00e9cepteur compatible avec casque ou boucle magn\u00e9tique avec connecteur Male 3.5mm<\/li>\n<li>Ensemble des r\u00e9glages facilement accessibles sur le r\u00e9cepteur\u00a0:<\/li>\n<li>R\u00e9glage volume (jusqu\u2019\u00e0 125dB spl)<\/li>\n<li>R\u00e9glage de la balance gauche\/droite<\/li>\n<li>R\u00e9glage de la tonalit\u00e9 pour l\u2019adapter \u00e0 vos besoins<\/li>\n<li>Mise en veille automatique (quand plus aucun signal en entr\u00e9e sur la base)<\/li>\n<li>Micro Int\u00e9gr\u00e9 pour amplification de l\u2019ambiance sonore<\/li>\n<li>L\u00e9ger et pratique<\/li>\n<\/ul>\n<p><strong>TECHNIQUE<\/strong><\/p>\n<ul>\n<li><strong>2,4 GHz digitale<\/strong><\/li>\n<li>Gamme de fr\u00e9quence : 100 \u2013 16 000Hz<\/li>\n<li>Fr\u00e9quence de fonctionnement : 2.404.5-2.479.5GHz<\/li>\n<li>Type de modulation : GFSK<\/li>\n<li>Nombre de canaux : 16<\/li>\n<li>Bande passante : 5MHz<\/li>\n<li>D\u00e9bit binaire de l&#8217;\u00e9metteur : 1Mbps<\/li>\n<li>Type d&#8217;antenne : Antenne interne<\/li>\n<li>Base de rechargement pour deux r\u00e9cepteurs (voir exemple)<\/li>\n<\/ul>\n<p>Syst\u00e8me de rechargement rapide<\/p>\n<p>Temps de rechargement complet : 4 heures.<\/p>\n<p>Le r\u00e9cepteur se recharge automatiquement lorsqu\u2019il est plac\u00e9 sur sa base.<\/p>\n<ul>\n<li>Port\u00e9e 100m en champs libre et 25m en int\u00e9rieur<\/li>\n<li>Plus de 10 heures d\u2019autonomie en utilisation<\/li>\n<li>Poids du r\u00e9cepteur : 38 g<\/li>\n<\/ul>\n<p><strong>CONTENU DE LA BO\u00ceTE<\/strong><\/p>\n<ul>\n<li>R\u00e9cepteur<\/li>\n<li>Collier magn\u00e9tique CLA 7.1<\/li>\n<li>Casque binaural CLA 7.2<\/li>\n<li>Base de rechargement<\/li>\n<li>Adaptateur Secteur Type C<\/li>\n<li>Cordon tour de cou 75cm<\/li>\n<li>C\u00e2ble st\u00e9r\u00e9o audio de 2M Male Male avec connecteur 3.5mm<\/li>\n<li>C\u00e2ble optique (Toslink) 1.8m<\/li>\n<li>Cordon adaptateur RCA-&gt; connecteur F 3.5mm<\/li>\n<li>Connecteur mini Toslink<\/li>\n<\/ul>\n<p>&nbsp;<\/p>\n<p><strong>Accessoire en option\u00a0:<\/strong><\/p>\n<ul>\n<li>R\u00e9cepteur additionnel \u00e0 placer sur la m\u00eame base<\/li>\n<\/ul>\n","protected":false},"excerpt":{"rendered":"<p>Amplificateur de casque TV modulable<\/p>\n","protected":false},"featured_media":11916,"template":"","meta":[],"product_cat":[79,46],"product_tag":[],"yoast_head":"<!-- This site is optimized with the Yoast SEO plugin v16.9 - https:\/\/yoast.com\/wordpress\/plugins\/seo\/ -->\n<title>CL7370 NL - Geemarc France<\/title>\n<meta name=\"robots\" content=\"index, follow, max-snippet:-1, max-image-preview:large, max-video-preview:-1\" \/>\n<link rel=\"canonical\" href=\"https:\/\/geemarc.com\/fr\/product\/cl7370-nl\/\" \/>\n<meta property=\"og:locale\" content=\"fr_FR\" \/>\n<meta property=\"og:type\" content=\"article\" \/>\n<meta property=\"og:title\" content=\"CL7370 NL - Geemarc France\" \/>\n<meta property=\"og:description\" content=\"Amplificateur de casque TV modulable\" \/>\n<meta property=\"og:url\" content=\"https:\/\/geemarc.com\/fr\/product\/cl7370-nl\/\" \/>\n<meta property=\"og:site_name\" content=\"Geemarc France\" \/>\n<meta property=\"article:modified_time\" content=\"2025-11-06T09:56:32+00:00\" \/>\n<meta property=\"og:image\" content=\"https:\/\/geemarc.com\/fr\/wp-content\/uploads\/sites\/3\/2025\/11\/CL7370-NL_1-scaled.jpg\" \/>\n\t<meta property=\"og:image:width\" content=\"2560\" \/>\n\t<meta property=\"og:image:height\" content=\"1702\" \/>\n<meta name=\"twitter:card\" content=\"summary_large_image\" \/>\n<meta name=\"twitter:label1\" content=\"Dur\u00e9e de lecture est.\" \/>\n\t<meta name=\"twitter:data1\" content=\"2 minutes\" \/>\n<script type=\"application\/ld+json\" class=\"yoast-schema-graph\">{\"@context\":\"https:\/\/schema.org\",\"@graph\":[{\"@type\":\"WebSite\",\"@id\":\"https:\/\/geemarc.com\/fr\/#website\",\"url\":\"https:\/\/geemarc.com\/fr\/\",\"name\":\"Geemarc France\",\"description\":\"\",\"potentialAction\":[{\"@type\":\"SearchAction\",\"target\":{\"@type\":\"EntryPoint\",\"urlTemplate\":\"https:\/\/geemarc.com\/fr\/?s={search_term_string}\"},\"query-input\":\"required name=search_term_string\"}],\"inLanguage\":\"fr-FR\"},{\"@type\":\"ImageObject\",\"@id\":\"https:\/\/geemarc.com\/fr\/product\/cl7370-nl\/#primaryimage\",\"inLanguage\":\"fr-FR\",\"url\":\"https:\/\/geemarc.com\/fr\/wp-content\/uploads\/sites\/3\/2025\/11\/CL7370-NL_1-scaled.jpg\",\"contentUrl\":\"https:\/\/geemarc.com\/fr\/wp-content\/uploads\/sites\/3\/2025\/11\/CL7370-NL_1-scaled.jpg\",\"width\":2560,\"height\":1702},{\"@type\":\"WebPage\",\"@id\":\"https:\/\/geemarc.com\/fr\/product\/cl7370-nl\/#webpage\",\"url\":\"https:\/\/geemarc.com\/fr\/product\/cl7370-nl\/\",\"name\":\"CL7370 NL - Geemarc France\",\"isPartOf\":{\"@id\":\"https:\/\/geemarc.com\/fr\/#website\"},\"primaryImageOfPage\":{\"@id\":\"https:\/\/geemarc.com\/fr\/product\/cl7370-nl\/#primaryimage\"},\"datePublished\":\"2025-11-05T14:44:39+00:00\",\"dateModified\":\"2025-11-06T09:56:32+00:00\",\"breadcrumb\":{\"@id\":\"https:\/\/geemarc.com\/fr\/product\/cl7370-nl\/#breadcrumb\"},\"inLanguage\":\"fr-FR\",\"potentialAction\":[{\"@type\":\"ReadAction\",\"target\":[\"https:\/\/geemarc.com\/fr\/product\/cl7370-nl\/\"]}]},{\"@type\":\"BreadcrumbList\",\"@id\":\"https:\/\/geemarc.com\/fr\/product\/cl7370-nl\/#breadcrumb\",\"itemListElement\":[{\"@type\":\"ListItem\",\"position\":1,\"name\":\"Home\",\"item\":\"https:\/\/geemarc.com\/fr\/\"},{\"@type\":\"ListItem\",\"position\":2,\"name\":\"Shop\",\"item\":\"https:\/\/geemarc.com\/fr\/shop\/\"},{\"@type\":\"ListItem\",\"position\":3,\"name\":\"CL7370 NL\"}]}]}<\/script>\n<!-- \/ Yoast SEO plugin. -->","yoast_head_json":{"title":"CL7370 NL - Geemarc France","robots":{"index":"index","follow":"follow","max-snippet":"max-snippet:-1","max-image-preview":"max-image-preview:large","max-video-preview":"max-video-preview:-1"},"canonical":"https:\/\/geemarc.com\/fr\/product\/cl7370-nl\/","og_locale":"fr_FR","og_type":"article","og_title":"CL7370 NL - Geemarc France","og_description":"Amplificateur de casque TV modulable","og_url":"https:\/\/geemarc.com\/fr\/product\/cl7370-nl\/","og_site_name":"Geemarc France","article_modified_time":"2025-11-06T09:56:32+00:00","og_image":[{"width":2560,"height":1702,"url":"https:\/\/geemarc.com\/fr\/wp-content\/uploads\/sites\/3\/2025\/11\/CL7370-NL_1-scaled.jpg","path":"\/home\/g\/e\/geemarcwp\/public_html\/wp-content\/uploads\/sites\/3\/2025\/11\/CL7370-NL_1-scaled.jpg","size":"full","id":11916,"alt":"","pixels":4357120,"type":"image\/jpeg"}],"twitter_card":"summary_large_image","twitter_misc":{"Dur\u00e9e de lecture est.":"2 minutes"},"schema":{"@context":"https:\/\/schema.org","@graph":[{"@type":"WebSite","@id":"https:\/\/geemarc.com\/fr\/#website","url":"https:\/\/geemarc.com\/fr\/","name":"Geemarc France","description":"","potentialAction":[{"@type":"SearchAction","target":{"@type":"EntryPoint","urlTemplate":"https:\/\/geemarc.com\/fr\/?s={search_term_string}"},"query-input":"required name=search_term_string"}],"inLanguage":"fr-FR"},{"@type":"ImageObject","@id":"https:\/\/geemarc.com\/fr\/product\/cl7370-nl\/#primaryimage","inLanguage":"fr-FR","url":"https:\/\/geemarc.com\/fr\/wp-content\/uploads\/sites\/3\/2025\/11\/CL7370-NL_1-scaled.jpg","contentUrl":"https:\/\/geemarc.com\/fr\/wp-content\/uploads\/sites\/3\/2025\/11\/CL7370-NL_1-scaled.jpg","width":2560,"height":1702},{"@type":"WebPage","@id":"https:\/\/geemarc.com\/fr\/product\/cl7370-nl\/#webpage","url":"https:\/\/geemarc.com\/fr\/product\/cl7370-nl\/","name":"CL7370 NL - Geemarc France","isPartOf":{"@id":"https:\/\/geemarc.com\/fr\/#website"},"primaryImageOfPage":{"@id":"https:\/\/geemarc.com\/fr\/product\/cl7370-nl\/#primaryimage"},"datePublished":"2025-11-05T14:44:39+00:00","dateModified":"2025-11-06T09:56:32+00:00","breadcrumb":{"@id":"https:\/\/geemarc.com\/fr\/product\/cl7370-nl\/#breadcrumb"},"inLanguage":"fr-FR","potentialAction":[{"@type":"ReadAction","target":["https:\/\/geemarc.com\/fr\/product\/cl7370-nl\/"]}]},{"@type":"BreadcrumbList","@id":"https:\/\/geemarc.com\/fr\/product\/cl7370-nl\/#breadcrumb","itemListElement":[{"@type":"ListItem","position":1,"name":"Home","item":"https:\/\/geemarc.com\/fr\/"},{"@type":"ListItem","position":2,"name":"Shop","item":"https:\/\/geemarc.com\/fr\/shop\/"},{"@type":"ListItem","position":3,"name":"CL7370 NL"}]}]}},"acf":[],"_links":{"self":[{"href":"https:\/\/geemarc.com\/fr\/wp-json\/wp\/v2\/product\/11920"}],"collection":[{"href":"https:\/\/geemarc.com\/fr\/wp-json\/wp\/v2\/product"}],"about":[{"href":"https:\/\/geemarc.com\/fr\/wp-json\/wp\/v2\/types\/product"}],"wp:featuredmedia":[{"embeddable":true,"href":"https:\/\/geemarc.com\/fr\/wp-json\/wp\/v2\/media\/11916"}],"wp:attachment":[{"href":"https:\/\/geemarc.com\/fr\/wp-json\/wp\/v2\/media?parent=11920"}],"wp:term":[{"taxonomy":"product_cat","embeddable":true,"href":"https:\/\/geemarc.com\/fr\/wp-json\/wp\/v2\/product_cat?post=11920"},{"taxonomy":"product_tag","embeddable":true,"href":"https:\/\/geemarc.com\/fr\/wp-json\/wp\/v2\/product_tag?post=11920"}],"curies":[{"name":"wp","href":"https:\/\/api.w.org\/{rel}","templated":true}]}}