{"id":12056,"date":"2026-01-28T14:55:22","date_gmt":"2026-01-28T14:55:22","guid":{"rendered":"https:\/\/geemarc.com\/fr\/?post_type=product&#038;p=12056"},"modified":"2026-03-30T09:56:03","modified_gmt":"2026-03-30T09:56:03","slug":"serenities-100","status":"publish","type":"product","link":"https:\/\/geemarc.com\/fr\/product\/serenities-100\/","title":{"rendered":"SERENITIES 100"},"content":{"rendered":"<p><strong>APPELER \/ REPONDRE<\/strong><\/p>\n<ul>\n<li>Compatible appareil auditif<\/li>\n<li>R\u00e9glage du volume de r\u00e9ception jusqu\u2019\u00e0 <strong>40dB<\/strong><\/li>\n<li>R\u00e9glage de la tonalit\u00e9 de r\u00e9ception avec 5 niveaux<\/li>\n<li>3 m\u00e9moires photos directes<\/li>\n<li>10 m\u00e9moires indirectes<\/li>\n<li>R\u00e9pertoire : 30 num\u00e9ros avec nom vocal<\/li>\n<li>Blacklist\u00a0: possibilit\u00e9 de bloquer jusqu\u2019a 200 num\u00e9ros<\/li>\n<li>4 modes de blocage d\u2019appel : bloque tous les num\u00e9ros \/ bloque uniquement les num\u00e9ros de la blacklist \/ bloque les num\u00e9ros internationaux et priv\u00e9s \/ d\u00e9sactive le blocage d\u2019appel<\/li>\n<li>Bouton SOS<\/li>\n<li>Possibilit\u00e9 de prendre un appel depuis la t\u00e9l\u00e9commande (fonction mains libre enclench\u00e9e)<\/li>\n<li>Dans le cadre des personnes \u00e0 mobilit\u00e9 r\u00e9duite, possibilit\u00e9 pour l\u2019appelant de d\u00e9crocher le t\u00e9l\u00e9phone \u00e0 distance \u00e0 l\u2019aide d\u2019un code pin \u00e0 4 chiffres<\/li>\n<li>Fonction Flash (100\/270\/600mS)<\/li>\n<li>Main libre bidirectionnel avec indication par LED<\/li>\n<li>R\u00e9glage du volume du haut-parleur en mains libres<\/li>\n<li>Fonction R (double appel)<\/li>\n<li>Fonction pause<\/li>\n<li>Rappel des 10 derniers num\u00e9ros composes bouton \u201cBIS\u201d<\/li>\n<li>Clavier \u00e0 grosses touches avec r\u00e9tro-\u00e9clairage<\/li>\n<li>6 langues : Anglais, Fran\u00e7ais, Allemand, N\u00e9erlandais, Italien et Espagnol<\/li>\n<li>Aide vocale (touches, menu, repertoire, num\u00e9ro de t\u00e9l\u00e9phone)<\/li>\n<li>Connexion d&#8217;entr\u00e9e \/ sortie pour la transcription automatique voix &#8211; texte<\/li>\n<\/ul>\n<p>&nbsp;<\/p>\n<p><strong>FONCTION D\u2019APPEL D\u2019URGENCE<\/strong><\/p>\n<ul>\n<li>Appel SOS d\u2019urgence avec le bouton SOS du t\u00e9l\u00e9phone ou celui de la t\u00e9l\u00e9commande (\u00e9metteur 869,2 mHz)<\/li>\n<li>T\u00e9l\u00e9commande SOS r\u00e9sistante \u00e0 l\u2019eau (IP67) d\u2019une port\u00e9e de 20 \u00e0 30 m.<\/li>\n<li>Proc\u00e9dure d&#8217;appel SOS par composition automatique de 5 num\u00e9ros d&#8217;urgence diff\u00e9rents + message vocal<\/li>\n<li>Bip de confirmation d\u2019envoi d\u2019appel d\u2019urgence<\/li>\n<li>Annonce vocale personnalisable (message SOS par d\u00e9faut)<\/li>\n<li>Possibilit\u00e9 d\u2019enregistrer 4 t\u00e9l\u00e9commandes<\/li>\n<li>Alarme de temp\u00e9rature ambiante (Min. \/ Max.) avec proc\u00e9dure d&#8217;appel d&#8217;alarme par 5 num\u00e9ros SOS + message vocal<\/li>\n<li>Entr\u00e9e pour capteur externe (SOS), Appel SOS suivant<\/li>\n<li>3 modes (arr\u00eat, normal, 24h)<\/li>\n<li>D\u00e9tection soit sur contact ouvert soit sur contact ferm\u00e9<\/li>\n<\/ul>\n<p>&nbsp;<\/p>\n<div id=\"threesixty-slider-12100_cQK2a4\" class=\"threesixty-loading threesixty-image threesixty-dark-blue threesixty-vintage threesixty-no-border\" style=\"width: 800px;\">\r\n\t<div class=\"threesixty-preview-12100_cQK2a4\"><img class=\"threesixty-preview-image\" src=\"https:\/\/geemarc.com\/fr\/wp-content\/uploads\/sites\/3\/2026\/03\/DSC_0004.jpg\"\/><\/div>\r\n\t<div class=\"threesixty-spinner threesixty-spinner-12100_cQK2a4\">\r\n\t\t<span>0%<\/span>\r\n\t<\/div>\r\n\t<ol class=\"threesixty-images threesixty-images-12100_cQK2a4\"><\/ol>\r\n\t\t\t<a href=\"#threesixty-slider-12100_cQK2a4\" class=\"threesixty-mfp-anchor\"><\/a>\r\n\t<\/div>\r\n<!--SPV--><script type=\"text\/javascript\">\/\/SPV\r\n(function($) {\r\n\t\t$('#threesixty-slider-12100_cQK2a4 .threesixty-mfp-anchor').magnificPopup({\r\n\t\ttype:'inline',\r\n\t\tcloseOnBgClick: true,\r\n\t\tmidClick: true,\r\n\t\t\/\/removalDelay: 300,\r\n  \t\t\/\/mainClass: 'mfp-fade',\r\n\t\tcallbacks: {\r\n\t\t\t resize: function() {\r\n\t\t\t \tvar originalHeight \t= 677,\r\n\t\t\t \t\toriginalWidth \t= 800,\r\n\t\t\t \t\tmfpHeight \t\t= 677,\r\n\t\t\t \t\tmfpWidth \t\t= 800,\r\n\t\t\t \t\tratio \t\t\t= originalWidth \/ originalHeight,\r\n\t\t\t \t\twinHeight \t\t= $(window).height(),\r\n\t\t\t \t\twinWidth \t\t= $(window).width();\r\n\t\t\t \t\r\n\t\t\t \tif ( originalHeight > winHeight * 0.9 ) {\r\n\t\t\t \t\tmfpHeight \t\t= winHeight * 0.9;\r\n\t\t\t \t\tmfpWidth \t\t= mfpHeight * ratio;\r\n\t\t\t\t}\r\n\t\t\t\tif ( mfpWidth > winWidth * 0.9 ) {\r\n\t\t\t \t\tmfpWidth \t\t= winWidth * 0.9;\r\n\t\t\t \t\tmfpHeight \t\t= mfpWidth \/ ratio;\r\n\t\t\t\t}\r\n\t\t\t \tif ( mfpHeight < originalHeight && mfpWidth < originalWidth ) {\r\n\t\t\t\t    $('#threesixty-slider-12100_cQK2a4').height(mfpHeight);\r\n\t\t\t\t    $('#threesixty-slider-12100_cQK2a4').width(mfpWidth);\r\n\t\t\t\t} \r\n\t\t\t\telse {\r\n\t\t\t\t    $('#threesixty-slider-12100_cQK2a4').height(originalHeight);\r\n\t\t\t\t    $('#threesixty-slider-12100_cQK2a4').width(originalWidth);\r\n\t\t\t\t}\r\n\t\t\t},\r\n\t\t\tclose: function() {\r\n\t\t\t    $('#threesixty-slider-12100_cQK2a4').height('auto');\r\n\t\t\t    $('#threesixty-slider-12100_cQK2a4').width(800);\r\n\t\t\t}\r\n\t\t},\r\n\t\tcloseMarkup :\"<button class=\\\"mfp-close\\\"><\/button>\"\r\n\t});\r\n\t\tvar product_12100_cQK2a4 = $('#threesixty-slider-12100_cQK2a4').ThreeSixty({\r\n\t\ttotalFrames: 37,\r\n\t\tendFrame: 0,\r\n\t\tcurrentFrame: 37,\r\n\t\timgList: '.threesixty-images-12100_cQK2a4',\r\n\t\tprogress: '.threesixty-spinner-12100_cQK2a4',\r\n\t\tpreview: '.threesixty-preview-12100_cQK2a4',\r\n\t\timages: ['https:\/\/geemarc.com\/fr\/wp-content\/uploads\/sites\/3\/2026\/03\/DSC_0039.jpg','https:\/\/geemarc.com\/fr\/wp-content\/uploads\/sites\/3\/2026\/03\/DSC_0038.jpg','https:\/\/geemarc.com\/fr\/wp-content\/uploads\/sites\/3\/2026\/03\/DSC_0037.jpg','https:\/\/geemarc.com\/fr\/wp-content\/uploads\/sites\/3\/2026\/03\/DSC_0036.jpg','https:\/\/geemarc.com\/fr\/wp-content\/uploads\/sites\/3\/2026\/03\/DSC_0035.jpg','https:\/\/geemarc.com\/fr\/wp-content\/uploads\/sites\/3\/2026\/03\/DSC_0034.jpg','https:\/\/geemarc.com\/fr\/wp-content\/uploads\/sites\/3\/2026\/03\/DSC_0033.jpg','https:\/\/geemarc.com\/fr\/wp-content\/uploads\/sites\/3\/2026\/03\/DSC_0032.jpg','https:\/\/geemarc.com\/fr\/wp-content\/uploads\/sites\/3\/2026\/03\/DSC_0031.jpg','https:\/\/geemarc.com\/fr\/wp-content\/uploads\/sites\/3\/2026\/03\/DSC_0030.jpg','https:\/\/geemarc.com\/fr\/wp-content\/uploads\/sites\/3\/2026\/03\/DSC_0029.jpg','https:\/\/geemarc.com\/fr\/wp-content\/uploads\/sites\/3\/2026\/03\/DSC_0028.jpg','https:\/\/geemarc.com\/fr\/wp-content\/uploads\/sites\/3\/2026\/03\/DSC_0027.jpg','https:\/\/geemarc.com\/fr\/wp-content\/uploads\/sites\/3\/2026\/03\/DSC_0026.jpg','https:\/\/geemarc.com\/fr\/wp-content\/uploads\/sites\/3\/2026\/03\/DSC_0025.jpg','https:\/\/geemarc.com\/fr\/wp-content\/uploads\/sites\/3\/2026\/03\/DSC_0024.jpg','https:\/\/geemarc.com\/fr\/wp-content\/uploads\/sites\/3\/2026\/03\/DSC_0023.jpg','https:\/\/geemarc.com\/fr\/wp-content\/uploads\/sites\/3\/2026\/03\/DSC_0022.jpg','https:\/\/geemarc.com\/fr\/wp-content\/uploads\/sites\/3\/2026\/03\/DSC_0021.jpg','https:\/\/geemarc.com\/fr\/wp-content\/uploads\/sites\/3\/2026\/03\/DSC_0020.jpg','https:\/\/geemarc.com\/fr\/wp-content\/uploads\/sites\/3\/2026\/03\/DSC_0019.jpg','https:\/\/geemarc.com\/fr\/wp-content\/uploads\/sites\/3\/2026\/03\/DSC_0018.jpg','https:\/\/geemarc.com\/fr\/wp-content\/uploads\/sites\/3\/2026\/03\/DSC_0017.jpg','https:\/\/geemarc.com\/fr\/wp-content\/uploads\/sites\/3\/2026\/03\/DSC_0016.jpg','https:\/\/geemarc.com\/fr\/wp-content\/uploads\/sites\/3\/2026\/03\/DSC_0015.jpg','https:\/\/geemarc.com\/fr\/wp-content\/uploads\/sites\/3\/2026\/03\/DSC_0014.jpg','https:\/\/geemarc.com\/fr\/wp-content\/uploads\/sites\/3\/2026\/03\/DSC_0013.jpg','https:\/\/geemarc.com\/fr\/wp-content\/uploads\/sites\/3\/2026\/03\/DSC_0012.jpg','https:\/\/geemarc.com\/fr\/wp-content\/uploads\/sites\/3\/2026\/03\/DSC_0011-2.jpg','https:\/\/geemarc.com\/fr\/wp-content\/uploads\/sites\/3\/2026\/03\/DSC_0011.jpg','https:\/\/geemarc.com\/fr\/wp-content\/uploads\/sites\/3\/2026\/03\/DSC_0010.jpg','https:\/\/geemarc.com\/fr\/wp-content\/uploads\/sites\/3\/2026\/03\/DSC_0009.jpg','https:\/\/geemarc.com\/fr\/wp-content\/uploads\/sites\/3\/2026\/03\/DSC_0008.jpg','https:\/\/geemarc.com\/fr\/wp-content\/uploads\/sites\/3\/2026\/03\/DSC_0007.jpg','https:\/\/geemarc.com\/fr\/wp-content\/uploads\/sites\/3\/2026\/03\/DSC_0006.jpg','https:\/\/geemarc.com\/fr\/wp-content\/uploads\/sites\/3\/2026\/03\/DSC_0005.jpg','https:\/\/geemarc.com\/fr\/wp-content\/uploads\/sites\/3\/2026\/03\/DSC_0004.jpg'],\r\n\t\theight: 0,\r\n\t\twidth: 800,\r\n\t\tnavigation: true,\r\n\t\tdrag: true,\r\n\t\tshowCursor: true,\r\n\t\tinterval: 120,\r\n\t\tspeedMultiplier: 3,\r\n\t\t\t\tstartAutoplay: true,\r\n\t\t\t\tonReady: function() {\r\n\t\t\t$(\"#threesixty-slider-12100_cQK2a4\").removeClass('threesixty-loading');\r\n\t\t\t\t\t\tproduct_12100_cQK2a4.play();\r\n\t\t\t\t\t\t\t\t}\r\n\t\t\t});\r\n\t\t\t}(jQuery));\r\n<\/script>\n","protected":false},"excerpt":{"rendered":"<p>T\u00e9l\u00e9phone multifonction avec t\u00e9l\u00e9commande SOS<\/p>\n","protected":false},"featured_media":12053,"template":"","meta":[],"product_cat":[129],"product_tag":[],"yoast_head":"<!-- This site is optimized with the Yoast SEO plugin v16.9 - https:\/\/yoast.com\/wordpress\/plugins\/seo\/ -->\n<title>SERENITIES 100 - Geemarc France<\/title>\n<meta name=\"robots\" content=\"index, follow, max-snippet:-1, max-image-preview:large, max-video-preview:-1\" \/>\n<link rel=\"canonical\" href=\"https:\/\/geemarc.com\/fr\/product\/serenities-100\/\" \/>\n<meta property=\"og:locale\" content=\"fr_FR\" \/>\n<meta property=\"og:type\" content=\"article\" \/>\n<meta property=\"og:title\" content=\"SERENITIES 100 - Geemarc France\" \/>\n<meta property=\"og:description\" content=\"T\u00e9l\u00e9phone multifonction avec t\u00e9l\u00e9commande SOS\" \/>\n<meta property=\"og:url\" content=\"https:\/\/geemarc.com\/fr\/product\/serenities-100\/\" \/>\n<meta property=\"og:site_name\" content=\"Geemarc France\" \/>\n<meta property=\"article:modified_time\" content=\"2026-03-30T09:56:03+00:00\" \/>\n<meta property=\"og:image\" content=\"https:\/\/geemarc.com\/fr\/wp-content\/uploads\/sites\/3\/2026\/01\/SERENITIES-100_1-FR-scaled.jpg\" \/>\n\t<meta property=\"og:image:width\" content=\"2560\" \/>\n\t<meta property=\"og:image:height\" content=\"1702\" \/>\n<meta name=\"twitter:card\" content=\"summary_large_image\" \/>\n<meta name=\"twitter:label1\" content=\"Dur\u00e9e de lecture est.\" \/>\n\t<meta name=\"twitter:data1\" content=\"2 minutes\" \/>\n<script type=\"application\/ld+json\" class=\"yoast-schema-graph\">{\"@context\":\"https:\/\/schema.org\",\"@graph\":[{\"@type\":\"WebSite\",\"@id\":\"https:\/\/geemarc.com\/fr\/#website\",\"url\":\"https:\/\/geemarc.com\/fr\/\",\"name\":\"Geemarc France\",\"description\":\"\",\"potentialAction\":[{\"@type\":\"SearchAction\",\"target\":{\"@type\":\"EntryPoint\",\"urlTemplate\":\"https:\/\/geemarc.com\/fr\/?s={search_term_string}\"},\"query-input\":\"required name=search_term_string\"}],\"inLanguage\":\"fr-FR\"},{\"@type\":\"ImageObject\",\"@id\":\"https:\/\/geemarc.com\/fr\/product\/serenities-100\/#primaryimage\",\"inLanguage\":\"fr-FR\",\"url\":\"https:\/\/geemarc.com\/fr\/wp-content\/uploads\/sites\/3\/2026\/01\/SERENITIES-100_1-FR-scaled.jpg\",\"contentUrl\":\"https:\/\/geemarc.com\/fr\/wp-content\/uploads\/sites\/3\/2026\/01\/SERENITIES-100_1-FR-scaled.jpg\",\"width\":2560,\"height\":1702},{\"@type\":\"WebPage\",\"@id\":\"https:\/\/geemarc.com\/fr\/product\/serenities-100\/#webpage\",\"url\":\"https:\/\/geemarc.com\/fr\/product\/serenities-100\/\",\"name\":\"SERENITIES 100 - Geemarc France\",\"isPartOf\":{\"@id\":\"https:\/\/geemarc.com\/fr\/#website\"},\"primaryImageOfPage\":{\"@id\":\"https:\/\/geemarc.com\/fr\/product\/serenities-100\/#primaryimage\"},\"datePublished\":\"2026-01-28T14:55:22+00:00\",\"dateModified\":\"2026-03-30T09:56:03+00:00\",\"breadcrumb\":{\"@id\":\"https:\/\/geemarc.com\/fr\/product\/serenities-100\/#breadcrumb\"},\"inLanguage\":\"fr-FR\",\"potentialAction\":[{\"@type\":\"ReadAction\",\"target\":[\"https:\/\/geemarc.com\/fr\/product\/serenities-100\/\"]}]},{\"@type\":\"BreadcrumbList\",\"@id\":\"https:\/\/geemarc.com\/fr\/product\/serenities-100\/#breadcrumb\",\"itemListElement\":[{\"@type\":\"ListItem\",\"position\":1,\"name\":\"Home\",\"item\":\"https:\/\/geemarc.com\/fr\/\"},{\"@type\":\"ListItem\",\"position\":2,\"name\":\"Shop\",\"item\":\"https:\/\/geemarc.com\/fr\/shop\/\"},{\"@type\":\"ListItem\",\"position\":3,\"name\":\"SERENITIES 100\"}]}]}<\/script>\n<!-- \/ Yoast SEO plugin. -->","yoast_head_json":{"title":"SERENITIES 100 - Geemarc France","robots":{"index":"index","follow":"follow","max-snippet":"max-snippet:-1","max-image-preview":"max-image-preview:large","max-video-preview":"max-video-preview:-1"},"canonical":"https:\/\/geemarc.com\/fr\/product\/serenities-100\/","og_locale":"fr_FR","og_type":"article","og_title":"SERENITIES 100 - Geemarc France","og_description":"T\u00e9l\u00e9phone multifonction avec t\u00e9l\u00e9commande SOS","og_url":"https:\/\/geemarc.com\/fr\/product\/serenities-100\/","og_site_name":"Geemarc France","article_modified_time":"2026-03-30T09:56:03+00:00","og_image":[{"width":2560,"height":1702,"url":"https:\/\/geemarc.com\/fr\/wp-content\/uploads\/sites\/3\/2026\/01\/SERENITIES-100_1-FR-scaled.jpg","path":"\/home\/g\/e\/geemarcwp\/public_html\/wp-content\/uploads\/sites\/3\/2026\/01\/SERENITIES-100_1-FR-scaled.jpg","size":"full","id":12053,"alt":"","pixels":4357120,"type":"image\/jpeg"}],"twitter_card":"summary_large_image","twitter_misc":{"Dur\u00e9e de lecture est.":"2 minutes"},"schema":{"@context":"https:\/\/schema.org","@graph":[{"@type":"WebSite","@id":"https:\/\/geemarc.com\/fr\/#website","url":"https:\/\/geemarc.com\/fr\/","name":"Geemarc France","description":"","potentialAction":[{"@type":"SearchAction","target":{"@type":"EntryPoint","urlTemplate":"https:\/\/geemarc.com\/fr\/?s={search_term_string}"},"query-input":"required name=search_term_string"}],"inLanguage":"fr-FR"},{"@type":"ImageObject","@id":"https:\/\/geemarc.com\/fr\/product\/serenities-100\/#primaryimage","inLanguage":"fr-FR","url":"https:\/\/geemarc.com\/fr\/wp-content\/uploads\/sites\/3\/2026\/01\/SERENITIES-100_1-FR-scaled.jpg","contentUrl":"https:\/\/geemarc.com\/fr\/wp-content\/uploads\/sites\/3\/2026\/01\/SERENITIES-100_1-FR-scaled.jpg","width":2560,"height":1702},{"@type":"WebPage","@id":"https:\/\/geemarc.com\/fr\/product\/serenities-100\/#webpage","url":"https:\/\/geemarc.com\/fr\/product\/serenities-100\/","name":"SERENITIES 100 - Geemarc France","isPartOf":{"@id":"https:\/\/geemarc.com\/fr\/#website"},"primaryImageOfPage":{"@id":"https:\/\/geemarc.com\/fr\/product\/serenities-100\/#primaryimage"},"datePublished":"2026-01-28T14:55:22+00:00","dateModified":"2026-03-30T09:56:03+00:00","breadcrumb":{"@id":"https:\/\/geemarc.com\/fr\/product\/serenities-100\/#breadcrumb"},"inLanguage":"fr-FR","potentialAction":[{"@type":"ReadAction","target":["https:\/\/geemarc.com\/fr\/product\/serenities-100\/"]}]},{"@type":"BreadcrumbList","@id":"https:\/\/geemarc.com\/fr\/product\/serenities-100\/#breadcrumb","itemListElement":[{"@type":"ListItem","position":1,"name":"Home","item":"https:\/\/geemarc.com\/fr\/"},{"@type":"ListItem","position":2,"name":"Shop","item":"https:\/\/geemarc.com\/fr\/shop\/"},{"@type":"ListItem","position":3,"name":"SERENITIES 100"}]}]}},"acf":[],"_links":{"self":[{"href":"https:\/\/geemarc.com\/fr\/wp-json\/wp\/v2\/product\/12056"}],"collection":[{"href":"https:\/\/geemarc.com\/fr\/wp-json\/wp\/v2\/product"}],"about":[{"href":"https:\/\/geemarc.com\/fr\/wp-json\/wp\/v2\/types\/product"}],"wp:featuredmedia":[{"embeddable":true,"href":"https:\/\/geemarc.com\/fr\/wp-json\/wp\/v2\/media\/12053"}],"wp:attachment":[{"href":"https:\/\/geemarc.com\/fr\/wp-json\/wp\/v2\/media?parent=12056"}],"wp:term":[{"taxonomy":"product_cat","embeddable":true,"href":"https:\/\/geemarc.com\/fr\/wp-json\/wp\/v2\/product_cat?post=12056"},{"taxonomy":"product_tag","embeddable":true,"href":"https:\/\/geemarc.com\/fr\/wp-json\/wp\/v2\/product_tag?post=12056"}],"curies":[{"name":"wp","href":"https:\/\/api.w.org\/{rel}","templated":true}]}}