{"id":4069,"date":"2018-06-06T14:08:13","date_gmt":"2018-06-06T14:08:13","guid":{"rendered":"http:\/\/geemarc.com\/fr\/?post_type=product&#038;p=4069"},"modified":"2019-06-26T08:00:43","modified_gmt":"2019-06-26T08:00:43","slug":"amplicall-6","status":"publish","type":"product","link":"https:\/\/geemarc.com\/fr\/product\/amplicall-6\/","title":{"rendered":"AMPLICALL 6"},"content":{"rendered":"<p>L\u2019AMPLICALL 6 est une ampoule connectable \u00e0 nos syst\u00e8mes AC16\/AC20\/AC30.<\/p>\n<p>Cette ampoule peut remplir plusieurs fonctions.<br \/>\nSelon le produit auquel elle est connect\u00e9e, elle sera en mesure de vous avertir de fa\u00e7on lumineuse :<\/p>\n<ul>\n<li>de l\u2019arriv\u00e9 d\u2019une personne qui sonne \u00e0 votre porte ou \u00e0 votre interphone<\/li>\n<li>des pleurs de votre b\u00e9b\u00e9 dans sa chambre, etc&#8230;<\/li>\n<\/ul>\n<p>Grace \u00e0 la t\u00e9l\u00e9commande radio (port\u00e9e 15m) fournie avec l&#8217;ampoule, vous pourrez aussi utiliser celle-ci comme une lampe d&#8217;\u00e9clairage classique mais command\u00e9e \u00e0 distance.<br \/>\nDeux niveaux d\u2019\u00e9clairage sont disponibles : mode tamis\u00e9 et mode normal.<\/p>\n","protected":false},"excerpt":{"rendered":"<p>Ampoule intelligente<\/p>\n","protected":false},"featured_media":4073,"template":"","meta":[],"product_cat":[145],"product_tag":[],"yoast_head":"<!-- This site is optimized with the Yoast SEO plugin v16.9 - https:\/\/yoast.com\/wordpress\/plugins\/seo\/ -->\n<title>AMPLICALL 6 - Geemarc France<\/title>\n<meta name=\"robots\" content=\"index, follow, max-snippet:-1, max-image-preview:large, max-video-preview:-1\" \/>\n<link rel=\"canonical\" href=\"https:\/\/geemarc.com\/fr\/product\/amplicall-6\/\" \/>\n<meta property=\"og:locale\" content=\"fr_FR\" \/>\n<meta property=\"og:type\" content=\"article\" \/>\n<meta property=\"og:title\" content=\"AMPLICALL 6 - Geemarc France\" \/>\n<meta property=\"og:description\" content=\"Ampoule intelligente\" \/>\n<meta property=\"og:url\" content=\"https:\/\/geemarc.com\/fr\/product\/amplicall-6\/\" \/>\n<meta property=\"og:site_name\" content=\"Geemarc France\" \/>\n<meta property=\"article:modified_time\" content=\"2019-06-26T08:00:43+00:00\" \/>\n<meta property=\"og:image\" content=\"https:\/\/geemarc.com\/fr\/wp-content\/uploads\/sites\/3\/2018\/06\/AMPLICALL6_2.jpg\" \/>\n\t<meta property=\"og:image:width\" content=\"1134\" \/>\n\t<meta property=\"og:image:height\" content=\"945\" \/>\n<meta name=\"twitter:card\" content=\"summary_large_image\" \/>\n<script type=\"application\/ld+json\" class=\"yoast-schema-graph\">{\"@context\":\"https:\/\/schema.org\",\"@graph\":[{\"@type\":\"WebSite\",\"@id\":\"https:\/\/geemarc.com\/fr\/#website\",\"url\":\"https:\/\/geemarc.com\/fr\/\",\"name\":\"Geemarc France\",\"description\":\"\",\"potentialAction\":[{\"@type\":\"SearchAction\",\"target\":{\"@type\":\"EntryPoint\",\"urlTemplate\":\"https:\/\/geemarc.com\/fr\/?s={search_term_string}\"},\"query-input\":\"required name=search_term_string\"}],\"inLanguage\":\"fr-FR\"},{\"@type\":\"ImageObject\",\"@id\":\"https:\/\/geemarc.com\/fr\/product\/amplicall-6\/#primaryimage\",\"inLanguage\":\"fr-FR\",\"url\":\"https:\/\/geemarc.com\/fr\/wp-content\/uploads\/sites\/3\/2018\/06\/AMPLICALL6_2.jpg\",\"contentUrl\":\"https:\/\/geemarc.com\/fr\/wp-content\/uploads\/sites\/3\/2018\/06\/AMPLICALL6_2.jpg\",\"width\":1134,\"height\":945},{\"@type\":\"WebPage\",\"@id\":\"https:\/\/geemarc.com\/fr\/product\/amplicall-6\/#webpage\",\"url\":\"https:\/\/geemarc.com\/fr\/product\/amplicall-6\/\",\"name\":\"AMPLICALL 6 - Geemarc France\",\"isPartOf\":{\"@id\":\"https:\/\/geemarc.com\/fr\/#website\"},\"primaryImageOfPage\":{\"@id\":\"https:\/\/geemarc.com\/fr\/product\/amplicall-6\/#primaryimage\"},\"datePublished\":\"2018-06-06T14:08:13+00:00\",\"dateModified\":\"2019-06-26T08:00:43+00:00\",\"breadcrumb\":{\"@id\":\"https:\/\/geemarc.com\/fr\/product\/amplicall-6\/#breadcrumb\"},\"inLanguage\":\"fr-FR\",\"potentialAction\":[{\"@type\":\"ReadAction\",\"target\":[\"https:\/\/geemarc.com\/fr\/product\/amplicall-6\/\"]}]},{\"@type\":\"BreadcrumbList\",\"@id\":\"https:\/\/geemarc.com\/fr\/product\/amplicall-6\/#breadcrumb\",\"itemListElement\":[{\"@type\":\"ListItem\",\"position\":1,\"name\":\"Home\",\"item\":\"https:\/\/geemarc.com\/fr\/\"},{\"@type\":\"ListItem\",\"position\":2,\"name\":\"Shop\",\"item\":\"https:\/\/geemarc.com\/fr\/shop\/\"},{\"@type\":\"ListItem\",\"position\":3,\"name\":\"AMPLICALL 6\"}]}]}<\/script>\n<!-- \/ Yoast SEO plugin. -->","yoast_head_json":{"title":"AMPLICALL 6 - Geemarc France","robots":{"index":"index","follow":"follow","max-snippet":"max-snippet:-1","max-image-preview":"max-image-preview:large","max-video-preview":"max-video-preview:-1"},"canonical":"https:\/\/geemarc.com\/fr\/product\/amplicall-6\/","og_locale":"fr_FR","og_type":"article","og_title":"AMPLICALL 6 - Geemarc France","og_description":"Ampoule intelligente","og_url":"https:\/\/geemarc.com\/fr\/product\/amplicall-6\/","og_site_name":"Geemarc France","article_modified_time":"2019-06-26T08:00:43+00:00","og_image":[{"width":1134,"height":945,"url":"https:\/\/geemarc.com\/fr\/wp-content\/uploads\/sites\/3\/2018\/06\/AMPLICALL6_2.jpg","path":"\/home\/g\/e\/geemarcwp\/public_html\/wp-content\/uploads\/sites\/3\/2018\/06\/AMPLICALL6_2.jpg","size":"full","id":4073,"alt":"","pixels":1071630,"type":"image\/jpeg"}],"twitter_card":"summary_large_image","schema":{"@context":"https:\/\/schema.org","@graph":[{"@type":"WebSite","@id":"https:\/\/geemarc.com\/fr\/#website","url":"https:\/\/geemarc.com\/fr\/","name":"Geemarc France","description":"","potentialAction":[{"@type":"SearchAction","target":{"@type":"EntryPoint","urlTemplate":"https:\/\/geemarc.com\/fr\/?s={search_term_string}"},"query-input":"required name=search_term_string"}],"inLanguage":"fr-FR"},{"@type":"ImageObject","@id":"https:\/\/geemarc.com\/fr\/product\/amplicall-6\/#primaryimage","inLanguage":"fr-FR","url":"https:\/\/geemarc.com\/fr\/wp-content\/uploads\/sites\/3\/2018\/06\/AMPLICALL6_2.jpg","contentUrl":"https:\/\/geemarc.com\/fr\/wp-content\/uploads\/sites\/3\/2018\/06\/AMPLICALL6_2.jpg","width":1134,"height":945},{"@type":"WebPage","@id":"https:\/\/geemarc.com\/fr\/product\/amplicall-6\/#webpage","url":"https:\/\/geemarc.com\/fr\/product\/amplicall-6\/","name":"AMPLICALL 6 - Geemarc France","isPartOf":{"@id":"https:\/\/geemarc.com\/fr\/#website"},"primaryImageOfPage":{"@id":"https:\/\/geemarc.com\/fr\/product\/amplicall-6\/#primaryimage"},"datePublished":"2018-06-06T14:08:13+00:00","dateModified":"2019-06-26T08:00:43+00:00","breadcrumb":{"@id":"https:\/\/geemarc.com\/fr\/product\/amplicall-6\/#breadcrumb"},"inLanguage":"fr-FR","potentialAction":[{"@type":"ReadAction","target":["https:\/\/geemarc.com\/fr\/product\/amplicall-6\/"]}]},{"@type":"BreadcrumbList","@id":"https:\/\/geemarc.com\/fr\/product\/amplicall-6\/#breadcrumb","itemListElement":[{"@type":"ListItem","position":1,"name":"Home","item":"https:\/\/geemarc.com\/fr\/"},{"@type":"ListItem","position":2,"name":"Shop","item":"https:\/\/geemarc.com\/fr\/shop\/"},{"@type":"ListItem","position":3,"name":"AMPLICALL 6"}]}]}},"acf":[],"_links":{"self":[{"href":"https:\/\/geemarc.com\/fr\/wp-json\/wp\/v2\/product\/4069"}],"collection":[{"href":"https:\/\/geemarc.com\/fr\/wp-json\/wp\/v2\/product"}],"about":[{"href":"https:\/\/geemarc.com\/fr\/wp-json\/wp\/v2\/types\/product"}],"wp:featuredmedia":[{"embeddable":true,"href":"https:\/\/geemarc.com\/fr\/wp-json\/wp\/v2\/media\/4073"}],"wp:attachment":[{"href":"https:\/\/geemarc.com\/fr\/wp-json\/wp\/v2\/media?parent=4069"}],"wp:term":[{"taxonomy":"product_cat","embeddable":true,"href":"https:\/\/geemarc.com\/fr\/wp-json\/wp\/v2\/product_cat?post=4069"},{"taxonomy":"product_tag","embeddable":true,"href":"https:\/\/geemarc.com\/fr\/wp-json\/wp\/v2\/product_tag?post=4069"}],"curies":[{"name":"wp","href":"https:\/\/api.w.org\/{rel}","templated":true}]}}