{"id":4103,"date":"2018-06-06T15:29:05","date_gmt":"2018-06-06T15:29:05","guid":{"rendered":"http:\/\/geemarc.com\/fr\/?post_type=product&#038;p=4103"},"modified":"2023-07-11T13:47:20","modified_gmt":"2023-07-11T13:47:20","slug":"amplidect295-2","status":"publish","type":"product","link":"https:\/\/geemarc.com\/fr\/product\/amplidect295-2\/","title":{"rendered":"AMPLIDECT295-2"},"content":{"rendered":"<p><strong>Version DUO<\/strong><\/p>\n<p><strong>C<span style=\"font-family: verdana, geneva; font-size: small;\">aract\u00e9ristiques:<\/span><\/strong><\/p>\n<ul>\n<li><span style=\"font-size: small; font-family: verdana, geneva;\">Compatible appareil auditif<\/span><\/li>\n<li><span style=\"font-size: small; font-family: verdana, geneva;\">R\u00e9glage du volume de r\u00e9ception jusqu\u2019\u00e0 <strong>30dB<\/strong><\/span><\/li>\n<li><span style=\"font-size: small; font-family: verdana, geneva;\">Sonneries puissantes : jusqu\u2019\u00e0 75dB sur le combin\u00e9 et 80dB sur la base<\/span><\/li>\n<li><span style=\"font-size: small; font-family: verdana, geneva;\">Mains libres<\/span><\/li>\n<li><span style=\"font-size: small; font-family: verdana, geneva;\">R\u00e9glage du volume du haut-parleur<\/span><\/li>\n<li><span style=\"font-size: small; font-family: verdana, geneva;\">R\u00e9pertoire (50 fiches : noms et num\u00e9ros)<\/span><\/li>\n<li><span style=\"font-size: small; font-family: verdana, geneva;\">Touche d\u2019acc\u00e8s rapide au r\u00e9pertoire<\/span><\/li>\n<li><span style=\"font-size: small; font-family: verdana, geneva;\">Touche R pour double appel<\/span><\/li>\n<li><span style=\"font-size: small; font-family: verdana, geneva;\">Touche d\u2019acc\u00e8s rapide pour le menu<\/span><\/li>\n<li><span style=\"font-size: small; font-family: verdana, geneva;\">Fonction Alarme<\/span><\/li>\n<li><span style=\"font-size: small; font-family: verdana, geneva;\">S\u00e9lection entre 7 langues : Anglais, Allemand, Fran\u00e7ais, Italien, N\u00e9erlandais, Espagnol et Russe<\/span><\/li>\n<li><span style=\"font-size: small; font-family: verdana, geneva;\">IDENTIFICATION D\u2019APPELS*<\/span><\/li>\n<\/ul>\n<p><strong><span style=\"font-family: verdana, geneva; font-size: small;\">COMBINES ADDITIONNELS:<\/span><\/strong><\/p>\n<ul>\n<li><span style=\"font-family: verdana, geneva; font-size: small;\">AmpliDect295 AD<\/span><\/li>\n<li><span style=\"font-family: verdana, geneva; font-size: small;\">PhotoDect295<\/span><\/li>\n<\/ul>\n","protected":false},"excerpt":{"rendered":"<p>T\u00e9l\u00e9phone amplifi\u00e9 num\u00e9rique sans fil avec r\u00e9pondeur int\u00e9gr\u00e9 en version DUO<\/p>\n","protected":false},"featured_media":4105,"template":"","meta":[],"product_cat":[130],"product_tag":[],"yoast_head":"<!-- This site is optimized with the Yoast SEO plugin v16.9 - https:\/\/yoast.com\/wordpress\/plugins\/seo\/ -->\n<title>AMPLIDECT295-2 - Geemarc France<\/title>\n<meta name=\"robots\" content=\"index, follow, max-snippet:-1, max-image-preview:large, max-video-preview:-1\" \/>\n<link rel=\"canonical\" href=\"https:\/\/geemarc.com\/fr\/product\/amplidect295-2\/\" \/>\n<meta property=\"og:locale\" content=\"fr_FR\" \/>\n<meta property=\"og:type\" content=\"article\" \/>\n<meta property=\"og:title\" content=\"AMPLIDECT295-2 - Geemarc France\" \/>\n<meta property=\"og:description\" content=\"T\u00e9l\u00e9phone amplifi\u00e9 num\u00e9rique sans fil avec r\u00e9pondeur int\u00e9gr\u00e9 en version DUO\" \/>\n<meta property=\"og:url\" content=\"https:\/\/geemarc.com\/fr\/product\/amplidect295-2\/\" \/>\n<meta property=\"og:site_name\" content=\"Geemarc France\" \/>\n<meta property=\"article:modified_time\" content=\"2023-07-11T13:47:20+00:00\" \/>\n<meta property=\"og:image\" content=\"https:\/\/geemarc.com\/fr\/wp-content\/uploads\/sites\/3\/2018\/06\/AMPLIDECT295_DUO.jpg\" \/>\n\t<meta property=\"og:image:width\" content=\"2362\" \/>\n\t<meta property=\"og:image:height\" content=\"2362\" \/>\n<meta name=\"twitter:card\" content=\"summary_large_image\" \/>\n<script type=\"application\/ld+json\" class=\"yoast-schema-graph\">{\"@context\":\"https:\/\/schema.org\",\"@graph\":[{\"@type\":\"WebSite\",\"@id\":\"https:\/\/geemarc.com\/fr\/#website\",\"url\":\"https:\/\/geemarc.com\/fr\/\",\"name\":\"Geemarc France\",\"description\":\"\",\"potentialAction\":[{\"@type\":\"SearchAction\",\"target\":{\"@type\":\"EntryPoint\",\"urlTemplate\":\"https:\/\/geemarc.com\/fr\/?s={search_term_string}\"},\"query-input\":\"required name=search_term_string\"}],\"inLanguage\":\"fr-FR\"},{\"@type\":\"ImageObject\",\"@id\":\"https:\/\/geemarc.com\/fr\/product\/amplidect295-2\/#primaryimage\",\"inLanguage\":\"fr-FR\",\"url\":\"https:\/\/geemarc.com\/fr\/wp-content\/uploads\/sites\/3\/2018\/06\/AMPLIDECT295_DUO.jpg\",\"contentUrl\":\"https:\/\/geemarc.com\/fr\/wp-content\/uploads\/sites\/3\/2018\/06\/AMPLIDECT295_DUO.jpg\",\"width\":2362,\"height\":2362},{\"@type\":\"WebPage\",\"@id\":\"https:\/\/geemarc.com\/fr\/product\/amplidect295-2\/#webpage\",\"url\":\"https:\/\/geemarc.com\/fr\/product\/amplidect295-2\/\",\"name\":\"AMPLIDECT295-2 - Geemarc France\",\"isPartOf\":{\"@id\":\"https:\/\/geemarc.com\/fr\/#website\"},\"primaryImageOfPage\":{\"@id\":\"https:\/\/geemarc.com\/fr\/product\/amplidect295-2\/#primaryimage\"},\"datePublished\":\"2018-06-06T15:29:05+00:00\",\"dateModified\":\"2023-07-11T13:47:20+00:00\",\"breadcrumb\":{\"@id\":\"https:\/\/geemarc.com\/fr\/product\/amplidect295-2\/#breadcrumb\"},\"inLanguage\":\"fr-FR\",\"potentialAction\":[{\"@type\":\"ReadAction\",\"target\":[\"https:\/\/geemarc.com\/fr\/product\/amplidect295-2\/\"]}]},{\"@type\":\"BreadcrumbList\",\"@id\":\"https:\/\/geemarc.com\/fr\/product\/amplidect295-2\/#breadcrumb\",\"itemListElement\":[{\"@type\":\"ListItem\",\"position\":1,\"name\":\"Home\",\"item\":\"https:\/\/geemarc.com\/fr\/\"},{\"@type\":\"ListItem\",\"position\":2,\"name\":\"Shop\",\"item\":\"https:\/\/geemarc.com\/fr\/shop\/\"},{\"@type\":\"ListItem\",\"position\":3,\"name\":\"AMPLIDECT295-2\"}]}]}<\/script>\n<!-- \/ Yoast SEO plugin. -->","yoast_head_json":{"title":"AMPLIDECT295-2 - Geemarc France","robots":{"index":"index","follow":"follow","max-snippet":"max-snippet:-1","max-image-preview":"max-image-preview:large","max-video-preview":"max-video-preview:-1"},"canonical":"https:\/\/geemarc.com\/fr\/product\/amplidect295-2\/","og_locale":"fr_FR","og_type":"article","og_title":"AMPLIDECT295-2 - Geemarc France","og_description":"T\u00e9l\u00e9phone amplifi\u00e9 num\u00e9rique sans fil avec r\u00e9pondeur int\u00e9gr\u00e9 en version DUO","og_url":"https:\/\/geemarc.com\/fr\/product\/amplidect295-2\/","og_site_name":"Geemarc France","article_modified_time":"2023-07-11T13:47:20+00:00","og_image":[{"width":2362,"height":2362,"url":"https:\/\/geemarc.com\/fr\/wp-content\/uploads\/sites\/3\/2018\/06\/AMPLIDECT295_DUO.jpg","path":"\/home\/g\/e\/geemarcwp\/public_html\/wp-content\/uploads\/sites\/3\/2018\/06\/AMPLIDECT295_DUO.jpg","size":"full","id":4105,"alt":"","pixels":5579044,"type":"image\/jpeg"}],"twitter_card":"summary_large_image","schema":{"@context":"https:\/\/schema.org","@graph":[{"@type":"WebSite","@id":"https:\/\/geemarc.com\/fr\/#website","url":"https:\/\/geemarc.com\/fr\/","name":"Geemarc France","description":"","potentialAction":[{"@type":"SearchAction","target":{"@type":"EntryPoint","urlTemplate":"https:\/\/geemarc.com\/fr\/?s={search_term_string}"},"query-input":"required name=search_term_string"}],"inLanguage":"fr-FR"},{"@type":"ImageObject","@id":"https:\/\/geemarc.com\/fr\/product\/amplidect295-2\/#primaryimage","inLanguage":"fr-FR","url":"https:\/\/geemarc.com\/fr\/wp-content\/uploads\/sites\/3\/2018\/06\/AMPLIDECT295_DUO.jpg","contentUrl":"https:\/\/geemarc.com\/fr\/wp-content\/uploads\/sites\/3\/2018\/06\/AMPLIDECT295_DUO.jpg","width":2362,"height":2362},{"@type":"WebPage","@id":"https:\/\/geemarc.com\/fr\/product\/amplidect295-2\/#webpage","url":"https:\/\/geemarc.com\/fr\/product\/amplidect295-2\/","name":"AMPLIDECT295-2 - Geemarc France","isPartOf":{"@id":"https:\/\/geemarc.com\/fr\/#website"},"primaryImageOfPage":{"@id":"https:\/\/geemarc.com\/fr\/product\/amplidect295-2\/#primaryimage"},"datePublished":"2018-06-06T15:29:05+00:00","dateModified":"2023-07-11T13:47:20+00:00","breadcrumb":{"@id":"https:\/\/geemarc.com\/fr\/product\/amplidect295-2\/#breadcrumb"},"inLanguage":"fr-FR","potentialAction":[{"@type":"ReadAction","target":["https:\/\/geemarc.com\/fr\/product\/amplidect295-2\/"]}]},{"@type":"BreadcrumbList","@id":"https:\/\/geemarc.com\/fr\/product\/amplidect295-2\/#breadcrumb","itemListElement":[{"@type":"ListItem","position":1,"name":"Home","item":"https:\/\/geemarc.com\/fr\/"},{"@type":"ListItem","position":2,"name":"Shop","item":"https:\/\/geemarc.com\/fr\/shop\/"},{"@type":"ListItem","position":3,"name":"AMPLIDECT295-2"}]}]}},"acf":[],"_links":{"self":[{"href":"https:\/\/geemarc.com\/fr\/wp-json\/wp\/v2\/product\/4103"}],"collection":[{"href":"https:\/\/geemarc.com\/fr\/wp-json\/wp\/v2\/product"}],"about":[{"href":"https:\/\/geemarc.com\/fr\/wp-json\/wp\/v2\/types\/product"}],"wp:featuredmedia":[{"embeddable":true,"href":"https:\/\/geemarc.com\/fr\/wp-json\/wp\/v2\/media\/4105"}],"wp:attachment":[{"href":"https:\/\/geemarc.com\/fr\/wp-json\/wp\/v2\/media?parent=4103"}],"wp:term":[{"taxonomy":"product_cat","embeddable":true,"href":"https:\/\/geemarc.com\/fr\/wp-json\/wp\/v2\/product_cat?post=4103"},{"taxonomy":"product_tag","embeddable":true,"href":"https:\/\/geemarc.com\/fr\/wp-json\/wp\/v2\/product_tag?post=4103"}],"curies":[{"name":"wp","href":"https:\/\/api.w.org\/{rel}","templated":true}]}}