{"id":4111,"date":"2018-06-07T06:57:58","date_gmt":"2018-06-07T06:57:58","guid":{"rendered":"http:\/\/geemarc.com\/fr\/?post_type=product&#038;p=4111"},"modified":"2026-04-02T13:08:27","modified_gmt":"2026-04-02T13:08:27","slug":"amplidect295-ad","status":"publish","type":"product","link":"https:\/\/geemarc.com\/fr\/product\/amplidect295-ad\/","title":{"rendered":"AMPLIDECT295 AD"},"content":{"rendered":"<p>Vous pouvez ajouter jusqu&#8217;\u00e0 4 combin\u00e9s additionnels aux t\u00e9l\u00e9phones de la gamme DECT295.<\/p>\n<p>&nbsp;<\/p>\n<p><strong>APPELER\/REPONDRE<\/strong><\/p>\n<ul>\n<li>Compatible appareil auditif<\/li>\n<li>R\u00e9glage du volume de r\u00e9ception jusqu\u2019\u00e0 30dB<\/li>\n<li>Sonneries puissantes : jusqu\u2019\u00e0 75dB sur le combin\u00e9<\/li>\n<li>Mains libres<\/li>\n<li>R\u00e9glage du volume du haut-parleur<\/li>\n<li>R\u00e9pertoire (50 fiches : noms et num\u00e9ros)<\/li>\n<li>Touche d\u2019acc\u00e8s rapide au r\u00e9pertoire<\/li>\n<li>Touche R pour double appel<\/li>\n<li>Touche d\u2019acc\u00e8s rapide pour le menu<\/li>\n<li>Touche Bis (rappel du dernier num\u00e9ro compos\u00e9)<\/li>\n<li>Rappel du dernier num\u00e9ro compos\u00e9 ou des 10 derniers<\/li>\n<li>Fonction Flash (100ms\/300ms\/600ms)<\/li>\n<li>Fonction Secret<\/li>\n<li>Combin\u00e9 ergonomique facilitant l\u2019utilisation<\/li>\n<li>Clavier<br \/>\no Larges touches<br \/>\no Bip touche<\/li>\n<\/ul>\n<p><strong>ECRAN LCD<\/strong><\/p>\n<ul>\n<li>R\u00e9tro-\u00e9clair\u00e9 blanc<\/li>\n<li>Afficheur : Alphanum\u00e9rique \/ 4 lignes \/ Taille des caract\u00e8res : 7mm<\/li>\n<li>Dimensions : 40x30mm<\/li>\n<li>S\u00e9lection entre 7 langues : Anglais, Allemand, Fran\u00e7ais, Italien, N\u00e9erlandais, Espagnol et Russe<\/li>\n<li>Menu navigation<\/li>\n<li>Horodatage<\/li>\n<li>Fonction Alarme<\/li>\n<li>Verrouillage du clavier<\/li>\n<li>Indication du temps de communication<\/li>\n<\/ul>\n","protected":false},"excerpt":{"rendered":"<p>Combin\u00e9 additionnel pour t\u00e9l\u00e9phone de la gamme DECT295<\/p>\n","protected":false},"featured_media":4114,"template":"","meta":[],"product_cat":[130,131],"product_tag":[],"yoast_head":"<!-- This site is optimized with the Yoast SEO plugin v16.9 - https:\/\/yoast.com\/wordpress\/plugins\/seo\/ -->\n<title>AMPLIDECT295 AD - Geemarc France<\/title>\n<meta name=\"robots\" content=\"index, follow, max-snippet:-1, max-image-preview:large, max-video-preview:-1\" \/>\n<link rel=\"canonical\" href=\"https:\/\/geemarc.com\/fr\/product\/amplidect295-ad\/\" \/>\n<meta property=\"og:locale\" content=\"fr_FR\" \/>\n<meta property=\"og:type\" content=\"article\" \/>\n<meta property=\"og:title\" content=\"AMPLIDECT295 AD - Geemarc France\" \/>\n<meta property=\"og:description\" content=\"Combin\u00e9 additionnel pour t\u00e9l\u00e9phone de la gamme DECT295\" \/>\n<meta property=\"og:url\" content=\"https:\/\/geemarc.com\/fr\/product\/amplidect295-ad\/\" \/>\n<meta property=\"og:site_name\" content=\"Geemarc France\" \/>\n<meta property=\"article:modified_time\" content=\"2026-04-02T13:08:27+00:00\" \/>\n<meta property=\"og:image\" content=\"https:\/\/geemarc.com\/fr\/wp-content\/uploads\/sites\/3\/2018\/06\/AMPLIDECT295HS_angle_right02s-Copie.jpg\" \/>\n\t<meta property=\"og:image:width\" content=\"1668\" \/>\n\t<meta property=\"og:image:height\" content=\"2362\" \/>\n<meta name=\"twitter:card\" content=\"summary_large_image\" \/>\n<meta name=\"twitter:label1\" content=\"Dur\u00e9e de lecture est.\" \/>\n\t<meta name=\"twitter:data1\" content=\"1 minute\" \/>\n<script type=\"application\/ld+json\" class=\"yoast-schema-graph\">{\"@context\":\"https:\/\/schema.org\",\"@graph\":[{\"@type\":\"WebSite\",\"@id\":\"https:\/\/geemarc.com\/fr\/#website\",\"url\":\"https:\/\/geemarc.com\/fr\/\",\"name\":\"Geemarc France\",\"description\":\"\",\"potentialAction\":[{\"@type\":\"SearchAction\",\"target\":{\"@type\":\"EntryPoint\",\"urlTemplate\":\"https:\/\/geemarc.com\/fr\/?s={search_term_string}\"},\"query-input\":\"required name=search_term_string\"}],\"inLanguage\":\"fr-FR\"},{\"@type\":\"ImageObject\",\"@id\":\"https:\/\/geemarc.com\/fr\/product\/amplidect295-ad\/#primaryimage\",\"inLanguage\":\"fr-FR\",\"url\":\"https:\/\/geemarc.com\/fr\/wp-content\/uploads\/sites\/3\/2018\/06\/AMPLIDECT295HS_angle_right02s-Copie.jpg\",\"contentUrl\":\"https:\/\/geemarc.com\/fr\/wp-content\/uploads\/sites\/3\/2018\/06\/AMPLIDECT295HS_angle_right02s-Copie.jpg\",\"width\":1668,\"height\":2362},{\"@type\":\"WebPage\",\"@id\":\"https:\/\/geemarc.com\/fr\/product\/amplidect295-ad\/#webpage\",\"url\":\"https:\/\/geemarc.com\/fr\/product\/amplidect295-ad\/\",\"name\":\"AMPLIDECT295 AD - Geemarc France\",\"isPartOf\":{\"@id\":\"https:\/\/geemarc.com\/fr\/#website\"},\"primaryImageOfPage\":{\"@id\":\"https:\/\/geemarc.com\/fr\/product\/amplidect295-ad\/#primaryimage\"},\"datePublished\":\"2018-06-07T06:57:58+00:00\",\"dateModified\":\"2026-04-02T13:08:27+00:00\",\"breadcrumb\":{\"@id\":\"https:\/\/geemarc.com\/fr\/product\/amplidect295-ad\/#breadcrumb\"},\"inLanguage\":\"fr-FR\",\"potentialAction\":[{\"@type\":\"ReadAction\",\"target\":[\"https:\/\/geemarc.com\/fr\/product\/amplidect295-ad\/\"]}]},{\"@type\":\"BreadcrumbList\",\"@id\":\"https:\/\/geemarc.com\/fr\/product\/amplidect295-ad\/#breadcrumb\",\"itemListElement\":[{\"@type\":\"ListItem\",\"position\":1,\"name\":\"Home\",\"item\":\"https:\/\/geemarc.com\/fr\/\"},{\"@type\":\"ListItem\",\"position\":2,\"name\":\"Shop\",\"item\":\"https:\/\/geemarc.com\/fr\/shop\/\"},{\"@type\":\"ListItem\",\"position\":3,\"name\":\"AMPLIDECT295 AD\"}]}]}<\/script>\n<!-- \/ Yoast SEO plugin. -->","yoast_head_json":{"title":"AMPLIDECT295 AD - Geemarc France","robots":{"index":"index","follow":"follow","max-snippet":"max-snippet:-1","max-image-preview":"max-image-preview:large","max-video-preview":"max-video-preview:-1"},"canonical":"https:\/\/geemarc.com\/fr\/product\/amplidect295-ad\/","og_locale":"fr_FR","og_type":"article","og_title":"AMPLIDECT295 AD - Geemarc France","og_description":"Combin\u00e9 additionnel pour t\u00e9l\u00e9phone de la gamme DECT295","og_url":"https:\/\/geemarc.com\/fr\/product\/amplidect295-ad\/","og_site_name":"Geemarc France","article_modified_time":"2026-04-02T13:08:27+00:00","og_image":[{"width":1668,"height":2362,"url":"https:\/\/geemarc.com\/fr\/wp-content\/uploads\/sites\/3\/2018\/06\/AMPLIDECT295HS_angle_right02s-Copie.jpg","path":"\/home\/g\/e\/geemarcwp\/public_html\/wp-content\/uploads\/sites\/3\/2018\/06\/AMPLIDECT295HS_angle_right02s-Copie.jpg","size":"full","id":4114,"alt":"","pixels":3939816,"type":"image\/jpeg"}],"twitter_card":"summary_large_image","twitter_misc":{"Dur\u00e9e de lecture est.":"1 minute"},"schema":{"@context":"https:\/\/schema.org","@graph":[{"@type":"WebSite","@id":"https:\/\/geemarc.com\/fr\/#website","url":"https:\/\/geemarc.com\/fr\/","name":"Geemarc France","description":"","potentialAction":[{"@type":"SearchAction","target":{"@type":"EntryPoint","urlTemplate":"https:\/\/geemarc.com\/fr\/?s={search_term_string}"},"query-input":"required name=search_term_string"}],"inLanguage":"fr-FR"},{"@type":"ImageObject","@id":"https:\/\/geemarc.com\/fr\/product\/amplidect295-ad\/#primaryimage","inLanguage":"fr-FR","url":"https:\/\/geemarc.com\/fr\/wp-content\/uploads\/sites\/3\/2018\/06\/AMPLIDECT295HS_angle_right02s-Copie.jpg","contentUrl":"https:\/\/geemarc.com\/fr\/wp-content\/uploads\/sites\/3\/2018\/06\/AMPLIDECT295HS_angle_right02s-Copie.jpg","width":1668,"height":2362},{"@type":"WebPage","@id":"https:\/\/geemarc.com\/fr\/product\/amplidect295-ad\/#webpage","url":"https:\/\/geemarc.com\/fr\/product\/amplidect295-ad\/","name":"AMPLIDECT295 AD - Geemarc France","isPartOf":{"@id":"https:\/\/geemarc.com\/fr\/#website"},"primaryImageOfPage":{"@id":"https:\/\/geemarc.com\/fr\/product\/amplidect295-ad\/#primaryimage"},"datePublished":"2018-06-07T06:57:58+00:00","dateModified":"2026-04-02T13:08:27+00:00","breadcrumb":{"@id":"https:\/\/geemarc.com\/fr\/product\/amplidect295-ad\/#breadcrumb"},"inLanguage":"fr-FR","potentialAction":[{"@type":"ReadAction","target":["https:\/\/geemarc.com\/fr\/product\/amplidect295-ad\/"]}]},{"@type":"BreadcrumbList","@id":"https:\/\/geemarc.com\/fr\/product\/amplidect295-ad\/#breadcrumb","itemListElement":[{"@type":"ListItem","position":1,"name":"Home","item":"https:\/\/geemarc.com\/fr\/"},{"@type":"ListItem","position":2,"name":"Shop","item":"https:\/\/geemarc.com\/fr\/shop\/"},{"@type":"ListItem","position":3,"name":"AMPLIDECT295 AD"}]}]}},"acf":[],"_links":{"self":[{"href":"https:\/\/geemarc.com\/fr\/wp-json\/wp\/v2\/product\/4111"}],"collection":[{"href":"https:\/\/geemarc.com\/fr\/wp-json\/wp\/v2\/product"}],"about":[{"href":"https:\/\/geemarc.com\/fr\/wp-json\/wp\/v2\/types\/product"}],"wp:featuredmedia":[{"embeddable":true,"href":"https:\/\/geemarc.com\/fr\/wp-json\/wp\/v2\/media\/4114"}],"wp:attachment":[{"href":"https:\/\/geemarc.com\/fr\/wp-json\/wp\/v2\/media?parent=4111"}],"wp:term":[{"taxonomy":"product_cat","embeddable":true,"href":"https:\/\/geemarc.com\/fr\/wp-json\/wp\/v2\/product_cat?post=4111"},{"taxonomy":"product_tag","embeddable":true,"href":"https:\/\/geemarc.com\/fr\/wp-json\/wp\/v2\/product_tag?post=4111"}],"curies":[{"name":"wp","href":"https:\/\/api.w.org\/{rel}","templated":true}]}}