{"id":4151,"date":"2018-06-07T09:29:46","date_gmt":"2018-06-07T09:29:46","guid":{"rendered":"http:\/\/geemarc.com\/fr\/?post_type=product&#038;p=4151"},"modified":"2025-06-19T14:34:12","modified_gmt":"2025-06-19T14:34:12","slug":"amplidect295-photo","status":"publish","type":"product","link":"https:\/\/geemarc.com\/fr\/product\/amplidect295-photo\/","title":{"rendered":"AMPLIDECT295 PHOTO"},"content":{"rendered":"<p><strong>RETOUR EN STOCK<\/strong><\/p>\n<p><strong>PASSEZ COMMANDE D\u00c8S \u00c0 PR\u00c9SENT !<\/strong><\/p>\n<p>&nbsp;<\/p>\n<p><b>CARACT\u00c9RISTIQUES<\/b><strong>\u00a0:<\/strong><\/p>\n<ul>\n<li>Compatible appareil auditif<\/li>\n<li>R\u00e9glage du volume de r\u00e9ception jusqu\u2019\u00e0 30dB<\/li>\n<li>10 touches \u00e0 m\u00e9moire directe sur la base : photo, nom ou num\u00e9rotation standard<\/li>\n<li>Mains libres sur la base et le combin\u00e9<\/li>\n<li>Volume de sonnerie : 80 dB sur la base, 75 dB sur le combin\u00e9<\/li>\n<li>R\u00e9glage du volume du haut-parleur<\/li>\n<li>R\u00e9pertoire (50 fiches : noms et num\u00e9ros)<\/li>\n<li>Touche d\u2019acc\u00e8s rapide au r\u00e9pertoire sur le combin\u00e9<\/li>\n<li>Touche R pour double appel<\/li>\n<li>Touche d\u2019acc\u00e8s rapide au menu sur le combin\u00e9<\/li>\n<li>Touche Bis (rappel du dernier num\u00e9ro compos\u00e9)<\/li>\n<li>Rappel du dernier num\u00e9ro compos\u00e9 ou des 10 derniers<\/li>\n<li>Fonction Flash (100ms\/300ms\/600ms)<\/li>\n<li>Fonction Secret<\/li>\n<li>Combin\u00e9 ergonomique facilitant l\u2019utilisation<\/li>\n<li>Clavier :<br \/>\no Larges touches<br \/>\no Bip touche<\/li>\n<\/ul>\n<p><strong>SONNERIE :<\/strong><\/p>\n<ul>\n<li>5 sonneries polyphoniques et 5 normales sur le combin\u00e9<\/li>\n<li>5 normales sur la base<\/li>\n<li>Sonneries personnalisables pour les contacts du r\u00e9pertoire<\/li>\n<li>R\u00e9glage du volume de sonnerie : MUET + 5 niveaux<\/li>\n<li>Indicateur de sonnerie<\/li>\n<\/ul>\n<div class=\"success p-tmpl-wrap primary-background\">\n<p><img class=\"p1\" src=\"https:\/\/geemarc.com\/uk\/wp-content\/uploads\/sites\/2\/2019\/04\/Photo-template-Urgence.png\" \/><img class=\"p2\" src=\"https:\/\/geemarc.com\/uk\/wp-content\/uploads\/sites\/2\/2019\/04\/Photo-template-portrait.png\" \/><span class=\"h3 bold\" data-wahfont=\"20\">IMPRESSION DE VOS PHOTOS<\/span><span class=\"h3\" data-wahfont=\"20\">Nouveaut\u00e9s et exclusivit\u00e9 Geemarc Telecom<\/span><\/p>\n<div style=\"margin: 10px 0 15px; line-height: 17px;\">Un mod\u00e8le facile \u00e0 utiliser pour t\u00e9l\u00e9charger vos images et les imprimer pour les boutons des photophones.<br \/>\nCliquez sur le bouton ci-dessous.<\/div>\n<div class=\"table-cell button-right\" style=\"margin-top: 10px;\"><a class=\"button filled\" href=\"http:\/\/geemarc.com\/p_editor\/Amplidect295photo\/f\/editor\/\" data-wahfont=\"12\">Mod\u00e8le de photos<\/a><\/div>\n<\/div>\n<div id=\"threesixty-slider-5338_nKAy2r\" class=\"threesixty-loading threesixty-image threesixty-dark-blue threesixty-vintage threesixty-no-border\" style=\"width: 658px;\">\r\n\t<div class=\"threesixty-preview-5338_nKAy2r\"><img class=\"threesixty-preview-image\" src=\"https:\/\/geemarc.com\/fr\/wp-content\/uploads\/sites\/3\/2018\/12\/DSC_0550.jpg\"\/><\/div>\r\n\t<div class=\"threesixty-spinner threesixty-spinner-5338_nKAy2r\">\r\n\t\t<span>0%<\/span>\r\n\t<\/div>\r\n\t<ol class=\"threesixty-images threesixty-images-5338_nKAy2r\"><\/ol>\r\n\t\t\t<a href=\"#threesixty-slider-5338_nKAy2r\" class=\"threesixty-mfp-anchor\"><\/a>\r\n\t<\/div>\r\n<!--SPV--><script type=\"text\/javascript\">\/\/SPV\r\n(function($) {\r\n\t\t$('#threesixty-slider-5338_nKAy2r .threesixty-mfp-anchor').magnificPopup({\r\n\t\ttype:'inline',\r\n\t\tcloseOnBgClick: true,\r\n\t\tmidClick: true,\r\n\t\t\/\/removalDelay: 300,\r\n  \t\t\/\/mainClass: 'mfp-fade',\r\n\t\tcallbacks: {\r\n\t\t\t resize: function() {\r\n\t\t\t \tvar originalHeight \t= 600,\r\n\t\t\t \t\toriginalWidth \t= 658,\r\n\t\t\t \t\tmfpHeight \t\t= 600,\r\n\t\t\t \t\tmfpWidth \t\t= 658,\r\n\t\t\t \t\tratio \t\t\t= originalWidth \/ originalHeight,\r\n\t\t\t \t\twinHeight \t\t= $(window).height(),\r\n\t\t\t \t\twinWidth \t\t= $(window).width();\r\n\t\t\t \t\r\n\t\t\t \tif ( originalHeight > winHeight * 0.9 ) {\r\n\t\t\t \t\tmfpHeight \t\t= winHeight * 0.9;\r\n\t\t\t \t\tmfpWidth \t\t= mfpHeight * ratio;\r\n\t\t\t\t}\r\n\t\t\t\tif ( mfpWidth > winWidth * 0.9 ) {\r\n\t\t\t \t\tmfpWidth \t\t= winWidth * 0.9;\r\n\t\t\t \t\tmfpHeight \t\t= mfpWidth \/ ratio;\r\n\t\t\t\t}\r\n\t\t\t \tif ( mfpHeight < originalHeight && mfpWidth < originalWidth ) {\r\n\t\t\t\t    $('#threesixty-slider-5338_nKAy2r').height(mfpHeight);\r\n\t\t\t\t    $('#threesixty-slider-5338_nKAy2r').width(mfpWidth);\r\n\t\t\t\t} \r\n\t\t\t\telse {\r\n\t\t\t\t    $('#threesixty-slider-5338_nKAy2r').height(originalHeight);\r\n\t\t\t\t    $('#threesixty-slider-5338_nKAy2r').width(originalWidth);\r\n\t\t\t\t}\r\n\t\t\t},\r\n\t\t\tclose: function() {\r\n\t\t\t    $('#threesixty-slider-5338_nKAy2r').height('auto');\r\n\t\t\t    $('#threesixty-slider-5338_nKAy2r').width(658);\r\n\t\t\t}\r\n\t\t},\r\n\t\tcloseMarkup :\"<button class=\\\"mfp-close\\\"><\/button>\"\r\n\t});\r\n\t\tvar product_5338_nKAy2r = $('#threesixty-slider-5338_nKAy2r').ThreeSixty({\r\n\t\ttotalFrames: 36,\r\n\t\tendFrame: 0,\r\n\t\tcurrentFrame: 36,\r\n\t\timgList: '.threesixty-images-5338_nKAy2r',\r\n\t\tprogress: '.threesixty-spinner-5338_nKAy2r',\r\n\t\tpreview: '.threesixty-preview-5338_nKAy2r',\r\n\t\timages: ['https:\/\/geemarc.com\/fr\/wp-content\/uploads\/sites\/3\/2018\/12\/DSC_0549.jpg','https:\/\/geemarc.com\/fr\/wp-content\/uploads\/sites\/3\/2018\/12\/DSC_0548.jpg','https:\/\/geemarc.com\/fr\/wp-content\/uploads\/sites\/3\/2018\/12\/DSC_0583.jpg','https:\/\/geemarc.com\/fr\/wp-content\/uploads\/sites\/3\/2018\/12\/DSC_0582.jpg','https:\/\/geemarc.com\/fr\/wp-content\/uploads\/sites\/3\/2018\/12\/DSC_0581.jpg','https:\/\/geemarc.com\/fr\/wp-content\/uploads\/sites\/3\/2018\/12\/DSC_0580.jpg','https:\/\/geemarc.com\/fr\/wp-content\/uploads\/sites\/3\/2018\/12\/DSC_0579.jpg','https:\/\/geemarc.com\/fr\/wp-content\/uploads\/sites\/3\/2018\/12\/DSC_0578.jpg','https:\/\/geemarc.com\/fr\/wp-content\/uploads\/sites\/3\/2018\/12\/DSC_0577.jpg','https:\/\/geemarc.com\/fr\/wp-content\/uploads\/sites\/3\/2018\/12\/DSC_0576.jpg','https:\/\/geemarc.com\/fr\/wp-content\/uploads\/sites\/3\/2018\/12\/DSC_0575.jpg','https:\/\/geemarc.com\/fr\/wp-content\/uploads\/sites\/3\/2018\/12\/DSC_0574.jpg','https:\/\/geemarc.com\/fr\/wp-content\/uploads\/sites\/3\/2018\/12\/DSC_0573.jpg','https:\/\/geemarc.com\/fr\/wp-content\/uploads\/sites\/3\/2018\/12\/DSC_0572.jpg','https:\/\/geemarc.com\/fr\/wp-content\/uploads\/sites\/3\/2018\/12\/DSC_0571.jpg','https:\/\/geemarc.com\/fr\/wp-content\/uploads\/sites\/3\/2018\/12\/DSC_0570.jpg','https:\/\/geemarc.com\/fr\/wp-content\/uploads\/sites\/3\/2018\/12\/DSC_0569.jpg','https:\/\/geemarc.com\/fr\/wp-content\/uploads\/sites\/3\/2018\/12\/DSC_0568.jpg','https:\/\/geemarc.com\/fr\/wp-content\/uploads\/sites\/3\/2018\/12\/DSC_0567.jpg','https:\/\/geemarc.com\/fr\/wp-content\/uploads\/sites\/3\/2018\/12\/DSC_0566.jpg','https:\/\/geemarc.com\/fr\/wp-content\/uploads\/sites\/3\/2018\/12\/DSC_0565.jpg','https:\/\/geemarc.com\/fr\/wp-content\/uploads\/sites\/3\/2018\/12\/DSC_0564.jpg','https:\/\/geemarc.com\/fr\/wp-content\/uploads\/sites\/3\/2018\/12\/DSC_0563.jpg','https:\/\/geemarc.com\/fr\/wp-content\/uploads\/sites\/3\/2018\/12\/DSC_0562.jpg','https:\/\/geemarc.com\/fr\/wp-content\/uploads\/sites\/3\/2018\/12\/DSC_0561.jpg','https:\/\/geemarc.com\/fr\/wp-content\/uploads\/sites\/3\/2018\/12\/DSC_0560.jpg','https:\/\/geemarc.com\/fr\/wp-content\/uploads\/sites\/3\/2018\/12\/DSC_0559.jpg','https:\/\/geemarc.com\/fr\/wp-content\/uploads\/sites\/3\/2018\/12\/DSC_0558.jpg','https:\/\/geemarc.com\/fr\/wp-content\/uploads\/sites\/3\/2018\/12\/DSC_0557.jpg','https:\/\/geemarc.com\/fr\/wp-content\/uploads\/sites\/3\/2018\/12\/DSC_0556.jpg','https:\/\/geemarc.com\/fr\/wp-content\/uploads\/sites\/3\/2018\/12\/DSC_0555.jpg','https:\/\/geemarc.com\/fr\/wp-content\/uploads\/sites\/3\/2018\/12\/DSC_0554.jpg','https:\/\/geemarc.com\/fr\/wp-content\/uploads\/sites\/3\/2018\/12\/DSC_0553.jpg','https:\/\/geemarc.com\/fr\/wp-content\/uploads\/sites\/3\/2018\/12\/DSC_0552.jpg','https:\/\/geemarc.com\/fr\/wp-content\/uploads\/sites\/3\/2018\/12\/DSC_0551.jpg','https:\/\/geemarc.com\/fr\/wp-content\/uploads\/sites\/3\/2018\/12\/DSC_0550.jpg'],\r\n\t\theight: 0,\r\n\t\twidth: 658,\r\n\t\tnavigation: true,\r\n\t\tdrag: true,\r\n\t\tshowCursor: true,\r\n\t\tinterval: 120,\r\n\t\tspeedMultiplier: 3,\r\n\t\t\t\tstartAutoplay: true,\r\n\t\t\t\tonReady: function() {\r\n\t\t\t$(\"#threesixty-slider-5338_nKAy2r\").removeClass('threesixty-loading');\r\n\t\t\t\t\t\tproduct_5338_nKAy2r.play();\r\n\t\t\t\t\t\t\t\t}\r\n\t\t\t});\r\n\t\t\t}(jQuery));\r\n<\/script>\n","protected":false},"excerpt":{"rendered":"<p>T\u00e9l\u00e9phone amplifi\u00e9 num\u00e9rique sans fil avec m\u00e9moire photo et r\u00e9pondeur int\u00e9gr\u00e9<\/p>\n","protected":false},"featured_media":4161,"template":"","meta":[],"product_cat":[130],"product_tag":[],"yoast_head":"<!-- This site is optimized with the Yoast SEO plugin v16.9 - https:\/\/yoast.com\/wordpress\/plugins\/seo\/ -->\n<title>AMPLIDECT295 PHOTO - Geemarc France<\/title>\n<meta name=\"robots\" content=\"index, follow, max-snippet:-1, max-image-preview:large, max-video-preview:-1\" \/>\n<link rel=\"canonical\" href=\"https:\/\/geemarc.com\/fr\/product\/amplidect295-photo\/\" \/>\n<meta property=\"og:locale\" content=\"fr_FR\" \/>\n<meta property=\"og:type\" content=\"article\" \/>\n<meta property=\"og:title\" content=\"AMPLIDECT295 PHOTO - Geemarc France\" \/>\n<meta property=\"og:description\" content=\"T\u00e9l\u00e9phone amplifi\u00e9 num\u00e9rique sans fil avec m\u00e9moire photo et r\u00e9pondeur int\u00e9gr\u00e9\" \/>\n<meta property=\"og:url\" content=\"https:\/\/geemarc.com\/fr\/product\/amplidect295-photo\/\" \/>\n<meta property=\"og:site_name\" content=\"Geemarc France\" \/>\n<meta property=\"article:modified_time\" content=\"2025-06-19T14:34:12+00:00\" \/>\n<meta property=\"og:image\" content=\"https:\/\/geemarc.com\/fr\/wp-content\/uploads\/sites\/3\/2018\/06\/AMPLIDECT295Photo_03s.jpg\" \/>\n\t<meta property=\"og:image:width\" content=\"1522\" \/>\n\t<meta property=\"og:image:height\" content=\"1600\" \/>\n<meta name=\"twitter:card\" content=\"summary_large_image\" \/>\n<meta name=\"twitter:label1\" content=\"Dur\u00e9e de lecture est.\" \/>\n\t<meta name=\"twitter:data1\" content=\"2 minutes\" \/>\n<script type=\"application\/ld+json\" class=\"yoast-schema-graph\">{\"@context\":\"https:\/\/schema.org\",\"@graph\":[{\"@type\":\"WebSite\",\"@id\":\"https:\/\/geemarc.com\/fr\/#website\",\"url\":\"https:\/\/geemarc.com\/fr\/\",\"name\":\"Geemarc France\",\"description\":\"\",\"potentialAction\":[{\"@type\":\"SearchAction\",\"target\":{\"@type\":\"EntryPoint\",\"urlTemplate\":\"https:\/\/geemarc.com\/fr\/?s={search_term_string}\"},\"query-input\":\"required name=search_term_string\"}],\"inLanguage\":\"fr-FR\"},{\"@type\":\"ImageObject\",\"@id\":\"https:\/\/geemarc.com\/fr\/product\/amplidect295-photo\/#primaryimage\",\"inLanguage\":\"fr-FR\",\"url\":\"https:\/\/geemarc.com\/fr\/wp-content\/uploads\/sites\/3\/2018\/06\/AMPLIDECT295Photo_03s.jpg\",\"contentUrl\":\"https:\/\/geemarc.com\/fr\/wp-content\/uploads\/sites\/3\/2018\/06\/AMPLIDECT295Photo_03s.jpg\",\"width\":1522,\"height\":1600},{\"@type\":\"WebPage\",\"@id\":\"https:\/\/geemarc.com\/fr\/product\/amplidect295-photo\/#webpage\",\"url\":\"https:\/\/geemarc.com\/fr\/product\/amplidect295-photo\/\",\"name\":\"AMPLIDECT295 PHOTO - Geemarc France\",\"isPartOf\":{\"@id\":\"https:\/\/geemarc.com\/fr\/#website\"},\"primaryImageOfPage\":{\"@id\":\"https:\/\/geemarc.com\/fr\/product\/amplidect295-photo\/#primaryimage\"},\"datePublished\":\"2018-06-07T09:29:46+00:00\",\"dateModified\":\"2025-06-19T14:34:12+00:00\",\"breadcrumb\":{\"@id\":\"https:\/\/geemarc.com\/fr\/product\/amplidect295-photo\/#breadcrumb\"},\"inLanguage\":\"fr-FR\",\"potentialAction\":[{\"@type\":\"ReadAction\",\"target\":[\"https:\/\/geemarc.com\/fr\/product\/amplidect295-photo\/\"]}]},{\"@type\":\"BreadcrumbList\",\"@id\":\"https:\/\/geemarc.com\/fr\/product\/amplidect295-photo\/#breadcrumb\",\"itemListElement\":[{\"@type\":\"ListItem\",\"position\":1,\"name\":\"Home\",\"item\":\"https:\/\/geemarc.com\/fr\/\"},{\"@type\":\"ListItem\",\"position\":2,\"name\":\"Shop\",\"item\":\"https:\/\/geemarc.com\/fr\/shop\/\"},{\"@type\":\"ListItem\",\"position\":3,\"name\":\"AMPLIDECT295 PHOTO\"}]}]}<\/script>\n<!-- \/ Yoast SEO plugin. -->","yoast_head_json":{"title":"AMPLIDECT295 PHOTO - Geemarc France","robots":{"index":"index","follow":"follow","max-snippet":"max-snippet:-1","max-image-preview":"max-image-preview:large","max-video-preview":"max-video-preview:-1"},"canonical":"https:\/\/geemarc.com\/fr\/product\/amplidect295-photo\/","og_locale":"fr_FR","og_type":"article","og_title":"AMPLIDECT295 PHOTO - Geemarc France","og_description":"T\u00e9l\u00e9phone amplifi\u00e9 num\u00e9rique sans fil avec m\u00e9moire photo et r\u00e9pondeur int\u00e9gr\u00e9","og_url":"https:\/\/geemarc.com\/fr\/product\/amplidect295-photo\/","og_site_name":"Geemarc France","article_modified_time":"2025-06-19T14:34:12+00:00","og_image":[{"width":1522,"height":1600,"url":"https:\/\/geemarc.com\/fr\/wp-content\/uploads\/sites\/3\/2018\/06\/AMPLIDECT295Photo_03s.jpg","path":"\/home\/g\/e\/geemarcwp\/public_html\/wp-content\/uploads\/sites\/3\/2018\/06\/AMPLIDECT295Photo_03s.jpg","size":"full","id":4161,"alt":"","pixels":2435200,"type":"image\/jpeg"}],"twitter_card":"summary_large_image","twitter_misc":{"Dur\u00e9e de lecture est.":"2 minutes"},"schema":{"@context":"https:\/\/schema.org","@graph":[{"@type":"WebSite","@id":"https:\/\/geemarc.com\/fr\/#website","url":"https:\/\/geemarc.com\/fr\/","name":"Geemarc France","description":"","potentialAction":[{"@type":"SearchAction","target":{"@type":"EntryPoint","urlTemplate":"https:\/\/geemarc.com\/fr\/?s={search_term_string}"},"query-input":"required name=search_term_string"}],"inLanguage":"fr-FR"},{"@type":"ImageObject","@id":"https:\/\/geemarc.com\/fr\/product\/amplidect295-photo\/#primaryimage","inLanguage":"fr-FR","url":"https:\/\/geemarc.com\/fr\/wp-content\/uploads\/sites\/3\/2018\/06\/AMPLIDECT295Photo_03s.jpg","contentUrl":"https:\/\/geemarc.com\/fr\/wp-content\/uploads\/sites\/3\/2018\/06\/AMPLIDECT295Photo_03s.jpg","width":1522,"height":1600},{"@type":"WebPage","@id":"https:\/\/geemarc.com\/fr\/product\/amplidect295-photo\/#webpage","url":"https:\/\/geemarc.com\/fr\/product\/amplidect295-photo\/","name":"AMPLIDECT295 PHOTO - Geemarc France","isPartOf":{"@id":"https:\/\/geemarc.com\/fr\/#website"},"primaryImageOfPage":{"@id":"https:\/\/geemarc.com\/fr\/product\/amplidect295-photo\/#primaryimage"},"datePublished":"2018-06-07T09:29:46+00:00","dateModified":"2025-06-19T14:34:12+00:00","breadcrumb":{"@id":"https:\/\/geemarc.com\/fr\/product\/amplidect295-photo\/#breadcrumb"},"inLanguage":"fr-FR","potentialAction":[{"@type":"ReadAction","target":["https:\/\/geemarc.com\/fr\/product\/amplidect295-photo\/"]}]},{"@type":"BreadcrumbList","@id":"https:\/\/geemarc.com\/fr\/product\/amplidect295-photo\/#breadcrumb","itemListElement":[{"@type":"ListItem","position":1,"name":"Home","item":"https:\/\/geemarc.com\/fr\/"},{"@type":"ListItem","position":2,"name":"Shop","item":"https:\/\/geemarc.com\/fr\/shop\/"},{"@type":"ListItem","position":3,"name":"AMPLIDECT295 PHOTO"}]}]}},"acf":[],"_links":{"self":[{"href":"https:\/\/geemarc.com\/fr\/wp-json\/wp\/v2\/product\/4151"}],"collection":[{"href":"https:\/\/geemarc.com\/fr\/wp-json\/wp\/v2\/product"}],"about":[{"href":"https:\/\/geemarc.com\/fr\/wp-json\/wp\/v2\/types\/product"}],"wp:featuredmedia":[{"embeddable":true,"href":"https:\/\/geemarc.com\/fr\/wp-json\/wp\/v2\/media\/4161"}],"wp:attachment":[{"href":"https:\/\/geemarc.com\/fr\/wp-json\/wp\/v2\/media?parent=4151"}],"wp:term":[{"taxonomy":"product_cat","embeddable":true,"href":"https:\/\/geemarc.com\/fr\/wp-json\/wp\/v2\/product_cat?post=4151"},{"taxonomy":"product_tag","embeddable":true,"href":"https:\/\/geemarc.com\/fr\/wp-json\/wp\/v2\/product_tag?post=4151"}],"curies":[{"name":"wp","href":"https:\/\/api.w.org\/{rel}","templated":true}]}}