{"id":4155,"date":"2018-06-07T08:32:20","date_gmt":"2018-06-07T08:32:20","guid":{"rendered":"http:\/\/geemarc.com\/fr\/?post_type=product&#038;p=4155"},"modified":"2022-05-30T09:49:54","modified_gmt":"2022-05-30T09:49:54","slug":"sos-pro-295","status":"publish","type":"product","link":"https:\/\/geemarc.com\/fr\/product\/sos-pro-295\/","title":{"rendered":"SOS-PRO 295"},"content":{"rendered":"<h2><span style=\"text-decoration: underline;\"><strong>PENDANT additionnel sans fil pour AMPLIDECT 295 SOS-PRO uniquement.<\/strong><\/span><\/h2>\n<p>Jusqu&#8217;\u00e0 3 PENDANT peuvent \u00eatre ajout\u00e9s \u00e0 l&#8217;AMPLIDECT295 SOS-PRO.<\/p>\n<p><strong>CARACT\u00c9RISTIQUES :<\/strong><\/p>\n<ul>\n<li>5 boutons sur le SOS-PRO 295 :<br \/>\nVolume +<br \/>\nVolume \u2013<br \/>\n2 m\u00e9moires directes<br \/>\nBouton SOS\/Prise des appels entrants<\/li>\n<li>Bouton SOS :<\/li>\n<li>\u00a0 \u00a0 \u00a0Possibilit\u00e9 d\u2019enregistrer jusqu\u2019\u00e0 4 num\u00e9ros d\u2019urgence<\/li>\n<li>\u00a0 \u00a0 \u00a0Message d\u2019urgence personnalisable ou texte existant en 3 langues (anglais, fran\u00e7ais, allemand)<\/li>\n<li>R\u00e9glage volume de sonnerie<\/li>\n<li>R\u00e9glage volume haut-parleur (5 niveaux)<\/li>\n<li>Conversation mains libres<\/li>\n<li>Bip d\u2019alerte lorsque le SOS-PRO 295 est hors de port\u00e9e de sa base<\/li>\n<li>Indicateur visuel de l\u2019\u00e9tat de la batterie (LED rouge)<\/li>\n<li>Indicateur visuel lorsque vous recevez un appel ou pendant une conversation (LED verte)<\/li>\n<\/ul>\n<p>&nbsp;<\/p>\n<div id=\"threesixty-slider-6990_ZWgtiN\" class=\"threesixty-loading threesixty-image threesixty-dark-blue threesixty-vintage threesixty-no-border\" style=\"width: 600px;\">\r\n\t<div class=\"threesixty-preview-6990_ZWgtiN\"><img class=\"threesixty-preview-image\" src=\"https:\/\/geemarc.com\/fr\/wp-content\/uploads\/sites\/3\/2019\/11\/DSC_0929.jpg\"\/><\/div>\r\n\t<div class=\"threesixty-spinner threesixty-spinner-6990_ZWgtiN\">\r\n\t\t<span>0%<\/span>\r\n\t<\/div>\r\n\t<ol class=\"threesixty-images threesixty-images-6990_ZWgtiN\"><\/ol>\r\n\t\t\t<a href=\"#threesixty-slider-6990_ZWgtiN\" class=\"threesixty-mfp-anchor\"><\/a>\r\n\t<\/div>\r\n<!--SPV--><script type=\"text\/javascript\">\/\/SPV\r\n(function($) {\r\n\t\t$('#threesixty-slider-6990_ZWgtiN .threesixty-mfp-anchor').magnificPopup({\r\n\t\ttype:'inline',\r\n\t\tcloseOnBgClick: true,\r\n\t\tmidClick: true,\r\n\t\t\/\/removalDelay: 300,\r\n  \t\t\/\/mainClass: 'mfp-fade',\r\n\t\tcallbacks: {\r\n\t\t\t resize: function() {\r\n\t\t\t \tvar originalHeight \t= 356,\r\n\t\t\t \t\toriginalWidth \t= 600,\r\n\t\t\t \t\tmfpHeight \t\t= 356,\r\n\t\t\t \t\tmfpWidth \t\t= 600,\r\n\t\t\t \t\tratio \t\t\t= originalWidth \/ originalHeight,\r\n\t\t\t \t\twinHeight \t\t= $(window).height(),\r\n\t\t\t \t\twinWidth \t\t= $(window).width();\r\n\t\t\t \t\r\n\t\t\t \tif ( originalHeight > winHeight * 0.9 ) {\r\n\t\t\t \t\tmfpHeight \t\t= winHeight * 0.9;\r\n\t\t\t \t\tmfpWidth \t\t= mfpHeight * ratio;\r\n\t\t\t\t}\r\n\t\t\t\tif ( mfpWidth > winWidth * 0.9 ) {\r\n\t\t\t \t\tmfpWidth \t\t= winWidth * 0.9;\r\n\t\t\t \t\tmfpHeight \t\t= mfpWidth \/ ratio;\r\n\t\t\t\t}\r\n\t\t\t \tif ( mfpHeight < originalHeight && mfpWidth < originalWidth ) {\r\n\t\t\t\t    $('#threesixty-slider-6990_ZWgtiN').height(mfpHeight);\r\n\t\t\t\t    $('#threesixty-slider-6990_ZWgtiN').width(mfpWidth);\r\n\t\t\t\t} \r\n\t\t\t\telse {\r\n\t\t\t\t    $('#threesixty-slider-6990_ZWgtiN').height(originalHeight);\r\n\t\t\t\t    $('#threesixty-slider-6990_ZWgtiN').width(originalWidth);\r\n\t\t\t\t}\r\n\t\t\t},\r\n\t\t\tclose: function() {\r\n\t\t\t    $('#threesixty-slider-6990_ZWgtiN').height('auto');\r\n\t\t\t    $('#threesixty-slider-6990_ZWgtiN').width(600);\r\n\t\t\t}\r\n\t\t},\r\n\t\tcloseMarkup :\"<button class=\\\"mfp-close\\\"><\/button>\"\r\n\t});\r\n\t\tvar product_6990_ZWgtiN = $('#threesixty-slider-6990_ZWgtiN').ThreeSixty({\r\n\t\ttotalFrames: 36,\r\n\t\tendFrame: 0,\r\n\t\tcurrentFrame: 36,\r\n\t\timgList: '.threesixty-images-6990_ZWgtiN',\r\n\t\tprogress: '.threesixty-spinner-6990_ZWgtiN',\r\n\t\tpreview: '.threesixty-preview-6990_ZWgtiN',\r\n\t\timages: ['https:\/\/geemarc.com\/fr\/wp-content\/uploads\/sites\/3\/2019\/11\/DSC_0964.jpg','https:\/\/geemarc.com\/fr\/wp-content\/uploads\/sites\/3\/2019\/11\/DSC_0963.jpg','https:\/\/geemarc.com\/fr\/wp-content\/uploads\/sites\/3\/2019\/11\/DSC_0962.jpg','https:\/\/geemarc.com\/fr\/wp-content\/uploads\/sites\/3\/2019\/11\/DSC_0961.jpg','https:\/\/geemarc.com\/fr\/wp-content\/uploads\/sites\/3\/2019\/11\/DSC_0960.jpg','https:\/\/geemarc.com\/fr\/wp-content\/uploads\/sites\/3\/2019\/11\/DSC_0959.jpg','https:\/\/geemarc.com\/fr\/wp-content\/uploads\/sites\/3\/2019\/11\/DSC_0958.jpg','https:\/\/geemarc.com\/fr\/wp-content\/uploads\/sites\/3\/2019\/11\/DSC_0957.jpg','https:\/\/geemarc.com\/fr\/wp-content\/uploads\/sites\/3\/2019\/11\/DSC_0956.jpg','https:\/\/geemarc.com\/fr\/wp-content\/uploads\/sites\/3\/2019\/11\/DSC_0955.jpg','https:\/\/geemarc.com\/fr\/wp-content\/uploads\/sites\/3\/2019\/11\/DSC_0954.jpg','https:\/\/geemarc.com\/fr\/wp-content\/uploads\/sites\/3\/2019\/11\/DSC_0953.jpg','https:\/\/geemarc.com\/fr\/wp-content\/uploads\/sites\/3\/2019\/11\/DSC_0952.jpg','https:\/\/geemarc.com\/fr\/wp-content\/uploads\/sites\/3\/2019\/11\/DSC_0951.jpg','https:\/\/geemarc.com\/fr\/wp-content\/uploads\/sites\/3\/2019\/11\/DSC_0950.jpg','https:\/\/geemarc.com\/fr\/wp-content\/uploads\/sites\/3\/2019\/11\/DSC_0949.jpg','https:\/\/geemarc.com\/fr\/wp-content\/uploads\/sites\/3\/2019\/11\/DSC_0948.jpg','https:\/\/geemarc.com\/fr\/wp-content\/uploads\/sites\/3\/2019\/11\/DSC_0947.jpg','https:\/\/geemarc.com\/fr\/wp-content\/uploads\/sites\/3\/2019\/11\/DSC_0946.jpg','https:\/\/geemarc.com\/fr\/wp-content\/uploads\/sites\/3\/2019\/11\/DSC_0945.jpg','https:\/\/geemarc.com\/fr\/wp-content\/uploads\/sites\/3\/2019\/11\/DSC_0944.jpg','https:\/\/geemarc.com\/fr\/wp-content\/uploads\/sites\/3\/2019\/11\/DSC_0943.jpg','https:\/\/geemarc.com\/fr\/wp-content\/uploads\/sites\/3\/2019\/11\/DSC_0942.jpg','https:\/\/geemarc.com\/fr\/wp-content\/uploads\/sites\/3\/2019\/11\/DSC_0941.jpg','https:\/\/geemarc.com\/fr\/wp-content\/uploads\/sites\/3\/2019\/11\/DSC_0940.jpg','https:\/\/geemarc.com\/fr\/wp-content\/uploads\/sites\/3\/2019\/11\/DSC_0939.jpg','https:\/\/geemarc.com\/fr\/wp-content\/uploads\/sites\/3\/2019\/11\/DSC_0938.jpg','https:\/\/geemarc.com\/fr\/wp-content\/uploads\/sites\/3\/2019\/11\/DSC_0937.jpg','https:\/\/geemarc.com\/fr\/wp-content\/uploads\/sites\/3\/2019\/11\/DSC_0936.jpg','https:\/\/geemarc.com\/fr\/wp-content\/uploads\/sites\/3\/2019\/11\/DSC_0935.jpg','https:\/\/geemarc.com\/fr\/wp-content\/uploads\/sites\/3\/2019\/11\/DSC_0934.jpg','https:\/\/geemarc.com\/fr\/wp-content\/uploads\/sites\/3\/2019\/11\/DSC_0933.jpg','https:\/\/geemarc.com\/fr\/wp-content\/uploads\/sites\/3\/2019\/11\/DSC_0932.jpg','https:\/\/geemarc.com\/fr\/wp-content\/uploads\/sites\/3\/2019\/11\/DSC_0931.jpg','https:\/\/geemarc.com\/fr\/wp-content\/uploads\/sites\/3\/2019\/11\/DSC_0930.jpg','https:\/\/geemarc.com\/fr\/wp-content\/uploads\/sites\/3\/2019\/11\/DSC_0929.jpg'],\r\n\t\theight: 0,\r\n\t\twidth: 600,\r\n\t\tnavigation: true,\r\n\t\tdrag: true,\r\n\t\tshowCursor: true,\r\n\t\tinterval: 120,\r\n\t\tspeedMultiplier: 3,\r\n\t\t\t\tstartAutoplay: true,\r\n\t\t\t\tonReady: function() {\r\n\t\t\t$(\"#threesixty-slider-6990_ZWgtiN\").removeClass('threesixty-loading');\r\n\t\t\t\t\t\tproduct_6990_ZWgtiN.play();\r\n\t\t\t\t\t\t\t\t}\r\n\t\t\t});\r\n\t\t\t}(jQuery));\r\n<\/script>\n","protected":false},"excerpt":{"rendered":"<p>PENDANT additionnel sans fil pour AMPLIDECT295 SOS-PRO<\/p>\n","protected":false},"featured_media":4153,"template":"","meta":[],"product_cat":[130],"product_tag":[],"yoast_head":"<!-- This site is optimized with the Yoast SEO plugin v16.9 - https:\/\/yoast.com\/wordpress\/plugins\/seo\/ -->\n<title>SOS-PRO 295 - Geemarc France<\/title>\n<meta name=\"robots\" content=\"index, follow, max-snippet:-1, max-image-preview:large, max-video-preview:-1\" \/>\n<link rel=\"canonical\" href=\"https:\/\/geemarc.com\/fr\/product\/sos-pro-295\/\" \/>\n<meta property=\"og:locale\" content=\"fr_FR\" \/>\n<meta property=\"og:type\" content=\"article\" \/>\n<meta property=\"og:title\" content=\"SOS-PRO 295 - Geemarc France\" \/>\n<meta property=\"og:description\" content=\"PENDANT additionnel sans fil pour AMPLIDECT295 SOS-PRO\" \/>\n<meta property=\"og:url\" content=\"https:\/\/geemarc.com\/fr\/product\/sos-pro-295\/\" \/>\n<meta property=\"og:site_name\" content=\"Geemarc France\" \/>\n<meta property=\"article:modified_time\" content=\"2022-05-30T09:49:54+00:00\" \/>\n<meta property=\"og:image\" content=\"https:\/\/geemarc.com\/fr\/wp-content\/uploads\/sites\/3\/2017\/05\/SOS-PRO-295-bouton-rouge.jpg\" \/>\n\t<meta property=\"og:image:width\" content=\"1945\" \/>\n\t<meta property=\"og:image:height\" content=\"1763\" \/>\n<meta name=\"twitter:card\" content=\"summary_large_image\" \/>\n<meta name=\"twitter:label1\" content=\"Dur\u00e9e de lecture est.\" \/>\n\t<meta name=\"twitter:data1\" content=\"1 minute\" \/>\n<script type=\"application\/ld+json\" class=\"yoast-schema-graph\">{\"@context\":\"https:\/\/schema.org\",\"@graph\":[{\"@type\":\"WebSite\",\"@id\":\"https:\/\/geemarc.com\/fr\/#website\",\"url\":\"https:\/\/geemarc.com\/fr\/\",\"name\":\"Geemarc France\",\"description\":\"\",\"potentialAction\":[{\"@type\":\"SearchAction\",\"target\":{\"@type\":\"EntryPoint\",\"urlTemplate\":\"https:\/\/geemarc.com\/fr\/?s={search_term_string}\"},\"query-input\":\"required name=search_term_string\"}],\"inLanguage\":\"fr-FR\"},{\"@type\":\"ImageObject\",\"@id\":\"https:\/\/geemarc.com\/fr\/product\/sos-pro-295\/#primaryimage\",\"inLanguage\":\"fr-FR\",\"url\":\"https:\/\/geemarc.com\/fr\/wp-content\/uploads\/sites\/3\/2017\/05\/SOS-PRO-295-bouton-rouge.jpg\",\"contentUrl\":\"https:\/\/geemarc.com\/fr\/wp-content\/uploads\/sites\/3\/2017\/05\/SOS-PRO-295-bouton-rouge.jpg\",\"width\":1945,\"height\":1763},{\"@type\":\"WebPage\",\"@id\":\"https:\/\/geemarc.com\/fr\/product\/sos-pro-295\/#webpage\",\"url\":\"https:\/\/geemarc.com\/fr\/product\/sos-pro-295\/\",\"name\":\"SOS-PRO 295 - Geemarc France\",\"isPartOf\":{\"@id\":\"https:\/\/geemarc.com\/fr\/#website\"},\"primaryImageOfPage\":{\"@id\":\"https:\/\/geemarc.com\/fr\/product\/sos-pro-295\/#primaryimage\"},\"datePublished\":\"2018-06-07T08:32:20+00:00\",\"dateModified\":\"2022-05-30T09:49:54+00:00\",\"breadcrumb\":{\"@id\":\"https:\/\/geemarc.com\/fr\/product\/sos-pro-295\/#breadcrumb\"},\"inLanguage\":\"fr-FR\",\"potentialAction\":[{\"@type\":\"ReadAction\",\"target\":[\"https:\/\/geemarc.com\/fr\/product\/sos-pro-295\/\"]}]},{\"@type\":\"BreadcrumbList\",\"@id\":\"https:\/\/geemarc.com\/fr\/product\/sos-pro-295\/#breadcrumb\",\"itemListElement\":[{\"@type\":\"ListItem\",\"position\":1,\"name\":\"Home\",\"item\":\"https:\/\/geemarc.com\/fr\/\"},{\"@type\":\"ListItem\",\"position\":2,\"name\":\"Shop\",\"item\":\"https:\/\/geemarc.com\/fr\/shop\/\"},{\"@type\":\"ListItem\",\"position\":3,\"name\":\"SOS-PRO 295\"}]}]}<\/script>\n<!-- \/ Yoast SEO plugin. -->","yoast_head_json":{"title":"SOS-PRO 295 - Geemarc France","robots":{"index":"index","follow":"follow","max-snippet":"max-snippet:-1","max-image-preview":"max-image-preview:large","max-video-preview":"max-video-preview:-1"},"canonical":"https:\/\/geemarc.com\/fr\/product\/sos-pro-295\/","og_locale":"fr_FR","og_type":"article","og_title":"SOS-PRO 295 - Geemarc France","og_description":"PENDANT additionnel sans fil pour AMPLIDECT295 SOS-PRO","og_url":"https:\/\/geemarc.com\/fr\/product\/sos-pro-295\/","og_site_name":"Geemarc France","article_modified_time":"2022-05-30T09:49:54+00:00","og_image":[{"width":1945,"height":1763,"url":"https:\/\/geemarc.com\/fr\/wp-content\/uploads\/sites\/3\/2017\/05\/SOS-PRO-295-bouton-rouge.jpg","path":"\/home\/g\/e\/geemarcwp\/public_html\/wp-content\/uploads\/sites\/3\/2017\/05\/SOS-PRO-295-bouton-rouge.jpg","size":"full","id":4153,"alt":"","pixels":3429035,"type":"image\/jpeg"}],"twitter_card":"summary_large_image","twitter_misc":{"Dur\u00e9e de lecture est.":"1 minute"},"schema":{"@context":"https:\/\/schema.org","@graph":[{"@type":"WebSite","@id":"https:\/\/geemarc.com\/fr\/#website","url":"https:\/\/geemarc.com\/fr\/","name":"Geemarc France","description":"","potentialAction":[{"@type":"SearchAction","target":{"@type":"EntryPoint","urlTemplate":"https:\/\/geemarc.com\/fr\/?s={search_term_string}"},"query-input":"required name=search_term_string"}],"inLanguage":"fr-FR"},{"@type":"ImageObject","@id":"https:\/\/geemarc.com\/fr\/product\/sos-pro-295\/#primaryimage","inLanguage":"fr-FR","url":"https:\/\/geemarc.com\/fr\/wp-content\/uploads\/sites\/3\/2017\/05\/SOS-PRO-295-bouton-rouge.jpg","contentUrl":"https:\/\/geemarc.com\/fr\/wp-content\/uploads\/sites\/3\/2017\/05\/SOS-PRO-295-bouton-rouge.jpg","width":1945,"height":1763},{"@type":"WebPage","@id":"https:\/\/geemarc.com\/fr\/product\/sos-pro-295\/#webpage","url":"https:\/\/geemarc.com\/fr\/product\/sos-pro-295\/","name":"SOS-PRO 295 - Geemarc France","isPartOf":{"@id":"https:\/\/geemarc.com\/fr\/#website"},"primaryImageOfPage":{"@id":"https:\/\/geemarc.com\/fr\/product\/sos-pro-295\/#primaryimage"},"datePublished":"2018-06-07T08:32:20+00:00","dateModified":"2022-05-30T09:49:54+00:00","breadcrumb":{"@id":"https:\/\/geemarc.com\/fr\/product\/sos-pro-295\/#breadcrumb"},"inLanguage":"fr-FR","potentialAction":[{"@type":"ReadAction","target":["https:\/\/geemarc.com\/fr\/product\/sos-pro-295\/"]}]},{"@type":"BreadcrumbList","@id":"https:\/\/geemarc.com\/fr\/product\/sos-pro-295\/#breadcrumb","itemListElement":[{"@type":"ListItem","position":1,"name":"Home","item":"https:\/\/geemarc.com\/fr\/"},{"@type":"ListItem","position":2,"name":"Shop","item":"https:\/\/geemarc.com\/fr\/shop\/"},{"@type":"ListItem","position":3,"name":"SOS-PRO 295"}]}]}},"acf":[],"_links":{"self":[{"href":"https:\/\/geemarc.com\/fr\/wp-json\/wp\/v2\/product\/4155"}],"collection":[{"href":"https:\/\/geemarc.com\/fr\/wp-json\/wp\/v2\/product"}],"about":[{"href":"https:\/\/geemarc.com\/fr\/wp-json\/wp\/v2\/types\/product"}],"wp:featuredmedia":[{"embeddable":true,"href":"https:\/\/geemarc.com\/fr\/wp-json\/wp\/v2\/media\/4153"}],"wp:attachment":[{"href":"https:\/\/geemarc.com\/fr\/wp-json\/wp\/v2\/media?parent=4155"}],"wp:term":[{"taxonomy":"product_cat","embeddable":true,"href":"https:\/\/geemarc.com\/fr\/wp-json\/wp\/v2\/product_cat?post=4155"},{"taxonomy":"product_tag","embeddable":true,"href":"https:\/\/geemarc.com\/fr\/wp-json\/wp\/v2\/product_tag?post=4155"}],"curies":[{"name":"wp","href":"https:\/\/api.w.org\/{rel}","templated":true}]}}