{"id":4162,"date":"2018-06-07T09:52:05","date_gmt":"2018-06-07T09:52:05","guid":{"rendered":"http:\/\/geemarc.com\/fr\/?post_type=product&#038;p=4162"},"modified":"2025-11-14T14:22:27","modified_gmt":"2025-11-14T14:22:27","slug":"amplidect595-photo","status":"publish","type":"product","link":"https:\/\/geemarc.com\/fr\/product\/amplidect595-photo\/","title":{"rendered":"AMPLIDECT595 PHOTO"},"content":{"rendered":"<p><strong>Nouveaut\u00e9 : Possibilit\u00e9 de bloquer jusqu\u2019\u00e0 20 num\u00e9ros ind\u00e9sirables !<\/strong><\/p>\n<p>&nbsp;<\/p>\n<div>\n<p><b>CARACT\u00c9RISTIQUES<\/b><strong>\u00a0:<\/strong><\/p>\n<ul>\n<li>Combin\u00e9 ergonomique facilitant l\u2019utilisation avec larges touches r\u00e9tro \u00e9clair\u00e9es<\/li>\n<li>R\u00e9glage du volume de r\u00e9ception jusqu\u2019\u00e0 50dB (Mode Ampli)<\/li>\n<li>Sonneries puissantes : jusqu\u2019\u00e0 80dB sur le combin\u00e9 et sur la base<\/li>\n<li>R\u00e9glage tonalit\u00e9 de r\u00e9ception (Grave \/ Normal \/ Aigu)<\/li>\n<li>Compatible appareil auditif<\/li>\n<li>Mains libres sur la base et le combin\u00e9<\/li>\n<li>R\u00e9glage volume du haut-parleur<\/li>\n<li>10 touches m\u00e9moire photo sur la base : MEM photo \/ nom ou num\u00e9rotation standard<\/li>\n<li>Nom vocal enregistrable pour chacune des 10 m\u00e9moires photos<\/li>\n<li>9 touches m\u00e9moire directe sur le combin\u00e9 : possibilit\u00e9 d\u2019enregistrer des num\u00e9ros sur les 9 touches du pav\u00e9 num\u00e9rique (de 1 \u00e0 9)<\/li>\n<li>R\u00e9pertoire (50 fiches : noms et num\u00e9ros)<\/li>\n<li>M\u00e9moire VIP : autorise les appels entrants venant uniquement des num\u00e9ros enregistr\u00e9s dans le r\u00e9pertoire VIP (jusqu\u2019\u00e0 50 num\u00e9ros) lorsque la fonction \u00ab Blocage d\u2019appels \u00bb est activ\u00e9e<\/li>\n<li>Touche d\u2019acc\u00e8s rapide au r\u00e9pertoire sur le combin\u00e9<\/li>\n<li>Touche d\u2019acc\u00e8s rapide au menu sur le combin\u00e9<\/li>\n<li>Rappel des 10 derniers num\u00e9ros compos\u00e9s<\/li>\n<li>Fonction num\u00e9rotation vocale : Fran\u00e7ais, Anglais, Allemand et N\u00e9erlandais (existe une version NOR avec les langues suivantes : Anglais, Italien, Espagnol et Su\u00e9dois)<\/li>\n<li>Touche R r\u00e9glable(100ms\/300ms\/600ms)<\/li>\n<li>Fonction appel d\u2019urgence (bouton SOS) :<\/li>\n<\/ul>\n<p>&#8211;\u00a0 \u00a0Possibilit\u00e9 d\u2019enregistrer jusqu\u2019\u00e0 4 num\u00e9ros d\u2019urgence<\/p>\n<p>&#8211;\u00a0 \u00a0Message d\u2019urgence personnalisable ou texte existant en 4 langues :<\/p>\n<p>Anglais, Fran\u00e7ais, Allemand et N\u00e9erlandais (existe une version NOR avec les langues suivantes :\u00a0 Anglais, Italien, Espagnol et Su\u00e9dois)<\/p>\n<\/div>\n<div class=\"success p-tmpl-wrap primary-background\">\n<p><img class=\"p1\" src=\"https:\/\/geemarc.com\/uk\/wp-content\/uploads\/sites\/2\/2019\/04\/Photo-template-Urgence.png\" \/><img class=\"p2\" src=\"https:\/\/geemarc.com\/uk\/wp-content\/uploads\/sites\/2\/2019\/04\/Photo-template-portrait.png\" \/><span class=\"h3 bold\" data-wahfont=\"20\">IMPRESSION DE VOS PHOTOS<\/span><span class=\"h3\" data-wahfont=\"20\">Nouveaut\u00e9s et exclusivit\u00e9 Geemarc Telecom<\/span><\/p>\n<div style=\"margin: 10px 0 15px; line-height: 17px;\">Un mod\u00e8le facile \u00e0 utiliser pour t\u00e9l\u00e9charger vos images et les imprimer pour les boutons des photophones.<br \/>\nCliquez sur le bouton ci-dessous.<\/div>\n<div class=\"table-cell button-right\" style=\"margin-top: 10px;\"><a class=\"button filled\" href=\"http:\/\/geemarc.com\/p_editor\/Amplidect595photo\/f\/editor\/\" data-wahfont=\"12\">Mod\u00e8le de photos<\/a><\/div>\n<\/div>\n<div id=\"threesixty-slider-8629_LBhmye\" class=\"threesixty-loading threesixty-image threesixty-dark-blue threesixty-vintage threesixty-no-border\" style=\"width: 790px;\">\r\n\t<div class=\"threesixty-preview-8629_LBhmye\"><img class=\"threesixty-preview-image\" src=\"https:\/\/geemarc.com\/fr\/wp-content\/uploads\/sites\/3\/2021\/02\/DSC_0037-copie.jpg\"\/><\/div>\r\n\t<div class=\"threesixty-spinner threesixty-spinner-8629_LBhmye\">\r\n\t\t<span>0%<\/span>\r\n\t<\/div>\r\n\t<ol class=\"threesixty-images threesixty-images-8629_LBhmye\"><\/ol>\r\n\t\t\t<a href=\"#threesixty-slider-8629_LBhmye\" class=\"threesixty-mfp-anchor\"><\/a>\r\n\t<\/div>\r\n<!--SPV--><script type=\"text\/javascript\">\/\/SPV\r\n(function($) {\r\n\t\t$('#threesixty-slider-8629_LBhmye .threesixty-mfp-anchor').magnificPopup({\r\n\t\ttype:'inline',\r\n\t\tcloseOnBgClick: true,\r\n\t\tmidClick: true,\r\n\t\t\/\/removalDelay: 300,\r\n  \t\t\/\/mainClass: 'mfp-fade',\r\n\t\tcallbacks: {\r\n\t\t\t resize: function() {\r\n\t\t\t \tvar originalHeight \t= 800,\r\n\t\t\t \t\toriginalWidth \t= 790,\r\n\t\t\t \t\tmfpHeight \t\t= 800,\r\n\t\t\t \t\tmfpWidth \t\t= 790,\r\n\t\t\t \t\tratio \t\t\t= originalWidth \/ originalHeight,\r\n\t\t\t \t\twinHeight \t\t= $(window).height(),\r\n\t\t\t \t\twinWidth \t\t= $(window).width();\r\n\t\t\t \t\r\n\t\t\t \tif ( originalHeight > winHeight * 0.9 ) {\r\n\t\t\t \t\tmfpHeight \t\t= winHeight * 0.9;\r\n\t\t\t \t\tmfpWidth \t\t= mfpHeight * ratio;\r\n\t\t\t\t}\r\n\t\t\t\tif ( mfpWidth > winWidth * 0.9 ) {\r\n\t\t\t \t\tmfpWidth \t\t= winWidth * 0.9;\r\n\t\t\t \t\tmfpHeight \t\t= mfpWidth \/ ratio;\r\n\t\t\t\t}\r\n\t\t\t \tif ( mfpHeight < originalHeight && mfpWidth < originalWidth ) {\r\n\t\t\t\t    $('#threesixty-slider-8629_LBhmye').height(mfpHeight);\r\n\t\t\t\t    $('#threesixty-slider-8629_LBhmye').width(mfpWidth);\r\n\t\t\t\t} \r\n\t\t\t\telse {\r\n\t\t\t\t    $('#threesixty-slider-8629_LBhmye').height(originalHeight);\r\n\t\t\t\t    $('#threesixty-slider-8629_LBhmye').width(originalWidth);\r\n\t\t\t\t}\r\n\t\t\t},\r\n\t\t\tclose: function() {\r\n\t\t\t    $('#threesixty-slider-8629_LBhmye').height('auto');\r\n\t\t\t    $('#threesixty-slider-8629_LBhmye').width(790);\r\n\t\t\t}\r\n\t\t},\r\n\t\tcloseMarkup :\"<button class=\\\"mfp-close\\\"><\/button>\"\r\n\t});\r\n\t\tvar product_8629_LBhmye = $('#threesixty-slider-8629_LBhmye').ThreeSixty({\r\n\t\ttotalFrames: 36,\r\n\t\tendFrame: 0,\r\n\t\tcurrentFrame: 36,\r\n\t\timgList: '.threesixty-images-8629_LBhmye',\r\n\t\tprogress: '.threesixty-spinner-8629_LBhmye',\r\n\t\tpreview: '.threesixty-preview-8629_LBhmye',\r\n\t\timages: ['https:\/\/geemarc.com\/fr\/wp-content\/uploads\/sites\/3\/2021\/02\/DSC_0072-copie.jpg','https:\/\/geemarc.com\/fr\/wp-content\/uploads\/sites\/3\/2021\/02\/DSC_0071-copie.jpg','https:\/\/geemarc.com\/fr\/wp-content\/uploads\/sites\/3\/2021\/02\/DSC_0070-copie.jpg','https:\/\/geemarc.com\/fr\/wp-content\/uploads\/sites\/3\/2021\/02\/DSC_0069-copie.jpg','https:\/\/geemarc.com\/fr\/wp-content\/uploads\/sites\/3\/2021\/02\/DSC_0068-copie.jpg','https:\/\/geemarc.com\/fr\/wp-content\/uploads\/sites\/3\/2021\/02\/DSC_0067-copie.jpg','https:\/\/geemarc.com\/fr\/wp-content\/uploads\/sites\/3\/2021\/02\/DSC_0066-copie.jpg','https:\/\/geemarc.com\/fr\/wp-content\/uploads\/sites\/3\/2021\/02\/DSC_0065-copie.jpg','https:\/\/geemarc.com\/fr\/wp-content\/uploads\/sites\/3\/2021\/02\/DSC_0064-copie.jpg','https:\/\/geemarc.com\/fr\/wp-content\/uploads\/sites\/3\/2021\/02\/DSC_0063-copie.jpg','https:\/\/geemarc.com\/fr\/wp-content\/uploads\/sites\/3\/2021\/02\/DSC_0062-copie.jpg','https:\/\/geemarc.com\/fr\/wp-content\/uploads\/sites\/3\/2021\/02\/DSC_0061-copie.jpg','https:\/\/geemarc.com\/fr\/wp-content\/uploads\/sites\/3\/2021\/02\/DSC_0060-copie.jpg','https:\/\/geemarc.com\/fr\/wp-content\/uploads\/sites\/3\/2021\/02\/DSC_0059-copie.jpg','https:\/\/geemarc.com\/fr\/wp-content\/uploads\/sites\/3\/2021\/02\/DSC_0058-copie.jpg','https:\/\/geemarc.com\/fr\/wp-content\/uploads\/sites\/3\/2021\/02\/DSC_0057-copie.jpg','https:\/\/geemarc.com\/fr\/wp-content\/uploads\/sites\/3\/2021\/02\/DSC_0056-copie.jpg','https:\/\/geemarc.com\/fr\/wp-content\/uploads\/sites\/3\/2021\/02\/DSC_0055-copie.jpg','https:\/\/geemarc.com\/fr\/wp-content\/uploads\/sites\/3\/2021\/02\/DSC_0054-copie.jpg','https:\/\/geemarc.com\/fr\/wp-content\/uploads\/sites\/3\/2021\/02\/DSC_0053-copie.jpg','https:\/\/geemarc.com\/fr\/wp-content\/uploads\/sites\/3\/2021\/02\/DSC_0052-copie.jpg','https:\/\/geemarc.com\/fr\/wp-content\/uploads\/sites\/3\/2021\/02\/DSC_0051-copie.jpg','https:\/\/geemarc.com\/fr\/wp-content\/uploads\/sites\/3\/2021\/02\/DSC_0050-copie.jpg','https:\/\/geemarc.com\/fr\/wp-content\/uploads\/sites\/3\/2021\/02\/DSC_0049-copie.jpg','https:\/\/geemarc.com\/fr\/wp-content\/uploads\/sites\/3\/2021\/02\/DSC_0048-copie.jpg','https:\/\/geemarc.com\/fr\/wp-content\/uploads\/sites\/3\/2021\/02\/DSC_0047-copie.jpg','https:\/\/geemarc.com\/fr\/wp-content\/uploads\/sites\/3\/2021\/02\/DSC_0046-copie.jpg','https:\/\/geemarc.com\/fr\/wp-content\/uploads\/sites\/3\/2021\/02\/DSC_0045-copie.jpg','https:\/\/geemarc.com\/fr\/wp-content\/uploads\/sites\/3\/2021\/02\/DSC_0044-copie.jpg','https:\/\/geemarc.com\/fr\/wp-content\/uploads\/sites\/3\/2021\/02\/DSC_0043-copie.jpg','https:\/\/geemarc.com\/fr\/wp-content\/uploads\/sites\/3\/2021\/02\/DSC_0042-copie.jpg','https:\/\/geemarc.com\/fr\/wp-content\/uploads\/sites\/3\/2021\/02\/DSC_0041-copie.jpg','https:\/\/geemarc.com\/fr\/wp-content\/uploads\/sites\/3\/2021\/02\/DSC_0040-copie.jpg','https:\/\/geemarc.com\/fr\/wp-content\/uploads\/sites\/3\/2021\/02\/DSC_0039-copie.jpg','https:\/\/geemarc.com\/fr\/wp-content\/uploads\/sites\/3\/2021\/02\/DSC_0038-copie.jpg','https:\/\/geemarc.com\/fr\/wp-content\/uploads\/sites\/3\/2021\/02\/DSC_0037-copie.jpg'],\r\n\t\theight: 0,\r\n\t\twidth: 790,\r\n\t\tnavigation: true,\r\n\t\tdrag: true,\r\n\t\tshowCursor: true,\r\n\t\tinterval: 60,\r\n\t\tspeedMultiplier: 5,\r\n\t\t\t\tstartAutoplay: true,\r\n\t\t\t\tonReady: function() {\r\n\t\t\t$(\"#threesixty-slider-8629_LBhmye\").removeClass('threesixty-loading');\r\n\t\t\t\t\t\tproduct_8629_LBhmye.play();\r\n\t\t\t\t\t\t\t\t}\r\n\t\t\t});\r\n\t\t\t}(jQuery));\r\n<\/script>\n","protected":false},"excerpt":{"rendered":"<p>T\u00e9l\u00e9phone amplifi\u00e9 num\u00e9rique sans fil avec m\u00e9moires photo<\/p>\n","protected":false},"featured_media":6040,"template":"","meta":[],"product_cat":[130],"product_tag":[],"yoast_head":"<!-- This site is optimized with the Yoast SEO plugin v16.9 - https:\/\/yoast.com\/wordpress\/plugins\/seo\/ -->\n<title>AMPLIDECT595 PHOTO - Geemarc France<\/title>\n<meta name=\"robots\" content=\"index, follow, max-snippet:-1, max-image-preview:large, max-video-preview:-1\" \/>\n<link rel=\"canonical\" href=\"https:\/\/geemarc.com\/fr\/product\/amplidect595-photo\/\" \/>\n<meta property=\"og:locale\" content=\"fr_FR\" \/>\n<meta property=\"og:type\" content=\"article\" \/>\n<meta property=\"og:title\" content=\"AMPLIDECT595 PHOTO - Geemarc France\" \/>\n<meta property=\"og:description\" content=\"T\u00e9l\u00e9phone amplifi\u00e9 num\u00e9rique sans fil avec m\u00e9moires photo\" \/>\n<meta property=\"og:url\" content=\"https:\/\/geemarc.com\/fr\/product\/amplidect595-photo\/\" \/>\n<meta property=\"og:site_name\" content=\"Geemarc France\" \/>\n<meta property=\"article:modified_time\" content=\"2025-11-14T14:22:27+00:00\" \/>\n<meta property=\"og:image\" content=\"https:\/\/geemarc.com\/fr\/wp-content\/uploads\/sites\/3\/2018\/06\/AMPLIDECT595Photo_03com_no-shadow-3.jpg\" \/>\n\t<meta property=\"og:image:width\" content=\"2097\" \/>\n\t<meta property=\"og:image:height\" content=\"2551\" \/>\n<meta name=\"twitter:card\" content=\"summary_large_image\" \/>\n<meta name=\"twitter:label1\" content=\"Dur\u00e9e de lecture est.\" \/>\n\t<meta name=\"twitter:data1\" content=\"2 minutes\" \/>\n<script type=\"application\/ld+json\" class=\"yoast-schema-graph\">{\"@context\":\"https:\/\/schema.org\",\"@graph\":[{\"@type\":\"WebSite\",\"@id\":\"https:\/\/geemarc.com\/fr\/#website\",\"url\":\"https:\/\/geemarc.com\/fr\/\",\"name\":\"Geemarc France\",\"description\":\"\",\"potentialAction\":[{\"@type\":\"SearchAction\",\"target\":{\"@type\":\"EntryPoint\",\"urlTemplate\":\"https:\/\/geemarc.com\/fr\/?s={search_term_string}\"},\"query-input\":\"required name=search_term_string\"}],\"inLanguage\":\"fr-FR\"},{\"@type\":\"ImageObject\",\"@id\":\"https:\/\/geemarc.com\/fr\/product\/amplidect595-photo\/#primaryimage\",\"inLanguage\":\"fr-FR\",\"url\":\"https:\/\/geemarc.com\/fr\/wp-content\/uploads\/sites\/3\/2018\/06\/AMPLIDECT595Photo_03com_no-shadow-3.jpg\",\"contentUrl\":\"https:\/\/geemarc.com\/fr\/wp-content\/uploads\/sites\/3\/2018\/06\/AMPLIDECT595Photo_03com_no-shadow-3.jpg\",\"width\":2097,\"height\":2551},{\"@type\":\"WebPage\",\"@id\":\"https:\/\/geemarc.com\/fr\/product\/amplidect595-photo\/#webpage\",\"url\":\"https:\/\/geemarc.com\/fr\/product\/amplidect595-photo\/\",\"name\":\"AMPLIDECT595 PHOTO - Geemarc France\",\"isPartOf\":{\"@id\":\"https:\/\/geemarc.com\/fr\/#website\"},\"primaryImageOfPage\":{\"@id\":\"https:\/\/geemarc.com\/fr\/product\/amplidect595-photo\/#primaryimage\"},\"datePublished\":\"2018-06-07T09:52:05+00:00\",\"dateModified\":\"2025-11-14T14:22:27+00:00\",\"breadcrumb\":{\"@id\":\"https:\/\/geemarc.com\/fr\/product\/amplidect595-photo\/#breadcrumb\"},\"inLanguage\":\"fr-FR\",\"potentialAction\":[{\"@type\":\"ReadAction\",\"target\":[\"https:\/\/geemarc.com\/fr\/product\/amplidect595-photo\/\"]}]},{\"@type\":\"BreadcrumbList\",\"@id\":\"https:\/\/geemarc.com\/fr\/product\/amplidect595-photo\/#breadcrumb\",\"itemListElement\":[{\"@type\":\"ListItem\",\"position\":1,\"name\":\"Home\",\"item\":\"https:\/\/geemarc.com\/fr\/\"},{\"@type\":\"ListItem\",\"position\":2,\"name\":\"Shop\",\"item\":\"https:\/\/geemarc.com\/fr\/shop\/\"},{\"@type\":\"ListItem\",\"position\":3,\"name\":\"AMPLIDECT595 PHOTO\"}]}]}<\/script>\n<!-- \/ Yoast SEO plugin. -->","yoast_head_json":{"title":"AMPLIDECT595 PHOTO - Geemarc France","robots":{"index":"index","follow":"follow","max-snippet":"max-snippet:-1","max-image-preview":"max-image-preview:large","max-video-preview":"max-video-preview:-1"},"canonical":"https:\/\/geemarc.com\/fr\/product\/amplidect595-photo\/","og_locale":"fr_FR","og_type":"article","og_title":"AMPLIDECT595 PHOTO - Geemarc France","og_description":"T\u00e9l\u00e9phone amplifi\u00e9 num\u00e9rique sans fil avec m\u00e9moires photo","og_url":"https:\/\/geemarc.com\/fr\/product\/amplidect595-photo\/","og_site_name":"Geemarc France","article_modified_time":"2025-11-14T14:22:27+00:00","og_image":[{"width":2097,"height":2551,"url":"https:\/\/geemarc.com\/fr\/wp-content\/uploads\/sites\/3\/2018\/06\/AMPLIDECT595Photo_03com_no-shadow-3.jpg","path":"\/home\/g\/e\/geemarcwp\/public_html\/wp-content\/uploads\/sites\/3\/2018\/06\/AMPLIDECT595Photo_03com_no-shadow-3.jpg","size":"full","id":6040,"alt":"","pixels":5349447,"type":"image\/jpeg"}],"twitter_card":"summary_large_image","twitter_misc":{"Dur\u00e9e de lecture est.":"2 minutes"},"schema":{"@context":"https:\/\/schema.org","@graph":[{"@type":"WebSite","@id":"https:\/\/geemarc.com\/fr\/#website","url":"https:\/\/geemarc.com\/fr\/","name":"Geemarc France","description":"","potentialAction":[{"@type":"SearchAction","target":{"@type":"EntryPoint","urlTemplate":"https:\/\/geemarc.com\/fr\/?s={search_term_string}"},"query-input":"required name=search_term_string"}],"inLanguage":"fr-FR"},{"@type":"ImageObject","@id":"https:\/\/geemarc.com\/fr\/product\/amplidect595-photo\/#primaryimage","inLanguage":"fr-FR","url":"https:\/\/geemarc.com\/fr\/wp-content\/uploads\/sites\/3\/2018\/06\/AMPLIDECT595Photo_03com_no-shadow-3.jpg","contentUrl":"https:\/\/geemarc.com\/fr\/wp-content\/uploads\/sites\/3\/2018\/06\/AMPLIDECT595Photo_03com_no-shadow-3.jpg","width":2097,"height":2551},{"@type":"WebPage","@id":"https:\/\/geemarc.com\/fr\/product\/amplidect595-photo\/#webpage","url":"https:\/\/geemarc.com\/fr\/product\/amplidect595-photo\/","name":"AMPLIDECT595 PHOTO - Geemarc France","isPartOf":{"@id":"https:\/\/geemarc.com\/fr\/#website"},"primaryImageOfPage":{"@id":"https:\/\/geemarc.com\/fr\/product\/amplidect595-photo\/#primaryimage"},"datePublished":"2018-06-07T09:52:05+00:00","dateModified":"2025-11-14T14:22:27+00:00","breadcrumb":{"@id":"https:\/\/geemarc.com\/fr\/product\/amplidect595-photo\/#breadcrumb"},"inLanguage":"fr-FR","potentialAction":[{"@type":"ReadAction","target":["https:\/\/geemarc.com\/fr\/product\/amplidect595-photo\/"]}]},{"@type":"BreadcrumbList","@id":"https:\/\/geemarc.com\/fr\/product\/amplidect595-photo\/#breadcrumb","itemListElement":[{"@type":"ListItem","position":1,"name":"Home","item":"https:\/\/geemarc.com\/fr\/"},{"@type":"ListItem","position":2,"name":"Shop","item":"https:\/\/geemarc.com\/fr\/shop\/"},{"@type":"ListItem","position":3,"name":"AMPLIDECT595 PHOTO"}]}]}},"acf":[],"_links":{"self":[{"href":"https:\/\/geemarc.com\/fr\/wp-json\/wp\/v2\/product\/4162"}],"collection":[{"href":"https:\/\/geemarc.com\/fr\/wp-json\/wp\/v2\/product"}],"about":[{"href":"https:\/\/geemarc.com\/fr\/wp-json\/wp\/v2\/types\/product"}],"wp:featuredmedia":[{"embeddable":true,"href":"https:\/\/geemarc.com\/fr\/wp-json\/wp\/v2\/media\/6040"}],"wp:attachment":[{"href":"https:\/\/geemarc.com\/fr\/wp-json\/wp\/v2\/media?parent=4162"}],"wp:term":[{"taxonomy":"product_cat","embeddable":true,"href":"https:\/\/geemarc.com\/fr\/wp-json\/wp\/v2\/product_cat?post=4162"},{"taxonomy":"product_tag","embeddable":true,"href":"https:\/\/geemarc.com\/fr\/wp-json\/wp\/v2\/product_tag?post=4162"}],"curies":[{"name":"wp","href":"https:\/\/api.w.org\/{rel}","templated":true}]}}