{"id":4163,"date":"2018-06-07T09:52:00","date_gmt":"2018-06-07T09:52:00","guid":{"rendered":"http:\/\/geemarc.com\/fr\/?post_type=product&#038;p=4163"},"modified":"2025-11-14T14:22:21","modified_gmt":"2025-11-14T14:22:21","slug":"amplidect595-2-photo","status":"publish","type":"product","link":"https:\/\/geemarc.com\/fr\/product\/amplidect595-2-photo\/","title":{"rendered":"AMPLIDECT595-2 PHOTO"},"content":{"rendered":"<p><strong>Version DUO\u00a0<\/strong><\/p>\n<p><strong>Nouveaut\u00e9 : Possibilit\u00e9 de bloquer jusqu\u2019\u00e0 20 num\u00e9ros ind\u00e9sirables !<\/strong><\/p>\n<p>&nbsp;<\/p>\n<div>\n<p><b>CARACT\u00c9RISTIQUES<\/b><strong>\u00a0:<\/strong><\/p>\n<ul>\n<li>Combin\u00e9 ergonomique facilitant l\u2019utilisation avec larges touches r\u00e9tro \u00e9clair\u00e9es<\/li>\n<li>R\u00e9glage du volume de r\u00e9ception jusqu\u2019\u00e0 50dB (Mode Ampli)<\/li>\n<li>Sonneries puissantes : jusqu\u2019\u00e0 80dB sur le combin\u00e9 et sur la base<\/li>\n<li>R\u00e9glage tonalit\u00e9 de r\u00e9ception (Grave \/ Normal \/ Aigu)<\/li>\n<li>Compatible appareil auditif<\/li>\n<li>Mains libres sur la base et le combin\u00e9<\/li>\n<li>R\u00e9glage volume du haut-parleur<\/li>\n<li>10 touches m\u00e9moire photo sur la base : MEM photo \/ nom ou num\u00e9rotation standard<\/li>\n<li>Nom vocal enregistrable pour chacune des 10 m\u00e9moires photos<\/li>\n<li>9 touches m\u00e9moire directe sur le combin\u00e9 : possibilit\u00e9 d\u2019enregistrer des num\u00e9ros sur les 9 touches du pav\u00e9 num\u00e9rique (de 1 \u00e0 9)<\/li>\n<li>R\u00e9pertoire (50 fiches : noms et num\u00e9ros)<\/li>\n<li>M\u00e9moire VIP : autorise les appels entrants venant uniquement des num\u00e9ros enregistr\u00e9s dans le r\u00e9pertoire VIP (jusqu\u2019\u00e0 50 num\u00e9ros) lorsque la fonction \u00ab Blocage d\u2019appels \u00bb est activ\u00e9e<\/li>\n<li>Touche d\u2019acc\u00e8s rapide au r\u00e9pertoire sur le combin\u00e9<\/li>\n<li>Touche d\u2019acc\u00e8s rapide au menu sur le combin\u00e9<\/li>\n<li>Rappel des 10 derniers num\u00e9ros compos\u00e9s<\/li>\n<li>Fonction num\u00e9rotation vocale : Fran\u00e7ais, Anglais, Allemand et N\u00e9erlandais (existe une version NOR avec les langues suivantes : Anglais, Italien, Espagnol et Su\u00e9dois)<\/li>\n<li>Touche R r\u00e9glable(100ms\/300ms\/600ms)<\/li>\n<li>Fonction appel d\u2019urgence (bouton SOS) :<\/li>\n<\/ul>\n<p>&#8211;\u00a0 \u00a0Possibilit\u00e9 d\u2019enregistrer jusqu\u2019\u00e0 4 num\u00e9ros d\u2019urgence<\/p>\n<p>&#8211;\u00a0 \u00a0Message d\u2019urgence personnalisable ou texte existant en 4 langues :<\/p>\n<p>Anglais, Fran\u00e7ais, Allemand et N\u00e9erlandais (existe une version NOR avec les langues suivantes :\u00a0 Anglais, Italien, Espagnol et Su\u00e9dois)<\/p>\n<div class=\"success p-tmpl-wrap primary-background\">\n<p><img class=\"p1\" src=\"https:\/\/geemarc.com\/uk\/wp-content\/uploads\/sites\/2\/2019\/04\/Photo-template-Urgence.png\" \/><img class=\"p2\" src=\"https:\/\/geemarc.com\/uk\/wp-content\/uploads\/sites\/2\/2019\/04\/Photo-template-portrait.png\" \/><span class=\"h3 bold\" data-wahfont=\"20\">IMPRESSION DE VOS PHOTOS<\/span><span class=\"h3\" data-wahfont=\"20\">Nouveaut\u00e9s et exclusivit\u00e9 Geemarc Telecom<\/span><\/p>\n<div style=\"margin: 10px 0 15px; line-height: 17px;\">Un mod\u00e8le facile \u00e0 utiliser pour t\u00e9l\u00e9charger vos images et les imprimer pour les boutons des photophones.<br \/>\nCliquez sur le bouton ci-dessous.<\/div>\n<div class=\"table-cell button-right\" style=\"margin-top: 10px;\"><a class=\"button filled\" href=\"http:\/\/geemarc.com\/p_editor\/Amplidect595photo\/f\/editor\/\" data-wahfont=\"12\">Mod\u00e8le de photos<\/a><\/div>\n<\/div>\n<\/div>\n<div><\/div>\n<div><div id=\"threesixty-slider-8562_tLaG35\" class=\"threesixty-loading threesixty-image threesixty-dark-blue threesixty-vintage threesixty-no-border\" style=\"width: 800px;\">\r\n\t<div class=\"threesixty-preview-8562_tLaG35\"><img class=\"threesixty-preview-image\" src=\"https:\/\/geemarc.com\/fr\/wp-content\/uploads\/sites\/3\/2021\/02\/DSC_0001-copie.jpg\"\/><\/div>\r\n\t<div class=\"threesixty-spinner threesixty-spinner-8562_tLaG35\">\r\n\t\t<span>0%<\/span>\r\n\t<\/div>\r\n\t<ol class=\"threesixty-images threesixty-images-8562_tLaG35\"><\/ol>\r\n\t\t\t<a href=\"#threesixty-slider-8562_tLaG35\" class=\"threesixty-mfp-anchor\"><\/a>\r\n\t<\/div>\r\n<!--SPV--><script type=\"text\/javascript\">\/\/SPV\r\n(function($) {\r\n\t\t$('#threesixty-slider-8562_tLaG35 .threesixty-mfp-anchor').magnificPopup({\r\n\t\ttype:'inline',\r\n\t\tcloseOnBgClick: true,\r\n\t\tmidClick: true,\r\n\t\t\/\/removalDelay: 300,\r\n  \t\t\/\/mainClass: 'mfp-fade',\r\n\t\tcallbacks: {\r\n\t\t\t resize: function() {\r\n\t\t\t \tvar originalHeight \t= 690,\r\n\t\t\t \t\toriginalWidth \t= 800,\r\n\t\t\t \t\tmfpHeight \t\t= 690,\r\n\t\t\t \t\tmfpWidth \t\t= 800,\r\n\t\t\t \t\tratio \t\t\t= originalWidth \/ originalHeight,\r\n\t\t\t \t\twinHeight \t\t= $(window).height(),\r\n\t\t\t \t\twinWidth \t\t= $(window).width();\r\n\t\t\t \t\r\n\t\t\t \tif ( originalHeight > winHeight * 0.9 ) {\r\n\t\t\t \t\tmfpHeight \t\t= winHeight * 0.9;\r\n\t\t\t \t\tmfpWidth \t\t= mfpHeight * ratio;\r\n\t\t\t\t}\r\n\t\t\t\tif ( mfpWidth > winWidth * 0.9 ) {\r\n\t\t\t \t\tmfpWidth \t\t= winWidth * 0.9;\r\n\t\t\t \t\tmfpHeight \t\t= mfpWidth \/ ratio;\r\n\t\t\t\t}\r\n\t\t\t \tif ( mfpHeight < originalHeight && mfpWidth < originalWidth ) {\r\n\t\t\t\t    $('#threesixty-slider-8562_tLaG35').height(mfpHeight);\r\n\t\t\t\t    $('#threesixty-slider-8562_tLaG35').width(mfpWidth);\r\n\t\t\t\t} \r\n\t\t\t\telse {\r\n\t\t\t\t    $('#threesixty-slider-8562_tLaG35').height(originalHeight);\r\n\t\t\t\t    $('#threesixty-slider-8562_tLaG35').width(originalWidth);\r\n\t\t\t\t}\r\n\t\t\t},\r\n\t\t\tclose: function() {\r\n\t\t\t    $('#threesixty-slider-8562_tLaG35').height('auto');\r\n\t\t\t    $('#threesixty-slider-8562_tLaG35').width(800);\r\n\t\t\t}\r\n\t\t},\r\n\t\tcloseMarkup :\"<button class=\\\"mfp-close\\\"><\/button>\"\r\n\t});\r\n\t\tvar product_8562_tLaG35 = $('#threesixty-slider-8562_tLaG35').ThreeSixty({\r\n\t\ttotalFrames: 36,\r\n\t\tendFrame: 0,\r\n\t\tcurrentFrame: 36,\r\n\t\timgList: '.threesixty-images-8562_tLaG35',\r\n\t\tprogress: '.threesixty-spinner-8562_tLaG35',\r\n\t\tpreview: '.threesixty-preview-8562_tLaG35',\r\n\t\timages: ['https:\/\/geemarc.com\/fr\/wp-content\/uploads\/sites\/3\/2021\/02\/DSC_0036-copie.jpg','https:\/\/geemarc.com\/fr\/wp-content\/uploads\/sites\/3\/2021\/02\/DSC_0035-copie.jpg','https:\/\/geemarc.com\/fr\/wp-content\/uploads\/sites\/3\/2021\/02\/DSC_0034-copie.jpg','https:\/\/geemarc.com\/fr\/wp-content\/uploads\/sites\/3\/2021\/02\/DSC_0033-copie.jpg','https:\/\/geemarc.com\/fr\/wp-content\/uploads\/sites\/3\/2021\/02\/DSC_0032-copie.jpg','https:\/\/geemarc.com\/fr\/wp-content\/uploads\/sites\/3\/2021\/02\/DSC_0031-copie.jpg','https:\/\/geemarc.com\/fr\/wp-content\/uploads\/sites\/3\/2021\/02\/DSC_0030-copie.jpg','https:\/\/geemarc.com\/fr\/wp-content\/uploads\/sites\/3\/2021\/02\/DSC_0029-copie.jpg','https:\/\/geemarc.com\/fr\/wp-content\/uploads\/sites\/3\/2021\/02\/DSC_0028-copie.jpg','https:\/\/geemarc.com\/fr\/wp-content\/uploads\/sites\/3\/2021\/02\/DSC_0027-copie.jpg','https:\/\/geemarc.com\/fr\/wp-content\/uploads\/sites\/3\/2021\/02\/DSC_0026-copie.jpg','https:\/\/geemarc.com\/fr\/wp-content\/uploads\/sites\/3\/2021\/02\/DSC_0025-copie.jpg','https:\/\/geemarc.com\/fr\/wp-content\/uploads\/sites\/3\/2021\/02\/DSC_0024-copie.jpg','https:\/\/geemarc.com\/fr\/wp-content\/uploads\/sites\/3\/2021\/02\/DSC_0023-copie.jpg','https:\/\/geemarc.com\/fr\/wp-content\/uploads\/sites\/3\/2021\/02\/DSC_0022-copie.jpg','https:\/\/geemarc.com\/fr\/wp-content\/uploads\/sites\/3\/2021\/02\/DSC_0021-copie.jpg','https:\/\/geemarc.com\/fr\/wp-content\/uploads\/sites\/3\/2021\/02\/DSC_0020-copie.jpg','https:\/\/geemarc.com\/fr\/wp-content\/uploads\/sites\/3\/2021\/02\/DSC_0019-copie.jpg','https:\/\/geemarc.com\/fr\/wp-content\/uploads\/sites\/3\/2021\/02\/DSC_0018-copie.jpg','https:\/\/geemarc.com\/fr\/wp-content\/uploads\/sites\/3\/2021\/02\/DSC_0017-copie.jpg','https:\/\/geemarc.com\/fr\/wp-content\/uploads\/sites\/3\/2021\/02\/DSC_0016-copie.jpg','https:\/\/geemarc.com\/fr\/wp-content\/uploads\/sites\/3\/2021\/02\/DSC_0015-copie.jpg','https:\/\/geemarc.com\/fr\/wp-content\/uploads\/sites\/3\/2021\/02\/DSC_0014-copie.jpg','https:\/\/geemarc.com\/fr\/wp-content\/uploads\/sites\/3\/2021\/02\/DSC_0013-copie.jpg','https:\/\/geemarc.com\/fr\/wp-content\/uploads\/sites\/3\/2021\/02\/DSC_0012-copie.jpg','https:\/\/geemarc.com\/fr\/wp-content\/uploads\/sites\/3\/2021\/02\/DSC_0011-copie.jpg','https:\/\/geemarc.com\/fr\/wp-content\/uploads\/sites\/3\/2021\/02\/DSC_0010-copie.jpg','https:\/\/geemarc.com\/fr\/wp-content\/uploads\/sites\/3\/2021\/02\/DSC_0009-copie.jpg','https:\/\/geemarc.com\/fr\/wp-content\/uploads\/sites\/3\/2021\/02\/DSC_0008-copie.jpg','https:\/\/geemarc.com\/fr\/wp-content\/uploads\/sites\/3\/2021\/02\/DSC_0007-copie.jpg','https:\/\/geemarc.com\/fr\/wp-content\/uploads\/sites\/3\/2021\/02\/DSC_0006-copie.jpg','https:\/\/geemarc.com\/fr\/wp-content\/uploads\/sites\/3\/2021\/02\/DSC_0005-copie.jpg','https:\/\/geemarc.com\/fr\/wp-content\/uploads\/sites\/3\/2021\/02\/DSC_0004-copie.jpg','https:\/\/geemarc.com\/fr\/wp-content\/uploads\/sites\/3\/2021\/02\/DSC_0003-copie.jpg','https:\/\/geemarc.com\/fr\/wp-content\/uploads\/sites\/3\/2021\/02\/DSC_0002-copie.jpg','https:\/\/geemarc.com\/fr\/wp-content\/uploads\/sites\/3\/2021\/02\/DSC_0001-copie.jpg'],\r\n\t\theight: 0,\r\n\t\twidth: 800,\r\n\t\tnavigation: true,\r\n\t\tdrag: true,\r\n\t\tshowCursor: true,\r\n\t\tinterval: 120,\r\n\t\tspeedMultiplier: 3,\r\n\t\t\t\tstartAutoplay: true,\r\n\t\t\t\tonReady: function() {\r\n\t\t\t$(\"#threesixty-slider-8562_tLaG35\").removeClass('threesixty-loading');\r\n\t\t\t\t\t\tproduct_8562_tLaG35.play();\r\n\t\t\t\t\t\t\t\t}\r\n\t\t\t});\r\n\t\t\t}(jQuery));\r\n<\/script><\/div>\n","protected":false},"excerpt":{"rendered":"<p>T\u00e9l\u00e9phone amplifi\u00e9 num\u00e9rique sans fil avec m\u00e9moires photo en version DUO<\/p>\n","protected":false},"featured_media":4169,"template":"","meta":[],"product_cat":[130],"product_tag":[],"yoast_head":"<!-- This site is optimized with the Yoast SEO plugin v16.9 - https:\/\/yoast.com\/wordpress\/plugins\/seo\/ -->\n<title>AMPLIDECT595-2 PHOTO - Geemarc France<\/title>\n<meta name=\"robots\" content=\"index, follow, max-snippet:-1, max-image-preview:large, max-video-preview:-1\" \/>\n<link rel=\"canonical\" href=\"https:\/\/geemarc.com\/fr\/product\/amplidect595-2-photo\/\" \/>\n<meta property=\"og:locale\" content=\"fr_FR\" \/>\n<meta property=\"og:type\" content=\"article\" \/>\n<meta property=\"og:title\" content=\"AMPLIDECT595-2 PHOTO - Geemarc France\" \/>\n<meta property=\"og:description\" content=\"T\u00e9l\u00e9phone amplifi\u00e9 num\u00e9rique sans fil avec m\u00e9moires photo en version DUO\" \/>\n<meta property=\"og:url\" content=\"https:\/\/geemarc.com\/fr\/product\/amplidect595-2-photo\/\" \/>\n<meta property=\"og:site_name\" content=\"Geemarc France\" \/>\n<meta property=\"article:modified_time\" content=\"2025-11-14T14:22:21+00:00\" \/>\n<meta property=\"og:image\" content=\"https:\/\/geemarc.com\/fr\/wp-content\/uploads\/sites\/3\/2018\/06\/AMPLIDECT595Photo_DUO_no-shadow-scaled.jpg\" \/>\n\t<meta property=\"og:image:width\" content=\"2693\" \/>\n\t<meta property=\"og:image:height\" content=\"2717\" \/>\n<meta name=\"twitter:card\" content=\"summary_large_image\" \/>\n<meta name=\"twitter:label1\" content=\"Dur\u00e9e de lecture est.\" \/>\n\t<meta name=\"twitter:data1\" content=\"2 minutes\" \/>\n<script type=\"application\/ld+json\" class=\"yoast-schema-graph\">{\"@context\":\"https:\/\/schema.org\",\"@graph\":[{\"@type\":\"WebSite\",\"@id\":\"https:\/\/geemarc.com\/fr\/#website\",\"url\":\"https:\/\/geemarc.com\/fr\/\",\"name\":\"Geemarc France\",\"description\":\"\",\"potentialAction\":[{\"@type\":\"SearchAction\",\"target\":{\"@type\":\"EntryPoint\",\"urlTemplate\":\"https:\/\/geemarc.com\/fr\/?s={search_term_string}\"},\"query-input\":\"required name=search_term_string\"}],\"inLanguage\":\"fr-FR\"},{\"@type\":\"ImageObject\",\"@id\":\"https:\/\/geemarc.com\/fr\/product\/amplidect595-2-photo\/#primaryimage\",\"inLanguage\":\"fr-FR\",\"url\":\"https:\/\/geemarc.com\/fr\/wp-content\/uploads\/sites\/3\/2018\/06\/AMPLIDECT595Photo_DUO_no-shadow-scaled.jpg\",\"contentUrl\":\"https:\/\/geemarc.com\/fr\/wp-content\/uploads\/sites\/3\/2018\/06\/AMPLIDECT595Photo_DUO_no-shadow-scaled.jpg\",\"width\":2693,\"height\":2717},{\"@type\":\"WebPage\",\"@id\":\"https:\/\/geemarc.com\/fr\/product\/amplidect595-2-photo\/#webpage\",\"url\":\"https:\/\/geemarc.com\/fr\/product\/amplidect595-2-photo\/\",\"name\":\"AMPLIDECT595-2 PHOTO - Geemarc France\",\"isPartOf\":{\"@id\":\"https:\/\/geemarc.com\/fr\/#website\"},\"primaryImageOfPage\":{\"@id\":\"https:\/\/geemarc.com\/fr\/product\/amplidect595-2-photo\/#primaryimage\"},\"datePublished\":\"2018-06-07T09:52:00+00:00\",\"dateModified\":\"2025-11-14T14:22:21+00:00\",\"breadcrumb\":{\"@id\":\"https:\/\/geemarc.com\/fr\/product\/amplidect595-2-photo\/#breadcrumb\"},\"inLanguage\":\"fr-FR\",\"potentialAction\":[{\"@type\":\"ReadAction\",\"target\":[\"https:\/\/geemarc.com\/fr\/product\/amplidect595-2-photo\/\"]}]},{\"@type\":\"BreadcrumbList\",\"@id\":\"https:\/\/geemarc.com\/fr\/product\/amplidect595-2-photo\/#breadcrumb\",\"itemListElement\":[{\"@type\":\"ListItem\",\"position\":1,\"name\":\"Home\",\"item\":\"https:\/\/geemarc.com\/fr\/\"},{\"@type\":\"ListItem\",\"position\":2,\"name\":\"Shop\",\"item\":\"https:\/\/geemarc.com\/fr\/shop\/\"},{\"@type\":\"ListItem\",\"position\":3,\"name\":\"AMPLIDECT595-2 PHOTO\"}]}]}<\/script>\n<!-- \/ Yoast SEO plugin. -->","yoast_head_json":{"title":"AMPLIDECT595-2 PHOTO - Geemarc France","robots":{"index":"index","follow":"follow","max-snippet":"max-snippet:-1","max-image-preview":"max-image-preview:large","max-video-preview":"max-video-preview:-1"},"canonical":"https:\/\/geemarc.com\/fr\/product\/amplidect595-2-photo\/","og_locale":"fr_FR","og_type":"article","og_title":"AMPLIDECT595-2 PHOTO - Geemarc France","og_description":"T\u00e9l\u00e9phone amplifi\u00e9 num\u00e9rique sans fil avec m\u00e9moires photo en version DUO","og_url":"https:\/\/geemarc.com\/fr\/product\/amplidect595-2-photo\/","og_site_name":"Geemarc France","article_modified_time":"2025-11-14T14:22:21+00:00","og_image":[{"width":2693,"height":2717,"url":"https:\/\/geemarc.com\/fr\/wp-content\/uploads\/sites\/3\/2018\/06\/AMPLIDECT595Photo_DUO_no-shadow-scaled.jpg","path":"\/home\/g\/e\/geemarcwp\/public_html\/wp-content\/uploads\/sites\/3\/2018\/06\/AMPLIDECT595Photo_DUO_no-shadow-scaled.jpg","size":"full","id":4169,"alt":"","pixels":7316881,"type":"image\/jpeg"}],"twitter_card":"summary_large_image","twitter_misc":{"Dur\u00e9e de lecture est.":"2 minutes"},"schema":{"@context":"https:\/\/schema.org","@graph":[{"@type":"WebSite","@id":"https:\/\/geemarc.com\/fr\/#website","url":"https:\/\/geemarc.com\/fr\/","name":"Geemarc France","description":"","potentialAction":[{"@type":"SearchAction","target":{"@type":"EntryPoint","urlTemplate":"https:\/\/geemarc.com\/fr\/?s={search_term_string}"},"query-input":"required name=search_term_string"}],"inLanguage":"fr-FR"},{"@type":"ImageObject","@id":"https:\/\/geemarc.com\/fr\/product\/amplidect595-2-photo\/#primaryimage","inLanguage":"fr-FR","url":"https:\/\/geemarc.com\/fr\/wp-content\/uploads\/sites\/3\/2018\/06\/AMPLIDECT595Photo_DUO_no-shadow-scaled.jpg","contentUrl":"https:\/\/geemarc.com\/fr\/wp-content\/uploads\/sites\/3\/2018\/06\/AMPLIDECT595Photo_DUO_no-shadow-scaled.jpg","width":2693,"height":2717},{"@type":"WebPage","@id":"https:\/\/geemarc.com\/fr\/product\/amplidect595-2-photo\/#webpage","url":"https:\/\/geemarc.com\/fr\/product\/amplidect595-2-photo\/","name":"AMPLIDECT595-2 PHOTO - Geemarc France","isPartOf":{"@id":"https:\/\/geemarc.com\/fr\/#website"},"primaryImageOfPage":{"@id":"https:\/\/geemarc.com\/fr\/product\/amplidect595-2-photo\/#primaryimage"},"datePublished":"2018-06-07T09:52:00+00:00","dateModified":"2025-11-14T14:22:21+00:00","breadcrumb":{"@id":"https:\/\/geemarc.com\/fr\/product\/amplidect595-2-photo\/#breadcrumb"},"inLanguage":"fr-FR","potentialAction":[{"@type":"ReadAction","target":["https:\/\/geemarc.com\/fr\/product\/amplidect595-2-photo\/"]}]},{"@type":"BreadcrumbList","@id":"https:\/\/geemarc.com\/fr\/product\/amplidect595-2-photo\/#breadcrumb","itemListElement":[{"@type":"ListItem","position":1,"name":"Home","item":"https:\/\/geemarc.com\/fr\/"},{"@type":"ListItem","position":2,"name":"Shop","item":"https:\/\/geemarc.com\/fr\/shop\/"},{"@type":"ListItem","position":3,"name":"AMPLIDECT595-2 PHOTO"}]}]}},"acf":[],"_links":{"self":[{"href":"https:\/\/geemarc.com\/fr\/wp-json\/wp\/v2\/product\/4163"}],"collection":[{"href":"https:\/\/geemarc.com\/fr\/wp-json\/wp\/v2\/product"}],"about":[{"href":"https:\/\/geemarc.com\/fr\/wp-json\/wp\/v2\/types\/product"}],"wp:featuredmedia":[{"embeddable":true,"href":"https:\/\/geemarc.com\/fr\/wp-json\/wp\/v2\/media\/4169"}],"wp:attachment":[{"href":"https:\/\/geemarc.com\/fr\/wp-json\/wp\/v2\/media?parent=4163"}],"wp:term":[{"taxonomy":"product_cat","embeddable":true,"href":"https:\/\/geemarc.com\/fr\/wp-json\/wp\/v2\/product_cat?post=4163"},{"taxonomy":"product_tag","embeddable":true,"href":"https:\/\/geemarc.com\/fr\/wp-json\/wp\/v2\/product_tag?post=4163"}],"curies":[{"name":"wp","href":"https:\/\/api.w.org\/{rel}","templated":true}]}}