{"id":4249,"date":"2018-06-08T06:57:50","date_gmt":"2018-06-08T06:57:50","guid":{"rendered":"http:\/\/geemarc.com\/fr\/?post_type=product&#038;p=4249"},"modified":"2026-01-20T08:37:05","modified_gmt":"2026-01-20T08:37:05","slug":"amplidect-combi-photo-295","status":"publish","type":"product","link":"https:\/\/geemarc.com\/fr\/product\/amplidect-combi-photo-295\/","title":{"rendered":"AMPLIDECT COMBI-PHOTO 295"},"content":{"rendered":"<p><strong>AMPLIDECT COMBI 295<\/strong><\/p>\n<p><strong><span lang=\"FR\">Caract\u00e9ristiques:<\/span><\/strong><\/p>\n<ul>\n<li>Compatible appareil auditif<\/li>\n<li>R\u00e9glage du volume de r\u00e9ception jusqu\u2019\u00e0 <strong>30dB<\/strong><\/li>\n<li>Sonneries puissantes : jusqu\u2019\u00e0 75dB sur le combin\u00e9 et 80dB sur la base<\/li>\n<li>4 m\u00e9moires directes sur la base dont 3 \u00e0 personnaliser avec des photos<\/li>\n<li>Mains libres<\/li>\n<li>Rappel des 10 derniers num\u00e9ros<\/li>\n<li>R\u00e9pertoire 50 num\u00e9ros<\/li>\n<li>Fonction Pause \/ Secret<\/li>\n<li>Clavier<\/li>\n<li>S\u00e9lection entre 7 langues sur le combin\u00e9 : Anglais, Fran\u00e7ais, Allemand, N\u00e9erlandais, Italien, Espagnol et Russe<\/li>\n<li>S\u00e9lection entre 6 langues sur la base : Anglais, Fran\u00e7ais, Allemand, Italien, Espagnol et Russe<\/li>\n<li>Menu navigation<\/li>\n<li>Horodatage<\/li>\n<li>Fonction Alarme<\/li>\n<li>IDENTIFICATION D\u2019APPEL *<\/li>\n<\/ul>\n<p>&nbsp;<\/p>\n<p><strong>PHOTODECT295<\/strong><\/p>\n<p><strong>Caract\u00e9ristiques:<\/strong><\/p>\n<ul>\n<li>Compatible avec tout appareil auditif (HAC)<\/li>\n<li>R\u00e9glage du volume de r\u00e9ception jusqu\u2019\u00e0 30dB<\/li>\n<li>Sonneries puissantes : jusqu\u2019\u00e0 75dB sur le combin\u00e9<\/li>\n<li>4 m\u00e9moires \u00ab photo \u00bb personnalisables :\u00a03 x 2 cm<\/li>\n<li>T\u00e9l\u00e9phone DECT<\/li>\n<li>M\u00e9moire permanente<\/li>\n<li>1 batterie rechargeable type ni-Mh 2.4V 500mA (incluse)<\/li>\n<li>Base de rechargement (incluse)<\/li>\n<li>Autonomie en veille : 2 jours<\/li>\n<li>Autonomie en conversation : 8 heures<\/li>\n<li>Port\u00e9e \u00e0 l\u2019ext\u00e9rieur : 300m<\/li>\n<li>Port\u00e9e \u00e0 l\u2019int\u00e9rieur : 50m<\/li>\n<li>Programmation des touches \u00e0 l\u2019aide de l&#8217;AmpliDect Combi 295<\/li>\n<\/ul>\n<p><strong>COMBINES ADDITIONNELS:<\/strong><\/p>\n<ul>\n<li>\u00a0AmpliDect295 AD<\/li>\n<li>\u00a0PhotoDect295<\/li>\n<\/ul>\n<div class=\"success p-tmpl-wrap primary-background\">\n<p><img class=\"p1\" src=\"http:\/\/geemarc.com\/uk\/wp-content\/uploads\/sites\/2\/2019\/04\/Photo-template-Urgence.png\" \/><img class=\"p2\" src=\"http:\/\/geemarc.com\/uk\/wp-content\/uploads\/sites\/2\/2019\/04\/Photo-template-portrait.png\" \/><span class=\"h3 bold\" data-wahfont=\"20\">IMPRESSION DE VOS PHOTOS<\/span><span class=\"h3\" data-wahfont=\"20\">Nouveaut\u00e9s et exclusivit\u00e9 Geemarc Telecom<\/span><\/p>\n<div style=\"margin: 10px 0 15px;line-height: 17px\">Un mod\u00e8le facile \u00e0 utiliser pour t\u00e9l\u00e9charger vos images et les imprimer pour les boutons des photophones.<br \/>\nCliquez sur le bouton ci-dessous.<\/div>\n<div class=\"table-cell button-right\" style=\"margin-top: 10px\"><a class=\"button filled\" href=\"http:\/\/geemarc.com\/p_editor\/Amplidectcombiphoto295\/f\/editor\/\" data-wahfont=\"12\">Mod\u00e8le de photos<\/a><\/div>\n<\/div>\n<div><\/div>\n<div><\/div>\n<div><div id=\"threesixty-slider-8093_IPZToZ\" class=\"threesixty-loading threesixty-image threesixty-dark-blue threesixty-vintage threesixty-no-border\" style=\"width: 600px;\">\r\n\t<div class=\"threesixty-preview-8093_IPZToZ\"><img class=\"threesixty-preview-image\" src=\"https:\/\/geemarc.com\/fr\/wp-content\/uploads\/sites\/3\/2020\/11\/DSC_1206-copie.jpg\"\/><\/div>\r\n\t<div class=\"threesixty-spinner threesixty-spinner-8093_IPZToZ\">\r\n\t\t<span>0%<\/span>\r\n\t<\/div>\r\n\t<ol class=\"threesixty-images threesixty-images-8093_IPZToZ\"><\/ol>\r\n\t\t\t<a href=\"#threesixty-slider-8093_IPZToZ\" class=\"threesixty-mfp-anchor\"><\/a>\r\n\t<\/div>\r\n<!--SPV--><script type=\"text\/javascript\">\/\/SPV\r\n(function($) {\r\n\t\t$('#threesixty-slider-8093_IPZToZ .threesixty-mfp-anchor').magnificPopup({\r\n\t\ttype:'inline',\r\n\t\tcloseOnBgClick: true,\r\n\t\tmidClick: true,\r\n\t\t\/\/removalDelay: 300,\r\n  \t\t\/\/mainClass: 'mfp-fade',\r\n\t\tcallbacks: {\r\n\t\t\t resize: function() {\r\n\t\t\t \tvar originalHeight \t= 467,\r\n\t\t\t \t\toriginalWidth \t= 600,\r\n\t\t\t \t\tmfpHeight \t\t= 467,\r\n\t\t\t \t\tmfpWidth \t\t= 600,\r\n\t\t\t \t\tratio \t\t\t= originalWidth \/ originalHeight,\r\n\t\t\t \t\twinHeight \t\t= $(window).height(),\r\n\t\t\t \t\twinWidth \t\t= $(window).width();\r\n\t\t\t \t\r\n\t\t\t \tif ( originalHeight > winHeight * 0.9 ) {\r\n\t\t\t \t\tmfpHeight \t\t= winHeight * 0.9;\r\n\t\t\t \t\tmfpWidth \t\t= mfpHeight * ratio;\r\n\t\t\t\t}\r\n\t\t\t\tif ( mfpWidth > winWidth * 0.9 ) {\r\n\t\t\t \t\tmfpWidth \t\t= winWidth * 0.9;\r\n\t\t\t \t\tmfpHeight \t\t= mfpWidth \/ ratio;\r\n\t\t\t\t}\r\n\t\t\t \tif ( mfpHeight < originalHeight && mfpWidth < originalWidth ) {\r\n\t\t\t\t    $('#threesixty-slider-8093_IPZToZ').height(mfpHeight);\r\n\t\t\t\t    $('#threesixty-slider-8093_IPZToZ').width(mfpWidth);\r\n\t\t\t\t} \r\n\t\t\t\telse {\r\n\t\t\t\t    $('#threesixty-slider-8093_IPZToZ').height(originalHeight);\r\n\t\t\t\t    $('#threesixty-slider-8093_IPZToZ').width(originalWidth);\r\n\t\t\t\t}\r\n\t\t\t},\r\n\t\t\tclose: function() {\r\n\t\t\t    $('#threesixty-slider-8093_IPZToZ').height('auto');\r\n\t\t\t    $('#threesixty-slider-8093_IPZToZ').width(600);\r\n\t\t\t}\r\n\t\t},\r\n\t\tcloseMarkup :\"<button class=\\\"mfp-close\\\"><\/button>\"\r\n\t});\r\n\t\tvar product_8093_IPZToZ = $('#threesixty-slider-8093_IPZToZ').ThreeSixty({\r\n\t\ttotalFrames: 36,\r\n\t\tendFrame: 0,\r\n\t\tcurrentFrame: 36,\r\n\t\timgList: '.threesixty-images-8093_IPZToZ',\r\n\t\tprogress: '.threesixty-spinner-8093_IPZToZ',\r\n\t\tpreview: '.threesixty-preview-8093_IPZToZ',\r\n\t\timages: ['https:\/\/geemarc.com\/fr\/wp-content\/uploads\/sites\/3\/2020\/11\/DSC_1241-copie.jpg','https:\/\/geemarc.com\/fr\/wp-content\/uploads\/sites\/3\/2020\/11\/DSC_1240-copie.jpg','https:\/\/geemarc.com\/fr\/wp-content\/uploads\/sites\/3\/2020\/11\/DSC_1239-copie.jpg','https:\/\/geemarc.com\/fr\/wp-content\/uploads\/sites\/3\/2020\/11\/DSC_1238-copie.jpg','https:\/\/geemarc.com\/fr\/wp-content\/uploads\/sites\/3\/2020\/11\/DSC_1237-copie.jpg','https:\/\/geemarc.com\/fr\/wp-content\/uploads\/sites\/3\/2020\/11\/DSC_1236-copie.jpg','https:\/\/geemarc.com\/fr\/wp-content\/uploads\/sites\/3\/2020\/11\/DSC_1235-copie.jpg','https:\/\/geemarc.com\/fr\/wp-content\/uploads\/sites\/3\/2020\/11\/DSC_1234-copie.jpg','https:\/\/geemarc.com\/fr\/wp-content\/uploads\/sites\/3\/2020\/11\/DSC_1233-copie.jpg','https:\/\/geemarc.com\/fr\/wp-content\/uploads\/sites\/3\/2020\/11\/DSC_1232-copie.jpg','https:\/\/geemarc.com\/fr\/wp-content\/uploads\/sites\/3\/2020\/11\/DSC_1231-copie.jpg','https:\/\/geemarc.com\/fr\/wp-content\/uploads\/sites\/3\/2020\/11\/DSC_1230-copie.jpg','https:\/\/geemarc.com\/fr\/wp-content\/uploads\/sites\/3\/2020\/11\/DSC_1229-copie.jpg','https:\/\/geemarc.com\/fr\/wp-content\/uploads\/sites\/3\/2020\/11\/DSC_1228-copie.jpg','https:\/\/geemarc.com\/fr\/wp-content\/uploads\/sites\/3\/2020\/11\/DSC_1227-copie.jpg','https:\/\/geemarc.com\/fr\/wp-content\/uploads\/sites\/3\/2020\/11\/DSC_1226-copie.jpg','https:\/\/geemarc.com\/fr\/wp-content\/uploads\/sites\/3\/2020\/11\/DSC_1225-copie.jpg','https:\/\/geemarc.com\/fr\/wp-content\/uploads\/sites\/3\/2020\/11\/DSC_1224-copie.jpg','https:\/\/geemarc.com\/fr\/wp-content\/uploads\/sites\/3\/2020\/11\/DSC_1223-copie.jpg','https:\/\/geemarc.com\/fr\/wp-content\/uploads\/sites\/3\/2020\/11\/DSC_1222-copie.jpg','https:\/\/geemarc.com\/fr\/wp-content\/uploads\/sites\/3\/2020\/11\/DSC_1221-copie.jpg','https:\/\/geemarc.com\/fr\/wp-content\/uploads\/sites\/3\/2020\/11\/DSC_1220-copie.jpg','https:\/\/geemarc.com\/fr\/wp-content\/uploads\/sites\/3\/2020\/11\/DSC_1219-copie.jpg','https:\/\/geemarc.com\/fr\/wp-content\/uploads\/sites\/3\/2020\/11\/DSC_1218-copie.jpg','https:\/\/geemarc.com\/fr\/wp-content\/uploads\/sites\/3\/2020\/11\/DSC_1217-copie.jpg','https:\/\/geemarc.com\/fr\/wp-content\/uploads\/sites\/3\/2020\/11\/DSC_1216-copie.jpg','https:\/\/geemarc.com\/fr\/wp-content\/uploads\/sites\/3\/2020\/11\/DSC_1215-copie.jpg','https:\/\/geemarc.com\/fr\/wp-content\/uploads\/sites\/3\/2020\/11\/DSC_1214-copie.jpg','https:\/\/geemarc.com\/fr\/wp-content\/uploads\/sites\/3\/2020\/11\/DSC_1213-copie.jpg','https:\/\/geemarc.com\/fr\/wp-content\/uploads\/sites\/3\/2020\/11\/DSC_1212-copie.jpg','https:\/\/geemarc.com\/fr\/wp-content\/uploads\/sites\/3\/2020\/11\/DSC_1211-copie.jpg','https:\/\/geemarc.com\/fr\/wp-content\/uploads\/sites\/3\/2020\/11\/DSC_1210-copie.jpg','https:\/\/geemarc.com\/fr\/wp-content\/uploads\/sites\/3\/2020\/11\/DSC_1209-copie.jpg','https:\/\/geemarc.com\/fr\/wp-content\/uploads\/sites\/3\/2020\/11\/DSC_1208-copie.jpg','https:\/\/geemarc.com\/fr\/wp-content\/uploads\/sites\/3\/2020\/11\/DSC_1207-copie.jpg','https:\/\/geemarc.com\/fr\/wp-content\/uploads\/sites\/3\/2020\/11\/DSC_1206-copie.jpg'],\r\n\t\theight: 0,\r\n\t\twidth: 600,\r\n\t\tnavigation: true,\r\n\t\tdrag: true,\r\n\t\tshowCursor: true,\r\n\t\tinterval: 120,\r\n\t\tspeedMultiplier: 3,\r\n\t\t\t\tstartAutoplay: true,\r\n\t\t\t\tonReady: function() {\r\n\t\t\t$(\"#threesixty-slider-8093_IPZToZ\").removeClass('threesixty-loading');\r\n\t\t\t\t\t\tproduct_8093_IPZToZ.play();\r\n\t\t\t\t\t\t\t\t}\r\n\t\t\t});\r\n\t\t\t}(jQuery));\r\n<\/script><\/div>\n","protected":false},"excerpt":{"rendered":"<p>T\u00e9l\u00e9phone filaire avec combin\u00e9 sans fil, r\u00e9pondeur int\u00e9gr\u00e9 et touches larges avec photos<\/p>\n","protected":false},"featured_media":4254,"template":"","meta":[],"product_cat":[131],"product_tag":[],"yoast_head":"<!-- This site is optimized with the Yoast SEO plugin v16.9 - https:\/\/yoast.com\/wordpress\/plugins\/seo\/ -->\n<title>AMPLIDECT COMBI-PHOTO 295 - Geemarc France<\/title>\n<meta name=\"robots\" content=\"index, follow, max-snippet:-1, max-image-preview:large, max-video-preview:-1\" \/>\n<link rel=\"canonical\" href=\"https:\/\/geemarc.com\/fr\/product\/amplidect-combi-photo-295\/\" \/>\n<meta property=\"og:locale\" content=\"fr_FR\" \/>\n<meta property=\"og:type\" content=\"article\" \/>\n<meta property=\"og:title\" content=\"AMPLIDECT COMBI-PHOTO 295 - Geemarc France\" \/>\n<meta property=\"og:description\" content=\"T\u00e9l\u00e9phone filaire avec combin\u00e9 sans fil, r\u00e9pondeur int\u00e9gr\u00e9 et touches larges avec photos\" \/>\n<meta property=\"og:url\" content=\"https:\/\/geemarc.com\/fr\/product\/amplidect-combi-photo-295\/\" \/>\n<meta property=\"og:site_name\" content=\"Geemarc France\" \/>\n<meta property=\"article:modified_time\" content=\"2026-01-20T08:37:05+00:00\" \/>\n<meta property=\"og:image\" content=\"https:\/\/geemarc.com\/fr\/wp-content\/uploads\/sites\/3\/2018\/06\/AMPLIDECTCOMBI295BS-PhotoDect295-scaled.jpg\" \/>\n\t<meta property=\"og:image:width\" content=\"2717\" \/>\n\t<meta property=\"og:image:height\" content=\"1772\" \/>\n<meta name=\"twitter:card\" content=\"summary_large_image\" \/>\n<meta name=\"twitter:label1\" content=\"Dur\u00e9e de lecture est.\" \/>\n\t<meta name=\"twitter:data1\" content=\"1 minute\" \/>\n<script type=\"application\/ld+json\" class=\"yoast-schema-graph\">{\"@context\":\"https:\/\/schema.org\",\"@graph\":[{\"@type\":\"WebSite\",\"@id\":\"https:\/\/geemarc.com\/fr\/#website\",\"url\":\"https:\/\/geemarc.com\/fr\/\",\"name\":\"Geemarc France\",\"description\":\"\",\"potentialAction\":[{\"@type\":\"SearchAction\",\"target\":{\"@type\":\"EntryPoint\",\"urlTemplate\":\"https:\/\/geemarc.com\/fr\/?s={search_term_string}\"},\"query-input\":\"required name=search_term_string\"}],\"inLanguage\":\"fr-FR\"},{\"@type\":\"ImageObject\",\"@id\":\"https:\/\/geemarc.com\/fr\/product\/amplidect-combi-photo-295\/#primaryimage\",\"inLanguage\":\"fr-FR\",\"url\":\"https:\/\/geemarc.com\/fr\/wp-content\/uploads\/sites\/3\/2018\/06\/AMPLIDECTCOMBI295BS-PhotoDect295-scaled.jpg\",\"contentUrl\":\"https:\/\/geemarc.com\/fr\/wp-content\/uploads\/sites\/3\/2018\/06\/AMPLIDECTCOMBI295BS-PhotoDect295-scaled.jpg\",\"width\":2717,\"height\":1772},{\"@type\":\"WebPage\",\"@id\":\"https:\/\/geemarc.com\/fr\/product\/amplidect-combi-photo-295\/#webpage\",\"url\":\"https:\/\/geemarc.com\/fr\/product\/amplidect-combi-photo-295\/\",\"name\":\"AMPLIDECT COMBI-PHOTO 295 - Geemarc France\",\"isPartOf\":{\"@id\":\"https:\/\/geemarc.com\/fr\/#website\"},\"primaryImageOfPage\":{\"@id\":\"https:\/\/geemarc.com\/fr\/product\/amplidect-combi-photo-295\/#primaryimage\"},\"datePublished\":\"2018-06-08T06:57:50+00:00\",\"dateModified\":\"2026-01-20T08:37:05+00:00\",\"breadcrumb\":{\"@id\":\"https:\/\/geemarc.com\/fr\/product\/amplidect-combi-photo-295\/#breadcrumb\"},\"inLanguage\":\"fr-FR\",\"potentialAction\":[{\"@type\":\"ReadAction\",\"target\":[\"https:\/\/geemarc.com\/fr\/product\/amplidect-combi-photo-295\/\"]}]},{\"@type\":\"BreadcrumbList\",\"@id\":\"https:\/\/geemarc.com\/fr\/product\/amplidect-combi-photo-295\/#breadcrumb\",\"itemListElement\":[{\"@type\":\"ListItem\",\"position\":1,\"name\":\"Home\",\"item\":\"https:\/\/geemarc.com\/fr\/\"},{\"@type\":\"ListItem\",\"position\":2,\"name\":\"Shop\",\"item\":\"https:\/\/geemarc.com\/fr\/shop\/\"},{\"@type\":\"ListItem\",\"position\":3,\"name\":\"AMPLIDECT COMBI-PHOTO 295\"}]}]}<\/script>\n<!-- \/ Yoast SEO plugin. -->","yoast_head_json":{"title":"AMPLIDECT COMBI-PHOTO 295 - Geemarc France","robots":{"index":"index","follow":"follow","max-snippet":"max-snippet:-1","max-image-preview":"max-image-preview:large","max-video-preview":"max-video-preview:-1"},"canonical":"https:\/\/geemarc.com\/fr\/product\/amplidect-combi-photo-295\/","og_locale":"fr_FR","og_type":"article","og_title":"AMPLIDECT COMBI-PHOTO 295 - Geemarc France","og_description":"T\u00e9l\u00e9phone filaire avec combin\u00e9 sans fil, r\u00e9pondeur int\u00e9gr\u00e9 et touches larges avec photos","og_url":"https:\/\/geemarc.com\/fr\/product\/amplidect-combi-photo-295\/","og_site_name":"Geemarc France","article_modified_time":"2026-01-20T08:37:05+00:00","og_image":[{"width":2717,"height":1772,"url":"https:\/\/geemarc.com\/fr\/wp-content\/uploads\/sites\/3\/2018\/06\/AMPLIDECTCOMBI295BS-PhotoDect295-scaled.jpg","path":"\/home\/g\/e\/geemarcwp\/public_html\/wp-content\/uploads\/sites\/3\/2018\/06\/AMPLIDECTCOMBI295BS-PhotoDect295-scaled.jpg","size":"full","id":4254,"alt":"","pixels":4814524,"type":"image\/jpeg"}],"twitter_card":"summary_large_image","twitter_misc":{"Dur\u00e9e de lecture est.":"1 minute"},"schema":{"@context":"https:\/\/schema.org","@graph":[{"@type":"WebSite","@id":"https:\/\/geemarc.com\/fr\/#website","url":"https:\/\/geemarc.com\/fr\/","name":"Geemarc France","description":"","potentialAction":[{"@type":"SearchAction","target":{"@type":"EntryPoint","urlTemplate":"https:\/\/geemarc.com\/fr\/?s={search_term_string}"},"query-input":"required name=search_term_string"}],"inLanguage":"fr-FR"},{"@type":"ImageObject","@id":"https:\/\/geemarc.com\/fr\/product\/amplidect-combi-photo-295\/#primaryimage","inLanguage":"fr-FR","url":"https:\/\/geemarc.com\/fr\/wp-content\/uploads\/sites\/3\/2018\/06\/AMPLIDECTCOMBI295BS-PhotoDect295-scaled.jpg","contentUrl":"https:\/\/geemarc.com\/fr\/wp-content\/uploads\/sites\/3\/2018\/06\/AMPLIDECTCOMBI295BS-PhotoDect295-scaled.jpg","width":2717,"height":1772},{"@type":"WebPage","@id":"https:\/\/geemarc.com\/fr\/product\/amplidect-combi-photo-295\/#webpage","url":"https:\/\/geemarc.com\/fr\/product\/amplidect-combi-photo-295\/","name":"AMPLIDECT COMBI-PHOTO 295 - Geemarc France","isPartOf":{"@id":"https:\/\/geemarc.com\/fr\/#website"},"primaryImageOfPage":{"@id":"https:\/\/geemarc.com\/fr\/product\/amplidect-combi-photo-295\/#primaryimage"},"datePublished":"2018-06-08T06:57:50+00:00","dateModified":"2026-01-20T08:37:05+00:00","breadcrumb":{"@id":"https:\/\/geemarc.com\/fr\/product\/amplidect-combi-photo-295\/#breadcrumb"},"inLanguage":"fr-FR","potentialAction":[{"@type":"ReadAction","target":["https:\/\/geemarc.com\/fr\/product\/amplidect-combi-photo-295\/"]}]},{"@type":"BreadcrumbList","@id":"https:\/\/geemarc.com\/fr\/product\/amplidect-combi-photo-295\/#breadcrumb","itemListElement":[{"@type":"ListItem","position":1,"name":"Home","item":"https:\/\/geemarc.com\/fr\/"},{"@type":"ListItem","position":2,"name":"Shop","item":"https:\/\/geemarc.com\/fr\/shop\/"},{"@type":"ListItem","position":3,"name":"AMPLIDECT COMBI-PHOTO 295"}]}]}},"acf":[],"_links":{"self":[{"href":"https:\/\/geemarc.com\/fr\/wp-json\/wp\/v2\/product\/4249"}],"collection":[{"href":"https:\/\/geemarc.com\/fr\/wp-json\/wp\/v2\/product"}],"about":[{"href":"https:\/\/geemarc.com\/fr\/wp-json\/wp\/v2\/types\/product"}],"wp:featuredmedia":[{"embeddable":true,"href":"https:\/\/geemarc.com\/fr\/wp-json\/wp\/v2\/media\/4254"}],"wp:attachment":[{"href":"https:\/\/geemarc.com\/fr\/wp-json\/wp\/v2\/media?parent=4249"}],"wp:term":[{"taxonomy":"product_cat","embeddable":true,"href":"https:\/\/geemarc.com\/fr\/wp-json\/wp\/v2\/product_cat?post=4249"},{"taxonomy":"product_tag","embeddable":true,"href":"https:\/\/geemarc.com\/fr\/wp-json\/wp\/v2\/product_tag?post=4249"}],"curies":[{"name":"wp","href":"https:\/\/api.w.org\/{rel}","templated":true}]}}