{"id":4322,"date":"2018-06-08T10:20:57","date_gmt":"2018-06-08T10:20:57","guid":{"rendered":"http:\/\/geemarc.com\/fr\/?post_type=product&#038;p=4322"},"modified":"2025-07-03T13:58:48","modified_gmt":"2025-07-03T13:58:48","slug":"cl-hook-5-2","status":"publish","type":"product","link":"https:\/\/geemarc.com\/fr\/product\/cl-hook-5-2\/","title":{"rendered":"CL HOOK 5"},"content":{"rendered":"<p>Ce mod\u00e8le est compos\u00e9 d&#8217;une oreillette d&#8217;induction compatible avec proth\u00e8ses auditives et d&#8217;une oreillette \u00e9couteur. Il est \u00e9galement muni d&#8217;un micro.<\/p>\n<p>Connectable gr\u00e2ce \u00e0 c\u00e2ble jack 2.5mm.<\/p>\n<ul>\n<li>Volume ajustable et fonction &#8220;silence&#8221;.<\/li>\n<\/ul>\n","protected":false},"excerpt":{"rendered":"<p>Oreillette d\u2019induction, \u00e9couteur simple et micro pour t\u00e9l\u00e9phone ou lecteur MP3.<\/p>\n","protected":false},"featured_media":4676,"template":"","meta":[],"product_cat":[149],"product_tag":[],"yoast_head":"<!-- This site is optimized with the Yoast SEO plugin v16.9 - https:\/\/yoast.com\/wordpress\/plugins\/seo\/ -->\n<title>CL HOOK 5 - Geemarc France<\/title>\n<meta name=\"robots\" content=\"index, follow, max-snippet:-1, max-image-preview:large, max-video-preview:-1\" \/>\n<link rel=\"canonical\" href=\"https:\/\/geemarc.com\/fr\/product\/cl-hook-5-2\/\" \/>\n<meta property=\"og:locale\" content=\"fr_FR\" \/>\n<meta property=\"og:type\" content=\"article\" \/>\n<meta property=\"og:title\" content=\"CL HOOK 5 - Geemarc France\" \/>\n<meta property=\"og:description\" content=\"Oreillette d\u2019induction, \u00e9couteur simple et micro pour t\u00e9l\u00e9phone ou lecteur MP3.\" \/>\n<meta property=\"og:url\" content=\"https:\/\/geemarc.com\/fr\/product\/cl-hook-5-2\/\" \/>\n<meta property=\"og:site_name\" content=\"Geemarc France\" \/>\n<meta property=\"article:modified_time\" content=\"2025-07-03T13:58:48+00:00\" \/>\n<meta property=\"og:image\" content=\"https:\/\/geemarc.com\/fr\/wp-content\/uploads\/sites\/3\/2018\/06\/CLHook-5.jpg\" \/>\n\t<meta property=\"og:image:width\" content=\"2000\" \/>\n\t<meta property=\"og:image:height\" content=\"1500\" \/>\n<meta name=\"twitter:card\" content=\"summary_large_image\" \/>\n<script type=\"application\/ld+json\" class=\"yoast-schema-graph\">{\"@context\":\"https:\/\/schema.org\",\"@graph\":[{\"@type\":\"WebSite\",\"@id\":\"https:\/\/geemarc.com\/fr\/#website\",\"url\":\"https:\/\/geemarc.com\/fr\/\",\"name\":\"Geemarc France\",\"description\":\"\",\"potentialAction\":[{\"@type\":\"SearchAction\",\"target\":{\"@type\":\"EntryPoint\",\"urlTemplate\":\"https:\/\/geemarc.com\/fr\/?s={search_term_string}\"},\"query-input\":\"required name=search_term_string\"}],\"inLanguage\":\"fr-FR\"},{\"@type\":\"ImageObject\",\"@id\":\"https:\/\/geemarc.com\/fr\/product\/cl-hook-5-2\/#primaryimage\",\"inLanguage\":\"fr-FR\",\"url\":\"https:\/\/geemarc.com\/fr\/wp-content\/uploads\/sites\/3\/2018\/06\/CLHook-5.jpg\",\"contentUrl\":\"https:\/\/geemarc.com\/fr\/wp-content\/uploads\/sites\/3\/2018\/06\/CLHook-5.jpg\",\"width\":2000,\"height\":1500},{\"@type\":\"WebPage\",\"@id\":\"https:\/\/geemarc.com\/fr\/product\/cl-hook-5-2\/#webpage\",\"url\":\"https:\/\/geemarc.com\/fr\/product\/cl-hook-5-2\/\",\"name\":\"CL HOOK 5 - Geemarc France\",\"isPartOf\":{\"@id\":\"https:\/\/geemarc.com\/fr\/#website\"},\"primaryImageOfPage\":{\"@id\":\"https:\/\/geemarc.com\/fr\/product\/cl-hook-5-2\/#primaryimage\"},\"datePublished\":\"2018-06-08T10:20:57+00:00\",\"dateModified\":\"2025-07-03T13:58:48+00:00\",\"breadcrumb\":{\"@id\":\"https:\/\/geemarc.com\/fr\/product\/cl-hook-5-2\/#breadcrumb\"},\"inLanguage\":\"fr-FR\",\"potentialAction\":[{\"@type\":\"ReadAction\",\"target\":[\"https:\/\/geemarc.com\/fr\/product\/cl-hook-5-2\/\"]}]},{\"@type\":\"BreadcrumbList\",\"@id\":\"https:\/\/geemarc.com\/fr\/product\/cl-hook-5-2\/#breadcrumb\",\"itemListElement\":[{\"@type\":\"ListItem\",\"position\":1,\"name\":\"Home\",\"item\":\"https:\/\/geemarc.com\/fr\/\"},{\"@type\":\"ListItem\",\"position\":2,\"name\":\"Shop\",\"item\":\"https:\/\/geemarc.com\/fr\/shop\/\"},{\"@type\":\"ListItem\",\"position\":3,\"name\":\"CL HOOK 5\"}]}]}<\/script>\n<!-- \/ Yoast SEO plugin. -->","yoast_head_json":{"title":"CL HOOK 5 - Geemarc France","robots":{"index":"index","follow":"follow","max-snippet":"max-snippet:-1","max-image-preview":"max-image-preview:large","max-video-preview":"max-video-preview:-1"},"canonical":"https:\/\/geemarc.com\/fr\/product\/cl-hook-5-2\/","og_locale":"fr_FR","og_type":"article","og_title":"CL HOOK 5 - Geemarc France","og_description":"Oreillette d\u2019induction, \u00e9couteur simple et micro pour t\u00e9l\u00e9phone ou lecteur MP3.","og_url":"https:\/\/geemarc.com\/fr\/product\/cl-hook-5-2\/","og_site_name":"Geemarc France","article_modified_time":"2025-07-03T13:58:48+00:00","og_image":[{"width":2000,"height":1500,"url":"https:\/\/geemarc.com\/fr\/wp-content\/uploads\/sites\/3\/2018\/06\/CLHook-5.jpg","path":"\/home\/g\/e\/geemarcwp\/public_html\/wp-content\/uploads\/sites\/3\/2018\/06\/CLHook-5.jpg","size":"full","id":4676,"alt":"","pixels":3000000,"type":"image\/jpeg"}],"twitter_card":"summary_large_image","schema":{"@context":"https:\/\/schema.org","@graph":[{"@type":"WebSite","@id":"https:\/\/geemarc.com\/fr\/#website","url":"https:\/\/geemarc.com\/fr\/","name":"Geemarc France","description":"","potentialAction":[{"@type":"SearchAction","target":{"@type":"EntryPoint","urlTemplate":"https:\/\/geemarc.com\/fr\/?s={search_term_string}"},"query-input":"required name=search_term_string"}],"inLanguage":"fr-FR"},{"@type":"ImageObject","@id":"https:\/\/geemarc.com\/fr\/product\/cl-hook-5-2\/#primaryimage","inLanguage":"fr-FR","url":"https:\/\/geemarc.com\/fr\/wp-content\/uploads\/sites\/3\/2018\/06\/CLHook-5.jpg","contentUrl":"https:\/\/geemarc.com\/fr\/wp-content\/uploads\/sites\/3\/2018\/06\/CLHook-5.jpg","width":2000,"height":1500},{"@type":"WebPage","@id":"https:\/\/geemarc.com\/fr\/product\/cl-hook-5-2\/#webpage","url":"https:\/\/geemarc.com\/fr\/product\/cl-hook-5-2\/","name":"CL HOOK 5 - Geemarc France","isPartOf":{"@id":"https:\/\/geemarc.com\/fr\/#website"},"primaryImageOfPage":{"@id":"https:\/\/geemarc.com\/fr\/product\/cl-hook-5-2\/#primaryimage"},"datePublished":"2018-06-08T10:20:57+00:00","dateModified":"2025-07-03T13:58:48+00:00","breadcrumb":{"@id":"https:\/\/geemarc.com\/fr\/product\/cl-hook-5-2\/#breadcrumb"},"inLanguage":"fr-FR","potentialAction":[{"@type":"ReadAction","target":["https:\/\/geemarc.com\/fr\/product\/cl-hook-5-2\/"]}]},{"@type":"BreadcrumbList","@id":"https:\/\/geemarc.com\/fr\/product\/cl-hook-5-2\/#breadcrumb","itemListElement":[{"@type":"ListItem","position":1,"name":"Home","item":"https:\/\/geemarc.com\/fr\/"},{"@type":"ListItem","position":2,"name":"Shop","item":"https:\/\/geemarc.com\/fr\/shop\/"},{"@type":"ListItem","position":3,"name":"CL HOOK 5"}]}]}},"acf":[],"_links":{"self":[{"href":"https:\/\/geemarc.com\/fr\/wp-json\/wp\/v2\/product\/4322"}],"collection":[{"href":"https:\/\/geemarc.com\/fr\/wp-json\/wp\/v2\/product"}],"about":[{"href":"https:\/\/geemarc.com\/fr\/wp-json\/wp\/v2\/types\/product"}],"wp:featuredmedia":[{"embeddable":true,"href":"https:\/\/geemarc.com\/fr\/wp-json\/wp\/v2\/media\/4676"}],"wp:attachment":[{"href":"https:\/\/geemarc.com\/fr\/wp-json\/wp\/v2\/media?parent=4322"}],"wp:term":[{"taxonomy":"product_cat","embeddable":true,"href":"https:\/\/geemarc.com\/fr\/wp-json\/wp\/v2\/product_cat?post=4322"},{"taxonomy":"product_tag","embeddable":true,"href":"https:\/\/geemarc.com\/fr\/wp-json\/wp\/v2\/product_tag?post=4322"}],"curies":[{"name":"wp","href":"https:\/\/api.w.org\/{rel}","templated":true}]}}