{"id":4338,"date":"2018-06-08T13:59:14","date_gmt":"2018-06-08T13:59:14","guid":{"rendered":"http:\/\/geemarc.com\/fr\/?post_type=product&#038;p=4338"},"modified":"2026-03-24T13:18:45","modified_gmt":"2026-03-24T13:18:45","slug":"tv10","status":"publish","type":"product","link":"https:\/\/geemarc.com\/fr\/product\/tv10\/","title":{"rendered":"TV10"},"content":{"rendered":"<p>T\u00e9l\u00e9commande universelle \u00ab TV10 \u00bb avec clavier num\u00e9rique sp\u00e9cialement con\u00e7ue pour \u00eatre tr\u00e8s simple \u00e0 utiliser.<\/p>\n<p>Zappez ou ajustez le volume de votre t\u00e9l\u00e9vision gr\u00e2ce \u00e0 ses larges touches programmables.<\/p>\n<p><b>CARACT\u00c9RISTIQUES<\/b><strong>\u00a0:\u00a0<\/strong><\/p>\n<ul>\n<li>Fonctionne avec deux piles type 3 AAA 1.5V (Non fournies)<\/li>\n<li>19 touches programmables<\/li>\n<li>Possibilit\u00e9 d&#8217;appairer une t\u00e9l\u00e9commande sur la position 1 et une deuxi\u00e8me t\u00e9l\u00e9commande sur la position 2<\/li>\n<\/ul>\n","protected":false},"excerpt":{"rendered":"<p>T\u00e9l\u00e9commande universelle &#8211;\u00a019 touches programmables<\/p>\n","protected":false},"featured_media":4766,"template":"","meta":[],"product_cat":[147],"product_tag":[],"yoast_head":"<!-- This site is optimized with the Yoast SEO plugin v16.9 - https:\/\/yoast.com\/wordpress\/plugins\/seo\/ -->\n<title>TV10 - Geemarc France<\/title>\n<meta name=\"robots\" content=\"index, follow, max-snippet:-1, max-image-preview:large, max-video-preview:-1\" \/>\n<link rel=\"canonical\" href=\"https:\/\/geemarc.com\/fr\/product\/tv10\/\" \/>\n<meta property=\"og:locale\" content=\"fr_FR\" \/>\n<meta property=\"og:type\" content=\"article\" \/>\n<meta property=\"og:title\" content=\"TV10 - Geemarc France\" \/>\n<meta property=\"og:description\" content=\"T\u00e9l\u00e9commande universelle -\u00a019 touches programmables\" \/>\n<meta property=\"og:url\" content=\"https:\/\/geemarc.com\/fr\/product\/tv10\/\" \/>\n<meta property=\"og:site_name\" content=\"Geemarc France\" \/>\n<meta property=\"article:modified_time\" content=\"2026-03-24T13:18:45+00:00\" \/>\n<meta property=\"og:image\" content=\"https:\/\/geemarc.com\/fr\/wp-content\/uploads\/sites\/3\/2018\/06\/TV10_1_bold-scaled.jpg\" \/>\n\t<meta property=\"og:image:width\" content=\"2000\" \/>\n\t<meta property=\"og:image:height\" content=\"3008\" \/>\n<meta name=\"twitter:card\" content=\"summary_large_image\" \/>\n<script type=\"application\/ld+json\" class=\"yoast-schema-graph\">{\"@context\":\"https:\/\/schema.org\",\"@graph\":[{\"@type\":\"WebSite\",\"@id\":\"https:\/\/geemarc.com\/fr\/#website\",\"url\":\"https:\/\/geemarc.com\/fr\/\",\"name\":\"Geemarc France\",\"description\":\"\",\"potentialAction\":[{\"@type\":\"SearchAction\",\"target\":{\"@type\":\"EntryPoint\",\"urlTemplate\":\"https:\/\/geemarc.com\/fr\/?s={search_term_string}\"},\"query-input\":\"required name=search_term_string\"}],\"inLanguage\":\"fr-FR\"},{\"@type\":\"ImageObject\",\"@id\":\"https:\/\/geemarc.com\/fr\/product\/tv10\/#primaryimage\",\"inLanguage\":\"fr-FR\",\"url\":\"https:\/\/geemarc.com\/fr\/wp-content\/uploads\/sites\/3\/2018\/06\/TV10_1_bold-scaled.jpg\",\"contentUrl\":\"https:\/\/geemarc.com\/fr\/wp-content\/uploads\/sites\/3\/2018\/06\/TV10_1_bold-scaled.jpg\",\"width\":2000,\"height\":3008},{\"@type\":\"WebPage\",\"@id\":\"https:\/\/geemarc.com\/fr\/product\/tv10\/#webpage\",\"url\":\"https:\/\/geemarc.com\/fr\/product\/tv10\/\",\"name\":\"TV10 - Geemarc France\",\"isPartOf\":{\"@id\":\"https:\/\/geemarc.com\/fr\/#website\"},\"primaryImageOfPage\":{\"@id\":\"https:\/\/geemarc.com\/fr\/product\/tv10\/#primaryimage\"},\"datePublished\":\"2018-06-08T13:59:14+00:00\",\"dateModified\":\"2026-03-24T13:18:45+00:00\",\"breadcrumb\":{\"@id\":\"https:\/\/geemarc.com\/fr\/product\/tv10\/#breadcrumb\"},\"inLanguage\":\"fr-FR\",\"potentialAction\":[{\"@type\":\"ReadAction\",\"target\":[\"https:\/\/geemarc.com\/fr\/product\/tv10\/\"]}]},{\"@type\":\"BreadcrumbList\",\"@id\":\"https:\/\/geemarc.com\/fr\/product\/tv10\/#breadcrumb\",\"itemListElement\":[{\"@type\":\"ListItem\",\"position\":1,\"name\":\"Home\",\"item\":\"https:\/\/geemarc.com\/fr\/\"},{\"@type\":\"ListItem\",\"position\":2,\"name\":\"Shop\",\"item\":\"https:\/\/geemarc.com\/fr\/shop\/\"},{\"@type\":\"ListItem\",\"position\":3,\"name\":\"TV10\"}]}]}<\/script>\n<!-- \/ Yoast SEO plugin. -->","yoast_head_json":{"title":"TV10 - Geemarc France","robots":{"index":"index","follow":"follow","max-snippet":"max-snippet:-1","max-image-preview":"max-image-preview:large","max-video-preview":"max-video-preview:-1"},"canonical":"https:\/\/geemarc.com\/fr\/product\/tv10\/","og_locale":"fr_FR","og_type":"article","og_title":"TV10 - Geemarc France","og_description":"T\u00e9l\u00e9commande universelle -\u00a019 touches programmables","og_url":"https:\/\/geemarc.com\/fr\/product\/tv10\/","og_site_name":"Geemarc France","article_modified_time":"2026-03-24T13:18:45+00:00","og_image":[{"width":2000,"height":3008,"url":"https:\/\/geemarc.com\/fr\/wp-content\/uploads\/sites\/3\/2018\/06\/TV10_1_bold-scaled.jpg","path":"\/home\/g\/e\/geemarcwp\/public_html\/wp-content\/uploads\/sites\/3\/2018\/06\/TV10_1_bold-scaled.jpg","size":"full","id":4766,"alt":"","pixels":6016000,"type":"image\/jpeg"}],"twitter_card":"summary_large_image","schema":{"@context":"https:\/\/schema.org","@graph":[{"@type":"WebSite","@id":"https:\/\/geemarc.com\/fr\/#website","url":"https:\/\/geemarc.com\/fr\/","name":"Geemarc France","description":"","potentialAction":[{"@type":"SearchAction","target":{"@type":"EntryPoint","urlTemplate":"https:\/\/geemarc.com\/fr\/?s={search_term_string}"},"query-input":"required name=search_term_string"}],"inLanguage":"fr-FR"},{"@type":"ImageObject","@id":"https:\/\/geemarc.com\/fr\/product\/tv10\/#primaryimage","inLanguage":"fr-FR","url":"https:\/\/geemarc.com\/fr\/wp-content\/uploads\/sites\/3\/2018\/06\/TV10_1_bold-scaled.jpg","contentUrl":"https:\/\/geemarc.com\/fr\/wp-content\/uploads\/sites\/3\/2018\/06\/TV10_1_bold-scaled.jpg","width":2000,"height":3008},{"@type":"WebPage","@id":"https:\/\/geemarc.com\/fr\/product\/tv10\/#webpage","url":"https:\/\/geemarc.com\/fr\/product\/tv10\/","name":"TV10 - Geemarc France","isPartOf":{"@id":"https:\/\/geemarc.com\/fr\/#website"},"primaryImageOfPage":{"@id":"https:\/\/geemarc.com\/fr\/product\/tv10\/#primaryimage"},"datePublished":"2018-06-08T13:59:14+00:00","dateModified":"2026-03-24T13:18:45+00:00","breadcrumb":{"@id":"https:\/\/geemarc.com\/fr\/product\/tv10\/#breadcrumb"},"inLanguage":"fr-FR","potentialAction":[{"@type":"ReadAction","target":["https:\/\/geemarc.com\/fr\/product\/tv10\/"]}]},{"@type":"BreadcrumbList","@id":"https:\/\/geemarc.com\/fr\/product\/tv10\/#breadcrumb","itemListElement":[{"@type":"ListItem","position":1,"name":"Home","item":"https:\/\/geemarc.com\/fr\/"},{"@type":"ListItem","position":2,"name":"Shop","item":"https:\/\/geemarc.com\/fr\/shop\/"},{"@type":"ListItem","position":3,"name":"TV10"}]}]}},"acf":[],"_links":{"self":[{"href":"https:\/\/geemarc.com\/fr\/wp-json\/wp\/v2\/product\/4338"}],"collection":[{"href":"https:\/\/geemarc.com\/fr\/wp-json\/wp\/v2\/product"}],"about":[{"href":"https:\/\/geemarc.com\/fr\/wp-json\/wp\/v2\/types\/product"}],"wp:featuredmedia":[{"embeddable":true,"href":"https:\/\/geemarc.com\/fr\/wp-json\/wp\/v2\/media\/4766"}],"wp:attachment":[{"href":"https:\/\/geemarc.com\/fr\/wp-json\/wp\/v2\/media?parent=4338"}],"wp:term":[{"taxonomy":"product_cat","embeddable":true,"href":"https:\/\/geemarc.com\/fr\/wp-json\/wp\/v2\/product_cat?post=4338"},{"taxonomy":"product_tag","embeddable":true,"href":"https:\/\/geemarc.com\/fr\/wp-json\/wp\/v2\/product_tag?post=4338"}],"curies":[{"name":"wp","href":"https:\/\/api.w.org\/{rel}","templated":true}]}}