{"id":4373,"date":"2018-06-14T10:34:37","date_gmt":"2018-06-14T10:34:37","guid":{"rendered":"http:\/\/geemarc.com\/fr\/?post_type=product&#038;p=4373"},"modified":"2018-06-14T10:34:37","modified_gmt":"2018-06-14T10:34:37","slug":"bandes-de-guidage-shb-20-300-al6063","status":"publish","type":"product","link":"https:\/\/geemarc.com\/fr\/product\/bandes-de-guidage-shb-20-300-al6063\/","title":{"rendered":"Bandes de guidage &#8211; SHB 20 300 AL6063"},"content":{"rendered":"<p>Bandes de guidage en aluminium avec surface lisse pour int\u00e9rieur.<\/p>\n<p>Dimensions (mm) : 300 x 30 x 25 x 5<\/p>\n<p>Les Bandes de Guidage ont pour but de Guider et de s\u00e9curiser les d\u00e9placements des personnes aveugles ou malvoyantes.<\/p>\n<p>Respectent la norme <strong>NF.P98.352 (21 Nov. 2015)<\/strong><\/p>\n","protected":false},"excerpt":{"rendered":"<p>Bandes de guidage en aluminium avec surface lisse pour int\u00e9rieur. Dimensions (mm) : 300 x 30 x 25 x 5 Les Bandes de Guidage ont pour but de Guider et de s\u00e9curiser les d\u00e9placements des personnes aveugles ou malvoyantes. Respectent la norme NF.P98.352 (21 Nov. 2015)<\/p>\n","protected":false},"featured_media":4389,"template":"","meta":[],"product_cat":[120],"product_tag":[],"yoast_head":"<!-- This site is optimized with the Yoast SEO plugin v16.9 - https:\/\/yoast.com\/wordpress\/plugins\/seo\/ -->\n<title>Bandes de guidage - SHB 20 300 AL6063 - Geemarc France<\/title>\n<meta name=\"robots\" content=\"index, follow, max-snippet:-1, max-image-preview:large, max-video-preview:-1\" \/>\n<link rel=\"canonical\" href=\"https:\/\/geemarc.com\/fr\/product\/bandes-de-guidage-shb-20-300-al6063\/\" \/>\n<meta property=\"og:locale\" content=\"fr_FR\" \/>\n<meta property=\"og:type\" content=\"article\" \/>\n<meta property=\"og:title\" content=\"Bandes de guidage - SHB 20 300 AL6063 - Geemarc France\" \/>\n<meta property=\"og:description\" content=\"Bandes de guidage en aluminium avec surface lisse pour int\u00e9rieur. Dimensions (mm) : 300 x 30 x 25 x 5 Les Bandes de Guidage ont pour but de Guider et de s\u00e9curiser les d\u00e9placements des personnes aveugles ou malvoyantes. Respectent la norme NF.P98.352 (21 Nov. 2015)\" \/>\n<meta property=\"og:url\" content=\"https:\/\/geemarc.com\/fr\/product\/bandes-de-guidage-shb-20-300-al6063\/\" \/>\n<meta property=\"og:site_name\" content=\"Geemarc France\" \/>\n<meta property=\"og:image\" content=\"https:\/\/geemarc.com\/fr\/wp-content\/uploads\/sites\/3\/2018\/06\/SHB-20-300-AL6063_1-scaled.jpg\" \/>\n\t<meta property=\"og:image:width\" content=\"2720\" \/>\n\t<meta property=\"og:image:height\" content=\"486\" \/>\n<meta name=\"twitter:card\" content=\"summary_large_image\" \/>\n<script type=\"application\/ld+json\" class=\"yoast-schema-graph\">{\"@context\":\"https:\/\/schema.org\",\"@graph\":[{\"@type\":\"WebSite\",\"@id\":\"https:\/\/geemarc.com\/fr\/#website\",\"url\":\"https:\/\/geemarc.com\/fr\/\",\"name\":\"Geemarc France\",\"description\":\"\",\"potentialAction\":[{\"@type\":\"SearchAction\",\"target\":{\"@type\":\"EntryPoint\",\"urlTemplate\":\"https:\/\/geemarc.com\/fr\/?s={search_term_string}\"},\"query-input\":\"required name=search_term_string\"}],\"inLanguage\":\"fr-FR\"},{\"@type\":\"ImageObject\",\"@id\":\"https:\/\/geemarc.com\/fr\/product\/bandes-de-guidage-shb-20-300-al6063\/#primaryimage\",\"inLanguage\":\"fr-FR\",\"url\":\"https:\/\/geemarc.com\/fr\/wp-content\/uploads\/sites\/3\/2018\/06\/SHB-20-300-AL6063_1-scaled.jpg\",\"contentUrl\":\"https:\/\/geemarc.com\/fr\/wp-content\/uploads\/sites\/3\/2018\/06\/SHB-20-300-AL6063_1-scaled.jpg\",\"width\":2720,\"height\":486},{\"@type\":\"WebPage\",\"@id\":\"https:\/\/geemarc.com\/fr\/product\/bandes-de-guidage-shb-20-300-al6063\/#webpage\",\"url\":\"https:\/\/geemarc.com\/fr\/product\/bandes-de-guidage-shb-20-300-al6063\/\",\"name\":\"Bandes de guidage - SHB 20 300 AL6063 - Geemarc France\",\"isPartOf\":{\"@id\":\"https:\/\/geemarc.com\/fr\/#website\"},\"primaryImageOfPage\":{\"@id\":\"https:\/\/geemarc.com\/fr\/product\/bandes-de-guidage-shb-20-300-al6063\/#primaryimage\"},\"datePublished\":\"2018-06-14T10:34:37+00:00\",\"dateModified\":\"2018-06-14T10:34:37+00:00\",\"breadcrumb\":{\"@id\":\"https:\/\/geemarc.com\/fr\/product\/bandes-de-guidage-shb-20-300-al6063\/#breadcrumb\"},\"inLanguage\":\"fr-FR\",\"potentialAction\":[{\"@type\":\"ReadAction\",\"target\":[\"https:\/\/geemarc.com\/fr\/product\/bandes-de-guidage-shb-20-300-al6063\/\"]}]},{\"@type\":\"BreadcrumbList\",\"@id\":\"https:\/\/geemarc.com\/fr\/product\/bandes-de-guidage-shb-20-300-al6063\/#breadcrumb\",\"itemListElement\":[{\"@type\":\"ListItem\",\"position\":1,\"name\":\"Home\",\"item\":\"https:\/\/geemarc.com\/fr\/\"},{\"@type\":\"ListItem\",\"position\":2,\"name\":\"Shop\",\"item\":\"https:\/\/geemarc.com\/fr\/shop\/\"},{\"@type\":\"ListItem\",\"position\":3,\"name\":\"Bandes de guidage &#8211; SHB 20 300 AL6063\"}]}]}<\/script>\n<!-- \/ Yoast SEO plugin. -->","yoast_head_json":{"title":"Bandes de guidage - SHB 20 300 AL6063 - Geemarc France","robots":{"index":"index","follow":"follow","max-snippet":"max-snippet:-1","max-image-preview":"max-image-preview:large","max-video-preview":"max-video-preview:-1"},"canonical":"https:\/\/geemarc.com\/fr\/product\/bandes-de-guidage-shb-20-300-al6063\/","og_locale":"fr_FR","og_type":"article","og_title":"Bandes de guidage - SHB 20 300 AL6063 - Geemarc France","og_description":"Bandes de guidage en aluminium avec surface lisse pour int\u00e9rieur. Dimensions (mm) : 300 x 30 x 25 x 5 Les Bandes de Guidage ont pour but de Guider et de s\u00e9curiser les d\u00e9placements des personnes aveugles ou malvoyantes. Respectent la norme NF.P98.352 (21 Nov. 2015)","og_url":"https:\/\/geemarc.com\/fr\/product\/bandes-de-guidage-shb-20-300-al6063\/","og_site_name":"Geemarc France","og_image":[{"width":2720,"height":486,"url":"https:\/\/geemarc.com\/fr\/wp-content\/uploads\/sites\/3\/2018\/06\/SHB-20-300-AL6063_1-scaled.jpg","path":"\/home\/g\/e\/geemarcwp\/public_html\/wp-content\/uploads\/sites\/3\/2018\/06\/SHB-20-300-AL6063_1-scaled.jpg","size":"full","id":4389,"alt":"","pixels":1321920,"type":"image\/jpeg"}],"twitter_card":"summary_large_image","schema":{"@context":"https:\/\/schema.org","@graph":[{"@type":"WebSite","@id":"https:\/\/geemarc.com\/fr\/#website","url":"https:\/\/geemarc.com\/fr\/","name":"Geemarc France","description":"","potentialAction":[{"@type":"SearchAction","target":{"@type":"EntryPoint","urlTemplate":"https:\/\/geemarc.com\/fr\/?s={search_term_string}"},"query-input":"required name=search_term_string"}],"inLanguage":"fr-FR"},{"@type":"ImageObject","@id":"https:\/\/geemarc.com\/fr\/product\/bandes-de-guidage-shb-20-300-al6063\/#primaryimage","inLanguage":"fr-FR","url":"https:\/\/geemarc.com\/fr\/wp-content\/uploads\/sites\/3\/2018\/06\/SHB-20-300-AL6063_1-scaled.jpg","contentUrl":"https:\/\/geemarc.com\/fr\/wp-content\/uploads\/sites\/3\/2018\/06\/SHB-20-300-AL6063_1-scaled.jpg","width":2720,"height":486},{"@type":"WebPage","@id":"https:\/\/geemarc.com\/fr\/product\/bandes-de-guidage-shb-20-300-al6063\/#webpage","url":"https:\/\/geemarc.com\/fr\/product\/bandes-de-guidage-shb-20-300-al6063\/","name":"Bandes de guidage - SHB 20 300 AL6063 - Geemarc France","isPartOf":{"@id":"https:\/\/geemarc.com\/fr\/#website"},"primaryImageOfPage":{"@id":"https:\/\/geemarc.com\/fr\/product\/bandes-de-guidage-shb-20-300-al6063\/#primaryimage"},"datePublished":"2018-06-14T10:34:37+00:00","dateModified":"2018-06-14T10:34:37+00:00","breadcrumb":{"@id":"https:\/\/geemarc.com\/fr\/product\/bandes-de-guidage-shb-20-300-al6063\/#breadcrumb"},"inLanguage":"fr-FR","potentialAction":[{"@type":"ReadAction","target":["https:\/\/geemarc.com\/fr\/product\/bandes-de-guidage-shb-20-300-al6063\/"]}]},{"@type":"BreadcrumbList","@id":"https:\/\/geemarc.com\/fr\/product\/bandes-de-guidage-shb-20-300-al6063\/#breadcrumb","itemListElement":[{"@type":"ListItem","position":1,"name":"Home","item":"https:\/\/geemarc.com\/fr\/"},{"@type":"ListItem","position":2,"name":"Shop","item":"https:\/\/geemarc.com\/fr\/shop\/"},{"@type":"ListItem","position":3,"name":"Bandes de guidage &#8211; SHB 20 300 AL6063"}]}]}},"acf":[],"_links":{"self":[{"href":"https:\/\/geemarc.com\/fr\/wp-json\/wp\/v2\/product\/4373"}],"collection":[{"href":"https:\/\/geemarc.com\/fr\/wp-json\/wp\/v2\/product"}],"about":[{"href":"https:\/\/geemarc.com\/fr\/wp-json\/wp\/v2\/types\/product"}],"wp:featuredmedia":[{"embeddable":true,"href":"https:\/\/geemarc.com\/fr\/wp-json\/wp\/v2\/media\/4389"}],"wp:attachment":[{"href":"https:\/\/geemarc.com\/fr\/wp-json\/wp\/v2\/media?parent=4373"}],"wp:term":[{"taxonomy":"product_cat","embeddable":true,"href":"https:\/\/geemarc.com\/fr\/wp-json\/wp\/v2\/product_cat?post=4373"},{"taxonomy":"product_tag","embeddable":true,"href":"https:\/\/geemarc.com\/fr\/wp-json\/wp\/v2\/product_tag?post=4373"}],"curies":[{"name":"wp","href":"https:\/\/api.w.org\/{rel}","templated":true}]}}