{"id":4411,"date":"2018-06-14T13:13:48","date_gmt":"2018-06-14T13:13:48","guid":{"rendered":"http:\/\/geemarc.com\/fr\/?post_type=product&#038;p=4411"},"modified":"2026-04-14T13:12:22","modified_gmt":"2026-04-14T13:12:22","slug":"pack-ch100","status":"publish","type":"product","link":"https:\/\/geemarc.com\/fr\/product\/pack-ch100\/","title":{"rendered":"Pack CH100 V2"},"content":{"rendered":"<p>Le Pack CH100 V2 est un syst\u00e8me d\u00e9di\u00e9 aux entreprises, organisations et tous lieux accueillant du public. Ce syst\u00e8me apporte une solution d\u2019acc\u00e8s abordable, pour que les clients ou visiteurs \u00e0 mobilit\u00e9 r\u00e9duite puissent entrer plus facilement dans les locaux ou pour atteindre un service.<\/p>\n<p>Le syst\u00e8me comprend une unit\u00e9 d&#8217;appel et un r\u00e9cepteur avec sonnerie et flash :<\/p>\n<ul>\n<li>l&#8217;unit\u00e9 d&#8217;appel s\u2019active lorsque l\u2019on pousse le bouton.<\/li>\n<li>le r\u00e9cepteur \u00e9mettra un son et projettera une lumi\u00e8re flash, indiquant qu&#8217;un visiteur a besoin d&#8217;aide.<\/li>\n<\/ul>\n","protected":false},"excerpt":{"rendered":"<p>Syst\u00e8me d\u00e9di\u00e9 aux entreprises, organisations et tous lieux accueillant du public.<\/p>\n","protected":false},"featured_media":9983,"template":"","meta":[],"product_cat":[69],"product_tag":[],"yoast_head":"<!-- This site is optimized with the Yoast SEO plugin v16.9 - https:\/\/yoast.com\/wordpress\/plugins\/seo\/ -->\n<title>Pack CH100 V2 - Geemarc France<\/title>\n<meta name=\"robots\" content=\"index, follow, max-snippet:-1, max-image-preview:large, max-video-preview:-1\" \/>\n<link rel=\"canonical\" href=\"https:\/\/geemarc.com\/fr\/product\/pack-ch100\/\" \/>\n<meta property=\"og:locale\" content=\"fr_FR\" \/>\n<meta property=\"og:type\" content=\"article\" \/>\n<meta property=\"og:title\" content=\"Pack CH100 V2 - Geemarc France\" \/>\n<meta property=\"og:description\" content=\"Syst\u00e8me d\u00e9di\u00e9 aux entreprises, organisations et tous lieux accueillant du public.\" \/>\n<meta property=\"og:url\" content=\"https:\/\/geemarc.com\/fr\/product\/pack-ch100\/\" \/>\n<meta property=\"og:site_name\" content=\"Geemarc France\" \/>\n<meta property=\"article:modified_time\" content=\"2026-04-14T13:12:22+00:00\" \/>\n<meta property=\"og:image\" content=\"https:\/\/geemarc.com\/fr\/wp-content\/uploads\/sites\/3\/2022\/05\/PACK-CH100V2_2-scaled.jpg\" \/>\n\t<meta property=\"og:image:width\" content=\"2560\" \/>\n\t<meta property=\"og:image:height\" content=\"1813\" \/>\n<meta name=\"twitter:card\" content=\"summary_large_image\" \/>\n<meta name=\"twitter:label1\" content=\"Dur\u00e9e de lecture est.\" \/>\n\t<meta name=\"twitter:data1\" content=\"1 minute\" \/>\n<script type=\"application\/ld+json\" class=\"yoast-schema-graph\">{\"@context\":\"https:\/\/schema.org\",\"@graph\":[{\"@type\":\"WebSite\",\"@id\":\"https:\/\/geemarc.com\/fr\/#website\",\"url\":\"https:\/\/geemarc.com\/fr\/\",\"name\":\"Geemarc France\",\"description\":\"\",\"potentialAction\":[{\"@type\":\"SearchAction\",\"target\":{\"@type\":\"EntryPoint\",\"urlTemplate\":\"https:\/\/geemarc.com\/fr\/?s={search_term_string}\"},\"query-input\":\"required name=search_term_string\"}],\"inLanguage\":\"fr-FR\"},{\"@type\":\"ImageObject\",\"@id\":\"https:\/\/geemarc.com\/fr\/product\/pack-ch100\/#primaryimage\",\"inLanguage\":\"fr-FR\",\"url\":\"https:\/\/geemarc.com\/fr\/wp-content\/uploads\/sites\/3\/2022\/05\/PACK-CH100V2_2-scaled.jpg\",\"contentUrl\":\"https:\/\/geemarc.com\/fr\/wp-content\/uploads\/sites\/3\/2022\/05\/PACK-CH100V2_2-scaled.jpg\",\"width\":2560,\"height\":1813,\"caption\":\"Unit\\u00e9 d'appel et r\\u00e9cepteur avec sonnerie et flash\"},{\"@type\":\"WebPage\",\"@id\":\"https:\/\/geemarc.com\/fr\/product\/pack-ch100\/#webpage\",\"url\":\"https:\/\/geemarc.com\/fr\/product\/pack-ch100\/\",\"name\":\"Pack CH100 V2 - Geemarc France\",\"isPartOf\":{\"@id\":\"https:\/\/geemarc.com\/fr\/#website\"},\"primaryImageOfPage\":{\"@id\":\"https:\/\/geemarc.com\/fr\/product\/pack-ch100\/#primaryimage\"},\"datePublished\":\"2018-06-14T13:13:48+00:00\",\"dateModified\":\"2026-04-14T13:12:22+00:00\",\"breadcrumb\":{\"@id\":\"https:\/\/geemarc.com\/fr\/product\/pack-ch100\/#breadcrumb\"},\"inLanguage\":\"fr-FR\",\"potentialAction\":[{\"@type\":\"ReadAction\",\"target\":[\"https:\/\/geemarc.com\/fr\/product\/pack-ch100\/\"]}]},{\"@type\":\"BreadcrumbList\",\"@id\":\"https:\/\/geemarc.com\/fr\/product\/pack-ch100\/#breadcrumb\",\"itemListElement\":[{\"@type\":\"ListItem\",\"position\":1,\"name\":\"Home\",\"item\":\"https:\/\/geemarc.com\/fr\/\"},{\"@type\":\"ListItem\",\"position\":2,\"name\":\"Shop\",\"item\":\"https:\/\/geemarc.com\/fr\/shop\/\"},{\"@type\":\"ListItem\",\"position\":3,\"name\":\"Pack CH100 V2\"}]}]}<\/script>\n<!-- \/ Yoast SEO plugin. -->","yoast_head_json":{"title":"Pack CH100 V2 - Geemarc France","robots":{"index":"index","follow":"follow","max-snippet":"max-snippet:-1","max-image-preview":"max-image-preview:large","max-video-preview":"max-video-preview:-1"},"canonical":"https:\/\/geemarc.com\/fr\/product\/pack-ch100\/","og_locale":"fr_FR","og_type":"article","og_title":"Pack CH100 V2 - Geemarc France","og_description":"Syst\u00e8me d\u00e9di\u00e9 aux entreprises, organisations et tous lieux accueillant du public.","og_url":"https:\/\/geemarc.com\/fr\/product\/pack-ch100\/","og_site_name":"Geemarc France","article_modified_time":"2026-04-14T13:12:22+00:00","og_image":[{"width":2560,"height":1813,"url":"https:\/\/geemarc.com\/fr\/wp-content\/uploads\/sites\/3\/2022\/05\/PACK-CH100V2_2-scaled.jpg","path":"\/home\/g\/e\/geemarcwp\/public_html\/wp-content\/uploads\/sites\/3\/2022\/05\/PACK-CH100V2_2-scaled.jpg","size":"full","id":9983,"alt":"Unit\u00e9 d'appel et r\u00e9cepteur avec sonnerie et flash","pixels":4641280,"type":"image\/jpeg"}],"twitter_card":"summary_large_image","twitter_misc":{"Dur\u00e9e de lecture est.":"1 minute"},"schema":{"@context":"https:\/\/schema.org","@graph":[{"@type":"WebSite","@id":"https:\/\/geemarc.com\/fr\/#website","url":"https:\/\/geemarc.com\/fr\/","name":"Geemarc France","description":"","potentialAction":[{"@type":"SearchAction","target":{"@type":"EntryPoint","urlTemplate":"https:\/\/geemarc.com\/fr\/?s={search_term_string}"},"query-input":"required name=search_term_string"}],"inLanguage":"fr-FR"},{"@type":"ImageObject","@id":"https:\/\/geemarc.com\/fr\/product\/pack-ch100\/#primaryimage","inLanguage":"fr-FR","url":"https:\/\/geemarc.com\/fr\/wp-content\/uploads\/sites\/3\/2022\/05\/PACK-CH100V2_2-scaled.jpg","contentUrl":"https:\/\/geemarc.com\/fr\/wp-content\/uploads\/sites\/3\/2022\/05\/PACK-CH100V2_2-scaled.jpg","width":2560,"height":1813,"caption":"Unit\u00e9 d'appel et r\u00e9cepteur avec sonnerie et flash"},{"@type":"WebPage","@id":"https:\/\/geemarc.com\/fr\/product\/pack-ch100\/#webpage","url":"https:\/\/geemarc.com\/fr\/product\/pack-ch100\/","name":"Pack CH100 V2 - Geemarc France","isPartOf":{"@id":"https:\/\/geemarc.com\/fr\/#website"},"primaryImageOfPage":{"@id":"https:\/\/geemarc.com\/fr\/product\/pack-ch100\/#primaryimage"},"datePublished":"2018-06-14T13:13:48+00:00","dateModified":"2026-04-14T13:12:22+00:00","breadcrumb":{"@id":"https:\/\/geemarc.com\/fr\/product\/pack-ch100\/#breadcrumb"},"inLanguage":"fr-FR","potentialAction":[{"@type":"ReadAction","target":["https:\/\/geemarc.com\/fr\/product\/pack-ch100\/"]}]},{"@type":"BreadcrumbList","@id":"https:\/\/geemarc.com\/fr\/product\/pack-ch100\/#breadcrumb","itemListElement":[{"@type":"ListItem","position":1,"name":"Home","item":"https:\/\/geemarc.com\/fr\/"},{"@type":"ListItem","position":2,"name":"Shop","item":"https:\/\/geemarc.com\/fr\/shop\/"},{"@type":"ListItem","position":3,"name":"Pack CH100 V2"}]}]}},"acf":[],"_links":{"self":[{"href":"https:\/\/geemarc.com\/fr\/wp-json\/wp\/v2\/product\/4411"}],"collection":[{"href":"https:\/\/geemarc.com\/fr\/wp-json\/wp\/v2\/product"}],"about":[{"href":"https:\/\/geemarc.com\/fr\/wp-json\/wp\/v2\/types\/product"}],"wp:featuredmedia":[{"embeddable":true,"href":"https:\/\/geemarc.com\/fr\/wp-json\/wp\/v2\/media\/9983"}],"wp:attachment":[{"href":"https:\/\/geemarc.com\/fr\/wp-json\/wp\/v2\/media?parent=4411"}],"wp:term":[{"taxonomy":"product_cat","embeddable":true,"href":"https:\/\/geemarc.com\/fr\/wp-json\/wp\/v2\/product_cat?post=4411"},{"taxonomy":"product_tag","embeddable":true,"href":"https:\/\/geemarc.com\/fr\/wp-json\/wp\/v2\/product_tag?post=4411"}],"curies":[{"name":"wp","href":"https:\/\/api.w.org\/{rel}","templated":true}]}}