{"id":4592,"date":"2018-08-01T13:30:19","date_gmt":"2018-08-01T13:30:19","guid":{"rendered":"http:\/\/geemarc.com\/fr\/?post_type=product&#038;p=4592"},"modified":"2024-09-18T12:31:03","modified_gmt":"2024-09-18T12:31:03","slug":"viso-50","status":"publish","type":"product","link":"https:\/\/geemarc.com\/fr\/product\/viso-50\/","title":{"rendered":"VISO 50"},"content":{"rendered":"<ul>\n<li>Horloge analogique (200&#215;200 mm)\u00a0: heures \/ minutes \/ secondes<\/li>\n<li>Horloge \u00e0 affichage num\u00e9rique (200&#215;90 mm), 4 formats d\u2019affichage (en toutes lettres)\u00a0:<\/li>\n<\/ul>\n<ol>\n<li>Jour de la semaine \/ Moment de la journ\u00e9e<\/li>\n<li>Mois \/ Jour du mois (chiffre) \/ Ann\u00e9e<\/li>\n<li>Jour de la semaine \/ Heure<\/li>\n<li>Alternance entre les 3 formats d\u2019affichage r\u00e9glable de 5 \u00e0 60 secondes<\/li>\n<\/ol>\n<ul>\n<li>Affichage 12\/24H pour l\u2019\u00e9cran num\u00e9rique<\/li>\n<li>14 langages disponibles : Fran\u00e7ais, Anglais Allemand , Italien, Espagnol, N\u00e9erlandais, Portugais, Su\u00e9dois, Norv\u00e9gien, Danois, Finnois, Polonais, Tch\u00e8que et Hongrois<\/li>\n<li>Fonctionne avec 3 piles de type AA (non incluses)<\/li>\n<li>R\u00e9glage automatique de l\u2019heure par le syst\u00e8me europ\u00e9en DCF77 (horloge analogique et num\u00e9rique)<\/li>\n<li>Vitres en plastique<\/li>\n<li>Fixation murale ou sur pied<\/li>\n<li>Dimensions : 260 x 380 x 45 mm<\/li>\n<\/ul>\n<p>&nbsp;<\/p>\n<div id=\"threesixty-slider-7680_dosg0K\" class=\"threesixty-loading threesixty-image threesixty-dark-blue threesixty-vintage threesixty-no-border\" style=\"width: 536px;\">\r\n\t<div class=\"threesixty-preview-7680_dosg0K\"><img class=\"threesixty-preview-image\" src=\"https:\/\/geemarc.com\/fr\/wp-content\/uploads\/sites\/3\/2020\/06\/DSC_0892-copie-7.jpg\"\/><\/div>\r\n\t<div class=\"threesixty-spinner threesixty-spinner-7680_dosg0K\">\r\n\t\t<span>0%<\/span>\r\n\t<\/div>\r\n\t<ol class=\"threesixty-images threesixty-images-7680_dosg0K\"><\/ol>\r\n\t\t\t<a href=\"#threesixty-slider-7680_dosg0K\" class=\"threesixty-mfp-anchor\"><\/a>\r\n\t<\/div>\r\n<!--SPV--><script type=\"text\/javascript\">\/\/SPV\r\n(function($) {\r\n\t\t$('#threesixty-slider-7680_dosg0K .threesixty-mfp-anchor').magnificPopup({\r\n\t\ttype:'inline',\r\n\t\tcloseOnBgClick: true,\r\n\t\tmidClick: true,\r\n\t\t\/\/removalDelay: 300,\r\n  \t\t\/\/mainClass: 'mfp-fade',\r\n\t\tcallbacks: {\r\n\t\t\t resize: function() {\r\n\t\t\t \tvar originalHeight \t= 800,\r\n\t\t\t \t\toriginalWidth \t= 536,\r\n\t\t\t \t\tmfpHeight \t\t= 800,\r\n\t\t\t \t\tmfpWidth \t\t= 536,\r\n\t\t\t \t\tratio \t\t\t= originalWidth \/ originalHeight,\r\n\t\t\t \t\twinHeight \t\t= $(window).height(),\r\n\t\t\t \t\twinWidth \t\t= $(window).width();\r\n\t\t\t \t\r\n\t\t\t \tif ( originalHeight > winHeight * 0.9 ) {\r\n\t\t\t \t\tmfpHeight \t\t= winHeight * 0.9;\r\n\t\t\t \t\tmfpWidth \t\t= mfpHeight * ratio;\r\n\t\t\t\t}\r\n\t\t\t\tif ( mfpWidth > winWidth * 0.9 ) {\r\n\t\t\t \t\tmfpWidth \t\t= winWidth * 0.9;\r\n\t\t\t \t\tmfpHeight \t\t= mfpWidth \/ ratio;\r\n\t\t\t\t}\r\n\t\t\t \tif ( mfpHeight < originalHeight && mfpWidth < originalWidth ) {\r\n\t\t\t\t    $('#threesixty-slider-7680_dosg0K').height(mfpHeight);\r\n\t\t\t\t    $('#threesixty-slider-7680_dosg0K').width(mfpWidth);\r\n\t\t\t\t} \r\n\t\t\t\telse {\r\n\t\t\t\t    $('#threesixty-slider-7680_dosg0K').height(originalHeight);\r\n\t\t\t\t    $('#threesixty-slider-7680_dosg0K').width(originalWidth);\r\n\t\t\t\t}\r\n\t\t\t},\r\n\t\t\tclose: function() {\r\n\t\t\t    $('#threesixty-slider-7680_dosg0K').height('auto');\r\n\t\t\t    $('#threesixty-slider-7680_dosg0K').width(536);\r\n\t\t\t}\r\n\t\t},\r\n\t\tcloseMarkup :\"<button class=\\\"mfp-close\\\"><\/button>\"\r\n\t});\r\n\t\tvar product_7680_dosg0K = $('#threesixty-slider-7680_dosg0K').ThreeSixty({\r\n\t\ttotalFrames: 36,\r\n\t\tendFrame: 0,\r\n\t\tcurrentFrame: 36,\r\n\t\timgList: '.threesixty-images-7680_dosg0K',\r\n\t\tprogress: '.threesixty-spinner-7680_dosg0K',\r\n\t\tpreview: '.threesixty-preview-7680_dosg0K',\r\n\t\timages: ['https:\/\/geemarc.com\/fr\/wp-content\/uploads\/sites\/3\/2020\/06\/DSC_0891-copie-6.jpg','https:\/\/geemarc.com\/fr\/wp-content\/uploads\/sites\/3\/2020\/06\/DSC_0890-copie-6.jpg','https:\/\/geemarc.com\/fr\/wp-content\/uploads\/sites\/3\/2020\/06\/DSC_0925-copie-7.jpg','https:\/\/geemarc.com\/fr\/wp-content\/uploads\/sites\/3\/2020\/06\/DSC_0924-copie-7.jpg','https:\/\/geemarc.com\/fr\/wp-content\/uploads\/sites\/3\/2020\/06\/DSC_0923-copie-7.jpg','https:\/\/geemarc.com\/fr\/wp-content\/uploads\/sites\/3\/2020\/06\/DSC_0922-copie-7.jpg','https:\/\/geemarc.com\/fr\/wp-content\/uploads\/sites\/3\/2020\/06\/DSC_0921-copie-7.jpg','https:\/\/geemarc.com\/fr\/wp-content\/uploads\/sites\/3\/2020\/06\/DSC_0920-copie-7.jpg','https:\/\/geemarc.com\/fr\/wp-content\/uploads\/sites\/3\/2020\/06\/DSC_0919-copie-7.jpg','https:\/\/geemarc.com\/fr\/wp-content\/uploads\/sites\/3\/2020\/06\/DSC_0918-copie-7.jpg','https:\/\/geemarc.com\/fr\/wp-content\/uploads\/sites\/3\/2020\/06\/DSC_0917-copie-7.jpg','https:\/\/geemarc.com\/fr\/wp-content\/uploads\/sites\/3\/2020\/06\/DSC_0916-copie-7.jpg','https:\/\/geemarc.com\/fr\/wp-content\/uploads\/sites\/3\/2020\/06\/DSC_0915-copie-7.jpg','https:\/\/geemarc.com\/fr\/wp-content\/uploads\/sites\/3\/2020\/06\/DSC_0914-copie-7.jpg','https:\/\/geemarc.com\/fr\/wp-content\/uploads\/sites\/3\/2020\/06\/DSC_0913-copie-7.jpg','https:\/\/geemarc.com\/fr\/wp-content\/uploads\/sites\/3\/2020\/06\/DSC_0912-copie-7.jpg','https:\/\/geemarc.com\/fr\/wp-content\/uploads\/sites\/3\/2020\/06\/DSC_0911-copie-7.jpg','https:\/\/geemarc.com\/fr\/wp-content\/uploads\/sites\/3\/2020\/06\/DSC_0910-copie-7.jpg','https:\/\/geemarc.com\/fr\/wp-content\/uploads\/sites\/3\/2020\/06\/DSC_0909-copie-7.jpg','https:\/\/geemarc.com\/fr\/wp-content\/uploads\/sites\/3\/2020\/06\/DSC_0908-copie-7.jpg','https:\/\/geemarc.com\/fr\/wp-content\/uploads\/sites\/3\/2020\/06\/DSC_0907-copie-7.jpg','https:\/\/geemarc.com\/fr\/wp-content\/uploads\/sites\/3\/2020\/06\/DSC_0906-copie-7.jpg','https:\/\/geemarc.com\/fr\/wp-content\/uploads\/sites\/3\/2020\/06\/DSC_0905-copie-7.jpg','https:\/\/geemarc.com\/fr\/wp-content\/uploads\/sites\/3\/2020\/06\/DSC_0904-copie-7.jpg','https:\/\/geemarc.com\/fr\/wp-content\/uploads\/sites\/3\/2020\/06\/DSC_0903-copie-7.jpg','https:\/\/geemarc.com\/fr\/wp-content\/uploads\/sites\/3\/2020\/06\/DSC_0902-copie-7.jpg','https:\/\/geemarc.com\/fr\/wp-content\/uploads\/sites\/3\/2020\/06\/DSC_0901-copie-7.jpg','https:\/\/geemarc.com\/fr\/wp-content\/uploads\/sites\/3\/2020\/06\/DSC_0900-copie-7.jpg','https:\/\/geemarc.com\/fr\/wp-content\/uploads\/sites\/3\/2020\/06\/DSC_0899-copie-7.jpg','https:\/\/geemarc.com\/fr\/wp-content\/uploads\/sites\/3\/2020\/06\/DSC_0898-copie-7.jpg','https:\/\/geemarc.com\/fr\/wp-content\/uploads\/sites\/3\/2020\/06\/DSC_0897-copie-7.jpg','https:\/\/geemarc.com\/fr\/wp-content\/uploads\/sites\/3\/2020\/06\/DSC_0896-copie-7.jpg','https:\/\/geemarc.com\/fr\/wp-content\/uploads\/sites\/3\/2020\/06\/DSC_0895-copie-7.jpg','https:\/\/geemarc.com\/fr\/wp-content\/uploads\/sites\/3\/2020\/06\/DSC_0894-copie-7.jpg','https:\/\/geemarc.com\/fr\/wp-content\/uploads\/sites\/3\/2020\/06\/DSC_0893-copie-7.jpg','https:\/\/geemarc.com\/fr\/wp-content\/uploads\/sites\/3\/2020\/06\/DSC_0892-copie-7.jpg'],\r\n\t\theight: 0,\r\n\t\twidth: 536,\r\n\t\tnavigation: true,\r\n\t\tdrag: true,\r\n\t\tshowCursor: true,\r\n\t\tinterval: 120,\r\n\t\tspeedMultiplier: 3,\r\n\t\t\t\tstartAutoplay: true,\r\n\t\t\t\tonReady: function() {\r\n\t\t\t$(\"#threesixty-slider-7680_dosg0K\").removeClass('threesixty-loading');\r\n\t\t\t\t\t\tproduct_7680_dosg0K.play();\r\n\t\t\t\t\t\t\t\t}\r\n\t\t\t});\r\n\t\t\t}(jQuery));\r\n<\/script>\n","protected":false},"excerpt":{"rendered":"<p>Horloge analogique avec \u00e9cran num\u00e9rique<\/p>\n","protected":false},"featured_media":9591,"template":"","meta":[],"product_cat":[139],"product_tag":[],"yoast_head":"<!-- This site is optimized with the Yoast SEO plugin v16.9 - https:\/\/yoast.com\/wordpress\/plugins\/seo\/ -->\n<title>VISO 50 - Geemarc France<\/title>\n<meta name=\"robots\" content=\"index, follow, max-snippet:-1, max-image-preview:large, max-video-preview:-1\" \/>\n<link rel=\"canonical\" href=\"https:\/\/geemarc.com\/fr\/product\/viso-50\/\" \/>\n<meta property=\"og:locale\" content=\"fr_FR\" \/>\n<meta property=\"og:type\" content=\"article\" \/>\n<meta property=\"og:title\" content=\"VISO 50 - Geemarc France\" \/>\n<meta property=\"og:description\" content=\"Horloge analogique avec \u00e9cran num\u00e9rique\" \/>\n<meta property=\"og:url\" content=\"https:\/\/geemarc.com\/fr\/product\/viso-50\/\" \/>\n<meta property=\"og:site_name\" content=\"Geemarc France\" \/>\n<meta property=\"article:modified_time\" content=\"2024-09-18T12:31:03+00:00\" \/>\n<meta property=\"og:image\" content=\"https:\/\/geemarc.com\/fr\/wp-content\/uploads\/sites\/3\/2022\/03\/VISO50_2022_FR.jpg\" \/>\n\t<meta property=\"og:image:width\" content=\"1115\" \/>\n\t<meta property=\"og:image:height\" content=\"1487\" \/>\n<meta name=\"twitter:card\" content=\"summary_large_image\" \/>\n<meta name=\"twitter:label1\" content=\"Dur\u00e9e de lecture est.\" \/>\n\t<meta name=\"twitter:data1\" content=\"1 minute\" \/>\n<script type=\"application\/ld+json\" class=\"yoast-schema-graph\">{\"@context\":\"https:\/\/schema.org\",\"@graph\":[{\"@type\":\"WebSite\",\"@id\":\"https:\/\/geemarc.com\/fr\/#website\",\"url\":\"https:\/\/geemarc.com\/fr\/\",\"name\":\"Geemarc France\",\"description\":\"\",\"potentialAction\":[{\"@type\":\"SearchAction\",\"target\":{\"@type\":\"EntryPoint\",\"urlTemplate\":\"https:\/\/geemarc.com\/fr\/?s={search_term_string}\"},\"query-input\":\"required name=search_term_string\"}],\"inLanguage\":\"fr-FR\"},{\"@type\":\"ImageObject\",\"@id\":\"https:\/\/geemarc.com\/fr\/product\/viso-50\/#primaryimage\",\"inLanguage\":\"fr-FR\",\"url\":\"https:\/\/geemarc.com\/fr\/wp-content\/uploads\/sites\/3\/2022\/03\/VISO50_2022_FR.jpg\",\"contentUrl\":\"https:\/\/geemarc.com\/fr\/wp-content\/uploads\/sites\/3\/2022\/03\/VISO50_2022_FR.jpg\",\"width\":1115,\"height\":1487},{\"@type\":\"WebPage\",\"@id\":\"https:\/\/geemarc.com\/fr\/product\/viso-50\/#webpage\",\"url\":\"https:\/\/geemarc.com\/fr\/product\/viso-50\/\",\"name\":\"VISO 50 - Geemarc France\",\"isPartOf\":{\"@id\":\"https:\/\/geemarc.com\/fr\/#website\"},\"primaryImageOfPage\":{\"@id\":\"https:\/\/geemarc.com\/fr\/product\/viso-50\/#primaryimage\"},\"datePublished\":\"2018-08-01T13:30:19+00:00\",\"dateModified\":\"2024-09-18T12:31:03+00:00\",\"breadcrumb\":{\"@id\":\"https:\/\/geemarc.com\/fr\/product\/viso-50\/#breadcrumb\"},\"inLanguage\":\"fr-FR\",\"potentialAction\":[{\"@type\":\"ReadAction\",\"target\":[\"https:\/\/geemarc.com\/fr\/product\/viso-50\/\"]}]},{\"@type\":\"BreadcrumbList\",\"@id\":\"https:\/\/geemarc.com\/fr\/product\/viso-50\/#breadcrumb\",\"itemListElement\":[{\"@type\":\"ListItem\",\"position\":1,\"name\":\"Home\",\"item\":\"https:\/\/geemarc.com\/fr\/\"},{\"@type\":\"ListItem\",\"position\":2,\"name\":\"Shop\",\"item\":\"https:\/\/geemarc.com\/fr\/shop\/\"},{\"@type\":\"ListItem\",\"position\":3,\"name\":\"VISO 50\"}]}]}<\/script>\n<!-- \/ Yoast SEO plugin. -->","yoast_head_json":{"title":"VISO 50 - Geemarc France","robots":{"index":"index","follow":"follow","max-snippet":"max-snippet:-1","max-image-preview":"max-image-preview:large","max-video-preview":"max-video-preview:-1"},"canonical":"https:\/\/geemarc.com\/fr\/product\/viso-50\/","og_locale":"fr_FR","og_type":"article","og_title":"VISO 50 - Geemarc France","og_description":"Horloge analogique avec \u00e9cran num\u00e9rique","og_url":"https:\/\/geemarc.com\/fr\/product\/viso-50\/","og_site_name":"Geemarc France","article_modified_time":"2024-09-18T12:31:03+00:00","og_image":[{"width":1115,"height":1487,"url":"https:\/\/geemarc.com\/fr\/wp-content\/uploads\/sites\/3\/2022\/03\/VISO50_2022_FR.jpg","path":"\/home\/g\/e\/geemarcwp\/public_html\/wp-content\/uploads\/sites\/3\/2022\/03\/VISO50_2022_FR.jpg","size":"full","id":9591,"alt":"","pixels":1658005,"type":"image\/jpeg"}],"twitter_card":"summary_large_image","twitter_misc":{"Dur\u00e9e de lecture est.":"1 minute"},"schema":{"@context":"https:\/\/schema.org","@graph":[{"@type":"WebSite","@id":"https:\/\/geemarc.com\/fr\/#website","url":"https:\/\/geemarc.com\/fr\/","name":"Geemarc France","description":"","potentialAction":[{"@type":"SearchAction","target":{"@type":"EntryPoint","urlTemplate":"https:\/\/geemarc.com\/fr\/?s={search_term_string}"},"query-input":"required name=search_term_string"}],"inLanguage":"fr-FR"},{"@type":"ImageObject","@id":"https:\/\/geemarc.com\/fr\/product\/viso-50\/#primaryimage","inLanguage":"fr-FR","url":"https:\/\/geemarc.com\/fr\/wp-content\/uploads\/sites\/3\/2022\/03\/VISO50_2022_FR.jpg","contentUrl":"https:\/\/geemarc.com\/fr\/wp-content\/uploads\/sites\/3\/2022\/03\/VISO50_2022_FR.jpg","width":1115,"height":1487},{"@type":"WebPage","@id":"https:\/\/geemarc.com\/fr\/product\/viso-50\/#webpage","url":"https:\/\/geemarc.com\/fr\/product\/viso-50\/","name":"VISO 50 - Geemarc France","isPartOf":{"@id":"https:\/\/geemarc.com\/fr\/#website"},"primaryImageOfPage":{"@id":"https:\/\/geemarc.com\/fr\/product\/viso-50\/#primaryimage"},"datePublished":"2018-08-01T13:30:19+00:00","dateModified":"2024-09-18T12:31:03+00:00","breadcrumb":{"@id":"https:\/\/geemarc.com\/fr\/product\/viso-50\/#breadcrumb"},"inLanguage":"fr-FR","potentialAction":[{"@type":"ReadAction","target":["https:\/\/geemarc.com\/fr\/product\/viso-50\/"]}]},{"@type":"BreadcrumbList","@id":"https:\/\/geemarc.com\/fr\/product\/viso-50\/#breadcrumb","itemListElement":[{"@type":"ListItem","position":1,"name":"Home","item":"https:\/\/geemarc.com\/fr\/"},{"@type":"ListItem","position":2,"name":"Shop","item":"https:\/\/geemarc.com\/fr\/shop\/"},{"@type":"ListItem","position":3,"name":"VISO 50"}]}]}},"acf":[],"_links":{"self":[{"href":"https:\/\/geemarc.com\/fr\/wp-json\/wp\/v2\/product\/4592"}],"collection":[{"href":"https:\/\/geemarc.com\/fr\/wp-json\/wp\/v2\/product"}],"about":[{"href":"https:\/\/geemarc.com\/fr\/wp-json\/wp\/v2\/types\/product"}],"wp:featuredmedia":[{"embeddable":true,"href":"https:\/\/geemarc.com\/fr\/wp-json\/wp\/v2\/media\/9591"}],"wp:attachment":[{"href":"https:\/\/geemarc.com\/fr\/wp-json\/wp\/v2\/media?parent=4592"}],"wp:term":[{"taxonomy":"product_cat","embeddable":true,"href":"https:\/\/geemarc.com\/fr\/wp-json\/wp\/v2\/product_cat?post=4592"},{"taxonomy":"product_tag","embeddable":true,"href":"https:\/\/geemarc.com\/fr\/wp-json\/wp\/v2\/product_tag?post=4592"}],"curies":[{"name":"wp","href":"https:\/\/api.w.org\/{rel}","templated":true}]}}