{"id":466,"date":"2013-02-11T01:22:37","date_gmt":"2013-02-11T01:22:37","guid":{"rendered":"http:\/\/geemarc.com\/fr\/produit\/photophone100\/"},"modified":"2023-05-16T09:49:47","modified_gmt":"2023-05-16T09:49:47","slug":"photophone100","status":"publish","type":"product","link":"https:\/\/geemarc.com\/fr\/product\/photophone100\/","title":{"rendered":"PHOTOPHONE100"},"content":{"rendered":"<p><strong style=\"font-family: verdana, geneva; font-size: small;\"><span lang=\"FR\">Caract\u00e9ristiques:<\/span><\/strong><\/p>\n<ul>\n<li><span style=\"font-family: verdana, geneva; color: #000000; font-size: small;\">APPELER\/REPONDRE<\/span><\/li>\n<li><span style=\"font-family: verdana, geneva; color: #000000; font-size: small;\">Compatible appareil auditif<\/span><\/li>\n<li><span style=\"font-family: verdana, geneva; color: #000000; font-size: small;\">R\u00e9glage du volume de r\u00e9ception jusqu \u00e0 30dB<\/span><\/li>\n<li><span style=\"font-family: verdana, geneva; color: #000000; font-size: small;\">R\u00e9glage de la tonalit\u00e9 de r\u00e9ception jusqu \u00e0 10dB<\/span><\/li>\n<li><span style=\"font-family: verdana, geneva; color: #000000; font-size: small;\">Volume de sonnerie maximum: 80 db<\/span><\/li>\n<li><span style=\"font-family: verdana, geneva; color: #000000; font-size: small;\">8 m\u00e9moires photo personnalisables<\/span><\/li>\n<li><span style=\"font-family: verdana, geneva; color: #000000; font-size: small;\">3 m\u00e9moires directes<\/span><\/li>\n<li><span style=\"font-family: verdana, geneva; color: #000000; font-size: small;\">Mains libres<\/span><\/li>\n<li><span style=\"font-family: verdana, geneva; color: #000000; font-size: small;\">R\u00e9glage du volume du haut-parleur en mains libres<\/span><\/li>\n<li><span style=\"font-family: verdana, geneva; color: #000000; font-size: small;\">Touche R pour double appel<\/span><\/li>\n<li><span style=\"font-family: verdana, geneva; color: #000000; font-size: small;\">Touche Bis (rappel du dernier num\u00e9ro compos\u00e9)<\/span><\/li>\n<li><span style=\"font-family: verdana, geneva; color: #000000; font-size: small;\">Fonction Flash 100ms\/270ms\/650ms<\/span><\/li>\n<li><span style=\"font-family: verdana, geneva; color: #000000; font-size: small;\">Fonction Pause<\/span><\/li>\n<li><span style=\"font-family: verdana, geneva; color: #000000; font-size: small;\">Fonction Secret<\/span><\/li>\n<li><span style=\"font-family: verdana, geneva; color: #000000; font-size: small;\">Clavier<\/span><\/li>\n<li><span style=\"font-family: verdana, geneva; color: #000000; font-size: small;\">Larges touches<\/span><\/li>\n<li><span style=\"font-family: verdana, geneva; color: #000000; font-size: small;\">Grands caract\u00e8res 12mm<\/span><\/li>\n<li><span style=\"font-family: verdana, geneva; color: #000000; font-size: small;\">Contraste \u00e9lev\u00e9 blanc sur fond noir<\/span><\/li>\n<\/ul>\n<div class=\"success p-tmpl-wrap primary-background\">\n<p><img class=\"p1\" src=\"http:\/\/geemarc.com\/uk\/wp-content\/uploads\/sites\/2\/2019\/04\/Photo-template-Urgence.png\" \/><img class=\"p2\" src=\"http:\/\/geemarc.com\/uk\/wp-content\/uploads\/sites\/2\/2019\/04\/Photo-template-portrait.png\" \/><span class=\"h3 bold\" data-wahfont=\"20\">IMPRESSION DE VOS PHOTOS<\/span><span class=\"h3\" data-wahfont=\"20\">Nouveaut\u00e9s et exclusivit\u00e9 Geemarc Telecom<\/span><\/p>\n<div style=\"margin: 10px 0 15px; line-height: 17px;\">Un mod\u00e8le facile \u00e0 utiliser pour t\u00e9l\u00e9charger vos images et les imprimer pour les boutons des photophones.<br \/>\nCliquez sur le bouton ci-dessous.<\/div>\n<div class=\"table-cell button-right\" style=\"margin-top: 10px;\"><a class=\"button filled\" href=\"http:\/\/geemarc.com\/pp100\/f\/editor\/\" data-wahfont=\"12\">Mod\u00e8le de photos<\/a><\/div>\n<\/div>\n<div id=\"threesixty-slider-7457_HTmJxa\" class=\"threesixty-loading threesixty-image threesixty-dark-blue threesixty-vintage threesixty-no-border\" style=\"width: 800px;\">\r\n\t<div class=\"threesixty-preview-7457_HTmJxa\"><img class=\"threesixty-preview-image\" src=\"https:\/\/geemarc.com\/fr\/wp-content\/uploads\/sites\/3\/2020\/06\/DSC_0912-copie-2.jpg\"\/><\/div>\r\n\t<div class=\"threesixty-spinner threesixty-spinner-7457_HTmJxa\">\r\n\t\t<span>0%<\/span>\r\n\t<\/div>\r\n\t<ol class=\"threesixty-images threesixty-images-7457_HTmJxa\"><\/ol>\r\n\t\t\t<a href=\"#threesixty-slider-7457_HTmJxa\" class=\"threesixty-mfp-anchor\"><\/a>\r\n\t<\/div>\r\n<!--SPV--><script type=\"text\/javascript\">\/\/SPV\r\n(function($) {\r\n\t\t$('#threesixty-slider-7457_HTmJxa .threesixty-mfp-anchor').magnificPopup({\r\n\t\ttype:'inline',\r\n\t\tcloseOnBgClick: true,\r\n\t\tmidClick: true,\r\n\t\t\/\/removalDelay: 300,\r\n  \t\t\/\/mainClass: 'mfp-fade',\r\n\t\tcallbacks: {\r\n\t\t\t resize: function() {\r\n\t\t\t \tvar originalHeight \t= 641,\r\n\t\t\t \t\toriginalWidth \t= 800,\r\n\t\t\t \t\tmfpHeight \t\t= 641,\r\n\t\t\t \t\tmfpWidth \t\t= 800,\r\n\t\t\t \t\tratio \t\t\t= originalWidth \/ originalHeight,\r\n\t\t\t \t\twinHeight \t\t= $(window).height(),\r\n\t\t\t \t\twinWidth \t\t= $(window).width();\r\n\t\t\t \t\r\n\t\t\t \tif ( originalHeight > winHeight * 0.9 ) {\r\n\t\t\t \t\tmfpHeight \t\t= winHeight * 0.9;\r\n\t\t\t \t\tmfpWidth \t\t= mfpHeight * ratio;\r\n\t\t\t\t}\r\n\t\t\t\tif ( mfpWidth > winWidth * 0.9 ) {\r\n\t\t\t \t\tmfpWidth \t\t= winWidth * 0.9;\r\n\t\t\t \t\tmfpHeight \t\t= mfpWidth \/ ratio;\r\n\t\t\t\t}\r\n\t\t\t \tif ( mfpHeight < originalHeight && mfpWidth < originalWidth ) {\r\n\t\t\t\t    $('#threesixty-slider-7457_HTmJxa').height(mfpHeight);\r\n\t\t\t\t    $('#threesixty-slider-7457_HTmJxa').width(mfpWidth);\r\n\t\t\t\t} \r\n\t\t\t\telse {\r\n\t\t\t\t    $('#threesixty-slider-7457_HTmJxa').height(originalHeight);\r\n\t\t\t\t    $('#threesixty-slider-7457_HTmJxa').width(originalWidth);\r\n\t\t\t\t}\r\n\t\t\t},\r\n\t\t\tclose: function() {\r\n\t\t\t    $('#threesixty-slider-7457_HTmJxa').height('auto');\r\n\t\t\t    $('#threesixty-slider-7457_HTmJxa').width(800);\r\n\t\t\t}\r\n\t\t},\r\n\t\tcloseMarkup :\"<button class=\\\"mfp-close\\\"><\/button>\"\r\n\t});\r\n\t\tvar product_7457_HTmJxa = $('#threesixty-slider-7457_HTmJxa').ThreeSixty({\r\n\t\ttotalFrames: 36,\r\n\t\tendFrame: 0,\r\n\t\tcurrentFrame: 36,\r\n\t\timgList: '.threesixty-images-7457_HTmJxa',\r\n\t\tprogress: '.threesixty-spinner-7457_HTmJxa',\r\n\t\tpreview: '.threesixty-preview-7457_HTmJxa',\r\n\t\timages: ['https:\/\/geemarc.com\/fr\/wp-content\/uploads\/sites\/3\/2020\/06\/DSC_0911-copie-2.jpg','https:\/\/geemarc.com\/fr\/wp-content\/uploads\/sites\/3\/2020\/06\/DSC_0910-copie-2.jpg','https:\/\/geemarc.com\/fr\/wp-content\/uploads\/sites\/3\/2020\/06\/DSC_0909-copie-2.jpg','https:\/\/geemarc.com\/fr\/wp-content\/uploads\/sites\/3\/2020\/06\/DSC_0908-copie-2.jpg','https:\/\/geemarc.com\/fr\/wp-content\/uploads\/sites\/3\/2020\/06\/DSC_0907-copie-2.jpg','https:\/\/geemarc.com\/fr\/wp-content\/uploads\/sites\/3\/2020\/06\/DSC_0906-copie-2.jpg','https:\/\/geemarc.com\/fr\/wp-content\/uploads\/sites\/3\/2020\/06\/DSC_0905-copie-2.jpg','https:\/\/geemarc.com\/fr\/wp-content\/uploads\/sites\/3\/2020\/06\/DSC_0904-copie-2.jpg','https:\/\/geemarc.com\/fr\/wp-content\/uploads\/sites\/3\/2020\/06\/DSC_0903-copie-2.jpg','https:\/\/geemarc.com\/fr\/wp-content\/uploads\/sites\/3\/2020\/06\/DSC_0902-copie-2.jpg','https:\/\/geemarc.com\/fr\/wp-content\/uploads\/sites\/3\/2020\/06\/DSC_0901-copie-2.jpg','https:\/\/geemarc.com\/fr\/wp-content\/uploads\/sites\/3\/2020\/06\/DSC_0900-copie-2.jpg','https:\/\/geemarc.com\/fr\/wp-content\/uploads\/sites\/3\/2020\/06\/DSC_0899-copie-2.jpg','https:\/\/geemarc.com\/fr\/wp-content\/uploads\/sites\/3\/2020\/06\/DSC_0898-copie-2.jpg','https:\/\/geemarc.com\/fr\/wp-content\/uploads\/sites\/3\/2020\/06\/DSC_0897-copie-2.jpg','https:\/\/geemarc.com\/fr\/wp-content\/uploads\/sites\/3\/2020\/06\/DSC_0896-copie-2.jpg','https:\/\/geemarc.com\/fr\/wp-content\/uploads\/sites\/3\/2020\/06\/DSC_0895-copie-2.jpg','https:\/\/geemarc.com\/fr\/wp-content\/uploads\/sites\/3\/2020\/06\/DSC_0894-copie-2.jpg','https:\/\/geemarc.com\/fr\/wp-content\/uploads\/sites\/3\/2020\/06\/DSC_0893-copie-2.jpg','https:\/\/geemarc.com\/fr\/wp-content\/uploads\/sites\/3\/2020\/06\/DSC_0892-copie-2.jpg','https:\/\/geemarc.com\/fr\/wp-content\/uploads\/sites\/3\/2020\/06\/DSC_0891-copie-1.jpg','https:\/\/geemarc.com\/fr\/wp-content\/uploads\/sites\/3\/2020\/06\/DSC_0890-copie-1.jpg','https:\/\/geemarc.com\/fr\/wp-content\/uploads\/sites\/3\/2020\/06\/DSC_0925-copie-2.jpg','https:\/\/geemarc.com\/fr\/wp-content\/uploads\/sites\/3\/2020\/06\/DSC_0924-copie-2.jpg','https:\/\/geemarc.com\/fr\/wp-content\/uploads\/sites\/3\/2020\/06\/DSC_0923-copie-2.jpg','https:\/\/geemarc.com\/fr\/wp-content\/uploads\/sites\/3\/2020\/06\/DSC_0922-copie-2.jpg','https:\/\/geemarc.com\/fr\/wp-content\/uploads\/sites\/3\/2020\/06\/DSC_0921-copie-2.jpg','https:\/\/geemarc.com\/fr\/wp-content\/uploads\/sites\/3\/2020\/06\/DSC_0920-copie-2.jpg','https:\/\/geemarc.com\/fr\/wp-content\/uploads\/sites\/3\/2020\/06\/DSC_0919-copie-2.jpg','https:\/\/geemarc.com\/fr\/wp-content\/uploads\/sites\/3\/2020\/06\/DSC_0918-copie-2.jpg','https:\/\/geemarc.com\/fr\/wp-content\/uploads\/sites\/3\/2020\/06\/DSC_0917-copie-2.jpg','https:\/\/geemarc.com\/fr\/wp-content\/uploads\/sites\/3\/2020\/06\/DSC_0916-copie-2.jpg','https:\/\/geemarc.com\/fr\/wp-content\/uploads\/sites\/3\/2020\/06\/DSC_0915-copie-2.jpg','https:\/\/geemarc.com\/fr\/wp-content\/uploads\/sites\/3\/2020\/06\/DSC_0914-copie-2.jpg','https:\/\/geemarc.com\/fr\/wp-content\/uploads\/sites\/3\/2020\/06\/DSC_0913-copie-2.jpg','https:\/\/geemarc.com\/fr\/wp-content\/uploads\/sites\/3\/2020\/06\/DSC_0912-copie-2.jpg'],\r\n\t\theight: 0,\r\n\t\twidth: 800,\r\n\t\tnavigation: true,\r\n\t\tdrag: true,\r\n\t\tshowCursor: true,\r\n\t\tinterval: 120,\r\n\t\tspeedMultiplier: 3,\r\n\t\t\t\tstartAutoplay: true,\r\n\t\t\t\tonReady: function() {\r\n\t\t\t$(\"#threesixty-slider-7457_HTmJxa\").removeClass('threesixty-loading');\r\n\t\t\t\t\t\tproduct_7457_HTmJxa.play();\r\n\t\t\t\t\t\t\t\t}\r\n\t\t\t});\r\n\t\t\t}(jQuery));\r\n<\/script>\n","protected":false},"excerpt":{"rendered":"<p>T\u00e9l\u00e9phone amplifi\u00e9 \u00e0 touches personnalisables<\/p>\n","protected":false},"featured_media":4217,"template":"","meta":[],"product_cat":[129],"product_tag":[],"yoast_head":"<!-- This site is optimized with the Yoast SEO plugin v16.9 - https:\/\/yoast.com\/wordpress\/plugins\/seo\/ -->\n<title>PHOTOPHONE100 - Geemarc France<\/title>\n<meta name=\"robots\" content=\"index, follow, max-snippet:-1, max-image-preview:large, max-video-preview:-1\" \/>\n<link rel=\"canonical\" href=\"https:\/\/geemarc.com\/fr\/product\/photophone100\/\" \/>\n<meta property=\"og:locale\" content=\"fr_FR\" \/>\n<meta property=\"og:type\" content=\"article\" \/>\n<meta property=\"og:title\" content=\"PHOTOPHONE100 - Geemarc France\" \/>\n<meta property=\"og:description\" content=\"T\u00e9l\u00e9phone amplifi\u00e9 \u00e0 touches personnalisables\" \/>\n<meta property=\"og:url\" content=\"https:\/\/geemarc.com\/fr\/product\/photophone100\/\" \/>\n<meta property=\"og:site_name\" content=\"Geemarc France\" \/>\n<meta property=\"article:modified_time\" content=\"2023-05-16T09:49:47+00:00\" \/>\n<meta property=\"og:image\" content=\"https:\/\/geemarc.com\/fr\/wp-content\/uploads\/sites\/3\/2013\/02\/PHOTOPHONE100_WH.01.jpg\" \/>\n\t<meta property=\"og:image:width\" content=\"1880\" \/>\n\t<meta property=\"og:image:height\" content=\"1494\" \/>\n<meta name=\"twitter:card\" content=\"summary_large_image\" \/>\n<meta name=\"twitter:label1\" content=\"Dur\u00e9e de lecture est.\" \/>\n\t<meta name=\"twitter:data1\" content=\"1 minute\" \/>\n<script type=\"application\/ld+json\" class=\"yoast-schema-graph\">{\"@context\":\"https:\/\/schema.org\",\"@graph\":[{\"@type\":\"WebSite\",\"@id\":\"https:\/\/geemarc.com\/fr\/#website\",\"url\":\"https:\/\/geemarc.com\/fr\/\",\"name\":\"Geemarc France\",\"description\":\"\",\"potentialAction\":[{\"@type\":\"SearchAction\",\"target\":{\"@type\":\"EntryPoint\",\"urlTemplate\":\"https:\/\/geemarc.com\/fr\/?s={search_term_string}\"},\"query-input\":\"required name=search_term_string\"}],\"inLanguage\":\"fr-FR\"},{\"@type\":\"ImageObject\",\"@id\":\"https:\/\/geemarc.com\/fr\/product\/photophone100\/#primaryimage\",\"inLanguage\":\"fr-FR\",\"url\":\"https:\/\/geemarc.com\/fr\/wp-content\/uploads\/sites\/3\/2013\/02\/PHOTOPHONE100_WH.01.jpg\",\"contentUrl\":\"https:\/\/geemarc.com\/fr\/wp-content\/uploads\/sites\/3\/2013\/02\/PHOTOPHONE100_WH.01.jpg\",\"width\":1880,\"height\":1494},{\"@type\":\"WebPage\",\"@id\":\"https:\/\/geemarc.com\/fr\/product\/photophone100\/#webpage\",\"url\":\"https:\/\/geemarc.com\/fr\/product\/photophone100\/\",\"name\":\"PHOTOPHONE100 - Geemarc France\",\"isPartOf\":{\"@id\":\"https:\/\/geemarc.com\/fr\/#website\"},\"primaryImageOfPage\":{\"@id\":\"https:\/\/geemarc.com\/fr\/product\/photophone100\/#primaryimage\"},\"datePublished\":\"2013-02-11T01:22:37+00:00\",\"dateModified\":\"2023-05-16T09:49:47+00:00\",\"breadcrumb\":{\"@id\":\"https:\/\/geemarc.com\/fr\/product\/photophone100\/#breadcrumb\"},\"inLanguage\":\"fr-FR\",\"potentialAction\":[{\"@type\":\"ReadAction\",\"target\":[\"https:\/\/geemarc.com\/fr\/product\/photophone100\/\"]}]},{\"@type\":\"BreadcrumbList\",\"@id\":\"https:\/\/geemarc.com\/fr\/product\/photophone100\/#breadcrumb\",\"itemListElement\":[{\"@type\":\"ListItem\",\"position\":1,\"name\":\"Home\",\"item\":\"https:\/\/geemarc.com\/fr\/\"},{\"@type\":\"ListItem\",\"position\":2,\"name\":\"Shop\",\"item\":\"https:\/\/geemarc.com\/fr\/shop\/\"},{\"@type\":\"ListItem\",\"position\":3,\"name\":\"PHOTOPHONE100\"}]}]}<\/script>\n<!-- \/ Yoast SEO plugin. -->","yoast_head_json":{"title":"PHOTOPHONE100 - Geemarc France","robots":{"index":"index","follow":"follow","max-snippet":"max-snippet:-1","max-image-preview":"max-image-preview:large","max-video-preview":"max-video-preview:-1"},"canonical":"https:\/\/geemarc.com\/fr\/product\/photophone100\/","og_locale":"fr_FR","og_type":"article","og_title":"PHOTOPHONE100 - Geemarc France","og_description":"T\u00e9l\u00e9phone amplifi\u00e9 \u00e0 touches personnalisables","og_url":"https:\/\/geemarc.com\/fr\/product\/photophone100\/","og_site_name":"Geemarc France","article_modified_time":"2023-05-16T09:49:47+00:00","og_image":[{"width":1880,"height":1494,"url":"https:\/\/geemarc.com\/fr\/wp-content\/uploads\/sites\/3\/2013\/02\/PHOTOPHONE100_WH.01.jpg","path":"\/home\/g\/e\/geemarcwp\/public_html\/wp-content\/uploads\/sites\/3\/2013\/02\/PHOTOPHONE100_WH.01.jpg","size":"full","id":4217,"alt":"","pixels":2808720,"type":"image\/jpeg"}],"twitter_card":"summary_large_image","twitter_misc":{"Dur\u00e9e de lecture est.":"1 minute"},"schema":{"@context":"https:\/\/schema.org","@graph":[{"@type":"WebSite","@id":"https:\/\/geemarc.com\/fr\/#website","url":"https:\/\/geemarc.com\/fr\/","name":"Geemarc France","description":"","potentialAction":[{"@type":"SearchAction","target":{"@type":"EntryPoint","urlTemplate":"https:\/\/geemarc.com\/fr\/?s={search_term_string}"},"query-input":"required name=search_term_string"}],"inLanguage":"fr-FR"},{"@type":"ImageObject","@id":"https:\/\/geemarc.com\/fr\/product\/photophone100\/#primaryimage","inLanguage":"fr-FR","url":"https:\/\/geemarc.com\/fr\/wp-content\/uploads\/sites\/3\/2013\/02\/PHOTOPHONE100_WH.01.jpg","contentUrl":"https:\/\/geemarc.com\/fr\/wp-content\/uploads\/sites\/3\/2013\/02\/PHOTOPHONE100_WH.01.jpg","width":1880,"height":1494},{"@type":"WebPage","@id":"https:\/\/geemarc.com\/fr\/product\/photophone100\/#webpage","url":"https:\/\/geemarc.com\/fr\/product\/photophone100\/","name":"PHOTOPHONE100 - Geemarc France","isPartOf":{"@id":"https:\/\/geemarc.com\/fr\/#website"},"primaryImageOfPage":{"@id":"https:\/\/geemarc.com\/fr\/product\/photophone100\/#primaryimage"},"datePublished":"2013-02-11T01:22:37+00:00","dateModified":"2023-05-16T09:49:47+00:00","breadcrumb":{"@id":"https:\/\/geemarc.com\/fr\/product\/photophone100\/#breadcrumb"},"inLanguage":"fr-FR","potentialAction":[{"@type":"ReadAction","target":["https:\/\/geemarc.com\/fr\/product\/photophone100\/"]}]},{"@type":"BreadcrumbList","@id":"https:\/\/geemarc.com\/fr\/product\/photophone100\/#breadcrumb","itemListElement":[{"@type":"ListItem","position":1,"name":"Home","item":"https:\/\/geemarc.com\/fr\/"},{"@type":"ListItem","position":2,"name":"Shop","item":"https:\/\/geemarc.com\/fr\/shop\/"},{"@type":"ListItem","position":3,"name":"PHOTOPHONE100"}]}]}},"acf":[],"_links":{"self":[{"href":"https:\/\/geemarc.com\/fr\/wp-json\/wp\/v2\/product\/466"}],"collection":[{"href":"https:\/\/geemarc.com\/fr\/wp-json\/wp\/v2\/product"}],"about":[{"href":"https:\/\/geemarc.com\/fr\/wp-json\/wp\/v2\/types\/product"}],"wp:featuredmedia":[{"embeddable":true,"href":"https:\/\/geemarc.com\/fr\/wp-json\/wp\/v2\/media\/4217"}],"wp:attachment":[{"href":"https:\/\/geemarc.com\/fr\/wp-json\/wp\/v2\/media?parent=466"}],"wp:term":[{"taxonomy":"product_cat","embeddable":true,"href":"https:\/\/geemarc.com\/fr\/wp-json\/wp\/v2\/product_cat?post=466"},{"taxonomy":"product_tag","embeddable":true,"href":"https:\/\/geemarc.com\/fr\/wp-json\/wp\/v2\/product_tag?post=466"}],"curies":[{"name":"wp","href":"https:\/\/api.w.org\/{rel}","templated":true}]}}