{"id":510,"date":"2013-02-11T01:22:37","date_gmt":"2013-02-11T01:22:37","guid":{"rendered":"http:\/\/geemarc.com\/fr\/produit\/line-simulator\/"},"modified":"2018-01-03T14:09:44","modified_gmt":"2018-01-03T14:09:44","slug":"line-simulator","status":"publish","type":"product","link":"https:\/\/geemarc.com\/fr\/product\/line-simulator\/","title":{"rendered":"SIMULATEUR DE LIGNE"},"content":{"rendered":"<p class=\"catdes\" style=\"margin-top: 0.3cm;\"><strong><span style=\"font-family: verdana, geneva; font-size: 1.2em; color: #000000;\">Cet appareil permet de tester les produits de la gamme Geemarc Clearsound dans les conditions normales de communication<\/span><\/strong><\/p>\n<p class=\"catdes\" style=\"margin-top: 0.3cm;\"><strong><span style=\"font-family: verdana, geneva; font-size: 1.2em; color: #000000;\">Caract\u00e9ristiques: <\/span><\/strong><br \/>\n<span style=\"font-family: verdana, geneva; font-size: 1.2em; color: #000000;\">Test de sonnerie:<\/span><br \/>\n<span style=\"font-family: verdana, geneva; font-size: 1.2em; color: #000000;\">Il permet de comparer les diff\u00e9rentes sonneries possibles et les voyants lumineux associ\u00e9s.<\/span><\/p>\n<p><strong><span style=\"font-family: verdana, geneva; font-size: 1.2em; color: #000000;\">Test de communication:<\/span><\/strong><br \/>\n<span style=\"font-family: verdana, geneva; font-size: 1.2em; color: #000000;\">Pour effectuer la simulation, deux postes sont n\u00e9cessaires:<\/span><br \/>\n<span style=\"font-family: verdana, geneva; font-size: 1.2em; color: #000000;\">1\/ un poste de contr\u00f4le qui servira de r\u00e9f\u00e9rence;<\/span><br \/>\n<span style=\"font-family: verdana, geneva; font-size: 1.2em; color: #000000;\">2\/ un poste en d\u00e9monstration, avec lequel on pourra entrer en communication et on pourra donc ajuster les param\u00e8tres de volume et de tonalit\u00e9 tant en mission quen r\u00e9ception.<\/span><br \/>\n<span style=\"font-family: verdana, geneva; font-size: 1.2em; color: #000000;\">On pourra aussi tester la boucle magn\u00e9tique si le patient est appareill\u00e9.<\/span><\/p>\n","protected":false},"excerpt":{"rendered":"<p>The line simulator makes it easy to test telephones without connecting to the network<\/p>\n","protected":false},"featured_media":3107,"template":"","meta":[],"product_cat":[155],"product_tag":[],"yoast_head":"<!-- This site is optimized with the Yoast SEO plugin v16.9 - https:\/\/yoast.com\/wordpress\/plugins\/seo\/ -->\n<title>SIMULATEUR DE LIGNE - Geemarc France<\/title>\n<meta name=\"robots\" content=\"index, follow, max-snippet:-1, max-image-preview:large, max-video-preview:-1\" \/>\n<link rel=\"canonical\" href=\"https:\/\/geemarc.com\/fr\/product\/line-simulator\/\" \/>\n<meta property=\"og:locale\" content=\"fr_FR\" \/>\n<meta property=\"og:type\" content=\"article\" \/>\n<meta property=\"og:title\" content=\"SIMULATEUR DE LIGNE - Geemarc France\" \/>\n<meta property=\"og:description\" content=\"The line simulator makes it easy to test telephones without connecting to the network\" \/>\n<meta property=\"og:url\" content=\"https:\/\/geemarc.com\/fr\/product\/line-simulator\/\" \/>\n<meta property=\"og:site_name\" content=\"Geemarc France\" \/>\n<meta property=\"article:modified_time\" content=\"2018-01-03T14:09:44+00:00\" \/>\n<meta property=\"og:image\" content=\"https:\/\/geemarc.com\/fr\/wp-content\/uploads\/sites\/3\/2013\/02\/Line_Simulator_4d7496be895cc.jpg\" \/>\n\t<meta property=\"og:image:width\" content=\"597\" \/>\n\t<meta property=\"og:image:height\" content=\"500\" \/>\n<meta name=\"twitter:card\" content=\"summary_large_image\" \/>\n<meta name=\"twitter:label1\" content=\"Dur\u00e9e de lecture est.\" \/>\n\t<meta name=\"twitter:data1\" content=\"1 minute\" \/>\n<script type=\"application\/ld+json\" class=\"yoast-schema-graph\">{\"@context\":\"https:\/\/schema.org\",\"@graph\":[{\"@type\":\"WebSite\",\"@id\":\"https:\/\/geemarc.com\/fr\/#website\",\"url\":\"https:\/\/geemarc.com\/fr\/\",\"name\":\"Geemarc France\",\"description\":\"\",\"potentialAction\":[{\"@type\":\"SearchAction\",\"target\":{\"@type\":\"EntryPoint\",\"urlTemplate\":\"https:\/\/geemarc.com\/fr\/?s={search_term_string}\"},\"query-input\":\"required name=search_term_string\"}],\"inLanguage\":\"fr-FR\"},{\"@type\":\"ImageObject\",\"@id\":\"https:\/\/geemarc.com\/fr\/product\/line-simulator\/#primaryimage\",\"inLanguage\":\"fr-FR\",\"url\":\"https:\/\/geemarc.com\/fr\/wp-content\/uploads\/sites\/3\/2013\/02\/Line_Simulator_4d7496be895cc.jpg\",\"contentUrl\":\"https:\/\/geemarc.com\/fr\/wp-content\/uploads\/sites\/3\/2013\/02\/Line_Simulator_4d7496be895cc.jpg\",\"width\":597,\"height\":500},{\"@type\":\"WebPage\",\"@id\":\"https:\/\/geemarc.com\/fr\/product\/line-simulator\/#webpage\",\"url\":\"https:\/\/geemarc.com\/fr\/product\/line-simulator\/\",\"name\":\"SIMULATEUR DE LIGNE - Geemarc France\",\"isPartOf\":{\"@id\":\"https:\/\/geemarc.com\/fr\/#website\"},\"primaryImageOfPage\":{\"@id\":\"https:\/\/geemarc.com\/fr\/product\/line-simulator\/#primaryimage\"},\"datePublished\":\"2013-02-11T01:22:37+00:00\",\"dateModified\":\"2018-01-03T14:09:44+00:00\",\"breadcrumb\":{\"@id\":\"https:\/\/geemarc.com\/fr\/product\/line-simulator\/#breadcrumb\"},\"inLanguage\":\"fr-FR\",\"potentialAction\":[{\"@type\":\"ReadAction\",\"target\":[\"https:\/\/geemarc.com\/fr\/product\/line-simulator\/\"]}]},{\"@type\":\"BreadcrumbList\",\"@id\":\"https:\/\/geemarc.com\/fr\/product\/line-simulator\/#breadcrumb\",\"itemListElement\":[{\"@type\":\"ListItem\",\"position\":1,\"name\":\"Home\",\"item\":\"https:\/\/geemarc.com\/fr\/\"},{\"@type\":\"ListItem\",\"position\":2,\"name\":\"Shop\",\"item\":\"https:\/\/geemarc.com\/fr\/shop\/\"},{\"@type\":\"ListItem\",\"position\":3,\"name\":\"SIMULATEUR DE LIGNE\"}]}]}<\/script>\n<!-- \/ Yoast SEO plugin. -->","yoast_head_json":{"title":"SIMULATEUR DE LIGNE - Geemarc France","robots":{"index":"index","follow":"follow","max-snippet":"max-snippet:-1","max-image-preview":"max-image-preview:large","max-video-preview":"max-video-preview:-1"},"canonical":"https:\/\/geemarc.com\/fr\/product\/line-simulator\/","og_locale":"fr_FR","og_type":"article","og_title":"SIMULATEUR DE LIGNE - Geemarc France","og_description":"The line simulator makes it easy to test telephones without connecting to the network","og_url":"https:\/\/geemarc.com\/fr\/product\/line-simulator\/","og_site_name":"Geemarc France","article_modified_time":"2018-01-03T14:09:44+00:00","og_image":[{"width":597,"height":500,"url":"https:\/\/geemarc.com\/fr\/wp-content\/uploads\/sites\/3\/2013\/02\/Line_Simulator_4d7496be895cc.jpg","path":"\/home\/g\/e\/geemarcwp\/public_html\/wp-content\/uploads\/sites\/3\/2013\/02\/Line_Simulator_4d7496be895cc.jpg","size":"full","id":3107,"alt":"","pixels":298500,"type":"image\/jpeg"}],"twitter_card":"summary_large_image","twitter_misc":{"Dur\u00e9e de lecture est.":"1 minute"},"schema":{"@context":"https:\/\/schema.org","@graph":[{"@type":"WebSite","@id":"https:\/\/geemarc.com\/fr\/#website","url":"https:\/\/geemarc.com\/fr\/","name":"Geemarc France","description":"","potentialAction":[{"@type":"SearchAction","target":{"@type":"EntryPoint","urlTemplate":"https:\/\/geemarc.com\/fr\/?s={search_term_string}"},"query-input":"required name=search_term_string"}],"inLanguage":"fr-FR"},{"@type":"ImageObject","@id":"https:\/\/geemarc.com\/fr\/product\/line-simulator\/#primaryimage","inLanguage":"fr-FR","url":"https:\/\/geemarc.com\/fr\/wp-content\/uploads\/sites\/3\/2013\/02\/Line_Simulator_4d7496be895cc.jpg","contentUrl":"https:\/\/geemarc.com\/fr\/wp-content\/uploads\/sites\/3\/2013\/02\/Line_Simulator_4d7496be895cc.jpg","width":597,"height":500},{"@type":"WebPage","@id":"https:\/\/geemarc.com\/fr\/product\/line-simulator\/#webpage","url":"https:\/\/geemarc.com\/fr\/product\/line-simulator\/","name":"SIMULATEUR DE LIGNE - Geemarc France","isPartOf":{"@id":"https:\/\/geemarc.com\/fr\/#website"},"primaryImageOfPage":{"@id":"https:\/\/geemarc.com\/fr\/product\/line-simulator\/#primaryimage"},"datePublished":"2013-02-11T01:22:37+00:00","dateModified":"2018-01-03T14:09:44+00:00","breadcrumb":{"@id":"https:\/\/geemarc.com\/fr\/product\/line-simulator\/#breadcrumb"},"inLanguage":"fr-FR","potentialAction":[{"@type":"ReadAction","target":["https:\/\/geemarc.com\/fr\/product\/line-simulator\/"]}]},{"@type":"BreadcrumbList","@id":"https:\/\/geemarc.com\/fr\/product\/line-simulator\/#breadcrumb","itemListElement":[{"@type":"ListItem","position":1,"name":"Home","item":"https:\/\/geemarc.com\/fr\/"},{"@type":"ListItem","position":2,"name":"Shop","item":"https:\/\/geemarc.com\/fr\/shop\/"},{"@type":"ListItem","position":3,"name":"SIMULATEUR DE LIGNE"}]}]}},"acf":[],"_links":{"self":[{"href":"https:\/\/geemarc.com\/fr\/wp-json\/wp\/v2\/product\/510"}],"collection":[{"href":"https:\/\/geemarc.com\/fr\/wp-json\/wp\/v2\/product"}],"about":[{"href":"https:\/\/geemarc.com\/fr\/wp-json\/wp\/v2\/types\/product"}],"wp:featuredmedia":[{"embeddable":true,"href":"https:\/\/geemarc.com\/fr\/wp-json\/wp\/v2\/media\/3107"}],"wp:attachment":[{"href":"https:\/\/geemarc.com\/fr\/wp-json\/wp\/v2\/media?parent=510"}],"wp:term":[{"taxonomy":"product_cat","embeddable":true,"href":"https:\/\/geemarc.com\/fr\/wp-json\/wp\/v2\/product_cat?post=510"},{"taxonomy":"product_tag","embeddable":true,"href":"https:\/\/geemarc.com\/fr\/wp-json\/wp\/v2\/product_tag?post=510"}],"curies":[{"name":"wp","href":"https:\/\/api.w.org\/{rel}","templated":true}]}}