{"id":511,"date":"2013-02-11T01:22:37","date_gmt":"2013-02-11T01:22:37","guid":{"rendered":"http:\/\/geemarc.com\/fr\/produit\/cla4\/"},"modified":"2019-07-01T13:14:55","modified_gmt":"2019-07-01T13:14:55","slug":"cla4","status":"publish","type":"product","link":"https:\/\/geemarc.com\/fr\/product\/cla4\/","title":{"rendered":"CLA4"},"content":{"rendered":"<p class=\"catdes\"><strong><span style=\"font-family: verdana,geneva; color: #000000; font-size: 1.2em;\">Combin\u00e9 Conduction Osseuse<\/span><\/strong><\/p>\n<p><strong><span style=\"font-family: verdana,geneva; color: #000000; font-size: 1.2em;\">Caract\u00e9ristiques: <\/span><\/strong><\/p>\n<ul>\n<li><span style=\"font-family: verdana, geneva; font-size: 1.1em;\">Si vous avez des probl\u00e8mes auditifs, placez le combin\u00e9 Direct Vibe sur votre cr\u00e2ne (sur la tempe, autour ou derri\u00e8re loreille) et<\/span><\/li>\n<li><span style=\"font-family: verdana, geneva; font-size: 1.1em;\">Trouver la position qui vous semblera la meilleure.<\/span><\/li>\n<li><span style=\"font-family: verdana, geneva; font-size: 1.1em;\">En pla\u00e7ant l\u00e9couteur \u00e0 un de ces endroits, les vibrations \u00e9mises par le transducteur stimulent votre nerf auditif par conduction<\/span><\/li>\n<li><span style=\"font-family: verdana, geneva; font-size: 1.1em;\">Osseuse et vous permet de comprendre votre interlocuteur.<\/span><\/li>\n<li><span style=\"font-family: verdana, geneva; font-size: 1.1em;\">Pour installer le combin\u00e9 Direct Vibe, d\u00e9connectez le combin\u00e9 standard et rempla\u00e7able par le nouveau.<\/span><\/li>\n<\/ul>\n","protected":false},"excerpt":{"rendered":"<p>Combin\u00e9 \u00e0 conduction osseuse<\/p>\n","protected":false},"featured_media":3720,"template":"","meta":[],"product_cat":[132],"product_tag":[],"yoast_head":"<!-- This site is optimized with the Yoast SEO plugin v16.9 - https:\/\/yoast.com\/wordpress\/plugins\/seo\/ -->\n<title>CLA4 - Geemarc France<\/title>\n<meta name=\"robots\" content=\"index, follow, max-snippet:-1, max-image-preview:large, max-video-preview:-1\" \/>\n<link rel=\"canonical\" href=\"https:\/\/geemarc.com\/fr\/product\/cla4\/\" \/>\n<meta property=\"og:locale\" content=\"fr_FR\" \/>\n<meta property=\"og:type\" content=\"article\" \/>\n<meta property=\"og:title\" content=\"CLA4 - Geemarc France\" \/>\n<meta property=\"og:description\" content=\"Combin\u00e9 \u00e0 conduction osseuse\" \/>\n<meta property=\"og:url\" content=\"https:\/\/geemarc.com\/fr\/product\/cla4\/\" \/>\n<meta property=\"og:site_name\" content=\"Geemarc France\" \/>\n<meta property=\"article:modified_time\" content=\"2019-07-01T13:14:55+00:00\" \/>\n<meta property=\"og:image\" content=\"https:\/\/geemarc.com\/fr\/wp-content\/uploads\/sites\/3\/2013\/02\/CLA4-1-scaled.jpg\" \/>\n\t<meta property=\"og:image:width\" content=\"1568\" \/>\n\t<meta property=\"og:image:height\" content=\"2999\" \/>\n<meta name=\"twitter:card\" content=\"summary_large_image\" \/>\n<script type=\"application\/ld+json\" class=\"yoast-schema-graph\">{\"@context\":\"https:\/\/schema.org\",\"@graph\":[{\"@type\":\"WebSite\",\"@id\":\"https:\/\/geemarc.com\/fr\/#website\",\"url\":\"https:\/\/geemarc.com\/fr\/\",\"name\":\"Geemarc France\",\"description\":\"\",\"potentialAction\":[{\"@type\":\"SearchAction\",\"target\":{\"@type\":\"EntryPoint\",\"urlTemplate\":\"https:\/\/geemarc.com\/fr\/?s={search_term_string}\"},\"query-input\":\"required name=search_term_string\"}],\"inLanguage\":\"fr-FR\"},{\"@type\":\"ImageObject\",\"@id\":\"https:\/\/geemarc.com\/fr\/product\/cla4\/#primaryimage\",\"inLanguage\":\"fr-FR\",\"url\":\"https:\/\/geemarc.com\/fr\/wp-content\/uploads\/sites\/3\/2013\/02\/CLA4-1-scaled.jpg\",\"contentUrl\":\"https:\/\/geemarc.com\/fr\/wp-content\/uploads\/sites\/3\/2013\/02\/CLA4-1-scaled.jpg\",\"width\":1568,\"height\":2999},{\"@type\":\"WebPage\",\"@id\":\"https:\/\/geemarc.com\/fr\/product\/cla4\/#webpage\",\"url\":\"https:\/\/geemarc.com\/fr\/product\/cla4\/\",\"name\":\"CLA4 - Geemarc France\",\"isPartOf\":{\"@id\":\"https:\/\/geemarc.com\/fr\/#website\"},\"primaryImageOfPage\":{\"@id\":\"https:\/\/geemarc.com\/fr\/product\/cla4\/#primaryimage\"},\"datePublished\":\"2013-02-11T01:22:37+00:00\",\"dateModified\":\"2019-07-01T13:14:55+00:00\",\"breadcrumb\":{\"@id\":\"https:\/\/geemarc.com\/fr\/product\/cla4\/#breadcrumb\"},\"inLanguage\":\"fr-FR\",\"potentialAction\":[{\"@type\":\"ReadAction\",\"target\":[\"https:\/\/geemarc.com\/fr\/product\/cla4\/\"]}]},{\"@type\":\"BreadcrumbList\",\"@id\":\"https:\/\/geemarc.com\/fr\/product\/cla4\/#breadcrumb\",\"itemListElement\":[{\"@type\":\"ListItem\",\"position\":1,\"name\":\"Home\",\"item\":\"https:\/\/geemarc.com\/fr\/\"},{\"@type\":\"ListItem\",\"position\":2,\"name\":\"Shop\",\"item\":\"https:\/\/geemarc.com\/fr\/shop\/\"},{\"@type\":\"ListItem\",\"position\":3,\"name\":\"CLA4\"}]}]}<\/script>\n<!-- \/ Yoast SEO plugin. -->","yoast_head_json":{"title":"CLA4 - Geemarc France","robots":{"index":"index","follow":"follow","max-snippet":"max-snippet:-1","max-image-preview":"max-image-preview:large","max-video-preview":"max-video-preview:-1"},"canonical":"https:\/\/geemarc.com\/fr\/product\/cla4\/","og_locale":"fr_FR","og_type":"article","og_title":"CLA4 - Geemarc France","og_description":"Combin\u00e9 \u00e0 conduction osseuse","og_url":"https:\/\/geemarc.com\/fr\/product\/cla4\/","og_site_name":"Geemarc France","article_modified_time":"2019-07-01T13:14:55+00:00","og_image":[{"width":1568,"height":2999,"url":"https:\/\/geemarc.com\/fr\/wp-content\/uploads\/sites\/3\/2013\/02\/CLA4-1-scaled.jpg","path":"\/home\/g\/e\/geemarcwp\/public_html\/wp-content\/uploads\/sites\/3\/2013\/02\/CLA4-1-scaled.jpg","size":"full","id":3720,"alt":"","pixels":4702432,"type":"image\/jpeg"}],"twitter_card":"summary_large_image","schema":{"@context":"https:\/\/schema.org","@graph":[{"@type":"WebSite","@id":"https:\/\/geemarc.com\/fr\/#website","url":"https:\/\/geemarc.com\/fr\/","name":"Geemarc France","description":"","potentialAction":[{"@type":"SearchAction","target":{"@type":"EntryPoint","urlTemplate":"https:\/\/geemarc.com\/fr\/?s={search_term_string}"},"query-input":"required name=search_term_string"}],"inLanguage":"fr-FR"},{"@type":"ImageObject","@id":"https:\/\/geemarc.com\/fr\/product\/cla4\/#primaryimage","inLanguage":"fr-FR","url":"https:\/\/geemarc.com\/fr\/wp-content\/uploads\/sites\/3\/2013\/02\/CLA4-1-scaled.jpg","contentUrl":"https:\/\/geemarc.com\/fr\/wp-content\/uploads\/sites\/3\/2013\/02\/CLA4-1-scaled.jpg","width":1568,"height":2999},{"@type":"WebPage","@id":"https:\/\/geemarc.com\/fr\/product\/cla4\/#webpage","url":"https:\/\/geemarc.com\/fr\/product\/cla4\/","name":"CLA4 - Geemarc France","isPartOf":{"@id":"https:\/\/geemarc.com\/fr\/#website"},"primaryImageOfPage":{"@id":"https:\/\/geemarc.com\/fr\/product\/cla4\/#primaryimage"},"datePublished":"2013-02-11T01:22:37+00:00","dateModified":"2019-07-01T13:14:55+00:00","breadcrumb":{"@id":"https:\/\/geemarc.com\/fr\/product\/cla4\/#breadcrumb"},"inLanguage":"fr-FR","potentialAction":[{"@type":"ReadAction","target":["https:\/\/geemarc.com\/fr\/product\/cla4\/"]}]},{"@type":"BreadcrumbList","@id":"https:\/\/geemarc.com\/fr\/product\/cla4\/#breadcrumb","itemListElement":[{"@type":"ListItem","position":1,"name":"Home","item":"https:\/\/geemarc.com\/fr\/"},{"@type":"ListItem","position":2,"name":"Shop","item":"https:\/\/geemarc.com\/fr\/shop\/"},{"@type":"ListItem","position":3,"name":"CLA4"}]}]}},"acf":[],"_links":{"self":[{"href":"https:\/\/geemarc.com\/fr\/wp-json\/wp\/v2\/product\/511"}],"collection":[{"href":"https:\/\/geemarc.com\/fr\/wp-json\/wp\/v2\/product"}],"about":[{"href":"https:\/\/geemarc.com\/fr\/wp-json\/wp\/v2\/types\/product"}],"wp:featuredmedia":[{"embeddable":true,"href":"https:\/\/geemarc.com\/fr\/wp-json\/wp\/v2\/media\/3720"}],"wp:attachment":[{"href":"https:\/\/geemarc.com\/fr\/wp-json\/wp\/v2\/media?parent=511"}],"wp:term":[{"taxonomy":"product_cat","embeddable":true,"href":"https:\/\/geemarc.com\/fr\/wp-json\/wp\/v2\/product_cat?post=511"},{"taxonomy":"product_tag","embeddable":true,"href":"https:\/\/geemarc.com\/fr\/wp-json\/wp\/v2\/product_tag?post=511"}],"curies":[{"name":"wp","href":"https:\/\/api.w.org\/{rel}","templated":true}]}}