{"id":513,"date":"2013-02-11T01:22:37","date_gmt":"2013-02-11T01:22:37","guid":{"rendered":"http:\/\/geemarc.com\/fr\/produit\/cla2\/"},"modified":"2021-11-03T08:53:01","modified_gmt":"2021-11-03T08:53:01","slug":"cla2","status":"publish","type":"product","link":"https:\/\/geemarc.com\/fr\/product\/cla2\/","title":{"rendered":"CLA2"},"content":{"rendered":"<p class=\"catdes\"><span style=\"font-family: verdana, geneva; font-size: small;\"><strong>Coussinet Vibrant<\/strong><\/span><\/p>\n<p class=\"catdes\"><span style=\"font-family: verdana, geneva; font-size: small;\"><strong>Caract\u00e9ristiques: <\/strong><\/span><\/p>\n<ul>\n<li><span style=\"font-family: verdana, geneva; font-size: small;\">Placer votre Vibreur sous loreiller, il vous avertira en\u00a0<\/span><span style=\"font-family: verdana, geneva; font-size: small;\">silence dun appel t\u00e9l\u00e9phonique ou de lalarme du\u00a0<\/span><span style=\"font-family: verdana, geneva; font-size: small;\">r\u00e9veil<\/span><\/li>\n<li><span style=\"font-family: verdana, geneva; font-size: small;\">Id\u00e9al pour les personnes ayant des probl\u00e8mes\u00a0<\/span><span style=\"font-family: verdana, geneva; font-size: small;\">auditifs ou souhaitant se r\u00e9veiller en toute discr\u00e9tion<\/span><\/li>\n<li><span style=\"font-family: verdana, geneva; font-size: small;\">Connecter le vibreur \u00e0 l&#8217;arri\u00e8re de votre t\u00e9l\u00e9phone filaire (\u00e9quip\u00e9 d&#8217;une sortie vibreur) ou de votre Wake&#8217;n&#8217;shake<\/span><\/li>\n<li><span style=\"font-family: verdana, geneva; font-size: small;\">Rallonge en option<\/span><\/li>\n<\/ul>\n","protected":false},"excerpt":{"rendered":"<p>Coussinet vibrant<\/p>\n","protected":false},"featured_media":9118,"template":"","meta":[],"product_cat":[141],"product_tag":[],"yoast_head":"<!-- This site is optimized with the Yoast SEO plugin v16.9 - https:\/\/yoast.com\/wordpress\/plugins\/seo\/ -->\n<title>CLA2 - Geemarc France<\/title>\n<meta name=\"robots\" content=\"index, follow, max-snippet:-1, max-image-preview:large, max-video-preview:-1\" \/>\n<link rel=\"canonical\" href=\"https:\/\/geemarc.com\/fr\/product\/cla2\/\" \/>\n<meta property=\"og:locale\" content=\"fr_FR\" \/>\n<meta property=\"og:type\" content=\"article\" \/>\n<meta property=\"og:title\" content=\"CLA2 - Geemarc France\" \/>\n<meta property=\"og:description\" content=\"Coussinet vibrant\" \/>\n<meta property=\"og:url\" content=\"https:\/\/geemarc.com\/fr\/product\/cla2\/\" \/>\n<meta property=\"og:site_name\" content=\"Geemarc France\" \/>\n<meta property=\"article:modified_time\" content=\"2021-11-03T08:53:01+00:00\" \/>\n<meta property=\"og:image\" content=\"https:\/\/geemarc.com\/fr\/wp-content\/uploads\/sites\/3\/2013\/02\/CLA2-V3_1-scaled.jpg\" \/>\n\t<meta property=\"og:image:width\" content=\"2560\" \/>\n\t<meta property=\"og:image:height\" content=\"1829\" \/>\n<meta name=\"twitter:card\" content=\"summary_large_image\" \/>\n<script type=\"application\/ld+json\" class=\"yoast-schema-graph\">{\"@context\":\"https:\/\/schema.org\",\"@graph\":[{\"@type\":\"WebSite\",\"@id\":\"https:\/\/geemarc.com\/fr\/#website\",\"url\":\"https:\/\/geemarc.com\/fr\/\",\"name\":\"Geemarc France\",\"description\":\"\",\"potentialAction\":[{\"@type\":\"SearchAction\",\"target\":{\"@type\":\"EntryPoint\",\"urlTemplate\":\"https:\/\/geemarc.com\/fr\/?s={search_term_string}\"},\"query-input\":\"required name=search_term_string\"}],\"inLanguage\":\"fr-FR\"},{\"@type\":\"ImageObject\",\"@id\":\"https:\/\/geemarc.com\/fr\/product\/cla2\/#primaryimage\",\"inLanguage\":\"fr-FR\",\"url\":\"https:\/\/geemarc.com\/fr\/wp-content\/uploads\/sites\/3\/2013\/02\/CLA2-V3_1-scaled.jpg\",\"contentUrl\":\"https:\/\/geemarc.com\/fr\/wp-content\/uploads\/sites\/3\/2013\/02\/CLA2-V3_1-scaled.jpg\",\"width\":2560,\"height\":1829},{\"@type\":\"WebPage\",\"@id\":\"https:\/\/geemarc.com\/fr\/product\/cla2\/#webpage\",\"url\":\"https:\/\/geemarc.com\/fr\/product\/cla2\/\",\"name\":\"CLA2 - Geemarc France\",\"isPartOf\":{\"@id\":\"https:\/\/geemarc.com\/fr\/#website\"},\"primaryImageOfPage\":{\"@id\":\"https:\/\/geemarc.com\/fr\/product\/cla2\/#primaryimage\"},\"datePublished\":\"2013-02-11T01:22:37+00:00\",\"dateModified\":\"2021-11-03T08:53:01+00:00\",\"breadcrumb\":{\"@id\":\"https:\/\/geemarc.com\/fr\/product\/cla2\/#breadcrumb\"},\"inLanguage\":\"fr-FR\",\"potentialAction\":[{\"@type\":\"ReadAction\",\"target\":[\"https:\/\/geemarc.com\/fr\/product\/cla2\/\"]}]},{\"@type\":\"BreadcrumbList\",\"@id\":\"https:\/\/geemarc.com\/fr\/product\/cla2\/#breadcrumb\",\"itemListElement\":[{\"@type\":\"ListItem\",\"position\":1,\"name\":\"Home\",\"item\":\"https:\/\/geemarc.com\/fr\/\"},{\"@type\":\"ListItem\",\"position\":2,\"name\":\"Shop\",\"item\":\"https:\/\/geemarc.com\/fr\/shop\/\"},{\"@type\":\"ListItem\",\"position\":3,\"name\":\"CLA2\"}]}]}<\/script>\n<!-- \/ Yoast SEO plugin. -->","yoast_head_json":{"title":"CLA2 - Geemarc France","robots":{"index":"index","follow":"follow","max-snippet":"max-snippet:-1","max-image-preview":"max-image-preview:large","max-video-preview":"max-video-preview:-1"},"canonical":"https:\/\/geemarc.com\/fr\/product\/cla2\/","og_locale":"fr_FR","og_type":"article","og_title":"CLA2 - Geemarc France","og_description":"Coussinet vibrant","og_url":"https:\/\/geemarc.com\/fr\/product\/cla2\/","og_site_name":"Geemarc France","article_modified_time":"2021-11-03T08:53:01+00:00","og_image":[{"width":2560,"height":1829,"url":"https:\/\/geemarc.com\/fr\/wp-content\/uploads\/sites\/3\/2013\/02\/CLA2-V3_1-scaled.jpg","path":"\/home\/g\/e\/geemarcwp\/public_html\/wp-content\/uploads\/sites\/3\/2013\/02\/CLA2-V3_1-scaled.jpg","size":"full","id":9118,"alt":"","pixels":4682240,"type":"image\/jpeg"}],"twitter_card":"summary_large_image","schema":{"@context":"https:\/\/schema.org","@graph":[{"@type":"WebSite","@id":"https:\/\/geemarc.com\/fr\/#website","url":"https:\/\/geemarc.com\/fr\/","name":"Geemarc France","description":"","potentialAction":[{"@type":"SearchAction","target":{"@type":"EntryPoint","urlTemplate":"https:\/\/geemarc.com\/fr\/?s={search_term_string}"},"query-input":"required name=search_term_string"}],"inLanguage":"fr-FR"},{"@type":"ImageObject","@id":"https:\/\/geemarc.com\/fr\/product\/cla2\/#primaryimage","inLanguage":"fr-FR","url":"https:\/\/geemarc.com\/fr\/wp-content\/uploads\/sites\/3\/2013\/02\/CLA2-V3_1-scaled.jpg","contentUrl":"https:\/\/geemarc.com\/fr\/wp-content\/uploads\/sites\/3\/2013\/02\/CLA2-V3_1-scaled.jpg","width":2560,"height":1829},{"@type":"WebPage","@id":"https:\/\/geemarc.com\/fr\/product\/cla2\/#webpage","url":"https:\/\/geemarc.com\/fr\/product\/cla2\/","name":"CLA2 - Geemarc France","isPartOf":{"@id":"https:\/\/geemarc.com\/fr\/#website"},"primaryImageOfPage":{"@id":"https:\/\/geemarc.com\/fr\/product\/cla2\/#primaryimage"},"datePublished":"2013-02-11T01:22:37+00:00","dateModified":"2021-11-03T08:53:01+00:00","breadcrumb":{"@id":"https:\/\/geemarc.com\/fr\/product\/cla2\/#breadcrumb"},"inLanguage":"fr-FR","potentialAction":[{"@type":"ReadAction","target":["https:\/\/geemarc.com\/fr\/product\/cla2\/"]}]},{"@type":"BreadcrumbList","@id":"https:\/\/geemarc.com\/fr\/product\/cla2\/#breadcrumb","itemListElement":[{"@type":"ListItem","position":1,"name":"Home","item":"https:\/\/geemarc.com\/fr\/"},{"@type":"ListItem","position":2,"name":"Shop","item":"https:\/\/geemarc.com\/fr\/shop\/"},{"@type":"ListItem","position":3,"name":"CLA2"}]}]}},"acf":[],"_links":{"self":[{"href":"https:\/\/geemarc.com\/fr\/wp-json\/wp\/v2\/product\/513"}],"collection":[{"href":"https:\/\/geemarc.com\/fr\/wp-json\/wp\/v2\/product"}],"about":[{"href":"https:\/\/geemarc.com\/fr\/wp-json\/wp\/v2\/types\/product"}],"wp:featuredmedia":[{"embeddable":true,"href":"https:\/\/geemarc.com\/fr\/wp-json\/wp\/v2\/media\/9118"}],"wp:attachment":[{"href":"https:\/\/geemarc.com\/fr\/wp-json\/wp\/v2\/media?parent=513"}],"wp:term":[{"taxonomy":"product_cat","embeddable":true,"href":"https:\/\/geemarc.com\/fr\/wp-json\/wp\/v2\/product_cat?post=513"},{"taxonomy":"product_tag","embeddable":true,"href":"https:\/\/geemarc.com\/fr\/wp-json\/wp\/v2\/product_tag?post=513"}],"curies":[{"name":"wp","href":"https:\/\/api.w.org\/{rel}","templated":true}]}}