{"id":5284,"date":"2018-12-17T14:08:46","date_gmt":"2018-12-17T14:08:46","guid":{"rendered":"http:\/\/geemarc.com\/fr\/?post_type=product&#038;p=5284"},"modified":"2025-06-02T08:23:21","modified_gmt":"2025-06-02T08:23:21","slug":"wakenshake-voyager-black-v2","status":"publish","type":"product","link":"https:\/\/geemarc.com\/fr\/product\/wakenshake-voyager-black-v2\/","title":{"rendered":"WAKE\u2019N\u2019SHAKE VOYAGER BLACK V2"},"content":{"rendered":"<h2><strong>Version noir<\/strong><\/h2>\n<p><strong><span style=\"font-family: verdana, geneva;font-size: small;color: #000000\">CARACT\u00c9RISTIQUES :<\/span><\/strong><\/p>\n<ul>\n<li>Alarme puissante (2 niveaux, jusqu\u2019\u00e0 75dB \u00e0 1 m\u00e8tre)<\/li>\n<li>Dur\u00e9e de l\u2019alarme : 1 minute<\/li>\n<li>Fonction Snooze de 5 \u00e0 60 minutes<\/li>\n<li>Vibreur puissant (2 niveaux)<\/li>\n<li>6 r\u00e9glages d\u2019alarmes diff\u00e9rents :<\/li>\n<\/ul>\n<ol>\n<li>Eteinte<\/li>\n<li>Sonnerie<\/li>\n<li>Flash<\/li>\n<li>Vibreur<\/li>\n<li>Sonnerie + Flash<\/li>\n<li>Sonnerie + Vibreur<\/li>\n<\/ol>\n<ul>\n<li>Fonction lampe<\/li>\n<li>R\u00e9tro \u00e9clairage blanc<\/li>\n<li>Format de l\u2019heure : 12\/24 heures<\/li>\n<li>Affichage tr\u00e8s lisible<\/li>\n<li>Bouton \u201cTest\u201d<\/li>\n<li>Indicateur visuel niveau de batterie<\/li>\n<li>Fonctionne avec 3 piles taille standard (2 AA ; 1 AAA)<\/li>\n<\/ul>\n","protected":false},"excerpt":{"rendered":"<p>R\u00e9veil de voyage noir avec vibreur<\/p>\n","protected":false},"featured_media":7268,"template":"","meta":[],"product_cat":[140],"product_tag":[],"yoast_head":"<!-- This site is optimized with the Yoast SEO plugin v16.9 - https:\/\/yoast.com\/wordpress\/plugins\/seo\/ -->\n<title>WAKE\u2019N\u2019SHAKE VOYAGER BLACK V2 - Geemarc France<\/title>\n<meta name=\"robots\" content=\"index, follow, max-snippet:-1, max-image-preview:large, max-video-preview:-1\" \/>\n<link rel=\"canonical\" href=\"https:\/\/geemarc.com\/fr\/product\/wakenshake-voyager-black-v2\/\" \/>\n<meta property=\"og:locale\" content=\"fr_FR\" \/>\n<meta property=\"og:type\" content=\"article\" \/>\n<meta property=\"og:title\" content=\"WAKE\u2019N\u2019SHAKE VOYAGER BLACK V2 - Geemarc France\" \/>\n<meta property=\"og:description\" content=\"R\u00e9veil de voyage noir avec vibreur\" \/>\n<meta property=\"og:url\" content=\"https:\/\/geemarc.com\/fr\/product\/wakenshake-voyager-black-v2\/\" \/>\n<meta property=\"og:site_name\" content=\"Geemarc France\" \/>\n<meta property=\"article:modified_time\" content=\"2025-06-02T08:23:21+00:00\" \/>\n<meta property=\"og:image\" content=\"https:\/\/geemarc.com\/fr\/wp-content\/uploads\/sites\/3\/2018\/12\/Wake-n-Shake_voyager_V2_blk_front.jpg\" \/>\n\t<meta property=\"og:image:width\" content=\"2126\" \/>\n\t<meta property=\"og:image:height\" content=\"2000\" \/>\n<meta name=\"twitter:card\" content=\"summary_large_image\" \/>\n<script type=\"application\/ld+json\" class=\"yoast-schema-graph\">{\"@context\":\"https:\/\/schema.org\",\"@graph\":[{\"@type\":\"WebSite\",\"@id\":\"https:\/\/geemarc.com\/fr\/#website\",\"url\":\"https:\/\/geemarc.com\/fr\/\",\"name\":\"Geemarc France\",\"description\":\"\",\"potentialAction\":[{\"@type\":\"SearchAction\",\"target\":{\"@type\":\"EntryPoint\",\"urlTemplate\":\"https:\/\/geemarc.com\/fr\/?s={search_term_string}\"},\"query-input\":\"required name=search_term_string\"}],\"inLanguage\":\"fr-FR\"},{\"@type\":\"ImageObject\",\"@id\":\"https:\/\/geemarc.com\/fr\/product\/wakenshake-voyager-black-v2\/#primaryimage\",\"inLanguage\":\"fr-FR\",\"url\":\"https:\/\/geemarc.com\/fr\/wp-content\/uploads\/sites\/3\/2018\/12\/Wake-n-Shake_voyager_V2_blk_front.jpg\",\"contentUrl\":\"https:\/\/geemarc.com\/fr\/wp-content\/uploads\/sites\/3\/2018\/12\/Wake-n-Shake_voyager_V2_blk_front.jpg\",\"width\":2126,\"height\":2000},{\"@type\":\"WebPage\",\"@id\":\"https:\/\/geemarc.com\/fr\/product\/wakenshake-voyager-black-v2\/#webpage\",\"url\":\"https:\/\/geemarc.com\/fr\/product\/wakenshake-voyager-black-v2\/\",\"name\":\"WAKE\\u2019N\\u2019SHAKE VOYAGER BLACK V2 - Geemarc France\",\"isPartOf\":{\"@id\":\"https:\/\/geemarc.com\/fr\/#website\"},\"primaryImageOfPage\":{\"@id\":\"https:\/\/geemarc.com\/fr\/product\/wakenshake-voyager-black-v2\/#primaryimage\"},\"datePublished\":\"2018-12-17T14:08:46+00:00\",\"dateModified\":\"2025-06-02T08:23:21+00:00\",\"breadcrumb\":{\"@id\":\"https:\/\/geemarc.com\/fr\/product\/wakenshake-voyager-black-v2\/#breadcrumb\"},\"inLanguage\":\"fr-FR\",\"potentialAction\":[{\"@type\":\"ReadAction\",\"target\":[\"https:\/\/geemarc.com\/fr\/product\/wakenshake-voyager-black-v2\/\"]}]},{\"@type\":\"BreadcrumbList\",\"@id\":\"https:\/\/geemarc.com\/fr\/product\/wakenshake-voyager-black-v2\/#breadcrumb\",\"itemListElement\":[{\"@type\":\"ListItem\",\"position\":1,\"name\":\"Home\",\"item\":\"https:\/\/geemarc.com\/fr\/\"},{\"@type\":\"ListItem\",\"position\":2,\"name\":\"Shop\",\"item\":\"https:\/\/geemarc.com\/fr\/shop\/\"},{\"@type\":\"ListItem\",\"position\":3,\"name\":\"WAKE\\u2019N\\u2019SHAKE VOYAGER BLACK V2\"}]}]}<\/script>\n<!-- \/ Yoast SEO plugin. -->","yoast_head_json":{"title":"WAKE\u2019N\u2019SHAKE VOYAGER BLACK V2 - Geemarc France","robots":{"index":"index","follow":"follow","max-snippet":"max-snippet:-1","max-image-preview":"max-image-preview:large","max-video-preview":"max-video-preview:-1"},"canonical":"https:\/\/geemarc.com\/fr\/product\/wakenshake-voyager-black-v2\/","og_locale":"fr_FR","og_type":"article","og_title":"WAKE\u2019N\u2019SHAKE VOYAGER BLACK V2 - Geemarc France","og_description":"R\u00e9veil de voyage noir avec vibreur","og_url":"https:\/\/geemarc.com\/fr\/product\/wakenshake-voyager-black-v2\/","og_site_name":"Geemarc France","article_modified_time":"2025-06-02T08:23:21+00:00","og_image":[{"width":2126,"height":2000,"url":"https:\/\/geemarc.com\/fr\/wp-content\/uploads\/sites\/3\/2018\/12\/Wake-n-Shake_voyager_V2_blk_front.jpg","path":"\/home\/g\/e\/geemarcwp\/public_html\/wp-content\/uploads\/sites\/3\/2018\/12\/Wake-n-Shake_voyager_V2_blk_front.jpg","size":"full","id":7268,"alt":"","pixels":4252000,"type":"image\/jpeg"}],"twitter_card":"summary_large_image","schema":{"@context":"https:\/\/schema.org","@graph":[{"@type":"WebSite","@id":"https:\/\/geemarc.com\/fr\/#website","url":"https:\/\/geemarc.com\/fr\/","name":"Geemarc France","description":"","potentialAction":[{"@type":"SearchAction","target":{"@type":"EntryPoint","urlTemplate":"https:\/\/geemarc.com\/fr\/?s={search_term_string}"},"query-input":"required name=search_term_string"}],"inLanguage":"fr-FR"},{"@type":"ImageObject","@id":"https:\/\/geemarc.com\/fr\/product\/wakenshake-voyager-black-v2\/#primaryimage","inLanguage":"fr-FR","url":"https:\/\/geemarc.com\/fr\/wp-content\/uploads\/sites\/3\/2018\/12\/Wake-n-Shake_voyager_V2_blk_front.jpg","contentUrl":"https:\/\/geemarc.com\/fr\/wp-content\/uploads\/sites\/3\/2018\/12\/Wake-n-Shake_voyager_V2_blk_front.jpg","width":2126,"height":2000},{"@type":"WebPage","@id":"https:\/\/geemarc.com\/fr\/product\/wakenshake-voyager-black-v2\/#webpage","url":"https:\/\/geemarc.com\/fr\/product\/wakenshake-voyager-black-v2\/","name":"WAKE\u2019N\u2019SHAKE VOYAGER BLACK V2 - Geemarc France","isPartOf":{"@id":"https:\/\/geemarc.com\/fr\/#website"},"primaryImageOfPage":{"@id":"https:\/\/geemarc.com\/fr\/product\/wakenshake-voyager-black-v2\/#primaryimage"},"datePublished":"2018-12-17T14:08:46+00:00","dateModified":"2025-06-02T08:23:21+00:00","breadcrumb":{"@id":"https:\/\/geemarc.com\/fr\/product\/wakenshake-voyager-black-v2\/#breadcrumb"},"inLanguage":"fr-FR","potentialAction":[{"@type":"ReadAction","target":["https:\/\/geemarc.com\/fr\/product\/wakenshake-voyager-black-v2\/"]}]},{"@type":"BreadcrumbList","@id":"https:\/\/geemarc.com\/fr\/product\/wakenshake-voyager-black-v2\/#breadcrumb","itemListElement":[{"@type":"ListItem","position":1,"name":"Home","item":"https:\/\/geemarc.com\/fr\/"},{"@type":"ListItem","position":2,"name":"Shop","item":"https:\/\/geemarc.com\/fr\/shop\/"},{"@type":"ListItem","position":3,"name":"WAKE\u2019N\u2019SHAKE VOYAGER BLACK V2"}]}]}},"acf":[],"_links":{"self":[{"href":"https:\/\/geemarc.com\/fr\/wp-json\/wp\/v2\/product\/5284"}],"collection":[{"href":"https:\/\/geemarc.com\/fr\/wp-json\/wp\/v2\/product"}],"about":[{"href":"https:\/\/geemarc.com\/fr\/wp-json\/wp\/v2\/types\/product"}],"wp:featuredmedia":[{"embeddable":true,"href":"https:\/\/geemarc.com\/fr\/wp-json\/wp\/v2\/media\/7268"}],"wp:attachment":[{"href":"https:\/\/geemarc.com\/fr\/wp-json\/wp\/v2\/media?parent=5284"}],"wp:term":[{"taxonomy":"product_cat","embeddable":true,"href":"https:\/\/geemarc.com\/fr\/wp-json\/wp\/v2\/product_cat?post=5284"},{"taxonomy":"product_tag","embeddable":true,"href":"https:\/\/geemarc.com\/fr\/wp-json\/wp\/v2\/product_tag?post=5284"}],"curies":[{"name":"wp","href":"https:\/\/api.w.org\/{rel}","templated":true}]}}