{"id":583,"date":"2017-05-28T09:25:15","date_gmt":"2017-05-28T09:25:15","guid":{"rendered":"http:\/\/geemarc.com\/fr\/produit\/cl-hook-8\/"},"modified":"2025-10-06T09:27:54","modified_gmt":"2025-10-06T09:27:54","slug":"cl-hook-8","status":"publish","type":"product","link":"https:\/\/geemarc.com\/fr\/product\/cl-hook-8\/","title":{"rendered":"CL HOOK 8V2"},"content":{"rendered":"<p>Deux oreillettes d&#8217;induction compatible avec proth\u00e8ses auditives et micro. Connectable gr\u00e2ce \u00e0 c\u00e2ble jack 3.5mm.<\/p>\n<ul>\n<li>Volume ajustable et fonction &#8220;silence&#8221;.<\/li>\n<\/ul>\n","protected":false},"excerpt":{"rendered":"<p>Oreillettes d\u2019induction pour t\u00e9l\u00e9phone ou lecteur MP3 avec micro<\/p>\n","protected":false},"featured_media":4679,"template":"","meta":[],"product_cat":[149,136],"product_tag":[],"yoast_head":"<!-- This site is optimized with the Yoast SEO plugin v16.9 - https:\/\/yoast.com\/wordpress\/plugins\/seo\/ -->\n<title>CL HOOK 8V2 - Geemarc France<\/title>\n<meta name=\"robots\" content=\"index, follow, max-snippet:-1, max-image-preview:large, max-video-preview:-1\" \/>\n<link rel=\"canonical\" href=\"https:\/\/geemarc.com\/fr\/product\/cl-hook-8\/\" \/>\n<meta property=\"og:locale\" content=\"fr_FR\" \/>\n<meta property=\"og:type\" content=\"article\" \/>\n<meta property=\"og:title\" content=\"CL HOOK 8V2 - Geemarc France\" \/>\n<meta property=\"og:description\" content=\"Oreillettes d\u2019induction pour t\u00e9l\u00e9phone ou lecteur MP3 avec micro\" \/>\n<meta property=\"og:url\" content=\"https:\/\/geemarc.com\/fr\/product\/cl-hook-8\/\" \/>\n<meta property=\"og:site_name\" content=\"Geemarc France\" \/>\n<meta property=\"article:modified_time\" content=\"2025-10-06T09:27:54+00:00\" \/>\n<meta property=\"og:image\" content=\"https:\/\/geemarc.com\/fr\/wp-content\/uploads\/sites\/3\/2017\/05\/CLHook-8.jpg\" \/>\n\t<meta property=\"og:image:width\" content=\"2000\" \/>\n\t<meta property=\"og:image:height\" content=\"1500\" \/>\n<meta name=\"twitter:card\" content=\"summary_large_image\" \/>\n<script type=\"application\/ld+json\" class=\"yoast-schema-graph\">{\"@context\":\"https:\/\/schema.org\",\"@graph\":[{\"@type\":\"WebSite\",\"@id\":\"https:\/\/geemarc.com\/fr\/#website\",\"url\":\"https:\/\/geemarc.com\/fr\/\",\"name\":\"Geemarc France\",\"description\":\"\",\"potentialAction\":[{\"@type\":\"SearchAction\",\"target\":{\"@type\":\"EntryPoint\",\"urlTemplate\":\"https:\/\/geemarc.com\/fr\/?s={search_term_string}\"},\"query-input\":\"required name=search_term_string\"}],\"inLanguage\":\"fr-FR\"},{\"@type\":\"ImageObject\",\"@id\":\"https:\/\/geemarc.com\/fr\/product\/cl-hook-8\/#primaryimage\",\"inLanguage\":\"fr-FR\",\"url\":\"https:\/\/geemarc.com\/fr\/wp-content\/uploads\/sites\/3\/2017\/05\/CLHook-8.jpg\",\"contentUrl\":\"https:\/\/geemarc.com\/fr\/wp-content\/uploads\/sites\/3\/2017\/05\/CLHook-8.jpg\",\"width\":2000,\"height\":1500},{\"@type\":\"WebPage\",\"@id\":\"https:\/\/geemarc.com\/fr\/product\/cl-hook-8\/#webpage\",\"url\":\"https:\/\/geemarc.com\/fr\/product\/cl-hook-8\/\",\"name\":\"CL HOOK 8V2 - Geemarc France\",\"isPartOf\":{\"@id\":\"https:\/\/geemarc.com\/fr\/#website\"},\"primaryImageOfPage\":{\"@id\":\"https:\/\/geemarc.com\/fr\/product\/cl-hook-8\/#primaryimage\"},\"datePublished\":\"2017-05-28T09:25:15+00:00\",\"dateModified\":\"2025-10-06T09:27:54+00:00\",\"breadcrumb\":{\"@id\":\"https:\/\/geemarc.com\/fr\/product\/cl-hook-8\/#breadcrumb\"},\"inLanguage\":\"fr-FR\",\"potentialAction\":[{\"@type\":\"ReadAction\",\"target\":[\"https:\/\/geemarc.com\/fr\/product\/cl-hook-8\/\"]}]},{\"@type\":\"BreadcrumbList\",\"@id\":\"https:\/\/geemarc.com\/fr\/product\/cl-hook-8\/#breadcrumb\",\"itemListElement\":[{\"@type\":\"ListItem\",\"position\":1,\"name\":\"Home\",\"item\":\"https:\/\/geemarc.com\/fr\/\"},{\"@type\":\"ListItem\",\"position\":2,\"name\":\"Shop\",\"item\":\"https:\/\/geemarc.com\/fr\/shop\/\"},{\"@type\":\"ListItem\",\"position\":3,\"name\":\"CL HOOK 8V2\"}]}]}<\/script>\n<!-- \/ Yoast SEO plugin. -->","yoast_head_json":{"title":"CL HOOK 8V2 - Geemarc France","robots":{"index":"index","follow":"follow","max-snippet":"max-snippet:-1","max-image-preview":"max-image-preview:large","max-video-preview":"max-video-preview:-1"},"canonical":"https:\/\/geemarc.com\/fr\/product\/cl-hook-8\/","og_locale":"fr_FR","og_type":"article","og_title":"CL HOOK 8V2 - Geemarc France","og_description":"Oreillettes d\u2019induction pour t\u00e9l\u00e9phone ou lecteur MP3 avec micro","og_url":"https:\/\/geemarc.com\/fr\/product\/cl-hook-8\/","og_site_name":"Geemarc France","article_modified_time":"2025-10-06T09:27:54+00:00","og_image":[{"width":2000,"height":1500,"url":"https:\/\/geemarc.com\/fr\/wp-content\/uploads\/sites\/3\/2017\/05\/CLHook-8.jpg","path":"\/home\/g\/e\/geemarcwp\/public_html\/wp-content\/uploads\/sites\/3\/2017\/05\/CLHook-8.jpg","size":"full","id":4679,"alt":"","pixels":3000000,"type":"image\/jpeg"}],"twitter_card":"summary_large_image","schema":{"@context":"https:\/\/schema.org","@graph":[{"@type":"WebSite","@id":"https:\/\/geemarc.com\/fr\/#website","url":"https:\/\/geemarc.com\/fr\/","name":"Geemarc France","description":"","potentialAction":[{"@type":"SearchAction","target":{"@type":"EntryPoint","urlTemplate":"https:\/\/geemarc.com\/fr\/?s={search_term_string}"},"query-input":"required name=search_term_string"}],"inLanguage":"fr-FR"},{"@type":"ImageObject","@id":"https:\/\/geemarc.com\/fr\/product\/cl-hook-8\/#primaryimage","inLanguage":"fr-FR","url":"https:\/\/geemarc.com\/fr\/wp-content\/uploads\/sites\/3\/2017\/05\/CLHook-8.jpg","contentUrl":"https:\/\/geemarc.com\/fr\/wp-content\/uploads\/sites\/3\/2017\/05\/CLHook-8.jpg","width":2000,"height":1500},{"@type":"WebPage","@id":"https:\/\/geemarc.com\/fr\/product\/cl-hook-8\/#webpage","url":"https:\/\/geemarc.com\/fr\/product\/cl-hook-8\/","name":"CL HOOK 8V2 - Geemarc France","isPartOf":{"@id":"https:\/\/geemarc.com\/fr\/#website"},"primaryImageOfPage":{"@id":"https:\/\/geemarc.com\/fr\/product\/cl-hook-8\/#primaryimage"},"datePublished":"2017-05-28T09:25:15+00:00","dateModified":"2025-10-06T09:27:54+00:00","breadcrumb":{"@id":"https:\/\/geemarc.com\/fr\/product\/cl-hook-8\/#breadcrumb"},"inLanguage":"fr-FR","potentialAction":[{"@type":"ReadAction","target":["https:\/\/geemarc.com\/fr\/product\/cl-hook-8\/"]}]},{"@type":"BreadcrumbList","@id":"https:\/\/geemarc.com\/fr\/product\/cl-hook-8\/#breadcrumb","itemListElement":[{"@type":"ListItem","position":1,"name":"Home","item":"https:\/\/geemarc.com\/fr\/"},{"@type":"ListItem","position":2,"name":"Shop","item":"https:\/\/geemarc.com\/fr\/shop\/"},{"@type":"ListItem","position":3,"name":"CL HOOK 8V2"}]}]}},"acf":[],"_links":{"self":[{"href":"https:\/\/geemarc.com\/fr\/wp-json\/wp\/v2\/product\/583"}],"collection":[{"href":"https:\/\/geemarc.com\/fr\/wp-json\/wp\/v2\/product"}],"about":[{"href":"https:\/\/geemarc.com\/fr\/wp-json\/wp\/v2\/types\/product"}],"wp:featuredmedia":[{"embeddable":true,"href":"https:\/\/geemarc.com\/fr\/wp-json\/wp\/v2\/media\/4679"}],"wp:attachment":[{"href":"https:\/\/geemarc.com\/fr\/wp-json\/wp\/v2\/media?parent=583"}],"wp:term":[{"taxonomy":"product_cat","embeddable":true,"href":"https:\/\/geemarc.com\/fr\/wp-json\/wp\/v2\/product_cat?post=583"},{"taxonomy":"product_tag","embeddable":true,"href":"https:\/\/geemarc.com\/fr\/wp-json\/wp\/v2\/product_tag?post=583"}],"curies":[{"name":"wp","href":"https:\/\/api.w.org\/{rel}","templated":true}]}}