{"id":599,"date":"2016-09-14T10:22:01","date_gmt":"2016-09-14T10:22:01","guid":{"rendered":"http:\/\/geemarc.com\/fr\/produit\/sbd600ss\/"},"modified":"2022-08-31T06:44:57","modified_gmt":"2022-08-31T06:44:57","slug":"sbd600ss","status":"publish","type":"product","link":"https:\/\/geemarc.com\/fr\/product\/sbd600ss\/","title":{"rendered":"SBT600SS"},"content":{"rendered":"<p><strong><span style=\"font-family: verdana, geneva;font-size: small;color: #000000\">CARACTERISTIQUES :<\/span><\/strong><\/p>\n<ul>\n<li><span style=\"font-family: verdana, geneva;font-size: small\">Port USB pour charger les t\u00e9l\u00e9phones portables ou autre appareils \u00e9lectroniques\u00a0<\/span><\/li>\n<li><span style=\"font-family: verdana, geneva;font-size: small\">Alarme puissante (75 dB)\u00a0<\/span><\/li>\n<li><span style=\"font-family: verdana, geneva;font-size: small\">Fonction \u00ab r\u00e9p\u00e9tition de la sonnerie \u00bb (temps SNOOZE = de 1 \u00e0 30 minutes)\u00a0<\/span><\/li>\n<li><span style=\"font-family: verdana, geneva;font-size: small\">Dur\u00e9e de l\u2019alarme de 1 \u00e0 59 minutes\u00a0<\/span><\/li>\n<li><span style=\"font-family: verdana, geneva;font-size: small\">2 alarmes programmables\u00a0<\/span><\/li>\n<li><span style=\"font-family: verdana, geneva;font-size: small\">R\u00e9glage facile de l\u2019heure et de l\u2019alarme\u00a0<\/span><\/li>\n<li><span style=\"font-family: verdana, geneva;font-size: small\">Grand \u00e9cran LED (25mm) et grands caract\u00e8res rouge vif (22mm)\u00a0<\/span><\/li>\n<li><span style=\"font-family: verdana, geneva;font-size: small\">Volume et tonalit\u00e9 r\u00e9glables\u00a0<\/span><\/li>\n<li><span style=\"font-family: verdana, geneva;font-size: small\">Luminosit\u00e9 : 5 positions\u00a0<\/span><\/li>\n<li><span style=\"font-family: verdana, geneva;font-size: small\">R\u00e9glage 12h\/24h\u00a0<\/span><\/li>\n<li><span style=\"font-family: verdana, geneva;font-size: small\">Mode test de l\u2019alarme et du vibreur<\/span><\/li>\n<\/ul>\n<p>&nbsp;<\/p>\n<div id=\"threesixty-slider-8330_Tae6wX\" class=\"threesixty-loading threesixty-image threesixty-dark-blue threesixty-vintage threesixty-no-border\" style=\"width: 600px;\">\r\n\t<div class=\"threesixty-preview-8330_Tae6wX\"><img class=\"threesixty-preview-image\" src=\"https:\/\/geemarc.com\/fr\/wp-content\/uploads\/sites\/3\/2020\/11\/DSC_1134.jpg\"\/><\/div>\r\n\t<div class=\"threesixty-spinner threesixty-spinner-8330_Tae6wX\">\r\n\t\t<span>0%<\/span>\r\n\t<\/div>\r\n\t<ol class=\"threesixty-images threesixty-images-8330_Tae6wX\"><\/ol>\r\n\t\t\t<a href=\"#threesixty-slider-8330_Tae6wX\" class=\"threesixty-mfp-anchor\"><\/a>\r\n\t<\/div>\r\n<!--SPV--><script type=\"text\/javascript\">\/\/SPV\r\n(function($) {\r\n\t\t$('#threesixty-slider-8330_Tae6wX .threesixty-mfp-anchor').magnificPopup({\r\n\t\ttype:'inline',\r\n\t\tcloseOnBgClick: true,\r\n\t\tmidClick: true,\r\n\t\t\/\/removalDelay: 300,\r\n  \t\t\/\/mainClass: 'mfp-fade',\r\n\t\tcallbacks: {\r\n\t\t\t resize: function() {\r\n\t\t\t \tvar originalHeight \t= 414,\r\n\t\t\t \t\toriginalWidth \t= 600,\r\n\t\t\t \t\tmfpHeight \t\t= 414,\r\n\t\t\t \t\tmfpWidth \t\t= 600,\r\n\t\t\t \t\tratio \t\t\t= originalWidth \/ originalHeight,\r\n\t\t\t \t\twinHeight \t\t= $(window).height(),\r\n\t\t\t \t\twinWidth \t\t= $(window).width();\r\n\t\t\t \t\r\n\t\t\t \tif ( originalHeight > winHeight * 0.9 ) {\r\n\t\t\t \t\tmfpHeight \t\t= winHeight * 0.9;\r\n\t\t\t \t\tmfpWidth \t\t= mfpHeight * ratio;\r\n\t\t\t\t}\r\n\t\t\t\tif ( mfpWidth > winWidth * 0.9 ) {\r\n\t\t\t \t\tmfpWidth \t\t= winWidth * 0.9;\r\n\t\t\t \t\tmfpHeight \t\t= mfpWidth \/ ratio;\r\n\t\t\t\t}\r\n\t\t\t \tif ( mfpHeight < originalHeight && mfpWidth < originalWidth ) {\r\n\t\t\t\t    $('#threesixty-slider-8330_Tae6wX').height(mfpHeight);\r\n\t\t\t\t    $('#threesixty-slider-8330_Tae6wX').width(mfpWidth);\r\n\t\t\t\t} \r\n\t\t\t\telse {\r\n\t\t\t\t    $('#threesixty-slider-8330_Tae6wX').height(originalHeight);\r\n\t\t\t\t    $('#threesixty-slider-8330_Tae6wX').width(originalWidth);\r\n\t\t\t\t}\r\n\t\t\t},\r\n\t\t\tclose: function() {\r\n\t\t\t    $('#threesixty-slider-8330_Tae6wX').height('auto');\r\n\t\t\t    $('#threesixty-slider-8330_Tae6wX').width(600);\r\n\t\t\t}\r\n\t\t},\r\n\t\tcloseMarkup :\"<button class=\\\"mfp-close\\\"><\/button>\"\r\n\t});\r\n\t\tvar product_8330_Tae6wX = $('#threesixty-slider-8330_Tae6wX').ThreeSixty({\r\n\t\ttotalFrames: 36,\r\n\t\tendFrame: 0,\r\n\t\tcurrentFrame: 36,\r\n\t\timgList: '.threesixty-images-8330_Tae6wX',\r\n\t\tprogress: '.threesixty-spinner-8330_Tae6wX',\r\n\t\tpreview: '.threesixty-preview-8330_Tae6wX',\r\n\t\timages: ['https:\/\/geemarc.com\/fr\/wp-content\/uploads\/sites\/3\/2020\/11\/DSC_1169.jpg','https:\/\/geemarc.com\/fr\/wp-content\/uploads\/sites\/3\/2020\/11\/DSC_1168.jpg','https:\/\/geemarc.com\/fr\/wp-content\/uploads\/sites\/3\/2020\/11\/DSC_1167.jpg','https:\/\/geemarc.com\/fr\/wp-content\/uploads\/sites\/3\/2020\/11\/DSC_1166.jpg','https:\/\/geemarc.com\/fr\/wp-content\/uploads\/sites\/3\/2020\/11\/DSC_1165.jpg','https:\/\/geemarc.com\/fr\/wp-content\/uploads\/sites\/3\/2020\/11\/DSC_1164.jpg','https:\/\/geemarc.com\/fr\/wp-content\/uploads\/sites\/3\/2020\/11\/DSC_1163.jpg','https:\/\/geemarc.com\/fr\/wp-content\/uploads\/sites\/3\/2020\/11\/DSC_1162.jpg','https:\/\/geemarc.com\/fr\/wp-content\/uploads\/sites\/3\/2020\/11\/DSC_1161.jpg','https:\/\/geemarc.com\/fr\/wp-content\/uploads\/sites\/3\/2020\/11\/DSC_1160.jpg','https:\/\/geemarc.com\/fr\/wp-content\/uploads\/sites\/3\/2020\/11\/DSC_1159.jpg','https:\/\/geemarc.com\/fr\/wp-content\/uploads\/sites\/3\/2020\/11\/DSC_1158.jpg','https:\/\/geemarc.com\/fr\/wp-content\/uploads\/sites\/3\/2020\/11\/DSC_1157.jpg','https:\/\/geemarc.com\/fr\/wp-content\/uploads\/sites\/3\/2020\/11\/DSC_1156.jpg','https:\/\/geemarc.com\/fr\/wp-content\/uploads\/sites\/3\/2020\/11\/DSC_1155.jpg','https:\/\/geemarc.com\/fr\/wp-content\/uploads\/sites\/3\/2020\/11\/DSC_1154.jpg','https:\/\/geemarc.com\/fr\/wp-content\/uploads\/sites\/3\/2020\/11\/DSC_1153.jpg','https:\/\/geemarc.com\/fr\/wp-content\/uploads\/sites\/3\/2020\/11\/DSC_1152.jpg','https:\/\/geemarc.com\/fr\/wp-content\/uploads\/sites\/3\/2020\/11\/DSC_1151.jpg','https:\/\/geemarc.com\/fr\/wp-content\/uploads\/sites\/3\/2020\/11\/DSC_1150.jpg','https:\/\/geemarc.com\/fr\/wp-content\/uploads\/sites\/3\/2020\/11\/DSC_1149.jpg','https:\/\/geemarc.com\/fr\/wp-content\/uploads\/sites\/3\/2020\/11\/DSC_1148.jpg','https:\/\/geemarc.com\/fr\/wp-content\/uploads\/sites\/3\/2020\/11\/DSC_1147.jpg','https:\/\/geemarc.com\/fr\/wp-content\/uploads\/sites\/3\/2020\/11\/DSC_1146.jpg','https:\/\/geemarc.com\/fr\/wp-content\/uploads\/sites\/3\/2020\/11\/DSC_1145.jpg','https:\/\/geemarc.com\/fr\/wp-content\/uploads\/sites\/3\/2020\/11\/DSC_1144.jpg','https:\/\/geemarc.com\/fr\/wp-content\/uploads\/sites\/3\/2020\/11\/DSC_1143.jpg','https:\/\/geemarc.com\/fr\/wp-content\/uploads\/sites\/3\/2020\/11\/DSC_1142.jpg','https:\/\/geemarc.com\/fr\/wp-content\/uploads\/sites\/3\/2020\/11\/DSC_1141.jpg','https:\/\/geemarc.com\/fr\/wp-content\/uploads\/sites\/3\/2020\/11\/DSC_1140.jpg','https:\/\/geemarc.com\/fr\/wp-content\/uploads\/sites\/3\/2020\/11\/DSC_1139.jpg','https:\/\/geemarc.com\/fr\/wp-content\/uploads\/sites\/3\/2020\/11\/DSC_1138.jpg','https:\/\/geemarc.com\/fr\/wp-content\/uploads\/sites\/3\/2020\/11\/DSC_1137.jpg','https:\/\/geemarc.com\/fr\/wp-content\/uploads\/sites\/3\/2020\/11\/DSC_1136.jpg','https:\/\/geemarc.com\/fr\/wp-content\/uploads\/sites\/3\/2020\/11\/DSC_1135.jpg','https:\/\/geemarc.com\/fr\/wp-content\/uploads\/sites\/3\/2020\/11\/DSC_1134.jpg'],\r\n\t\theight: 0,\r\n\t\twidth: 600,\r\n\t\tnavigation: true,\r\n\t\tdrag: true,\r\n\t\tshowCursor: true,\r\n\t\tinterval: 120,\r\n\t\tspeedMultiplier: 3,\r\n\t\t\t\tstartAutoplay: true,\r\n\t\t\t\tonReady: function() {\r\n\t\t\t$(\"#threesixty-slider-8330_Tae6wX\").removeClass('threesixty-loading');\r\n\t\t\t\t\t\tproduct_8330_Tae6wX.play();\r\n\t\t\t\t\t\t\t\t}\r\n\t\t\t});\r\n\t\t\t}(jQuery));\r\n<\/script>\n","protected":false},"excerpt":{"rendered":"<p>R\u00e9veil avec coussin vibrant et port USB<\/p>\n","protected":false},"featured_media":2373,"template":"","meta":[],"product_cat":[140],"product_tag":[],"yoast_head":"<!-- This site is optimized with the Yoast SEO plugin v16.9 - https:\/\/yoast.com\/wordpress\/plugins\/seo\/ -->\n<title>SBT600SS - Geemarc France<\/title>\n<meta name=\"robots\" content=\"index, follow, max-snippet:-1, max-image-preview:large, max-video-preview:-1\" \/>\n<link rel=\"canonical\" href=\"https:\/\/geemarc.com\/fr\/product\/sbd600ss\/\" \/>\n<meta property=\"og:locale\" content=\"fr_FR\" \/>\n<meta property=\"og:type\" content=\"article\" \/>\n<meta property=\"og:title\" content=\"SBT600SS - Geemarc France\" \/>\n<meta property=\"og:description\" content=\"R\u00e9veil avec coussin vibrant et port USB\" \/>\n<meta property=\"og:url\" content=\"https:\/\/geemarc.com\/fr\/product\/sbd600ss\/\" \/>\n<meta property=\"og:site_name\" content=\"Geemarc France\" \/>\n<meta property=\"article:modified_time\" content=\"2022-08-31T06:44:57+00:00\" \/>\n<meta property=\"og:image\" content=\"https:\/\/geemarc.com\/fr\/wp-content\/uploads\/sites\/3\/2016\/09\/b015tftlly1.jpg\" \/>\n\t<meta property=\"og:image:width\" content=\"1200\" \/>\n\t<meta property=\"og:image:height\" content=\"1200\" \/>\n<meta name=\"twitter:card\" content=\"summary_large_image\" \/>\n<script type=\"application\/ld+json\" class=\"yoast-schema-graph\">{\"@context\":\"https:\/\/schema.org\",\"@graph\":[{\"@type\":\"WebSite\",\"@id\":\"https:\/\/geemarc.com\/fr\/#website\",\"url\":\"https:\/\/geemarc.com\/fr\/\",\"name\":\"Geemarc France\",\"description\":\"\",\"potentialAction\":[{\"@type\":\"SearchAction\",\"target\":{\"@type\":\"EntryPoint\",\"urlTemplate\":\"https:\/\/geemarc.com\/fr\/?s={search_term_string}\"},\"query-input\":\"required name=search_term_string\"}],\"inLanguage\":\"fr-FR\"},{\"@type\":\"ImageObject\",\"@id\":\"https:\/\/geemarc.com\/fr\/product\/sbd600ss\/#primaryimage\",\"inLanguage\":\"fr-FR\",\"url\":\"https:\/\/geemarc.com\/fr\/wp-content\/uploads\/sites\/3\/2016\/09\/b015tftlly1.jpg\",\"contentUrl\":\"https:\/\/geemarc.com\/fr\/wp-content\/uploads\/sites\/3\/2016\/09\/b015tftlly1.jpg\",\"width\":1200,\"height\":1200},{\"@type\":\"WebPage\",\"@id\":\"https:\/\/geemarc.com\/fr\/product\/sbd600ss\/#webpage\",\"url\":\"https:\/\/geemarc.com\/fr\/product\/sbd600ss\/\",\"name\":\"SBT600SS - Geemarc France\",\"isPartOf\":{\"@id\":\"https:\/\/geemarc.com\/fr\/#website\"},\"primaryImageOfPage\":{\"@id\":\"https:\/\/geemarc.com\/fr\/product\/sbd600ss\/#primaryimage\"},\"datePublished\":\"2016-09-14T10:22:01+00:00\",\"dateModified\":\"2022-08-31T06:44:57+00:00\",\"breadcrumb\":{\"@id\":\"https:\/\/geemarc.com\/fr\/product\/sbd600ss\/#breadcrumb\"},\"inLanguage\":\"fr-FR\",\"potentialAction\":[{\"@type\":\"ReadAction\",\"target\":[\"https:\/\/geemarc.com\/fr\/product\/sbd600ss\/\"]}]},{\"@type\":\"BreadcrumbList\",\"@id\":\"https:\/\/geemarc.com\/fr\/product\/sbd600ss\/#breadcrumb\",\"itemListElement\":[{\"@type\":\"ListItem\",\"position\":1,\"name\":\"Home\",\"item\":\"https:\/\/geemarc.com\/fr\/\"},{\"@type\":\"ListItem\",\"position\":2,\"name\":\"Shop\",\"item\":\"https:\/\/geemarc.com\/fr\/shop\/\"},{\"@type\":\"ListItem\",\"position\":3,\"name\":\"SBT600SS\"}]}]}<\/script>\n<!-- \/ Yoast SEO plugin. -->","yoast_head_json":{"title":"SBT600SS - Geemarc France","robots":{"index":"index","follow":"follow","max-snippet":"max-snippet:-1","max-image-preview":"max-image-preview:large","max-video-preview":"max-video-preview:-1"},"canonical":"https:\/\/geemarc.com\/fr\/product\/sbd600ss\/","og_locale":"fr_FR","og_type":"article","og_title":"SBT600SS - Geemarc France","og_description":"R\u00e9veil avec coussin vibrant et port USB","og_url":"https:\/\/geemarc.com\/fr\/product\/sbd600ss\/","og_site_name":"Geemarc France","article_modified_time":"2022-08-31T06:44:57+00:00","og_image":[{"width":1200,"height":1200,"url":"https:\/\/geemarc.com\/fr\/wp-content\/uploads\/sites\/3\/2016\/09\/b015tftlly1.jpg","path":"\/home\/g\/e\/geemarcwp\/public_html\/wp-content\/uploads\/sites\/3\/2016\/09\/b015tftlly1.jpg","size":"full","id":2373,"alt":"","pixels":1440000,"type":"image\/jpeg"}],"twitter_card":"summary_large_image","schema":{"@context":"https:\/\/schema.org","@graph":[{"@type":"WebSite","@id":"https:\/\/geemarc.com\/fr\/#website","url":"https:\/\/geemarc.com\/fr\/","name":"Geemarc France","description":"","potentialAction":[{"@type":"SearchAction","target":{"@type":"EntryPoint","urlTemplate":"https:\/\/geemarc.com\/fr\/?s={search_term_string}"},"query-input":"required name=search_term_string"}],"inLanguage":"fr-FR"},{"@type":"ImageObject","@id":"https:\/\/geemarc.com\/fr\/product\/sbd600ss\/#primaryimage","inLanguage":"fr-FR","url":"https:\/\/geemarc.com\/fr\/wp-content\/uploads\/sites\/3\/2016\/09\/b015tftlly1.jpg","contentUrl":"https:\/\/geemarc.com\/fr\/wp-content\/uploads\/sites\/3\/2016\/09\/b015tftlly1.jpg","width":1200,"height":1200},{"@type":"WebPage","@id":"https:\/\/geemarc.com\/fr\/product\/sbd600ss\/#webpage","url":"https:\/\/geemarc.com\/fr\/product\/sbd600ss\/","name":"SBT600SS - Geemarc France","isPartOf":{"@id":"https:\/\/geemarc.com\/fr\/#website"},"primaryImageOfPage":{"@id":"https:\/\/geemarc.com\/fr\/product\/sbd600ss\/#primaryimage"},"datePublished":"2016-09-14T10:22:01+00:00","dateModified":"2022-08-31T06:44:57+00:00","breadcrumb":{"@id":"https:\/\/geemarc.com\/fr\/product\/sbd600ss\/#breadcrumb"},"inLanguage":"fr-FR","potentialAction":[{"@type":"ReadAction","target":["https:\/\/geemarc.com\/fr\/product\/sbd600ss\/"]}]},{"@type":"BreadcrumbList","@id":"https:\/\/geemarc.com\/fr\/product\/sbd600ss\/#breadcrumb","itemListElement":[{"@type":"ListItem","position":1,"name":"Home","item":"https:\/\/geemarc.com\/fr\/"},{"@type":"ListItem","position":2,"name":"Shop","item":"https:\/\/geemarc.com\/fr\/shop\/"},{"@type":"ListItem","position":3,"name":"SBT600SS"}]}]}},"acf":[],"_links":{"self":[{"href":"https:\/\/geemarc.com\/fr\/wp-json\/wp\/v2\/product\/599"}],"collection":[{"href":"https:\/\/geemarc.com\/fr\/wp-json\/wp\/v2\/product"}],"about":[{"href":"https:\/\/geemarc.com\/fr\/wp-json\/wp\/v2\/types\/product"}],"wp:featuredmedia":[{"embeddable":true,"href":"https:\/\/geemarc.com\/fr\/wp-json\/wp\/v2\/media\/2373"}],"wp:attachment":[{"href":"https:\/\/geemarc.com\/fr\/wp-json\/wp\/v2\/media?parent=599"}],"wp:term":[{"taxonomy":"product_cat","embeddable":true,"href":"https:\/\/geemarc.com\/fr\/wp-json\/wp\/v2\/product_cat?post=599"},{"taxonomy":"product_tag","embeddable":true,"href":"https:\/\/geemarc.com\/fr\/wp-json\/wp\/v2\/product_tag?post=599"}],"curies":[{"name":"wp","href":"https:\/\/api.w.org\/{rel}","templated":true}]}}