{"id":6003,"date":"2019-04-17T14:59:04","date_gmt":"2019-04-17T14:59:04","guid":{"rendered":"http:\/\/geemarc.com\/fr\/?post_type=product&#038;p=6003"},"modified":"2024-04-25T08:27:18","modified_gmt":"2024-04-25T08:27:18","slug":"pack-mobility","status":"publish","type":"product","link":"https:\/\/geemarc.com\/fr\/product\/pack-mobility\/","title":{"rendered":"PACK MOBILITY"},"content":{"rendered":"<p><strong>APPELER\/REPONDRE (Commun aux deux combin\u00e9s)<\/strong><\/p>\n<ul>\n<li>Compatible appareil auditif<\/li>\n<li>R\u00e9glage du volume de r\u00e9ception jusqu\u2019\u00e0 30dB<\/li>\n<li>Mains libres avec r\u00e9glage du volume<\/li>\n<\/ul>\n<p>&nbsp;<\/p>\n<p><strong>APPELER\/REPONDRE (Combin\u00e9 photo)<\/strong><\/p>\n<ul>\n<li>4 m\u00e9moires \u00ab photo \u00bb personnalisables sur le combin\u00e9 additionnel photo :<\/li>\n<li>Larges touches photo\u00a0: 3 x 2 cm<\/li>\n<\/ul>\n<p><strong>\u00a0<\/strong><\/p>\n<p><strong>APPELER\/REPONDRE (Combin\u00e9 classique)<\/strong><\/p>\n<ul>\n<li>R\u00e9glage du volume du haut-parleur<\/li>\n<li>R\u00e9pertoire (50 fiches\u00a0: noms et num\u00e9ros)<\/li>\n<li>Touche d\u2019acc\u00e8s rapide au r\u00e9pertoire<\/li>\n<li>Touche R pour double appel<\/li>\n<li>Touche d\u2019acc\u00e8s rapide pour le menu<\/li>\n<li>Touche Bis (rappel du dernier num\u00e9ro compos\u00e9)<\/li>\n<li>Rappel du dernier num\u00e9ro compos\u00e9 ou des 10 derniers<\/li>\n<li>Fonction Flash (100ms\/300ms\/600ms)<\/li>\n<li>Fonction Secret<\/li>\n<li>Combin\u00e9 ergonomique facilitant l\u2019utilisation<\/li>\n<li>\u00a0Clavier\n<ul>\n<li>Larges touches<\/li>\n<li>Bip touche<\/li>\n<\/ul>\n<\/li>\n<\/ul>\n<div class=\"success p-tmpl-wrap primary-background\">\n<p><img class=\"p1\" src=\"https:\/\/geemarc.com\/uk\/wp-content\/uploads\/sites\/2\/2019\/04\/Photo-template-Urgence.png\" \/><img class=\"p2\" src=\"https:\/\/geemarc.com\/uk\/wp-content\/uploads\/sites\/2\/2019\/04\/Photo-template-portrait.png\" \/><span class=\"h3 bold\" data-wahfont=\"20\">IMPRESSION DE VOS PHOTOS<\/span><span class=\"h3\" data-wahfont=\"20\">Nouveaut\u00e9s et exclusivit\u00e9 Geemarc Telecom<\/span><\/p>\n<div style=\"margin: 10px 0 15px;line-height: 17px\">Un mod\u00e8le facile \u00e0 utiliser pour t\u00e9l\u00e9charger vos images et les imprimer pour les boutons des photophones.<br \/>\nCliquez sur le bouton ci-dessous.<\/div>\n<div class=\"table-cell button-right\" style=\"margin-top: 10px\"><a class=\"button filled\" href=\"http:\/\/geemarc.com\/p_editor\/photodect295\/f\/editor\/\" data-wahfont=\"12\">Mod\u00e8le de photos<\/a><\/div>\n<\/div>\n<div><\/div>\n<div><\/div>\n<div><div id=\"threesixty-slider-8257_Tfegym\" class=\"threesixty-loading threesixty-image threesixty-dark-blue threesixty-vintage threesixty-no-border\" style=\"width: 600px;\">\r\n\t<div class=\"threesixty-preview-8257_Tfegym\"><img class=\"threesixty-preview-image\" src=\"https:\/\/geemarc.com\/fr\/wp-content\/uploads\/sites\/3\/2020\/11\/DSC_1170.jpg\"\/><\/div>\r\n\t<div class=\"threesixty-spinner threesixty-spinner-8257_Tfegym\">\r\n\t\t<span>0%<\/span>\r\n\t<\/div>\r\n\t<ol class=\"threesixty-images threesixty-images-8257_Tfegym\"><\/ol>\r\n\t\t\t<a href=\"#threesixty-slider-8257_Tfegym\" class=\"threesixty-mfp-anchor\"><\/a>\r\n\t<\/div>\r\n<!--SPV--><script type=\"text\/javascript\">\/\/SPV\r\n(function($) {\r\n\t\t$('#threesixty-slider-8257_Tfegym .threesixty-mfp-anchor').magnificPopup({\r\n\t\ttype:'inline',\r\n\t\tcloseOnBgClick: true,\r\n\t\tmidClick: true,\r\n\t\t\/\/removalDelay: 300,\r\n  \t\t\/\/mainClass: 'mfp-fade',\r\n\t\tcallbacks: {\r\n\t\t\t resize: function() {\r\n\t\t\t \tvar originalHeight \t= 494,\r\n\t\t\t \t\toriginalWidth \t= 600,\r\n\t\t\t \t\tmfpHeight \t\t= 494,\r\n\t\t\t \t\tmfpWidth \t\t= 600,\r\n\t\t\t \t\tratio \t\t\t= originalWidth \/ originalHeight,\r\n\t\t\t \t\twinHeight \t\t= $(window).height(),\r\n\t\t\t \t\twinWidth \t\t= $(window).width();\r\n\t\t\t \t\r\n\t\t\t \tif ( originalHeight > winHeight * 0.9 ) {\r\n\t\t\t \t\tmfpHeight \t\t= winHeight * 0.9;\r\n\t\t\t \t\tmfpWidth \t\t= mfpHeight * ratio;\r\n\t\t\t\t}\r\n\t\t\t\tif ( mfpWidth > winWidth * 0.9 ) {\r\n\t\t\t \t\tmfpWidth \t\t= winWidth * 0.9;\r\n\t\t\t \t\tmfpHeight \t\t= mfpWidth \/ ratio;\r\n\t\t\t\t}\r\n\t\t\t \tif ( mfpHeight < originalHeight && mfpWidth < originalWidth ) {\r\n\t\t\t\t    $('#threesixty-slider-8257_Tfegym').height(mfpHeight);\r\n\t\t\t\t    $('#threesixty-slider-8257_Tfegym').width(mfpWidth);\r\n\t\t\t\t} \r\n\t\t\t\telse {\r\n\t\t\t\t    $('#threesixty-slider-8257_Tfegym').height(originalHeight);\r\n\t\t\t\t    $('#threesixty-slider-8257_Tfegym').width(originalWidth);\r\n\t\t\t\t}\r\n\t\t\t},\r\n\t\t\tclose: function() {\r\n\t\t\t    $('#threesixty-slider-8257_Tfegym').height('auto');\r\n\t\t\t    $('#threesixty-slider-8257_Tfegym').width(600);\r\n\t\t\t}\r\n\t\t},\r\n\t\tcloseMarkup :\"<button class=\\\"mfp-close\\\"><\/button>\"\r\n\t});\r\n\t\tvar product_8257_Tfegym = $('#threesixty-slider-8257_Tfegym').ThreeSixty({\r\n\t\ttotalFrames: 36,\r\n\t\tendFrame: 0,\r\n\t\tcurrentFrame: 36,\r\n\t\timgList: '.threesixty-images-8257_Tfegym',\r\n\t\tprogress: '.threesixty-spinner-8257_Tfegym',\r\n\t\tpreview: '.threesixty-preview-8257_Tfegym',\r\n\t\timages: ['https:\/\/geemarc.com\/fr\/wp-content\/uploads\/sites\/3\/2020\/11\/DSC_1205.jpg','https:\/\/geemarc.com\/fr\/wp-content\/uploads\/sites\/3\/2020\/11\/DSC_1204.jpg','https:\/\/geemarc.com\/fr\/wp-content\/uploads\/sites\/3\/2020\/11\/DSC_1203.jpg','https:\/\/geemarc.com\/fr\/wp-content\/uploads\/sites\/3\/2020\/11\/DSC_1202.jpg','https:\/\/geemarc.com\/fr\/wp-content\/uploads\/sites\/3\/2020\/11\/DSC_1201.jpg','https:\/\/geemarc.com\/fr\/wp-content\/uploads\/sites\/3\/2020\/11\/DSC_1200.jpg','https:\/\/geemarc.com\/fr\/wp-content\/uploads\/sites\/3\/2020\/11\/DSC_1199.jpg','https:\/\/geemarc.com\/fr\/wp-content\/uploads\/sites\/3\/2020\/11\/DSC_1198.jpg','https:\/\/geemarc.com\/fr\/wp-content\/uploads\/sites\/3\/2020\/11\/DSC_1197.jpg','https:\/\/geemarc.com\/fr\/wp-content\/uploads\/sites\/3\/2020\/11\/DSC_1196.jpg','https:\/\/geemarc.com\/fr\/wp-content\/uploads\/sites\/3\/2020\/11\/DSC_1195.jpg','https:\/\/geemarc.com\/fr\/wp-content\/uploads\/sites\/3\/2020\/11\/DSC_1194.jpg','https:\/\/geemarc.com\/fr\/wp-content\/uploads\/sites\/3\/2020\/11\/DSC_1193.jpg','https:\/\/geemarc.com\/fr\/wp-content\/uploads\/sites\/3\/2020\/11\/DSC_1192.jpg','https:\/\/geemarc.com\/fr\/wp-content\/uploads\/sites\/3\/2020\/11\/DSC_1191.jpg','https:\/\/geemarc.com\/fr\/wp-content\/uploads\/sites\/3\/2020\/11\/DSC_1190.jpg','https:\/\/geemarc.com\/fr\/wp-content\/uploads\/sites\/3\/2020\/11\/DSC_1189.jpg','https:\/\/geemarc.com\/fr\/wp-content\/uploads\/sites\/3\/2020\/11\/DSC_1188.jpg','https:\/\/geemarc.com\/fr\/wp-content\/uploads\/sites\/3\/2020\/11\/DSC_1187.jpg','https:\/\/geemarc.com\/fr\/wp-content\/uploads\/sites\/3\/2020\/11\/DSC_1186.jpg','https:\/\/geemarc.com\/fr\/wp-content\/uploads\/sites\/3\/2020\/11\/DSC_1185.jpg','https:\/\/geemarc.com\/fr\/wp-content\/uploads\/sites\/3\/2020\/11\/DSC_1184.jpg','https:\/\/geemarc.com\/fr\/wp-content\/uploads\/sites\/3\/2020\/11\/DSC_1183.jpg','https:\/\/geemarc.com\/fr\/wp-content\/uploads\/sites\/3\/2020\/11\/DSC_1182.jpg','https:\/\/geemarc.com\/fr\/wp-content\/uploads\/sites\/3\/2020\/11\/DSC_1181.jpg','https:\/\/geemarc.com\/fr\/wp-content\/uploads\/sites\/3\/2020\/11\/DSC_1180.jpg','https:\/\/geemarc.com\/fr\/wp-content\/uploads\/sites\/3\/2020\/11\/DSC_1179.jpg','https:\/\/geemarc.com\/fr\/wp-content\/uploads\/sites\/3\/2020\/11\/DSC_1178.jpg','https:\/\/geemarc.com\/fr\/wp-content\/uploads\/sites\/3\/2020\/11\/DSC_1177.jpg','https:\/\/geemarc.com\/fr\/wp-content\/uploads\/sites\/3\/2020\/11\/DSC_1176.jpg','https:\/\/geemarc.com\/fr\/wp-content\/uploads\/sites\/3\/2020\/11\/DSC_1175.jpg','https:\/\/geemarc.com\/fr\/wp-content\/uploads\/sites\/3\/2020\/11\/DSC_1174.jpg','https:\/\/geemarc.com\/fr\/wp-content\/uploads\/sites\/3\/2020\/11\/DSC_1173.jpg','https:\/\/geemarc.com\/fr\/wp-content\/uploads\/sites\/3\/2020\/11\/DSC_1172.jpg','https:\/\/geemarc.com\/fr\/wp-content\/uploads\/sites\/3\/2020\/11\/DSC_1171.jpg','https:\/\/geemarc.com\/fr\/wp-content\/uploads\/sites\/3\/2020\/11\/DSC_1170.jpg'],\r\n\t\theight: 0,\r\n\t\twidth: 600,\r\n\t\tnavigation: true,\r\n\t\tdrag: true,\r\n\t\tshowCursor: true,\r\n\t\tinterval: 120,\r\n\t\tspeedMultiplier: 3,\r\n\t\t\t\tstartAutoplay: true,\r\n\t\t\t\tonReady: function() {\r\n\t\t\t$(\"#threesixty-slider-8257_Tfegym\").removeClass('threesixty-loading');\r\n\t\t\t\t\t\tproduct_8257_Tfegym.play();\r\n\t\t\t\t\t\t\t\t}\r\n\t\t\t});\r\n\t\t\t}(jQuery));\r\n<\/script><\/div>\n","protected":false},"excerpt":{"rendered":"<p>AmpliDect295 + PhotoDect295<\/p>\n","protected":false},"featured_media":6017,"template":"","meta":[],"product_cat":[130],"product_tag":[],"yoast_head":"<!-- This site is optimized with the Yoast SEO plugin v16.9 - https:\/\/yoast.com\/wordpress\/plugins\/seo\/ -->\n<title>PACK MOBILITY - Geemarc France<\/title>\n<meta name=\"robots\" content=\"index, follow, max-snippet:-1, max-image-preview:large, max-video-preview:-1\" \/>\n<link rel=\"canonical\" href=\"https:\/\/geemarc.com\/fr\/product\/pack-mobility\/\" \/>\n<meta property=\"og:locale\" content=\"fr_FR\" \/>\n<meta property=\"og:type\" content=\"article\" \/>\n<meta property=\"og:title\" content=\"PACK MOBILITY - Geemarc France\" \/>\n<meta property=\"og:description\" content=\"AmpliDect295 + PhotoDect295\" \/>\n<meta property=\"og:url\" content=\"https:\/\/geemarc.com\/fr\/product\/pack-mobility\/\" \/>\n<meta property=\"og:site_name\" content=\"Geemarc France\" \/>\n<meta property=\"article:modified_time\" content=\"2024-04-25T08:27:18+00:00\" \/>\n<meta property=\"og:image\" content=\"https:\/\/geemarc.com\/fr\/wp-content\/uploads\/sites\/3\/2019\/04\/Pack-Mobility_1_V3.jpg\" \/>\n\t<meta property=\"og:image:width\" content=\"1930\" \/>\n\t<meta property=\"og:image:height\" content=\"1900\" \/>\n<meta name=\"twitter:card\" content=\"summary_large_image\" \/>\n<meta name=\"twitter:label1\" content=\"Dur\u00e9e de lecture est.\" \/>\n\t<meta name=\"twitter:data1\" content=\"1 minute\" \/>\n<script type=\"application\/ld+json\" class=\"yoast-schema-graph\">{\"@context\":\"https:\/\/schema.org\",\"@graph\":[{\"@type\":\"WebSite\",\"@id\":\"https:\/\/geemarc.com\/fr\/#website\",\"url\":\"https:\/\/geemarc.com\/fr\/\",\"name\":\"Geemarc France\",\"description\":\"\",\"potentialAction\":[{\"@type\":\"SearchAction\",\"target\":{\"@type\":\"EntryPoint\",\"urlTemplate\":\"https:\/\/geemarc.com\/fr\/?s={search_term_string}\"},\"query-input\":\"required name=search_term_string\"}],\"inLanguage\":\"fr-FR\"},{\"@type\":\"ImageObject\",\"@id\":\"https:\/\/geemarc.com\/fr\/product\/pack-mobility\/#primaryimage\",\"inLanguage\":\"fr-FR\",\"url\":\"https:\/\/geemarc.com\/fr\/wp-content\/uploads\/sites\/3\/2019\/04\/Pack-Mobility_1_V3.jpg\",\"contentUrl\":\"https:\/\/geemarc.com\/fr\/wp-content\/uploads\/sites\/3\/2019\/04\/Pack-Mobility_1_V3.jpg\",\"width\":1930,\"height\":1900},{\"@type\":\"WebPage\",\"@id\":\"https:\/\/geemarc.com\/fr\/product\/pack-mobility\/#webpage\",\"url\":\"https:\/\/geemarc.com\/fr\/product\/pack-mobility\/\",\"name\":\"PACK MOBILITY - Geemarc France\",\"isPartOf\":{\"@id\":\"https:\/\/geemarc.com\/fr\/#website\"},\"primaryImageOfPage\":{\"@id\":\"https:\/\/geemarc.com\/fr\/product\/pack-mobility\/#primaryimage\"},\"datePublished\":\"2019-04-17T14:59:04+00:00\",\"dateModified\":\"2024-04-25T08:27:18+00:00\",\"breadcrumb\":{\"@id\":\"https:\/\/geemarc.com\/fr\/product\/pack-mobility\/#breadcrumb\"},\"inLanguage\":\"fr-FR\",\"potentialAction\":[{\"@type\":\"ReadAction\",\"target\":[\"https:\/\/geemarc.com\/fr\/product\/pack-mobility\/\"]}]},{\"@type\":\"BreadcrumbList\",\"@id\":\"https:\/\/geemarc.com\/fr\/product\/pack-mobility\/#breadcrumb\",\"itemListElement\":[{\"@type\":\"ListItem\",\"position\":1,\"name\":\"Home\",\"item\":\"https:\/\/geemarc.com\/fr\/\"},{\"@type\":\"ListItem\",\"position\":2,\"name\":\"Shop\",\"item\":\"https:\/\/geemarc.com\/fr\/shop\/\"},{\"@type\":\"ListItem\",\"position\":3,\"name\":\"PACK MOBILITY\"}]}]}<\/script>\n<!-- \/ Yoast SEO plugin. -->","yoast_head_json":{"title":"PACK MOBILITY - Geemarc France","robots":{"index":"index","follow":"follow","max-snippet":"max-snippet:-1","max-image-preview":"max-image-preview:large","max-video-preview":"max-video-preview:-1"},"canonical":"https:\/\/geemarc.com\/fr\/product\/pack-mobility\/","og_locale":"fr_FR","og_type":"article","og_title":"PACK MOBILITY - Geemarc France","og_description":"AmpliDect295 + PhotoDect295","og_url":"https:\/\/geemarc.com\/fr\/product\/pack-mobility\/","og_site_name":"Geemarc France","article_modified_time":"2024-04-25T08:27:18+00:00","og_image":[{"width":1930,"height":1900,"url":"https:\/\/geemarc.com\/fr\/wp-content\/uploads\/sites\/3\/2019\/04\/Pack-Mobility_1_V3.jpg","path":"\/home\/g\/e\/geemarcwp\/public_html\/wp-content\/uploads\/sites\/3\/2019\/04\/Pack-Mobility_1_V3.jpg","size":"full","id":6017,"alt":"","pixels":3667000,"type":"image\/jpeg"}],"twitter_card":"summary_large_image","twitter_misc":{"Dur\u00e9e de lecture est.":"1 minute"},"schema":{"@context":"https:\/\/schema.org","@graph":[{"@type":"WebSite","@id":"https:\/\/geemarc.com\/fr\/#website","url":"https:\/\/geemarc.com\/fr\/","name":"Geemarc France","description":"","potentialAction":[{"@type":"SearchAction","target":{"@type":"EntryPoint","urlTemplate":"https:\/\/geemarc.com\/fr\/?s={search_term_string}"},"query-input":"required name=search_term_string"}],"inLanguage":"fr-FR"},{"@type":"ImageObject","@id":"https:\/\/geemarc.com\/fr\/product\/pack-mobility\/#primaryimage","inLanguage":"fr-FR","url":"https:\/\/geemarc.com\/fr\/wp-content\/uploads\/sites\/3\/2019\/04\/Pack-Mobility_1_V3.jpg","contentUrl":"https:\/\/geemarc.com\/fr\/wp-content\/uploads\/sites\/3\/2019\/04\/Pack-Mobility_1_V3.jpg","width":1930,"height":1900},{"@type":"WebPage","@id":"https:\/\/geemarc.com\/fr\/product\/pack-mobility\/#webpage","url":"https:\/\/geemarc.com\/fr\/product\/pack-mobility\/","name":"PACK MOBILITY - Geemarc France","isPartOf":{"@id":"https:\/\/geemarc.com\/fr\/#website"},"primaryImageOfPage":{"@id":"https:\/\/geemarc.com\/fr\/product\/pack-mobility\/#primaryimage"},"datePublished":"2019-04-17T14:59:04+00:00","dateModified":"2024-04-25T08:27:18+00:00","breadcrumb":{"@id":"https:\/\/geemarc.com\/fr\/product\/pack-mobility\/#breadcrumb"},"inLanguage":"fr-FR","potentialAction":[{"@type":"ReadAction","target":["https:\/\/geemarc.com\/fr\/product\/pack-mobility\/"]}]},{"@type":"BreadcrumbList","@id":"https:\/\/geemarc.com\/fr\/product\/pack-mobility\/#breadcrumb","itemListElement":[{"@type":"ListItem","position":1,"name":"Home","item":"https:\/\/geemarc.com\/fr\/"},{"@type":"ListItem","position":2,"name":"Shop","item":"https:\/\/geemarc.com\/fr\/shop\/"},{"@type":"ListItem","position":3,"name":"PACK MOBILITY"}]}]}},"acf":[],"_links":{"self":[{"href":"https:\/\/geemarc.com\/fr\/wp-json\/wp\/v2\/product\/6003"}],"collection":[{"href":"https:\/\/geemarc.com\/fr\/wp-json\/wp\/v2\/product"}],"about":[{"href":"https:\/\/geemarc.com\/fr\/wp-json\/wp\/v2\/types\/product"}],"wp:featuredmedia":[{"embeddable":true,"href":"https:\/\/geemarc.com\/fr\/wp-json\/wp\/v2\/media\/6017"}],"wp:attachment":[{"href":"https:\/\/geemarc.com\/fr\/wp-json\/wp\/v2\/media?parent=6003"}],"wp:term":[{"taxonomy":"product_cat","embeddable":true,"href":"https:\/\/geemarc.com\/fr\/wp-json\/wp\/v2\/product_cat?post=6003"},{"taxonomy":"product_tag","embeddable":true,"href":"https:\/\/geemarc.com\/fr\/wp-json\/wp\/v2\/product_tag?post=6003"}],"curies":[{"name":"wp","href":"https:\/\/api.w.org\/{rel}","templated":true}]}}