{"id":6019,"date":"2019-04-18T10:37:42","date_gmt":"2019-04-18T10:37:42","guid":{"rendered":"http:\/\/geemarc.com\/fr\/?post_type=product&#038;p=6019"},"modified":"2023-05-16T08:56:56","modified_gmt":"2023-05-16T08:56:56","slug":"pack-senior","status":"publish","type":"product","link":"https:\/\/geemarc.com\/fr\/product\/pack-senior\/","title":{"rendered":"PACK SENIOR"},"content":{"rendered":"<p><strong>APPELER\/R\u00c9PONDRE (BASE)<\/strong><\/p>\n<ul>\n<li>Compatible appareil auditif (HAC)<\/li>\n<li>R\u00e9glage du volume de r\u00e9ception jusqu\u2019\u00e0 30dB (base + combin\u00e9s)<\/li>\n<li>4 m\u00e9moires directes sur la base dont 3 \u00e0 personnaliser avec des photos<\/li>\n<li>Mains libres<\/li>\n<li>Rappel des 10 derniers num\u00e9ros<\/li>\n<li>R\u00e9pertoire 50 num\u00e9ros<\/li>\n<li>Fonction Pause \/ Secret<\/li>\n<li>Clavier :\n<ul>\n<li>Larges touches (25x14mm)<\/li>\n<li>Grands caract\u00e8res (10mm)<\/li>\n<\/ul>\n<\/li>\n<\/ul>\n<p>&nbsp;<\/p>\n<p><strong>\u00c9CRANS LCD<\/strong><\/p>\n<ul>\n<li>Larges \u00e9crans (80*43mm-3 lignes pour la base, 40*30mm-1 ligne pour le combin\u00e9)<\/li>\n<li>Ecran r\u00e9tro-\u00e9clair\u00e9 blanc<\/li>\n<li>S\u00e9lection entre 7 langues sur le combin\u00e9 : Anglais, Fran\u00e7ais, Allemand, N\u00e9erlandais, Italien, Espagnol et Russe<\/li>\n<li>S\u00e9lection entre 6 langues sur la base : Anglais, Fran\u00e7ais, Allemand, Italien, Espagnol et Russe<\/li>\n<li>Menu navigation<\/li>\n<li>Horodatage<\/li>\n<li>Fonction Alarme<\/li>\n<li>Verrouillage du clavier<\/li>\n<li>Indication du temps de communication<\/li>\n<\/ul>\n<p>&nbsp;<\/p>\n<p><strong>PHOTODECT295 (COMBIN\u00c9)<\/strong><\/p>\n<ul>\n<li>Compatible avec tout appareil auditif (HAC)<\/li>\n<li>4 m\u00e9moires \u00ab\u00a0photo\u00a0\u00bb personnalisables\u00a0:<\/li>\n<li>Larges touches photo\u00a0: 3 x 2 cm<\/li>\n<li>R\u00e9glage du volume du haut-parleur<\/li>\n<li>D\u00e9crochage \/ raccrochage automatique<\/li>\n<li>T\u00e9l\u00e9phone DECT<\/li>\n<li>Base de rechargement (incluse)<\/li>\n<\/ul>\n<div class=\"success p-tmpl-wrap primary-background\">\n<p><img class=\"p1\" src=\"https:\/\/geemarc.com\/uk\/wp-content\/uploads\/sites\/2\/2019\/04\/Photo-template-Urgence.png\" \/><img class=\"p2\" src=\"https:\/\/geemarc.com\/uk\/wp-content\/uploads\/sites\/2\/2019\/04\/Photo-template-portrait.png\" \/><span class=\"h3 bold\" data-wahfont=\"20\">IMPRESSION DE VOS PHOTOS<\/span><span class=\"h3\" data-wahfont=\"20\">Nouveaut\u00e9s et exclusivit\u00e9 Geemarc Telecom<\/span><\/p>\n<div style=\"margin: 10px 0 15px; line-height: 17px;\">Un mod\u00e8le facile \u00e0 utiliser pour t\u00e9l\u00e9charger vos images et les imprimer pour les boutons des photophones.<br \/>\nCliquez sur le bouton ci-dessous.<\/div>\n<div class=\"table-cell button-right\" style=\"margin-top: 10px;\"><a class=\"button filled\" href=\"http:\/\/geemarc.com\/p_editor\/seniorpack\/f\/editor\/\" data-wahfont=\"12\">Mod\u00e8le de photos<\/a><\/div>\n<\/div>\n","protected":false},"excerpt":{"rendered":"<p>AmpliDect Combi 295 + PhotoDect295<\/p>\n","protected":false},"featured_media":6024,"template":"","meta":[],"product_cat":[131],"product_tag":[],"yoast_head":"<!-- This site is optimized with the Yoast SEO plugin v16.9 - https:\/\/yoast.com\/wordpress\/plugins\/seo\/ -->\n<title>PACK SENIOR - Geemarc France<\/title>\n<meta name=\"robots\" content=\"index, follow, max-snippet:-1, max-image-preview:large, max-video-preview:-1\" \/>\n<link rel=\"canonical\" href=\"https:\/\/geemarc.com\/fr\/product\/pack-senior\/\" \/>\n<meta property=\"og:locale\" content=\"fr_FR\" \/>\n<meta property=\"og:type\" content=\"article\" \/>\n<meta property=\"og:title\" content=\"PACK SENIOR - Geemarc France\" \/>\n<meta property=\"og:description\" content=\"AmpliDect Combi 295 + PhotoDect295\" \/>\n<meta property=\"og:url\" content=\"https:\/\/geemarc.com\/fr\/product\/pack-senior\/\" \/>\n<meta property=\"og:site_name\" content=\"Geemarc France\" \/>\n<meta property=\"article:modified_time\" content=\"2023-05-16T08:56:56+00:00\" \/>\n<meta property=\"og:image\" content=\"https:\/\/geemarc.com\/fr\/wp-content\/uploads\/sites\/3\/2019\/04\/Pack-SENIOR-1.jpg\" \/>\n\t<meta property=\"og:image:width\" content=\"3307\" \/>\n\t<meta property=\"og:image:height\" content=\"1772\" \/>\n<meta name=\"twitter:card\" content=\"summary_large_image\" \/>\n<meta name=\"twitter:label1\" content=\"Dur\u00e9e de lecture est.\" \/>\n\t<meta name=\"twitter:data1\" content=\"1 minute\" \/>\n<script type=\"application\/ld+json\" class=\"yoast-schema-graph\">{\"@context\":\"https:\/\/schema.org\",\"@graph\":[{\"@type\":\"WebSite\",\"@id\":\"https:\/\/geemarc.com\/fr\/#website\",\"url\":\"https:\/\/geemarc.com\/fr\/\",\"name\":\"Geemarc France\",\"description\":\"\",\"potentialAction\":[{\"@type\":\"SearchAction\",\"target\":{\"@type\":\"EntryPoint\",\"urlTemplate\":\"https:\/\/geemarc.com\/fr\/?s={search_term_string}\"},\"query-input\":\"required name=search_term_string\"}],\"inLanguage\":\"fr-FR\"},{\"@type\":\"ImageObject\",\"@id\":\"https:\/\/geemarc.com\/fr\/product\/pack-senior\/#primaryimage\",\"inLanguage\":\"fr-FR\",\"url\":\"https:\/\/geemarc.com\/fr\/wp-content\/uploads\/sites\/3\/2019\/04\/Pack-SENIOR-1.jpg\",\"contentUrl\":\"https:\/\/geemarc.com\/fr\/wp-content\/uploads\/sites\/3\/2019\/04\/Pack-SENIOR-1.jpg\",\"width\":3307,\"height\":1772},{\"@type\":\"WebPage\",\"@id\":\"https:\/\/geemarc.com\/fr\/product\/pack-senior\/#webpage\",\"url\":\"https:\/\/geemarc.com\/fr\/product\/pack-senior\/\",\"name\":\"PACK SENIOR - Geemarc France\",\"isPartOf\":{\"@id\":\"https:\/\/geemarc.com\/fr\/#website\"},\"primaryImageOfPage\":{\"@id\":\"https:\/\/geemarc.com\/fr\/product\/pack-senior\/#primaryimage\"},\"datePublished\":\"2019-04-18T10:37:42+00:00\",\"dateModified\":\"2023-05-16T08:56:56+00:00\",\"breadcrumb\":{\"@id\":\"https:\/\/geemarc.com\/fr\/product\/pack-senior\/#breadcrumb\"},\"inLanguage\":\"fr-FR\",\"potentialAction\":[{\"@type\":\"ReadAction\",\"target\":[\"https:\/\/geemarc.com\/fr\/product\/pack-senior\/\"]}]},{\"@type\":\"BreadcrumbList\",\"@id\":\"https:\/\/geemarc.com\/fr\/product\/pack-senior\/#breadcrumb\",\"itemListElement\":[{\"@type\":\"ListItem\",\"position\":1,\"name\":\"Home\",\"item\":\"https:\/\/geemarc.com\/fr\/\"},{\"@type\":\"ListItem\",\"position\":2,\"name\":\"Shop\",\"item\":\"https:\/\/geemarc.com\/fr\/shop\/\"},{\"@type\":\"ListItem\",\"position\":3,\"name\":\"PACK SENIOR\"}]}]}<\/script>\n<!-- \/ Yoast SEO plugin. -->","yoast_head_json":{"title":"PACK SENIOR - Geemarc France","robots":{"index":"index","follow":"follow","max-snippet":"max-snippet:-1","max-image-preview":"max-image-preview:large","max-video-preview":"max-video-preview:-1"},"canonical":"https:\/\/geemarc.com\/fr\/product\/pack-senior\/","og_locale":"fr_FR","og_type":"article","og_title":"PACK SENIOR - Geemarc France","og_description":"AmpliDect Combi 295 + PhotoDect295","og_url":"https:\/\/geemarc.com\/fr\/product\/pack-senior\/","og_site_name":"Geemarc France","article_modified_time":"2023-05-16T08:56:56+00:00","og_image":[{"width":3307,"height":1772,"url":"https:\/\/geemarc.com\/fr\/wp-content\/uploads\/sites\/3\/2019\/04\/Pack-SENIOR-1.jpg","path":"\/home\/g\/e\/geemarcwp\/public_html\/wp-content\/uploads\/sites\/3\/2019\/04\/Pack-SENIOR-1.jpg","size":"full","id":6024,"alt":"","pixels":5860004,"type":"image\/jpeg"}],"twitter_card":"summary_large_image","twitter_misc":{"Dur\u00e9e de lecture est.":"1 minute"},"schema":{"@context":"https:\/\/schema.org","@graph":[{"@type":"WebSite","@id":"https:\/\/geemarc.com\/fr\/#website","url":"https:\/\/geemarc.com\/fr\/","name":"Geemarc France","description":"","potentialAction":[{"@type":"SearchAction","target":{"@type":"EntryPoint","urlTemplate":"https:\/\/geemarc.com\/fr\/?s={search_term_string}"},"query-input":"required name=search_term_string"}],"inLanguage":"fr-FR"},{"@type":"ImageObject","@id":"https:\/\/geemarc.com\/fr\/product\/pack-senior\/#primaryimage","inLanguage":"fr-FR","url":"https:\/\/geemarc.com\/fr\/wp-content\/uploads\/sites\/3\/2019\/04\/Pack-SENIOR-1.jpg","contentUrl":"https:\/\/geemarc.com\/fr\/wp-content\/uploads\/sites\/3\/2019\/04\/Pack-SENIOR-1.jpg","width":3307,"height":1772},{"@type":"WebPage","@id":"https:\/\/geemarc.com\/fr\/product\/pack-senior\/#webpage","url":"https:\/\/geemarc.com\/fr\/product\/pack-senior\/","name":"PACK SENIOR - Geemarc France","isPartOf":{"@id":"https:\/\/geemarc.com\/fr\/#website"},"primaryImageOfPage":{"@id":"https:\/\/geemarc.com\/fr\/product\/pack-senior\/#primaryimage"},"datePublished":"2019-04-18T10:37:42+00:00","dateModified":"2023-05-16T08:56:56+00:00","breadcrumb":{"@id":"https:\/\/geemarc.com\/fr\/product\/pack-senior\/#breadcrumb"},"inLanguage":"fr-FR","potentialAction":[{"@type":"ReadAction","target":["https:\/\/geemarc.com\/fr\/product\/pack-senior\/"]}]},{"@type":"BreadcrumbList","@id":"https:\/\/geemarc.com\/fr\/product\/pack-senior\/#breadcrumb","itemListElement":[{"@type":"ListItem","position":1,"name":"Home","item":"https:\/\/geemarc.com\/fr\/"},{"@type":"ListItem","position":2,"name":"Shop","item":"https:\/\/geemarc.com\/fr\/shop\/"},{"@type":"ListItem","position":3,"name":"PACK SENIOR"}]}]}},"acf":[],"_links":{"self":[{"href":"https:\/\/geemarc.com\/fr\/wp-json\/wp\/v2\/product\/6019"}],"collection":[{"href":"https:\/\/geemarc.com\/fr\/wp-json\/wp\/v2\/product"}],"about":[{"href":"https:\/\/geemarc.com\/fr\/wp-json\/wp\/v2\/types\/product"}],"wp:featuredmedia":[{"embeddable":true,"href":"https:\/\/geemarc.com\/fr\/wp-json\/wp\/v2\/media\/6024"}],"wp:attachment":[{"href":"https:\/\/geemarc.com\/fr\/wp-json\/wp\/v2\/media?parent=6019"}],"wp:term":[{"taxonomy":"product_cat","embeddable":true,"href":"https:\/\/geemarc.com\/fr\/wp-json\/wp\/v2\/product_cat?post=6019"},{"taxonomy":"product_tag","embeddable":true,"href":"https:\/\/geemarc.com\/fr\/wp-json\/wp\/v2\/product_tag?post=6019"}],"curies":[{"name":"wp","href":"https:\/\/api.w.org\/{rel}","templated":true}]}}