{"id":610,"date":"2016-09-15T13:33:32","date_gmt":"2016-09-15T13:33:32","guid":{"rendered":"http:\/\/geemarc.com\/fr\/produit\/lh10\/"},"modified":"2025-02-27T15:51:36","modified_gmt":"2025-02-27T15:51:36","slug":"lh10","status":"publish","type":"product","link":"https:\/\/geemarc.com\/fr\/product\/lh10\/","title":{"rendered":"LOOPHEAR10\u2122 \u2013 LH10V2"},"content":{"rendered":"<p><span style=\"font-family: verdana, geneva;font-size: small\"><strong><span style=\"color: #000000\">La LH10 est un amplificateur d&#8217;\u00e9coute \u00e9quip\u00e9 d&#8217;un microphone \u00e0 haute sensibilit\u00e9 amplifiant les sons ambiants, permettant ainsi \u00e0 une personne malentendante de suivre et participer \u00e0 une discussion.<br \/>\nEn position T, la LH10 est un r\u00e9cepteur captant les champs magn\u00e9tiques g\u00e9n\u00e9r\u00e9s par les boucles \u00e0 induction, qui \u00e9quipent certaines salles de cin\u00e9ma ou de conf\u00e9rence, et les restitue sous forme de signal audible.<\/span><\/strong><\/span><\/p>\n<p>&nbsp;<\/p>\n<p><span style=\"font-family: verdana, geneva;font-size: small\"><strong><span style=\"color: #000000\">CARACTERISTIQUES:<\/span><\/strong><\/span><\/p>\n<ul>\n<li><span style=\"font-family: verdana, geneva;font-size: small\">Volume acoustique max : 120dB spl<\/span><\/li>\n<li><span style=\"font-family: verdana, geneva;font-size: small\">\u00a0Gamme de fr\u00e9quence : 100 to 8000Hz<\/span><\/li>\n<li><span style=\"font-family: verdana, geneva;font-size: small\">\u00a0Amplificateur d\u2019\u00e9coute<\/span><\/li>\n<li><span style=\"font-family: verdana, geneva;font-size: small\">\u00a0R\u00e9glage du volume de r\u00e9ception jusqu\u2019\u00e0 30dB<\/span><\/li>\n<li><span style=\"font-family: verdana, geneva;font-size: small\">\u00a0R\u00e9glage de la tonalit\u00e9 jusqu\u2019\u00e0 +\/- 10dB<\/span><\/li>\n<li><span style=\"font-family: verdana, geneva;font-size: small\">\u00a0Batterie Lithium rechargeable incluse<\/span><\/li>\n<li><span style=\"font-family: verdana, geneva;font-size: small\">\u00a08 \u00e0 10 heures d\u2019autonomie en utilisation<\/span><\/li>\n<li><span style=\"font-family: verdana, geneva;font-size: small\">\u00a0Indicateur de batterie faible<\/span><\/li>\n<li><span style=\"font-family: verdana, geneva;font-size: small\">\u00a0Temps de chargement complet : 2\/3 heures<\/span><\/li>\n<li><span style=\"font-family: verdana, geneva;font-size: small\">\u00a0Sensibilit\u00e9 de la bobine : -50dBv, 1Khz, 100mA\/m<\/span><\/li>\n<li><span style=\"font-family: verdana, geneva;font-size: small\">\u00a0R\u00e9glage de la balance gauche\/droite<\/span><\/li>\n<li><span style=\"font-family: verdana, geneva;font-size: small\">\u00a0Micro \u00e0 haute sensibilit\u00e9<\/span><\/li>\n<li><span style=\"font-family: verdana, geneva;font-size: small\">\u00a0Rev\u00eatement sp\u00e9cial pour att\u00e9nuation des nuisances sonores lors des manipulations<\/span><\/li>\n<\/ul>\n<p>&nbsp;<\/p>\n<div id=\"threesixty-slider-10875_Xpf4uv\" class=\"threesixty-loading threesixty-image threesixty-dark-blue threesixty-vintage threesixty-no-border\" style=\"width: 800px;\">\r\n\t<div class=\"threesixty-preview-10875_Xpf4uv\"><img class=\"threesixty-preview-image\" src=\"https:\/\/geemarc.com\/fr\/wp-content\/uploads\/sites\/3\/2023\/07\/DSC_0610.jpg\"\/><\/div>\r\n\t<div class=\"threesixty-spinner threesixty-spinner-10875_Xpf4uv\">\r\n\t\t<span>0%<\/span>\r\n\t<\/div>\r\n\t<ol class=\"threesixty-images threesixty-images-10875_Xpf4uv\"><\/ol>\r\n\t\t\t<a href=\"#threesixty-slider-10875_Xpf4uv\" class=\"threesixty-mfp-anchor\"><\/a>\r\n\t<\/div>\r\n<!--SPV--><script type=\"text\/javascript\">\/\/SPV\r\n(function($) {\r\n\t\t$('#threesixty-slider-10875_Xpf4uv .threesixty-mfp-anchor').magnificPopup({\r\n\t\ttype:'inline',\r\n\t\tcloseOnBgClick: true,\r\n\t\tmidClick: true,\r\n\t\t\/\/removalDelay: 300,\r\n  \t\t\/\/mainClass: 'mfp-fade',\r\n\t\tcallbacks: {\r\n\t\t\t resize: function() {\r\n\t\t\t \tvar originalHeight \t= 491,\r\n\t\t\t \t\toriginalWidth \t= 800,\r\n\t\t\t \t\tmfpHeight \t\t= 491,\r\n\t\t\t \t\tmfpWidth \t\t= 800,\r\n\t\t\t \t\tratio \t\t\t= originalWidth \/ originalHeight,\r\n\t\t\t \t\twinHeight \t\t= $(window).height(),\r\n\t\t\t \t\twinWidth \t\t= $(window).width();\r\n\t\t\t \t\r\n\t\t\t \tif ( originalHeight > winHeight * 0.9 ) {\r\n\t\t\t \t\tmfpHeight \t\t= winHeight * 0.9;\r\n\t\t\t \t\tmfpWidth \t\t= mfpHeight * ratio;\r\n\t\t\t\t}\r\n\t\t\t\tif ( mfpWidth > winWidth * 0.9 ) {\r\n\t\t\t \t\tmfpWidth \t\t= winWidth * 0.9;\r\n\t\t\t \t\tmfpHeight \t\t= mfpWidth \/ ratio;\r\n\t\t\t\t}\r\n\t\t\t \tif ( mfpHeight < originalHeight && mfpWidth < originalWidth ) {\r\n\t\t\t\t    $('#threesixty-slider-10875_Xpf4uv').height(mfpHeight);\r\n\t\t\t\t    $('#threesixty-slider-10875_Xpf4uv').width(mfpWidth);\r\n\t\t\t\t} \r\n\t\t\t\telse {\r\n\t\t\t\t    $('#threesixty-slider-10875_Xpf4uv').height(originalHeight);\r\n\t\t\t\t    $('#threesixty-slider-10875_Xpf4uv').width(originalWidth);\r\n\t\t\t\t}\r\n\t\t\t},\r\n\t\t\tclose: function() {\r\n\t\t\t    $('#threesixty-slider-10875_Xpf4uv').height('auto');\r\n\t\t\t    $('#threesixty-slider-10875_Xpf4uv').width(800);\r\n\t\t\t}\r\n\t\t},\r\n\t\tcloseMarkup :\"<button class=\\\"mfp-close\\\"><\/button>\"\r\n\t});\r\n\t\tvar product_10875_Xpf4uv = $('#threesixty-slider-10875_Xpf4uv').ThreeSixty({\r\n\t\ttotalFrames: 36,\r\n\t\tendFrame: 0,\r\n\t\tcurrentFrame: 36,\r\n\t\timgList: '.threesixty-images-10875_Xpf4uv',\r\n\t\tprogress: '.threesixty-spinner-10875_Xpf4uv',\r\n\t\tpreview: '.threesixty-preview-10875_Xpf4uv',\r\n\t\timages: ['https:\/\/geemarc.com\/fr\/wp-content\/uploads\/sites\/3\/2023\/07\/DSC_0609.jpg','https:\/\/geemarc.com\/fr\/wp-content\/uploads\/sites\/3\/2023\/07\/DSC_0644.jpg','https:\/\/geemarc.com\/fr\/wp-content\/uploads\/sites\/3\/2023\/07\/DSC_0643.jpg','https:\/\/geemarc.com\/fr\/wp-content\/uploads\/sites\/3\/2023\/07\/DSC_0642.jpg','https:\/\/geemarc.com\/fr\/wp-content\/uploads\/sites\/3\/2023\/07\/DSC_0641.jpg','https:\/\/geemarc.com\/fr\/wp-content\/uploads\/sites\/3\/2023\/07\/DSC_0640.jpg','https:\/\/geemarc.com\/fr\/wp-content\/uploads\/sites\/3\/2023\/07\/DSC_0639.jpg','https:\/\/geemarc.com\/fr\/wp-content\/uploads\/sites\/3\/2023\/07\/DSC_0638.jpg','https:\/\/geemarc.com\/fr\/wp-content\/uploads\/sites\/3\/2023\/07\/DSC_0637.jpg','https:\/\/geemarc.com\/fr\/wp-content\/uploads\/sites\/3\/2023\/07\/DSC_0636.jpg','https:\/\/geemarc.com\/fr\/wp-content\/uploads\/sites\/3\/2023\/07\/DSC_0635.jpg','https:\/\/geemarc.com\/fr\/wp-content\/uploads\/sites\/3\/2023\/07\/DSC_0634.jpg','https:\/\/geemarc.com\/fr\/wp-content\/uploads\/sites\/3\/2023\/07\/DSC_0633.jpg','https:\/\/geemarc.com\/fr\/wp-content\/uploads\/sites\/3\/2023\/07\/DSC_0632.jpg','https:\/\/geemarc.com\/fr\/wp-content\/uploads\/sites\/3\/2023\/07\/DSC_0631.jpg','https:\/\/geemarc.com\/fr\/wp-content\/uploads\/sites\/3\/2023\/07\/DSC_0630.jpg','https:\/\/geemarc.com\/fr\/wp-content\/uploads\/sites\/3\/2023\/07\/DSC_0629.jpg','https:\/\/geemarc.com\/fr\/wp-content\/uploads\/sites\/3\/2023\/07\/DSC_0628.jpg','https:\/\/geemarc.com\/fr\/wp-content\/uploads\/sites\/3\/2023\/07\/DSC_0627.jpg','https:\/\/geemarc.com\/fr\/wp-content\/uploads\/sites\/3\/2023\/07\/DSC_0626.jpg','https:\/\/geemarc.com\/fr\/wp-content\/uploads\/sites\/3\/2023\/07\/DSC_0625.jpg','https:\/\/geemarc.com\/fr\/wp-content\/uploads\/sites\/3\/2023\/07\/DSC_0624.jpg','https:\/\/geemarc.com\/fr\/wp-content\/uploads\/sites\/3\/2023\/07\/DSC_0623.jpg','https:\/\/geemarc.com\/fr\/wp-content\/uploads\/sites\/3\/2023\/07\/DSC_0622.jpg','https:\/\/geemarc.com\/fr\/wp-content\/uploads\/sites\/3\/2023\/07\/DSC_0621.jpg','https:\/\/geemarc.com\/fr\/wp-content\/uploads\/sites\/3\/2023\/07\/DSC_0620.jpg','https:\/\/geemarc.com\/fr\/wp-content\/uploads\/sites\/3\/2023\/07\/DSC_0619.jpg','https:\/\/geemarc.com\/fr\/wp-content\/uploads\/sites\/3\/2023\/07\/DSC_0618.jpg','https:\/\/geemarc.com\/fr\/wp-content\/uploads\/sites\/3\/2023\/07\/DSC_0617.jpg','https:\/\/geemarc.com\/fr\/wp-content\/uploads\/sites\/3\/2023\/07\/DSC_0616.jpg','https:\/\/geemarc.com\/fr\/wp-content\/uploads\/sites\/3\/2023\/07\/DSC_0615.jpg','https:\/\/geemarc.com\/fr\/wp-content\/uploads\/sites\/3\/2023\/07\/DSC_0614.jpg','https:\/\/geemarc.com\/fr\/wp-content\/uploads\/sites\/3\/2023\/07\/DSC_0613.jpg','https:\/\/geemarc.com\/fr\/wp-content\/uploads\/sites\/3\/2023\/07\/DSC_0612.jpg','https:\/\/geemarc.com\/fr\/wp-content\/uploads\/sites\/3\/2023\/07\/DSC_0611.jpg','https:\/\/geemarc.com\/fr\/wp-content\/uploads\/sites\/3\/2023\/07\/DSC_0610.jpg'],\r\n\t\theight: 0,\r\n\t\twidth: 800,\r\n\t\tnavigation: true,\r\n\t\tdrag: true,\r\n\t\tshowCursor: true,\r\n\t\tinterval: 120,\r\n\t\tspeedMultiplier: 3,\r\n\t\t\t\tstartAutoplay: true,\r\n\t\t\t\tonReady: function() {\r\n\t\t\t$(\"#threesixty-slider-10875_Xpf4uv\").removeClass('threesixty-loading');\r\n\t\t\t\t\t\tproduct_10875_Xpf4uv.play();\r\n\t\t\t\t\t\t\t\t}\r\n\t\t\t});\r\n\t\t\t}(jQuery));\r\n<\/script>\n","protected":false},"excerpt":{"rendered":"<p>Amplificateur d\u2019\u00e9coute<\/p>\n","protected":false},"featured_media":7356,"template":"","meta":[],"product_cat":[79,70],"product_tag":[],"yoast_head":"<!-- This site is optimized with the Yoast SEO plugin v16.9 - https:\/\/yoast.com\/wordpress\/plugins\/seo\/ -->\n<title>LOOPHEAR10\u2122 \u2013 LH10V2 - Geemarc France<\/title>\n<meta name=\"robots\" content=\"index, follow, max-snippet:-1, max-image-preview:large, max-video-preview:-1\" \/>\n<link rel=\"canonical\" href=\"https:\/\/geemarc.com\/fr\/product\/lh10\/\" \/>\n<meta property=\"og:locale\" content=\"fr_FR\" \/>\n<meta property=\"og:type\" content=\"article\" \/>\n<meta property=\"og:title\" content=\"LOOPHEAR10\u2122 \u2013 LH10V2 - Geemarc France\" \/>\n<meta property=\"og:description\" content=\"Amplificateur d\u2019\u00e9coute\" \/>\n<meta property=\"og:url\" content=\"https:\/\/geemarc.com\/fr\/product\/lh10\/\" \/>\n<meta property=\"og:site_name\" content=\"Geemarc France\" \/>\n<meta property=\"article:modified_time\" content=\"2025-02-27T15:51:36+00:00\" \/>\n<meta property=\"og:image\" content=\"https:\/\/geemarc.com\/fr\/wp-content\/uploads\/sites\/3\/2016\/09\/LH10_new-earpieces-WHITE-BG.jpg\" \/>\n\t<meta property=\"og:image:width\" content=\"2976\" \/>\n\t<meta property=\"og:image:height\" content=\"3968\" \/>\n<meta name=\"twitter:card\" content=\"summary_large_image\" \/>\n<meta name=\"twitter:label1\" content=\"Dur\u00e9e de lecture est.\" \/>\n\t<meta name=\"twitter:data1\" content=\"1 minute\" \/>\n<script type=\"application\/ld+json\" class=\"yoast-schema-graph\">{\"@context\":\"https:\/\/schema.org\",\"@graph\":[{\"@type\":\"WebSite\",\"@id\":\"https:\/\/geemarc.com\/fr\/#website\",\"url\":\"https:\/\/geemarc.com\/fr\/\",\"name\":\"Geemarc France\",\"description\":\"\",\"potentialAction\":[{\"@type\":\"SearchAction\",\"target\":{\"@type\":\"EntryPoint\",\"urlTemplate\":\"https:\/\/geemarc.com\/fr\/?s={search_term_string}\"},\"query-input\":\"required name=search_term_string\"}],\"inLanguage\":\"fr-FR\"},{\"@type\":\"ImageObject\",\"@id\":\"https:\/\/geemarc.com\/fr\/product\/lh10\/#primaryimage\",\"inLanguage\":\"fr-FR\",\"url\":\"https:\/\/geemarc.com\/fr\/wp-content\/uploads\/sites\/3\/2016\/09\/LH10_new-earpieces-WHITE-BG.jpg\",\"contentUrl\":\"https:\/\/geemarc.com\/fr\/wp-content\/uploads\/sites\/3\/2016\/09\/LH10_new-earpieces-WHITE-BG.jpg\",\"width\":2976,\"height\":3968},{\"@type\":\"WebPage\",\"@id\":\"https:\/\/geemarc.com\/fr\/product\/lh10\/#webpage\",\"url\":\"https:\/\/geemarc.com\/fr\/product\/lh10\/\",\"name\":\"LOOPHEAR10\\u2122 \\u2013 LH10V2 - Geemarc France\",\"isPartOf\":{\"@id\":\"https:\/\/geemarc.com\/fr\/#website\"},\"primaryImageOfPage\":{\"@id\":\"https:\/\/geemarc.com\/fr\/product\/lh10\/#primaryimage\"},\"datePublished\":\"2016-09-15T13:33:32+00:00\",\"dateModified\":\"2025-02-27T15:51:36+00:00\",\"breadcrumb\":{\"@id\":\"https:\/\/geemarc.com\/fr\/product\/lh10\/#breadcrumb\"},\"inLanguage\":\"fr-FR\",\"potentialAction\":[{\"@type\":\"ReadAction\",\"target\":[\"https:\/\/geemarc.com\/fr\/product\/lh10\/\"]}]},{\"@type\":\"BreadcrumbList\",\"@id\":\"https:\/\/geemarc.com\/fr\/product\/lh10\/#breadcrumb\",\"itemListElement\":[{\"@type\":\"ListItem\",\"position\":1,\"name\":\"Home\",\"item\":\"https:\/\/geemarc.com\/fr\/\"},{\"@type\":\"ListItem\",\"position\":2,\"name\":\"Shop\",\"item\":\"https:\/\/geemarc.com\/fr\/shop\/\"},{\"@type\":\"ListItem\",\"position\":3,\"name\":\"LOOPHEAR10\\u2122 \\u2013 LH10V2\"}]}]}<\/script>\n<!-- \/ Yoast SEO plugin. -->","yoast_head_json":{"title":"LOOPHEAR10\u2122 \u2013 LH10V2 - Geemarc France","robots":{"index":"index","follow":"follow","max-snippet":"max-snippet:-1","max-image-preview":"max-image-preview:large","max-video-preview":"max-video-preview:-1"},"canonical":"https:\/\/geemarc.com\/fr\/product\/lh10\/","og_locale":"fr_FR","og_type":"article","og_title":"LOOPHEAR10\u2122 \u2013 LH10V2 - Geemarc France","og_description":"Amplificateur d\u2019\u00e9coute","og_url":"https:\/\/geemarc.com\/fr\/product\/lh10\/","og_site_name":"Geemarc France","article_modified_time":"2025-02-27T15:51:36+00:00","og_image":[{"width":2976,"height":3968,"url":"https:\/\/geemarc.com\/fr\/wp-content\/uploads\/sites\/3\/2016\/09\/LH10_new-earpieces-WHITE-BG.jpg","path":"\/home\/g\/e\/geemarcwp\/public_html\/wp-content\/uploads\/sites\/3\/2016\/09\/LH10_new-earpieces-WHITE-BG.jpg","size":"full","id":7356,"alt":"","pixels":11808768,"type":"image\/jpeg"}],"twitter_card":"summary_large_image","twitter_misc":{"Dur\u00e9e de lecture est.":"1 minute"},"schema":{"@context":"https:\/\/schema.org","@graph":[{"@type":"WebSite","@id":"https:\/\/geemarc.com\/fr\/#website","url":"https:\/\/geemarc.com\/fr\/","name":"Geemarc France","description":"","potentialAction":[{"@type":"SearchAction","target":{"@type":"EntryPoint","urlTemplate":"https:\/\/geemarc.com\/fr\/?s={search_term_string}"},"query-input":"required name=search_term_string"}],"inLanguage":"fr-FR"},{"@type":"ImageObject","@id":"https:\/\/geemarc.com\/fr\/product\/lh10\/#primaryimage","inLanguage":"fr-FR","url":"https:\/\/geemarc.com\/fr\/wp-content\/uploads\/sites\/3\/2016\/09\/LH10_new-earpieces-WHITE-BG.jpg","contentUrl":"https:\/\/geemarc.com\/fr\/wp-content\/uploads\/sites\/3\/2016\/09\/LH10_new-earpieces-WHITE-BG.jpg","width":2976,"height":3968},{"@type":"WebPage","@id":"https:\/\/geemarc.com\/fr\/product\/lh10\/#webpage","url":"https:\/\/geemarc.com\/fr\/product\/lh10\/","name":"LOOPHEAR10\u2122 \u2013 LH10V2 - Geemarc France","isPartOf":{"@id":"https:\/\/geemarc.com\/fr\/#website"},"primaryImageOfPage":{"@id":"https:\/\/geemarc.com\/fr\/product\/lh10\/#primaryimage"},"datePublished":"2016-09-15T13:33:32+00:00","dateModified":"2025-02-27T15:51:36+00:00","breadcrumb":{"@id":"https:\/\/geemarc.com\/fr\/product\/lh10\/#breadcrumb"},"inLanguage":"fr-FR","potentialAction":[{"@type":"ReadAction","target":["https:\/\/geemarc.com\/fr\/product\/lh10\/"]}]},{"@type":"BreadcrumbList","@id":"https:\/\/geemarc.com\/fr\/product\/lh10\/#breadcrumb","itemListElement":[{"@type":"ListItem","position":1,"name":"Home","item":"https:\/\/geemarc.com\/fr\/"},{"@type":"ListItem","position":2,"name":"Shop","item":"https:\/\/geemarc.com\/fr\/shop\/"},{"@type":"ListItem","position":3,"name":"LOOPHEAR10\u2122 \u2013 LH10V2"}]}]}},"acf":[],"_links":{"self":[{"href":"https:\/\/geemarc.com\/fr\/wp-json\/wp\/v2\/product\/610"}],"collection":[{"href":"https:\/\/geemarc.com\/fr\/wp-json\/wp\/v2\/product"}],"about":[{"href":"https:\/\/geemarc.com\/fr\/wp-json\/wp\/v2\/types\/product"}],"wp:featuredmedia":[{"embeddable":true,"href":"https:\/\/geemarc.com\/fr\/wp-json\/wp\/v2\/media\/7356"}],"wp:attachment":[{"href":"https:\/\/geemarc.com\/fr\/wp-json\/wp\/v2\/media?parent=610"}],"wp:term":[{"taxonomy":"product_cat","embeddable":true,"href":"https:\/\/geemarc.com\/fr\/wp-json\/wp\/v2\/product_cat?post=610"},{"taxonomy":"product_tag","embeddable":true,"href":"https:\/\/geemarc.com\/fr\/wp-json\/wp\/v2\/product_tag?post=610"}],"curies":[{"name":"wp","href":"https:\/\/api.w.org\/{rel}","templated":true}]}}