{"id":613,"date":"2017-01-09T11:59:38","date_gmt":"2017-01-09T11:59:38","guid":{"rendered":"http:\/\/geemarc.com\/fr\/produit\/amplidect295\/"},"modified":"2025-06-19T14:37:42","modified_gmt":"2025-06-19T14:37:42","slug":"amplidect295","status":"publish","type":"product","link":"https:\/\/geemarc.com\/fr\/product\/amplidect295\/","title":{"rendered":"AMPLIDECT295"},"content":{"rendered":"<p><strong>C<span style=\"font-family: verdana, geneva; font-size: small;\">aract\u00e9ristiques:<\/span><\/strong><\/p>\n<ul>\n<li>Compatible appareil auditif<\/li>\n<li>R\u00e9glage du volume de r\u00e9ception jusqu\u2019\u00e0 <strong>30dB<\/strong><\/li>\n<li>Sonneries puissantes : jusqu\u2019\u00e0 75dB sur le combin\u00e9 et 80dB sur la base<\/li>\n<li>Mains libres<\/li>\n<li>R\u00e9glage du volume du haut-parleur<\/li>\n<li>R\u00e9pertoire (50 fiches : noms et num\u00e9ros)<\/li>\n<li>Touche d\u2019acc\u00e8s rapide au r\u00e9pertoire<\/li>\n<li>Touche R pour double appel<\/li>\n<li>Touche d\u2019acc\u00e8s rapide pour le menu<\/li>\n<li>Fonction Alarme<\/li>\n<li>S\u00e9lection entre 7 langues : Anglais, Allemand, Fran\u00e7ais, Italien, N\u00e9erlandais, Espagnol et Russe<\/li>\n<li>IDENTIFICATION D\u2019APPELS*<\/li>\n<\/ul>\n<p>&nbsp;<\/p>\n<ul>\n<li style=\"list-style-type: none;\"><strong><span style=\"font-family: verdana, geneva; font-size: small;\">COMBINES ADDITIONNELS:<\/span><\/strong><\/li>\n<li><span style=\"font-family: verdana, geneva; font-size: small;\">AmpliDect295 AD<\/span><\/li>\n<li><span style=\"font-family: verdana, geneva; font-size: small;\">PhotoDect295<\/span><\/li>\n<\/ul>\n<p>&nbsp;<\/p>\n<ul>\n<li style=\"list-style-type: none;\"><div id=\"threesixty-slider-5376_RQ5ofx\" class=\"threesixty-loading threesixty-image threesixty-dark-blue threesixty-vintage threesixty-no-border\" style=\"width: 625px;\">\r\n\t<div class=\"threesixty-preview-5376_RQ5ofx\"><img class=\"threesixty-preview-image\" src=\"https:\/\/geemarc.com\/fr\/wp-content\/uploads\/sites\/3\/2018\/12\/DSC_0513.jpg\"\/><\/div>\r\n\t<div class=\"threesixty-spinner threesixty-spinner-5376_RQ5ofx\">\r\n\t\t<span>0%<\/span>\r\n\t<\/div>\r\n\t<ol class=\"threesixty-images threesixty-images-5376_RQ5ofx\"><\/ol>\r\n\t\t\t<a href=\"#threesixty-slider-5376_RQ5ofx\" class=\"threesixty-mfp-anchor\"><\/a>\r\n\t<\/div>\r\n<!--SPV--><script type=\"text\/javascript\">\/\/SPV\r\n(function($) {\r\n\t\t$('#threesixty-slider-5376_RQ5ofx .threesixty-mfp-anchor').magnificPopup({\r\n\t\ttype:'inline',\r\n\t\tcloseOnBgClick: true,\r\n\t\tmidClick: true,\r\n\t\t\/\/removalDelay: 300,\r\n  \t\t\/\/mainClass: 'mfp-fade',\r\n\t\tcallbacks: {\r\n\t\t\t resize: function() {\r\n\t\t\t \tvar originalHeight \t= 600,\r\n\t\t\t \t\toriginalWidth \t= 625,\r\n\t\t\t \t\tmfpHeight \t\t= 600,\r\n\t\t\t \t\tmfpWidth \t\t= 625,\r\n\t\t\t \t\tratio \t\t\t= originalWidth \/ originalHeight,\r\n\t\t\t \t\twinHeight \t\t= $(window).height(),\r\n\t\t\t \t\twinWidth \t\t= $(window).width();\r\n\t\t\t \t\r\n\t\t\t \tif ( originalHeight > winHeight * 0.9 ) {\r\n\t\t\t \t\tmfpHeight \t\t= winHeight * 0.9;\r\n\t\t\t \t\tmfpWidth \t\t= mfpHeight * ratio;\r\n\t\t\t\t}\r\n\t\t\t\tif ( mfpWidth > winWidth * 0.9 ) {\r\n\t\t\t \t\tmfpWidth \t\t= winWidth * 0.9;\r\n\t\t\t \t\tmfpHeight \t\t= mfpWidth \/ ratio;\r\n\t\t\t\t}\r\n\t\t\t \tif ( mfpHeight < originalHeight && mfpWidth < originalWidth ) {\r\n\t\t\t\t    $('#threesixty-slider-5376_RQ5ofx').height(mfpHeight);\r\n\t\t\t\t    $('#threesixty-slider-5376_RQ5ofx').width(mfpWidth);\r\n\t\t\t\t} \r\n\t\t\t\telse {\r\n\t\t\t\t    $('#threesixty-slider-5376_RQ5ofx').height(originalHeight);\r\n\t\t\t\t    $('#threesixty-slider-5376_RQ5ofx').width(originalWidth);\r\n\t\t\t\t}\r\n\t\t\t},\r\n\t\t\tclose: function() {\r\n\t\t\t    $('#threesixty-slider-5376_RQ5ofx').height('auto');\r\n\t\t\t    $('#threesixty-slider-5376_RQ5ofx').width(625);\r\n\t\t\t}\r\n\t\t},\r\n\t\tcloseMarkup :\"<button class=\\\"mfp-close\\\"><\/button>\"\r\n\t});\r\n\t\tvar product_5376_RQ5ofx = $('#threesixty-slider-5376_RQ5ofx').ThreeSixty({\r\n\t\ttotalFrames: 36,\r\n\t\tendFrame: 0,\r\n\t\tcurrentFrame: 36,\r\n\t\timgList: '.threesixty-images-5376_RQ5ofx',\r\n\t\tprogress: '.threesixty-spinner-5376_RQ5ofx',\r\n\t\tpreview: '.threesixty-preview-5376_RQ5ofx',\r\n\t\timages: ['https:\/\/geemarc.com\/fr\/wp-content\/uploads\/sites\/3\/2018\/12\/DSC_0512.jpg','https:\/\/geemarc.com\/fr\/wp-content\/uploads\/sites\/3\/2018\/12\/DSC_0547.jpg','https:\/\/geemarc.com\/fr\/wp-content\/uploads\/sites\/3\/2018\/12\/DSC_0546.jpg','https:\/\/geemarc.com\/fr\/wp-content\/uploads\/sites\/3\/2018\/12\/DSC_0545.jpg','https:\/\/geemarc.com\/fr\/wp-content\/uploads\/sites\/3\/2018\/12\/DSC_0544.jpg','https:\/\/geemarc.com\/fr\/wp-content\/uploads\/sites\/3\/2018\/12\/DSC_0543.jpg','https:\/\/geemarc.com\/fr\/wp-content\/uploads\/sites\/3\/2018\/12\/DSC_0542.jpg','https:\/\/geemarc.com\/fr\/wp-content\/uploads\/sites\/3\/2018\/12\/DSC_0541.jpg','https:\/\/geemarc.com\/fr\/wp-content\/uploads\/sites\/3\/2018\/12\/DSC_0540.jpg','https:\/\/geemarc.com\/fr\/wp-content\/uploads\/sites\/3\/2018\/12\/DSC_0539.jpg','https:\/\/geemarc.com\/fr\/wp-content\/uploads\/sites\/3\/2018\/12\/DSC_0538.jpg','https:\/\/geemarc.com\/fr\/wp-content\/uploads\/sites\/3\/2018\/12\/DSC_0537.jpg','https:\/\/geemarc.com\/fr\/wp-content\/uploads\/sites\/3\/2018\/12\/DSC_0536.jpg','https:\/\/geemarc.com\/fr\/wp-content\/uploads\/sites\/3\/2018\/12\/DSC_0535.jpg','https:\/\/geemarc.com\/fr\/wp-content\/uploads\/sites\/3\/2018\/12\/DSC_0534.jpg','https:\/\/geemarc.com\/fr\/wp-content\/uploads\/sites\/3\/2018\/12\/DSC_0533.jpg','https:\/\/geemarc.com\/fr\/wp-content\/uploads\/sites\/3\/2018\/12\/DSC_0532.jpg','https:\/\/geemarc.com\/fr\/wp-content\/uploads\/sites\/3\/2018\/12\/DSC_0531.jpg','https:\/\/geemarc.com\/fr\/wp-content\/uploads\/sites\/3\/2018\/12\/DSC_0530.jpg','https:\/\/geemarc.com\/fr\/wp-content\/uploads\/sites\/3\/2018\/12\/DSC_0529.jpg','https:\/\/geemarc.com\/fr\/wp-content\/uploads\/sites\/3\/2018\/12\/DSC_0528.jpg','https:\/\/geemarc.com\/fr\/wp-content\/uploads\/sites\/3\/2018\/12\/DSC_0527.jpg','https:\/\/geemarc.com\/fr\/wp-content\/uploads\/sites\/3\/2018\/12\/DSC_0526.jpg','https:\/\/geemarc.com\/fr\/wp-content\/uploads\/sites\/3\/2018\/12\/DSC_0525.jpg','https:\/\/geemarc.com\/fr\/wp-content\/uploads\/sites\/3\/2018\/12\/DSC_0524.jpg','https:\/\/geemarc.com\/fr\/wp-content\/uploads\/sites\/3\/2018\/12\/DSC_0523.jpg','https:\/\/geemarc.com\/fr\/wp-content\/uploads\/sites\/3\/2018\/12\/DSC_0522.jpg','https:\/\/geemarc.com\/fr\/wp-content\/uploads\/sites\/3\/2018\/12\/DSC_0521.jpg','https:\/\/geemarc.com\/fr\/wp-content\/uploads\/sites\/3\/2018\/12\/DSC_0520.jpg','https:\/\/geemarc.com\/fr\/wp-content\/uploads\/sites\/3\/2018\/12\/DSC_0519.jpg','https:\/\/geemarc.com\/fr\/wp-content\/uploads\/sites\/3\/2018\/12\/DSC_0518.jpg','https:\/\/geemarc.com\/fr\/wp-content\/uploads\/sites\/3\/2018\/12\/DSC_0517.jpg','https:\/\/geemarc.com\/fr\/wp-content\/uploads\/sites\/3\/2018\/12\/DSC_0516.jpg','https:\/\/geemarc.com\/fr\/wp-content\/uploads\/sites\/3\/2018\/12\/DSC_0515.jpg','https:\/\/geemarc.com\/fr\/wp-content\/uploads\/sites\/3\/2018\/12\/DSC_0514.jpg','https:\/\/geemarc.com\/fr\/wp-content\/uploads\/sites\/3\/2018\/12\/DSC_0513.jpg'],\r\n\t\theight: 0,\r\n\t\twidth: 625,\r\n\t\tnavigation: true,\r\n\t\tdrag: true,\r\n\t\tshowCursor: true,\r\n\t\tinterval: 120,\r\n\t\tspeedMultiplier: 3,\r\n\t\t\t\tstartAutoplay: true,\r\n\t\t\t\tonReady: function() {\r\n\t\t\t$(\"#threesixty-slider-5376_RQ5ofx\").removeClass('threesixty-loading');\r\n\t\t\t\t\t\tproduct_5376_RQ5ofx.play();\r\n\t\t\t\t\t\t\t\t}\r\n\t\t\t});\r\n\t\t\t}(jQuery));\r\n<\/script><\/li>\n<\/ul>\n","protected":false},"excerpt":{"rendered":"<p>T\u00e9l\u00e9phone amplifi\u00e9 num\u00e9rique sans fil avec r\u00e9pondeur int\u00e9gr\u00e9<\/p>\n","protected":false},"featured_media":4522,"template":"","meta":[],"product_cat":[130],"product_tag":[],"yoast_head":"<!-- This site is optimized with the Yoast SEO plugin v16.9 - https:\/\/yoast.com\/wordpress\/plugins\/seo\/ -->\n<title>AMPLIDECT295 - Geemarc France<\/title>\n<meta name=\"robots\" content=\"index, follow, max-snippet:-1, max-image-preview:large, max-video-preview:-1\" \/>\n<link rel=\"canonical\" href=\"https:\/\/geemarc.com\/fr\/product\/amplidect295\/\" \/>\n<meta property=\"og:locale\" content=\"fr_FR\" \/>\n<meta property=\"og:type\" content=\"article\" \/>\n<meta property=\"og:title\" content=\"AMPLIDECT295 - Geemarc France\" \/>\n<meta property=\"og:description\" content=\"T\u00e9l\u00e9phone amplifi\u00e9 num\u00e9rique sans fil avec r\u00e9pondeur int\u00e9gr\u00e9\" \/>\n<meta property=\"og:url\" content=\"https:\/\/geemarc.com\/fr\/product\/amplidect295\/\" \/>\n<meta property=\"og:site_name\" content=\"Geemarc France\" \/>\n<meta property=\"article:modified_time\" content=\"2025-06-19T14:37:42+00:00\" \/>\n<meta property=\"og:image\" content=\"https:\/\/geemarc.com\/fr\/wp-content\/uploads\/sites\/3\/2017\/01\/AMPLIDECT295_angle_right06s_2.jpg\" \/>\n\t<meta property=\"og:image:width\" content=\"1890\" \/>\n\t<meta property=\"og:image:height\" content=\"2008\" \/>\n<meta name=\"twitter:card\" content=\"summary_large_image\" \/>\n<meta name=\"twitter:label1\" content=\"Dur\u00e9e de lecture est.\" \/>\n\t<meta name=\"twitter:data1\" content=\"1 minute\" \/>\n<script type=\"application\/ld+json\" class=\"yoast-schema-graph\">{\"@context\":\"https:\/\/schema.org\",\"@graph\":[{\"@type\":\"WebSite\",\"@id\":\"https:\/\/geemarc.com\/fr\/#website\",\"url\":\"https:\/\/geemarc.com\/fr\/\",\"name\":\"Geemarc France\",\"description\":\"\",\"potentialAction\":[{\"@type\":\"SearchAction\",\"target\":{\"@type\":\"EntryPoint\",\"urlTemplate\":\"https:\/\/geemarc.com\/fr\/?s={search_term_string}\"},\"query-input\":\"required name=search_term_string\"}],\"inLanguage\":\"fr-FR\"},{\"@type\":\"ImageObject\",\"@id\":\"https:\/\/geemarc.com\/fr\/product\/amplidect295\/#primaryimage\",\"inLanguage\":\"fr-FR\",\"url\":\"https:\/\/geemarc.com\/fr\/wp-content\/uploads\/sites\/3\/2017\/01\/AMPLIDECT295_angle_right06s_2.jpg\",\"contentUrl\":\"https:\/\/geemarc.com\/fr\/wp-content\/uploads\/sites\/3\/2017\/01\/AMPLIDECT295_angle_right06s_2.jpg\",\"width\":1890,\"height\":2008},{\"@type\":\"WebPage\",\"@id\":\"https:\/\/geemarc.com\/fr\/product\/amplidect295\/#webpage\",\"url\":\"https:\/\/geemarc.com\/fr\/product\/amplidect295\/\",\"name\":\"AMPLIDECT295 - Geemarc France\",\"isPartOf\":{\"@id\":\"https:\/\/geemarc.com\/fr\/#website\"},\"primaryImageOfPage\":{\"@id\":\"https:\/\/geemarc.com\/fr\/product\/amplidect295\/#primaryimage\"},\"datePublished\":\"2017-01-09T11:59:38+00:00\",\"dateModified\":\"2025-06-19T14:37:42+00:00\",\"breadcrumb\":{\"@id\":\"https:\/\/geemarc.com\/fr\/product\/amplidect295\/#breadcrumb\"},\"inLanguage\":\"fr-FR\",\"potentialAction\":[{\"@type\":\"ReadAction\",\"target\":[\"https:\/\/geemarc.com\/fr\/product\/amplidect295\/\"]}]},{\"@type\":\"BreadcrumbList\",\"@id\":\"https:\/\/geemarc.com\/fr\/product\/amplidect295\/#breadcrumb\",\"itemListElement\":[{\"@type\":\"ListItem\",\"position\":1,\"name\":\"Home\",\"item\":\"https:\/\/geemarc.com\/fr\/\"},{\"@type\":\"ListItem\",\"position\":2,\"name\":\"Shop\",\"item\":\"https:\/\/geemarc.com\/fr\/shop\/\"},{\"@type\":\"ListItem\",\"position\":3,\"name\":\"AMPLIDECT295\"}]}]}<\/script>\n<!-- \/ Yoast SEO plugin. -->","yoast_head_json":{"title":"AMPLIDECT295 - Geemarc France","robots":{"index":"index","follow":"follow","max-snippet":"max-snippet:-1","max-image-preview":"max-image-preview:large","max-video-preview":"max-video-preview:-1"},"canonical":"https:\/\/geemarc.com\/fr\/product\/amplidect295\/","og_locale":"fr_FR","og_type":"article","og_title":"AMPLIDECT295 - Geemarc France","og_description":"T\u00e9l\u00e9phone amplifi\u00e9 num\u00e9rique sans fil avec r\u00e9pondeur int\u00e9gr\u00e9","og_url":"https:\/\/geemarc.com\/fr\/product\/amplidect295\/","og_site_name":"Geemarc France","article_modified_time":"2025-06-19T14:37:42+00:00","og_image":[{"width":1890,"height":2008,"url":"https:\/\/geemarc.com\/fr\/wp-content\/uploads\/sites\/3\/2017\/01\/AMPLIDECT295_angle_right06s_2.jpg","path":"\/home\/g\/e\/geemarcwp\/public_html\/wp-content\/uploads\/sites\/3\/2017\/01\/AMPLIDECT295_angle_right06s_2.jpg","size":"full","id":4522,"alt":"","pixels":3795120,"type":"image\/jpeg"}],"twitter_card":"summary_large_image","twitter_misc":{"Dur\u00e9e de lecture est.":"1 minute"},"schema":{"@context":"https:\/\/schema.org","@graph":[{"@type":"WebSite","@id":"https:\/\/geemarc.com\/fr\/#website","url":"https:\/\/geemarc.com\/fr\/","name":"Geemarc France","description":"","potentialAction":[{"@type":"SearchAction","target":{"@type":"EntryPoint","urlTemplate":"https:\/\/geemarc.com\/fr\/?s={search_term_string}"},"query-input":"required name=search_term_string"}],"inLanguage":"fr-FR"},{"@type":"ImageObject","@id":"https:\/\/geemarc.com\/fr\/product\/amplidect295\/#primaryimage","inLanguage":"fr-FR","url":"https:\/\/geemarc.com\/fr\/wp-content\/uploads\/sites\/3\/2017\/01\/AMPLIDECT295_angle_right06s_2.jpg","contentUrl":"https:\/\/geemarc.com\/fr\/wp-content\/uploads\/sites\/3\/2017\/01\/AMPLIDECT295_angle_right06s_2.jpg","width":1890,"height":2008},{"@type":"WebPage","@id":"https:\/\/geemarc.com\/fr\/product\/amplidect295\/#webpage","url":"https:\/\/geemarc.com\/fr\/product\/amplidect295\/","name":"AMPLIDECT295 - Geemarc France","isPartOf":{"@id":"https:\/\/geemarc.com\/fr\/#website"},"primaryImageOfPage":{"@id":"https:\/\/geemarc.com\/fr\/product\/amplidect295\/#primaryimage"},"datePublished":"2017-01-09T11:59:38+00:00","dateModified":"2025-06-19T14:37:42+00:00","breadcrumb":{"@id":"https:\/\/geemarc.com\/fr\/product\/amplidect295\/#breadcrumb"},"inLanguage":"fr-FR","potentialAction":[{"@type":"ReadAction","target":["https:\/\/geemarc.com\/fr\/product\/amplidect295\/"]}]},{"@type":"BreadcrumbList","@id":"https:\/\/geemarc.com\/fr\/product\/amplidect295\/#breadcrumb","itemListElement":[{"@type":"ListItem","position":1,"name":"Home","item":"https:\/\/geemarc.com\/fr\/"},{"@type":"ListItem","position":2,"name":"Shop","item":"https:\/\/geemarc.com\/fr\/shop\/"},{"@type":"ListItem","position":3,"name":"AMPLIDECT295"}]}]}},"acf":[],"_links":{"self":[{"href":"https:\/\/geemarc.com\/fr\/wp-json\/wp\/v2\/product\/613"}],"collection":[{"href":"https:\/\/geemarc.com\/fr\/wp-json\/wp\/v2\/product"}],"about":[{"href":"https:\/\/geemarc.com\/fr\/wp-json\/wp\/v2\/types\/product"}],"wp:featuredmedia":[{"embeddable":true,"href":"https:\/\/geemarc.com\/fr\/wp-json\/wp\/v2\/media\/4522"}],"wp:attachment":[{"href":"https:\/\/geemarc.com\/fr\/wp-json\/wp\/v2\/media?parent=613"}],"wp:term":[{"taxonomy":"product_cat","embeddable":true,"href":"https:\/\/geemarc.com\/fr\/wp-json\/wp\/v2\/product_cat?post=613"},{"taxonomy":"product_tag","embeddable":true,"href":"https:\/\/geemarc.com\/fr\/wp-json\/wp\/v2\/product_tag?post=613"}],"curies":[{"name":"wp","href":"https:\/\/api.w.org\/{rel}","templated":true}]}}