{"id":616,"date":"2017-01-09T12:39:45","date_gmt":"2017-01-09T12:39:45","guid":{"rendered":"http:\/\/geemarc.com\/fr\/produit\/amplidect-combi-295\/"},"modified":"2026-01-20T13:44:25","modified_gmt":"2026-01-20T13:44:25","slug":"amplidect-combi-295","status":"publish","type":"product","link":"https:\/\/geemarc.com\/fr\/product\/amplidect-combi-295\/","title":{"rendered":"AMPLIDECT COMBI 295"},"content":{"rendered":"<p><strong style=\"font-family: verdana, geneva;font-size: small\"><span lang=\"FR\">Caract\u00e9ristiques:<\/span><\/strong><\/p>\n<ul>\n<li><span style=\"font-family: verdana, geneva;font-size: small\">Compatible appareil auditif<\/span><\/li>\n<li><span style=\"font-family: verdana, geneva;font-size: small\">R\u00e9glage du volume de r\u00e9ception jusqu\u2019\u00e0 30dB<\/span><\/li>\n<li><span style=\"font-family: verdana, geneva;font-size: small\">Sonneries puissantes : jusqu\u2019\u00e0 75dB sur le combin\u00e9 et 80dB sur la base<\/span><\/li>\n<li><span style=\"font-family: verdana, geneva;font-size: small\">4 m\u00e9moires directes sur la base dont 3 \u00e0 personnaliser avec des photos<\/span><\/li>\n<li><span style=\"font-family: verdana, geneva;font-size: small\">Mains libres<\/span><\/li>\n<li><span style=\"font-family: verdana, geneva;font-size: small\">Rappel des 10 derniers num\u00e9ros<\/span><\/li>\n<li><span style=\"font-family: verdana, geneva;font-size: small\">R\u00e9pertoire 50 num\u00e9ros<\/span><\/li>\n<li><span style=\"font-family: verdana, geneva;font-size: small\">Fonction Pause \/ Secret<\/span><\/li>\n<li><span style=\"font-family: verdana, geneva;font-size: small\">Clavier<\/span><\/li>\n<li><span style=\"font-family: verdana, geneva;font-size: small\">S\u00e9lection entre 7 langues sur le combin\u00e9 : Anglais, Fran\u00e7ais, Allemand, N\u00e9erlandais, Italien, Espagnol et Russe<\/span><\/li>\n<li><span style=\"font-family: verdana, geneva;font-size: small\">S\u00e9lection entre 6 langues sur la base : Anglais, Fran\u00e7ais, Allemand, Italien, Espagnol et Russe<\/span><\/li>\n<li><span style=\"font-family: verdana, geneva;font-size: small\">Menu navigation<\/span><\/li>\n<li><span style=\"font-family: verdana, geneva;font-size: small\">Horodatage<\/span><\/li>\n<li><span style=\"font-family: verdana, geneva;font-size: small\">Fonction Alarme<\/span><\/li>\n<li><span style=\"font-family: verdana, geneva;font-size: small\">IDENTIFICATION D\u2019APPEL *<\/span><\/li>\n<\/ul>\n<p><strong><span style=\"font-family: verdana, geneva;font-size: small\">COMBINES ADDITIONNELS:<\/span><\/strong><\/p>\n<ul>\n<li>\u00a0<span style=\"font-family: verdana, geneva;font-size: small\">AmpliDect295 AD<\/span><\/li>\n<li><span style=\"font-family: verdana, geneva;font-size: small\">\u00a0PhotoDect295<\/span><\/li>\n<\/ul>\n<div class=\"success p-tmpl-wrap primary-background\">\n<p><img class=\"p1\" src=\"https:\/\/geemarc.com\/uk\/wp-content\/uploads\/sites\/2\/2019\/04\/Photo-template-Urgence.png\" \/><img class=\"p2\" src=\"https:\/\/geemarc.com\/uk\/wp-content\/uploads\/sites\/2\/2019\/04\/Photo-template-portrait.png\" \/><span class=\"h3 bold\" data-wahfont=\"20\">IMPRESSION DE VOS PHOTOS<\/span><span class=\"h3\" data-wahfont=\"20\">Nouveaut\u00e9s et exclusivit\u00e9 Geemarc Telecom<\/span><\/p>\n<div style=\"margin: 10px 0 15px;line-height: 17px\">Un mod\u00e8le facile \u00e0 utiliser pour t\u00e9l\u00e9charger vos images et les imprimer pour les boutons des photophones.<br \/>\nCliquez sur le bouton ci-dessous.<\/div>\n<div class=\"table-cell button-right\" style=\"margin-top: 10px\"><a class=\"button filled\" href=\"http:\/\/geemarc.com\/p_editor\/amplidectcombi295\/f\/editor\/\" data-wahfont=\"12\">Mod\u00e8le de photos<\/a><\/div>\n<\/div>\n<div><\/div>\n<div><\/div>\n<div><div id=\"threesixty-slider-8023_OtLfJ6\" class=\"threesixty-loading threesixty-image threesixty-dark-blue threesixty-vintage threesixty-no-border\" style=\"width: 600px;\">\r\n\t<div class=\"threesixty-preview-8023_OtLfJ6\"><img class=\"threesixty-preview-image\" src=\"https:\/\/geemarc.com\/fr\/wp-content\/uploads\/sites\/3\/2020\/11\/DSC_1242-copie.jpg\"\/><\/div>\r\n\t<div class=\"threesixty-spinner threesixty-spinner-8023_OtLfJ6\">\r\n\t\t<span>0%<\/span>\r\n\t<\/div>\r\n\t<ol class=\"threesixty-images threesixty-images-8023_OtLfJ6\"><\/ol>\r\n\t\t\t<a href=\"#threesixty-slider-8023_OtLfJ6\" class=\"threesixty-mfp-anchor\"><\/a>\r\n\t<\/div>\r\n<!--SPV--><script type=\"text\/javascript\">\/\/SPV\r\n(function($) {\r\n\t\t$('#threesixty-slider-8023_OtLfJ6 .threesixty-mfp-anchor').magnificPopup({\r\n\t\ttype:'inline',\r\n\t\tcloseOnBgClick: true,\r\n\t\tmidClick: true,\r\n\t\t\/\/removalDelay: 300,\r\n  \t\t\/\/mainClass: 'mfp-fade',\r\n\t\tcallbacks: {\r\n\t\t\t resize: function() {\r\n\t\t\t \tvar originalHeight \t= 491,\r\n\t\t\t \t\toriginalWidth \t= 600,\r\n\t\t\t \t\tmfpHeight \t\t= 491,\r\n\t\t\t \t\tmfpWidth \t\t= 600,\r\n\t\t\t \t\tratio \t\t\t= originalWidth \/ originalHeight,\r\n\t\t\t \t\twinHeight \t\t= $(window).height(),\r\n\t\t\t \t\twinWidth \t\t= $(window).width();\r\n\t\t\t \t\r\n\t\t\t \tif ( originalHeight > winHeight * 0.9 ) {\r\n\t\t\t \t\tmfpHeight \t\t= winHeight * 0.9;\r\n\t\t\t \t\tmfpWidth \t\t= mfpHeight * ratio;\r\n\t\t\t\t}\r\n\t\t\t\tif ( mfpWidth > winWidth * 0.9 ) {\r\n\t\t\t \t\tmfpWidth \t\t= winWidth * 0.9;\r\n\t\t\t \t\tmfpHeight \t\t= mfpWidth \/ ratio;\r\n\t\t\t\t}\r\n\t\t\t \tif ( mfpHeight < originalHeight && mfpWidth < originalWidth ) {\r\n\t\t\t\t    $('#threesixty-slider-8023_OtLfJ6').height(mfpHeight);\r\n\t\t\t\t    $('#threesixty-slider-8023_OtLfJ6').width(mfpWidth);\r\n\t\t\t\t} \r\n\t\t\t\telse {\r\n\t\t\t\t    $('#threesixty-slider-8023_OtLfJ6').height(originalHeight);\r\n\t\t\t\t    $('#threesixty-slider-8023_OtLfJ6').width(originalWidth);\r\n\t\t\t\t}\r\n\t\t\t},\r\n\t\t\tclose: function() {\r\n\t\t\t    $('#threesixty-slider-8023_OtLfJ6').height('auto');\r\n\t\t\t    $('#threesixty-slider-8023_OtLfJ6').width(600);\r\n\t\t\t}\r\n\t\t},\r\n\t\tcloseMarkup :\"<button class=\\\"mfp-close\\\"><\/button>\"\r\n\t});\r\n\t\tvar product_8023_OtLfJ6 = $('#threesixty-slider-8023_OtLfJ6').ThreeSixty({\r\n\t\ttotalFrames: 36,\r\n\t\tendFrame: 0,\r\n\t\tcurrentFrame: 36,\r\n\t\timgList: '.threesixty-images-8023_OtLfJ6',\r\n\t\tprogress: '.threesixty-spinner-8023_OtLfJ6',\r\n\t\tpreview: '.threesixty-preview-8023_OtLfJ6',\r\n\t\timages: ['https:\/\/geemarc.com\/fr\/wp-content\/uploads\/sites\/3\/2020\/11\/DSC_1277-copie.jpg','https:\/\/geemarc.com\/fr\/wp-content\/uploads\/sites\/3\/2020\/11\/DSC_1276-copie.jpg','https:\/\/geemarc.com\/fr\/wp-content\/uploads\/sites\/3\/2020\/11\/DSC_1275-copie.jpg','https:\/\/geemarc.com\/fr\/wp-content\/uploads\/sites\/3\/2020\/11\/DSC_1274-copie.jpg','https:\/\/geemarc.com\/fr\/wp-content\/uploads\/sites\/3\/2020\/11\/DSC_1273-copie.jpg','https:\/\/geemarc.com\/fr\/wp-content\/uploads\/sites\/3\/2020\/11\/DSC_1272-copie.jpg','https:\/\/geemarc.com\/fr\/wp-content\/uploads\/sites\/3\/2020\/11\/DSC_1271-copie.jpg','https:\/\/geemarc.com\/fr\/wp-content\/uploads\/sites\/3\/2020\/11\/DSC_1270-copie.jpg','https:\/\/geemarc.com\/fr\/wp-content\/uploads\/sites\/3\/2020\/11\/DSC_1269-copie.jpg','https:\/\/geemarc.com\/fr\/wp-content\/uploads\/sites\/3\/2020\/11\/DSC_1268-copie.jpg','https:\/\/geemarc.com\/fr\/wp-content\/uploads\/sites\/3\/2020\/11\/DSC_1267-copie.jpg','https:\/\/geemarc.com\/fr\/wp-content\/uploads\/sites\/3\/2020\/11\/DSC_1266-copie.jpg','https:\/\/geemarc.com\/fr\/wp-content\/uploads\/sites\/3\/2020\/11\/DSC_1265-copie.jpg','https:\/\/geemarc.com\/fr\/wp-content\/uploads\/sites\/3\/2020\/11\/DSC_1264-copie.jpg','https:\/\/geemarc.com\/fr\/wp-content\/uploads\/sites\/3\/2020\/11\/DSC_1263-copie.jpg','https:\/\/geemarc.com\/fr\/wp-content\/uploads\/sites\/3\/2020\/11\/DSC_1262-copie.jpg','https:\/\/geemarc.com\/fr\/wp-content\/uploads\/sites\/3\/2020\/11\/DSC_1261-copie.jpg','https:\/\/geemarc.com\/fr\/wp-content\/uploads\/sites\/3\/2020\/11\/DSC_1260-copie.jpg','https:\/\/geemarc.com\/fr\/wp-content\/uploads\/sites\/3\/2020\/11\/DSC_1259-copie.jpg','https:\/\/geemarc.com\/fr\/wp-content\/uploads\/sites\/3\/2020\/11\/DSC_1258-copie.jpg','https:\/\/geemarc.com\/fr\/wp-content\/uploads\/sites\/3\/2020\/11\/DSC_1257-copie.jpg','https:\/\/geemarc.com\/fr\/wp-content\/uploads\/sites\/3\/2020\/11\/DSC_1256-copie.jpg','https:\/\/geemarc.com\/fr\/wp-content\/uploads\/sites\/3\/2020\/11\/DSC_1255-copie.jpg','https:\/\/geemarc.com\/fr\/wp-content\/uploads\/sites\/3\/2020\/11\/DSC_1254-copie.jpg','https:\/\/geemarc.com\/fr\/wp-content\/uploads\/sites\/3\/2020\/11\/DSC_1253-copie.jpg','https:\/\/geemarc.com\/fr\/wp-content\/uploads\/sites\/3\/2020\/11\/DSC_1252-copie.jpg','https:\/\/geemarc.com\/fr\/wp-content\/uploads\/sites\/3\/2020\/11\/DSC_1251-copie.jpg','https:\/\/geemarc.com\/fr\/wp-content\/uploads\/sites\/3\/2020\/11\/DSC_1250-copie.jpg','https:\/\/geemarc.com\/fr\/wp-content\/uploads\/sites\/3\/2020\/11\/DSC_1249-copie.jpg','https:\/\/geemarc.com\/fr\/wp-content\/uploads\/sites\/3\/2020\/11\/DSC_1248-copie.jpg','https:\/\/geemarc.com\/fr\/wp-content\/uploads\/sites\/3\/2020\/11\/DSC_1247-copie.jpg','https:\/\/geemarc.com\/fr\/wp-content\/uploads\/sites\/3\/2020\/11\/DSC_1246-copie.jpg','https:\/\/geemarc.com\/fr\/wp-content\/uploads\/sites\/3\/2020\/11\/DSC_1245-copie.jpg','https:\/\/geemarc.com\/fr\/wp-content\/uploads\/sites\/3\/2020\/11\/DSC_1244-copie.jpg','https:\/\/geemarc.com\/fr\/wp-content\/uploads\/sites\/3\/2020\/11\/DSC_1243-copie.jpg','https:\/\/geemarc.com\/fr\/wp-content\/uploads\/sites\/3\/2020\/11\/DSC_1242-copie.jpg'],\r\n\t\theight: 0,\r\n\t\twidth: 600,\r\n\t\tnavigation: true,\r\n\t\tdrag: true,\r\n\t\tshowCursor: true,\r\n\t\tinterval: 120,\r\n\t\tspeedMultiplier: 3,\r\n\t\t\t\tstartAutoplay: true,\r\n\t\t\t\tonReady: function() {\r\n\t\t\t$(\"#threesixty-slider-8023_OtLfJ6\").removeClass('threesixty-loading');\r\n\t\t\t\t\t\tproduct_8023_OtLfJ6.play();\r\n\t\t\t\t\t\t\t\t}\r\n\t\t\t});\r\n\t\t\t}(jQuery));\r\n<\/script><\/div>\n","protected":false},"excerpt":{"rendered":"<p>T\u00e9l\u00e9phone filaire avec r\u00e9pondeur int\u00e9gr\u00e9 et combin\u00e9 additionnel sans fil<\/p>\n","protected":false},"featured_media":1965,"template":"","meta":[],"product_cat":[131],"product_tag":[],"yoast_head":"<!-- This site is optimized with the Yoast SEO plugin v16.9 - https:\/\/yoast.com\/wordpress\/plugins\/seo\/ -->\n<title>AMPLIDECT COMBI 295 - Geemarc France<\/title>\n<meta name=\"robots\" content=\"index, follow, max-snippet:-1, max-image-preview:large, max-video-preview:-1\" \/>\n<link rel=\"canonical\" href=\"https:\/\/geemarc.com\/fr\/product\/amplidect-combi-295\/\" \/>\n<meta property=\"og:locale\" content=\"fr_FR\" \/>\n<meta property=\"og:type\" content=\"article\" \/>\n<meta property=\"og:title\" content=\"AMPLIDECT COMBI 295 - Geemarc France\" \/>\n<meta property=\"og:description\" content=\"T\u00e9l\u00e9phone filaire avec r\u00e9pondeur int\u00e9gr\u00e9 et combin\u00e9 additionnel sans fil\" \/>\n<meta property=\"og:url\" content=\"https:\/\/geemarc.com\/fr\/product\/amplidect-combi-295\/\" \/>\n<meta property=\"og:site_name\" content=\"Geemarc France\" \/>\n<meta property=\"article:modified_time\" content=\"2026-01-20T13:44:25+00:00\" \/>\n<meta property=\"og:image\" content=\"https:\/\/geemarc.com\/fr\/wp-content\/uploads\/sites\/3\/2017\/01\/AMPLIDECTCOMBI295BS_angle_right04HS3-scaled.jpg\" \/>\n\t<meta property=\"og:image:width\" content=\"2953\" \/>\n\t<meta property=\"og:image:height\" content=\"1949\" \/>\n<meta name=\"twitter:card\" content=\"summary_large_image\" \/>\n<meta name=\"twitter:label1\" content=\"Dur\u00e9e de lecture est.\" \/>\n\t<meta name=\"twitter:data1\" content=\"1 minute\" \/>\n<script type=\"application\/ld+json\" class=\"yoast-schema-graph\">{\"@context\":\"https:\/\/schema.org\",\"@graph\":[{\"@type\":\"WebSite\",\"@id\":\"https:\/\/geemarc.com\/fr\/#website\",\"url\":\"https:\/\/geemarc.com\/fr\/\",\"name\":\"Geemarc France\",\"description\":\"\",\"potentialAction\":[{\"@type\":\"SearchAction\",\"target\":{\"@type\":\"EntryPoint\",\"urlTemplate\":\"https:\/\/geemarc.com\/fr\/?s={search_term_string}\"},\"query-input\":\"required name=search_term_string\"}],\"inLanguage\":\"fr-FR\"},{\"@type\":\"ImageObject\",\"@id\":\"https:\/\/geemarc.com\/fr\/product\/amplidect-combi-295\/#primaryimage\",\"inLanguage\":\"fr-FR\",\"url\":\"https:\/\/geemarc.com\/fr\/wp-content\/uploads\/sites\/3\/2017\/01\/AMPLIDECTCOMBI295BS_angle_right04HS3-scaled.jpg\",\"contentUrl\":\"https:\/\/geemarc.com\/fr\/wp-content\/uploads\/sites\/3\/2017\/01\/AMPLIDECTCOMBI295BS_angle_right04HS3-scaled.jpg\",\"width\":2953,\"height\":1949,\"caption\":\"a lire avec VOICE OVER\"},{\"@type\":\"WebPage\",\"@id\":\"https:\/\/geemarc.com\/fr\/product\/amplidect-combi-295\/#webpage\",\"url\":\"https:\/\/geemarc.com\/fr\/product\/amplidect-combi-295\/\",\"name\":\"AMPLIDECT COMBI 295 - Geemarc France\",\"isPartOf\":{\"@id\":\"https:\/\/geemarc.com\/fr\/#website\"},\"primaryImageOfPage\":{\"@id\":\"https:\/\/geemarc.com\/fr\/product\/amplidect-combi-295\/#primaryimage\"},\"datePublished\":\"2017-01-09T12:39:45+00:00\",\"dateModified\":\"2026-01-20T13:44:25+00:00\",\"breadcrumb\":{\"@id\":\"https:\/\/geemarc.com\/fr\/product\/amplidect-combi-295\/#breadcrumb\"},\"inLanguage\":\"fr-FR\",\"potentialAction\":[{\"@type\":\"ReadAction\",\"target\":[\"https:\/\/geemarc.com\/fr\/product\/amplidect-combi-295\/\"]}]},{\"@type\":\"BreadcrumbList\",\"@id\":\"https:\/\/geemarc.com\/fr\/product\/amplidect-combi-295\/#breadcrumb\",\"itemListElement\":[{\"@type\":\"ListItem\",\"position\":1,\"name\":\"Home\",\"item\":\"https:\/\/geemarc.com\/fr\/\"},{\"@type\":\"ListItem\",\"position\":2,\"name\":\"Shop\",\"item\":\"https:\/\/geemarc.com\/fr\/shop\/\"},{\"@type\":\"ListItem\",\"position\":3,\"name\":\"AMPLIDECT COMBI 295\"}]}]}<\/script>\n<!-- \/ Yoast SEO plugin. -->","yoast_head_json":{"title":"AMPLIDECT COMBI 295 - Geemarc France","robots":{"index":"index","follow":"follow","max-snippet":"max-snippet:-1","max-image-preview":"max-image-preview:large","max-video-preview":"max-video-preview:-1"},"canonical":"https:\/\/geemarc.com\/fr\/product\/amplidect-combi-295\/","og_locale":"fr_FR","og_type":"article","og_title":"AMPLIDECT COMBI 295 - Geemarc France","og_description":"T\u00e9l\u00e9phone filaire avec r\u00e9pondeur int\u00e9gr\u00e9 et combin\u00e9 additionnel sans fil","og_url":"https:\/\/geemarc.com\/fr\/product\/amplidect-combi-295\/","og_site_name":"Geemarc France","article_modified_time":"2026-01-20T13:44:25+00:00","og_image":[{"width":2953,"height":1949,"url":"https:\/\/geemarc.com\/fr\/wp-content\/uploads\/sites\/3\/2017\/01\/AMPLIDECTCOMBI295BS_angle_right04HS3-scaled.jpg","path":"\/home\/g\/e\/geemarcwp\/public_html\/wp-content\/uploads\/sites\/3\/2017\/01\/AMPLIDECTCOMBI295BS_angle_right04HS3-scaled.jpg","size":"full","id":1965,"alt":"a lire avec VOICE OVER","pixels":5755397,"type":"image\/jpeg"}],"twitter_card":"summary_large_image","twitter_misc":{"Dur\u00e9e de lecture est.":"1 minute"},"schema":{"@context":"https:\/\/schema.org","@graph":[{"@type":"WebSite","@id":"https:\/\/geemarc.com\/fr\/#website","url":"https:\/\/geemarc.com\/fr\/","name":"Geemarc France","description":"","potentialAction":[{"@type":"SearchAction","target":{"@type":"EntryPoint","urlTemplate":"https:\/\/geemarc.com\/fr\/?s={search_term_string}"},"query-input":"required name=search_term_string"}],"inLanguage":"fr-FR"},{"@type":"ImageObject","@id":"https:\/\/geemarc.com\/fr\/product\/amplidect-combi-295\/#primaryimage","inLanguage":"fr-FR","url":"https:\/\/geemarc.com\/fr\/wp-content\/uploads\/sites\/3\/2017\/01\/AMPLIDECTCOMBI295BS_angle_right04HS3-scaled.jpg","contentUrl":"https:\/\/geemarc.com\/fr\/wp-content\/uploads\/sites\/3\/2017\/01\/AMPLIDECTCOMBI295BS_angle_right04HS3-scaled.jpg","width":2953,"height":1949,"caption":"a lire avec VOICE OVER"},{"@type":"WebPage","@id":"https:\/\/geemarc.com\/fr\/product\/amplidect-combi-295\/#webpage","url":"https:\/\/geemarc.com\/fr\/product\/amplidect-combi-295\/","name":"AMPLIDECT COMBI 295 - Geemarc France","isPartOf":{"@id":"https:\/\/geemarc.com\/fr\/#website"},"primaryImageOfPage":{"@id":"https:\/\/geemarc.com\/fr\/product\/amplidect-combi-295\/#primaryimage"},"datePublished":"2017-01-09T12:39:45+00:00","dateModified":"2026-01-20T13:44:25+00:00","breadcrumb":{"@id":"https:\/\/geemarc.com\/fr\/product\/amplidect-combi-295\/#breadcrumb"},"inLanguage":"fr-FR","potentialAction":[{"@type":"ReadAction","target":["https:\/\/geemarc.com\/fr\/product\/amplidect-combi-295\/"]}]},{"@type":"BreadcrumbList","@id":"https:\/\/geemarc.com\/fr\/product\/amplidect-combi-295\/#breadcrumb","itemListElement":[{"@type":"ListItem","position":1,"name":"Home","item":"https:\/\/geemarc.com\/fr\/"},{"@type":"ListItem","position":2,"name":"Shop","item":"https:\/\/geemarc.com\/fr\/shop\/"},{"@type":"ListItem","position":3,"name":"AMPLIDECT COMBI 295"}]}]}},"acf":[],"_links":{"self":[{"href":"https:\/\/geemarc.com\/fr\/wp-json\/wp\/v2\/product\/616"}],"collection":[{"href":"https:\/\/geemarc.com\/fr\/wp-json\/wp\/v2\/product"}],"about":[{"href":"https:\/\/geemarc.com\/fr\/wp-json\/wp\/v2\/types\/product"}],"wp:featuredmedia":[{"embeddable":true,"href":"https:\/\/geemarc.com\/fr\/wp-json\/wp\/v2\/media\/1965"}],"wp:attachment":[{"href":"https:\/\/geemarc.com\/fr\/wp-json\/wp\/v2\/media?parent=616"}],"wp:term":[{"taxonomy":"product_cat","embeddable":true,"href":"https:\/\/geemarc.com\/fr\/wp-json\/wp\/v2\/product_cat?post=616"},{"taxonomy":"product_tag","embeddable":true,"href":"https:\/\/geemarc.com\/fr\/wp-json\/wp\/v2\/product_tag?post=616"}],"curies":[{"name":"wp","href":"https:\/\/api.w.org\/{rel}","templated":true}]}}