{"id":6364,"date":"2019-06-26T10:06:51","date_gmt":"2019-06-26T10:06:51","guid":{"rendered":"http:\/\/geemarc.com\/fr\/?post_type=product&#038;p=6364"},"modified":"2022-02-08T11:34:08","modified_gmt":"2022-02-08T11:34:08","slug":"doorbell595-u-l-e","status":"publish","type":"product","link":"https:\/\/geemarc.com\/fr\/product\/doorbell595-u-l-e\/","title":{"rendered":"DOORBELL595 U.L.E"},"content":{"rendered":"<p>Lorsque le DOORBELL595 U.L.E est associ\u00e9 \u00e0 l\u2019AMPLIDECT595 U.L.E, il vous permet d\u2019\u00eatre pr\u00e9venu lorsque quelqu\u2019un sonne \u00e0 votre porte gr\u00e2ce au t\u00e9l\u00e9phone sans fil associ\u00e9.<\/p>\n<p>Cette combinaison vous permettra \u00e9galement de converser avec la personne situ\u00e9e devant votre porte directement via le combin\u00e9 de votre t\u00e9l\u00e9phone.<\/p>\n<p>&nbsp;<\/p>\n<p><strong>CARACT\u00c9RISTIQUES<\/strong><\/p>\n<ul>\n<li>Emetteur<\/li>\n<li>Bouton poussoir<\/li>\n<li>R\u00e9sistant \u00e0 l\u2019eau (IP44)<\/li>\n<li>Fonctionne uniquement avec l\u2019AMPLIDECT595 U.L.E et le RINGER595 U.L.E<\/li>\n<li>Fonction interphone<\/li>\n<li>D\u00e9clenche une sonnerie diff\u00e9rente de la sonnerie d\u2019appel sur l\u2019AMPLIDECT 595 U.L.E<\/li>\n<li>Fonctionne avec 2 piles AA<\/li>\n<li>Possibilit\u00e9 de connecter jusqu\u2019\u00e0 deux DOORBELL595 U.L.E \u00e0 la m\u00eame base<\/li>\n<\/ul>\n<p>&nbsp;<\/p>\n<div id=\"threesixty-slider-6591_CEXAPu\" class=\"threesixty-loading threesixty-image threesixty-dark-blue threesixty-vintage threesixty-no-border\" style=\"width: 600px;\">\r\n\t<div class=\"threesixty-preview-6591_CEXAPu\"><img class=\"threesixty-preview-image\" src=\"https:\/\/geemarc.com\/fr\/wp-content\/uploads\/sites\/3\/2019\/07\/DSC_0629.jpg\"\/><\/div>\r\n\t<div class=\"threesixty-spinner threesixty-spinner-6591_CEXAPu\">\r\n\t\t<span>0%<\/span>\r\n\t<\/div>\r\n\t<ol class=\"threesixty-images threesixty-images-6591_CEXAPu\"><\/ol>\r\n\t\t\t<a href=\"#threesixty-slider-6591_CEXAPu\" class=\"threesixty-mfp-anchor\"><\/a>\r\n\t<\/div>\r\n<!--SPV--><script type=\"text\/javascript\">\/\/SPV\r\n(function($) {\r\n\t\t$('#threesixty-slider-6591_CEXAPu .threesixty-mfp-anchor').magnificPopup({\r\n\t\ttype:'inline',\r\n\t\tcloseOnBgClick: true,\r\n\t\tmidClick: true,\r\n\t\t\/\/removalDelay: 300,\r\n  \t\t\/\/mainClass: 'mfp-fade',\r\n\t\tcallbacks: {\r\n\t\t\t resize: function() {\r\n\t\t\t \tvar originalHeight \t= 556,\r\n\t\t\t \t\toriginalWidth \t= 600,\r\n\t\t\t \t\tmfpHeight \t\t= 556,\r\n\t\t\t \t\tmfpWidth \t\t= 600,\r\n\t\t\t \t\tratio \t\t\t= originalWidth \/ originalHeight,\r\n\t\t\t \t\twinHeight \t\t= $(window).height(),\r\n\t\t\t \t\twinWidth \t\t= $(window).width();\r\n\t\t\t \t\r\n\t\t\t \tif ( originalHeight > winHeight * 0.9 ) {\r\n\t\t\t \t\tmfpHeight \t\t= winHeight * 0.9;\r\n\t\t\t \t\tmfpWidth \t\t= mfpHeight * ratio;\r\n\t\t\t\t}\r\n\t\t\t\tif ( mfpWidth > winWidth * 0.9 ) {\r\n\t\t\t \t\tmfpWidth \t\t= winWidth * 0.9;\r\n\t\t\t \t\tmfpHeight \t\t= mfpWidth \/ ratio;\r\n\t\t\t\t}\r\n\t\t\t \tif ( mfpHeight < originalHeight && mfpWidth < originalWidth ) {\r\n\t\t\t\t    $('#threesixty-slider-6591_CEXAPu').height(mfpHeight);\r\n\t\t\t\t    $('#threesixty-slider-6591_CEXAPu').width(mfpWidth);\r\n\t\t\t\t} \r\n\t\t\t\telse {\r\n\t\t\t\t    $('#threesixty-slider-6591_CEXAPu').height(originalHeight);\r\n\t\t\t\t    $('#threesixty-slider-6591_CEXAPu').width(originalWidth);\r\n\t\t\t\t}\r\n\t\t\t},\r\n\t\t\tclose: function() {\r\n\t\t\t    $('#threesixty-slider-6591_CEXAPu').height('auto');\r\n\t\t\t    $('#threesixty-slider-6591_CEXAPu').width(600);\r\n\t\t\t}\r\n\t\t},\r\n\t\tcloseMarkup :\"<button class=\\\"mfp-close\\\"><\/button>\"\r\n\t});\r\n\t\tvar product_6591_CEXAPu = $('#threesixty-slider-6591_CEXAPu').ThreeSixty({\r\n\t\ttotalFrames: 36,\r\n\t\tendFrame: 0,\r\n\t\tcurrentFrame: 36,\r\n\t\timgList: '.threesixty-images-6591_CEXAPu',\r\n\t\tprogress: '.threesixty-spinner-6591_CEXAPu',\r\n\t\tpreview: '.threesixty-preview-6591_CEXAPu',\r\n\t\timages: ['https:\/\/geemarc.com\/fr\/wp-content\/uploads\/sites\/3\/2019\/07\/DSC_0664.jpg','https:\/\/geemarc.com\/fr\/wp-content\/uploads\/sites\/3\/2019\/07\/DSC_0663.jpg','https:\/\/geemarc.com\/fr\/wp-content\/uploads\/sites\/3\/2019\/07\/DSC_0662.jpg','https:\/\/geemarc.com\/fr\/wp-content\/uploads\/sites\/3\/2019\/07\/DSC_0661.jpg','https:\/\/geemarc.com\/fr\/wp-content\/uploads\/sites\/3\/2019\/07\/DSC_0660.jpg','https:\/\/geemarc.com\/fr\/wp-content\/uploads\/sites\/3\/2019\/07\/DSC_0659.jpg','https:\/\/geemarc.com\/fr\/wp-content\/uploads\/sites\/3\/2019\/07\/DSC_0658.jpg','https:\/\/geemarc.com\/fr\/wp-content\/uploads\/sites\/3\/2019\/07\/DSC_0657.jpg','https:\/\/geemarc.com\/fr\/wp-content\/uploads\/sites\/3\/2019\/07\/DSC_0656.jpg','https:\/\/geemarc.com\/fr\/wp-content\/uploads\/sites\/3\/2019\/07\/DSC_0655.jpg','https:\/\/geemarc.com\/fr\/wp-content\/uploads\/sites\/3\/2019\/07\/DSC_0654.jpg','https:\/\/geemarc.com\/fr\/wp-content\/uploads\/sites\/3\/2019\/07\/DSC_0653.jpg','https:\/\/geemarc.com\/fr\/wp-content\/uploads\/sites\/3\/2019\/07\/DSC_0652.jpg','https:\/\/geemarc.com\/fr\/wp-content\/uploads\/sites\/3\/2019\/07\/DSC_0651.jpg','https:\/\/geemarc.com\/fr\/wp-content\/uploads\/sites\/3\/2019\/07\/DSC_0650.jpg','https:\/\/geemarc.com\/fr\/wp-content\/uploads\/sites\/3\/2019\/07\/DSC_0649.jpg','https:\/\/geemarc.com\/fr\/wp-content\/uploads\/sites\/3\/2019\/07\/DSC_0648.jpg','https:\/\/geemarc.com\/fr\/wp-content\/uploads\/sites\/3\/2019\/07\/DSC_0647.jpg','https:\/\/geemarc.com\/fr\/wp-content\/uploads\/sites\/3\/2019\/07\/DSC_0646.jpg','https:\/\/geemarc.com\/fr\/wp-content\/uploads\/sites\/3\/2019\/07\/DSC_0645.jpg','https:\/\/geemarc.com\/fr\/wp-content\/uploads\/sites\/3\/2019\/07\/DSC_0644.jpg','https:\/\/geemarc.com\/fr\/wp-content\/uploads\/sites\/3\/2019\/07\/DSC_0643.jpg','https:\/\/geemarc.com\/fr\/wp-content\/uploads\/sites\/3\/2019\/07\/DSC_0642.jpg','https:\/\/geemarc.com\/fr\/wp-content\/uploads\/sites\/3\/2019\/07\/DSC_0641.jpg','https:\/\/geemarc.com\/fr\/wp-content\/uploads\/sites\/3\/2019\/07\/DSC_0640.jpg','https:\/\/geemarc.com\/fr\/wp-content\/uploads\/sites\/3\/2019\/07\/DSC_0639.jpg','https:\/\/geemarc.com\/fr\/wp-content\/uploads\/sites\/3\/2019\/07\/DSC_0638.jpg','https:\/\/geemarc.com\/fr\/wp-content\/uploads\/sites\/3\/2019\/07\/DSC_0637.jpg','https:\/\/geemarc.com\/fr\/wp-content\/uploads\/sites\/3\/2019\/07\/DSC_0636.jpg','https:\/\/geemarc.com\/fr\/wp-content\/uploads\/sites\/3\/2019\/07\/DSC_0635.jpg','https:\/\/geemarc.com\/fr\/wp-content\/uploads\/sites\/3\/2019\/07\/DSC_0634.jpg','https:\/\/geemarc.com\/fr\/wp-content\/uploads\/sites\/3\/2019\/07\/DSC_0633.jpg','https:\/\/geemarc.com\/fr\/wp-content\/uploads\/sites\/3\/2019\/07\/DSC_0632.jpg','https:\/\/geemarc.com\/fr\/wp-content\/uploads\/sites\/3\/2019\/07\/DSC_0631.jpg','https:\/\/geemarc.com\/fr\/wp-content\/uploads\/sites\/3\/2019\/07\/DSC_0630.jpg','https:\/\/geemarc.com\/fr\/wp-content\/uploads\/sites\/3\/2019\/07\/DSC_0629.jpg'],\r\n\t\theight: 0,\r\n\t\twidth: 600,\r\n\t\tnavigation: true,\r\n\t\tdrag: true,\r\n\t\tshowCursor: true,\r\n\t\tinterval: 120,\r\n\t\tspeedMultiplier: 3,\r\n\t\t\t\tstartAutoplay: true,\r\n\t\t\t\tonReady: function() {\r\n\t\t\t$(\"#threesixty-slider-6591_CEXAPu\").removeClass('threesixty-loading');\r\n\t\t\t\t\t\tproduct_6591_CEXAPu.play();\r\n\t\t\t\t\t\t\t\t}\r\n\t\t\t});\r\n\t\t\t}(jQuery));\r\n<\/script>\n","protected":false},"excerpt":{"rendered":"<p>Sonnette de porte sans fil<\/p>\n","protected":false},"featured_media":6409,"template":"","meta":[],"product_cat":[132],"product_tag":[],"yoast_head":"<!-- This site is optimized with the Yoast SEO plugin v16.9 - https:\/\/yoast.com\/wordpress\/plugins\/seo\/ -->\n<title>DOORBELL595 U.L.E - Geemarc France<\/title>\n<meta name=\"robots\" content=\"index, follow, max-snippet:-1, max-image-preview:large, max-video-preview:-1\" \/>\n<link rel=\"canonical\" href=\"https:\/\/geemarc.com\/fr\/product\/doorbell595-u-l-e\/\" \/>\n<meta property=\"og:locale\" content=\"fr_FR\" \/>\n<meta property=\"og:type\" content=\"article\" \/>\n<meta property=\"og:title\" content=\"DOORBELL595 U.L.E - Geemarc France\" \/>\n<meta property=\"og:description\" content=\"Sonnette de porte sans fil\" \/>\n<meta property=\"og:url\" content=\"https:\/\/geemarc.com\/fr\/product\/doorbell595-u-l-e\/\" \/>\n<meta property=\"og:site_name\" content=\"Geemarc France\" \/>\n<meta property=\"article:modified_time\" content=\"2022-02-08T11:34:08+00:00\" \/>\n<meta property=\"og:image\" content=\"https:\/\/geemarc.com\/fr\/wp-content\/uploads\/sites\/3\/2019\/06\/Doorbell-595-U.L.E_left-2.jpg\" \/>\n\t<meta property=\"og:image:width\" content=\"3066\" \/>\n\t<meta property=\"og:image:height\" content=\"4694\" \/>\n<meta name=\"twitter:card\" content=\"summary_large_image\" \/>\n<meta name=\"twitter:label1\" content=\"Dur\u00e9e de lecture est.\" \/>\n\t<meta name=\"twitter:data1\" content=\"1 minute\" \/>\n<script type=\"application\/ld+json\" class=\"yoast-schema-graph\">{\"@context\":\"https:\/\/schema.org\",\"@graph\":[{\"@type\":\"WebSite\",\"@id\":\"https:\/\/geemarc.com\/fr\/#website\",\"url\":\"https:\/\/geemarc.com\/fr\/\",\"name\":\"Geemarc France\",\"description\":\"\",\"potentialAction\":[{\"@type\":\"SearchAction\",\"target\":{\"@type\":\"EntryPoint\",\"urlTemplate\":\"https:\/\/geemarc.com\/fr\/?s={search_term_string}\"},\"query-input\":\"required name=search_term_string\"}],\"inLanguage\":\"fr-FR\"},{\"@type\":\"ImageObject\",\"@id\":\"https:\/\/geemarc.com\/fr\/product\/doorbell595-u-l-e\/#primaryimage\",\"inLanguage\":\"fr-FR\",\"url\":\"https:\/\/geemarc.com\/fr\/wp-content\/uploads\/sites\/3\/2019\/06\/Doorbell-595-U.L.E_left-2.jpg\",\"contentUrl\":\"https:\/\/geemarc.com\/fr\/wp-content\/uploads\/sites\/3\/2019\/06\/Doorbell-595-U.L.E_left-2.jpg\",\"width\":3066,\"height\":4694},{\"@type\":\"WebPage\",\"@id\":\"https:\/\/geemarc.com\/fr\/product\/doorbell595-u-l-e\/#webpage\",\"url\":\"https:\/\/geemarc.com\/fr\/product\/doorbell595-u-l-e\/\",\"name\":\"DOORBELL595 U.L.E - Geemarc France\",\"isPartOf\":{\"@id\":\"https:\/\/geemarc.com\/fr\/#website\"},\"primaryImageOfPage\":{\"@id\":\"https:\/\/geemarc.com\/fr\/product\/doorbell595-u-l-e\/#primaryimage\"},\"datePublished\":\"2019-06-26T10:06:51+00:00\",\"dateModified\":\"2022-02-08T11:34:08+00:00\",\"breadcrumb\":{\"@id\":\"https:\/\/geemarc.com\/fr\/product\/doorbell595-u-l-e\/#breadcrumb\"},\"inLanguage\":\"fr-FR\",\"potentialAction\":[{\"@type\":\"ReadAction\",\"target\":[\"https:\/\/geemarc.com\/fr\/product\/doorbell595-u-l-e\/\"]}]},{\"@type\":\"BreadcrumbList\",\"@id\":\"https:\/\/geemarc.com\/fr\/product\/doorbell595-u-l-e\/#breadcrumb\",\"itemListElement\":[{\"@type\":\"ListItem\",\"position\":1,\"name\":\"Home\",\"item\":\"https:\/\/geemarc.com\/fr\/\"},{\"@type\":\"ListItem\",\"position\":2,\"name\":\"Shop\",\"item\":\"https:\/\/geemarc.com\/fr\/shop\/\"},{\"@type\":\"ListItem\",\"position\":3,\"name\":\"DOORBELL595 U.L.E\"}]}]}<\/script>\n<!-- \/ Yoast SEO plugin. -->","yoast_head_json":{"title":"DOORBELL595 U.L.E - Geemarc France","robots":{"index":"index","follow":"follow","max-snippet":"max-snippet:-1","max-image-preview":"max-image-preview:large","max-video-preview":"max-video-preview:-1"},"canonical":"https:\/\/geemarc.com\/fr\/product\/doorbell595-u-l-e\/","og_locale":"fr_FR","og_type":"article","og_title":"DOORBELL595 U.L.E - Geemarc France","og_description":"Sonnette de porte sans fil","og_url":"https:\/\/geemarc.com\/fr\/product\/doorbell595-u-l-e\/","og_site_name":"Geemarc France","article_modified_time":"2022-02-08T11:34:08+00:00","og_image":[{"width":3066,"height":4694,"url":"https:\/\/geemarc.com\/fr\/wp-content\/uploads\/sites\/3\/2019\/06\/Doorbell-595-U.L.E_left-2.jpg","path":"\/home\/g\/e\/geemarcwp\/public_html\/wp-content\/uploads\/sites\/3\/2019\/06\/Doorbell-595-U.L.E_left-2.jpg","size":"full","id":6409,"alt":"","pixels":14391804,"type":"image\/jpeg"}],"twitter_card":"summary_large_image","twitter_misc":{"Dur\u00e9e de lecture est.":"1 minute"},"schema":{"@context":"https:\/\/schema.org","@graph":[{"@type":"WebSite","@id":"https:\/\/geemarc.com\/fr\/#website","url":"https:\/\/geemarc.com\/fr\/","name":"Geemarc France","description":"","potentialAction":[{"@type":"SearchAction","target":{"@type":"EntryPoint","urlTemplate":"https:\/\/geemarc.com\/fr\/?s={search_term_string}"},"query-input":"required name=search_term_string"}],"inLanguage":"fr-FR"},{"@type":"ImageObject","@id":"https:\/\/geemarc.com\/fr\/product\/doorbell595-u-l-e\/#primaryimage","inLanguage":"fr-FR","url":"https:\/\/geemarc.com\/fr\/wp-content\/uploads\/sites\/3\/2019\/06\/Doorbell-595-U.L.E_left-2.jpg","contentUrl":"https:\/\/geemarc.com\/fr\/wp-content\/uploads\/sites\/3\/2019\/06\/Doorbell-595-U.L.E_left-2.jpg","width":3066,"height":4694},{"@type":"WebPage","@id":"https:\/\/geemarc.com\/fr\/product\/doorbell595-u-l-e\/#webpage","url":"https:\/\/geemarc.com\/fr\/product\/doorbell595-u-l-e\/","name":"DOORBELL595 U.L.E - Geemarc France","isPartOf":{"@id":"https:\/\/geemarc.com\/fr\/#website"},"primaryImageOfPage":{"@id":"https:\/\/geemarc.com\/fr\/product\/doorbell595-u-l-e\/#primaryimage"},"datePublished":"2019-06-26T10:06:51+00:00","dateModified":"2022-02-08T11:34:08+00:00","breadcrumb":{"@id":"https:\/\/geemarc.com\/fr\/product\/doorbell595-u-l-e\/#breadcrumb"},"inLanguage":"fr-FR","potentialAction":[{"@type":"ReadAction","target":["https:\/\/geemarc.com\/fr\/product\/doorbell595-u-l-e\/"]}]},{"@type":"BreadcrumbList","@id":"https:\/\/geemarc.com\/fr\/product\/doorbell595-u-l-e\/#breadcrumb","itemListElement":[{"@type":"ListItem","position":1,"name":"Home","item":"https:\/\/geemarc.com\/fr\/"},{"@type":"ListItem","position":2,"name":"Shop","item":"https:\/\/geemarc.com\/fr\/shop\/"},{"@type":"ListItem","position":3,"name":"DOORBELL595 U.L.E"}]}]}},"acf":[],"_links":{"self":[{"href":"https:\/\/geemarc.com\/fr\/wp-json\/wp\/v2\/product\/6364"}],"collection":[{"href":"https:\/\/geemarc.com\/fr\/wp-json\/wp\/v2\/product"}],"about":[{"href":"https:\/\/geemarc.com\/fr\/wp-json\/wp\/v2\/types\/product"}],"wp:featuredmedia":[{"embeddable":true,"href":"https:\/\/geemarc.com\/fr\/wp-json\/wp\/v2\/media\/6409"}],"wp:attachment":[{"href":"https:\/\/geemarc.com\/fr\/wp-json\/wp\/v2\/media?parent=6364"}],"wp:term":[{"taxonomy":"product_cat","embeddable":true,"href":"https:\/\/geemarc.com\/fr\/wp-json\/wp\/v2\/product_cat?post=6364"},{"taxonomy":"product_tag","embeddable":true,"href":"https:\/\/geemarc.com\/fr\/wp-json\/wp\/v2\/product_tag?post=6364"}],"curies":[{"name":"wp","href":"https:\/\/api.w.org\/{rel}","templated":true}]}}