{"id":6373,"date":"2019-06-26T10:37:48","date_gmt":"2019-06-26T10:37:48","guid":{"rendered":"http:\/\/geemarc.com\/fr\/?post_type=product&#038;p=6373"},"modified":"2021-12-20T10:53:03","modified_gmt":"2021-12-20T10:53:03","slug":"ringer595-u-l-e","status":"publish","type":"product","link":"https:\/\/geemarc.com\/fr\/product\/ringer595-u-l-e\/","title":{"rendered":"RINGER595 U.L.E"},"content":{"rendered":"<p>Lorsque le RINGER595 U.L.E est associ\u00e9 \u00e0 l\u2019AMPLIDECT595 U.L.E, il sonnera et flashera quand vous recevrez un appel.<\/p>\n<p>De plus, si votre AMPLIDECT595 U.L.E est muni d\u2019un DOORBELL595 U.L.E, il sonnera et flashera \u00e9galement lorsque quelqu\u2019un sonnera \u00e0 votre porte (sonnerie diff\u00e9rente des appels).<\/p>\n<p>&nbsp;<\/p>\n<p><strong>CARACT\u00c9RISTIQUES<\/strong><\/p>\n<ul>\n<li>R\u00e9cepteur, avertisseur sonore et visuel<\/li>\n<li>Fonctionne uniquement avec l\u2019AMPLIDECT595 U.L.E et le DOORBELL595 U.L.E<\/li>\n<li>Sonnerie de 100dB (<strong>90dB \u00e0 1m\u00e8tre<\/strong>)<\/li>\n<li>Flash<\/li>\n<li>Trois modes de fonctionnement : Flash lumineux \/Flash lumineux + Sonnerie \/ Sonnerie<\/li>\n<li>R\u00e9glage tonalit\u00e9 et volume de sonnerie : 3 m\u00e9lodies diff\u00e9rentes pour les appels et 1 pour la sonnette<\/li>\n<li>Fonctionne sur batterie (3 piles AA) ou sur secteur<\/li>\n<li>Possibilit\u00e9 de connecter jusqu\u2019\u00e0 dix RINGER595 U.L.E \u00e0 la m\u00eame base<\/li>\n<\/ul>\n<p>&nbsp;<\/p>\n<div id=\"threesixty-slider-6629_EpPAEP\" class=\"threesixty-loading threesixty-image threesixty-dark-blue threesixty-vintage threesixty-no-border\" style=\"width: 600px;\">\r\n\t<div class=\"threesixty-preview-6629_EpPAEP\"><img class=\"threesixty-preview-image\" src=\"https:\/\/geemarc.com\/fr\/wp-content\/uploads\/sites\/3\/2019\/07\/DSC_0593.jpg\"\/><\/div>\r\n\t<div class=\"threesixty-spinner threesixty-spinner-6629_EpPAEP\">\r\n\t\t<span>0%<\/span>\r\n\t<\/div>\r\n\t<ol class=\"threesixty-images threesixty-images-6629_EpPAEP\"><\/ol>\r\n\t\t\t<a href=\"#threesixty-slider-6629_EpPAEP\" class=\"threesixty-mfp-anchor\"><\/a>\r\n\t<\/div>\r\n<!--SPV--><script type=\"text\/javascript\">\/\/SPV\r\n(function($) {\r\n\t\t$('#threesixty-slider-6629_EpPAEP .threesixty-mfp-anchor').magnificPopup({\r\n\t\ttype:'inline',\r\n\t\tcloseOnBgClick: true,\r\n\t\tmidClick: true,\r\n\t\t\/\/removalDelay: 300,\r\n  \t\t\/\/mainClass: 'mfp-fade',\r\n\t\tcallbacks: {\r\n\t\t\t resize: function() {\r\n\t\t\t \tvar originalHeight \t= 517,\r\n\t\t\t \t\toriginalWidth \t= 600,\r\n\t\t\t \t\tmfpHeight \t\t= 517,\r\n\t\t\t \t\tmfpWidth \t\t= 600,\r\n\t\t\t \t\tratio \t\t\t= originalWidth \/ originalHeight,\r\n\t\t\t \t\twinHeight \t\t= $(window).height(),\r\n\t\t\t \t\twinWidth \t\t= $(window).width();\r\n\t\t\t \t\r\n\t\t\t \tif ( originalHeight > winHeight * 0.9 ) {\r\n\t\t\t \t\tmfpHeight \t\t= winHeight * 0.9;\r\n\t\t\t \t\tmfpWidth \t\t= mfpHeight * ratio;\r\n\t\t\t\t}\r\n\t\t\t\tif ( mfpWidth > winWidth * 0.9 ) {\r\n\t\t\t \t\tmfpWidth \t\t= winWidth * 0.9;\r\n\t\t\t \t\tmfpHeight \t\t= mfpWidth \/ ratio;\r\n\t\t\t\t}\r\n\t\t\t \tif ( mfpHeight < originalHeight && mfpWidth < originalWidth ) {\r\n\t\t\t\t    $('#threesixty-slider-6629_EpPAEP').height(mfpHeight);\r\n\t\t\t\t    $('#threesixty-slider-6629_EpPAEP').width(mfpWidth);\r\n\t\t\t\t} \r\n\t\t\t\telse {\r\n\t\t\t\t    $('#threesixty-slider-6629_EpPAEP').height(originalHeight);\r\n\t\t\t\t    $('#threesixty-slider-6629_EpPAEP').width(originalWidth);\r\n\t\t\t\t}\r\n\t\t\t},\r\n\t\t\tclose: function() {\r\n\t\t\t    $('#threesixty-slider-6629_EpPAEP').height('auto');\r\n\t\t\t    $('#threesixty-slider-6629_EpPAEP').width(600);\r\n\t\t\t}\r\n\t\t},\r\n\t\tcloseMarkup :\"<button class=\\\"mfp-close\\\"><\/button>\"\r\n\t});\r\n\t\tvar product_6629_EpPAEP = $('#threesixty-slider-6629_EpPAEP').ThreeSixty({\r\n\t\ttotalFrames: 36,\r\n\t\tendFrame: 0,\r\n\t\tcurrentFrame: 36,\r\n\t\timgList: '.threesixty-images-6629_EpPAEP',\r\n\t\tprogress: '.threesixty-spinner-6629_EpPAEP',\r\n\t\tpreview: '.threesixty-preview-6629_EpPAEP',\r\n\t\timages: ['https:\/\/geemarc.com\/fr\/wp-content\/uploads\/sites\/3\/2019\/07\/DSC_0628.jpg','https:\/\/geemarc.com\/fr\/wp-content\/uploads\/sites\/3\/2019\/07\/DSC_0627.jpg','https:\/\/geemarc.com\/fr\/wp-content\/uploads\/sites\/3\/2019\/07\/DSC_0626.jpg','https:\/\/geemarc.com\/fr\/wp-content\/uploads\/sites\/3\/2019\/07\/DSC_0625.jpg','https:\/\/geemarc.com\/fr\/wp-content\/uploads\/sites\/3\/2019\/07\/DSC_0624.jpg','https:\/\/geemarc.com\/fr\/wp-content\/uploads\/sites\/3\/2019\/07\/DSC_0623.jpg','https:\/\/geemarc.com\/fr\/wp-content\/uploads\/sites\/3\/2019\/07\/DSC_0622.jpg','https:\/\/geemarc.com\/fr\/wp-content\/uploads\/sites\/3\/2019\/07\/DSC_0621.jpg','https:\/\/geemarc.com\/fr\/wp-content\/uploads\/sites\/3\/2019\/07\/DSC_0620.jpg','https:\/\/geemarc.com\/fr\/wp-content\/uploads\/sites\/3\/2019\/07\/DSC_0619.jpg','https:\/\/geemarc.com\/fr\/wp-content\/uploads\/sites\/3\/2019\/07\/DSC_0618.jpg','https:\/\/geemarc.com\/fr\/wp-content\/uploads\/sites\/3\/2019\/07\/DSC_0617.jpg','https:\/\/geemarc.com\/fr\/wp-content\/uploads\/sites\/3\/2019\/07\/DSC_0616.jpg','https:\/\/geemarc.com\/fr\/wp-content\/uploads\/sites\/3\/2019\/07\/DSC_0615.jpg','https:\/\/geemarc.com\/fr\/wp-content\/uploads\/sites\/3\/2019\/07\/DSC_0614.jpg','https:\/\/geemarc.com\/fr\/wp-content\/uploads\/sites\/3\/2019\/07\/DSC_0613.jpg','https:\/\/geemarc.com\/fr\/wp-content\/uploads\/sites\/3\/2019\/07\/DSC_0612.jpg','https:\/\/geemarc.com\/fr\/wp-content\/uploads\/sites\/3\/2019\/07\/DSC_0611.jpg','https:\/\/geemarc.com\/fr\/wp-content\/uploads\/sites\/3\/2019\/07\/DSC_0610.jpg','https:\/\/geemarc.com\/fr\/wp-content\/uploads\/sites\/3\/2019\/07\/DSC_0609.jpg','https:\/\/geemarc.com\/fr\/wp-content\/uploads\/sites\/3\/2019\/07\/DSC_0608.jpg','https:\/\/geemarc.com\/fr\/wp-content\/uploads\/sites\/3\/2019\/07\/DSC_0607.jpg','https:\/\/geemarc.com\/fr\/wp-content\/uploads\/sites\/3\/2019\/07\/DSC_0606.jpg','https:\/\/geemarc.com\/fr\/wp-content\/uploads\/sites\/3\/2019\/07\/DSC_0605.jpg','https:\/\/geemarc.com\/fr\/wp-content\/uploads\/sites\/3\/2019\/07\/DSC_0604.jpg','https:\/\/geemarc.com\/fr\/wp-content\/uploads\/sites\/3\/2019\/07\/DSC_0603.jpg','https:\/\/geemarc.com\/fr\/wp-content\/uploads\/sites\/3\/2019\/07\/DSC_0602.jpg','https:\/\/geemarc.com\/fr\/wp-content\/uploads\/sites\/3\/2019\/07\/DSC_0601.jpg','https:\/\/geemarc.com\/fr\/wp-content\/uploads\/sites\/3\/2019\/07\/DSC_0600.jpg','https:\/\/geemarc.com\/fr\/wp-content\/uploads\/sites\/3\/2019\/07\/DSC_0599.jpg','https:\/\/geemarc.com\/fr\/wp-content\/uploads\/sites\/3\/2019\/07\/DSC_0598.jpg','https:\/\/geemarc.com\/fr\/wp-content\/uploads\/sites\/3\/2019\/07\/DSC_0597.jpg','https:\/\/geemarc.com\/fr\/wp-content\/uploads\/sites\/3\/2019\/07\/DSC_0596.jpg','https:\/\/geemarc.com\/fr\/wp-content\/uploads\/sites\/3\/2019\/07\/DSC_0595.jpg','https:\/\/geemarc.com\/fr\/wp-content\/uploads\/sites\/3\/2019\/07\/DSC_0594.jpg','https:\/\/geemarc.com\/fr\/wp-content\/uploads\/sites\/3\/2019\/07\/DSC_0593.jpg'],\r\n\t\theight: 0,\r\n\t\twidth: 600,\r\n\t\tnavigation: true,\r\n\t\tdrag: true,\r\n\t\tshowCursor: true,\r\n\t\tinterval: 120,\r\n\t\tspeedMultiplier: 3,\r\n\t\t\t\tstartAutoplay: true,\r\n\t\t\t\tonReady: function() {\r\n\t\t\t$(\"#threesixty-slider-6629_EpPAEP\").removeClass('threesixty-loading');\r\n\t\t\t\t\t\tproduct_6629_EpPAEP.play();\r\n\t\t\t\t\t\t\t\t}\r\n\t\t\t});\r\n\t\t\t}(jQuery));\r\n<\/script>\n","protected":false},"excerpt":{"rendered":"<p>Avertisseur sonore et visuel puissant<\/p>\n","protected":false},"featured_media":6377,"template":"","meta":[],"product_cat":[132],"product_tag":[],"yoast_head":"<!-- This site is optimized with the Yoast SEO plugin v16.9 - https:\/\/yoast.com\/wordpress\/plugins\/seo\/ -->\n<title>RINGER595 U.L.E - Geemarc France<\/title>\n<meta name=\"robots\" content=\"index, follow, max-snippet:-1, max-image-preview:large, max-video-preview:-1\" \/>\n<link rel=\"canonical\" href=\"https:\/\/geemarc.com\/fr\/product\/ringer595-u-l-e\/\" \/>\n<meta property=\"og:locale\" content=\"fr_FR\" \/>\n<meta property=\"og:type\" content=\"article\" \/>\n<meta property=\"og:title\" content=\"RINGER595 U.L.E - Geemarc France\" \/>\n<meta property=\"og:description\" content=\"Avertisseur sonore et visuel puissant\" \/>\n<meta property=\"og:url\" content=\"https:\/\/geemarc.com\/fr\/product\/ringer595-u-l-e\/\" \/>\n<meta property=\"og:site_name\" content=\"Geemarc France\" \/>\n<meta property=\"article:modified_time\" content=\"2021-12-20T10:53:03+00:00\" \/>\n<meta property=\"og:image\" content=\"https:\/\/geemarc.com\/fr\/wp-content\/uploads\/sites\/3\/2019\/06\/Ringer-595-U.L.E_left_flash.jpg\" \/>\n\t<meta property=\"og:image:width\" content=\"1500\" \/>\n\t<meta property=\"og:image:height\" content=\"1500\" \/>\n<meta name=\"twitter:card\" content=\"summary_large_image\" \/>\n<meta name=\"twitter:label1\" content=\"Dur\u00e9e de lecture est.\" \/>\n\t<meta name=\"twitter:data1\" content=\"1 minute\" \/>\n<script type=\"application\/ld+json\" class=\"yoast-schema-graph\">{\"@context\":\"https:\/\/schema.org\",\"@graph\":[{\"@type\":\"WebSite\",\"@id\":\"https:\/\/geemarc.com\/fr\/#website\",\"url\":\"https:\/\/geemarc.com\/fr\/\",\"name\":\"Geemarc France\",\"description\":\"\",\"potentialAction\":[{\"@type\":\"SearchAction\",\"target\":{\"@type\":\"EntryPoint\",\"urlTemplate\":\"https:\/\/geemarc.com\/fr\/?s={search_term_string}\"},\"query-input\":\"required name=search_term_string\"}],\"inLanguage\":\"fr-FR\"},{\"@type\":\"ImageObject\",\"@id\":\"https:\/\/geemarc.com\/fr\/product\/ringer595-u-l-e\/#primaryimage\",\"inLanguage\":\"fr-FR\",\"url\":\"https:\/\/geemarc.com\/fr\/wp-content\/uploads\/sites\/3\/2019\/06\/Ringer-595-U.L.E_left_flash.jpg\",\"contentUrl\":\"https:\/\/geemarc.com\/fr\/wp-content\/uploads\/sites\/3\/2019\/06\/Ringer-595-U.L.E_left_flash.jpg\",\"width\":1500,\"height\":1500},{\"@type\":\"WebPage\",\"@id\":\"https:\/\/geemarc.com\/fr\/product\/ringer595-u-l-e\/#webpage\",\"url\":\"https:\/\/geemarc.com\/fr\/product\/ringer595-u-l-e\/\",\"name\":\"RINGER595 U.L.E - Geemarc France\",\"isPartOf\":{\"@id\":\"https:\/\/geemarc.com\/fr\/#website\"},\"primaryImageOfPage\":{\"@id\":\"https:\/\/geemarc.com\/fr\/product\/ringer595-u-l-e\/#primaryimage\"},\"datePublished\":\"2019-06-26T10:37:48+00:00\",\"dateModified\":\"2021-12-20T10:53:03+00:00\",\"breadcrumb\":{\"@id\":\"https:\/\/geemarc.com\/fr\/product\/ringer595-u-l-e\/#breadcrumb\"},\"inLanguage\":\"fr-FR\",\"potentialAction\":[{\"@type\":\"ReadAction\",\"target\":[\"https:\/\/geemarc.com\/fr\/product\/ringer595-u-l-e\/\"]}]},{\"@type\":\"BreadcrumbList\",\"@id\":\"https:\/\/geemarc.com\/fr\/product\/ringer595-u-l-e\/#breadcrumb\",\"itemListElement\":[{\"@type\":\"ListItem\",\"position\":1,\"name\":\"Home\",\"item\":\"https:\/\/geemarc.com\/fr\/\"},{\"@type\":\"ListItem\",\"position\":2,\"name\":\"Shop\",\"item\":\"https:\/\/geemarc.com\/fr\/shop\/\"},{\"@type\":\"ListItem\",\"position\":3,\"name\":\"RINGER595 U.L.E\"}]}]}<\/script>\n<!-- \/ Yoast SEO plugin. -->","yoast_head_json":{"title":"RINGER595 U.L.E - Geemarc France","robots":{"index":"index","follow":"follow","max-snippet":"max-snippet:-1","max-image-preview":"max-image-preview:large","max-video-preview":"max-video-preview:-1"},"canonical":"https:\/\/geemarc.com\/fr\/product\/ringer595-u-l-e\/","og_locale":"fr_FR","og_type":"article","og_title":"RINGER595 U.L.E - Geemarc France","og_description":"Avertisseur sonore et visuel puissant","og_url":"https:\/\/geemarc.com\/fr\/product\/ringer595-u-l-e\/","og_site_name":"Geemarc France","article_modified_time":"2021-12-20T10:53:03+00:00","og_image":[{"width":1500,"height":1500,"url":"https:\/\/geemarc.com\/fr\/wp-content\/uploads\/sites\/3\/2019\/06\/Ringer-595-U.L.E_left_flash.jpg","path":"\/home\/g\/e\/geemarcwp\/public_html\/wp-content\/uploads\/sites\/3\/2019\/06\/Ringer-595-U.L.E_left_flash.jpg","size":"full","id":6377,"alt":"","pixels":2250000,"type":"image\/jpeg"}],"twitter_card":"summary_large_image","twitter_misc":{"Dur\u00e9e de lecture est.":"1 minute"},"schema":{"@context":"https:\/\/schema.org","@graph":[{"@type":"WebSite","@id":"https:\/\/geemarc.com\/fr\/#website","url":"https:\/\/geemarc.com\/fr\/","name":"Geemarc France","description":"","potentialAction":[{"@type":"SearchAction","target":{"@type":"EntryPoint","urlTemplate":"https:\/\/geemarc.com\/fr\/?s={search_term_string}"},"query-input":"required name=search_term_string"}],"inLanguage":"fr-FR"},{"@type":"ImageObject","@id":"https:\/\/geemarc.com\/fr\/product\/ringer595-u-l-e\/#primaryimage","inLanguage":"fr-FR","url":"https:\/\/geemarc.com\/fr\/wp-content\/uploads\/sites\/3\/2019\/06\/Ringer-595-U.L.E_left_flash.jpg","contentUrl":"https:\/\/geemarc.com\/fr\/wp-content\/uploads\/sites\/3\/2019\/06\/Ringer-595-U.L.E_left_flash.jpg","width":1500,"height":1500},{"@type":"WebPage","@id":"https:\/\/geemarc.com\/fr\/product\/ringer595-u-l-e\/#webpage","url":"https:\/\/geemarc.com\/fr\/product\/ringer595-u-l-e\/","name":"RINGER595 U.L.E - Geemarc France","isPartOf":{"@id":"https:\/\/geemarc.com\/fr\/#website"},"primaryImageOfPage":{"@id":"https:\/\/geemarc.com\/fr\/product\/ringer595-u-l-e\/#primaryimage"},"datePublished":"2019-06-26T10:37:48+00:00","dateModified":"2021-12-20T10:53:03+00:00","breadcrumb":{"@id":"https:\/\/geemarc.com\/fr\/product\/ringer595-u-l-e\/#breadcrumb"},"inLanguage":"fr-FR","potentialAction":[{"@type":"ReadAction","target":["https:\/\/geemarc.com\/fr\/product\/ringer595-u-l-e\/"]}]},{"@type":"BreadcrumbList","@id":"https:\/\/geemarc.com\/fr\/product\/ringer595-u-l-e\/#breadcrumb","itemListElement":[{"@type":"ListItem","position":1,"name":"Home","item":"https:\/\/geemarc.com\/fr\/"},{"@type":"ListItem","position":2,"name":"Shop","item":"https:\/\/geemarc.com\/fr\/shop\/"},{"@type":"ListItem","position":3,"name":"RINGER595 U.L.E"}]}]}},"acf":[],"_links":{"self":[{"href":"https:\/\/geemarc.com\/fr\/wp-json\/wp\/v2\/product\/6373"}],"collection":[{"href":"https:\/\/geemarc.com\/fr\/wp-json\/wp\/v2\/product"}],"about":[{"href":"https:\/\/geemarc.com\/fr\/wp-json\/wp\/v2\/types\/product"}],"wp:featuredmedia":[{"embeddable":true,"href":"https:\/\/geemarc.com\/fr\/wp-json\/wp\/v2\/media\/6377"}],"wp:attachment":[{"href":"https:\/\/geemarc.com\/fr\/wp-json\/wp\/v2\/media?parent=6373"}],"wp:term":[{"taxonomy":"product_cat","embeddable":true,"href":"https:\/\/geemarc.com\/fr\/wp-json\/wp\/v2\/product_cat?post=6373"},{"taxonomy":"product_tag","embeddable":true,"href":"https:\/\/geemarc.com\/fr\/wp-json\/wp\/v2\/product_tag?post=6373"}],"curies":[{"name":"wp","href":"https:\/\/api.w.org\/{rel}","templated":true}]}}