{"id":6382,"date":"2019-06-26T10:51:00","date_gmt":"2019-06-26T10:51:00","guid":{"rendered":"http:\/\/geemarc.com\/fr\/?post_type=product&#038;p=6382"},"modified":"2025-06-19T14:43:43","modified_gmt":"2025-06-19T14:43:43","slug":"amplidect595-u-l-e-ad","status":"publish","type":"product","link":"https:\/\/geemarc.com\/fr\/product\/amplidect595-u-l-e-ad\/","title":{"rendered":"AMPLIDECT595 U.L.E AD"},"content":{"rendered":"<p><strong>APPELER\/REPONDRE<\/strong><\/p>\n<ul>\n<li>Compatible appareil auditif<\/li>\n<li>R\u00e9glage du volume de r\u00e9ception jusqu\u2019\u00e0 <strong>50dB<\/strong><\/li>\n<li>R\u00e9glage tonalit\u00e9 de r\u00e9ception (grave\/normal\/aigu)<\/li>\n<li>Mains libres<\/li>\n<li>R\u00e9glage du volume du haut-parleur<\/li>\n<li>9 m\u00e9moires directes sur le combin\u00e9\u00a0: possibilit\u00e9 d\u2019enregistrer des num\u00e9ros sur les 9 touches du pav\u00e9 num\u00e9rique (de 1 \u00e0 9)<\/li>\n<li>R\u00e9pertoire 50 fiches (noms et num\u00e9ros)<\/li>\n<li>M\u00e9moire VIP\u00a0: autorise les appels entrants venant uniquement des num\u00e9ros enregistr\u00e9s dans le r\u00e9pertoire VIP (jusqu\u2019\u00e0 50 num\u00e9ros) lorsque la fonction \u00ab\u00a0Blocage d\u2019appels\u00a0\u00bb est activ\u00e9e<\/li>\n<li>Fonction appel d\u2019urgence (bouton SOS)\u00a0:<\/li>\n<\/ul>\n<p>&#8211;\u00a0 \u00a0Possibilit\u00e9 d\u2019enregistrer jusqu\u2019\u00e0 4 num\u00e9ros d\u2019urgence<\/p>\n<p>&#8211;\u00a0 \u00a0Message d\u2019urgence personnalisable ou texte existant en 4 langues (Anglais, Fran\u00e7ais, Allemand et N\u00e9erlandais)<\/p>\n<p>&nbsp;<\/p>\n<p><strong>GUIDE VOCAL<\/strong><\/p>\n<ul>\n<li>Pr\u00e9sentation vocale : reprend les caract\u00e9ristiques de la base principale<\/li>\n<li>Annonce vocale\u00a0: num\u00e9rotation<\/li>\n<li>Langages\u00a0: Fran\u00e7ais, Anglais, Allemand et N\u00e9erlandais<\/li>\n<\/ul>\n<p>&nbsp;<\/p>\n<div id=\"threesixty-slider-6554_MNNIvg\" class=\"threesixty-loading threesixty-image threesixty-dark-blue threesixty-vintage threesixty-no-border\" style=\"width: 600px;\">\r\n\t<div class=\"threesixty-preview-6554_MNNIvg\"><img class=\"threesixty-preview-image\" src=\"https:\/\/geemarc.com\/fr\/wp-content\/uploads\/sites\/3\/2019\/07\/ULE-AD-1.jpg\"\/><\/div>\r\n\t<div class=\"threesixty-spinner threesixty-spinner-6554_MNNIvg\">\r\n\t\t<span>0%<\/span>\r\n\t<\/div>\r\n\t<ol class=\"threesixty-images threesixty-images-6554_MNNIvg\"><\/ol>\r\n\t\t\t<a href=\"#threesixty-slider-6554_MNNIvg\" class=\"threesixty-mfp-anchor\"><\/a>\r\n\t<\/div>\r\n<!--SPV--><script type=\"text\/javascript\">\/\/SPV\r\n(function($) {\r\n\t\t$('#threesixty-slider-6554_MNNIvg .threesixty-mfp-anchor').magnificPopup({\r\n\t\ttype:'inline',\r\n\t\tcloseOnBgClick: true,\r\n\t\tmidClick: true,\r\n\t\t\/\/removalDelay: 300,\r\n  \t\t\/\/mainClass: 'mfp-fade',\r\n\t\tcallbacks: {\r\n\t\t\t resize: function() {\r\n\t\t\t \tvar originalHeight \t= 539,\r\n\t\t\t \t\toriginalWidth \t= 600,\r\n\t\t\t \t\tmfpHeight \t\t= 539,\r\n\t\t\t \t\tmfpWidth \t\t= 600,\r\n\t\t\t \t\tratio \t\t\t= originalWidth \/ originalHeight,\r\n\t\t\t \t\twinHeight \t\t= $(window).height(),\r\n\t\t\t \t\twinWidth \t\t= $(window).width();\r\n\t\t\t \t\r\n\t\t\t \tif ( originalHeight > winHeight * 0.9 ) {\r\n\t\t\t \t\tmfpHeight \t\t= winHeight * 0.9;\r\n\t\t\t \t\tmfpWidth \t\t= mfpHeight * ratio;\r\n\t\t\t\t}\r\n\t\t\t\tif ( mfpWidth > winWidth * 0.9 ) {\r\n\t\t\t \t\tmfpWidth \t\t= winWidth * 0.9;\r\n\t\t\t \t\tmfpHeight \t\t= mfpWidth \/ ratio;\r\n\t\t\t\t}\r\n\t\t\t \tif ( mfpHeight < originalHeight && mfpWidth < originalWidth ) {\r\n\t\t\t\t    $('#threesixty-slider-6554_MNNIvg').height(mfpHeight);\r\n\t\t\t\t    $('#threesixty-slider-6554_MNNIvg').width(mfpWidth);\r\n\t\t\t\t} \r\n\t\t\t\telse {\r\n\t\t\t\t    $('#threesixty-slider-6554_MNNIvg').height(originalHeight);\r\n\t\t\t\t    $('#threesixty-slider-6554_MNNIvg').width(originalWidth);\r\n\t\t\t\t}\r\n\t\t\t},\r\n\t\t\tclose: function() {\r\n\t\t\t    $('#threesixty-slider-6554_MNNIvg').height('auto');\r\n\t\t\t    $('#threesixty-slider-6554_MNNIvg').width(600);\r\n\t\t\t}\r\n\t\t},\r\n\t\tcloseMarkup :\"<button class=\\\"mfp-close\\\"><\/button>\"\r\n\t});\r\n\t\tvar product_6554_MNNIvg = $('#threesixty-slider-6554_MNNIvg').ThreeSixty({\r\n\t\ttotalFrames: 36,\r\n\t\tendFrame: 0,\r\n\t\tcurrentFrame: 36,\r\n\t\timgList: '.threesixty-images-6554_MNNIvg',\r\n\t\tprogress: '.threesixty-spinner-6554_MNNIvg',\r\n\t\tpreview: '.threesixty-preview-6554_MNNIvg',\r\n\t\timages: ['https:\/\/geemarc.com\/fr\/wp-content\/uploads\/sites\/3\/2019\/07\/ULE-AD-36.jpg','https:\/\/geemarc.com\/fr\/wp-content\/uploads\/sites\/3\/2019\/07\/ULE-AD-35.jpg','https:\/\/geemarc.com\/fr\/wp-content\/uploads\/sites\/3\/2019\/07\/ULE-AD-34.jpg','https:\/\/geemarc.com\/fr\/wp-content\/uploads\/sites\/3\/2019\/07\/ULE-AD-33.jpg','https:\/\/geemarc.com\/fr\/wp-content\/uploads\/sites\/3\/2019\/07\/ULE-AD-32.jpg','https:\/\/geemarc.com\/fr\/wp-content\/uploads\/sites\/3\/2019\/07\/ULE-AD-31.jpg','https:\/\/geemarc.com\/fr\/wp-content\/uploads\/sites\/3\/2019\/07\/ULE-AD-30.jpg','https:\/\/geemarc.com\/fr\/wp-content\/uploads\/sites\/3\/2019\/07\/ULE-AD-29.jpg','https:\/\/geemarc.com\/fr\/wp-content\/uploads\/sites\/3\/2019\/07\/ULE-AD-28.jpg','https:\/\/geemarc.com\/fr\/wp-content\/uploads\/sites\/3\/2019\/07\/ULE-AD-27.jpg','https:\/\/geemarc.com\/fr\/wp-content\/uploads\/sites\/3\/2019\/07\/ULE-AD-26.jpg','https:\/\/geemarc.com\/fr\/wp-content\/uploads\/sites\/3\/2019\/07\/ULE-AD-25.jpg','https:\/\/geemarc.com\/fr\/wp-content\/uploads\/sites\/3\/2019\/07\/ULE-AD-24.jpg','https:\/\/geemarc.com\/fr\/wp-content\/uploads\/sites\/3\/2019\/07\/ULE-AD-23.jpg','https:\/\/geemarc.com\/fr\/wp-content\/uploads\/sites\/3\/2019\/07\/ULE-AD-22.jpg','https:\/\/geemarc.com\/fr\/wp-content\/uploads\/sites\/3\/2019\/07\/ULE-AD-21.jpg','https:\/\/geemarc.com\/fr\/wp-content\/uploads\/sites\/3\/2019\/07\/ULE-AD-20.jpg','https:\/\/geemarc.com\/fr\/wp-content\/uploads\/sites\/3\/2019\/07\/ULE-AD-19.jpg','https:\/\/geemarc.com\/fr\/wp-content\/uploads\/sites\/3\/2019\/07\/ULE-AD-18.jpg','https:\/\/geemarc.com\/fr\/wp-content\/uploads\/sites\/3\/2019\/07\/ULE-AD-17.jpg','https:\/\/geemarc.com\/fr\/wp-content\/uploads\/sites\/3\/2019\/07\/ULE-AD-16.jpg','https:\/\/geemarc.com\/fr\/wp-content\/uploads\/sites\/3\/2019\/07\/ULE-AD-15.jpg','https:\/\/geemarc.com\/fr\/wp-content\/uploads\/sites\/3\/2019\/07\/ULE-AD-14.jpg','https:\/\/geemarc.com\/fr\/wp-content\/uploads\/sites\/3\/2019\/07\/ULE-AD-13.jpg','https:\/\/geemarc.com\/fr\/wp-content\/uploads\/sites\/3\/2019\/07\/ULE-AD-12.jpg','https:\/\/geemarc.com\/fr\/wp-content\/uploads\/sites\/3\/2019\/07\/ULE-AD-11.jpg','https:\/\/geemarc.com\/fr\/wp-content\/uploads\/sites\/3\/2019\/07\/ULE-AD-10.jpg','https:\/\/geemarc.com\/fr\/wp-content\/uploads\/sites\/3\/2019\/07\/ULE-AD-9.jpg','https:\/\/geemarc.com\/fr\/wp-content\/uploads\/sites\/3\/2019\/07\/ULE-AD-8.jpg','https:\/\/geemarc.com\/fr\/wp-content\/uploads\/sites\/3\/2019\/07\/ULE-AD-7.jpg','https:\/\/geemarc.com\/fr\/wp-content\/uploads\/sites\/3\/2019\/07\/ULE-AD-6.jpg','https:\/\/geemarc.com\/fr\/wp-content\/uploads\/sites\/3\/2019\/07\/ULE-AD-5.jpg','https:\/\/geemarc.com\/fr\/wp-content\/uploads\/sites\/3\/2019\/07\/ULE-AD-4.jpg','https:\/\/geemarc.com\/fr\/wp-content\/uploads\/sites\/3\/2019\/07\/ULE-AD-3.jpg','https:\/\/geemarc.com\/fr\/wp-content\/uploads\/sites\/3\/2019\/07\/ULE-AD-2.jpg','https:\/\/geemarc.com\/fr\/wp-content\/uploads\/sites\/3\/2019\/07\/ULE-AD-1.jpg'],\r\n\t\theight: 0,\r\n\t\twidth: 600,\r\n\t\tnavigation: true,\r\n\t\tdrag: true,\r\n\t\tshowCursor: true,\r\n\t\tinterval: 120,\r\n\t\tspeedMultiplier: 3,\r\n\t\t\t\tstartAutoplay: true,\r\n\t\t\t\tonReady: function() {\r\n\t\t\t$(\"#threesixty-slider-6554_MNNIvg\").removeClass('threesixty-loading');\r\n\t\t\t\t\t\tproduct_6554_MNNIvg.play();\r\n\t\t\t\t\t\t\t\t}\r\n\t\t\t});\r\n\t\t\t}(jQuery));\r\n<\/script>\n","protected":false},"excerpt":{"rendered":"<p>Combin\u00e9 additionnel amplifi\u00e9 pour gamme Dect595<\/p>\n","protected":false},"featured_media":6386,"template":"","meta":[],"product_cat":[130,131],"product_tag":[],"yoast_head":"<!-- This site is optimized with the Yoast SEO plugin v16.9 - https:\/\/yoast.com\/wordpress\/plugins\/seo\/ -->\n<title>AMPLIDECT595 U.L.E AD - Geemarc France<\/title>\n<meta name=\"robots\" content=\"index, follow, max-snippet:-1, max-image-preview:large, max-video-preview:-1\" \/>\n<link rel=\"canonical\" href=\"https:\/\/geemarc.com\/fr\/product\/amplidect595-u-l-e-ad\/\" \/>\n<meta property=\"og:locale\" content=\"fr_FR\" \/>\n<meta property=\"og:type\" content=\"article\" \/>\n<meta property=\"og:title\" content=\"AMPLIDECT595 U.L.E AD - Geemarc France\" \/>\n<meta property=\"og:description\" content=\"Combin\u00e9 additionnel amplifi\u00e9 pour gamme Dect595\" \/>\n<meta property=\"og:url\" content=\"https:\/\/geemarc.com\/fr\/product\/amplidect595-u-l-e-ad\/\" \/>\n<meta property=\"og:site_name\" content=\"Geemarc France\" \/>\n<meta property=\"article:modified_time\" content=\"2025-06-19T14:43:43+00:00\" \/>\n<meta property=\"og:image\" content=\"https:\/\/geemarc.com\/fr\/wp-content\/uploads\/sites\/3\/2019\/06\/AMPLIDECT595HS_angle_right01com.jpg\" \/>\n\t<meta property=\"og:image:width\" content=\"1772\" \/>\n\t<meta property=\"og:image:height\" content=\"2362\" \/>\n<meta name=\"twitter:card\" content=\"summary_large_image\" \/>\n<meta name=\"twitter:label1\" content=\"Dur\u00e9e de lecture est.\" \/>\n\t<meta name=\"twitter:data1\" content=\"1 minute\" \/>\n<script type=\"application\/ld+json\" class=\"yoast-schema-graph\">{\"@context\":\"https:\/\/schema.org\",\"@graph\":[{\"@type\":\"WebSite\",\"@id\":\"https:\/\/geemarc.com\/fr\/#website\",\"url\":\"https:\/\/geemarc.com\/fr\/\",\"name\":\"Geemarc France\",\"description\":\"\",\"potentialAction\":[{\"@type\":\"SearchAction\",\"target\":{\"@type\":\"EntryPoint\",\"urlTemplate\":\"https:\/\/geemarc.com\/fr\/?s={search_term_string}\"},\"query-input\":\"required name=search_term_string\"}],\"inLanguage\":\"fr-FR\"},{\"@type\":\"ImageObject\",\"@id\":\"https:\/\/geemarc.com\/fr\/product\/amplidect595-u-l-e-ad\/#primaryimage\",\"inLanguage\":\"fr-FR\",\"url\":\"https:\/\/geemarc.com\/fr\/wp-content\/uploads\/sites\/3\/2019\/06\/AMPLIDECT595HS_angle_right01com.jpg\",\"contentUrl\":\"https:\/\/geemarc.com\/fr\/wp-content\/uploads\/sites\/3\/2019\/06\/AMPLIDECT595HS_angle_right01com.jpg\",\"width\":1772,\"height\":2362},{\"@type\":\"WebPage\",\"@id\":\"https:\/\/geemarc.com\/fr\/product\/amplidect595-u-l-e-ad\/#webpage\",\"url\":\"https:\/\/geemarc.com\/fr\/product\/amplidect595-u-l-e-ad\/\",\"name\":\"AMPLIDECT595 U.L.E AD - Geemarc France\",\"isPartOf\":{\"@id\":\"https:\/\/geemarc.com\/fr\/#website\"},\"primaryImageOfPage\":{\"@id\":\"https:\/\/geemarc.com\/fr\/product\/amplidect595-u-l-e-ad\/#primaryimage\"},\"datePublished\":\"2019-06-26T10:51:00+00:00\",\"dateModified\":\"2025-06-19T14:43:43+00:00\",\"breadcrumb\":{\"@id\":\"https:\/\/geemarc.com\/fr\/product\/amplidect595-u-l-e-ad\/#breadcrumb\"},\"inLanguage\":\"fr-FR\",\"potentialAction\":[{\"@type\":\"ReadAction\",\"target\":[\"https:\/\/geemarc.com\/fr\/product\/amplidect595-u-l-e-ad\/\"]}]},{\"@type\":\"BreadcrumbList\",\"@id\":\"https:\/\/geemarc.com\/fr\/product\/amplidect595-u-l-e-ad\/#breadcrumb\",\"itemListElement\":[{\"@type\":\"ListItem\",\"position\":1,\"name\":\"Home\",\"item\":\"https:\/\/geemarc.com\/fr\/\"},{\"@type\":\"ListItem\",\"position\":2,\"name\":\"Shop\",\"item\":\"https:\/\/geemarc.com\/fr\/shop\/\"},{\"@type\":\"ListItem\",\"position\":3,\"name\":\"AMPLIDECT595 U.L.E AD\"}]}]}<\/script>\n<!-- \/ Yoast SEO plugin. -->","yoast_head_json":{"title":"AMPLIDECT595 U.L.E AD - Geemarc France","robots":{"index":"index","follow":"follow","max-snippet":"max-snippet:-1","max-image-preview":"max-image-preview:large","max-video-preview":"max-video-preview:-1"},"canonical":"https:\/\/geemarc.com\/fr\/product\/amplidect595-u-l-e-ad\/","og_locale":"fr_FR","og_type":"article","og_title":"AMPLIDECT595 U.L.E AD - Geemarc France","og_description":"Combin\u00e9 additionnel amplifi\u00e9 pour gamme Dect595","og_url":"https:\/\/geemarc.com\/fr\/product\/amplidect595-u-l-e-ad\/","og_site_name":"Geemarc France","article_modified_time":"2025-06-19T14:43:43+00:00","og_image":[{"width":1772,"height":2362,"url":"https:\/\/geemarc.com\/fr\/wp-content\/uploads\/sites\/3\/2019\/06\/AMPLIDECT595HS_angle_right01com.jpg","path":"\/home\/g\/e\/geemarcwp\/public_html\/wp-content\/uploads\/sites\/3\/2019\/06\/AMPLIDECT595HS_angle_right01com.jpg","size":"full","id":6386,"alt":"","pixels":4185464,"type":"image\/jpeg"}],"twitter_card":"summary_large_image","twitter_misc":{"Dur\u00e9e de lecture est.":"1 minute"},"schema":{"@context":"https:\/\/schema.org","@graph":[{"@type":"WebSite","@id":"https:\/\/geemarc.com\/fr\/#website","url":"https:\/\/geemarc.com\/fr\/","name":"Geemarc France","description":"","potentialAction":[{"@type":"SearchAction","target":{"@type":"EntryPoint","urlTemplate":"https:\/\/geemarc.com\/fr\/?s={search_term_string}"},"query-input":"required name=search_term_string"}],"inLanguage":"fr-FR"},{"@type":"ImageObject","@id":"https:\/\/geemarc.com\/fr\/product\/amplidect595-u-l-e-ad\/#primaryimage","inLanguage":"fr-FR","url":"https:\/\/geemarc.com\/fr\/wp-content\/uploads\/sites\/3\/2019\/06\/AMPLIDECT595HS_angle_right01com.jpg","contentUrl":"https:\/\/geemarc.com\/fr\/wp-content\/uploads\/sites\/3\/2019\/06\/AMPLIDECT595HS_angle_right01com.jpg","width":1772,"height":2362},{"@type":"WebPage","@id":"https:\/\/geemarc.com\/fr\/product\/amplidect595-u-l-e-ad\/#webpage","url":"https:\/\/geemarc.com\/fr\/product\/amplidect595-u-l-e-ad\/","name":"AMPLIDECT595 U.L.E AD - Geemarc France","isPartOf":{"@id":"https:\/\/geemarc.com\/fr\/#website"},"primaryImageOfPage":{"@id":"https:\/\/geemarc.com\/fr\/product\/amplidect595-u-l-e-ad\/#primaryimage"},"datePublished":"2019-06-26T10:51:00+00:00","dateModified":"2025-06-19T14:43:43+00:00","breadcrumb":{"@id":"https:\/\/geemarc.com\/fr\/product\/amplidect595-u-l-e-ad\/#breadcrumb"},"inLanguage":"fr-FR","potentialAction":[{"@type":"ReadAction","target":["https:\/\/geemarc.com\/fr\/product\/amplidect595-u-l-e-ad\/"]}]},{"@type":"BreadcrumbList","@id":"https:\/\/geemarc.com\/fr\/product\/amplidect595-u-l-e-ad\/#breadcrumb","itemListElement":[{"@type":"ListItem","position":1,"name":"Home","item":"https:\/\/geemarc.com\/fr\/"},{"@type":"ListItem","position":2,"name":"Shop","item":"https:\/\/geemarc.com\/fr\/shop\/"},{"@type":"ListItem","position":3,"name":"AMPLIDECT595 U.L.E AD"}]}]}},"acf":[],"_links":{"self":[{"href":"https:\/\/geemarc.com\/fr\/wp-json\/wp\/v2\/product\/6382"}],"collection":[{"href":"https:\/\/geemarc.com\/fr\/wp-json\/wp\/v2\/product"}],"about":[{"href":"https:\/\/geemarc.com\/fr\/wp-json\/wp\/v2\/types\/product"}],"wp:featuredmedia":[{"embeddable":true,"href":"https:\/\/geemarc.com\/fr\/wp-json\/wp\/v2\/media\/6386"}],"wp:attachment":[{"href":"https:\/\/geemarc.com\/fr\/wp-json\/wp\/v2\/media?parent=6382"}],"wp:term":[{"taxonomy":"product_cat","embeddable":true,"href":"https:\/\/geemarc.com\/fr\/wp-json\/wp\/v2\/product_cat?post=6382"},{"taxonomy":"product_tag","embeddable":true,"href":"https:\/\/geemarc.com\/fr\/wp-json\/wp\/v2\/product_tag?post=6382"}],"curies":[{"name":"wp","href":"https:\/\/api.w.org\/{rel}","templated":true}]}}