{"id":6391,"date":"2019-06-26T13:40:14","date_gmt":"2019-06-26T13:40:14","guid":{"rendered":"http:\/\/geemarc.com\/fr\/?post_type=product&#038;p=6391"},"modified":"2025-06-19T14:44:39","modified_gmt":"2025-06-19T14:44:39","slug":"amplidect595-u-l-e-doorbell","status":"publish","type":"product","link":"https:\/\/geemarc.com\/fr\/product\/amplidect595-u-l-e-doorbell\/","title":{"rendered":"AMPLIDECT595 U.L.E DOORBELL"},"content":{"rendered":"<p>L\u2019AMPLIDECT595 U.L.E DOORBELL est compos\u00e9 d\u2019un t\u00e9l\u00e9phone sans fil amplifi\u00e9 (50dB), d\u2019une sonnette de porte avec interphone (DOORBELL595 U.L.E) et d\u2019un avertisseur sonore et visuel (RINGER595 U.L.E). Gr\u00e2ce \u00e0 ce nouveau dispositif, vous serez pr\u00e9venu lorsque quelqu\u2019un sonne \u00e0 votre porte non seulement par le RINGER595 U.L.E, mais aussi gr\u00e2ce au t\u00e9l\u00e9phone sans fil AMPLIDECT595 U.L.E. Cette combinaison vous permettra \u00e9galement de converser avec la personne situ\u00e9e devant votre porte directement via le combin\u00e9 de votre t\u00e9l\u00e9phone.<\/p>\n<p>Possibilit\u00e9 de l\u2019utiliser en tant que sonnette de porte ou bouton d\u2019appel d\u2019urgence !<\/p>\n<p>&nbsp;<\/p>\n<p><strong>CARACTERISTIQUES DE L&#8217;AMPLIDECT595 U.L.E<\/strong><\/p>\n<ul>\n<li>Combin\u00e9 ergonomique facilitant l\u2019utilisation avec larges touches r\u00e9tro \u00e9clair\u00e9es<\/li>\n<li>R\u00e9glage du volume de r\u00e9ception jusqu\u2019\u00e0 <strong>50dB<\/strong> (Mode Ampli)<\/li>\n<li>R\u00e9glage tonalit\u00e9 de r\u00e9ception\u00a0(Grave \/ Normal \/ Aigu)<\/li>\n<li>Compatible appareil auditif<\/li>\n<li>Mains libres sur le combin\u00e9<\/li>\n<li>R\u00e9glage volume du haut-parleur<\/li>\n<li>9 m\u00e9moires directes sur le combin\u00e9\u00a0: possibilit\u00e9 d\u2019enregistrer des num\u00e9ros sur les 9 touches du pav\u00e9 num\u00e9rique (de 1 \u00e0 9)<\/li>\n<li>R\u00e9pertoire (50 fiches : noms et num\u00e9ros) dont 4 avec pr\u00e9sentation vocale<\/li>\n<li>M\u00e9moire VIP\u00a0: autorise les appels entrants venant uniquement des num\u00e9ros enregistr\u00e9s dans le r\u00e9pertoire VIP (jusqu\u2019\u00e0 50 num\u00e9ros) lorsque la fonction \u00ab\u00a0Blocage d\u2019appels\u00a0\u00bb est activ\u00e9e<\/li>\n<li>Touche d\u2019acc\u00e8s rapide au r\u00e9pertoire et au menu sur le combin\u00e9<\/li>\n<li>Rappel des 10 derniers num\u00e9ros compos\u00e9s<\/li>\n<li>Touche R r\u00e9glable(100ms\/300ms\/600ms)<\/li>\n<li>Fonction appel d\u2019urgence (bouton SOS)\u00a0:<\/li>\n<\/ul>\n<p>o\u00a0 \u00a0Possibilit\u00e9 d\u2019enregistrer jusqu\u2019\u00e0 4 num\u00e9ros d\u2019urgence<\/p>\n<p>o\u00a0 \u00a0Message d\u2019urgence personnalisable ou texte existant en 4 langues (Anglais, Fran\u00e7ais, Allemand et N\u00e9erlandais)<\/p>\n<p>&nbsp;<\/p>\n<p><strong>CARACTERISTIQUES DU DOORBELL595 U.L.E<\/strong><\/p>\n<ul>\n<li>Emetteur<\/li>\n<li>Bouton poussoir<\/li>\n<li>R\u00e9sistant \u00e0 l\u2019eau (IP44)<\/li>\n<li>Fonction interphone<\/li>\n<li>D\u00e9clenche une sonnerie diff\u00e9rente de la sonnerie d\u2019appel sur l\u2019AMPLIDECT 595 U.L.E<\/li>\n<li>Fonctionne avec 2 piles AA<\/li>\n<li>Technologie DECT U.L.E (Ultra Low Energy)<\/li>\n<li>Fixation murale ou pos\u00e9e<\/li>\n<li>Dimensions\u00a0: 107x67x30 mm<\/li>\n<li>Port\u00e9e\u00a0:<\/li>\n<\/ul>\n<p>o\u00a0 \u00a0jusqu\u2019\u00e0 50m en int\u00e9rieur<\/p>\n<p>o\u00a0 \u00a0jusqu\u2019\u00e0 300m en champ libre<\/p>\n<p>&nbsp;<\/p>\n<p><strong>CARACTERISTIQUES DU RINGER595 U.L.E<\/strong><\/p>\n<ul>\n<li>R\u00e9cepteur<\/li>\n<li>Sonnerie de 100dB (<strong>90dB<\/strong> \u00e0 1m\u00e8tre)<\/li>\n<li>Flash<\/li>\n<li>Trois modes de fonctionnement : Flash lumineux \/ Flash lumineux + Sonnerie \/ Sonnerie<\/li>\n<li>R\u00e9glage tonalit\u00e9 et volume de sonnerie : 3 m\u00e9lodies diff\u00e9rentes pour les appels et 1 pour la sonnette<\/li>\n<li>Fonctionne sur batterie (3 piles AA) ou sur secteur<\/li>\n<li>Technologie DECT U.L.E (Ultra Low Energy)<\/li>\n<li>Fixation murale ou pos\u00e9e<\/li>\n<li>Dimensions\u00a0: 131x110x40 mm<\/li>\n<li>Port\u00e9e\u00a0:<\/li>\n<\/ul>\n<p>o\u00a0 \u00a0jusqu\u2019\u00e0 50m en int\u00e9rieur<\/p>\n<p>o\u00a0 \u00a0jusqu\u2019\u00e0 300m en champ libre<\/p>\n","protected":false},"excerpt":{"rendered":"<p>T\u00e9l\u00e9phone amplifi\u00e9 num\u00e9rique sans fil avec fonction interphone<\/p>\n","protected":false},"featured_media":6408,"template":"","meta":[],"product_cat":[130],"product_tag":[],"yoast_head":"<!-- This site is optimized with the Yoast SEO plugin v16.9 - https:\/\/yoast.com\/wordpress\/plugins\/seo\/ -->\n<title>AMPLIDECT595 U.L.E DOORBELL - Geemarc France<\/title>\n<meta name=\"robots\" content=\"index, follow, max-snippet:-1, max-image-preview:large, max-video-preview:-1\" \/>\n<link rel=\"canonical\" href=\"https:\/\/geemarc.com\/fr\/product\/amplidect595-u-l-e-doorbell\/\" \/>\n<meta property=\"og:locale\" content=\"fr_FR\" \/>\n<meta property=\"og:type\" content=\"article\" \/>\n<meta property=\"og:title\" content=\"AMPLIDECT595 U.L.E DOORBELL - Geemarc France\" \/>\n<meta property=\"og:description\" content=\"T\u00e9l\u00e9phone amplifi\u00e9 num\u00e9rique sans fil avec fonction interphone\" \/>\n<meta property=\"og:url\" content=\"https:\/\/geemarc.com\/fr\/product\/amplidect595-u-l-e-doorbell\/\" \/>\n<meta property=\"og:site_name\" content=\"Geemarc France\" \/>\n<meta property=\"article:modified_time\" content=\"2025-06-19T14:44:39+00:00\" \/>\n<meta property=\"og:image\" content=\"https:\/\/geemarc.com\/fr\/wp-content\/uploads\/sites\/3\/2019\/06\/AmpliDect595-U.L.E-DOORBELL_1_flash_shadow_2.jpg\" \/>\n\t<meta property=\"og:image:width\" content=\"3543\" \/>\n\t<meta property=\"og:image:height\" content=\"2122\" \/>\n<meta name=\"twitter:card\" content=\"summary_large_image\" \/>\n<meta name=\"twitter:label1\" content=\"Dur\u00e9e de lecture est.\" \/>\n\t<meta name=\"twitter:data1\" content=\"2 minutes\" \/>\n<script type=\"application\/ld+json\" class=\"yoast-schema-graph\">{\"@context\":\"https:\/\/schema.org\",\"@graph\":[{\"@type\":\"WebSite\",\"@id\":\"https:\/\/geemarc.com\/fr\/#website\",\"url\":\"https:\/\/geemarc.com\/fr\/\",\"name\":\"Geemarc France\",\"description\":\"\",\"potentialAction\":[{\"@type\":\"SearchAction\",\"target\":{\"@type\":\"EntryPoint\",\"urlTemplate\":\"https:\/\/geemarc.com\/fr\/?s={search_term_string}\"},\"query-input\":\"required name=search_term_string\"}],\"inLanguage\":\"fr-FR\"},{\"@type\":\"ImageObject\",\"@id\":\"https:\/\/geemarc.com\/fr\/product\/amplidect595-u-l-e-doorbell\/#primaryimage\",\"inLanguage\":\"fr-FR\",\"url\":\"https:\/\/geemarc.com\/fr\/wp-content\/uploads\/sites\/3\/2019\/06\/AmpliDect595-U.L.E-DOORBELL_1_flash_shadow_2.jpg\",\"contentUrl\":\"https:\/\/geemarc.com\/fr\/wp-content\/uploads\/sites\/3\/2019\/06\/AmpliDect595-U.L.E-DOORBELL_1_flash_shadow_2.jpg\",\"width\":3543,\"height\":2122},{\"@type\":\"WebPage\",\"@id\":\"https:\/\/geemarc.com\/fr\/product\/amplidect595-u-l-e-doorbell\/#webpage\",\"url\":\"https:\/\/geemarc.com\/fr\/product\/amplidect595-u-l-e-doorbell\/\",\"name\":\"AMPLIDECT595 U.L.E DOORBELL - Geemarc France\",\"isPartOf\":{\"@id\":\"https:\/\/geemarc.com\/fr\/#website\"},\"primaryImageOfPage\":{\"@id\":\"https:\/\/geemarc.com\/fr\/product\/amplidect595-u-l-e-doorbell\/#primaryimage\"},\"datePublished\":\"2019-06-26T13:40:14+00:00\",\"dateModified\":\"2025-06-19T14:44:39+00:00\",\"breadcrumb\":{\"@id\":\"https:\/\/geemarc.com\/fr\/product\/amplidect595-u-l-e-doorbell\/#breadcrumb\"},\"inLanguage\":\"fr-FR\",\"potentialAction\":[{\"@type\":\"ReadAction\",\"target\":[\"https:\/\/geemarc.com\/fr\/product\/amplidect595-u-l-e-doorbell\/\"]}]},{\"@type\":\"BreadcrumbList\",\"@id\":\"https:\/\/geemarc.com\/fr\/product\/amplidect595-u-l-e-doorbell\/#breadcrumb\",\"itemListElement\":[{\"@type\":\"ListItem\",\"position\":1,\"name\":\"Home\",\"item\":\"https:\/\/geemarc.com\/fr\/\"},{\"@type\":\"ListItem\",\"position\":2,\"name\":\"Shop\",\"item\":\"https:\/\/geemarc.com\/fr\/shop\/\"},{\"@type\":\"ListItem\",\"position\":3,\"name\":\"AMPLIDECT595 U.L.E DOORBELL\"}]}]}<\/script>\n<!-- \/ Yoast SEO plugin. -->","yoast_head_json":{"title":"AMPLIDECT595 U.L.E DOORBELL - Geemarc France","robots":{"index":"index","follow":"follow","max-snippet":"max-snippet:-1","max-image-preview":"max-image-preview:large","max-video-preview":"max-video-preview:-1"},"canonical":"https:\/\/geemarc.com\/fr\/product\/amplidect595-u-l-e-doorbell\/","og_locale":"fr_FR","og_type":"article","og_title":"AMPLIDECT595 U.L.E DOORBELL - Geemarc France","og_description":"T\u00e9l\u00e9phone amplifi\u00e9 num\u00e9rique sans fil avec fonction interphone","og_url":"https:\/\/geemarc.com\/fr\/product\/amplidect595-u-l-e-doorbell\/","og_site_name":"Geemarc France","article_modified_time":"2025-06-19T14:44:39+00:00","og_image":[{"width":3543,"height":2122,"url":"https:\/\/geemarc.com\/fr\/wp-content\/uploads\/sites\/3\/2019\/06\/AmpliDect595-U.L.E-DOORBELL_1_flash_shadow_2.jpg","path":"\/home\/g\/e\/geemarcwp\/public_html\/wp-content\/uploads\/sites\/3\/2019\/06\/AmpliDect595-U.L.E-DOORBELL_1_flash_shadow_2.jpg","size":"full","id":6408,"alt":"","pixels":7518246,"type":"image\/jpeg"}],"twitter_card":"summary_large_image","twitter_misc":{"Dur\u00e9e de lecture est.":"2 minutes"},"schema":{"@context":"https:\/\/schema.org","@graph":[{"@type":"WebSite","@id":"https:\/\/geemarc.com\/fr\/#website","url":"https:\/\/geemarc.com\/fr\/","name":"Geemarc France","description":"","potentialAction":[{"@type":"SearchAction","target":{"@type":"EntryPoint","urlTemplate":"https:\/\/geemarc.com\/fr\/?s={search_term_string}"},"query-input":"required name=search_term_string"}],"inLanguage":"fr-FR"},{"@type":"ImageObject","@id":"https:\/\/geemarc.com\/fr\/product\/amplidect595-u-l-e-doorbell\/#primaryimage","inLanguage":"fr-FR","url":"https:\/\/geemarc.com\/fr\/wp-content\/uploads\/sites\/3\/2019\/06\/AmpliDect595-U.L.E-DOORBELL_1_flash_shadow_2.jpg","contentUrl":"https:\/\/geemarc.com\/fr\/wp-content\/uploads\/sites\/3\/2019\/06\/AmpliDect595-U.L.E-DOORBELL_1_flash_shadow_2.jpg","width":3543,"height":2122},{"@type":"WebPage","@id":"https:\/\/geemarc.com\/fr\/product\/amplidect595-u-l-e-doorbell\/#webpage","url":"https:\/\/geemarc.com\/fr\/product\/amplidect595-u-l-e-doorbell\/","name":"AMPLIDECT595 U.L.E DOORBELL - Geemarc France","isPartOf":{"@id":"https:\/\/geemarc.com\/fr\/#website"},"primaryImageOfPage":{"@id":"https:\/\/geemarc.com\/fr\/product\/amplidect595-u-l-e-doorbell\/#primaryimage"},"datePublished":"2019-06-26T13:40:14+00:00","dateModified":"2025-06-19T14:44:39+00:00","breadcrumb":{"@id":"https:\/\/geemarc.com\/fr\/product\/amplidect595-u-l-e-doorbell\/#breadcrumb"},"inLanguage":"fr-FR","potentialAction":[{"@type":"ReadAction","target":["https:\/\/geemarc.com\/fr\/product\/amplidect595-u-l-e-doorbell\/"]}]},{"@type":"BreadcrumbList","@id":"https:\/\/geemarc.com\/fr\/product\/amplidect595-u-l-e-doorbell\/#breadcrumb","itemListElement":[{"@type":"ListItem","position":1,"name":"Home","item":"https:\/\/geemarc.com\/fr\/"},{"@type":"ListItem","position":2,"name":"Shop","item":"https:\/\/geemarc.com\/fr\/shop\/"},{"@type":"ListItem","position":3,"name":"AMPLIDECT595 U.L.E DOORBELL"}]}]}},"acf":[],"_links":{"self":[{"href":"https:\/\/geemarc.com\/fr\/wp-json\/wp\/v2\/product\/6391"}],"collection":[{"href":"https:\/\/geemarc.com\/fr\/wp-json\/wp\/v2\/product"}],"about":[{"href":"https:\/\/geemarc.com\/fr\/wp-json\/wp\/v2\/types\/product"}],"wp:featuredmedia":[{"embeddable":true,"href":"https:\/\/geemarc.com\/fr\/wp-json\/wp\/v2\/media\/6408"}],"wp:attachment":[{"href":"https:\/\/geemarc.com\/fr\/wp-json\/wp\/v2\/media?parent=6391"}],"wp:term":[{"taxonomy":"product_cat","embeddable":true,"href":"https:\/\/geemarc.com\/fr\/wp-json\/wp\/v2\/product_cat?post=6391"},{"taxonomy":"product_tag","embeddable":true,"href":"https:\/\/geemarc.com\/fr\/wp-json\/wp\/v2\/product_tag?post=6391"}],"curies":[{"name":"wp","href":"https:\/\/api.w.org\/{rel}","templated":true}]}}