{"id":6711,"date":"2019-08-01T10:08:54","date_gmt":"2019-08-01T10:08:54","guid":{"rendered":"http:\/\/geemarc.com\/fr\/?post_type=product&#038;p=6711"},"modified":"2023-07-11T14:14:26","modified_gmt":"2023-07-11T14:14:26","slug":"amplidect-combi-595","status":"publish","type":"product","link":"https:\/\/geemarc.com\/fr\/product\/amplidect-combi-595\/","title":{"rendered":"AMPLIDECT COMBI 595"},"content":{"rendered":"<p><strong>APPELER\/R\u00c9PONDRE (BASE)<\/strong><\/p>\n<ul>\n<li>Compatible appareil auditif<\/li>\n<li>R\u00e9glage du volume de r\u00e9ception jusqu\u2019\u00e0 <strong>50dB <\/strong><\/li>\n<li>4 m\u00e9moires directes avec pr\u00e9sentation vocale sur la base dont 3 \u00e0 personnaliser avec des photos<\/li>\n<li>Mains libres<\/li>\n<li>Rappel des 10 derniers num\u00e9ros<\/li>\n<li>R\u00e9pertoire (50 fiches : noms et num\u00e9ros) dont 4 avec pr\u00e9sentation vocale<\/li>\n<li>M\u00e9moire VIP : autorise les appels entrants venant uniquement des num\u00e9ros enregistr\u00e9s dans le r\u00e9pertoire VIP (jusqu\u2019\u00e0 50 num\u00e9ros) lorsque la fonction \u00ab Blocage d\u2019appels \u00bb est activ\u00e9e<\/li>\n<li>Fonction Pause \/ Secret<\/li>\n<li>Clavier :\n<ul>\n<li>Larges touches (25x14mm)<\/li>\n<li>Grands caract\u00e8res (10mm)<\/li>\n<\/ul>\n<\/li>\n<\/ul>\n<p>&nbsp;<\/p>\n<p><strong>AMPLIDECT 595 (COMBIN\u00c9)<\/strong><\/p>\n<ul>\n<li>Compatible avec tout appareil auditif (HAC)<\/li>\n<li>R\u00e9glage du volume de r\u00e9ception jusqu\u2019\u00e0 <strong>50dB<\/strong><\/li>\n<li>R\u00e9glage du volume du haut-parleur<\/li>\n<li>9 m\u00e9moires directes sur le combin\u00e9\u00a0: possibilit\u00e9 d\u2019enregistrer des num\u00e9ros sur les 9 touches du pav\u00e9 num\u00e9rique (de 1 \u00e0 9)<\/li>\n<li>Rappel des 10 derniers num\u00e9ros compos\u00e9s<\/li>\n<li>T\u00e9l\u00e9phone DECT<\/li>\n<li>M\u00e9moire permanente<\/li>\n<li>Fonctionne avec adaptateur secteur DC (fourni)<\/li>\n<li>3 piles type ni-Mh 1.2V 600mA (incluses)<\/li>\n<li>Autonomie en veille\u00a0: 2 jours<\/li>\n<li>Autonomie en conversation\u00a0: 10 heures<\/li>\n<li>Port\u00e9e\u00a0:<\/li>\n<\/ul>\n<p>&#8211;\u00a0 \u00a0 \u00a0jusqu\u2019\u00e0 50m en int\u00e9rieur<\/p>\n<p>&#8211;\u00a0 \u00a0 \u00a0jusqu\u2019\u00e0 300m en champ libre<\/p>\n<p>&nbsp;<\/p>\n<p><strong>BOUTONS SOS (COMBIN\u00c9 + BASE)<\/strong><\/p>\n<ul>\n<li>Fonction appel d\u2019urgence (bouton SOS)\u00a0:<\/li>\n<li>Possibilit\u00e9 d\u2019enregistrer jusqu\u2019\u00e0 4 num\u00e9ros d\u2019urgence<\/li>\n<li>Message d\u2019urgence personnalisable ou annonce existant en 4 langues (Anglais, Fran\u00e7ais, Allemand et N\u00e9erlandais)<\/li>\n<\/ul>\n<p>&nbsp;<\/p>\n<p><strong>COMPATIBLE AVEC :<\/strong><\/p>\n<ul>\n<li><span data-wahfont=\"13\">AmpliDect595 U.L.E AD<\/span><\/li>\n<\/ul>\n<p>&nbsp;<\/p>\n<div class=\"success p-tmpl-wrap primary-background\">\n<p><img class=\"p1\" src=\"https:\/\/geemarc.com\/uk\/wp-content\/uploads\/sites\/2\/2019\/04\/Photo-template-Urgence.png\" \/><img class=\"p2\" src=\"https:\/\/geemarc.com\/uk\/wp-content\/uploads\/sites\/2\/2019\/04\/Photo-template-portrait.png\" \/><span class=\"h3 bold\" data-wahfont=\"20\">IMPRESSION DE VOS PHOTOS<\/span><span class=\"h3\" data-wahfont=\"20\">Nouveaut\u00e9s et exclusivit\u00e9 Geemarc Telecom<\/span><\/p>\n<div style=\"margin: 10px 0 15px; line-height: 17px;\">Un mod\u00e8le facile \u00e0 utiliser pour t\u00e9l\u00e9charger vos images et les imprimer pour les boutons des photophones.<br \/>\nCliquez sur le bouton ci-dessous.<\/div>\n<div class=\"table-cell button-right\" style=\"margin-top: 10px;\"><a class=\"button filled\" href=\"http:\/\/geemarc.com\/p_editor\/Amplidectcombi595\/f\/editor\/\" data-wahfont=\"12\">Mod\u00e8le de photos<\/a><\/div>\n<\/div>\n<div id=\"threesixty-slider-6667_GKK9eV\" class=\"threesixty-loading threesixty-image threesixty-dark-blue threesixty-vintage threesixty-no-border\" style=\"width: 600px;\">\r\n\t<div class=\"threesixty-preview-6667_GKK9eV\"><img class=\"threesixty-preview-image\" src=\"https:\/\/geemarc.com\/fr\/wp-content\/uploads\/sites\/3\/2019\/07\/DSC_0598-1.jpg\"\/><\/div>\r\n\t<div class=\"threesixty-spinner threesixty-spinner-6667_GKK9eV\">\r\n\t\t<span>0%<\/span>\r\n\t<\/div>\r\n\t<ol class=\"threesixty-images threesixty-images-6667_GKK9eV\"><\/ol>\r\n\t\t\t<a href=\"#threesixty-slider-6667_GKK9eV\" class=\"threesixty-mfp-anchor\"><\/a>\r\n\t<\/div>\r\n<!--SPV--><script type=\"text\/javascript\">\/\/SPV\r\n(function($) {\r\n\t\t$('#threesixty-slider-6667_GKK9eV .threesixty-mfp-anchor').magnificPopup({\r\n\t\ttype:'inline',\r\n\t\tcloseOnBgClick: true,\r\n\t\tmidClick: true,\r\n\t\t\/\/removalDelay: 300,\r\n  \t\t\/\/mainClass: 'mfp-fade',\r\n\t\tcallbacks: {\r\n\t\t\t resize: function() {\r\n\t\t\t \tvar originalHeight \t= 454,\r\n\t\t\t \t\toriginalWidth \t= 600,\r\n\t\t\t \t\tmfpHeight \t\t= 454,\r\n\t\t\t \t\tmfpWidth \t\t= 600,\r\n\t\t\t \t\tratio \t\t\t= originalWidth \/ originalHeight,\r\n\t\t\t \t\twinHeight \t\t= $(window).height(),\r\n\t\t\t \t\twinWidth \t\t= $(window).width();\r\n\t\t\t \t\r\n\t\t\t \tif ( originalHeight > winHeight * 0.9 ) {\r\n\t\t\t \t\tmfpHeight \t\t= winHeight * 0.9;\r\n\t\t\t \t\tmfpWidth \t\t= mfpHeight * ratio;\r\n\t\t\t\t}\r\n\t\t\t\tif ( mfpWidth > winWidth * 0.9 ) {\r\n\t\t\t \t\tmfpWidth \t\t= winWidth * 0.9;\r\n\t\t\t \t\tmfpHeight \t\t= mfpWidth \/ ratio;\r\n\t\t\t\t}\r\n\t\t\t \tif ( mfpHeight < originalHeight && mfpWidth < originalWidth ) {\r\n\t\t\t\t    $('#threesixty-slider-6667_GKK9eV').height(mfpHeight);\r\n\t\t\t\t    $('#threesixty-slider-6667_GKK9eV').width(mfpWidth);\r\n\t\t\t\t} \r\n\t\t\t\telse {\r\n\t\t\t\t    $('#threesixty-slider-6667_GKK9eV').height(originalHeight);\r\n\t\t\t\t    $('#threesixty-slider-6667_GKK9eV').width(originalWidth);\r\n\t\t\t\t}\r\n\t\t\t},\r\n\t\t\tclose: function() {\r\n\t\t\t    $('#threesixty-slider-6667_GKK9eV').height('auto');\r\n\t\t\t    $('#threesixty-slider-6667_GKK9eV').width(600);\r\n\t\t\t}\r\n\t\t},\r\n\t\tcloseMarkup :\"<button class=\\\"mfp-close\\\"><\/button>\"\r\n\t});\r\n\t\tvar product_6667_GKK9eV = $('#threesixty-slider-6667_GKK9eV').ThreeSixty({\r\n\t\ttotalFrames: 36,\r\n\t\tendFrame: 0,\r\n\t\tcurrentFrame: 36,\r\n\t\timgList: '.threesixty-images-6667_GKK9eV',\r\n\t\tprogress: '.threesixty-spinner-6667_GKK9eV',\r\n\t\tpreview: '.threesixty-preview-6667_GKK9eV',\r\n\t\timages: ['https:\/\/geemarc.com\/fr\/wp-content\/uploads\/sites\/3\/2019\/07\/DSC_0633-1.jpg','https:\/\/geemarc.com\/fr\/wp-content\/uploads\/sites\/3\/2019\/07\/DSC_0632-1.jpg','https:\/\/geemarc.com\/fr\/wp-content\/uploads\/sites\/3\/2019\/07\/DSC_0631-1.jpg','https:\/\/geemarc.com\/fr\/wp-content\/uploads\/sites\/3\/2019\/07\/DSC_0630-1.jpg','https:\/\/geemarc.com\/fr\/wp-content\/uploads\/sites\/3\/2019\/07\/DSC_0629-1.jpg','https:\/\/geemarc.com\/fr\/wp-content\/uploads\/sites\/3\/2019\/07\/DSC_0628-1.jpg','https:\/\/geemarc.com\/fr\/wp-content\/uploads\/sites\/3\/2019\/07\/DSC_0627-1.jpg','https:\/\/geemarc.com\/fr\/wp-content\/uploads\/sites\/3\/2019\/07\/DSC_0626-1.jpg','https:\/\/geemarc.com\/fr\/wp-content\/uploads\/sites\/3\/2019\/07\/DSC_0625-1.jpg','https:\/\/geemarc.com\/fr\/wp-content\/uploads\/sites\/3\/2019\/07\/DSC_0624-1.jpg','https:\/\/geemarc.com\/fr\/wp-content\/uploads\/sites\/3\/2019\/07\/DSC_0623-1.jpg','https:\/\/geemarc.com\/fr\/wp-content\/uploads\/sites\/3\/2019\/07\/DSC_0622-1.jpg','https:\/\/geemarc.com\/fr\/wp-content\/uploads\/sites\/3\/2019\/07\/DSC_0621-1.jpg','https:\/\/geemarc.com\/fr\/wp-content\/uploads\/sites\/3\/2019\/07\/DSC_0620-1.jpg','https:\/\/geemarc.com\/fr\/wp-content\/uploads\/sites\/3\/2019\/07\/DSC_0619-1.jpg','https:\/\/geemarc.com\/fr\/wp-content\/uploads\/sites\/3\/2019\/07\/DSC_0618-1.jpg','https:\/\/geemarc.com\/fr\/wp-content\/uploads\/sites\/3\/2019\/07\/DSC_0617-1.jpg','https:\/\/geemarc.com\/fr\/wp-content\/uploads\/sites\/3\/2019\/07\/DSC_0616-1.jpg','https:\/\/geemarc.com\/fr\/wp-content\/uploads\/sites\/3\/2019\/07\/DSC_0615-1.jpg','https:\/\/geemarc.com\/fr\/wp-content\/uploads\/sites\/3\/2019\/07\/DSC_0614-1.jpg','https:\/\/geemarc.com\/fr\/wp-content\/uploads\/sites\/3\/2019\/07\/DSC_0613-1.jpg','https:\/\/geemarc.com\/fr\/wp-content\/uploads\/sites\/3\/2019\/07\/DSC_0612-1.jpg','https:\/\/geemarc.com\/fr\/wp-content\/uploads\/sites\/3\/2019\/07\/DSC_0611-1.jpg','https:\/\/geemarc.com\/fr\/wp-content\/uploads\/sites\/3\/2019\/07\/DSC_0610-1.jpg','https:\/\/geemarc.com\/fr\/wp-content\/uploads\/sites\/3\/2019\/07\/DSC_0609-1.jpg','https:\/\/geemarc.com\/fr\/wp-content\/uploads\/sites\/3\/2019\/07\/DSC_0608-1.jpg','https:\/\/geemarc.com\/fr\/wp-content\/uploads\/sites\/3\/2019\/07\/DSC_0607-1.jpg','https:\/\/geemarc.com\/fr\/wp-content\/uploads\/sites\/3\/2019\/07\/DSC_0606-1.jpg','https:\/\/geemarc.com\/fr\/wp-content\/uploads\/sites\/3\/2019\/07\/DSC_0605-1.jpg','https:\/\/geemarc.com\/fr\/wp-content\/uploads\/sites\/3\/2019\/07\/DSC_0604-1.jpg','https:\/\/geemarc.com\/fr\/wp-content\/uploads\/sites\/3\/2019\/07\/DSC_0603-1.jpg','https:\/\/geemarc.com\/fr\/wp-content\/uploads\/sites\/3\/2019\/07\/DSC_0602-1.jpg','https:\/\/geemarc.com\/fr\/wp-content\/uploads\/sites\/3\/2019\/07\/DSC_0601-1.jpg','https:\/\/geemarc.com\/fr\/wp-content\/uploads\/sites\/3\/2019\/07\/DSC_0600-1.jpg','https:\/\/geemarc.com\/fr\/wp-content\/uploads\/sites\/3\/2019\/07\/DSC_0599-1.jpg','https:\/\/geemarc.com\/fr\/wp-content\/uploads\/sites\/3\/2019\/07\/DSC_0598-1.jpg'],\r\n\t\theight: 0,\r\n\t\twidth: 600,\r\n\t\tnavigation: true,\r\n\t\tdrag: true,\r\n\t\tshowCursor: true,\r\n\t\tinterval: 120,\r\n\t\tspeedMultiplier: 3,\r\n\t\t\t\tstartAutoplay: true,\r\n\t\t\t\tonReady: function() {\r\n\t\t\t$(\"#threesixty-slider-6667_GKK9eV\").removeClass('threesixty-loading');\r\n\t\t\t\t\t\tproduct_6667_GKK9eV.play();\r\n\t\t\t\t\t\t\t\t}\r\n\t\t\t});\r\n\t\t\t}(jQuery));\r\n<\/script>\n","protected":false},"excerpt":{"rendered":"<p>T\u00e9l\u00e9phone filaire avec combin\u00e9 sans fil amplifi\u00e9, touches avec photos et boutons SOS<\/p>\n","protected":false},"featured_media":6712,"template":"","meta":[],"product_cat":[131],"product_tag":[],"yoast_head":"<!-- This site is optimized with the Yoast SEO plugin v16.9 - https:\/\/yoast.com\/wordpress\/plugins\/seo\/ -->\n<title>AMPLIDECT COMBI 595 - Geemarc France<\/title>\n<meta name=\"robots\" content=\"index, follow, max-snippet:-1, max-image-preview:large, max-video-preview:-1\" \/>\n<link rel=\"canonical\" href=\"https:\/\/geemarc.com\/fr\/product\/amplidect-combi-595\/\" \/>\n<meta property=\"og:locale\" content=\"fr_FR\" \/>\n<meta property=\"og:type\" content=\"article\" \/>\n<meta property=\"og:title\" content=\"AMPLIDECT COMBI 595 - Geemarc France\" \/>\n<meta property=\"og:description\" content=\"T\u00e9l\u00e9phone filaire avec combin\u00e9 sans fil amplifi\u00e9, touches avec photos et boutons SOS\" \/>\n<meta property=\"og:url\" content=\"https:\/\/geemarc.com\/fr\/product\/amplidect-combi-595\/\" \/>\n<meta property=\"og:site_name\" content=\"Geemarc France\" \/>\n<meta property=\"article:modified_time\" content=\"2023-07-11T14:14:26+00:00\" \/>\n<meta property=\"og:image\" content=\"https:\/\/geemarc.com\/fr\/wp-content\/uploads\/sites\/3\/2019\/08\/AMPLIDECT-COMBI-595_angle_right.jpg\" \/>\n\t<meta property=\"og:image:width\" content=\"3189\" \/>\n\t<meta property=\"og:image:height\" content=\"2008\" \/>\n<meta name=\"twitter:card\" content=\"summary_large_image\" \/>\n<meta name=\"twitter:label1\" content=\"Dur\u00e9e de lecture est.\" \/>\n\t<meta name=\"twitter:data1\" content=\"1 minute\" \/>\n<script type=\"application\/ld+json\" class=\"yoast-schema-graph\">{\"@context\":\"https:\/\/schema.org\",\"@graph\":[{\"@type\":\"WebSite\",\"@id\":\"https:\/\/geemarc.com\/fr\/#website\",\"url\":\"https:\/\/geemarc.com\/fr\/\",\"name\":\"Geemarc France\",\"description\":\"\",\"potentialAction\":[{\"@type\":\"SearchAction\",\"target\":{\"@type\":\"EntryPoint\",\"urlTemplate\":\"https:\/\/geemarc.com\/fr\/?s={search_term_string}\"},\"query-input\":\"required name=search_term_string\"}],\"inLanguage\":\"fr-FR\"},{\"@type\":\"ImageObject\",\"@id\":\"https:\/\/geemarc.com\/fr\/product\/amplidect-combi-595\/#primaryimage\",\"inLanguage\":\"fr-FR\",\"url\":\"https:\/\/geemarc.com\/fr\/wp-content\/uploads\/sites\/3\/2019\/08\/AMPLIDECT-COMBI-595_angle_right.jpg\",\"contentUrl\":\"https:\/\/geemarc.com\/fr\/wp-content\/uploads\/sites\/3\/2019\/08\/AMPLIDECT-COMBI-595_angle_right.jpg\",\"width\":3189,\"height\":2008},{\"@type\":\"WebPage\",\"@id\":\"https:\/\/geemarc.com\/fr\/product\/amplidect-combi-595\/#webpage\",\"url\":\"https:\/\/geemarc.com\/fr\/product\/amplidect-combi-595\/\",\"name\":\"AMPLIDECT COMBI 595 - Geemarc France\",\"isPartOf\":{\"@id\":\"https:\/\/geemarc.com\/fr\/#website\"},\"primaryImageOfPage\":{\"@id\":\"https:\/\/geemarc.com\/fr\/product\/amplidect-combi-595\/#primaryimage\"},\"datePublished\":\"2019-08-01T10:08:54+00:00\",\"dateModified\":\"2023-07-11T14:14:26+00:00\",\"breadcrumb\":{\"@id\":\"https:\/\/geemarc.com\/fr\/product\/amplidect-combi-595\/#breadcrumb\"},\"inLanguage\":\"fr-FR\",\"potentialAction\":[{\"@type\":\"ReadAction\",\"target\":[\"https:\/\/geemarc.com\/fr\/product\/amplidect-combi-595\/\"]}]},{\"@type\":\"BreadcrumbList\",\"@id\":\"https:\/\/geemarc.com\/fr\/product\/amplidect-combi-595\/#breadcrumb\",\"itemListElement\":[{\"@type\":\"ListItem\",\"position\":1,\"name\":\"Home\",\"item\":\"https:\/\/geemarc.com\/fr\/\"},{\"@type\":\"ListItem\",\"position\":2,\"name\":\"Shop\",\"item\":\"https:\/\/geemarc.com\/fr\/shop\/\"},{\"@type\":\"ListItem\",\"position\":3,\"name\":\"AMPLIDECT COMBI 595\"}]}]}<\/script>\n<!-- \/ Yoast SEO plugin. -->","yoast_head_json":{"title":"AMPLIDECT COMBI 595 - Geemarc France","robots":{"index":"index","follow":"follow","max-snippet":"max-snippet:-1","max-image-preview":"max-image-preview:large","max-video-preview":"max-video-preview:-1"},"canonical":"https:\/\/geemarc.com\/fr\/product\/amplidect-combi-595\/","og_locale":"fr_FR","og_type":"article","og_title":"AMPLIDECT COMBI 595 - Geemarc France","og_description":"T\u00e9l\u00e9phone filaire avec combin\u00e9 sans fil amplifi\u00e9, touches avec photos et boutons SOS","og_url":"https:\/\/geemarc.com\/fr\/product\/amplidect-combi-595\/","og_site_name":"Geemarc France","article_modified_time":"2023-07-11T14:14:26+00:00","og_image":[{"width":3189,"height":2008,"url":"https:\/\/geemarc.com\/fr\/wp-content\/uploads\/sites\/3\/2019\/08\/AMPLIDECT-COMBI-595_angle_right.jpg","path":"\/home\/g\/e\/geemarcwp\/public_html\/wp-content\/uploads\/sites\/3\/2019\/08\/AMPLIDECT-COMBI-595_angle_right.jpg","size":"full","id":6712,"alt":"","pixels":6403512,"type":"image\/jpeg"}],"twitter_card":"summary_large_image","twitter_misc":{"Dur\u00e9e de lecture est.":"1 minute"},"schema":{"@context":"https:\/\/schema.org","@graph":[{"@type":"WebSite","@id":"https:\/\/geemarc.com\/fr\/#website","url":"https:\/\/geemarc.com\/fr\/","name":"Geemarc France","description":"","potentialAction":[{"@type":"SearchAction","target":{"@type":"EntryPoint","urlTemplate":"https:\/\/geemarc.com\/fr\/?s={search_term_string}"},"query-input":"required name=search_term_string"}],"inLanguage":"fr-FR"},{"@type":"ImageObject","@id":"https:\/\/geemarc.com\/fr\/product\/amplidect-combi-595\/#primaryimage","inLanguage":"fr-FR","url":"https:\/\/geemarc.com\/fr\/wp-content\/uploads\/sites\/3\/2019\/08\/AMPLIDECT-COMBI-595_angle_right.jpg","contentUrl":"https:\/\/geemarc.com\/fr\/wp-content\/uploads\/sites\/3\/2019\/08\/AMPLIDECT-COMBI-595_angle_right.jpg","width":3189,"height":2008},{"@type":"WebPage","@id":"https:\/\/geemarc.com\/fr\/product\/amplidect-combi-595\/#webpage","url":"https:\/\/geemarc.com\/fr\/product\/amplidect-combi-595\/","name":"AMPLIDECT COMBI 595 - Geemarc France","isPartOf":{"@id":"https:\/\/geemarc.com\/fr\/#website"},"primaryImageOfPage":{"@id":"https:\/\/geemarc.com\/fr\/product\/amplidect-combi-595\/#primaryimage"},"datePublished":"2019-08-01T10:08:54+00:00","dateModified":"2023-07-11T14:14:26+00:00","breadcrumb":{"@id":"https:\/\/geemarc.com\/fr\/product\/amplidect-combi-595\/#breadcrumb"},"inLanguage":"fr-FR","potentialAction":[{"@type":"ReadAction","target":["https:\/\/geemarc.com\/fr\/product\/amplidect-combi-595\/"]}]},{"@type":"BreadcrumbList","@id":"https:\/\/geemarc.com\/fr\/product\/amplidect-combi-595\/#breadcrumb","itemListElement":[{"@type":"ListItem","position":1,"name":"Home","item":"https:\/\/geemarc.com\/fr\/"},{"@type":"ListItem","position":2,"name":"Shop","item":"https:\/\/geemarc.com\/fr\/shop\/"},{"@type":"ListItem","position":3,"name":"AMPLIDECT COMBI 595"}]}]}},"acf":[],"_links":{"self":[{"href":"https:\/\/geemarc.com\/fr\/wp-json\/wp\/v2\/product\/6711"}],"collection":[{"href":"https:\/\/geemarc.com\/fr\/wp-json\/wp\/v2\/product"}],"about":[{"href":"https:\/\/geemarc.com\/fr\/wp-json\/wp\/v2\/types\/product"}],"wp:featuredmedia":[{"embeddable":true,"href":"https:\/\/geemarc.com\/fr\/wp-json\/wp\/v2\/media\/6712"}],"wp:attachment":[{"href":"https:\/\/geemarc.com\/fr\/wp-json\/wp\/v2\/media?parent=6711"}],"wp:term":[{"taxonomy":"product_cat","embeddable":true,"href":"https:\/\/geemarc.com\/fr\/wp-json\/wp\/v2\/product_cat?post=6711"},{"taxonomy":"product_tag","embeddable":true,"href":"https:\/\/geemarc.com\/fr\/wp-json\/wp\/v2\/product_tag?post=6711"}],"curies":[{"name":"wp","href":"https:\/\/api.w.org\/{rel}","templated":true}]}}