{"id":6798,"date":"2019-10-22T14:39:22","date_gmt":"2019-10-22T14:39:22","guid":{"rendered":"http:\/\/geemarc.com\/fr\/?post_type=product&#038;p=6798"},"modified":"2019-10-22T14:40:03","modified_gmt":"2019-10-22T14:40:03","slug":"octopus","status":"publish","type":"product","link":"https:\/\/geemarc.com\/fr\/product\/octopus\/","title":{"rendered":"OCTOPUS"},"content":{"rendered":"<p>OCTOPUS, support de Smartphone pour voiture, est propos\u00e9 en version NFC (syst\u00e8me de connexion automatique) ou version standard. Ses diff\u00e9rents types de fixation ainsi que son syst\u00e8me de rotation sur 360\u00b0 vous permettent de l\u2019adapter selon vos pr\u00e9f\u00e9rences.<\/p>\n<ul>\n<li>Sur votre tableau de bord avec sa ventouse \u00e0 haute adh\u00e9rence<\/li>\n<li>Sur vos grilles d\u2019a\u00e9ration<\/li>\n<li>Dans votre lecteur CD<\/li>\n<\/ul>\n","protected":false},"excerpt":{"rendered":"<p>Support Smartphone pour voiture avec ou sans NFC<\/p>\n","protected":false},"featured_media":6800,"template":"","meta":[],"product_cat":[136],"product_tag":[],"yoast_head":"<!-- This site is optimized with the Yoast SEO plugin v16.9 - https:\/\/yoast.com\/wordpress\/plugins\/seo\/ -->\n<title>OCTOPUS - Geemarc France<\/title>\n<meta name=\"robots\" content=\"index, follow, max-snippet:-1, max-image-preview:large, max-video-preview:-1\" \/>\n<link rel=\"canonical\" href=\"https:\/\/geemarc.com\/fr\/product\/octopus\/\" \/>\n<meta property=\"og:locale\" content=\"fr_FR\" \/>\n<meta property=\"og:type\" content=\"article\" \/>\n<meta property=\"og:title\" content=\"OCTOPUS - Geemarc France\" \/>\n<meta property=\"og:description\" content=\"Support Smartphone pour voiture avec ou sans NFC\" \/>\n<meta property=\"og:url\" content=\"https:\/\/geemarc.com\/fr\/product\/octopus\/\" \/>\n<meta property=\"og:site_name\" content=\"Geemarc France\" \/>\n<meta property=\"article:modified_time\" content=\"2019-10-22T14:40:03+00:00\" \/>\n<meta property=\"og:image\" content=\"https:\/\/geemarc.com\/fr\/wp-content\/uploads\/sites\/3\/2019\/10\/NFC-DASH1RGB.jpg\" \/>\n\t<meta property=\"og:image:width\" content=\"1061\" \/>\n\t<meta property=\"og:image:height\" content=\"1061\" \/>\n<meta name=\"twitter:card\" content=\"summary_large_image\" \/>\n<script type=\"application\/ld+json\" class=\"yoast-schema-graph\">{\"@context\":\"https:\/\/schema.org\",\"@graph\":[{\"@type\":\"WebSite\",\"@id\":\"https:\/\/geemarc.com\/fr\/#website\",\"url\":\"https:\/\/geemarc.com\/fr\/\",\"name\":\"Geemarc France\",\"description\":\"\",\"potentialAction\":[{\"@type\":\"SearchAction\",\"target\":{\"@type\":\"EntryPoint\",\"urlTemplate\":\"https:\/\/geemarc.com\/fr\/?s={search_term_string}\"},\"query-input\":\"required name=search_term_string\"}],\"inLanguage\":\"fr-FR\"},{\"@type\":\"ImageObject\",\"@id\":\"https:\/\/geemarc.com\/fr\/product\/octopus\/#primaryimage\",\"inLanguage\":\"fr-FR\",\"url\":\"https:\/\/geemarc.com\/fr\/wp-content\/uploads\/sites\/3\/2019\/10\/NFC-DASH1RGB.jpg\",\"contentUrl\":\"https:\/\/geemarc.com\/fr\/wp-content\/uploads\/sites\/3\/2019\/10\/NFC-DASH1RGB.jpg\",\"width\":1061,\"height\":1061},{\"@type\":\"WebPage\",\"@id\":\"https:\/\/geemarc.com\/fr\/product\/octopus\/#webpage\",\"url\":\"https:\/\/geemarc.com\/fr\/product\/octopus\/\",\"name\":\"OCTOPUS - Geemarc France\",\"isPartOf\":{\"@id\":\"https:\/\/geemarc.com\/fr\/#website\"},\"primaryImageOfPage\":{\"@id\":\"https:\/\/geemarc.com\/fr\/product\/octopus\/#primaryimage\"},\"datePublished\":\"2019-10-22T14:39:22+00:00\",\"dateModified\":\"2019-10-22T14:40:03+00:00\",\"breadcrumb\":{\"@id\":\"https:\/\/geemarc.com\/fr\/product\/octopus\/#breadcrumb\"},\"inLanguage\":\"fr-FR\",\"potentialAction\":[{\"@type\":\"ReadAction\",\"target\":[\"https:\/\/geemarc.com\/fr\/product\/octopus\/\"]}]},{\"@type\":\"BreadcrumbList\",\"@id\":\"https:\/\/geemarc.com\/fr\/product\/octopus\/#breadcrumb\",\"itemListElement\":[{\"@type\":\"ListItem\",\"position\":1,\"name\":\"Home\",\"item\":\"https:\/\/geemarc.com\/fr\/\"},{\"@type\":\"ListItem\",\"position\":2,\"name\":\"Shop\",\"item\":\"https:\/\/geemarc.com\/fr\/shop\/\"},{\"@type\":\"ListItem\",\"position\":3,\"name\":\"OCTOPUS\"}]}]}<\/script>\n<!-- \/ Yoast SEO plugin. -->","yoast_head_json":{"title":"OCTOPUS - Geemarc France","robots":{"index":"index","follow":"follow","max-snippet":"max-snippet:-1","max-image-preview":"max-image-preview:large","max-video-preview":"max-video-preview:-1"},"canonical":"https:\/\/geemarc.com\/fr\/product\/octopus\/","og_locale":"fr_FR","og_type":"article","og_title":"OCTOPUS - Geemarc France","og_description":"Support Smartphone pour voiture avec ou sans NFC","og_url":"https:\/\/geemarc.com\/fr\/product\/octopus\/","og_site_name":"Geemarc France","article_modified_time":"2019-10-22T14:40:03+00:00","og_image":[{"width":1061,"height":1061,"url":"https:\/\/geemarc.com\/fr\/wp-content\/uploads\/sites\/3\/2019\/10\/NFC-DASH1RGB.jpg","path":"\/home\/g\/e\/geemarcwp\/public_html\/wp-content\/uploads\/sites\/3\/2019\/10\/NFC-DASH1RGB.jpg","size":"full","id":6800,"alt":"","pixels":1125721,"type":"image\/jpeg"}],"twitter_card":"summary_large_image","schema":{"@context":"https:\/\/schema.org","@graph":[{"@type":"WebSite","@id":"https:\/\/geemarc.com\/fr\/#website","url":"https:\/\/geemarc.com\/fr\/","name":"Geemarc France","description":"","potentialAction":[{"@type":"SearchAction","target":{"@type":"EntryPoint","urlTemplate":"https:\/\/geemarc.com\/fr\/?s={search_term_string}"},"query-input":"required name=search_term_string"}],"inLanguage":"fr-FR"},{"@type":"ImageObject","@id":"https:\/\/geemarc.com\/fr\/product\/octopus\/#primaryimage","inLanguage":"fr-FR","url":"https:\/\/geemarc.com\/fr\/wp-content\/uploads\/sites\/3\/2019\/10\/NFC-DASH1RGB.jpg","contentUrl":"https:\/\/geemarc.com\/fr\/wp-content\/uploads\/sites\/3\/2019\/10\/NFC-DASH1RGB.jpg","width":1061,"height":1061},{"@type":"WebPage","@id":"https:\/\/geemarc.com\/fr\/product\/octopus\/#webpage","url":"https:\/\/geemarc.com\/fr\/product\/octopus\/","name":"OCTOPUS - Geemarc France","isPartOf":{"@id":"https:\/\/geemarc.com\/fr\/#website"},"primaryImageOfPage":{"@id":"https:\/\/geemarc.com\/fr\/product\/octopus\/#primaryimage"},"datePublished":"2019-10-22T14:39:22+00:00","dateModified":"2019-10-22T14:40:03+00:00","breadcrumb":{"@id":"https:\/\/geemarc.com\/fr\/product\/octopus\/#breadcrumb"},"inLanguage":"fr-FR","potentialAction":[{"@type":"ReadAction","target":["https:\/\/geemarc.com\/fr\/product\/octopus\/"]}]},{"@type":"BreadcrumbList","@id":"https:\/\/geemarc.com\/fr\/product\/octopus\/#breadcrumb","itemListElement":[{"@type":"ListItem","position":1,"name":"Home","item":"https:\/\/geemarc.com\/fr\/"},{"@type":"ListItem","position":2,"name":"Shop","item":"https:\/\/geemarc.com\/fr\/shop\/"},{"@type":"ListItem","position":3,"name":"OCTOPUS"}]}]}},"acf":[],"_links":{"self":[{"href":"https:\/\/geemarc.com\/fr\/wp-json\/wp\/v2\/product\/6798"}],"collection":[{"href":"https:\/\/geemarc.com\/fr\/wp-json\/wp\/v2\/product"}],"about":[{"href":"https:\/\/geemarc.com\/fr\/wp-json\/wp\/v2\/types\/product"}],"wp:featuredmedia":[{"embeddable":true,"href":"https:\/\/geemarc.com\/fr\/wp-json\/wp\/v2\/media\/6800"}],"wp:attachment":[{"href":"https:\/\/geemarc.com\/fr\/wp-json\/wp\/v2\/media?parent=6798"}],"wp:term":[{"taxonomy":"product_cat","embeddable":true,"href":"https:\/\/geemarc.com\/fr\/wp-json\/wp\/v2\/product_cat?post=6798"},{"taxonomy":"product_tag","embeddable":true,"href":"https:\/\/geemarc.com\/fr\/wp-json\/wp\/v2\/product_tag?post=6798"}],"curies":[{"name":"wp","href":"https:\/\/api.w.org\/{rel}","templated":true}]}}