{"id":7363,"date":"2020-06-05T10:58:19","date_gmt":"2020-06-05T10:58:19","guid":{"rendered":"http:\/\/geemarc.com\/fr\/?post_type=product&#038;p=7363"},"modified":"2023-02-01T08:42:19","modified_gmt":"2023-02-01T08:42:19","slug":"viso-15","status":"publish","type":"product","link":"https:\/\/geemarc.com\/fr\/product\/viso-15\/","title":{"rendered":"VISO 15"},"content":{"rendered":"<ul>\n<li>Horloge \u00e0 affichage num\u00e9rique (190x 105 mm)<\/li>\n<li>4 niveaux de luminosit\u00e9 r\u00e9glable s par simple toucher sur le haut de l\u2019horloge<\/li>\n<li><img src=\"http:\/\/geemarc.com\/fr\/wp-content\/uploads\/sites\/3\/2020\/06\/VISO-15_GIF_V2.gif\" \/><\/li>\n<li><\/li>\n<li>4 formats d\u2019affichage :\n<ul>\n<li>1.\u00a0 Jour de la semaine \/ Moment de la journ\u00e9e \/ Heure<\/li>\n<li>2.\u00a0 Jour \/ Jour du mois (chiffre) + mois (lettres) \/ Ann\u00e9e<\/li>\n<li>3.\u00a0 Jour \/ Jour du mois (chiffre) + mois (lettres) \/ Heure<\/li>\n<li>4.\u00a0 Alternance entre les 3 formats d\u2019affichage r\u00e9glable de 5 \u00e0 60 secondes<\/li>\n<li><img src=\"http:\/\/geemarc.com\/fr\/wp-content\/uploads\/sites\/3\/2020\/06\/VISO-15_affichage_V2.gif\" \/><\/li>\n<\/ul>\n<\/li>\n<li>Affichage 12\/24H<\/li>\n<li>Grand affichage lumineux blanc sur fond noir<\/li>\n<li>14 langages disponibles : Fran\u00e7ais, Anglais Allemand , Italien Espagnol , Danois , Portugais, Su\u00e9dois, Norv\u00e9gien, Finnois, Polonais, Tch\u00e8que et Hongrois<\/li>\n<li>Fonctionne avec adaptateur secteur (inclus)<\/li>\n<li>Sauvegarde par 3 piles de type AA (non incluses)<\/li>\n<li>R\u00e9glage automatique de l\u2019heure par le syst\u00e8me europ\u00e9en DCF77 ou MSF<\/li>\n<li>Fixation murale ou sur pied<\/li>\n<li>Dimensions : 270 x 185 x 26 mm<\/li>\n<li>Poids : 700 g<\/li>\n<li>Couleur disponible : blanc<\/li>\n<\/ul>\n<p>&nbsp;<\/p>\n<div id=\"threesixty-slider-7642_OI95h7\" class=\"threesixty-loading threesixty-image threesixty-dark-blue threesixty-vintage threesixty-no-border\" style=\"width: 800px;\">\r\n\t<div class=\"threesixty-preview-7642_OI95h7\"><img class=\"threesixty-preview-image\" src=\"https:\/\/geemarc.com\/fr\/wp-content\/uploads\/sites\/3\/2020\/06\/DSC_0892-copie-6.jpg\"\/><\/div>\r\n\t<div class=\"threesixty-spinner threesixty-spinner-7642_OI95h7\">\r\n\t\t<span>0%<\/span>\r\n\t<\/div>\r\n\t<ol class=\"threesixty-images threesixty-images-7642_OI95h7\"><\/ol>\r\n\t\t\t<a href=\"#threesixty-slider-7642_OI95h7\" class=\"threesixty-mfp-anchor\"><\/a>\r\n\t<\/div>\r\n<!--SPV--><script type=\"text\/javascript\">\/\/SPV\r\n(function($) {\r\n\t\t$('#threesixty-slider-7642_OI95h7 .threesixty-mfp-anchor').magnificPopup({\r\n\t\ttype:'inline',\r\n\t\tcloseOnBgClick: true,\r\n\t\tmidClick: true,\r\n\t\t\/\/removalDelay: 300,\r\n  \t\t\/\/mainClass: 'mfp-fade',\r\n\t\tcallbacks: {\r\n\t\t\t resize: function() {\r\n\t\t\t \tvar originalHeight \t= 630,\r\n\t\t\t \t\toriginalWidth \t= 800,\r\n\t\t\t \t\tmfpHeight \t\t= 630,\r\n\t\t\t \t\tmfpWidth \t\t= 800,\r\n\t\t\t \t\tratio \t\t\t= originalWidth \/ originalHeight,\r\n\t\t\t \t\twinHeight \t\t= $(window).height(),\r\n\t\t\t \t\twinWidth \t\t= $(window).width();\r\n\t\t\t \t\r\n\t\t\t \tif ( originalHeight > winHeight * 0.9 ) {\r\n\t\t\t \t\tmfpHeight \t\t= winHeight * 0.9;\r\n\t\t\t \t\tmfpWidth \t\t= mfpHeight * ratio;\r\n\t\t\t\t}\r\n\t\t\t\tif ( mfpWidth > winWidth * 0.9 ) {\r\n\t\t\t \t\tmfpWidth \t\t= winWidth * 0.9;\r\n\t\t\t \t\tmfpHeight \t\t= mfpWidth \/ ratio;\r\n\t\t\t\t}\r\n\t\t\t \tif ( mfpHeight < originalHeight && mfpWidth < originalWidth ) {\r\n\t\t\t\t    $('#threesixty-slider-7642_OI95h7').height(mfpHeight);\r\n\t\t\t\t    $('#threesixty-slider-7642_OI95h7').width(mfpWidth);\r\n\t\t\t\t} \r\n\t\t\t\telse {\r\n\t\t\t\t    $('#threesixty-slider-7642_OI95h7').height(originalHeight);\r\n\t\t\t\t    $('#threesixty-slider-7642_OI95h7').width(originalWidth);\r\n\t\t\t\t}\r\n\t\t\t},\r\n\t\t\tclose: function() {\r\n\t\t\t    $('#threesixty-slider-7642_OI95h7').height('auto');\r\n\t\t\t    $('#threesixty-slider-7642_OI95h7').width(800);\r\n\t\t\t}\r\n\t\t},\r\n\t\tcloseMarkup :\"<button class=\\\"mfp-close\\\"><\/button>\"\r\n\t});\r\n\t\tvar product_7642_OI95h7 = $('#threesixty-slider-7642_OI95h7').ThreeSixty({\r\n\t\ttotalFrames: 36,\r\n\t\tendFrame: 0,\r\n\t\tcurrentFrame: 36,\r\n\t\timgList: '.threesixty-images-7642_OI95h7',\r\n\t\tprogress: '.threesixty-spinner-7642_OI95h7',\r\n\t\tpreview: '.threesixty-preview-7642_OI95h7',\r\n\t\timages: ['https:\/\/geemarc.com\/fr\/wp-content\/uploads\/sites\/3\/2020\/06\/DSC_0891-copie-5.jpg','https:\/\/geemarc.com\/fr\/wp-content\/uploads\/sites\/3\/2020\/06\/DSC_0890-copie-5.jpg','https:\/\/geemarc.com\/fr\/wp-content\/uploads\/sites\/3\/2020\/06\/DSC_0925-copie-6.jpg','https:\/\/geemarc.com\/fr\/wp-content\/uploads\/sites\/3\/2020\/06\/DSC_0924-copie-6.jpg','https:\/\/geemarc.com\/fr\/wp-content\/uploads\/sites\/3\/2020\/06\/DSC_0923-copie-6.jpg','https:\/\/geemarc.com\/fr\/wp-content\/uploads\/sites\/3\/2020\/06\/DSC_0922-copie-6.jpg','https:\/\/geemarc.com\/fr\/wp-content\/uploads\/sites\/3\/2020\/06\/DSC_0921-copie-6.jpg','https:\/\/geemarc.com\/fr\/wp-content\/uploads\/sites\/3\/2020\/06\/DSC_0920-copie-6.jpg','https:\/\/geemarc.com\/fr\/wp-content\/uploads\/sites\/3\/2020\/06\/DSC_0919-copie-6.jpg','https:\/\/geemarc.com\/fr\/wp-content\/uploads\/sites\/3\/2020\/06\/DSC_0918-copie-6.jpg','https:\/\/geemarc.com\/fr\/wp-content\/uploads\/sites\/3\/2020\/06\/DSC_0917-copie-6.jpg','https:\/\/geemarc.com\/fr\/wp-content\/uploads\/sites\/3\/2020\/06\/DSC_0916-copie-6.jpg','https:\/\/geemarc.com\/fr\/wp-content\/uploads\/sites\/3\/2020\/06\/DSC_0915-copie-6.jpg','https:\/\/geemarc.com\/fr\/wp-content\/uploads\/sites\/3\/2020\/06\/DSC_0914-copie-6.jpg','https:\/\/geemarc.com\/fr\/wp-content\/uploads\/sites\/3\/2020\/06\/DSC_0913-copie-6.jpg','https:\/\/geemarc.com\/fr\/wp-content\/uploads\/sites\/3\/2020\/06\/DSC_0912-copie-6.jpg','https:\/\/geemarc.com\/fr\/wp-content\/uploads\/sites\/3\/2020\/06\/DSC_0911-copie-6.jpg','https:\/\/geemarc.com\/fr\/wp-content\/uploads\/sites\/3\/2020\/06\/DSC_0910-copie-6.jpg','https:\/\/geemarc.com\/fr\/wp-content\/uploads\/sites\/3\/2020\/06\/DSC_0909-copie-6.jpg','https:\/\/geemarc.com\/fr\/wp-content\/uploads\/sites\/3\/2020\/06\/DSC_0908-copie-6.jpg','https:\/\/geemarc.com\/fr\/wp-content\/uploads\/sites\/3\/2020\/06\/DSC_0907-copie-6.jpg','https:\/\/geemarc.com\/fr\/wp-content\/uploads\/sites\/3\/2020\/06\/DSC_0906-copie-6.jpg','https:\/\/geemarc.com\/fr\/wp-content\/uploads\/sites\/3\/2020\/06\/DSC_0905-copie-6.jpg','https:\/\/geemarc.com\/fr\/wp-content\/uploads\/sites\/3\/2020\/06\/DSC_0904-copie-6.jpg','https:\/\/geemarc.com\/fr\/wp-content\/uploads\/sites\/3\/2020\/06\/DSC_0903-copie-6.jpg','https:\/\/geemarc.com\/fr\/wp-content\/uploads\/sites\/3\/2020\/06\/DSC_0902-copie-6.jpg','https:\/\/geemarc.com\/fr\/wp-content\/uploads\/sites\/3\/2020\/06\/DSC_0901-copie-6.jpg','https:\/\/geemarc.com\/fr\/wp-content\/uploads\/sites\/3\/2020\/06\/DSC_0900-copie-6.jpg','https:\/\/geemarc.com\/fr\/wp-content\/uploads\/sites\/3\/2020\/06\/DSC_0899-copie-6.jpg','https:\/\/geemarc.com\/fr\/wp-content\/uploads\/sites\/3\/2020\/06\/DSC_0898-copie-6.jpg','https:\/\/geemarc.com\/fr\/wp-content\/uploads\/sites\/3\/2020\/06\/DSC_0897-copie-6.jpg','https:\/\/geemarc.com\/fr\/wp-content\/uploads\/sites\/3\/2020\/06\/DSC_0896-copie-6.jpg','https:\/\/geemarc.com\/fr\/wp-content\/uploads\/sites\/3\/2020\/06\/DSC_0895-copie-6.jpg','https:\/\/geemarc.com\/fr\/wp-content\/uploads\/sites\/3\/2020\/06\/DSC_0894-copie-6.jpg','https:\/\/geemarc.com\/fr\/wp-content\/uploads\/sites\/3\/2020\/06\/DSC_0893-copie-6.jpg','https:\/\/geemarc.com\/fr\/wp-content\/uploads\/sites\/3\/2020\/06\/DSC_0892-copie-6.jpg'],\r\n\t\theight: 0,\r\n\t\twidth: 800,\r\n\t\tnavigation: true,\r\n\t\tdrag: true,\r\n\t\tshowCursor: true,\r\n\t\tinterval: 120,\r\n\t\tspeedMultiplier: 3,\r\n\t\t\t\tstartAutoplay: true,\r\n\t\t\t\tonReady: function() {\r\n\t\t\t$(\"#threesixty-slider-7642_OI95h7\").removeClass('threesixty-loading');\r\n\t\t\t\t\t\tproduct_7642_OI95h7.play();\r\n\t\t\t\t\t\t\t\t}\r\n\t\t\t});\r\n\t\t\t}(jQuery));\r\n<\/script>\n","protected":false},"excerpt":{"rendered":"<p>Horloge num\u00e9rique avec affichage de la date et 4 diff\u00e9rents niveaux de luminosit\u00e9<\/p>\n","protected":false},"featured_media":7378,"template":"","meta":[],"product_cat":[139],"product_tag":[],"yoast_head":"<!-- This site is optimized with the Yoast SEO plugin v16.9 - https:\/\/yoast.com\/wordpress\/plugins\/seo\/ -->\n<title>VISO 15 - Geemarc France<\/title>\n<meta name=\"robots\" content=\"index, follow, max-snippet:-1, max-image-preview:large, max-video-preview:-1\" \/>\n<link rel=\"canonical\" href=\"https:\/\/geemarc.com\/fr\/product\/viso-15\/\" \/>\n<meta property=\"og:locale\" content=\"fr_FR\" \/>\n<meta property=\"og:type\" content=\"article\" \/>\n<meta property=\"og:title\" content=\"VISO 15 - Geemarc France\" \/>\n<meta property=\"og:description\" content=\"Horloge num\u00e9rique avec affichage de la date et 4 diff\u00e9rents niveaux de luminosit\u00e9\" \/>\n<meta property=\"og:url\" content=\"https:\/\/geemarc.com\/fr\/product\/viso-15\/\" \/>\n<meta property=\"og:site_name\" content=\"Geemarc France\" \/>\n<meta property=\"article:modified_time\" content=\"2023-02-01T08:42:19+00:00\" \/>\n<meta property=\"og:image\" content=\"https:\/\/geemarc.com\/fr\/wp-content\/uploads\/sites\/3\/2020\/06\/VISO-15_FR_1-dsp.1.jpg\" \/>\n\t<meta property=\"og:image:width\" content=\"3008\" \/>\n\t<meta property=\"og:image:height\" content=\"2000\" \/>\n<meta name=\"twitter:card\" content=\"summary_large_image\" \/>\n<meta name=\"twitter:label1\" content=\"Dur\u00e9e de lecture est.\" \/>\n\t<meta name=\"twitter:data1\" content=\"1 minute\" \/>\n<script type=\"application\/ld+json\" class=\"yoast-schema-graph\">{\"@context\":\"https:\/\/schema.org\",\"@graph\":[{\"@type\":\"WebSite\",\"@id\":\"https:\/\/geemarc.com\/fr\/#website\",\"url\":\"https:\/\/geemarc.com\/fr\/\",\"name\":\"Geemarc France\",\"description\":\"\",\"potentialAction\":[{\"@type\":\"SearchAction\",\"target\":{\"@type\":\"EntryPoint\",\"urlTemplate\":\"https:\/\/geemarc.com\/fr\/?s={search_term_string}\"},\"query-input\":\"required name=search_term_string\"}],\"inLanguage\":\"fr-FR\"},{\"@type\":\"ImageObject\",\"@id\":\"https:\/\/geemarc.com\/fr\/product\/viso-15\/#primaryimage\",\"inLanguage\":\"fr-FR\",\"url\":\"https:\/\/geemarc.com\/fr\/wp-content\/uploads\/sites\/3\/2020\/06\/VISO-15_FR_1-dsp.1.jpg\",\"contentUrl\":\"https:\/\/geemarc.com\/fr\/wp-content\/uploads\/sites\/3\/2020\/06\/VISO-15_FR_1-dsp.1.jpg\",\"width\":3008,\"height\":2000},{\"@type\":\"WebPage\",\"@id\":\"https:\/\/geemarc.com\/fr\/product\/viso-15\/#webpage\",\"url\":\"https:\/\/geemarc.com\/fr\/product\/viso-15\/\",\"name\":\"VISO 15 - Geemarc France\",\"isPartOf\":{\"@id\":\"https:\/\/geemarc.com\/fr\/#website\"},\"primaryImageOfPage\":{\"@id\":\"https:\/\/geemarc.com\/fr\/product\/viso-15\/#primaryimage\"},\"datePublished\":\"2020-06-05T10:58:19+00:00\",\"dateModified\":\"2023-02-01T08:42:19+00:00\",\"breadcrumb\":{\"@id\":\"https:\/\/geemarc.com\/fr\/product\/viso-15\/#breadcrumb\"},\"inLanguage\":\"fr-FR\",\"potentialAction\":[{\"@type\":\"ReadAction\",\"target\":[\"https:\/\/geemarc.com\/fr\/product\/viso-15\/\"]}]},{\"@type\":\"BreadcrumbList\",\"@id\":\"https:\/\/geemarc.com\/fr\/product\/viso-15\/#breadcrumb\",\"itemListElement\":[{\"@type\":\"ListItem\",\"position\":1,\"name\":\"Home\",\"item\":\"https:\/\/geemarc.com\/fr\/\"},{\"@type\":\"ListItem\",\"position\":2,\"name\":\"Shop\",\"item\":\"https:\/\/geemarc.com\/fr\/shop\/\"},{\"@type\":\"ListItem\",\"position\":3,\"name\":\"VISO 15\"}]}]}<\/script>\n<!-- \/ Yoast SEO plugin. -->","yoast_head_json":{"title":"VISO 15 - Geemarc France","robots":{"index":"index","follow":"follow","max-snippet":"max-snippet:-1","max-image-preview":"max-image-preview:large","max-video-preview":"max-video-preview:-1"},"canonical":"https:\/\/geemarc.com\/fr\/product\/viso-15\/","og_locale":"fr_FR","og_type":"article","og_title":"VISO 15 - Geemarc France","og_description":"Horloge num\u00e9rique avec affichage de la date et 4 diff\u00e9rents niveaux de luminosit\u00e9","og_url":"https:\/\/geemarc.com\/fr\/product\/viso-15\/","og_site_name":"Geemarc France","article_modified_time":"2023-02-01T08:42:19+00:00","og_image":[{"width":3008,"height":2000,"url":"https:\/\/geemarc.com\/fr\/wp-content\/uploads\/sites\/3\/2020\/06\/VISO-15_FR_1-dsp.1.jpg","path":"\/home\/g\/e\/geemarcwp\/public_html\/wp-content\/uploads\/sites\/3\/2020\/06\/VISO-15_FR_1-dsp.1.jpg","size":"full","id":7378,"alt":"","pixels":6016000,"type":"image\/jpeg"}],"twitter_card":"summary_large_image","twitter_misc":{"Dur\u00e9e de lecture est.":"1 minute"},"schema":{"@context":"https:\/\/schema.org","@graph":[{"@type":"WebSite","@id":"https:\/\/geemarc.com\/fr\/#website","url":"https:\/\/geemarc.com\/fr\/","name":"Geemarc France","description":"","potentialAction":[{"@type":"SearchAction","target":{"@type":"EntryPoint","urlTemplate":"https:\/\/geemarc.com\/fr\/?s={search_term_string}"},"query-input":"required name=search_term_string"}],"inLanguage":"fr-FR"},{"@type":"ImageObject","@id":"https:\/\/geemarc.com\/fr\/product\/viso-15\/#primaryimage","inLanguage":"fr-FR","url":"https:\/\/geemarc.com\/fr\/wp-content\/uploads\/sites\/3\/2020\/06\/VISO-15_FR_1-dsp.1.jpg","contentUrl":"https:\/\/geemarc.com\/fr\/wp-content\/uploads\/sites\/3\/2020\/06\/VISO-15_FR_1-dsp.1.jpg","width":3008,"height":2000},{"@type":"WebPage","@id":"https:\/\/geemarc.com\/fr\/product\/viso-15\/#webpage","url":"https:\/\/geemarc.com\/fr\/product\/viso-15\/","name":"VISO 15 - Geemarc France","isPartOf":{"@id":"https:\/\/geemarc.com\/fr\/#website"},"primaryImageOfPage":{"@id":"https:\/\/geemarc.com\/fr\/product\/viso-15\/#primaryimage"},"datePublished":"2020-06-05T10:58:19+00:00","dateModified":"2023-02-01T08:42:19+00:00","breadcrumb":{"@id":"https:\/\/geemarc.com\/fr\/product\/viso-15\/#breadcrumb"},"inLanguage":"fr-FR","potentialAction":[{"@type":"ReadAction","target":["https:\/\/geemarc.com\/fr\/product\/viso-15\/"]}]},{"@type":"BreadcrumbList","@id":"https:\/\/geemarc.com\/fr\/product\/viso-15\/#breadcrumb","itemListElement":[{"@type":"ListItem","position":1,"name":"Home","item":"https:\/\/geemarc.com\/fr\/"},{"@type":"ListItem","position":2,"name":"Shop","item":"https:\/\/geemarc.com\/fr\/shop\/"},{"@type":"ListItem","position":3,"name":"VISO 15"}]}]}},"acf":[],"_links":{"self":[{"href":"https:\/\/geemarc.com\/fr\/wp-json\/wp\/v2\/product\/7363"}],"collection":[{"href":"https:\/\/geemarc.com\/fr\/wp-json\/wp\/v2\/product"}],"about":[{"href":"https:\/\/geemarc.com\/fr\/wp-json\/wp\/v2\/types\/product"}],"wp:featuredmedia":[{"embeddable":true,"href":"https:\/\/geemarc.com\/fr\/wp-json\/wp\/v2\/media\/7378"}],"wp:attachment":[{"href":"https:\/\/geemarc.com\/fr\/wp-json\/wp\/v2\/media?parent=7363"}],"wp:term":[{"taxonomy":"product_cat","embeddable":true,"href":"https:\/\/geemarc.com\/fr\/wp-json\/wp\/v2\/product_cat?post=7363"},{"taxonomy":"product_tag","embeddable":true,"href":"https:\/\/geemarc.com\/fr\/wp-json\/wp\/v2\/product_tag?post=7363"}],"curies":[{"name":"wp","href":"https:\/\/api.w.org\/{rel}","templated":true}]}}