{"id":7876,"date":"2020-10-13T08:49:04","date_gmt":"2020-10-13T08:49:04","guid":{"rendered":"http:\/\/geemarc.com\/fr\/?post_type=product&#038;p=7876"},"modified":"2023-07-20T13:00:55","modified_gmt":"2023-07-20T13:00:55","slug":"amplidect595-2-u-l-e","status":"publish","type":"product","link":"https:\/\/geemarc.com\/fr\/product\/amplidect595-2-u-l-e\/","title":{"rendered":"AMPLIDECT595-2 U.L.E"},"content":{"rendered":"<p>APPELER\/REPONDRE<\/p>\n<ul>\n<li>Combin\u00e9 ergonomique facilitant l\u2019utilisation avec larges touches r\u00e9tro \u00e9clair\u00e9es<\/li>\n<li>R\u00e9glage du volume de r\u00e9ception jusqu\u2019\u00e0 50dB (Mode Ampli)<\/li>\n<li>R\u00e9glage tonalit\u00e9 de r\u00e9ception (Grave \/ Normal \/ Aigu)<\/li>\n<li>Compatible appareil auditif<\/li>\n<li>Mains libres sur le combin\u00e9<\/li>\n<li>R\u00e9glage volume du haut-parleur<\/li>\n<li>9 m\u00e9moires directes sur le combin\u00e9 : possibilit\u00e9 d\u2019enregistrer des num\u00e9ros sur les 9 touches du pav\u00e9 num\u00e9rique (de 1 \u00e0 9)<\/li>\n<li>R\u00e9pertoire (50 fiches : noms et num\u00e9ros)<\/li>\n<li>M\u00e9moire VIP : autorise les appels entrants venant uniquement des num\u00e9ros enregistr\u00e9s dans le r\u00e9pertoire VIP (jusqu\u2019\u00e0 50 num\u00e9ros) lorsque la fonction \u00ab Blocage d\u2019appels \u00bb est activ\u00e9e<\/li>\n<li>Touche d\u2019acc\u00e8s rapide au r\u00e9pertoire et au menu sur le combin\u00e9<\/li>\n<li>Rappel des 10 derniers num\u00e9ros compos\u00e9s<\/li>\n<li>Touche R r\u00e9glable(100ms\/300ms\/600ms)<\/li>\n<li>Fonction appel d\u2019urgence (bouton SOS) :<br \/>\no Possibilit\u00e9 d\u2019enregistrer jusqu\u2019\u00e0 4 num\u00e9ros d\u2019urgence<br \/>\no Message d\u2019urgence personnalisable ou texte existant en 4 langues (Anglais, Fran\u00e7ais, Allemand et N\u00e9erlandais)<br \/>\no Conversation en mode mains libres lorsqu\u2019un des 4 destinataires valide l\u2019appel SOS<\/li>\n<li>Avec le DOORBELL 595 U.L.E : possibilit\u00e9 de transf\u00e9rer la communication sur votre mobile ou un autre t\u00e9l\u00e9phone fixe. Ainsi vous pouvez converser avec la personne situ\u00e9e \u00e0 votre porte quand vous n\u2019\u00eates pas \u00e0 votre domicile.<\/li>\n<\/ul>\n<p>&nbsp;<\/p>\n<div id=\"threesixty-slider-7929_HqS4Uz\" class=\"threesixty-loading threesixty-image threesixty-dark-blue threesixty-vintage threesixty-no-border\" style=\"width: 2174px;\">\r\n\t<div class=\"threesixty-preview-7929_HqS4Uz\"><img class=\"threesixty-preview-image\" src=\"https:\/\/geemarc.com\/fr\/wp-content\/uploads\/sites\/3\/2020\/11\/DSC_0891.jpg\"\/><\/div>\r\n\t<div class=\"threesixty-spinner threesixty-spinner-7929_HqS4Uz\">\r\n\t\t<span>0%<\/span>\r\n\t<\/div>\r\n\t<ol class=\"threesixty-images threesixty-images-7929_HqS4Uz\"><\/ol>\r\n\t\t\t<a href=\"#threesixty-slider-7929_HqS4Uz\" class=\"threesixty-mfp-anchor\"><\/a>\r\n\t<\/div>\r\n<!--SPV--><script type=\"text\/javascript\">\/\/SPV\r\n(function($) {\r\n\t\t$('#threesixty-slider-7929_HqS4Uz .threesixty-mfp-anchor').magnificPopup({\r\n\t\ttype:'inline',\r\n\t\tcloseOnBgClick: true,\r\n\t\tmidClick: true,\r\n\t\t\/\/removalDelay: 300,\r\n  \t\t\/\/mainClass: 'mfp-fade',\r\n\t\tcallbacks: {\r\n\t\t\t resize: function() {\r\n\t\t\t \tvar originalHeight \t= 2000,\r\n\t\t\t \t\toriginalWidth \t= 2174,\r\n\t\t\t \t\tmfpHeight \t\t= 2000,\r\n\t\t\t \t\tmfpWidth \t\t= 2174,\r\n\t\t\t \t\tratio \t\t\t= originalWidth \/ originalHeight,\r\n\t\t\t \t\twinHeight \t\t= $(window).height(),\r\n\t\t\t \t\twinWidth \t\t= $(window).width();\r\n\t\t\t \t\r\n\t\t\t \tif ( originalHeight > winHeight * 0.9 ) {\r\n\t\t\t \t\tmfpHeight \t\t= winHeight * 0.9;\r\n\t\t\t \t\tmfpWidth \t\t= mfpHeight * ratio;\r\n\t\t\t\t}\r\n\t\t\t\tif ( mfpWidth > winWidth * 0.9 ) {\r\n\t\t\t \t\tmfpWidth \t\t= winWidth * 0.9;\r\n\t\t\t \t\tmfpHeight \t\t= mfpWidth \/ ratio;\r\n\t\t\t\t}\r\n\t\t\t \tif ( mfpHeight < originalHeight && mfpWidth < originalWidth ) {\r\n\t\t\t\t    $('#threesixty-slider-7929_HqS4Uz').height(mfpHeight);\r\n\t\t\t\t    $('#threesixty-slider-7929_HqS4Uz').width(mfpWidth);\r\n\t\t\t\t} \r\n\t\t\t\telse {\r\n\t\t\t\t    $('#threesixty-slider-7929_HqS4Uz').height(originalHeight);\r\n\t\t\t\t    $('#threesixty-slider-7929_HqS4Uz').width(originalWidth);\r\n\t\t\t\t}\r\n\t\t\t},\r\n\t\t\tclose: function() {\r\n\t\t\t    $('#threesixty-slider-7929_HqS4Uz').height('auto');\r\n\t\t\t    $('#threesixty-slider-7929_HqS4Uz').width(2174);\r\n\t\t\t}\r\n\t\t},\r\n\t\tcloseMarkup :\"<button class=\\\"mfp-close\\\"><\/button>\"\r\n\t});\r\n\t\tvar product_7929_HqS4Uz = $('#threesixty-slider-7929_HqS4Uz').ThreeSixty({\r\n\t\ttotalFrames: 36,\r\n\t\tendFrame: 0,\r\n\t\tcurrentFrame: 36,\r\n\t\timgList: '.threesixty-images-7929_HqS4Uz',\r\n\t\tprogress: '.threesixty-spinner-7929_HqS4Uz',\r\n\t\tpreview: '.threesixty-preview-7929_HqS4Uz',\r\n\t\timages: ['https:\/\/geemarc.com\/fr\/wp-content\/uploads\/sites\/3\/2020\/11\/DSC_0926.jpg','https:\/\/geemarc.com\/fr\/wp-content\/uploads\/sites\/3\/2020\/11\/DSC_0925.jpg','https:\/\/geemarc.com\/fr\/wp-content\/uploads\/sites\/3\/2020\/11\/DSC_0924.jpg','https:\/\/geemarc.com\/fr\/wp-content\/uploads\/sites\/3\/2020\/11\/DSC_0923.jpg','https:\/\/geemarc.com\/fr\/wp-content\/uploads\/sites\/3\/2020\/11\/DSC_0922.jpg','https:\/\/geemarc.com\/fr\/wp-content\/uploads\/sites\/3\/2020\/11\/DSC_0921.jpg','https:\/\/geemarc.com\/fr\/wp-content\/uploads\/sites\/3\/2020\/11\/DSC_0920.jpg','https:\/\/geemarc.com\/fr\/wp-content\/uploads\/sites\/3\/2020\/11\/DSC_0919.jpg','https:\/\/geemarc.com\/fr\/wp-content\/uploads\/sites\/3\/2020\/11\/DSC_0918.jpg','https:\/\/geemarc.com\/fr\/wp-content\/uploads\/sites\/3\/2020\/11\/DSC_0917.jpg','https:\/\/geemarc.com\/fr\/wp-content\/uploads\/sites\/3\/2020\/11\/DSC_0916.jpg','https:\/\/geemarc.com\/fr\/wp-content\/uploads\/sites\/3\/2020\/11\/DSC_0915.jpg','https:\/\/geemarc.com\/fr\/wp-content\/uploads\/sites\/3\/2020\/11\/DSC_0914.jpg','https:\/\/geemarc.com\/fr\/wp-content\/uploads\/sites\/3\/2020\/11\/DSC_0913.jpg','https:\/\/geemarc.com\/fr\/wp-content\/uploads\/sites\/3\/2020\/11\/DSC_0912.jpg','https:\/\/geemarc.com\/fr\/wp-content\/uploads\/sites\/3\/2020\/11\/DSC_0911.jpg','https:\/\/geemarc.com\/fr\/wp-content\/uploads\/sites\/3\/2020\/11\/DSC_0910.jpg','https:\/\/geemarc.com\/fr\/wp-content\/uploads\/sites\/3\/2020\/11\/DSC_0909.jpg','https:\/\/geemarc.com\/fr\/wp-content\/uploads\/sites\/3\/2020\/11\/DSC_0908.jpg','https:\/\/geemarc.com\/fr\/wp-content\/uploads\/sites\/3\/2020\/11\/DSC_0907.jpg','https:\/\/geemarc.com\/fr\/wp-content\/uploads\/sites\/3\/2020\/11\/DSC_0906.jpg','https:\/\/geemarc.com\/fr\/wp-content\/uploads\/sites\/3\/2020\/11\/DSC_0905.jpg','https:\/\/geemarc.com\/fr\/wp-content\/uploads\/sites\/3\/2020\/11\/DSC_0904.jpg','https:\/\/geemarc.com\/fr\/wp-content\/uploads\/sites\/3\/2020\/11\/DSC_0903.jpg','https:\/\/geemarc.com\/fr\/wp-content\/uploads\/sites\/3\/2020\/11\/DSC_0902.jpg','https:\/\/geemarc.com\/fr\/wp-content\/uploads\/sites\/3\/2020\/11\/DSC_0901.jpg','https:\/\/geemarc.com\/fr\/wp-content\/uploads\/sites\/3\/2020\/11\/DSC_0900.jpg','https:\/\/geemarc.com\/fr\/wp-content\/uploads\/sites\/3\/2020\/11\/DSC_0899.jpg','https:\/\/geemarc.com\/fr\/wp-content\/uploads\/sites\/3\/2020\/11\/DSC_0898.jpg','https:\/\/geemarc.com\/fr\/wp-content\/uploads\/sites\/3\/2020\/11\/DSC_0897.jpg','https:\/\/geemarc.com\/fr\/wp-content\/uploads\/sites\/3\/2020\/11\/DSC_0896.jpg','https:\/\/geemarc.com\/fr\/wp-content\/uploads\/sites\/3\/2020\/11\/DSC_0895.jpg','https:\/\/geemarc.com\/fr\/wp-content\/uploads\/sites\/3\/2020\/11\/DSC_0894.jpg','https:\/\/geemarc.com\/fr\/wp-content\/uploads\/sites\/3\/2020\/11\/DSC_0893.jpg','https:\/\/geemarc.com\/fr\/wp-content\/uploads\/sites\/3\/2020\/11\/DSC_0892.jpg','https:\/\/geemarc.com\/fr\/wp-content\/uploads\/sites\/3\/2020\/11\/DSC_0891.jpg'],\r\n\t\theight: 0,\r\n\t\twidth: 2174,\r\n\t\tnavigation: true,\r\n\t\tdrag: true,\r\n\t\tshowCursor: true,\r\n\t\tinterval: 120,\r\n\t\tspeedMultiplier: 3,\r\n\t\t\t\tstartAutoplay: true,\r\n\t\t\t\tonReady: function() {\r\n\t\t\t$(\"#threesixty-slider-7929_HqS4Uz\").removeClass('threesixty-loading');\r\n\t\t\t\t\t\tproduct_7929_HqS4Uz.play();\r\n\t\t\t\t\t\t\t\t}\r\n\t\t\t});\r\n\t\t\t}(jQuery));\r\n<\/script>\n","protected":false},"excerpt":{"rendered":"<p>T\u00e9l\u00e9phone amplifi\u00e9 num\u00e9rique sans fil avec fonction interphone + un combin\u00e9 additionnel sans fil<\/p>\n","protected":false},"featured_media":7878,"template":"","meta":[],"product_cat":[130],"product_tag":[],"yoast_head":"<!-- This site is optimized with the Yoast SEO plugin v16.9 - https:\/\/yoast.com\/wordpress\/plugins\/seo\/ -->\n<title>AMPLIDECT595-2 U.L.E - Geemarc France<\/title>\n<meta name=\"robots\" content=\"index, follow, max-snippet:-1, max-image-preview:large, max-video-preview:-1\" \/>\n<link rel=\"canonical\" href=\"https:\/\/geemarc.com\/fr\/product\/amplidect595-2-u-l-e\/\" \/>\n<meta property=\"og:locale\" content=\"fr_FR\" \/>\n<meta property=\"og:type\" content=\"article\" \/>\n<meta property=\"og:title\" content=\"AMPLIDECT595-2 U.L.E - Geemarc France\" \/>\n<meta property=\"og:description\" content=\"T\u00e9l\u00e9phone amplifi\u00e9 num\u00e9rique sans fil avec fonction interphone + un combin\u00e9 additionnel sans fil\" \/>\n<meta property=\"og:url\" content=\"https:\/\/geemarc.com\/fr\/product\/amplidect595-2-u-l-e\/\" \/>\n<meta property=\"og:site_name\" content=\"Geemarc France\" \/>\n<meta property=\"article:modified_time\" content=\"2023-07-20T13:00:55+00:00\" \/>\n<meta property=\"og:image\" content=\"https:\/\/geemarc.com\/fr\/wp-content\/uploads\/sites\/3\/2020\/10\/AmpliDect595-U.L.E_1.2.1.jpg\" \/>\n\t<meta property=\"og:image:width\" content=\"2372\" \/>\n\t<meta property=\"og:image:height\" content=\"2234\" \/>\n<meta name=\"twitter:card\" content=\"summary_large_image\" \/>\n<meta name=\"twitter:label1\" content=\"Dur\u00e9e de lecture est.\" \/>\n\t<meta name=\"twitter:data1\" content=\"1 minute\" \/>\n<script type=\"application\/ld+json\" class=\"yoast-schema-graph\">{\"@context\":\"https:\/\/schema.org\",\"@graph\":[{\"@type\":\"WebSite\",\"@id\":\"https:\/\/geemarc.com\/fr\/#website\",\"url\":\"https:\/\/geemarc.com\/fr\/\",\"name\":\"Geemarc France\",\"description\":\"\",\"potentialAction\":[{\"@type\":\"SearchAction\",\"target\":{\"@type\":\"EntryPoint\",\"urlTemplate\":\"https:\/\/geemarc.com\/fr\/?s={search_term_string}\"},\"query-input\":\"required name=search_term_string\"}],\"inLanguage\":\"fr-FR\"},{\"@type\":\"ImageObject\",\"@id\":\"https:\/\/geemarc.com\/fr\/product\/amplidect595-2-u-l-e\/#primaryimage\",\"inLanguage\":\"fr-FR\",\"url\":\"https:\/\/geemarc.com\/fr\/wp-content\/uploads\/sites\/3\/2020\/10\/AmpliDect595-U.L.E_1.2.1.jpg\",\"contentUrl\":\"https:\/\/geemarc.com\/fr\/wp-content\/uploads\/sites\/3\/2020\/10\/AmpliDect595-U.L.E_1.2.1.jpg\",\"width\":2372,\"height\":2234},{\"@type\":\"WebPage\",\"@id\":\"https:\/\/geemarc.com\/fr\/product\/amplidect595-2-u-l-e\/#webpage\",\"url\":\"https:\/\/geemarc.com\/fr\/product\/amplidect595-2-u-l-e\/\",\"name\":\"AMPLIDECT595-2 U.L.E - Geemarc France\",\"isPartOf\":{\"@id\":\"https:\/\/geemarc.com\/fr\/#website\"},\"primaryImageOfPage\":{\"@id\":\"https:\/\/geemarc.com\/fr\/product\/amplidect595-2-u-l-e\/#primaryimage\"},\"datePublished\":\"2020-10-13T08:49:04+00:00\",\"dateModified\":\"2023-07-20T13:00:55+00:00\",\"breadcrumb\":{\"@id\":\"https:\/\/geemarc.com\/fr\/product\/amplidect595-2-u-l-e\/#breadcrumb\"},\"inLanguage\":\"fr-FR\",\"potentialAction\":[{\"@type\":\"ReadAction\",\"target\":[\"https:\/\/geemarc.com\/fr\/product\/amplidect595-2-u-l-e\/\"]}]},{\"@type\":\"BreadcrumbList\",\"@id\":\"https:\/\/geemarc.com\/fr\/product\/amplidect595-2-u-l-e\/#breadcrumb\",\"itemListElement\":[{\"@type\":\"ListItem\",\"position\":1,\"name\":\"Home\",\"item\":\"https:\/\/geemarc.com\/fr\/\"},{\"@type\":\"ListItem\",\"position\":2,\"name\":\"Shop\",\"item\":\"https:\/\/geemarc.com\/fr\/shop\/\"},{\"@type\":\"ListItem\",\"position\":3,\"name\":\"AMPLIDECT595-2 U.L.E\"}]}]}<\/script>\n<!-- \/ Yoast SEO plugin. -->","yoast_head_json":{"title":"AMPLIDECT595-2 U.L.E - Geemarc France","robots":{"index":"index","follow":"follow","max-snippet":"max-snippet:-1","max-image-preview":"max-image-preview:large","max-video-preview":"max-video-preview:-1"},"canonical":"https:\/\/geemarc.com\/fr\/product\/amplidect595-2-u-l-e\/","og_locale":"fr_FR","og_type":"article","og_title":"AMPLIDECT595-2 U.L.E - Geemarc France","og_description":"T\u00e9l\u00e9phone amplifi\u00e9 num\u00e9rique sans fil avec fonction interphone + un combin\u00e9 additionnel sans fil","og_url":"https:\/\/geemarc.com\/fr\/product\/amplidect595-2-u-l-e\/","og_site_name":"Geemarc France","article_modified_time":"2023-07-20T13:00:55+00:00","og_image":[{"width":2372,"height":2234,"url":"https:\/\/geemarc.com\/fr\/wp-content\/uploads\/sites\/3\/2020\/10\/AmpliDect595-U.L.E_1.2.1.jpg","path":"\/home\/g\/e\/geemarcwp\/public_html\/wp-content\/uploads\/sites\/3\/2020\/10\/AmpliDect595-U.L.E_1.2.1.jpg","size":"full","id":7878,"alt":"","pixels":5299048,"type":"image\/jpeg"}],"twitter_card":"summary_large_image","twitter_misc":{"Dur\u00e9e de lecture est.":"1 minute"},"schema":{"@context":"https:\/\/schema.org","@graph":[{"@type":"WebSite","@id":"https:\/\/geemarc.com\/fr\/#website","url":"https:\/\/geemarc.com\/fr\/","name":"Geemarc France","description":"","potentialAction":[{"@type":"SearchAction","target":{"@type":"EntryPoint","urlTemplate":"https:\/\/geemarc.com\/fr\/?s={search_term_string}"},"query-input":"required name=search_term_string"}],"inLanguage":"fr-FR"},{"@type":"ImageObject","@id":"https:\/\/geemarc.com\/fr\/product\/amplidect595-2-u-l-e\/#primaryimage","inLanguage":"fr-FR","url":"https:\/\/geemarc.com\/fr\/wp-content\/uploads\/sites\/3\/2020\/10\/AmpliDect595-U.L.E_1.2.1.jpg","contentUrl":"https:\/\/geemarc.com\/fr\/wp-content\/uploads\/sites\/3\/2020\/10\/AmpliDect595-U.L.E_1.2.1.jpg","width":2372,"height":2234},{"@type":"WebPage","@id":"https:\/\/geemarc.com\/fr\/product\/amplidect595-2-u-l-e\/#webpage","url":"https:\/\/geemarc.com\/fr\/product\/amplidect595-2-u-l-e\/","name":"AMPLIDECT595-2 U.L.E - Geemarc France","isPartOf":{"@id":"https:\/\/geemarc.com\/fr\/#website"},"primaryImageOfPage":{"@id":"https:\/\/geemarc.com\/fr\/product\/amplidect595-2-u-l-e\/#primaryimage"},"datePublished":"2020-10-13T08:49:04+00:00","dateModified":"2023-07-20T13:00:55+00:00","breadcrumb":{"@id":"https:\/\/geemarc.com\/fr\/product\/amplidect595-2-u-l-e\/#breadcrumb"},"inLanguage":"fr-FR","potentialAction":[{"@type":"ReadAction","target":["https:\/\/geemarc.com\/fr\/product\/amplidect595-2-u-l-e\/"]}]},{"@type":"BreadcrumbList","@id":"https:\/\/geemarc.com\/fr\/product\/amplidect595-2-u-l-e\/#breadcrumb","itemListElement":[{"@type":"ListItem","position":1,"name":"Home","item":"https:\/\/geemarc.com\/fr\/"},{"@type":"ListItem","position":2,"name":"Shop","item":"https:\/\/geemarc.com\/fr\/shop\/"},{"@type":"ListItem","position":3,"name":"AMPLIDECT595-2 U.L.E"}]}]}},"acf":[],"_links":{"self":[{"href":"https:\/\/geemarc.com\/fr\/wp-json\/wp\/v2\/product\/7876"}],"collection":[{"href":"https:\/\/geemarc.com\/fr\/wp-json\/wp\/v2\/product"}],"about":[{"href":"https:\/\/geemarc.com\/fr\/wp-json\/wp\/v2\/types\/product"}],"wp:featuredmedia":[{"embeddable":true,"href":"https:\/\/geemarc.com\/fr\/wp-json\/wp\/v2\/media\/7878"}],"wp:attachment":[{"href":"https:\/\/geemarc.com\/fr\/wp-json\/wp\/v2\/media?parent=7876"}],"wp:term":[{"taxonomy":"product_cat","embeddable":true,"href":"https:\/\/geemarc.com\/fr\/wp-json\/wp\/v2\/product_cat?post=7876"},{"taxonomy":"product_tag","embeddable":true,"href":"https:\/\/geemarc.com\/fr\/wp-json\/wp\/v2\/product_tag?post=7876"}],"curies":[{"name":"wp","href":"https:\/\/api.w.org\/{rel}","templated":true}]}}