{"id":8766,"date":"2021-02-26T12:03:53","date_gmt":"2021-02-26T12:03:53","guid":{"rendered":"https:\/\/geemarc.com\/fr\/?post_type=product&#038;p=8766"},"modified":"2024-08-23T07:56:56","modified_gmt":"2024-08-23T07:56:56","slug":"loophear102-v2-lt-lh102-v2-lt","status":"publish","type":"product","link":"https:\/\/geemarc.com\/fr\/product\/loophear102-v2-lt-lh102-v2-lt\/","title":{"rendered":"LOOPHEAR102\u2122 V2 LT \u2013 LH102 V2 LT"},"content":{"rendered":"<p>Le LoopHEAR\u2122 est une boucle d\u2019induction mobile utilisable dans tous les lieux publics et professionnels.<\/p>\n<p>Il s\u2019adresse \u00e0 l\u2019ensemble des personnes malentendantes appareill\u00e9es ou non.<\/p>\n<p>Pour les personnes appareill\u00e9es, il g\u00e9n\u00e8re un champ \u00e9lectromagn\u00e9tique qui est capt\u00e9 par la proth\u00e8se auditive en position T.<\/p>\n<p>Il r\u00e9pond \u00e0 la norme EN60118-4.<\/p>\n<p>&nbsp;<\/p>\n<p><strong>CARACTERISTIQUES<\/strong><\/p>\n<ul>\n<li>Utilisation mobile ou fixe<\/li>\n<li>Indicateur du niveau du champ Magn\u00e9tique<\/li>\n<li>Microphone interne<\/li>\n<li>Entr\u00e9e jack 3.5mm pour connecter un \u00e9quipement audio (TV, MP3, ordinateur, etc.)<\/li>\n<li>Indicateur batterie faible ou mode charge<\/li>\n<li>Interrupteur On \/ Off<\/li>\n<li>Indicateur de niveau de sortie de la boucle<\/li>\n<li>R\u00e9glage du niveau d\u2019entr\u00e9e<\/li>\n<li>R\u00e9glage du courant de boucle<\/li>\n<li>R\u00e9glage de la tonalit\u00e9<\/li>\n<li>Possibilit\u00e9 de connecter une boucle externe pour couvrir une plus grande superficie<\/li>\n<li>Livr\u00e9 dans une bo\u00eete de transport<\/li>\n<\/ul>\n","protected":false},"excerpt":{"rendered":"<p>Boucle \u00e0 induction portative<\/p>\n","protected":false},"featured_media":8767,"template":"","meta":[],"product_cat":[153],"product_tag":[],"yoast_head":"<!-- This site is optimized with the Yoast SEO plugin v16.9 - https:\/\/yoast.com\/wordpress\/plugins\/seo\/ -->\n<title>LOOPHEAR102\u2122 V2 LT \u2013 LH102 V2 LT - Geemarc France<\/title>\n<meta name=\"robots\" content=\"index, follow, max-snippet:-1, max-image-preview:large, max-video-preview:-1\" \/>\n<link rel=\"canonical\" href=\"https:\/\/geemarc.com\/fr\/product\/loophear102-v2-lt-lh102-v2-lt\/\" \/>\n<meta property=\"og:locale\" content=\"fr_FR\" \/>\n<meta property=\"og:type\" content=\"article\" \/>\n<meta property=\"og:title\" content=\"LOOPHEAR102\u2122 V2 LT \u2013 LH102 V2 LT - Geemarc France\" \/>\n<meta property=\"og:description\" content=\"Boucle \u00e0 induction portative\" \/>\n<meta property=\"og:url\" content=\"https:\/\/geemarc.com\/fr\/product\/loophear102-v2-lt-lh102-v2-lt\/\" \/>\n<meta property=\"og:site_name\" content=\"Geemarc France\" \/>\n<meta property=\"article:modified_time\" content=\"2024-08-23T07:56:56+00:00\" \/>\n<meta property=\"og:image\" content=\"https:\/\/geemarc.com\/fr\/wp-content\/uploads\/sites\/3\/2021\/02\/LH102-V2-LT.jpg\" \/>\n\t<meta property=\"og:image:width\" content=\"2276\" \/>\n\t<meta property=\"og:image:height\" content=\"2216\" \/>\n<meta name=\"twitter:card\" content=\"summary_large_image\" \/>\n<meta name=\"twitter:label1\" content=\"Dur\u00e9e de lecture est.\" \/>\n\t<meta name=\"twitter:data1\" content=\"1 minute\" \/>\n<script type=\"application\/ld+json\" class=\"yoast-schema-graph\">{\"@context\":\"https:\/\/schema.org\",\"@graph\":[{\"@type\":\"WebSite\",\"@id\":\"https:\/\/geemarc.com\/fr\/#website\",\"url\":\"https:\/\/geemarc.com\/fr\/\",\"name\":\"Geemarc France\",\"description\":\"\",\"potentialAction\":[{\"@type\":\"SearchAction\",\"target\":{\"@type\":\"EntryPoint\",\"urlTemplate\":\"https:\/\/geemarc.com\/fr\/?s={search_term_string}\"},\"query-input\":\"required name=search_term_string\"}],\"inLanguage\":\"fr-FR\"},{\"@type\":\"ImageObject\",\"@id\":\"https:\/\/geemarc.com\/fr\/product\/loophear102-v2-lt-lh102-v2-lt\/#primaryimage\",\"inLanguage\":\"fr-FR\",\"url\":\"https:\/\/geemarc.com\/fr\/wp-content\/uploads\/sites\/3\/2021\/02\/LH102-V2-LT.jpg\",\"contentUrl\":\"https:\/\/geemarc.com\/fr\/wp-content\/uploads\/sites\/3\/2021\/02\/LH102-V2-LT.jpg\",\"width\":2276,\"height\":2216},{\"@type\":\"WebPage\",\"@id\":\"https:\/\/geemarc.com\/fr\/product\/loophear102-v2-lt-lh102-v2-lt\/#webpage\",\"url\":\"https:\/\/geemarc.com\/fr\/product\/loophear102-v2-lt-lh102-v2-lt\/\",\"name\":\"LOOPHEAR102\\u2122 V2 LT \\u2013 LH102 V2 LT - Geemarc France\",\"isPartOf\":{\"@id\":\"https:\/\/geemarc.com\/fr\/#website\"},\"primaryImageOfPage\":{\"@id\":\"https:\/\/geemarc.com\/fr\/product\/loophear102-v2-lt-lh102-v2-lt\/#primaryimage\"},\"datePublished\":\"2021-02-26T12:03:53+00:00\",\"dateModified\":\"2024-08-23T07:56:56+00:00\",\"breadcrumb\":{\"@id\":\"https:\/\/geemarc.com\/fr\/product\/loophear102-v2-lt-lh102-v2-lt\/#breadcrumb\"},\"inLanguage\":\"fr-FR\",\"potentialAction\":[{\"@type\":\"ReadAction\",\"target\":[\"https:\/\/geemarc.com\/fr\/product\/loophear102-v2-lt-lh102-v2-lt\/\"]}]},{\"@type\":\"BreadcrumbList\",\"@id\":\"https:\/\/geemarc.com\/fr\/product\/loophear102-v2-lt-lh102-v2-lt\/#breadcrumb\",\"itemListElement\":[{\"@type\":\"ListItem\",\"position\":1,\"name\":\"Home\",\"item\":\"https:\/\/geemarc.com\/fr\/\"},{\"@type\":\"ListItem\",\"position\":2,\"name\":\"Shop\",\"item\":\"https:\/\/geemarc.com\/fr\/shop\/\"},{\"@type\":\"ListItem\",\"position\":3,\"name\":\"LOOPHEAR102\\u2122 V2 LT \\u2013 LH102 V2 LT\"}]}]}<\/script>\n<!-- \/ Yoast SEO plugin. -->","yoast_head_json":{"title":"LOOPHEAR102\u2122 V2 LT \u2013 LH102 V2 LT - Geemarc France","robots":{"index":"index","follow":"follow","max-snippet":"max-snippet:-1","max-image-preview":"max-image-preview:large","max-video-preview":"max-video-preview:-1"},"canonical":"https:\/\/geemarc.com\/fr\/product\/loophear102-v2-lt-lh102-v2-lt\/","og_locale":"fr_FR","og_type":"article","og_title":"LOOPHEAR102\u2122 V2 LT \u2013 LH102 V2 LT - Geemarc France","og_description":"Boucle \u00e0 induction portative","og_url":"https:\/\/geemarc.com\/fr\/product\/loophear102-v2-lt-lh102-v2-lt\/","og_site_name":"Geemarc France","article_modified_time":"2024-08-23T07:56:56+00:00","og_image":[{"width":2276,"height":2216,"url":"https:\/\/geemarc.com\/fr\/wp-content\/uploads\/sites\/3\/2021\/02\/LH102-V2-LT.jpg","path":"\/home\/g\/e\/geemarcwp\/public_html\/wp-content\/uploads\/sites\/3\/2021\/02\/LH102-V2-LT.jpg","size":"full","id":8767,"alt":"","pixels":5043616,"type":"image\/jpeg"}],"twitter_card":"summary_large_image","twitter_misc":{"Dur\u00e9e de lecture est.":"1 minute"},"schema":{"@context":"https:\/\/schema.org","@graph":[{"@type":"WebSite","@id":"https:\/\/geemarc.com\/fr\/#website","url":"https:\/\/geemarc.com\/fr\/","name":"Geemarc France","description":"","potentialAction":[{"@type":"SearchAction","target":{"@type":"EntryPoint","urlTemplate":"https:\/\/geemarc.com\/fr\/?s={search_term_string}"},"query-input":"required name=search_term_string"}],"inLanguage":"fr-FR"},{"@type":"ImageObject","@id":"https:\/\/geemarc.com\/fr\/product\/loophear102-v2-lt-lh102-v2-lt\/#primaryimage","inLanguage":"fr-FR","url":"https:\/\/geemarc.com\/fr\/wp-content\/uploads\/sites\/3\/2021\/02\/LH102-V2-LT.jpg","contentUrl":"https:\/\/geemarc.com\/fr\/wp-content\/uploads\/sites\/3\/2021\/02\/LH102-V2-LT.jpg","width":2276,"height":2216},{"@type":"WebPage","@id":"https:\/\/geemarc.com\/fr\/product\/loophear102-v2-lt-lh102-v2-lt\/#webpage","url":"https:\/\/geemarc.com\/fr\/product\/loophear102-v2-lt-lh102-v2-lt\/","name":"LOOPHEAR102\u2122 V2 LT \u2013 LH102 V2 LT - Geemarc France","isPartOf":{"@id":"https:\/\/geemarc.com\/fr\/#website"},"primaryImageOfPage":{"@id":"https:\/\/geemarc.com\/fr\/product\/loophear102-v2-lt-lh102-v2-lt\/#primaryimage"},"datePublished":"2021-02-26T12:03:53+00:00","dateModified":"2024-08-23T07:56:56+00:00","breadcrumb":{"@id":"https:\/\/geemarc.com\/fr\/product\/loophear102-v2-lt-lh102-v2-lt\/#breadcrumb"},"inLanguage":"fr-FR","potentialAction":[{"@type":"ReadAction","target":["https:\/\/geemarc.com\/fr\/product\/loophear102-v2-lt-lh102-v2-lt\/"]}]},{"@type":"BreadcrumbList","@id":"https:\/\/geemarc.com\/fr\/product\/loophear102-v2-lt-lh102-v2-lt\/#breadcrumb","itemListElement":[{"@type":"ListItem","position":1,"name":"Home","item":"https:\/\/geemarc.com\/fr\/"},{"@type":"ListItem","position":2,"name":"Shop","item":"https:\/\/geemarc.com\/fr\/shop\/"},{"@type":"ListItem","position":3,"name":"LOOPHEAR102\u2122 V2 LT \u2013 LH102 V2 LT"}]}]}},"acf":[],"_links":{"self":[{"href":"https:\/\/geemarc.com\/fr\/wp-json\/wp\/v2\/product\/8766"}],"collection":[{"href":"https:\/\/geemarc.com\/fr\/wp-json\/wp\/v2\/product"}],"about":[{"href":"https:\/\/geemarc.com\/fr\/wp-json\/wp\/v2\/types\/product"}],"wp:featuredmedia":[{"embeddable":true,"href":"https:\/\/geemarc.com\/fr\/wp-json\/wp\/v2\/media\/8767"}],"wp:attachment":[{"href":"https:\/\/geemarc.com\/fr\/wp-json\/wp\/v2\/media?parent=8766"}],"wp:term":[{"taxonomy":"product_cat","embeddable":true,"href":"https:\/\/geemarc.com\/fr\/wp-json\/wp\/v2\/product_cat?post=8766"},{"taxonomy":"product_tag","embeddable":true,"href":"https:\/\/geemarc.com\/fr\/wp-json\/wp\/v2\/product_tag?post=8766"}],"curies":[{"name":"wp","href":"https:\/\/api.w.org\/{rel}","templated":true}]}}