{"id":9052,"date":"2021-10-05T08:09:17","date_gmt":"2021-10-05T08:09:17","guid":{"rendered":"https:\/\/geemarc.com\/fr\/?post_type=product&#038;p=9052"},"modified":"2025-03-13T09:18:21","modified_gmt":"2025-03-13T09:18:21","slug":"wakenshake-vintage","status":"publish","type":"product","link":"https:\/\/geemarc.com\/fr\/product\/wakenshake-vintage\/","title":{"rendered":"Wake&#8217;n&#8217;Shake VINTAGE"},"content":{"rendered":"<p><strong>CARACTERISTIQUES<\/strong><\/p>\n<ul>\n<li>Alarme puissante (<strong>80dB<\/strong>)<\/li>\n<li>Fonction \u00ab\u00a0r\u00e9p\u00e9tition de la sonnerie\u00a0\u00bb (temps SNOOZE = 4 minutes)<\/li>\n<li>5 configurations d\u2019alarme possibles\u00a0:\n<ul>\n<li>Arr\u00eat<\/li>\n<li>Flash<\/li>\n<li>Vibreur + Flash<\/li>\n<li>Sonnerie + Flash<\/li>\n<li>Sonnerie + Vibreur + Flash<\/li>\n<\/ul>\n<\/li>\n<li>Volume (Haut\/Moyen\/Faible\/Arr\u00eat) et 3 tonalit\u00e9s r\u00e9glables<\/li>\n<li>Flash lumineux de sonnerie<\/li>\n<li>5 configurations de l\u2019\u00e9clairage possibles\u00a0:\n<ul>\n<li>\u00c9clairage puissant de l\u2019affichage analogique + anneau lumineux<\/li>\n<li>\u00c9clairage puissant de l\u2019affichage analogique<\/li>\n<li>\u00c9clairage moyen de l\u2019affichage analogique<\/li>\n<li>\u00c9clairage faible de l\u2019affichage analogique<\/li>\n<li>\u00c9clairage \u00e9teint (\u00e9clairage r\u00e9activ\u00e9 pendant 4 secondes en appuyant sur le bouton\u00a0SNOOZE)<\/li>\n<\/ul>\n<\/li>\n<li>Vibreur r\u00e9glable\u00a0: Puissant\/Faible<\/li>\n<li>\u00c9cran analogique<\/li>\n<li>R\u00e9glage 12 heures<\/li>\n<li>Prise USB \u00e0 l\u2019arri\u00e8re pour recharger Smartphone<\/li>\n<\/ul>\n<p>&nbsp;<\/p>\n<p><strong>TECHNIQUE<\/strong><\/p>\n<ul>\n<li>Alimentation par adaptateur fourni<\/li>\n<li>Sauvegarde par pile (AA) en cas de coupure secteur (non incluse)<\/li>\n<li>Dimensions : 11,5 x 12,5 x 9 cm<\/li>\n<li>Poids : 230 g<\/li>\n<li>Livr\u00e9 avec un coussinet vibrant \u00e0 mettre sous l\u2019oreiller\n<ul>\n<li>Prise Jack 5.5mm<\/li>\n<li>Longueur du c\u00e2ble\u00a0: 2m<\/li>\n<\/ul>\n<\/li>\n<\/ul>\n<p>&nbsp;<\/p>\n<div id=\"threesixty-slider-11539_LLwaDf\" class=\"threesixty-loading threesixty-image threesixty-dark-blue threesixty-vintage threesixty-no-border\" style=\"width: 800px;\">\r\n\t<div class=\"threesixty-preview-11539_LLwaDf\"><img class=\"threesixty-preview-image\" src=\"https:\/\/geemarc.com\/fr\/wp-content\/uploads\/sites\/3\/2025\/03\/DSC_0239.jpg\"\/><\/div>\r\n\t<div class=\"threesixty-spinner threesixty-spinner-11539_LLwaDf\">\r\n\t\t<span>0%<\/span>\r\n\t<\/div>\r\n\t<ol class=\"threesixty-images threesixty-images-11539_LLwaDf\"><\/ol>\r\n\t\t\t<a href=\"#threesixty-slider-11539_LLwaDf\" class=\"threesixty-mfp-anchor\"><\/a>\r\n\t<\/div>\r\n<!--SPV--><script type=\"text\/javascript\">\/\/SPV\r\n(function($) {\r\n\t\t$('#threesixty-slider-11539_LLwaDf .threesixty-mfp-anchor').magnificPopup({\r\n\t\ttype:'inline',\r\n\t\tcloseOnBgClick: true,\r\n\t\tmidClick: true,\r\n\t\t\/\/removalDelay: 300,\r\n  \t\t\/\/mainClass: 'mfp-fade',\r\n\t\tcallbacks: {\r\n\t\t\t resize: function() {\r\n\t\t\t \tvar originalHeight \t= 584,\r\n\t\t\t \t\toriginalWidth \t= 800,\r\n\t\t\t \t\tmfpHeight \t\t= 584,\r\n\t\t\t \t\tmfpWidth \t\t= 800,\r\n\t\t\t \t\tratio \t\t\t= originalWidth \/ originalHeight,\r\n\t\t\t \t\twinHeight \t\t= $(window).height(),\r\n\t\t\t \t\twinWidth \t\t= $(window).width();\r\n\t\t\t \t\r\n\t\t\t \tif ( originalHeight > winHeight * 0.9 ) {\r\n\t\t\t \t\tmfpHeight \t\t= winHeight * 0.9;\r\n\t\t\t \t\tmfpWidth \t\t= mfpHeight * ratio;\r\n\t\t\t\t}\r\n\t\t\t\tif ( mfpWidth > winWidth * 0.9 ) {\r\n\t\t\t \t\tmfpWidth \t\t= winWidth * 0.9;\r\n\t\t\t \t\tmfpHeight \t\t= mfpWidth \/ ratio;\r\n\t\t\t\t}\r\n\t\t\t \tif ( mfpHeight < originalHeight && mfpWidth < originalWidth ) {\r\n\t\t\t\t    $('#threesixty-slider-11539_LLwaDf').height(mfpHeight);\r\n\t\t\t\t    $('#threesixty-slider-11539_LLwaDf').width(mfpWidth);\r\n\t\t\t\t} \r\n\t\t\t\telse {\r\n\t\t\t\t    $('#threesixty-slider-11539_LLwaDf').height(originalHeight);\r\n\t\t\t\t    $('#threesixty-slider-11539_LLwaDf').width(originalWidth);\r\n\t\t\t\t}\r\n\t\t\t},\r\n\t\t\tclose: function() {\r\n\t\t\t    $('#threesixty-slider-11539_LLwaDf').height('auto');\r\n\t\t\t    $('#threesixty-slider-11539_LLwaDf').width(800);\r\n\t\t\t}\r\n\t\t},\r\n\t\tcloseMarkup :\"<button class=\\\"mfp-close\\\"><\/button>\"\r\n\t});\r\n\t\tvar product_11539_LLwaDf = $('#threesixty-slider-11539_LLwaDf').ThreeSixty({\r\n\t\ttotalFrames: 36,\r\n\t\tendFrame: 0,\r\n\t\tcurrentFrame: 36,\r\n\t\timgList: '.threesixty-images-11539_LLwaDf',\r\n\t\tprogress: '.threesixty-spinner-11539_LLwaDf',\r\n\t\tpreview: '.threesixty-preview-11539_LLwaDf',\r\n\t\timages: ['https:\/\/geemarc.com\/fr\/wp-content\/uploads\/sites\/3\/2025\/03\/DSC_0274.jpg','https:\/\/geemarc.com\/fr\/wp-content\/uploads\/sites\/3\/2025\/03\/DSC_0273.jpg','https:\/\/geemarc.com\/fr\/wp-content\/uploads\/sites\/3\/2025\/03\/DSC_0272.jpg','https:\/\/geemarc.com\/fr\/wp-content\/uploads\/sites\/3\/2025\/03\/DSC_0271.jpg','https:\/\/geemarc.com\/fr\/wp-content\/uploads\/sites\/3\/2025\/03\/DSC_0270.jpg','https:\/\/geemarc.com\/fr\/wp-content\/uploads\/sites\/3\/2025\/03\/DSC_0269.jpg','https:\/\/geemarc.com\/fr\/wp-content\/uploads\/sites\/3\/2025\/03\/DSC_0268.jpg','https:\/\/geemarc.com\/fr\/wp-content\/uploads\/sites\/3\/2025\/03\/DSC_0267.jpg','https:\/\/geemarc.com\/fr\/wp-content\/uploads\/sites\/3\/2025\/03\/DSC_0266.jpg','https:\/\/geemarc.com\/fr\/wp-content\/uploads\/sites\/3\/2025\/03\/DSC_0265.jpg','https:\/\/geemarc.com\/fr\/wp-content\/uploads\/sites\/3\/2025\/03\/DSC_0264.jpg','https:\/\/geemarc.com\/fr\/wp-content\/uploads\/sites\/3\/2025\/03\/DSC_0263.jpg','https:\/\/geemarc.com\/fr\/wp-content\/uploads\/sites\/3\/2025\/03\/DSC_0262.jpg','https:\/\/geemarc.com\/fr\/wp-content\/uploads\/sites\/3\/2025\/03\/DSC_0261.jpg','https:\/\/geemarc.com\/fr\/wp-content\/uploads\/sites\/3\/2025\/03\/DSC_0260.jpg','https:\/\/geemarc.com\/fr\/wp-content\/uploads\/sites\/3\/2025\/03\/DSC_0259.jpg','https:\/\/geemarc.com\/fr\/wp-content\/uploads\/sites\/3\/2025\/03\/DSC_0258.jpg','https:\/\/geemarc.com\/fr\/wp-content\/uploads\/sites\/3\/2025\/03\/DSC_0257.jpg','https:\/\/geemarc.com\/fr\/wp-content\/uploads\/sites\/3\/2025\/03\/DSC_0256.jpg','https:\/\/geemarc.com\/fr\/wp-content\/uploads\/sites\/3\/2025\/03\/DSC_0255.jpg','https:\/\/geemarc.com\/fr\/wp-content\/uploads\/sites\/3\/2025\/03\/DSC_0254.jpg','https:\/\/geemarc.com\/fr\/wp-content\/uploads\/sites\/3\/2025\/03\/DSC_0253.jpg','https:\/\/geemarc.com\/fr\/wp-content\/uploads\/sites\/3\/2025\/03\/DSC_0252.jpg','https:\/\/geemarc.com\/fr\/wp-content\/uploads\/sites\/3\/2025\/03\/DSC_0251.jpg','https:\/\/geemarc.com\/fr\/wp-content\/uploads\/sites\/3\/2025\/03\/DSC_0250.jpg','https:\/\/geemarc.com\/fr\/wp-content\/uploads\/sites\/3\/2025\/03\/DSC_0249.jpg','https:\/\/geemarc.com\/fr\/wp-content\/uploads\/sites\/3\/2025\/03\/DSC_0248.jpg','https:\/\/geemarc.com\/fr\/wp-content\/uploads\/sites\/3\/2025\/03\/DSC_0247.jpg','https:\/\/geemarc.com\/fr\/wp-content\/uploads\/sites\/3\/2025\/03\/DSC_0246.jpg','https:\/\/geemarc.com\/fr\/wp-content\/uploads\/sites\/3\/2025\/03\/DSC_0245.jpg','https:\/\/geemarc.com\/fr\/wp-content\/uploads\/sites\/3\/2025\/03\/DSC_0244.jpg','https:\/\/geemarc.com\/fr\/wp-content\/uploads\/sites\/3\/2025\/03\/DSC_0243.jpg','https:\/\/geemarc.com\/fr\/wp-content\/uploads\/sites\/3\/2025\/03\/DSC_0242.jpg','https:\/\/geemarc.com\/fr\/wp-content\/uploads\/sites\/3\/2025\/03\/DSC_0241.jpg','https:\/\/geemarc.com\/fr\/wp-content\/uploads\/sites\/3\/2025\/03\/DSC_0240.jpg','https:\/\/geemarc.com\/fr\/wp-content\/uploads\/sites\/3\/2025\/03\/DSC_0239.jpg'],\r\n\t\theight: 0,\r\n\t\twidth: 800,\r\n\t\tnavigation: true,\r\n\t\tdrag: true,\r\n\t\tshowCursor: true,\r\n\t\tinterval: 120,\r\n\t\tspeedMultiplier: 3,\r\n\t\t\t\tstartAutoplay: true,\r\n\t\t\t\tonReady: function() {\r\n\t\t\t$(\"#threesixty-slider-11539_LLwaDf\").removeClass('threesixty-loading');\r\n\t\t\t\t\t\tproduct_11539_LLwaDf.play();\r\n\t\t\t\t\t\t\t\t}\r\n\t\t\t});\r\n\t\t\t}(jQuery));\r\n<\/script>\n","protected":false},"excerpt":{"rendered":"<p>R\u00e9veil vibreur analogique<\/p>\n","protected":false},"featured_media":10815,"template":"","meta":[],"product_cat":[140],"product_tag":[],"yoast_head":"<!-- This site is optimized with the Yoast SEO plugin v16.9 - https:\/\/yoast.com\/wordpress\/plugins\/seo\/ -->\n<title>Wake&#039;n&#039;Shake VINTAGE - Geemarc France<\/title>\n<meta name=\"robots\" content=\"index, follow, max-snippet:-1, max-image-preview:large, max-video-preview:-1\" \/>\n<link rel=\"canonical\" href=\"https:\/\/geemarc.com\/fr\/product\/wakenshake-vintage\/\" \/>\n<meta property=\"og:locale\" content=\"fr_FR\" \/>\n<meta property=\"og:type\" content=\"article\" \/>\n<meta property=\"og:title\" content=\"Wake&#039;n&#039;Shake VINTAGE - Geemarc France\" \/>\n<meta property=\"og:description\" content=\"R\u00e9veil vibreur analogique\" \/>\n<meta property=\"og:url\" content=\"https:\/\/geemarc.com\/fr\/product\/wakenshake-vintage\/\" \/>\n<meta property=\"og:site_name\" content=\"Geemarc France\" \/>\n<meta property=\"article:modified_time\" content=\"2025-03-13T09:18:21+00:00\" \/>\n<meta property=\"og:image\" content=\"https:\/\/geemarc.com\/fr\/wp-content\/uploads\/sites\/3\/2023\/07\/JWNS-VINTAGE-scaled.jpg\" \/>\n\t<meta property=\"og:image:width\" content=\"2560\" \/>\n\t<meta property=\"og:image:height\" content=\"1792\" \/>\n<meta name=\"twitter:card\" content=\"summary_large_image\" \/>\n<meta name=\"twitter:label1\" content=\"Dur\u00e9e de lecture est.\" \/>\n\t<meta name=\"twitter:data1\" content=\"1 minute\" \/>\n<script type=\"application\/ld+json\" class=\"yoast-schema-graph\">{\"@context\":\"https:\/\/schema.org\",\"@graph\":[{\"@type\":\"WebSite\",\"@id\":\"https:\/\/geemarc.com\/fr\/#website\",\"url\":\"https:\/\/geemarc.com\/fr\/\",\"name\":\"Geemarc France\",\"description\":\"\",\"potentialAction\":[{\"@type\":\"SearchAction\",\"target\":{\"@type\":\"EntryPoint\",\"urlTemplate\":\"https:\/\/geemarc.com\/fr\/?s={search_term_string}\"},\"query-input\":\"required name=search_term_string\"}],\"inLanguage\":\"fr-FR\"},{\"@type\":\"ImageObject\",\"@id\":\"https:\/\/geemarc.com\/fr\/product\/wakenshake-vintage\/#primaryimage\",\"inLanguage\":\"fr-FR\",\"url\":\"https:\/\/geemarc.com\/fr\/wp-content\/uploads\/sites\/3\/2023\/07\/JWNS-VINTAGE-scaled.jpg\",\"contentUrl\":\"https:\/\/geemarc.com\/fr\/wp-content\/uploads\/sites\/3\/2023\/07\/JWNS-VINTAGE-scaled.jpg\",\"width\":2560,\"height\":1792,\"caption\":\"OLYMPUS DIGITAL CAMERA\"},{\"@type\":\"WebPage\",\"@id\":\"https:\/\/geemarc.com\/fr\/product\/wakenshake-vintage\/#webpage\",\"url\":\"https:\/\/geemarc.com\/fr\/product\/wakenshake-vintage\/\",\"name\":\"Wake'n'Shake VINTAGE - Geemarc France\",\"isPartOf\":{\"@id\":\"https:\/\/geemarc.com\/fr\/#website\"},\"primaryImageOfPage\":{\"@id\":\"https:\/\/geemarc.com\/fr\/product\/wakenshake-vintage\/#primaryimage\"},\"datePublished\":\"2021-10-05T08:09:17+00:00\",\"dateModified\":\"2025-03-13T09:18:21+00:00\",\"breadcrumb\":{\"@id\":\"https:\/\/geemarc.com\/fr\/product\/wakenshake-vintage\/#breadcrumb\"},\"inLanguage\":\"fr-FR\",\"potentialAction\":[{\"@type\":\"ReadAction\",\"target\":[\"https:\/\/geemarc.com\/fr\/product\/wakenshake-vintage\/\"]}]},{\"@type\":\"BreadcrumbList\",\"@id\":\"https:\/\/geemarc.com\/fr\/product\/wakenshake-vintage\/#breadcrumb\",\"itemListElement\":[{\"@type\":\"ListItem\",\"position\":1,\"name\":\"Home\",\"item\":\"https:\/\/geemarc.com\/fr\/\"},{\"@type\":\"ListItem\",\"position\":2,\"name\":\"Shop\",\"item\":\"https:\/\/geemarc.com\/fr\/shop\/\"},{\"@type\":\"ListItem\",\"position\":3,\"name\":\"Wake&#8217;n&#8217;Shake VINTAGE\"}]}]}<\/script>\n<!-- \/ Yoast SEO plugin. -->","yoast_head_json":{"title":"Wake'n'Shake VINTAGE - Geemarc France","robots":{"index":"index","follow":"follow","max-snippet":"max-snippet:-1","max-image-preview":"max-image-preview:large","max-video-preview":"max-video-preview:-1"},"canonical":"https:\/\/geemarc.com\/fr\/product\/wakenshake-vintage\/","og_locale":"fr_FR","og_type":"article","og_title":"Wake'n'Shake VINTAGE - Geemarc France","og_description":"R\u00e9veil vibreur analogique","og_url":"https:\/\/geemarc.com\/fr\/product\/wakenshake-vintage\/","og_site_name":"Geemarc France","article_modified_time":"2025-03-13T09:18:21+00:00","og_image":[{"width":2560,"height":1792,"url":"https:\/\/geemarc.com\/fr\/wp-content\/uploads\/sites\/3\/2023\/07\/JWNS-VINTAGE-scaled.jpg","path":"\/home\/g\/e\/geemarcwp\/public_html\/wp-content\/uploads\/sites\/3\/2023\/07\/JWNS-VINTAGE-scaled.jpg","size":"full","id":10815,"alt":"","pixels":4587520,"type":"image\/jpeg"}],"twitter_card":"summary_large_image","twitter_misc":{"Dur\u00e9e de lecture est.":"1 minute"},"schema":{"@context":"https:\/\/schema.org","@graph":[{"@type":"WebSite","@id":"https:\/\/geemarc.com\/fr\/#website","url":"https:\/\/geemarc.com\/fr\/","name":"Geemarc France","description":"","potentialAction":[{"@type":"SearchAction","target":{"@type":"EntryPoint","urlTemplate":"https:\/\/geemarc.com\/fr\/?s={search_term_string}"},"query-input":"required name=search_term_string"}],"inLanguage":"fr-FR"},{"@type":"ImageObject","@id":"https:\/\/geemarc.com\/fr\/product\/wakenshake-vintage\/#primaryimage","inLanguage":"fr-FR","url":"https:\/\/geemarc.com\/fr\/wp-content\/uploads\/sites\/3\/2023\/07\/JWNS-VINTAGE-scaled.jpg","contentUrl":"https:\/\/geemarc.com\/fr\/wp-content\/uploads\/sites\/3\/2023\/07\/JWNS-VINTAGE-scaled.jpg","width":2560,"height":1792,"caption":"OLYMPUS DIGITAL CAMERA"},{"@type":"WebPage","@id":"https:\/\/geemarc.com\/fr\/product\/wakenshake-vintage\/#webpage","url":"https:\/\/geemarc.com\/fr\/product\/wakenshake-vintage\/","name":"Wake'n'Shake VINTAGE - Geemarc France","isPartOf":{"@id":"https:\/\/geemarc.com\/fr\/#website"},"primaryImageOfPage":{"@id":"https:\/\/geemarc.com\/fr\/product\/wakenshake-vintage\/#primaryimage"},"datePublished":"2021-10-05T08:09:17+00:00","dateModified":"2025-03-13T09:18:21+00:00","breadcrumb":{"@id":"https:\/\/geemarc.com\/fr\/product\/wakenshake-vintage\/#breadcrumb"},"inLanguage":"fr-FR","potentialAction":[{"@type":"ReadAction","target":["https:\/\/geemarc.com\/fr\/product\/wakenshake-vintage\/"]}]},{"@type":"BreadcrumbList","@id":"https:\/\/geemarc.com\/fr\/product\/wakenshake-vintage\/#breadcrumb","itemListElement":[{"@type":"ListItem","position":1,"name":"Home","item":"https:\/\/geemarc.com\/fr\/"},{"@type":"ListItem","position":2,"name":"Shop","item":"https:\/\/geemarc.com\/fr\/shop\/"},{"@type":"ListItem","position":3,"name":"Wake&#8217;n&#8217;Shake VINTAGE"}]}]}},"acf":[],"_links":{"self":[{"href":"https:\/\/geemarc.com\/fr\/wp-json\/wp\/v2\/product\/9052"}],"collection":[{"href":"https:\/\/geemarc.com\/fr\/wp-json\/wp\/v2\/product"}],"about":[{"href":"https:\/\/geemarc.com\/fr\/wp-json\/wp\/v2\/types\/product"}],"wp:featuredmedia":[{"embeddable":true,"href":"https:\/\/geemarc.com\/fr\/wp-json\/wp\/v2\/media\/10815"}],"wp:attachment":[{"href":"https:\/\/geemarc.com\/fr\/wp-json\/wp\/v2\/media?parent=9052"}],"wp:term":[{"taxonomy":"product_cat","embeddable":true,"href":"https:\/\/geemarc.com\/fr\/wp-json\/wp\/v2\/product_cat?post=9052"},{"taxonomy":"product_tag","embeddable":true,"href":"https:\/\/geemarc.com\/fr\/wp-json\/wp\/v2\/product_tag?post=9052"}],"curies":[{"name":"wp","href":"https:\/\/api.w.org\/{rel}","templated":true}]}}