{"id":9074,"date":"2021-10-05T10:22:36","date_gmt":"2021-10-05T10:22:36","guid":{"rendered":"https:\/\/geemarc.com\/fr\/?post_type=product&#038;p=9074"},"modified":"2025-04-23T12:23:07","modified_gmt":"2025-04-23T12:23:07","slug":"cl7370-2","status":"publish","type":"product","link":"https:\/\/geemarc.com\/fr\/product\/cl7370-2\/","title":{"rendered":"CL7370-2"},"content":{"rendered":"<p><strong>Version DUO<\/strong><\/p>\n<p>&nbsp;<\/p>\n<p><strong>CARACTERISTIQUES<\/strong><\/p>\n<ul>\n<li>R\u00e9ception St\u00e9r\u00e9o<\/li>\n<li>Ensemble des r\u00e9glages facilement accessibles sur le casque\u00a0:<\/li>\n<\/ul>\n<p>&#8211; R\u00e9glage volume (jusqu\u2019\u00e0 125dB spl)<\/p>\n<p>&#8211; R\u00e9glage de la balance gauche\/droite<\/p>\n<p>&#8211; R\u00e9glage de la tonalit\u00e9 pour l\u2019adapter \u00e0 vos besoins<\/p>\n<ul>\n<li>Mise en veille automatique (quand plus aucun signal en entr\u00e9e sur la base)<\/li>\n<li>Micro Int\u00e9gr\u00e9 pour amplification de l\u2019ambiance sonore<\/li>\n<li>Confortable et l\u00e9ger<\/li>\n<\/ul>\n<p>&nbsp;<\/p>\n<p><strong>TECHNIQUE<\/strong><\/p>\n<ul>\n<li><strong>2,4 GHz digitale<\/strong><\/li>\n<li>Gamme de fr\u00e9quence : 100 \u2013 16 000Hz<\/li>\n<li>Fr\u00e9quence de fonctionnement : 2.404.5-2.479.5GHz<\/li>\n<li>Type de modulation : GFSK<\/li>\n<li>Nombre de canaux : 16<\/li>\n<li>Bande passante : 5M<\/li>\n<li>D\u00e9bit binaire de l&#8217;\u00e9metteur : 1Mbps<\/li>\n<li>Type d&#8217;antenne : Antenne interne<\/li>\n<li>Syst\u00e8me de rechargement rapide<\/li>\n<\/ul>\n<p>&#8211; Temps de rechargement complet : 4 heures.<\/p>\n<p>&#8211; Le casque se recharge automatiquement lorsqu\u2019il est plac\u00e9 sur sa base.<\/p>\n<ul>\n<li>Port\u00e9e 100m en champs libre et 25m en int\u00e9rieur<\/li>\n<li>Entr\u00e9e analogique audio (jack 3.5mm)<\/li>\n<li>10 heures d\u2019autonomie en utilisation<\/li>\n<li>Poids du casque : 55g<\/li>\n<\/ul>\n<p>&nbsp;<\/p>\n<div id=\"threesixty-slider-9208_J75Jpz\" class=\"threesixty-loading threesixty-image threesixty-dark-blue threesixty-vintage threesixty-no-border\" style=\"width: 521px;\">\r\n\t<div class=\"threesixty-preview-9208_J75Jpz\"><img class=\"threesixty-preview-image\" src=\"https:\/\/geemarc.com\/fr\/wp-content\/uploads\/sites\/3\/2021\/11\/DSC_0079.jpg\"\/><\/div>\r\n\t<div class=\"threesixty-spinner threesixty-spinner-9208_J75Jpz\">\r\n\t\t<span>0%<\/span>\r\n\t<\/div>\r\n\t<ol class=\"threesixty-images threesixty-images-9208_J75Jpz\"><\/ol>\r\n\t\t\t<a href=\"#threesixty-slider-9208_J75Jpz\" class=\"threesixty-mfp-anchor\"><\/a>\r\n\t<\/div>\r\n<!--SPV--><script type=\"text\/javascript\">\/\/SPV\r\n(function($) {\r\n\t\t$('#threesixty-slider-9208_J75Jpz .threesixty-mfp-anchor').magnificPopup({\r\n\t\ttype:'inline',\r\n\t\tcloseOnBgClick: true,\r\n\t\tmidClick: true,\r\n\t\t\/\/removalDelay: 300,\r\n  \t\t\/\/mainClass: 'mfp-fade',\r\n\t\tcallbacks: {\r\n\t\t\t resize: function() {\r\n\t\t\t \tvar originalHeight \t= 600,\r\n\t\t\t \t\toriginalWidth \t= 521,\r\n\t\t\t \t\tmfpHeight \t\t= 600,\r\n\t\t\t \t\tmfpWidth \t\t= 521,\r\n\t\t\t \t\tratio \t\t\t= originalWidth \/ originalHeight,\r\n\t\t\t \t\twinHeight \t\t= $(window).height(),\r\n\t\t\t \t\twinWidth \t\t= $(window).width();\r\n\t\t\t \t\r\n\t\t\t \tif ( originalHeight > winHeight * 0.9 ) {\r\n\t\t\t \t\tmfpHeight \t\t= winHeight * 0.9;\r\n\t\t\t \t\tmfpWidth \t\t= mfpHeight * ratio;\r\n\t\t\t\t}\r\n\t\t\t\tif ( mfpWidth > winWidth * 0.9 ) {\r\n\t\t\t \t\tmfpWidth \t\t= winWidth * 0.9;\r\n\t\t\t \t\tmfpHeight \t\t= mfpWidth \/ ratio;\r\n\t\t\t\t}\r\n\t\t\t \tif ( mfpHeight < originalHeight && mfpWidth < originalWidth ) {\r\n\t\t\t\t    $('#threesixty-slider-9208_J75Jpz').height(mfpHeight);\r\n\t\t\t\t    $('#threesixty-slider-9208_J75Jpz').width(mfpWidth);\r\n\t\t\t\t} \r\n\t\t\t\telse {\r\n\t\t\t\t    $('#threesixty-slider-9208_J75Jpz').height(originalHeight);\r\n\t\t\t\t    $('#threesixty-slider-9208_J75Jpz').width(originalWidth);\r\n\t\t\t\t}\r\n\t\t\t},\r\n\t\t\tclose: function() {\r\n\t\t\t    $('#threesixty-slider-9208_J75Jpz').height('auto');\r\n\t\t\t    $('#threesixty-slider-9208_J75Jpz').width(521);\r\n\t\t\t}\r\n\t\t},\r\n\t\tcloseMarkup :\"<button class=\\\"mfp-close\\\"><\/button>\"\r\n\t});\r\n\t\tvar product_9208_J75Jpz = $('#threesixty-slider-9208_J75Jpz').ThreeSixty({\r\n\t\ttotalFrames: 36,\r\n\t\tendFrame: 0,\r\n\t\tcurrentFrame: 36,\r\n\t\timgList: '.threesixty-images-9208_J75Jpz',\r\n\t\tprogress: '.threesixty-spinner-9208_J75Jpz',\r\n\t\tpreview: '.threesixty-preview-9208_J75Jpz',\r\n\t\timages: ['https:\/\/geemarc.com\/fr\/wp-content\/uploads\/sites\/3\/2021\/11\/DSC_0078.jpg','https:\/\/geemarc.com\/fr\/wp-content\/uploads\/sites\/3\/2021\/11\/DSC_0077.jpg','https:\/\/geemarc.com\/fr\/wp-content\/uploads\/sites\/3\/2021\/11\/DSC_0076.jpg','https:\/\/geemarc.com\/fr\/wp-content\/uploads\/sites\/3\/2021\/11\/DSC_0075.jpg','https:\/\/geemarc.com\/fr\/wp-content\/uploads\/sites\/3\/2021\/11\/DSC_0074.jpg','https:\/\/geemarc.com\/fr\/wp-content\/uploads\/sites\/3\/2021\/11\/DSC_0073.jpg','https:\/\/geemarc.com\/fr\/wp-content\/uploads\/sites\/3\/2021\/11\/DSC_0108.jpg','https:\/\/geemarc.com\/fr\/wp-content\/uploads\/sites\/3\/2021\/11\/DSC_0107.jpg','https:\/\/geemarc.com\/fr\/wp-content\/uploads\/sites\/3\/2021\/11\/DSC_0106.jpg','https:\/\/geemarc.com\/fr\/wp-content\/uploads\/sites\/3\/2021\/11\/DSC_0105.jpg','https:\/\/geemarc.com\/fr\/wp-content\/uploads\/sites\/3\/2021\/11\/DSC_0104.jpg','https:\/\/geemarc.com\/fr\/wp-content\/uploads\/sites\/3\/2021\/11\/DSC_0103.jpg','https:\/\/geemarc.com\/fr\/wp-content\/uploads\/sites\/3\/2021\/11\/DSC_0102.jpg','https:\/\/geemarc.com\/fr\/wp-content\/uploads\/sites\/3\/2021\/11\/DSC_0101.jpg','https:\/\/geemarc.com\/fr\/wp-content\/uploads\/sites\/3\/2021\/11\/DSC_0100.jpg','https:\/\/geemarc.com\/fr\/wp-content\/uploads\/sites\/3\/2021\/11\/DSC_0099.jpg','https:\/\/geemarc.com\/fr\/wp-content\/uploads\/sites\/3\/2021\/11\/DSC_0098.jpg','https:\/\/geemarc.com\/fr\/wp-content\/uploads\/sites\/3\/2021\/11\/DSC_0097.jpg','https:\/\/geemarc.com\/fr\/wp-content\/uploads\/sites\/3\/2021\/11\/DSC_0096.jpg','https:\/\/geemarc.com\/fr\/wp-content\/uploads\/sites\/3\/2021\/11\/DSC_0095.jpg','https:\/\/geemarc.com\/fr\/wp-content\/uploads\/sites\/3\/2021\/11\/DSC_0094.jpg','https:\/\/geemarc.com\/fr\/wp-content\/uploads\/sites\/3\/2021\/11\/DSC_0093.jpg','https:\/\/geemarc.com\/fr\/wp-content\/uploads\/sites\/3\/2021\/11\/DSC_0092.jpg','https:\/\/geemarc.com\/fr\/wp-content\/uploads\/sites\/3\/2021\/11\/DSC_0091.jpg','https:\/\/geemarc.com\/fr\/wp-content\/uploads\/sites\/3\/2021\/11\/DSC_0090.jpg','https:\/\/geemarc.com\/fr\/wp-content\/uploads\/sites\/3\/2021\/11\/DSC_0089.jpg','https:\/\/geemarc.com\/fr\/wp-content\/uploads\/sites\/3\/2021\/11\/DSC_0088.jpg','https:\/\/geemarc.com\/fr\/wp-content\/uploads\/sites\/3\/2021\/11\/DSC_0087.jpg','https:\/\/geemarc.com\/fr\/wp-content\/uploads\/sites\/3\/2021\/11\/DSC_0086.jpg','https:\/\/geemarc.com\/fr\/wp-content\/uploads\/sites\/3\/2021\/11\/DSC_0085.jpg','https:\/\/geemarc.com\/fr\/wp-content\/uploads\/sites\/3\/2021\/11\/DSC_0084.jpg','https:\/\/geemarc.com\/fr\/wp-content\/uploads\/sites\/3\/2021\/11\/DSC_0083.jpg','https:\/\/geemarc.com\/fr\/wp-content\/uploads\/sites\/3\/2021\/11\/DSC_0082.jpg','https:\/\/geemarc.com\/fr\/wp-content\/uploads\/sites\/3\/2021\/11\/DSC_0081.jpg','https:\/\/geemarc.com\/fr\/wp-content\/uploads\/sites\/3\/2021\/11\/DSC_0080.jpg','https:\/\/geemarc.com\/fr\/wp-content\/uploads\/sites\/3\/2021\/11\/DSC_0079.jpg'],\r\n\t\theight: 0,\r\n\t\twidth: 521,\r\n\t\tnavigation: true,\r\n\t\tdrag: true,\r\n\t\tshowCursor: true,\r\n\t\tinterval: 120,\r\n\t\tspeedMultiplier: 3,\r\n\t\t\t\tstartAutoplay: true,\r\n\t\t\t\tonReady: function() {\r\n\t\t\t$(\"#threesixty-slider-9208_J75Jpz\").removeClass('threesixty-loading');\r\n\t\t\t\t\t\tproduct_9208_J75Jpz.play();\r\n\t\t\t\t\t\t\t\t}\r\n\t\t\t});\r\n\t\t\t}(jQuery));\r\n<\/script>\n","protected":false},"excerpt":{"rendered":"<p>Casque TV amplifi\u00e9 en version DUO<\/p>\n","protected":false},"featured_media":9580,"template":"","meta":[],"product_cat":[46],"product_tag":[],"yoast_head":"<!-- This site is optimized with the Yoast SEO plugin v16.9 - https:\/\/yoast.com\/wordpress\/plugins\/seo\/ -->\n<title>CL7370-2 - Geemarc France<\/title>\n<meta name=\"robots\" content=\"index, follow, max-snippet:-1, max-image-preview:large, max-video-preview:-1\" \/>\n<link rel=\"canonical\" href=\"https:\/\/geemarc.com\/fr\/product\/cl7370-2\/\" \/>\n<meta property=\"og:locale\" content=\"fr_FR\" \/>\n<meta property=\"og:type\" content=\"article\" \/>\n<meta property=\"og:title\" content=\"CL7370-2 - Geemarc France\" \/>\n<meta property=\"og:description\" content=\"Casque TV amplifi\u00e9 en version DUO\" \/>\n<meta property=\"og:url\" content=\"https:\/\/geemarc.com\/fr\/product\/cl7370-2\/\" \/>\n<meta property=\"og:site_name\" content=\"Geemarc France\" \/>\n<meta property=\"article:modified_time\" content=\"2025-04-23T12:23:07+00:00\" \/>\n<meta property=\"og:image\" content=\"https:\/\/geemarc.com\/fr\/wp-content\/uploads\/sites\/3\/2022\/03\/CL7370_DUO-3.jpg\" \/>\n\t<meta property=\"og:image:width\" content=\"1700\" \/>\n\t<meta property=\"og:image:height\" content=\"2000\" \/>\n<meta name=\"twitter:card\" content=\"summary_large_image\" \/>\n<meta name=\"twitter:label1\" content=\"Dur\u00e9e de lecture est.\" \/>\n\t<meta name=\"twitter:data1\" content=\"1 minute\" \/>\n<script type=\"application\/ld+json\" class=\"yoast-schema-graph\">{\"@context\":\"https:\/\/schema.org\",\"@graph\":[{\"@type\":\"WebSite\",\"@id\":\"https:\/\/geemarc.com\/fr\/#website\",\"url\":\"https:\/\/geemarc.com\/fr\/\",\"name\":\"Geemarc France\",\"description\":\"\",\"potentialAction\":[{\"@type\":\"SearchAction\",\"target\":{\"@type\":\"EntryPoint\",\"urlTemplate\":\"https:\/\/geemarc.com\/fr\/?s={search_term_string}\"},\"query-input\":\"required name=search_term_string\"}],\"inLanguage\":\"fr-FR\"},{\"@type\":\"ImageObject\",\"@id\":\"https:\/\/geemarc.com\/fr\/product\/cl7370-2\/#primaryimage\",\"inLanguage\":\"fr-FR\",\"url\":\"https:\/\/geemarc.com\/fr\/wp-content\/uploads\/sites\/3\/2022\/03\/CL7370_DUO-3.jpg\",\"contentUrl\":\"https:\/\/geemarc.com\/fr\/wp-content\/uploads\/sites\/3\/2022\/03\/CL7370_DUO-3.jpg\",\"width\":1700,\"height\":2000},{\"@type\":\"WebPage\",\"@id\":\"https:\/\/geemarc.com\/fr\/product\/cl7370-2\/#webpage\",\"url\":\"https:\/\/geemarc.com\/fr\/product\/cl7370-2\/\",\"name\":\"CL7370-2 - Geemarc France\",\"isPartOf\":{\"@id\":\"https:\/\/geemarc.com\/fr\/#website\"},\"primaryImageOfPage\":{\"@id\":\"https:\/\/geemarc.com\/fr\/product\/cl7370-2\/#primaryimage\"},\"datePublished\":\"2021-10-05T10:22:36+00:00\",\"dateModified\":\"2025-04-23T12:23:07+00:00\",\"breadcrumb\":{\"@id\":\"https:\/\/geemarc.com\/fr\/product\/cl7370-2\/#breadcrumb\"},\"inLanguage\":\"fr-FR\",\"potentialAction\":[{\"@type\":\"ReadAction\",\"target\":[\"https:\/\/geemarc.com\/fr\/product\/cl7370-2\/\"]}]},{\"@type\":\"BreadcrumbList\",\"@id\":\"https:\/\/geemarc.com\/fr\/product\/cl7370-2\/#breadcrumb\",\"itemListElement\":[{\"@type\":\"ListItem\",\"position\":1,\"name\":\"Home\",\"item\":\"https:\/\/geemarc.com\/fr\/\"},{\"@type\":\"ListItem\",\"position\":2,\"name\":\"Shop\",\"item\":\"https:\/\/geemarc.com\/fr\/shop\/\"},{\"@type\":\"ListItem\",\"position\":3,\"name\":\"CL7370-2\"}]}]}<\/script>\n<!-- \/ Yoast SEO plugin. -->","yoast_head_json":{"title":"CL7370-2 - Geemarc France","robots":{"index":"index","follow":"follow","max-snippet":"max-snippet:-1","max-image-preview":"max-image-preview:large","max-video-preview":"max-video-preview:-1"},"canonical":"https:\/\/geemarc.com\/fr\/product\/cl7370-2\/","og_locale":"fr_FR","og_type":"article","og_title":"CL7370-2 - Geemarc France","og_description":"Casque TV amplifi\u00e9 en version DUO","og_url":"https:\/\/geemarc.com\/fr\/product\/cl7370-2\/","og_site_name":"Geemarc France","article_modified_time":"2025-04-23T12:23:07+00:00","og_image":[{"width":1700,"height":2000,"url":"https:\/\/geemarc.com\/fr\/wp-content\/uploads\/sites\/3\/2022\/03\/CL7370_DUO-3.jpg","path":"\/home\/g\/e\/geemarcwp\/public_html\/wp-content\/uploads\/sites\/3\/2022\/03\/CL7370_DUO-3.jpg","size":"full","id":9580,"alt":"","pixels":3400000,"type":"image\/jpeg"}],"twitter_card":"summary_large_image","twitter_misc":{"Dur\u00e9e de lecture est.":"1 minute"},"schema":{"@context":"https:\/\/schema.org","@graph":[{"@type":"WebSite","@id":"https:\/\/geemarc.com\/fr\/#website","url":"https:\/\/geemarc.com\/fr\/","name":"Geemarc France","description":"","potentialAction":[{"@type":"SearchAction","target":{"@type":"EntryPoint","urlTemplate":"https:\/\/geemarc.com\/fr\/?s={search_term_string}"},"query-input":"required name=search_term_string"}],"inLanguage":"fr-FR"},{"@type":"ImageObject","@id":"https:\/\/geemarc.com\/fr\/product\/cl7370-2\/#primaryimage","inLanguage":"fr-FR","url":"https:\/\/geemarc.com\/fr\/wp-content\/uploads\/sites\/3\/2022\/03\/CL7370_DUO-3.jpg","contentUrl":"https:\/\/geemarc.com\/fr\/wp-content\/uploads\/sites\/3\/2022\/03\/CL7370_DUO-3.jpg","width":1700,"height":2000},{"@type":"WebPage","@id":"https:\/\/geemarc.com\/fr\/product\/cl7370-2\/#webpage","url":"https:\/\/geemarc.com\/fr\/product\/cl7370-2\/","name":"CL7370-2 - Geemarc France","isPartOf":{"@id":"https:\/\/geemarc.com\/fr\/#website"},"primaryImageOfPage":{"@id":"https:\/\/geemarc.com\/fr\/product\/cl7370-2\/#primaryimage"},"datePublished":"2021-10-05T10:22:36+00:00","dateModified":"2025-04-23T12:23:07+00:00","breadcrumb":{"@id":"https:\/\/geemarc.com\/fr\/product\/cl7370-2\/#breadcrumb"},"inLanguage":"fr-FR","potentialAction":[{"@type":"ReadAction","target":["https:\/\/geemarc.com\/fr\/product\/cl7370-2\/"]}]},{"@type":"BreadcrumbList","@id":"https:\/\/geemarc.com\/fr\/product\/cl7370-2\/#breadcrumb","itemListElement":[{"@type":"ListItem","position":1,"name":"Home","item":"https:\/\/geemarc.com\/fr\/"},{"@type":"ListItem","position":2,"name":"Shop","item":"https:\/\/geemarc.com\/fr\/shop\/"},{"@type":"ListItem","position":3,"name":"CL7370-2"}]}]}},"acf":[],"_links":{"self":[{"href":"https:\/\/geemarc.com\/fr\/wp-json\/wp\/v2\/product\/9074"}],"collection":[{"href":"https:\/\/geemarc.com\/fr\/wp-json\/wp\/v2\/product"}],"about":[{"href":"https:\/\/geemarc.com\/fr\/wp-json\/wp\/v2\/types\/product"}],"wp:featuredmedia":[{"embeddable":true,"href":"https:\/\/geemarc.com\/fr\/wp-json\/wp\/v2\/media\/9580"}],"wp:attachment":[{"href":"https:\/\/geemarc.com\/fr\/wp-json\/wp\/v2\/media?parent=9074"}],"wp:term":[{"taxonomy":"product_cat","embeddable":true,"href":"https:\/\/geemarc.com\/fr\/wp-json\/wp\/v2\/product_cat?post=9074"},{"taxonomy":"product_tag","embeddable":true,"href":"https:\/\/geemarc.com\/fr\/wp-json\/wp\/v2\/product_tag?post=9074"}],"curies":[{"name":"wp","href":"https:\/\/api.w.org\/{rel}","templated":true}]}}